{"id":7154,"date":"2023-01-16T12:46:08","date_gmt":"2023-01-16T10:46:08","guid":{"rendered":"https:\/\/www.polarmatic.com\/loesungen\/"},"modified":"2025-06-24T11:11:17","modified_gmt":"2025-06-24T08:11:17","slug":"loesungen-fur-betonindustrie","status":"publish","type":"page","link":"https:\/\/www.polarmatic.com\/de\/loesungen-fur-betonindustrie\/","title":{"rendered":"L\u00f6sungen"},"content":{"rendered":"\n<div class=\"row align-center\"  id=\"row-2140005318\">\n\n\n\t<div id=\"col-791816387\" class=\"col small-12 large-12\"  >\n\t\t\t\t<div class=\"col-inner\"  >\n\t\t\t\n\t\t\t\n\n\t\t<div class=\"pm-breadcrumbs\">\n\t\t\t\t\n\n<span><span><a href=\"https:\/\/www.polarmatic.com\/de\/\">Home<\/a><\/span><\/span>\n\t\t<\/div>\n\t\n\n\t\t<\/div>\n\t\t\t\t\t<\/div>\n\n\t\n\n<\/div>\n<div class=\"row\"  id=\"row-720422103\">\n\n\n\t<div id=\"col-2079778331\" class=\"col small-12 large-12\"  >\n\t\t\t\t<div class=\"col-inner text-center dark\" style=\"background-color:#82ab4e;\" >\n\t\t\t\n\t\t\t\n\n\t<div id=\"text-321554962\" class=\"text\">\n\t\t\n\n<h1>Nachhaltige L\u00f6sungen f\u00fcr die Betonindustrie<\/h1>\n<p><span style=\"font-size: 150%;\">Innovative L\u00f6sungen f\u00fcr Heizen, Aush\u00e4rten, K\u00fchlen, Steuerungen und Feuchtemessungen f\u00fcr die Betonindustrie.<\/span><\/p>\n\t\t\n<style>\n#text-321554962 {\n  line-height: 1.5;\n  text-align: center;\n}\n<\/style>\n\t<\/div>\n\t\n\n\t\t<\/div>\n\t\t\t\t\n<style>\n#col-2079778331 > .col-inner {\n  padding: 90px 0px 70px 3px;\n  margin: 0px 0px 0px 0px;\n}\n<\/style>\n\t<\/div>\n\n\t\n\n<\/div>\n<div class=\"row\"  id=\"row-1133950352\">\n\n\n\t<div id=\"col-375419240\" class=\"col small-12 large-12\"  >\n\t\t\t\t<div class=\"col-inner\"  >\n\t\t\t\n\t\t\t\n\n\t<div class=\"img has-hover x md-x lg-x y md-y lg-y\" id=\"image_6356557\">\n\t\t\t\t\t\t\t\t<div class=\"img-inner image-cover dark\" style=\"padding-top:680px;\">\n\t\t\t<img loading=\"lazy\" decoding=\"async\" width=\"2048\" height=\"1365\" src=\"https:\/\/www.polarmatic.com\/wp-content\/uploads\/2023\/03\/iStock-1366394118-Solutions-Header-Image--2048x1365.jpg\" class=\"attachment-2048x2048 size-2048x2048\" alt=\"Polarmatic Sustainable Solutions for Concrete Industry\" srcset=\"https:\/\/www.polarmatic.com\/wp-content\/uploads\/2023\/03\/iStock-1366394118-Solutions-Header-Image--2048x1365.jpg 2048w, https:\/\/www.polarmatic.com\/wp-content\/uploads\/2023\/03\/iStock-1366394118-Solutions-Header-Image--300x200.jpg 300w, https:\/\/www.polarmatic.com\/wp-content\/uploads\/2023\/03\/iStock-1366394118-Solutions-Header-Image--1024x683.jpg 1024w, https:\/\/www.polarmatic.com\/wp-content\/uploads\/2023\/03\/iStock-1366394118-Solutions-Header-Image--768x512.jpg 768w, https:\/\/www.polarmatic.com\/wp-content\/uploads\/2023\/03\/iStock-1366394118-Solutions-Header-Image--1536x1024.jpg 1536w\" sizes=\"auto, (max-width: 2048px) 100vw, 2048px\" \/>\t\t\t\t\t\t\n\t\t\t\t\t<\/div>\n\t\t\t\t\t\t\t\t\n<style>\n#image_6356557 {\n  width: 100%;\n}\n<\/style>\n\t<\/div>\n\t\n\n\n\t\t<\/div>\n\t\t\t\t\t<\/div>\n\n\t\n\n<\/div>\n<div class=\"row align-center\"  id=\"row-489039565\">\n\n\n\t<div id=\"col-1035902156\" class=\"col medium-9 small-12 large-9\"  >\n\t\t\t\t<div class=\"col-inner text-center\"  >\n\t\t\t\n\t\t\t\n\n\t<div id=\"text-2137033234\" class=\"text\">\n\t\t\n\n<h2>Nachhaltige L\u00f6sungen f\u00fcr die Betonindustrie<\/h2>\n<p>Polarmatic L\u00f6sungen werden speziell f\u00fcr die Bed\u00fcrfnisse der Betonindustrie entwickelt, wobei Energieeffizienz und Nachhaltigkeit im Mittelpunkt stehen.<\/p>\n\t\t\n<style>\n#text-2137033234 {\n  line-height: 1.5;\n  text-align: center;\n}\n<\/style>\n\t<\/div>\n\t\n\n\t\t<\/div>\n\t\t\t\t\t<\/div>\n\n\t\n\n\n<style>\n#row-489039565 > .col > .col-inner {\n  padding: 30px 0px 0px 0px;\n}\n<\/style>\n<\/div>\n<div class=\"is-divider divider clearfix\" style=\"max-width:100%;height:1px;\"><\/div>\n\n<div class=\"row align-middle\"  id=\"row-40926198\">\n\n\n\t<div id=\"col-443964663\" class=\"col medium-5 small-12 large-5\"  >\n\t\t\t\t<div class=\"col-inner text-left\"  >\n\t\t\t\n\t\t\t\n\n\n  <div class=\"banner has-hover\" id=\"banner-930048821\">\n          <div class=\"banner-inner fill\">\n        <div class=\"banner-bg fill\" >\n            <img loading=\"lazy\" decoding=\"async\" width=\"1600\" height=\"1200\" src=\"https:\/\/www.polarmatic.com\/wp-content\/uploads\/2023\/04\/Batching-plant_3.jpg\" class=\"bg attachment-2048x2048 size-2048x2048\" alt=\"TURBOMATIC aggregate and water heating unit at a concrete batching plant.\" \/>                                    \n                    <\/div>\n\t\t\n        <div class=\"banner-layers container\">\n            <div class=\"fill banner-link\"><\/div>            \n\n\n        <\/div>\n      <\/div>\n\n            \n<style>\n#banner-930048821 {\n  padding-top: 54%;\n}\n#banner-930048821 .banner-bg img {\n  object-position: 5% 100%;\n}\n<\/style>\n  <\/div>\n\n\n\n\t\t<\/div>\n\t\t\t\t\n<style>\n#col-443964663 > .col-inner {\n  padding: 0px 0px 0px 0px;\n  margin: 0px 0px 0px 0px;\n  max-width: 590px;\n}\n<\/style>\n\t<\/div>\n\n\t\n\n\t<div id=\"col-1088294800\" class=\"col medium-1 small-12 large-1\"  >\n\t\t\t\t<div class=\"col-inner\"  >\n\t\t\t\n\t\t\t\n\n\n\t\t<\/div>\n\t\t\t\t\t<\/div>\n\n\t\n\n\t<div id=\"col-2086751071\" class=\"col medium-6 small-12 large-6\"  >\n\t\t\t\t<div class=\"col-inner\"  >\n\t\t\t\n\t\t\t\n\n<h2>TURBOMATIC Heizl\u00f6sungen<\/h2>\n<p>TURBOMATIC Heizsysteme erm\u00f6glichen es Betonherstellern, das ganze Jahr \u00fcber \u2013 auch an den k\u00e4ltesten Wintertagen \u2013 qualitativ hochwertigen Beton nachhaltig und mit voller Produktionskapazit\u00e4t zu produzieren.<\/p>\n<a href=\"https:\/\/www.polarmatic.com\/de\/loesungen\/turbomatic-heizloesungen\/\" class=\"button primary lowercase\" >\n\t\t<span>Weiterlesen<\/span>\n\t<\/a>\n\n\n\n\t\t<\/div>\n\t\t\t\t\t<\/div>\n\n\t\n\n\n<style>\n#row-40926198 > .col > .col-inner {\n  padding: 30px 0px 0px 0px;\n}\n<\/style>\n<\/div>\n<div class=\"is-divider divider clearfix\" style=\"max-width:100%;height:1px;\"><\/div>\n\n<div class=\"row align-middle\"  id=\"row-505230827\">\n\n\n\t<div id=\"col-640668727\" class=\"col medium-6 small-12 large-6\"  >\n\t\t\t\t<div class=\"col-inner\"  >\n\t\t\t\n\t\t\t\n\n<h2>COOLMATIC K\u00fchll\u00f6sungen<\/h2>\n<p>COOLMATIC K\u00fchlsysteme erf\u00fcllen alle K\u00fchlanforderungen in Betonmischanlagen auf effizienteste Weise und sorgen gleichzeitig f\u00fcr die Aufrechterhaltung der optimalen Betonqualit\u00e4t unter allen Bedingungen.<\/p>\n<a href=\"https:\/\/www.polarmatic.com\/de\/loesungen\/coolmatic-kuehlloesungen\/\" class=\"button primary lowercase\" >\n\t\t<span>Weiterlesen<\/span>\n\t<\/a>\n\n\n\n\t\t<\/div>\n\t\t\t\t\t<\/div>\n\n\t\n\n\t<div id=\"col-182772564\" class=\"col medium-6 small-12 large-6 small-col-first\"  >\n\t\t\t\t<div class=\"col-inner text-left\"  >\n\t\t\t\n\t\t\t\n\n\t<div class=\"img has-hover x md-x lg-x y md-y lg-y\" id=\"image_120969379\">\n\t\t\t\t\t\t\t\t<div class=\"img-inner image-cover dark\" style=\"padding-top:56.25%;\">\n\t\t\t<img loading=\"lazy\" decoding=\"async\" width=\"2048\" height=\"2048\" src=\"https:\/\/www.polarmatic.com\/wp-content\/uploads\/2023\/04\/Coolmatic-tehdas-01-2048x2048.jpg\" class=\"attachment-2048x2048 size-2048x2048\" alt=\"Coolmatic Cooling Solutions\" srcset=\"https:\/\/www.polarmatic.com\/wp-content\/uploads\/2023\/04\/Coolmatic-tehdas-01-2048x2048.jpg 2048w, https:\/\/www.polarmatic.com\/wp-content\/uploads\/2023\/04\/Coolmatic-tehdas-01-300x300.jpg 300w, https:\/\/www.polarmatic.com\/wp-content\/uploads\/2023\/04\/Coolmatic-tehdas-01-1024x1024.jpg 1024w, https:\/\/www.polarmatic.com\/wp-content\/uploads\/2023\/04\/Coolmatic-tehdas-01-150x150.jpg 150w, https:\/\/www.polarmatic.com\/wp-content\/uploads\/2023\/04\/Coolmatic-tehdas-01-768x768.jpg 768w, https:\/\/www.polarmatic.com\/wp-content\/uploads\/2023\/04\/Coolmatic-tehdas-01-1536x1536.jpg 1536w\" sizes=\"auto, (max-width: 2048px) 100vw, 2048px\" \/>\t\t\t\t\t\t\n\t\t\t\t\t<\/div>\n\t\t\t\t\t\t\t\t\n<style>\n#image_120969379 {\n  width: 80%;\n}\n<\/style>\n\t<\/div>\n\t\n\n\n\t\t<\/div>\n\t\t\t\t\n<style>\n#col-182772564 > .col-inner {\n  margin: 0px 0px 0px 0px;\n}\n<\/style>\n\t<\/div>\n\n\t\n\n\n<style>\n#row-505230827 > .col > .col-inner {\n  padding: 30px 0px 0px 0px;\n}\n<\/style>\n<\/div>\n<div class=\"is-divider divider clearfix\" style=\"max-width:100%;height:1px;\"><\/div>\n\n<div class=\"row align-middle\"  id=\"row-968673441\">\n\n\n\t<div id=\"col-673381294\" class=\"col medium-6 small-12 large-6\"  >\n\t\t\t\t<div class=\"col-inner\"  >\n\t\t\t\n\t\t\t\n\n\t<div class=\"img has-hover x md-x lg-x y md-y lg-y\" id=\"image_2036657091\">\n\t\t\t\t\t\t\t\t<div class=\"img-inner image-cover dark\" style=\"padding-top:56.25%;\">\n\t\t\t<img loading=\"lazy\" decoding=\"async\" width=\"1600\" height=\"1200\" src=\"https:\/\/www.polarmatic.com\/wp-content\/uploads\/2023\/04\/Curing-solutions_2.jpg\" class=\"attachment-2048x2048 size-2048x2048\" alt=\"Curing Solutions by Polarmatic\" srcset=\"https:\/\/www.polarmatic.com\/wp-content\/uploads\/2023\/04\/Curing-solutions_2.jpg 1600w, https:\/\/www.polarmatic.com\/wp-content\/uploads\/2023\/04\/Curing-solutions_2-300x225.jpg 300w, https:\/\/www.polarmatic.com\/wp-content\/uploads\/2023\/04\/Curing-solutions_2-1024x768.jpg 1024w, https:\/\/www.polarmatic.com\/wp-content\/uploads\/2023\/04\/Curing-solutions_2-768x576.jpg 768w, https:\/\/www.polarmatic.com\/wp-content\/uploads\/2023\/04\/Curing-solutions_2-1536x1152.jpg 1536w\" sizes=\"auto, (max-width: 1600px) 100vw, 1600px\" \/>\t\t\t\t\t\t\n\t\t\t\t\t<\/div>\n\t\t\t\t\t\t\t\t\n<style>\n#image_2036657091 {\n  width: 80%;\n}\n<\/style>\n\t<\/div>\n\t\n\n\n\t\t<\/div>\n\t\t\t\t\t<\/div>\n\n\t\n\n\t<div id=\"col-1078883748\" class=\"col medium-6 small-12 large-6\"  >\n\t\t\t\t<div class=\"col-inner\"  >\n\t\t\t\n\t\t\t\n\n<h2>CUREMATIC Aush\u00e4rtungsl\u00f6sungen<\/h2>\n<p>CUREMATIC ist ein energieeffizientes Aush\u00e4rtungssystem, das Betonherstellern hilft, ihre Produktionsrate und ihren Durchsatz zu steigern, aber auch die Qualit\u00e4t der Betonprodukte zu verbessern.<\/p>\n<a href=\"https:\/\/www.polarmatic.com\/de\/loesungen\/curematic-aushaertungsloesungen\/\" class=\"button primary lowercase\" >\n\t\t<span>Weiterlesen<\/span>\n\t<\/a>\n\n\n\n\t\t<\/div>\n\t\t\t\t\t<\/div>\n\n\t\n\n\n<style>\n#row-968673441 > .col > .col-inner {\n  padding: 30px 0px 0px 0px;\n}\n<\/style>\n<\/div>\n<div class=\"is-divider divider clearfix\" style=\"max-width:100%;height:1px;\"><\/div>\n\n<div class=\"row align-middle\"  id=\"row-685680604\">\n\n\n\t<div id=\"col-1235743882\" class=\"col medium-6 small-12 large-6\"  >\n\t\t\t\t<div class=\"col-inner\"  >\n\t\t\t\n\t\t\t\n\n<h2>Informationsl\u00f6sungen<\/h2>\n<p>INFORMATIONS-L\u00f6sungen von Polarmatic liefern vielf\u00e4ltige Informationen aus dem Betonproduktionsprozess zur Optimierung der Anlagenleistung.<\/p>\n<a href=\"https:\/\/www.polarmatic.com\/de\/loesungen\/informationsloesungen\/\" class=\"button primary lowercase\" >\n\t\t<span>Weiterlesen<\/span>\n\t<\/a>\n\n\n\n\t\t<\/div>\n\t\t\t\t\t<\/div>\n\n\t\n\n\t<div id=\"col-914491669\" class=\"col medium-6 small-12 large-6 small-col-first\"  >\n\t\t\t\t<div class=\"col-inner\"  >\n\t\t\t\n\t\t\t\n\n\t<div class=\"img has-hover x md-x lg-x y md-y lg-y\" id=\"image_317594759\">\n\t\t\t\t\t\t\t\t<div class=\"img-inner image-cover dark\" style=\"padding-top:56.25%;\">\n\t\t\t<img loading=\"lazy\" decoding=\"async\" width=\"2048\" height=\"1536\" src=\"https:\/\/www.polarmatic.com\/wp-content\/uploads\/2023\/04\/Polarmoist-infrapuna-06-2048x1536.jpg\" class=\"attachment-2048x2048 size-2048x2048\" alt=\"Polarmoist ia non-contact and optical concrete aggregate moisture measurement sensor.\" srcset=\"https:\/\/www.polarmatic.com\/wp-content\/uploads\/2023\/04\/Polarmoist-infrapuna-06-2048x1536.jpg 2048w, https:\/\/www.polarmatic.com\/wp-content\/uploads\/2023\/04\/Polarmoist-infrapuna-06-300x225.jpg 300w, https:\/\/www.polarmatic.com\/wp-content\/uploads\/2023\/04\/Polarmoist-infrapuna-06-1024x768.jpg 1024w, https:\/\/www.polarmatic.com\/wp-content\/uploads\/2023\/04\/Polarmoist-infrapuna-06-768x576.jpg 768w, https:\/\/www.polarmatic.com\/wp-content\/uploads\/2023\/04\/Polarmoist-infrapuna-06-1536x1152.jpg 1536w\" sizes=\"auto, (max-width: 2048px) 100vw, 2048px\" \/>\t\t\t\t\t\t\n\t\t\t\t\t<\/div>\n\t\t\t\t\t\t\t\t\n<style>\n#image_317594759 {\n  width: 80%;\n}\n<\/style>\n\t<\/div>\n\t\n\n\n\t\t<\/div>\n\t\t\t\t\t<\/div>\n\n\t\n\n\n<style>\n#row-685680604 > .col > .col-inner {\n  padding: 30px 0px 0px 0px;\n}\n<\/style>\n<\/div>\n<div class=\"is-divider divider clearfix\" style=\"max-width:100%;height:1px;\"><\/div>\n\n<div class=\"row align-middle\"  id=\"row-989095218\">\n\n\n\t<div id=\"col-854421788\" class=\"col medium-6 small-12 large-6\"  >\n\t\t\t\t<div class=\"col-inner\"  >\n\t\t\t\n\t\t\t\n\n\t<div class=\"img has-hover x md-x lg-x y md-y lg-y\" id=\"image_635598591\">\n\t\t\t\t\t\t\t\t<div class=\"img-inner image-cover dark\" style=\"padding-top:56.25%;\">\n\t\t\t<img loading=\"lazy\" decoding=\"async\" width=\"2048\" height=\"1112\" src=\"https:\/\/www.polarmatic.com\/wp-content\/uploads\/2023\/04\/LoadQueue-2048x1112.png\" class=\"attachment-2048x2048 size-2048x2048\" alt=\"ProConX Main Page\" srcset=\"https:\/\/www.polarmatic.com\/wp-content\/uploads\/2023\/04\/LoadQueue-2048x1112.png 2048w, https:\/\/www.polarmatic.com\/wp-content\/uploads\/2023\/04\/LoadQueue-300x163.png 300w, https:\/\/www.polarmatic.com\/wp-content\/uploads\/2023\/04\/LoadQueue-1024x556.png 1024w, https:\/\/www.polarmatic.com\/wp-content\/uploads\/2023\/04\/LoadQueue-768x417.png 768w, https:\/\/www.polarmatic.com\/wp-content\/uploads\/2023\/04\/LoadQueue-1536x834.png 1536w\" sizes=\"auto, (max-width: 2048px) 100vw, 2048px\" \/>\t\t\t\t\t\t\n\t\t\t\t\t<\/div>\n\t\t\t\t\t\t\t\t\n<style>\n#image_635598591 {\n  width: 80%;\n}\n<\/style>\n\t<\/div>\n\t\n\n\n\t\t<\/div>\n\t\t\t\t\t<\/div>\n\n\t\n\n\t<div id=\"col-336219724\" class=\"col medium-6 small-12 large-6\"  >\n\t\t\t\t<div class=\"col-inner\"  >\n\t\t\t\n\t\t\t\n\n<h2>Steuerungsl\u00f6sungen<\/h2>\n<p>ProConX ist ein Steuerungssystem der neuen Generation mit benutzerfreundlicher und moderner Benutzeroberfl\u00e4che f\u00fcr Betonmischanlagen.<\/p>\n<a href=\"https:\/\/www.polarmatic.com\/de\/loesungen\/steuerungsloesungen\/\" class=\"button primary lowercase\" >\n\t\t<span>Weiterlesen<\/span>\n\t<\/a>\n\n\n\n\t\t<\/div>\n\t\t\t\t\t<\/div>\n\n\t\n\n\n<style>\n#row-989095218 > .col > .col-inner {\n  padding: 30px 0px 0px 0px;\n}\n<\/style>\n<\/div>\n<div class=\"is-divider divider clearfix\" style=\"max-width:100%;height:1px;\"><\/div>\n\n<div class=\"row align-middle\"  id=\"row-2069019820\">\n\n\n\t<div id=\"col-227587688\" class=\"col medium-6 small-12 large-6\"  >\n\t\t\t\t<div class=\"col-inner\"  >\n\t\t\t\n\t\t\t\n\n<h2>Servicel\u00f6sungen<\/h2>\n<p>Unsere Serviceteams und Partner bieten einen j\u00e4hrlichen Wartungsservice f\u00fcr Ihre Polarmatic-Systeme an.<\/p>\n<a href=\"https:\/\/www.polarmatic.com\/de\/kundendienst\/\" class=\"button primary lowercase\" >\n\t\t<span>Weiterlesen<\/span>\n\t<\/a>\n\n\n\n\t\t<\/div>\n\t\t\t\t\t<\/div>\n\n\t\n\n\t<div id=\"col-1275829294\" class=\"col medium-6 small-12 large-6 small-col-first\"  >\n\t\t\t\t<div class=\"col-inner\"  >\n\t\t\t\n\t\t\t\n\n\t<div class=\"img has-hover x md-x lg-x y md-y lg-y\" id=\"image_1402166007\">\n\t\t\t\t\t\t\t\t<div class=\"img-inner image-cover dark\" style=\"padding-top:56.25%;\">\n\t\t\t<img loading=\"lazy\" decoding=\"async\" width=\"2048\" height=\"1244\" src=\"https:\/\/www.polarmatic.com\/wp-content\/uploads\/2023\/03\/Service-Solutions-Level-1-2048x1244.jpg\" class=\"attachment-2048x2048 size-2048x2048\" alt=\"Polarmatic Annual Maintenance\" srcset=\"https:\/\/www.polarmatic.com\/wp-content\/uploads\/2023\/03\/Service-Solutions-Level-1-2048x1244.jpg 2048w, https:\/\/www.polarmatic.com\/wp-content\/uploads\/2023\/03\/Service-Solutions-Level-1-300x182.jpg 300w, https:\/\/www.polarmatic.com\/wp-content\/uploads\/2023\/03\/Service-Solutions-Level-1-1024x622.jpg 1024w, https:\/\/www.polarmatic.com\/wp-content\/uploads\/2023\/03\/Service-Solutions-Level-1-768x466.jpg 768w, https:\/\/www.polarmatic.com\/wp-content\/uploads\/2023\/03\/Service-Solutions-Level-1-1536x933.jpg 1536w\" sizes=\"auto, (max-width: 2048px) 100vw, 2048px\" \/>\t\t\t\t\t\t\n\t\t\t\t\t<\/div>\n\t\t\t\t\t\t\t\t\n<style>\n#image_1402166007 {\n  width: 80%;\n}\n<\/style>\n\t<\/div>\n\t\n\n\n\t\t<\/div>\n\t\t\t\t\t<\/div>\n\n\t\n\n\n<style>\n#row-2069019820 > .col > .col-inner {\n  padding: 30px 0px 0px 0px;\n}\n<\/style>\n<\/div>\n\n","protected":false},"excerpt":{"rendered":"","protected":false},"author":1,"featured_media":0,"parent":0,"menu_order":0,"comment_status":"closed","ping_status":"closed","template":"","meta":{"_acf_changed":false,"footnotes":""},"class_list":["post-7154","page","type-page","status-publish","hentry"],"acf":[],"_links":{"self":[{"href":"https:\/\/www.polarmatic.com\/de\/wp-json\/wp\/v2\/pages\/7154","targetHints":{"allow":["GET"]}}],"collection":[{"href":"https:\/\/www.polarmatic.com\/de\/wp-json\/wp\/v2\/pages"}],"about":[{"href":"https:\/\/www.polarmatic.com\/de\/wp-json\/wp\/v2\/types\/page"}],"author":[{"embeddable":true,"href":"https:\/\/www.polarmatic.com\/de\/wp-json\/wp\/v2\/users\/1"}],"replies":[{"embeddable":true,"href":"https:\/\/www.polarmatic.com\/de\/wp-json\/wp\/v2\/comments?post=7154"}],"version-history":[{"count":7,"href":"https:\/\/www.polarmatic.com\/de\/wp-json\/wp\/v2\/pages\/7154\/revisions"}],"predecessor-version":[{"id":8251,"href":"https:\/\/www.polarmatic.com\/de\/wp-json\/wp\/v2\/pages\/7154\/revisions\/8251"}],"wp:attachment":[{"href":"https:\/\/www.polarmatic.com\/de\/wp-json\/wp\/v2\/media?parent=7154"}],"curies":[{"name":"wp","href":"https:\/\/api.w.org\/{rel}","templated":true}]}}