{"id":7158,"date":"2023-02-20T11:24:38","date_gmt":"2023-02-20T09:24:38","guid":{"rendered":"https:\/\/www.polarmatic.com\/loesungen\/turbomatic-heizloesungen\/"},"modified":"2026-04-23T12:41:19","modified_gmt":"2026-04-23T09:41:19","slug":"turbomatic-heizloesungen","status":"publish","type":"page","link":"https:\/\/www.polarmatic.com\/de\/loesungen-fur-betonindustrie\/turbomatic-heizloesungen\/","title":{"rendered":"TURBOMATIC Heizl\u00f6sungen"},"content":{"rendered":"\n<div class=\"row\"  id=\"row-635883368\">\n\n\n\t<div id=\"col-1925562432\" class=\"col small-12 large-12\"  >\n\t\t\t\t<div class=\"col-inner\"  >\n\t\t\t\n\t\t\t\n\n\t\t<div class=\"pm-breadcrumbs\">\n\t\t\t\t\n\n<span><span><a href=\"https:\/\/www.polarmatic.com\/de\/\">Home<\/a><\/span><\/span>\n\t\t<\/div>\n\t\n\n\t\t<\/div>\n\t\t\t\t\t<\/div>\n\n\t\n\n<\/div>\n<div class=\"row\"  id=\"row-1005338829\">\n\n\n\t<div id=\"col-1643045082\" class=\"col small-12 large-12\"  >\n\t\t\t\t<div class=\"col-inner text-center dark\" style=\"background-color:#82ab4e;\" >\n\t\t\t\n\t\t\t\n\n\t<div id=\"text-3308660685\" class=\"text\">\n\t\t\n\n<h1>TURBOMATIC Heizl\u00f6sungen<\/h1>\n<p><span style=\"font-size: 150%;\">Nachhaltige Heizung f\u00fcr alle Betonproduktionsanlagen<\/span><\/p>\n\t\t\n<style>\n#text-3308660685 {\n  line-height: 1.5;\n}\n<\/style>\n\t<\/div>\n\t\n\n\t\t<\/div>\n\t\t\t\t\n<style>\n#col-1643045082 > .col-inner {\n  padding: 80px 30px 60px 30px;\n  margin: 0px 0px 0px 0px;\n}\n<\/style>\n\t<\/div>\n\n\t\n\n<\/div>\n\t<div class=\"img has-hover x md-x lg-x y md-y lg-y\" id=\"image_2010364196\">\n\t\t\t\t\t\t\t\t<div class=\"img-inner image-cover dark\" style=\"padding-top:600px;margin:0px 0px 30px 0px;\">\n\t\t\t<img loading=\"lazy\" decoding=\"async\" width=\"2048\" height=\"1152\" src=\"https:\/\/www.polarmatic.com\/wp-content\/uploads\/2023\/02\/PSBetonMunichGermanySTD1000DT-edited-2048x1152.jpeg\" class=\"attachment-2048x2048 size-2048x2048\" alt=\"TURBOMATIC heating solutions at customers site in Germany.\" srcset=\"https:\/\/www.polarmatic.com\/wp-content\/uploads\/2023\/02\/PSBetonMunichGermanySTD1000DT-edited-2048x1152.jpeg 2048w, https:\/\/www.polarmatic.com\/wp-content\/uploads\/2023\/02\/PSBetonMunichGermanySTD1000DT-edited-300x169.jpeg 300w, https:\/\/www.polarmatic.com\/wp-content\/uploads\/2023\/02\/PSBetonMunichGermanySTD1000DT-edited-1024x576.jpeg 1024w, https:\/\/www.polarmatic.com\/wp-content\/uploads\/2023\/02\/PSBetonMunichGermanySTD1000DT-edited-768x432.jpeg 768w, https:\/\/www.polarmatic.com\/wp-content\/uploads\/2023\/02\/PSBetonMunichGermanySTD1000DT-edited-1536x864.jpeg 1536w\" sizes=\"auto, (max-width: 2048px) 100vw, 2048px\" \/>\t\t\t\t\t\t\n\t\t\t\t\t<\/div>\n\t\t\t\t\t\t\t\t\n<style>\n#image_2010364196 {\n  width: 100%;\n}\n<\/style>\n\t<\/div>\n\t\n\n<div class=\"row align-center\"  id=\"row-2111827292\">\n\n\n\t<div id=\"col-1468189237\" class=\"col medium-8 small-12 large-8\"  >\n\t\t\t\t<div class=\"col-inner text-center\"  >\n\t\t\t\n\t\t\t\n\n\t<div id=\"text-4163415531\" class=\"text\">\n\t\t\n\n<h2>Heizl\u00f6sungen f\u00fcr jede Betonproduktionsanlage<\/h2>\n\t\t\n<style>\n#text-4163415531 {\n  line-height: 1.5;\n  text-align: center;\n}\n<\/style>\n\t<\/div>\n\t\n\t<div id=\"text-3503082254\" class=\"text\">\n\t\t\n\nTURBOMATIC Heizsysteme sind in verschiedenen Modellen und Konfigurationen erh\u00e4ltlich und erf\u00fcllen stets die kundenspezifischen Anforderungen und Klimabedingungen optimal und effizient. Ein breites Leistungsspektrum, Brennstoffoptionen und verschiedene Layouts stellen sicher, dass f\u00fcr jeden Kunden immer die bestm\u00f6gliche L\u00f6sung gefunden werden kann.\n\t\t\n<style>\n#text-3503082254 {\n  line-height: 1.5;\n  text-align: center;\n}\n<\/style>\n\t<\/div>\n\t\n\n\t\t<\/div>\n\t\t\t\t\n<style>\n#col-1468189237 > .col-inner {\n  padding: 30px 0px 0px 0px;\n}\n<\/style>\n\t<\/div>\n\n\t\n\n<\/div>\n<div class=\"is-divider divider clearfix\" style=\"max-width:100%;height:1px;\"><\/div>\n\n<div class=\"row align-equal align-center\"  id=\"row-181596250\">\n\n\n\t<div id=\"col-2144142106\" class=\"col medium-5 small-12 large-5\"  >\n\t\t\t\t<div class=\"col-inner text-left\"  >\n\t\t\t\n\t\t\t\n\n\t<div id=\"text-3776766302\" class=\"text\">\n\t\t\n\n<h3>Komplette Heizl\u00f6sung<\/h3>\n<p>\u00a0<\/p>\n<p>TURBOMATIC ist ein ideales Heizsystem, das an jedem Betonproduktionsstandort bei allen Klimabedingungen und Heizanforderungen perfekt funktioniert: von Gebieten mit gem\u00e4\u00dfigten, warmen Winterbedingungen bis zu den k\u00e4ltesten Gebieten mit den strengsten Winterbedingungen.<\/p>\n<p>Mit Hilfe der TURBOMATIC k\u00f6nnen Betonhersteller auch in der kalten Jahreszeit Beton produzieren und gleichzeitig durch die Energieeffizienz des Systems erhebliche Kosteneinsparungen erzielen.<\/p>\n<p>TURBOMATIC ist eine containerisierte Heizeinheit, die schnell und effizient die gesamte bei der Betonproduktion ben\u00f6tigte W\u00e4rme bereitstellt:<\/p>\n<ul>\n<li>Schmelzen von Eis und Schnee bei den Zuschlagstoffen ohne manuelle Arbeit<\/li>\n<li>Beheizen der kalten Zuschlagstoffe auf die gew\u00fcnschte Temperatur<\/li>\n<li>Erzeugung von Warmwasser zum Dosieren, aber auch zum Waschen und Bef\u00fcllen des Fahrmischers sowie Brauchwasser f\u00fcr die Anlage<\/li>\n<li>Beheizung von B\u00fcro- und Produktionsr\u00e4ume auf eine angenehme Temperatur<\/li>\n<\/ul>\n\t\t\n<style>\n#text-3776766302 {\n  line-height: 1.5;\n}\n<\/style>\n\t<\/div>\n\t\n\n\t\t<\/div>\n\t\t\t\t\t<\/div>\n\n\t\n\n\t<div id=\"col-1677024816\" class=\"col medium-1 small-12 large-1\"  >\n\t\t\t\t<div class=\"col-inner text-left\"  >\n\t\t\t\n\t\t\t\n\n\n\t\t<\/div>\n\t\t\t\t\t<\/div>\n\n\t\n\n\t<div id=\"col-1718142738\" class=\"col medium-5 small-12 large-5\"  >\n\t\t\t\t<div class=\"col-inner text-left\"  >\n\t\t\t\n\t\t\t\n\n\t<div id=\"text-4202963988\" class=\"text\">\n\t\t\n\n<h3>TURBOMATIC Heizsysteme bieten zahlreiche Vorteile<\/h3>\n<p>\u00a0<\/p>\n<ul>\n<li>Erh\u00f6hte j\u00e4hrliche Betonproduktion ohne Produktionsunterbrechung im Winter<\/li>\n<li>Herstellung von hochwertigem Beton mit optimalem Wasser-Zement-Verh\u00e4ltnis und Temperatur bei geforderter Ausbringleistung und bei allen Umgebungstemperaturbedingungen<\/li>\n<li>Umweltfreundliche L\u00f6sung mit geringem Kraftstoffverbrauch und ohne direkte Emissionen in die Luft &#8211; 80% Kraftstoffkosteneinsparung bei 100% Kraftstoffeffizienz &#8211; Emissionsreduzierungen von 90% oder mehr, wenn das System mit erneuerbaren Kraftstoffen betrieben wird<\/li>\n<li>Niedrige Betriebskosten: spezielle Inspektion und gesondertes zertifiziertes Bedienpersonal sind nicht erforderlich.<\/li>\n<li>Geringe Wartungskosten: Die Systeme sind f\u00fcr anspruchsvolle Bedingungen konzipiert und gebaut.<\/li>\n<li>Vollautomatisches und computergesteuertes System mit schnellem, flexiblem und stabilem Betrieb.<\/li>\n<\/ul>\n\t\t\n<style>\n#text-4202963988 {\n  line-height: 1.5;\n}\n<\/style>\n\t<\/div>\n\t\n\n\t\t<\/div>\n\t\t\t\t\t<\/div>\n\n\t\n\n\n<style>\n#row-181596250 > .col > .col-inner {\n  padding: 20px 0px 0px 0px;\n}\n<\/style>\n<\/div>\n<div class=\"is-divider divider clearfix\" style=\"max-width:100%;height:1px;\"><\/div>\n\n<div class=\"row align-middle\"  id=\"row-187589644\">\n\n\n\t<div id=\"col-111962796\" class=\"col medium-6 small-12 large-6\"  >\n\t\t\t\t<div class=\"col-inner\"  >\n\t\t\t\n\t\t\t\n\n\t<div class=\"img has-hover x md-x lg-x y md-y lg-y\" id=\"image_2011318004\">\n\t\t\t\t\t\t\t\t<div class=\"img-inner image-cover dark\" style=\"padding-top:56.25%;\">\n\t\t\t<img loading=\"lazy\" decoding=\"async\" width=\"1920\" height=\"1080\" src=\"https:\/\/www.polarmatic.com\/wp-content\/uploads\/2023\/03\/TURBOMATIC-ECO-container-2.png\" class=\"attachment-2048x2048 size-2048x2048\" alt=\"ecoTURBOMATIC\" srcset=\"https:\/\/www.polarmatic.com\/wp-content\/uploads\/2023\/03\/TURBOMATIC-ECO-container-2.png 1920w, https:\/\/www.polarmatic.com\/wp-content\/uploads\/2023\/03\/TURBOMATIC-ECO-container-2-300x169.png 300w, https:\/\/www.polarmatic.com\/wp-content\/uploads\/2023\/03\/TURBOMATIC-ECO-container-2-1024x576.png 1024w, https:\/\/www.polarmatic.com\/wp-content\/uploads\/2023\/03\/TURBOMATIC-ECO-container-2-768x432.png 768w, https:\/\/www.polarmatic.com\/wp-content\/uploads\/2023\/03\/TURBOMATIC-ECO-container-2-1536x864.png 1536w\" sizes=\"auto, (max-width: 1920px) 100vw, 1920px\" \/>\t\t\t\t\t\t\n\t\t\t\t\t<\/div>\n\t\t\t\t\t\t\t\t\n<style>\n#image_2011318004 {\n  width: 80%;\n}\n<\/style>\n\t<\/div>\n\t\n\n\n\t\t<\/div>\n\t\t\t\t\t<\/div>\n\n\t\n\n\t<div id=\"col-1839179548\" class=\"col medium-6 small-12 large-6\"  >\n\t\t\t\t<div class=\"col-inner\"  >\n\t\t\t\n\t\t\t\n\n<h3>TURBOMATIC W\u00e4rmeenergieeinheit<\/h3>\n<p>Komplette Heizl\u00f6sung f\u00fcr Betonmischanlagen zur Beheizung von Zuschlagstoffen, Wasser und R\u00e4umlichkeiten. Aus den verschiedenen Konfigurationen kann f\u00fcr jede Betonproduktionsst\u00e4tte die ideale L\u00f6sung ausgew\u00e4hlt werden.<\/p>\n<a href=\"https:\/\/www.polarmatic.com\/de\/loesungen\/turbomatic-heizloesungen\/turbomatic-waermeenergieeinheit\" class=\"button primary lowercase\" >\n\t\t<span>Weiterlesen<\/span>\n\t<\/a>\n\n\n\n\t\t<\/div>\n\t\t\t\t\t<\/div>\n\n\t\n\n\n<style>\n#row-187589644 > .col > .col-inner {\n  padding: 30px 0px 0px 0px;\n}\n<\/style>\n<\/div>\n<div class=\"is-divider divider clearfix\" style=\"max-width:100%;height:1px;\"><\/div>\n\n<div class=\"row align-middle\"  id=\"row-1804835469\">\n\n\n\t<div id=\"col-567896863\" class=\"col medium-6 small-12 large-6\"  >\n\t\t\t\t<div class=\"col-inner\"  >\n\t\t\t\n\t\t\t\n\n\t<div id=\"text-1639600355\" class=\"text\">\n\t\t\n\n<h3>TURBOMATIC TURBOsteam Generator<\/h3>\n<p>Ideal f\u00fcr extreme Klimabedingungen und wenn nur eine leistungsstarke Erw\u00e4rmung der Zuschlagstoffe erforderlich ist.<\/p>\n\t\t\n<style>\n#text-1639600355 {\n  line-height: 1.5;\n}\n<\/style>\n\t<\/div>\n\t\n<a href=\"https:\/\/www.polarmatic.com\/de\/loesungen\/turbomatic-heizloesungen\/turbomatic-turbosteam-generator\" class=\"button primary lowercase\" >\n\t\t<span>Weiterlesen<\/span>\n\t<\/a>\n\n\n\n\t\t<\/div>\n\t\t\t\t\t<\/div>\n\n\t\n\n\t<div id=\"col-1116503927\" class=\"col medium-6 small-12 large-6 small-col-first\"  >\n\t\t\t\t<div class=\"col-inner\"  >\n\t\t\t\n\t\t\t\n\n\t<div class=\"img has-hover x md-x lg-x y md-y lg-y\" id=\"image_220450132\">\n\t\t\t\t\t\t\t\t<div class=\"img-inner image-cover dark\" style=\"padding-top:50%;margin:0px 0px 0px 0px;\">\n\t\t\t<img loading=\"lazy\" decoding=\"async\" width=\"1020\" height=\"535\" src=\"https:\/\/www.polarmatic.com\/wp-content\/uploads\/2023\/03\/TURBOsteam_generator-01-studio-1024x537.jpg\" class=\"attachment-large size-large\" alt=\"TURBOMATIC TURBOsteam Generator\" srcset=\"https:\/\/www.polarmatic.com\/wp-content\/uploads\/2023\/03\/TURBOsteam_generator-01-studio-1024x537.jpg 1024w, https:\/\/www.polarmatic.com\/wp-content\/uploads\/2023\/03\/TURBOsteam_generator-01-studio-300x157.jpg 300w, https:\/\/www.polarmatic.com\/wp-content\/uploads\/2023\/03\/TURBOsteam_generator-01-studio-768x402.jpg 768w, https:\/\/www.polarmatic.com\/wp-content\/uploads\/2023\/03\/TURBOsteam_generator-01-studio.jpg 1500w\" sizes=\"auto, (max-width: 1020px) 100vw, 1020px\" \/>\t\t\t\t\t\t\n\t\t\t\t\t<\/div>\n\t\t\t\t\t\t\t\t\n<style>\n#image_220450132 {\n  width: 80%;\n}\n<\/style>\n\t<\/div>\n\t\n\n\n\t\t<\/div>\n\t\t\t\t\t<\/div>\n\n\t\n\n\n<style>\n#row-1804835469 > .col > .col-inner {\n  padding: 30px 0px 0px 0px;\n}\n<\/style>\n<\/div>\n<div class=\"is-divider divider clearfix\" style=\"max-width:100%;height:1px;\"><\/div>\n\n<div class=\"row align-middle\"  id=\"row-123981204\">\n\n\n\t<div id=\"col-1202210964\" class=\"col medium-6 small-12 large-6\"  >\n\t\t\t\t<div class=\"col-inner\"  >\n\t\t\t\n\t\t\t\n\n\t<div class=\"img has-hover x md-x lg-x y md-y lg-y\" id=\"image_1285214281\">\n\t\t\t\t\t\t\t\t<div class=\"img-inner image-cover dark\" style=\"padding-top:50%;\">\n\t\t\t<img loading=\"lazy\" decoding=\"async\" width=\"1500\" height=\"734\" src=\"https:\/\/www.polarmatic.com\/wp-content\/uploads\/2023\/03\/TURBOwarm_water_Unit-01-studio.jpg\" class=\"attachment-2048x2048 size-2048x2048\" alt=\"TURBOMATIC Warm Water Unit\" srcset=\"https:\/\/www.polarmatic.com\/wp-content\/uploads\/2023\/03\/TURBOwarm_water_Unit-01-studio.jpg 1500w, https:\/\/www.polarmatic.com\/wp-content\/uploads\/2023\/03\/TURBOwarm_water_Unit-01-studio-300x147.jpg 300w, https:\/\/www.polarmatic.com\/wp-content\/uploads\/2023\/03\/TURBOwarm_water_Unit-01-studio-1024x501.jpg 1024w, https:\/\/www.polarmatic.com\/wp-content\/uploads\/2023\/03\/TURBOwarm_water_Unit-01-studio-768x376.jpg 768w\" sizes=\"auto, (max-width: 1500px) 100vw, 1500px\" \/>\t\t\t\t\t\t\n\t\t\t\t\t<\/div>\n\t\t\t\t\t\t\t\t\n<style>\n#image_1285214281 {\n  width: 80%;\n}\n<\/style>\n\t<\/div>\n\t\n\n\n\t\t<\/div>\n\t\t\t\t\t<\/div>\n\n\t\n\n\t<div id=\"col-574989637\" class=\"col medium-6 small-12 large-6\"  >\n\t\t\t\t<div class=\"col-inner\"  >\n\t\t\t\n\t\t\t\n\n<h3>TURBOMATIC Warmwasserger\u00e4t<\/h3>\n<p>Heizl\u00f6sung f\u00fcr Anwendungen, bei denen nur die Warmwassererzeugung und -speicherung ber\u00fccksichtigt werden soll.<\/p>\n<a href=\"https:\/\/www.polarmatic.com\/de\/loesungen\/turbomatic-heizloesungen\/turbomatic-warmwasseranlagen\" class=\"button primary lowercase\" >\n\t\t<span>Weiterlesen<\/span>\n\t<\/a>\n\n\n\n\t\t<\/div>\n\t\t\t\t\t<\/div>\n\n\t\n\n\n<style>\n#row-123981204 > .col > .col-inner {\n  padding: 30px 0px 0px 0px;\n}\n<\/style>\n<\/div>\n<div class=\"is-divider divider clearfix\" style=\"max-width:100%;height:1px;\"><\/div>\n\n<div class=\"row align-middle\"  id=\"row-1901377370\">\n\n\n\t<div id=\"col-368021020\" class=\"col medium-6 small-12 large-6\"  >\n\t\t\t\t<div class=\"col-inner\"  >\n\t\t\t\n\t\t\t\n\n\t<div id=\"text-4018719258\" class=\"text\">\n\t\t\n\n<h3>Kombinierte Heiz- und K\u00fchll\u00f6sung<\/h3>\n<p>Mit Polarmatic Combi-Einheiten kann die Betonproduktion immer bei den idealsten Temperaturen durchgef\u00fchrt werden, insbesondere in Gebieten, in denen die Winter k\u00fchl und die Sommertage hei\u00df sind.<\/p>\n\t\t\n<style>\n#text-4018719258 {\n  line-height: 1.5;\n}\n<\/style>\n\t<\/div>\n\t\n<a href=\"https:\/\/www.polarmatic.com\/de\/loesungen\/turbomatic-heizloesungen\/kombinierte-heiz-und-kuehlloesung\" class=\"button primary lowercase\" >\n\t\t<span>Weiterlesen<\/span>\n\t<\/a>\n\n\n\n\t\t<\/div>\n\t\t\t\t\t<\/div>\n\n\t\n\n\t<div id=\"col-1691627526\" class=\"col medium-6 small-12 large-6 small-col-first\"  >\n\t\t\t\t<div class=\"col-inner\"  >\n\t\t\t\n\t\t\t\n\n\t<div class=\"img has-hover x md-x lg-x y md-y lg-y\" id=\"image_1355650244\">\n\t\t\t\t\t\t\t\t<div class=\"img-inner image-cover dark\" style=\"padding-top:56.25%;\">\n\t\t\t<img loading=\"lazy\" decoding=\"async\" width=\"2048\" height=\"1381\" src=\"https:\/\/www.polarmatic.com\/wp-content\/uploads\/2023\/04\/CHILLER-Kontti-02-2048x1381.png\" class=\"attachment-2048x2048 size-2048x2048\" alt=\"Combined Heating and Cooling\" srcset=\"https:\/\/www.polarmatic.com\/wp-content\/uploads\/2023\/04\/CHILLER-Kontti-02-2048x1381.png 2048w, https:\/\/www.polarmatic.com\/wp-content\/uploads\/2023\/04\/CHILLER-Kontti-02-300x202.png 300w, https:\/\/www.polarmatic.com\/wp-content\/uploads\/2023\/04\/CHILLER-Kontti-02-1024x691.png 1024w, https:\/\/www.polarmatic.com\/wp-content\/uploads\/2023\/04\/CHILLER-Kontti-02-768x518.png 768w, https:\/\/www.polarmatic.com\/wp-content\/uploads\/2023\/04\/CHILLER-Kontti-02-1536x1036.png 1536w\" sizes=\"auto, (max-width: 2048px) 100vw, 2048px\" \/>\t\t\t\t\t\t\n\t\t\t\t\t<\/div>\n\t\t\t\t\t\t\t\t\n<style>\n#image_1355650244 {\n  width: 80%;\n}\n<\/style>\n\t<\/div>\n\t\n\n\n\t\t<\/div>\n\t\t\t\t\t<\/div>\n\n\t\n\n\n<style>\n#row-1901377370 > .col > .col-inner {\n  padding: 30px 0px 0px 0px;\n}\n<\/style>\n<\/div>\n<div class=\"is-divider divider clearfix\" style=\"max-width:100%;height:1px;\"><\/div>\n\n<div class=\"row align-middle\"  id=\"row-1896330745\">\n\n\n\t<div id=\"col-1333146485\" class=\"col medium-2 small-12 large-2\"  >\n\t\t\t\t<div class=\"col-inner\"  >\n\t\t\t\n\t\t\t\n\n\t<div class=\"img has-hover x md-x lg-x y md-y lg-y\" id=\"image_1567821529\">\n\t\t\t\t\t\t\t\t<div class=\"img-inner image-cover dark\" style=\"padding-top:100%;\">\n\t\t\t<img loading=\"lazy\" decoding=\"async\" width=\"200\" height=\"200\" src=\"https:\/\/www.polarmatic.com\/wp-content\/uploads\/2023\/04\/Download-icon.png\" class=\"attachment-2048x2048 size-2048x2048\" alt=\"\" srcset=\"https:\/\/www.polarmatic.com\/wp-content\/uploads\/2023\/04\/Download-icon.png 200w, https:\/\/www.polarmatic.com\/wp-content\/uploads\/2023\/04\/Download-icon-150x150.png 150w\" sizes=\"auto, (max-width: 200px) 100vw, 200px\" \/>\t\t\t\t\t\t\n\t\t\t\t\t<\/div>\n\t\t\t\t\t\t\t\t\n<style>\n#image_1567821529 {\n  width: 80%;\n}\n<\/style>\n\t<\/div>\n\t\n\n\n\t\t<\/div>\n\t\t\t\t\t<\/div>\n\n\t\n\n\t<div id=\"col-1972285515\" class=\"col medium-6 small-12 large-6\"  >\n\t\t\t\t<div class=\"col-inner\"  >\n\t\t\t\n\t\t\t\n\n<h3>TURBOMATIC-Produktbrosch\u00fcre<\/h3>\n<p>Klicken Sie auf die Schaltfl\u00e4che unten und Sie erhalten die Produktbrosch\u00fcre per E-Mail.<\/p>\n<a href=\"https:\/\/www.polarmatic.com\/de\/loesungen-fur-betonindustrie\/turbomatic-heizloesungen\/materialbibliothek-turbomatic\/\" class=\"button primary lowercase\" >\n\t\t<span>Prospekt bestellen<\/span>\n\t<\/a>\n\n\n\n\t\t<\/div>\n\t\t\t\t\t<\/div>\n\n\t\n\n\n<style>\n#row-1896330745 > .col > .col-inner {\n  padding: 60px 0px 0px 0px;\n}\n<\/style>\n<\/div>\n\n","protected":false},"excerpt":{"rendered":"","protected":false},"author":1,"featured_media":0,"parent":7154,"menu_order":1,"comment_status":"closed","ping_status":"closed","template":"","meta":{"_acf_changed":false,"footnotes":""},"class_list":["post-7158","page","type-page","status-publish","hentry"],"acf":[],"_links":{"self":[{"href":"https:\/\/www.polarmatic.com\/de\/wp-json\/wp\/v2\/pages\/7158","targetHints":{"allow":["GET"]}}],"collection":[{"href":"https:\/\/www.polarmatic.com\/de\/wp-json\/wp\/v2\/pages"}],"about":[{"href":"https:\/\/www.polarmatic.com\/de\/wp-json\/wp\/v2\/types\/page"}],"author":[{"embeddable":true,"href":"https:\/\/www.polarmatic.com\/de\/wp-json\/wp\/v2\/users\/1"}],"replies":[{"embeddable":true,"href":"https:\/\/www.polarmatic.com\/de\/wp-json\/wp\/v2\/comments?post=7158"}],"version-history":[{"count":8,"href":"https:\/\/www.polarmatic.com\/de\/wp-json\/wp\/v2\/pages\/7158\/revisions"}],"predecessor-version":[{"id":12583,"href":"https:\/\/www.polarmatic.com\/de\/wp-json\/wp\/v2\/pages\/7158\/revisions\/12583"}],"up":[{"embeddable":true,"href":"https:\/\/www.polarmatic.com\/de\/wp-json\/wp\/v2\/pages\/7154"}],"wp:attachment":[{"href":"https:\/\/www.polarmatic.com\/de\/wp-json\/wp\/v2\/media?parent=7158"}],"curies":[{"name":"wp","href":"https:\/\/api.w.org\/{rel}","templated":true}]}}