{"id":7162,"date":"2023-02-20T12:13:44","date_gmt":"2023-02-20T10:13:44","guid":{"rendered":"https:\/\/www.polarmatic.com\/loesungen\/coolmatic-kuehlloesungen\/"},"modified":"2025-07-07T10:02:30","modified_gmt":"2025-07-07T07:02:30","slug":"coolmatic-kuehlloesungen","status":"publish","type":"page","link":"https:\/\/www.polarmatic.com\/de\/loesungen-fur-betonindustrie\/coolmatic-kuehlloesungen\/","title":{"rendered":"COOLMATIC K\u00fchll\u00f6sungen"},"content":{"rendered":"\n<div class=\"row\"  id=\"row-328465962\">\n\n\n\t<div id=\"col-242648213\" class=\"col small-12 large-12\"  >\n\t\t\t\t<div class=\"col-inner\"  >\n\t\t\t\n\t\t\t\n\n\t\t<div class=\"pm-breadcrumbs\">\n\t\t\t\t\n\n<span><span><a href=\"https:\/\/www.polarmatic.com\/de\/\">Home<\/a><\/span><\/span>\n\t\t<\/div>\n\t\n\n\t\t<\/div>\n\t\t\t\t\t<\/div>\n\n\t\n\n<\/div>\n<div class=\"row\"  id=\"row-549939643\">\n\n\n\t<div id=\"col-946630090\" class=\"col small-12 large-12\"  >\n\t\t\t\t<div class=\"col-inner text-center dark\" style=\"background-color:#82ab4e;\" >\n\t\t\t\n\t\t\t\n\n\t<div id=\"text-3999528324\" class=\"text\">\n\t\t\n\n<h1>COOLMATIC K\u00fchll\u00f6sungen<\/h1>\n<p><span style=\"font-size: 150%;\">Energieeffiziente K\u00fchlung f\u00fcr Betonmischanlagen<\/span><\/p>\n\t\t\n<style>\n#text-3999528324 {\n  line-height: 1.5;\n}\n<\/style>\n\t<\/div>\n\t\n\n\t\t<\/div>\n\t\t\t\t\n<style>\n#col-946630090 > .col-inner {\n  padding: 80px 30px 65px 30px;\n}\n<\/style>\n\t<\/div>\n\n\t\n\n<\/div>\n\n  <div class=\"banner has-hover\" id=\"banner-1806458786\">\n          <div class=\"banner-inner fill\">\n        <div class=\"banner-bg fill\" >\n            <img loading=\"lazy\" decoding=\"async\" width=\"2048\" height=\"1536\" src=\"https:\/\/www.polarmatic.com\/wp-content\/uploads\/2023\/04\/IMG_20171013_142906-2048x1536.jpg\" class=\"bg attachment-2048x2048 size-2048x2048\" alt=\"Polarmatic COOLMATIC LIN-cooling system at Lasselsberger site in Austria.\" \/>                                    \n                    <\/div>\n\t\t\n        <div class=\"banner-layers container\">\n            <div class=\"fill banner-link\"><\/div>            \n\n\n        <\/div>\n      <\/div>\n\n            \n<style>\n#banner-1806458786 {\n  padding-top: 600px;\n}\n#banner-1806458786 .banner-bg img {\n  object-position: 12% 84%;\n}\n<\/style>\n  <\/div>\n\n\n<div class=\"row align-center\"  id=\"row-1964417555\">\n\n\n\t<div id=\"col-580265878\" class=\"col medium-8 small-12 large-8\"  >\n\t\t\t\t<div class=\"col-inner text-center\"  >\n\t\t\t\n\t\t\t\n\n\t<div id=\"text-926540419\" class=\"text\">\n\t\t\n\n<h2>Kundenspezifisches Design f\u00fcr optimale Nutzung<\/h2>\n<p>COOLMATIC K\u00fchlsysteme sind in verschiedenen Modellen und Konfigurationen erh\u00e4ltlich und erf\u00fcllen stets die unterschiedlichen Kundenanforderungen und Klimabedingungen optimal und kosteneffizient. Ein breites Leistungsspektrum und verschiedene Layouts sorgen daf\u00fcr, dass f\u00fcr jede Betonproduktionsanlage die bestm\u00f6gliche L\u00f6sung gefunden werden kann.<\/p>\n\t\t\n<style>\n#text-926540419 {\n  line-height: 1.5;\n  text-align: center;\n}\n<\/style>\n\t<\/div>\n\t\n\n\t\t<\/div>\n\t\t\t\t\n<style>\n#col-580265878 > .col-inner {\n  margin: 30px 0px 0px 0px;\n}\n<\/style>\n\t<\/div>\n\n\t\n\n<\/div>\n<div class=\"is-divider divider clearfix\" style=\"max-width:100%;height:1px;\"><\/div>\n\n<div class=\"row align-center\"  id=\"row-503097317\">\n\n\n\t<div id=\"col-887680937\" class=\"col medium-5 small-12 large-5\"  >\n\t\t\t\t<div class=\"col-inner text-center\"  >\n\t\t\t\n\t\t\t\n\n\t<div id=\"text-1890206104\" class=\"text\">\n\t\t\n\n<h3>Effiziente K\u00fchlung f\u00fcr die Betonproduktion<\/h3>\n<p>Das COOLMATIC K\u00fchlsystem wurde entwickelt, um alle K\u00fchlanforderungen in Betonmischanlagen auf effizienteste Weise zu erf\u00fcllen und, was noch wichtiger ist, die optimale Betonqualit\u00e4t beizubehalten, egal wie warm das Wetter ist.<\/p>\n<p>COOLMATIC Kaltwasserger\u00e4te bieten eine komplette K\u00fchll\u00f6sung inklusive aller notwendigen Ger\u00e4te f\u00fcr die Produktion, Lagerung und Dosierung des bei der Betonproduktion ben\u00f6tigten Kaltwassers.<\/p>\n<h3><span style=\"color: #3a5dae; font-size: 80%;\"><strong>Designbedingungen<\/strong><\/span><\/h3>\n<ul>\n<li>Max. Lufttemperatur ca. 30\u00b0C<\/li>\n<li>Wassertemperatur, Einlass ca. 15\u00b0C<\/li>\n<li>Dosierwassertemperatur ca. 1-5\u00b0C<\/li>\n<li>Wassermenge ca. 160 l\/m\u00b3 Beton<\/li>\n<\/ul>\n<p>\u00a0<\/p>\n\t\t\n<style>\n#text-1890206104 {\n  line-height: 1.5;\n  text-align: left;\n}\n<\/style>\n\t<\/div>\n\t\n\n\t\t<\/div>\n\t\t\t\t\n<style>\n#col-887680937 > .col-inner {\n  margin: 30px 0px 0px 0px;\n}\n<\/style>\n\t<\/div>\n\n\t\n\n\t<div id=\"col-1303120022\" class=\"col medium-1 small-12 large-1\"  >\n\t\t\t\t<div class=\"col-inner\"  >\n\t\t\t\n\t\t\t\n\n\n\t\t<\/div>\n\t\t\t\t\t<\/div>\n\n\t\n\n\t<div id=\"col-1976290344\" class=\"col medium-5 small-12 large-5\"  >\n\t\t\t\t<div class=\"col-inner\"  >\n\t\t\t\n\t\t\t\n\n\t<div id=\"text-80804588\" class=\"text\">\n\t\t\n\n<h3>COOLMATIC K\u00fchlsysteme bieten zahlreiche Vorteile<\/h3>\n<ul>\n<li>Energieeffiziente und hochwertige Wasserk\u00fchlung<\/li>\n<li>Umweltfreundliche L\u00f6sung<\/li>\n<li>Kompaktes Kaltwassersystem zur Produktion, Speicherung und Bereitstellung von Kaltwasser f\u00fcr die Betonherstellung<\/li>\n<li>Kann problemlos mit Polarmatic-Heizsystemen kombiniert werden (COOLMATIC+TURBOMATIC)<\/li>\n<li>Sicher und zuverl\u00e4ssig<\/li>\n<li>Vollautomatisch und PC-gesteuert<\/li>\n<li>Geringe Betriebs- und Wartungskosten<\/li>\n<\/ul>\n\t\t\n<style>\n#text-80804588 {\n  line-height: 1.5;\n  text-align: left;\n}\n<\/style>\n\t<\/div>\n\t\n\n\t\t<\/div>\n\t\t\t\t\n<style>\n#col-1976290344 > .col-inner {\n  padding: 30px 0px 0px 0px;\n}\n<\/style>\n\t<\/div>\n\n\t\n\n<\/div>\n<div class=\"is-divider divider clearfix\" style=\"max-width:100%;height:1px;\"><\/div>\n\n<div class=\"row align-middle\"  id=\"row-1804014964\">\n\n\n\t<div id=\"col-1349704136\" class=\"col medium-6 small-12 large-6\"  >\n\t\t\t\t<div class=\"col-inner\"  >\n\t\t\t\n\t\t\t\n\n\t<div class=\"img has-hover x md-x lg-x y md-y lg-y\" id=\"image_319990754\">\n\t\t\t\t\t\t\t\t<div class=\"img-inner image-cover dark\" style=\"padding-top:56.25%;\">\n\t\t\t<img loading=\"lazy\" decoding=\"async\" width=\"2048\" height=\"1381\" src=\"https:\/\/www.polarmatic.com\/wp-content\/uploads\/2023\/04\/CHILLER-Kontti-02-2048x1381.png\" class=\"attachment-2048x2048 size-2048x2048\" alt=\"Combined Heating and Cooling unit by Polarmatic\" srcset=\"https:\/\/www.polarmatic.com\/wp-content\/uploads\/2023\/04\/CHILLER-Kontti-02-2048x1381.png 2048w, https:\/\/www.polarmatic.com\/wp-content\/uploads\/2023\/04\/CHILLER-Kontti-02-300x202.png 300w, https:\/\/www.polarmatic.com\/wp-content\/uploads\/2023\/04\/CHILLER-Kontti-02-1024x691.png 1024w, https:\/\/www.polarmatic.com\/wp-content\/uploads\/2023\/04\/CHILLER-Kontti-02-768x518.png 768w, https:\/\/www.polarmatic.com\/wp-content\/uploads\/2023\/04\/CHILLER-Kontti-02-1536x1036.png 1536w\" sizes=\"auto, (max-width: 2048px) 100vw, 2048px\" \/>\t\t\t\t\t\t\n\t\t\t\t\t<\/div>\n\t\t\t\t\t\t\t\t\n<style>\n#image_319990754 {\n  width: 80%;\n}\n<\/style>\n\t<\/div>\n\t\n\n\n\t\t<\/div>\n\t\t\t\t\t<\/div>\n\n\t\n\n\t<div id=\"col-1716336412\" class=\"col medium-6 small-12 large-6\"  >\n\t\t\t\t<div class=\"col-inner\"  >\n\t\t\t\n\t\t\t\n\n\t<div id=\"text-1311117179\" class=\"text\">\n\t\t\n\n<h2>COOLMATIC Kaltwasserk\u00fchlung<\/h2>\n<p>Energieeffiziente und kompakte Wasserk\u00fchll\u00f6sung f\u00fcr die Produktion, Speicherung und Bereitstellung von Kaltwasser.<\/p>\n<p>Wenn die Verwendung von kaltem Wasser ausreicht, um Beton mit der erforderlichen Temperatur herzustellen, kann die K\u00fchloption Polarmatic Kaltwassereinheit eine gute L\u00f6sung f\u00fcr Ihre Betonproduktion sein.<\/p>\n\t\t\n<style>\n#text-1311117179 {\n  line-height: 1.5;\n}\n<\/style>\n\t<\/div>\n\t\n<a href=\"https:\/\/www.polarmatic.com\/de\/loesungen\/coolmatic-kuehlloesungen\/coolmatic-kaltwasseranlage\/\" class=\"button primary lowercase\" >\n\t\t<span>Weiterlesen<\/span>\n\t<\/a>\n\n\n\n\t\t<\/div>\n\t\t\t\t\t<\/div>\n\n\t\n\n\n<style>\n#row-1804014964 > .col > .col-inner {\n  padding: 30px 0px 0px 0px;\n}\n<\/style>\n<\/div>\n<div class=\"is-divider divider clearfix\" style=\"max-width:100%;height:1px;\"><\/div>\n\n<div class=\"row align-middle\"  id=\"row-1356289685\">\n\n\n\t<div id=\"col-1107226994\" class=\"col medium-6 small-12 large-6\"  >\n\t\t\t\t<div class=\"col-inner\"  >\n\t\t\t\n\t\t\t\n\n\t<div id=\"text-2222120495\" class=\"text\">\n\t\t\n\n<h2>COOLMATIC Zuschlags- und Wasserk\u00fchlung<\/h2>\n<p>Fl\u00fcssigstickstoff-K\u00fchll\u00f6sung (LIN) f\u00fcr Betonproduktionsstandorte mit hohem K\u00fchlbedarf.<\/p>\n<p>Zuschlagstoffe haben die gr\u00f6\u00dfte thermische Masse der Betonbestandteile und daher ist die K\u00fchlung der Zuschlagstoffe die effizienteste M\u00f6glichkeit, die Betontemperatur in einer Betonmischanlage zu senken.<\/p>\n<p>Die LIN-K\u00fchlung ist die effizienteste L\u00f6sung zur K\u00fchlung der Zuschl\u00e4ge. Die K\u00fchlung der Zuschl\u00e4ge mit LIN kann mit der K\u00fchlung des Wassers entweder mit LIN oder einem elektrischen K\u00fchlger\u00e4t kombiniert werden, je nachdem, was f\u00fcr die jeweilige Anwendung die beste Option ist.<\/p>\n\t\t\n<style>\n#text-2222120495 {\n  line-height: 1.5;\n}\n<\/style>\n\t<\/div>\n\t\n<a href=\"https:\/\/www.polarmatic.com\/de\/loesungen\/coolmatic-kuehlloesungen\/coolmatic-zuschlags-und-wasserkuehlung\/\" class=\"button primary lowercase\" >\n\t\t<span>Weiterlesen<\/span>\n\t<\/a>\n\n\n\n\t\t<\/div>\n\t\t\t\t\t<\/div>\n\n\t\n\n\t<div id=\"col-1544576290\" class=\"col medium-6 small-12 large-6 small-col-first\"  >\n\t\t\t\t<div class=\"col-inner\"  >\n\t\t\t\n\t\t\t\n\n\t<div class=\"img has-hover x md-x lg-x y md-y lg-y\" id=\"image_392772984\">\n\t\t\t\t\t\t\t\t<div class=\"img-inner image-cover dark\" style=\"padding-top:56.25%;\">\n\t\t\t<img loading=\"lazy\" decoding=\"async\" width=\"1024\" height=\"768\" src=\"https:\/\/www.polarmatic.com\/wp-content\/uploads\/2023\/04\/BAUMA2022_9_.png\" class=\"attachment-2048x2048 size-2048x2048\" alt=\"Concrete batching plant with LIN Cooling\" srcset=\"https:\/\/www.polarmatic.com\/wp-content\/uploads\/2023\/04\/BAUMA2022_9_.png 1024w, https:\/\/www.polarmatic.com\/wp-content\/uploads\/2023\/04\/BAUMA2022_9_-300x225.png 300w, https:\/\/www.polarmatic.com\/wp-content\/uploads\/2023\/04\/BAUMA2022_9_-768x576.png 768w\" sizes=\"auto, (max-width: 1024px) 100vw, 1024px\" \/>\t\t\t\t\t\t\n\t\t\t\t\t<\/div>\n\t\t\t\t\t\t\t\t\n<style>\n#image_392772984 {\n  width: 80%;\n}\n<\/style>\n\t<\/div>\n\t\n\n\n\t\t<\/div>\n\t\t\t\t\t<\/div>\n\n\t\n\n\n<style>\n#row-1356289685 > .col > .col-inner {\n  padding: 30px 0px 0px 0px;\n}\n<\/style>\n<\/div>\n<div class=\"is-divider divider clearfix\" style=\"max-width:100%;height:1px;\"><\/div>\n\n<div class=\"row align-middle\"  id=\"row-2058311202\">\n\n\n\t<div id=\"col-1494598507\" class=\"col medium-6 small-12 large-6\"  >\n\t\t\t\t<div class=\"col-inner\"  >\n\t\t\t\n\t\t\t\n\n\t<div class=\"img has-hover x md-x lg-x y md-y lg-y\" id=\"image_719773738\">\n\t\t\t\t\t\t\t\t<div class=\"img-inner image-cover dark\" style=\"padding-top:56.25%;\">\n\t\t\t<img loading=\"lazy\" decoding=\"async\" width=\"1772\" height=\"1181\" src=\"https:\/\/www.polarmatic.com\/wp-content\/uploads\/2023\/04\/Batching-plant-with-cooling.png\" class=\"attachment-2048x2048 size-2048x2048\" alt=\"Batching plant with COOLMATIC cooling\" srcset=\"https:\/\/www.polarmatic.com\/wp-content\/uploads\/2023\/04\/Batching-plant-with-cooling.png 1772w, https:\/\/www.polarmatic.com\/wp-content\/uploads\/2023\/04\/Batching-plant-with-cooling-300x200.png 300w, https:\/\/www.polarmatic.com\/wp-content\/uploads\/2023\/04\/Batching-plant-with-cooling-1024x682.png 1024w, https:\/\/www.polarmatic.com\/wp-content\/uploads\/2023\/04\/Batching-plant-with-cooling-768x512.png 768w, https:\/\/www.polarmatic.com\/wp-content\/uploads\/2023\/04\/Batching-plant-with-cooling-1536x1024.png 1536w\" sizes=\"auto, (max-width: 1772px) 100vw, 1772px\" \/>\t\t\t\t\t\t\n\t\t\t\t\t<\/div>\n\t\t\t\t\t\t\t\t\n<style>\n#image_719773738 {\n  width: 80%;\n}\n<\/style>\n\t<\/div>\n\t\n\n\n\t\t<\/div>\n\t\t\t\t\t<\/div>\n\n\t\n\n\t<div id=\"col-42067665\" class=\"col medium-6 small-12 large-6\"  >\n\t\t\t\t<div class=\"col-inner\"  >\n\t\t\t\n\t\t\t\n\n\t<div id=\"text-2033643393\" class=\"text\">\n\t\t\n\n<h2>Kombinierte K\u00fchl- und Heizl\u00f6sung<\/h2>\n<p>Kombinieren Sie Ihre COOLMATIC Kaltwasseranlage mit der TURBOMATIC W\u00e4rmeenergieanlage und produzieren Sie das ganze Jahr \u00fcber Beton bei perfekten Temperaturen.<\/p>\n\t\t\n<style>\n#text-2033643393 {\n  line-height: 1.5;\n}\n<\/style>\n\t<\/div>\n\t\n<a href=\"https:\/\/www.polarmatic.com\/de\/loesungen\/coolmatic-kuehlloesungen\/kombinierte-kuehl-und-heizloesung\/\" class=\"button primary lowercase\" >\n\t\t<span>Weiterlesen<\/span>\n\t<\/a>\n\n\n\n\t\t<\/div>\n\t\t\t\t\t<\/div>\n\n\t\n\n\n<style>\n#row-2058311202 > .col > .col-inner {\n  padding: 30px 0px 0px 0px;\n}\n<\/style>\n<\/div>\n<div class=\"is-divider divider clearfix\" style=\"max-width:100%;height:1px;\"><\/div>\n\n<div class=\"row align-middle\"  id=\"row-1851591009\">\n\n\n\t<div id=\"col-210674526\" class=\"col medium-6 small-12 large-6\"  >\n\t\t\t\t<div class=\"col-inner\"  >\n\t\t\t\n\t\t\t\n\n\t<div id=\"text-2487712945\" class=\"text\">\n\t\t\n\n<h2>K\u00fchlung nachr\u00fcsten<\/h2>\n<p>Wenn Ihre Betonproduktion bereits mit dem Polarmatic-Heizsystem ausgestattet ist, haben Sie eine gute und einfache M\u00f6glichkeit, Ihre bestehende Anlage um eine K\u00fchlfunktion zu erweitern. Durch die Wiederverwendung von Teilen Ihres Heizsystems f\u00fcr die K\u00fchlfunktion wird die Nachr\u00fcstung auch zu einer nachhaltigeren und wirtschaftlicheren Option.<\/p>\n\t\t\n<style>\n#text-2487712945 {\n  line-height: 1.5;\n}\n<\/style>\n\t<\/div>\n\t\n<a href=\"https:\/\/www.polarmatic.com\/de\/loesungen\/coolmatic-kuehlloesungen\/kuehlung-nachruesten\/\" class=\"button primary lowercase\" >\n\t\t<span>Weiterlesen<\/span>\n\t<\/a>\n\n\n\n\t\t<\/div>\n\t\t\t\t\t<\/div>\n\n\t\n\n\t<div id=\"col-680562526\" class=\"col medium-6 small-12 large-6 small-col-first\"  >\n\t\t\t\t<div class=\"col-inner\"  >\n\t\t\t\n\t\t\t\n\n\t<div class=\"img has-hover x md-x lg-x y md-y lg-y\" id=\"image_2141735818\">\n\t\t\t\t\t\t\t\t<div class=\"img-inner image-cover dark\" style=\"padding-top:56.25%;\">\n\t\t\t<img loading=\"lazy\" decoding=\"async\" width=\"1536\" height=\"2048\" src=\"https:\/\/www.polarmatic.com\/wp-content\/uploads\/2023\/04\/IMG_7470-1536x2048.jpg\" class=\"attachment-2048x2048 size-2048x2048\" alt=\"COOLMATIC LIN cooling solutions by Polarmatic.\" srcset=\"https:\/\/www.polarmatic.com\/wp-content\/uploads\/2023\/04\/IMG_7470-1536x2048.jpg 1536w, https:\/\/www.polarmatic.com\/wp-content\/uploads\/2023\/04\/IMG_7470-225x300.jpg 225w, https:\/\/www.polarmatic.com\/wp-content\/uploads\/2023\/04\/IMG_7470-768x1024.jpg 768w, https:\/\/www.polarmatic.com\/wp-content\/uploads\/2023\/04\/IMG_7470-1152x1536.jpg 1152w, https:\/\/www.polarmatic.com\/wp-content\/uploads\/2023\/04\/IMG_7470-scaled.jpg 1920w\" sizes=\"auto, (max-width: 1536px) 100vw, 1536px\" \/>\t\t\t\t\t\t\n\t\t\t\t\t<\/div>\n\t\t\t\t\t\t\t\t\n<style>\n#image_2141735818 {\n  width: 80%;\n}\n<\/style>\n\t<\/div>\n\t\n\n\n\t\t<\/div>\n\t\t\t\t\t<\/div>\n\n\t\n\n\n<style>\n#row-1851591009 > .col > .col-inner {\n  padding: 30px 0px 0px 0px;\n}\n<\/style>\n<\/div>\n<div class=\"is-divider divider clearfix\" style=\"max-width:100%;height:1px;\"><\/div>\n\n<div class=\"row align-middle\"  id=\"row-470607126\">\n\n\n\t<div id=\"col-1910794097\" class=\"col medium-2 small-12 large-2\"  >\n\t\t\t\t<div class=\"col-inner\"  >\n\t\t\t\n\t\t\t\n\n\t<div class=\"img has-hover x md-x lg-x y md-y lg-y\" id=\"image_1775083853\">\n\t\t\t\t\t\t\t\t<div class=\"img-inner image-cover dark\" style=\"padding-top:100%;\">\n\t\t\t<img loading=\"lazy\" decoding=\"async\" width=\"200\" height=\"200\" src=\"https:\/\/www.polarmatic.com\/wp-content\/uploads\/2023\/04\/Download-icon.png\" class=\"attachment-2048x2048 size-2048x2048\" alt=\"\" srcset=\"https:\/\/www.polarmatic.com\/wp-content\/uploads\/2023\/04\/Download-icon.png 200w, https:\/\/www.polarmatic.com\/wp-content\/uploads\/2023\/04\/Download-icon-150x150.png 150w\" sizes=\"auto, (max-width: 200px) 100vw, 200px\" \/>\t\t\t\t\t\t\n\t\t\t\t\t<\/div>\n\t\t\t\t\t\t\t\t\n<style>\n#image_1775083853 {\n  width: 80%;\n}\n<\/style>\n\t<\/div>\n\t\n\n\n\t\t<\/div>\n\t\t\t\t\t<\/div>\n\n\t\n\n\t<div id=\"col-2100577912\" class=\"col medium-6 small-12 large-6\"  >\n\t\t\t\t<div class=\"col-inner\"  >\n\t\t\t\n\t\t\t\n\n\t<div id=\"text-1692118424\" class=\"text\">\n\t\t\n\n<h2>COOLMATIC Produktbrosch\u00fcre<\/h2>\n<p>Klicken Sie auf die Schaltfl\u00e4che unten und Sie erhalten die Produktbrosch\u00fcre per E-Mail.<\/p>\n\t\t\n<style>\n#text-1692118424 {\n  line-height: 1.5;\n}\n<\/style>\n\t<\/div>\n\t\n<a href=\"https:\/\/www.polarmatic.com\/de\/loesungen-fur-betonindustrie\/coolmatic-kuehlloesungen\/materialbibliothek-coolmatic\/\" class=\"button primary lowercase\" >\n\t\t<span>Prospekt bestellen<\/span>\n\t<\/a>\n\n\n\n\t\t<\/div>\n\t\t\t\t\t<\/div>\n\n\t\n\n\n<style>\n#row-470607126 > .col > .col-inner {\n  padding: 60px 0px 0px 0px;\n}\n<\/style>\n<\/div>\n\n","protected":false},"excerpt":{"rendered":"","protected":false},"author":1,"featured_media":0,"parent":7154,"menu_order":2,"comment_status":"closed","ping_status":"closed","template":"","meta":{"_acf_changed":false,"footnotes":""},"class_list":["post-7162","page","type-page","status-publish","hentry"],"acf":[],"_links":{"self":[{"href":"https:\/\/www.polarmatic.com\/de\/wp-json\/wp\/v2\/pages\/7162","targetHints":{"allow":["GET"]}}],"collection":[{"href":"https:\/\/www.polarmatic.com\/de\/wp-json\/wp\/v2\/pages"}],"about":[{"href":"https:\/\/www.polarmatic.com\/de\/wp-json\/wp\/v2\/types\/page"}],"author":[{"embeddable":true,"href":"https:\/\/www.polarmatic.com\/de\/wp-json\/wp\/v2\/users\/1"}],"replies":[{"embeddable":true,"href":"https:\/\/www.polarmatic.com\/de\/wp-json\/wp\/v2\/comments?post=7162"}],"version-history":[{"count":7,"href":"https:\/\/www.polarmatic.com\/de\/wp-json\/wp\/v2\/pages\/7162\/revisions"}],"predecessor-version":[{"id":12080,"href":"https:\/\/www.polarmatic.com\/de\/wp-json\/wp\/v2\/pages\/7162\/revisions\/12080"}],"up":[{"embeddable":true,"href":"https:\/\/www.polarmatic.com\/de\/wp-json\/wp\/v2\/pages\/7154"}],"wp:attachment":[{"href":"https:\/\/www.polarmatic.com\/de\/wp-json\/wp\/v2\/media?parent=7162"}],"curies":[{"name":"wp","href":"https:\/\/api.w.org\/{rel}","templated":true}]}}