{"id":7166,"date":"2023-02-20T12:19:04","date_gmt":"2023-02-20T10:19:04","guid":{"rendered":"https:\/\/www.polarmatic.com\/loesungen\/curematic-aushaertungsloesungen\/"},"modified":"2026-04-23T12:45:08","modified_gmt":"2026-04-23T09:45:08","slug":"curematic-aushaertungsloesungen","status":"publish","type":"page","link":"https:\/\/www.polarmatic.com\/de\/loesungen-fur-betonindustrie\/curematic-aushaertungsloesungen\/","title":{"rendered":"CUREMATIC Aush\u00e4rtungsl\u00f6sungen"},"content":{"rendered":"\n<div class=\"row\"  id=\"row-1491259225\">\n\n\n\t<div id=\"col-779915348\" class=\"col small-12 large-12\"  >\n\t\t\t\t<div class=\"col-inner\"  >\n\t\t\t\n\t\t\t\n\n\t\t<div class=\"pm-breadcrumbs\">\n\t\t\t\t\n\n<span><span><a href=\"https:\/\/www.polarmatic.com\/de\/\">Home<\/a><\/span><\/span>\n\t\t<\/div>\n\t\n\n\t\t<\/div>\n\t\t\t\t\t<\/div>\n\n\t\n\n<\/div>\n<div class=\"row\"  id=\"row-1473316848\">\n\n\n\t<div id=\"col-782825398\" class=\"col small-12 large-12\"  >\n\t\t\t\t<div class=\"col-inner text-center dark\" style=\"background-color:#82ab4e;\" >\n\t\t\t\n\t\t\t\n\n<h1>CUREMATIC Aush\u00e4rtungsl\u00f6sungen<\/h1>\n<p><span style=\"font-size: 150%;\">Hervorragende Betonfertigteilqualit\u00e4t und erh\u00f6hte Produktivit\u00e4t<\/span><\/p>\n\n\t\t<\/div>\n\t\t\t\t\n<style>\n#col-782825398 > .col-inner {\n  padding: 80px 30px 60px 30px;\n  margin: 0px 0px 0px 0px;\n}\n<\/style>\n\t<\/div>\n\n\t\n\n<\/div>\n\t<div class=\"img has-hover x md-x lg-x y md-y lg-y\" id=\"image_2083247676\">\n\t\t\t\t\t\t\t\t<div class=\"img-inner image-cover dark\" style=\"padding-top:600px;\">\n\t\t\t<img loading=\"lazy\" decoding=\"async\" width=\"2048\" height=\"1365\" src=\"https:\/\/www.polarmatic.com\/wp-content\/uploads\/2023\/03\/iStock-469291894-Concrete-Elements-Curing-Solutions-2048x1365.jpg\" class=\"attachment-2048x2048 size-2048x2048\" alt=\"CUREMATIC Curing Solutions:\" srcset=\"https:\/\/www.polarmatic.com\/wp-content\/uploads\/2023\/03\/iStock-469291894-Concrete-Elements-Curing-Solutions-2048x1365.jpg 2048w, https:\/\/www.polarmatic.com\/wp-content\/uploads\/2023\/03\/iStock-469291894-Concrete-Elements-Curing-Solutions-300x200.jpg 300w, https:\/\/www.polarmatic.com\/wp-content\/uploads\/2023\/03\/iStock-469291894-Concrete-Elements-Curing-Solutions-1024x683.jpg 1024w, https:\/\/www.polarmatic.com\/wp-content\/uploads\/2023\/03\/iStock-469291894-Concrete-Elements-Curing-Solutions-768x512.jpg 768w, https:\/\/www.polarmatic.com\/wp-content\/uploads\/2023\/03\/iStock-469291894-Concrete-Elements-Curing-Solutions-1536x1024.jpg 1536w\" sizes=\"auto, (max-width: 2048px) 100vw, 2048px\" \/>\t\t\t\t\t\t\n\t\t\t\t\t<\/div>\n\t\t\t\t\t\t\t\t\n<style>\n#image_2083247676 {\n  width: 100%;\n}\n<\/style>\n\t<\/div>\n\t\n\n<div class=\"row align-center\"  id=\"row-1348228293\">\n\n\n\t<div id=\"col-1713298440\" class=\"col medium-8 small-12 large-8\"  >\n\t\t\t\t<div class=\"col-inner text-center\"  >\n\t\t\t\n\t\t\t\n\n\t<div id=\"text-2797315935\" class=\"text\">\n\t\t\n\n<h2>Optimale Leistung f\u00fcr die Betonfertigteilproduktion<\/h2>\n<p>Die Aush\u00e4rtungsl\u00f6sungen von CUREMATIC sollen Betonfertigteilherstellern dabei helfen, ihre j\u00e4hrliche Produktionsrate und ihren Durchsatz zu steigern und die Qualit\u00e4t der Betonprodukte zu verbessern. CUREMATIC Systeme werden stets auf die kundenspezifischen Bed\u00fcrfnisse und herzustellenden Produkte zugeschnitten.<\/p>\n\t\t\n<style>\n#text-2797315935 {\n  line-height: 1.5;\n  text-align: center;\n}\n<\/style>\n\t<\/div>\n\t\n\n\t\t<\/div>\n\t\t\t\t\t<\/div>\n\n\t\n\n\n<style>\n#row-1348228293 > .col > .col-inner {\n  padding: 30px 0px 0px 0px;\n}\n<\/style>\n<\/div>\n<div class=\"is-divider divider clearfix\" style=\"max-width:100%;height:1px;\"><\/div>\n\n<div class=\"row align-center\"  id=\"row-407407970\">\n\n\n\t<div id=\"col-1715896624\" class=\"col medium-5 small-12 large-5\"  >\n\t\t\t\t<div class=\"col-inner text-left\"  >\n\t\t\t\n\t\t\t\n\n\t<div id=\"text-945854475\" class=\"text\">\n\t\t\n\n<h2><span style=\"font-size: 80%;\">Komplettl\u00f6sung f\u00fcr das Aush\u00e4rtungssystem<\/span><\/h2>\n<p>Das CUREMATIC Aush\u00e4rtungssystem l\u00f6st alle Aush\u00e4rtungsanforderungen in Werken zur Herstellung von Betonfertigteilen, Rohren, Bl\u00f6cken und Pflastersteinen auf effizienteste Weise.<\/p>\n<p>In Kombination mit den \u00fcberlegenen Heiz- und K\u00fchlsystemen von Polarmatic erm\u00f6glicht CUREMATIC Betonherstellern, jederzeit ihre Zieltemperaturen f\u00fcr den Beton zu erreichen. Dies wird Fertigteilherstellern helfen, die geplanten Aush\u00e4rtezeiten einzuhalten und das ganze Jahr \u00fcber effizient qualitativ hochwertige Produkte herzustellen.<\/p>\n<p>Hauptfunktionen von CUREMATIC sind:<\/p>\n<ul>\n<li>Aush\u00e4rten der Betonfertigteile, Rohre, Bl\u00f6cke und Pflastersteine<\/li>\n<li>Kontrolle des Aush\u00e4rtungsprozess, z.B. Reife und Qualit\u00e4t<\/li>\n<li>Erm\u00f6glicht die Herstellung von Beton mit der richtigen Gie\u00dftemperatur<\/li>\n<\/ul>\n\t\t\n<style>\n#text-945854475 {\n  line-height: 1.5;\n}\n<\/style>\n\t<\/div>\n\t\n\n\t\t<\/div>\n\t\t\t\t\t<\/div>\n\n\t\n\n\t<div id=\"col-189625127\" class=\"col medium-1 small-12 large-1\"  >\n\t\t\t\t<div class=\"col-inner\"  >\n\t\t\t\n\t\t\t\n\n\n\t\t<\/div>\n\t\t\t\t\t<\/div>\n\n\t\n\n\t<div id=\"col-1498491189\" class=\"col medium-6 small-12 large-6\"  >\n\t\t\t\t<div class=\"col-inner text-left\"  >\n\t\t\t\n\t\t\t\n\n\t<div id=\"text-2139402699\" class=\"text\">\n\t\t\n\n<h2><span style=\"font-size: 80%;\">CUREMATIC Aush\u00e4rtungssysteme bieten zahlreiche Vorteile<\/span><\/h2>\n<ul>\n<li>Eine containerisierte Einheit zum Aush\u00e4rten, Erhitzen und K\u00fchlen<\/li>\n<li>Pr\u00e4zise Kontrolle des gesamten Aush\u00e4rtungsprozesses<\/li>\n<li>H\u00f6here Jahresproduktion und schnellerer Durchsatz dank \u00fcberlegener Heizleistung<\/li>\n<li>Energieeffizientes System f\u00fchrt zu erheblichen Kostensenkungen<\/li>\n<li>Geringerer Zementverbrauch zum Erreichen der erforderlichen Betonfestigkeit<\/li>\n<li>Geringe Betriebs- und Wartungskosten<\/li>\n<li>Umweltfreundliche L\u00f6sung<\/li>\n<li>Vollautomatisches und computergesteuertes System mit schnellem, flexiblem und stabilem Betrieb<\/li>\n<\/ul>\n\t\t\n<style>\n#text-2139402699 {\n  line-height: 1.5;\n}\n<\/style>\n\t<\/div>\n\t\n\n\t\t<\/div>\n\t\t\t\t\t<\/div>\n\n\t\n\n\n<style>\n#row-407407970 > .col > .col-inner {\n  padding: 30px 0px 0px 0px;\n}\n<\/style>\n<\/div>\n<div class=\"is-divider divider clearfix\" style=\"max-width:100%;height:1px;\"><\/div>\n\n<div class=\"row align-middle\"  id=\"row-702153019\">\n\n\n\t<div id=\"col-2135301281\" class=\"col medium-5 small-12 large-5\"  >\n\t\t\t\t<div class=\"col-inner text-left\"  >\n\t\t\t\n\t\t\t\n\n\n  <div class=\"banner has-hover\" id=\"banner-1973164400\">\n          <div class=\"banner-inner fill\">\n        <div class=\"banner-bg fill\" >\n            <img loading=\"lazy\" decoding=\"async\" width=\"1600\" height=\"1200\" src=\"https:\/\/www.polarmatic.com\/wp-content\/uploads\/2023\/04\/Precast-products_4.jpg\" class=\"bg attachment-2048x2048 size-2048x2048\" alt=\"Polarmatic curing solutions for precast concrete production.\" \/>                                    \n                    <\/div>\n\t\t\n        <div class=\"banner-layers container\">\n            <div class=\"fill banner-link\"><\/div>            \n\n\n        <\/div>\n      <\/div>\n\n            \n<style>\n#banner-1973164400 {\n  padding-top: 55%;\n}\n#banner-1973164400 .banner-bg img {\n  object-position: 100% 100%;\n}\n<\/style>\n  <\/div>\n\n\n\n\t\t<\/div>\n\t\t\t\t\n<style>\n#col-2135301281 > .col-inner {\n  padding: 0px 100px 0px 0px;\n}\n<\/style>\n\t<\/div>\n\n\t\n\n\t<div id=\"col-1123890468\" class=\"col medium-1 small-12 large-1\"  >\n\t\t\t\t<div class=\"col-inner\"  >\n\t\t\t\n\t\t\t\n\n\n\t\t<\/div>\n\t\t\t\t\t<\/div>\n\n\t\n\n\t<div id=\"col-1352377088\" class=\"col medium-6 small-12 large-6\"  >\n\t\t\t\t<div class=\"col-inner\"  >\n\t\t\t\n\t\t\t\n\n\t<div id=\"text-4140348004\" class=\"text\">\n\t\t\n\n<h2>CUREMATIC Aush\u00e4rtung mit Warmwasser<\/h2>\n<p>Ideale L\u00f6sung zum Aush\u00e4rten der auf Betten, Formen oder Tischen gegossenen<\/p>\n<p>Produkte.<\/p>\n<p>Typische Produkte: Hohlplatten, Balken und Wandelemente<\/p>\n\t\t\n<style>\n#text-4140348004 {\n  line-height: 1.5;\n}\n<\/style>\n\t<\/div>\n\t\n<a href=\"https:\/\/www.polarmatic.com\/de\/loesungen\/curematic-aushaertungsloesungen\/curematic-aushaertung-mit-warmwasser\/\" class=\"button primary lowercase\" >\n\t\t<span>Weiterlesen<\/span>\n\t<\/a>\n\n\n\n\t\t<\/div>\n\t\t\t\t\t<\/div>\n\n\t\n\n\n<style>\n#row-702153019 > .col > .col-inner {\n  padding: 30px 0px 0px 0px;\n}\n<\/style>\n<\/div>\n<div class=\"is-divider divider clearfix\" style=\"max-width:100%;height:1px;\"><\/div>\n\n<div class=\"row align-middle\"  id=\"row-1208865684\">\n\n\n\t<div id=\"col-2119584766\" class=\"col medium-6 small-12 large-6\"  >\n\t\t\t\t<div class=\"col-inner\"  >\n\t\t\t\n\t\t\t\n\n\t<div id=\"text-962082708\" class=\"text\">\n\t\t\n\n<h2>CUREMATIC Aush\u00e4rtung mit TURBODampf<\/h2>\n<p>Konzipiert f\u00fcr den Aush\u00e4rtungsprozess in \u00d6fen oder Kammern.<\/p>\n<p>Typische Produkte: Betonrohre, Sch\u00e4chte, Bl\u00f6cke und Pflastersteine<\/p>\n\t\t\n<style>\n#text-962082708 {\n  line-height: 1.5;\n}\n<\/style>\n\t<\/div>\n\t\n<a href=\"https:\/\/www.polarmatic.com\/de\/loesungen\/curematic-aushaertungsloesungen\/curematic-aushaertung-mit-turbodampf\/\" class=\"button primary lowercase\" >\n\t\t<span>Weiterlesen<\/span>\n\t<\/a>\n\n\n\n\t\t<\/div>\n\t\t\t\t\t<\/div>\n\n\t\n\n\t<div id=\"col-1090303944\" class=\"col medium-6 small-12 large-6 small-col-first\"  >\n\t\t\t\t<div class=\"col-inner\"  >\n\t\t\t\n\t\t\t\n\n\t<div class=\"img has-hover x md-x lg-x y md-y lg-y\" id=\"image_1596732482\">\n\t\t\t\t\t\t\t\t<div class=\"img-inner image-cover dark\" style=\"padding-top:56.25%;\">\n\t\t\t<img loading=\"lazy\" decoding=\"async\" width=\"1020\" height=\"574\" src=\"https:\/\/www.polarmatic.com\/wp-content\/uploads\/2023\/02\/lakka_bl-305_citymuurikivi_dsc_7546-edited-1024x576.jpg\" class=\"attachment-large size-large\" alt=\"Lakan Betoni products\" srcset=\"https:\/\/www.polarmatic.com\/wp-content\/uploads\/2023\/02\/lakka_bl-305_citymuurikivi_dsc_7546-edited-1024x576.jpg 1024w, https:\/\/www.polarmatic.com\/wp-content\/uploads\/2023\/02\/lakka_bl-305_citymuurikivi_dsc_7546-edited-300x169.jpg 300w, https:\/\/www.polarmatic.com\/wp-content\/uploads\/2023\/02\/lakka_bl-305_citymuurikivi_dsc_7546-edited-768x432.jpg 768w, https:\/\/www.polarmatic.com\/wp-content\/uploads\/2023\/02\/lakka_bl-305_citymuurikivi_dsc_7546-edited-1536x864.jpg 1536w, https:\/\/www.polarmatic.com\/wp-content\/uploads\/2023\/02\/lakka_bl-305_citymuurikivi_dsc_7546-edited-2048x1152.jpg 2048w\" sizes=\"auto, (max-width: 1020px) 100vw, 1020px\" \/>\t\t\t\t\t\t\n\t\t\t\t\t<\/div>\n\t\t\t\t\t\t\t\t\n<style>\n#image_1596732482 {\n  width: 80%;\n}\n<\/style>\n\t<\/div>\n\t\n\n\n\t\t<\/div>\n\t\t\t\t\t<\/div>\n\n\t\n\n\n<style>\n#row-1208865684 > .col > .col-inner {\n  padding: 30px 0px 0px 0px;\n}\n<\/style>\n<\/div>\n<div class=\"is-divider divider clearfix\" style=\"max-width:100%;height:1px;\"><\/div>\n\n<div class=\"row align-middle\"  id=\"row-443508944\">\n\n\n\t<div id=\"col-190652366\" class=\"col medium-6 small-12 large-6\"  >\n\t\t\t\t<div class=\"col-inner\"  >\n\t\t\t\n\t\t\t\n\n\t<div class=\"img has-hover x md-x lg-x y md-y lg-y\" id=\"image_249787824\">\n\t\t\t\t\t\t\t\t<div class=\"img-inner image-cover dark\" style=\"padding-top:56.25%;\">\n\t\t\t<img loading=\"lazy\" decoding=\"async\" width=\"2048\" height=\"1536\" src=\"https:\/\/www.polarmatic.com\/wp-content\/uploads\/2023\/01\/IMG_3163-2048x1536.jpg\" class=\"attachment-2048x2048 size-2048x2048\" alt=\"Concrete tiles produced by Best Way Stone,\" srcset=\"https:\/\/www.polarmatic.com\/wp-content\/uploads\/2023\/01\/IMG_3163-2048x1536.jpg 2048w, https:\/\/www.polarmatic.com\/wp-content\/uploads\/2023\/01\/IMG_3163-300x225.jpg 300w, https:\/\/www.polarmatic.com\/wp-content\/uploads\/2023\/01\/IMG_3163-1024x768.jpg 1024w, https:\/\/www.polarmatic.com\/wp-content\/uploads\/2023\/01\/IMG_3163-768x576.jpg 768w, https:\/\/www.polarmatic.com\/wp-content\/uploads\/2023\/01\/IMG_3163-1536x1152.jpg 1536w\" sizes=\"auto, (max-width: 2048px) 100vw, 2048px\" \/>\t\t\t\t\t\t\n\t\t\t\t\t<\/div>\n\t\t\t\t\t\t\t\t\n<style>\n#image_249787824 {\n  width: 80%;\n}\n<\/style>\n\t<\/div>\n\t\n\n\n\t\t<\/div>\n\t\t\t\t\t<\/div>\n\n\t\n\n\t<div id=\"col-1978400718\" class=\"col medium-6 small-12 large-6\"  >\n\t\t\t\t<div class=\"col-inner\"  >\n\t\t\t\n\t\t\t\n\n\t<div id=\"text-617032717\" class=\"text\">\n\t\t\n\n<h2>CUREMATIC Aush\u00e4rtung mit Hei\u00dfluft<\/h2>\n<p>Wird h\u00e4ufig bei Regalaush\u00e4rtungssystemen mit starren Kammern und geringer Produktvielfalt verwendet.<\/p>\n<p>Typische Produkte: Betonbl\u00f6cke und Pflastersteine.<\/p>\n\t\t\n<style>\n#text-617032717 {\n  line-height: 1.5;\n}\n<\/style>\n\t<\/div>\n\t\n<a href=\"https:\/\/www.polarmatic.com\/de\/loesungen\/curematic-aushaertungsloesungen\/curematic-aushaertung-mit-warmluft\/\" class=\"button primary lowercase\" >\n\t\t<span>Weiterlesen<\/span>\n\t<\/a>\n\n\n\n\t\t<\/div>\n\t\t\t\t\t<\/div>\n\n\t\n\n\n<style>\n#row-443508944 > .col > .col-inner {\n  padding: 30px 0px 0px 0px;\n}\n<\/style>\n<\/div>\n<div class=\"is-divider divider clearfix\" style=\"max-width:100%;height:1px;\"><\/div>\n\n<div class=\"row align-middle\"  id=\"row-1773939436\">\n\n\n\t<div id=\"col-1912577335\" class=\"col medium-6 small-12 large-6\"  >\n\t\t\t\t<div class=\"col-inner\"  >\n\t\t\t\n\t\t\t\n\n\t<div id=\"text-2933181015\" class=\"text\">\n\t\t\n\n<h2>CUREMATIC Aush\u00e4rtung mit Dampf<\/h2>\n<p>Insbesondere f\u00fcr Aush\u00e4rtungssysteme mit Rotationslinien, bei denen rund um die Uhr gro\u00dfe Mengen gleichartiger Produkte ausgeh\u00e4rtet werden.<\/p>\n<p>Typische Produkte: Tunnelelemente und Eisenbahnschwellen<\/p>\n\t\t\n<style>\n#text-2933181015 {\n  line-height: 1.5;\n}\n<\/style>\n\t<\/div>\n\t\n<a href=\"https:\/\/www.polarmatic.com\/de\/loesungen\/curematic-aushaertungsloesungen\/curematic-aushaertung-mit-dampf\/\" class=\"button primary lowercase\" >\n\t\t<span>Weiterlesen<\/span>\n\t<\/a>\n\n\n\n\t\t<\/div>\n\t\t\t\t\t<\/div>\n\n\t\n\n\t<div id=\"col-597308666\" class=\"col medium-6 small-12 large-6 small-col-first\"  >\n\t\t\t\t<div class=\"col-inner\"  >\n\t\t\t\n\t\t\t\n\n\t<div class=\"img has-hover x md-x lg-x y md-y lg-y\" id=\"image_1903258690\">\n\t\t\t\t\t\t\t\t<div class=\"img-inner image-cover dark\" style=\"padding-top:56.25%;\">\n\t\t\t<img loading=\"lazy\" decoding=\"async\" width=\"2048\" height=\"1536\" src=\"https:\/\/www.polarmatic.com\/wp-content\/uploads\/2023\/04\/Tunnel-elements_3-2048x1536.jpg\" class=\"attachment-2048x2048 size-2048x2048\" alt=\"Tunnel elements_3\" srcset=\"https:\/\/www.polarmatic.com\/wp-content\/uploads\/2023\/04\/Tunnel-elements_3-2048x1536.jpg 2048w, https:\/\/www.polarmatic.com\/wp-content\/uploads\/2023\/04\/Tunnel-elements_3-300x225.jpg 300w, https:\/\/www.polarmatic.com\/wp-content\/uploads\/2023\/04\/Tunnel-elements_3-1024x768.jpg 1024w, https:\/\/www.polarmatic.com\/wp-content\/uploads\/2023\/04\/Tunnel-elements_3-768x576.jpg 768w, https:\/\/www.polarmatic.com\/wp-content\/uploads\/2023\/04\/Tunnel-elements_3-1536x1152.jpg 1536w\" sizes=\"auto, (max-width: 2048px) 100vw, 2048px\" \/>\t\t\t\t\t\t\n\t\t\t\t\t<\/div>\n\t\t\t\t\t\t\t\t\n<style>\n#image_1903258690 {\n  width: 80%;\n}\n<\/style>\n\t<\/div>\n\t\n\n\n\t\t<\/div>\n\t\t\t\t\t<\/div>\n\n\t\n\n\n<style>\n#row-1773939436 > .col > .col-inner {\n  padding: 30px 0px 0px 0px;\n}\n<\/style>\n<\/div>\n<div class=\"is-divider divider clearfix\" style=\"max-width:100%;height:1px;\"><\/div>\n\n<div class=\"row align-middle\"  id=\"row-968207680\">\n\n\n\t<div id=\"col-2026307336\" class=\"col medium-2 small-12 large-2\"  >\n\t\t\t\t<div class=\"col-inner\"  >\n\t\t\t\n\t\t\t\n\n\t<div class=\"img has-hover x md-x lg-x y md-y lg-y\" id=\"image_1080115051\">\n\t\t\t\t\t\t\t\t<div class=\"img-inner image-cover dark\" style=\"padding-top:100%;\">\n\t\t\t<img loading=\"lazy\" decoding=\"async\" width=\"200\" height=\"200\" src=\"https:\/\/www.polarmatic.com\/wp-content\/uploads\/2023\/04\/Download-icon.png\" class=\"attachment-2048x2048 size-2048x2048\" alt=\"\" srcset=\"https:\/\/www.polarmatic.com\/wp-content\/uploads\/2023\/04\/Download-icon.png 200w, https:\/\/www.polarmatic.com\/wp-content\/uploads\/2023\/04\/Download-icon-150x150.png 150w\" sizes=\"auto, (max-width: 200px) 100vw, 200px\" \/>\t\t\t\t\t\t\n\t\t\t\t\t<\/div>\n\t\t\t\t\t\t\t\t\n<style>\n#image_1080115051 {\n  width: 80%;\n}\n<\/style>\n\t<\/div>\n\t\n\n\n\t\t<\/div>\n\t\t\t\t\t<\/div>\n\n\t\n\n\t<div id=\"col-1179965987\" class=\"col medium-6 small-12 large-6\"  >\n\t\t\t\t<div class=\"col-inner\"  >\n\t\t\t\n\t\t\t\n\n\t<div id=\"text-2956817015\" class=\"text\">\n\t\t\n\n<h2>CUREMATIC Produktbrosch\u00fcre<\/h2>\n<p>Klicken Sie auf die Schaltfl\u00e4che unten und Sie erhalten die Produktbrosch\u00fcre per E-Mail.<\/p>\n\t\t\n<style>\n#text-2956817015 {\n  line-height: 1.5;\n}\n<\/style>\n\t<\/div>\n\t\n<a href=\"https:\/\/www.polarmatic.com\/de\/loesungen-fur-betonindustrie\/curematic-aushaertungsloesungen\/materialbibliothek-curematic\/\" class=\"button primary lowercase\" >\n\t\t<span>Prospekt bestellen<\/span>\n\t<\/a>\n\n\n\n\t\t<\/div>\n\t\t\t\t\t<\/div>\n\n\t\n\n\n<style>\n#row-968207680 > .col > .col-inner {\n  padding: 60px 0px 0px 0px;\n}\n<\/style>\n<\/div>\n\n","protected":false},"excerpt":{"rendered":"","protected":false},"author":1,"featured_media":0,"parent":7154,"menu_order":3,"comment_status":"closed","ping_status":"closed","template":"","meta":{"_acf_changed":false,"footnotes":""},"class_list":["post-7166","page","type-page","status-publish","hentry"],"acf":[],"_links":{"self":[{"href":"https:\/\/www.polarmatic.com\/de\/wp-json\/wp\/v2\/pages\/7166","targetHints":{"allow":["GET"]}}],"collection":[{"href":"https:\/\/www.polarmatic.com\/de\/wp-json\/wp\/v2\/pages"}],"about":[{"href":"https:\/\/www.polarmatic.com\/de\/wp-json\/wp\/v2\/types\/page"}],"author":[{"embeddable":true,"href":"https:\/\/www.polarmatic.com\/de\/wp-json\/wp\/v2\/users\/1"}],"replies":[{"embeddable":true,"href":"https:\/\/www.polarmatic.com\/de\/wp-json\/wp\/v2\/comments?post=7166"}],"version-history":[{"count":10,"href":"https:\/\/www.polarmatic.com\/de\/wp-json\/wp\/v2\/pages\/7166\/revisions"}],"predecessor-version":[{"id":12595,"href":"https:\/\/www.polarmatic.com\/de\/wp-json\/wp\/v2\/pages\/7166\/revisions\/12595"}],"up":[{"embeddable":true,"href":"https:\/\/www.polarmatic.com\/de\/wp-json\/wp\/v2\/pages\/7154"}],"wp:attachment":[{"href":"https:\/\/www.polarmatic.com\/de\/wp-json\/wp\/v2\/media?parent=7166"}],"curies":[{"name":"wp","href":"https:\/\/api.w.org\/{rel}","templated":true}]}}