{"id":7170,"date":"2023-02-20T12:23:23","date_gmt":"2023-02-20T10:23:23","guid":{"rendered":"https:\/\/www.polarmatic.com\/loesungen\/informationsloesungen\/"},"modified":"2025-06-24T11:23:39","modified_gmt":"2025-06-24T08:23:39","slug":"informationsloesungen","status":"publish","type":"page","link":"https:\/\/www.polarmatic.com\/de\/loesungen-fur-betonindustrie\/informationsloesungen\/","title":{"rendered":"Informationsl\u00f6sungen"},"content":{"rendered":"\n<div class=\"row\"  id=\"row-1215444058\">\n\n\n\t<div id=\"col-1157790275\" class=\"col small-12 large-12\"  >\n\t\t\t\t<div class=\"col-inner\"  >\n\t\t\t\n\t\t\t\n\n\t\t<div class=\"pm-breadcrumbs\">\n\t\t\t\t\n\n<span><span><a href=\"https:\/\/www.polarmatic.com\/de\/\">Home<\/a><\/span><\/span>\n\t\t<\/div>\n\t\n\n\t\t<\/div>\n\t\t\t\t\t<\/div>\n\n\t\n\n<\/div>\n<div class=\"row\"  id=\"row-2136122253\">\n\n\n\t<div id=\"col-1584832103\" class=\"col small-12 large-12\"  >\n\t\t\t\t<div class=\"col-inner text-center dark\" style=\"background-color:#82ab4e;\" >\n\t\t\t\n\t\t\t\n\n\t<div id=\"text-1573495408\" class=\"text\">\n\t\t\n\n<h1>INFORMATIONS-L\u00f6sungen<\/h1>\n<p><span style=\"font-size: 150%;\">Verbesserte Leistung durch Prozesswissen.<\/span><\/p>\n\t\t\n<style>\n#text-1573495408 {\n  line-height: 1.5;\n}\n<\/style>\n\t<\/div>\n\t\n\n\t\t<\/div>\n\t\t\t\t\n<style>\n#col-1584832103 > .col-inner {\n  padding: 80px 30px 60px 30px;\n}\n<\/style>\n\t<\/div>\n\n\t\n\n<\/div>\n\t<div class=\"img has-hover x md-x lg-x y md-y lg-y\" id=\"image_1212290921\">\n\t\t\t\t\t\t\t\t<div class=\"img-inner image-cover dark\" style=\"padding-top:600px;\">\n\t\t\t<img loading=\"lazy\" decoding=\"async\" width=\"2048\" height=\"1182\" src=\"https:\/\/www.polarmatic.com\/wp-content\/uploads\/2023\/03\/iStock-1204732594-Information-Solutions-Header-Image-2048x1182.jpg\" class=\"attachment-2048x2048 size-2048x2048\" alt=\"Information Solutions\" srcset=\"https:\/\/www.polarmatic.com\/wp-content\/uploads\/2023\/03\/iStock-1204732594-Information-Solutions-Header-Image-2048x1182.jpg 2048w, https:\/\/www.polarmatic.com\/wp-content\/uploads\/2023\/03\/iStock-1204732594-Information-Solutions-Header-Image-300x173.jpg 300w, https:\/\/www.polarmatic.com\/wp-content\/uploads\/2023\/03\/iStock-1204732594-Information-Solutions-Header-Image-1024x591.jpg 1024w, https:\/\/www.polarmatic.com\/wp-content\/uploads\/2023\/03\/iStock-1204732594-Information-Solutions-Header-Image-768x443.jpg 768w, https:\/\/www.polarmatic.com\/wp-content\/uploads\/2023\/03\/iStock-1204732594-Information-Solutions-Header-Image-1536x886.jpg 1536w\" sizes=\"auto, (max-width: 2048px) 100vw, 2048px\" \/>\t\t\t\t\t\t\n\t\t\t\t\t<\/div>\n\t\t\t\t\t\t\t\t\n<style>\n#image_1212290921 {\n  width: 100%;\n}\n<\/style>\n\t<\/div>\n\t\n\n<div class=\"row align-center\"  id=\"row-1799046294\">\n\n\n\t<div id=\"col-705990396\" class=\"col medium-8 small-12 large-8\"  >\n\t\t\t\t<div class=\"col-inner text-center\"  >\n\t\t\t\n\t\t\t\n\n\t<div id=\"text-3351266371\" class=\"text\">\n\t\t\n\n<h2>Verbessern Sie Ihren Betonproduktionsprozess<\/h2>\n<p>Prozesskenntnisse geben Ihnen die M\u00f6glichkeit, Ihren Betonproduktionsprozess effektiv zu steuern und zu verwalten. Polarmatic Informationsl\u00f6sungen liefert Ihnen Echtzeitdaten aus Ihrem Prozess, um Ihnen alles zu geben, was Sie zur Optimierung Ihres Betonproduktionsprozesses ben\u00f6tigen.<\/p>\n\t\t\n<style>\n#text-3351266371 {\n  line-height: 1.5;\n  text-align: center;\n}\n<\/style>\n\t<\/div>\n\t\n\n\t\t<\/div>\n\t\t\t\t\t<\/div>\n\n\t\n\n\n<style>\n#row-1799046294 > .col > .col-inner {\n  padding: 30px 0px 0px 0px;\n}\n<\/style>\n<\/div>\n<div class=\"is-divider divider clearfix\" style=\"max-width:100%;height:1px;\"><\/div>\n\n<div class=\"row align-middle\"  id=\"row-124294585\">\n\n\n\t<div id=\"col-45593031\" class=\"col medium-6 small-12 large-6\"  >\n\t\t\t\t<div class=\"col-inner\"  >\n\t\t\t\n\t\t\t\n\n\t<div class=\"img has-hover x md-x lg-x y md-y lg-y\" id=\"image_584038460\">\n\t\t\t\t\t\t\t\t<div class=\"img-inner image-cover dark\" style=\"padding-top:56.25%;\">\n\t\t\t<img loading=\"lazy\" decoding=\"async\" width=\"2048\" height=\"1365\" src=\"https:\/\/www.polarmatic.com\/wp-content\/uploads\/2023\/03\/iStock-490045280-Information-Solutions-Image-for-Polarmoist-2048x1365.jpg\" class=\"attachment-2048x2048 size-2048x2048\" alt=\"Polarmoist Moisture Measurement Sensor - Unique Usability for both fine and coarse aggregates\" srcset=\"https:\/\/www.polarmatic.com\/wp-content\/uploads\/2023\/03\/iStock-490045280-Information-Solutions-Image-for-Polarmoist-2048x1365.jpg 2048w, https:\/\/www.polarmatic.com\/wp-content\/uploads\/2023\/03\/iStock-490045280-Information-Solutions-Image-for-Polarmoist-300x200.jpg 300w, https:\/\/www.polarmatic.com\/wp-content\/uploads\/2023\/03\/iStock-490045280-Information-Solutions-Image-for-Polarmoist-1024x683.jpg 1024w, https:\/\/www.polarmatic.com\/wp-content\/uploads\/2023\/03\/iStock-490045280-Information-Solutions-Image-for-Polarmoist-768x512.jpg 768w, https:\/\/www.polarmatic.com\/wp-content\/uploads\/2023\/03\/iStock-490045280-Information-Solutions-Image-for-Polarmoist-1536x1024.jpg 1536w\" sizes=\"auto, (max-width: 2048px) 100vw, 2048px\" \/>\t\t\t\t\t\t\n\t\t\t\t\t<\/div>\n\t\t\t\t\t\t\t\t\n<style>\n#image_584038460 {\n  width: 80%;\n}\n<\/style>\n\t<\/div>\n\t\n\n\n\t\t<\/div>\n\t\t\t\t\t<\/div>\n\n\t\n\n\t<div id=\"col-912120527\" class=\"col medium-6 small-12 large-6\"  >\n\t\t\t\t<div class=\"col-inner\"  >\n\t\t\t\n\t\t\t\n\n\t<div id=\"text-2784051584\" class=\"text\">\n\t\t\n\n<h2>POLARMOIST<\/h2>\n<p>Pr\u00e4ziser und exakter Feuchtemesssensor f\u00fcr feine und grobe Zuschlagstoffe.<\/p>\n\t\t\n<style>\n#text-2784051584 {\n  line-height: 1.5;\n}\n<\/style>\n\t<\/div>\n\t\n<a href=\"https:\/\/www.polarmatic.com\/de\/loesungen-fur-betonindustrie\/informationsloesungen\/polarmoist-optische-feuchtemesssonde\/\" class=\"button primary lowercase\" >\n\t\t<span>Weiterlesen<\/span>\n\t<\/a>\n\n\n\n\t\t<\/div>\n\t\t\t\t\t<\/div>\n\n\t\n\n\n<style>\n#row-124294585 > .col > .col-inner {\n  padding: 30px 0px 0px 0px;\n}\n<\/style>\n<\/div>\n<div class=\"is-divider divider clearfix\" style=\"max-width:100%;height:1px;\"><\/div>\n\n<div class=\"row align-middle\"  id=\"row-542495508\">\n\n\n\t<div id=\"col-2118070962\" class=\"col medium-6 small-12 large-6\"  >\n\t\t\t\t<div class=\"col-inner\"  >\n\t\t\t\n\t\t\t\n\n\t<div id=\"text-2531866300\" class=\"text\">\n\t\t\n\n<h2>TEMPMATIC<\/h2>\n<p>Einzigartiges Temperaturmesssystem zur Messung der Temperatur von Zuschlagstoffen, Beton und Betonprodukten.<\/p>\n\t\t\n<style>\n#text-2531866300 {\n  line-height: 1.5;\n}\n<\/style>\n\t<\/div>\n\t\n<a href=\"https:\/\/www.polarmatic.com\/de\/loesungen\/informationsloesungen\/tempmatic\/\" class=\"button primary lowercase\" >\n\t\t<span>Weiterlesen<\/span>\n\t<\/a>\n\n\n\n\t\t<\/div>\n\t\t\t\t\t<\/div>\n\n\t\n\n\t<div id=\"col-833536133\" class=\"col medium-6 small-12 large-6 small-col-first\"  >\n\t\t\t\t<div class=\"col-inner\"  >\n\t\t\t\n\t\t\t\n\n\t<div class=\"img has-hover x md-x lg-x y md-y lg-y\" id=\"image_854317967\">\n\t\t\t\t\t\t\t\t<div class=\"img-inner image-cover dark\" style=\"padding-top:56.25%;\">\n\t\t\t<img loading=\"lazy\" decoding=\"async\" width=\"2048\" height=\"1365\" src=\"https:\/\/www.polarmatic.com\/wp-content\/uploads\/2023\/03\/iStock-1196104239-Information-Solutions-Image-for-Tempmatic-2048x1365.jpg\" class=\"attachment-2048x2048 size-2048x2048\" alt=\"TEMPMATIC temperature measurement solutions for concrete mixers\" srcset=\"https:\/\/www.polarmatic.com\/wp-content\/uploads\/2023\/03\/iStock-1196104239-Information-Solutions-Image-for-Tempmatic-2048x1365.jpg 2048w, https:\/\/www.polarmatic.com\/wp-content\/uploads\/2023\/03\/iStock-1196104239-Information-Solutions-Image-for-Tempmatic-300x200.jpg 300w, https:\/\/www.polarmatic.com\/wp-content\/uploads\/2023\/03\/iStock-1196104239-Information-Solutions-Image-for-Tempmatic-1024x683.jpg 1024w, https:\/\/www.polarmatic.com\/wp-content\/uploads\/2023\/03\/iStock-1196104239-Information-Solutions-Image-for-Tempmatic-768x512.jpg 768w, https:\/\/www.polarmatic.com\/wp-content\/uploads\/2023\/03\/iStock-1196104239-Information-Solutions-Image-for-Tempmatic-1536x1024.jpg 1536w\" sizes=\"auto, (max-width: 2048px) 100vw, 2048px\" \/>\t\t\t\t\t\t\n\t\t\t\t\t<\/div>\n\t\t\t\t\t\t\t\t\n<style>\n#image_854317967 {\n  width: 80%;\n}\n<\/style>\n\t<\/div>\n\t\n\n\n\t\t<\/div>\n\t\t\t\t\t<\/div>\n\n\t\n\n\n<style>\n#row-542495508 > .col > .col-inner {\n  padding: 30px 0px 0px 0px;\n}\n<\/style>\n<\/div>\n<div class=\"is-divider divider clearfix\" style=\"max-width:100%;height:1px;\"><\/div>\n\n<div class=\"row align-middle\"  id=\"row-419283935\">\n\n\n\t<div id=\"col-70520842\" class=\"col medium-6 small-12 large-6\"  >\n\t\t\t\t<div class=\"col-inner\"  >\n\t\t\t\n\t\t\t\n\n\t<div class=\"img has-hover x md-x lg-x y md-y lg-y\" id=\"image_1671447513\">\n\t\t\t\t\t\t\t\t<div class=\"img-inner image-cover dark\" style=\"padding-top:56.25%;\">\n\t\t\t<img loading=\"lazy\" decoding=\"async\" width=\"2048\" height=\"1152\" src=\"https:\/\/www.polarmatic.com\/wp-content\/uploads\/2023\/03\/iStock-1355657113-Information-Solutions-Image-for-Polarama-2048x1152.jpg\" class=\"attachment-2048x2048 size-2048x2048\" alt=\"POLARAMA surveillance system for concrete batching plants\" srcset=\"https:\/\/www.polarmatic.com\/wp-content\/uploads\/2023\/03\/iStock-1355657113-Information-Solutions-Image-for-Polarama-2048x1152.jpg 2048w, https:\/\/www.polarmatic.com\/wp-content\/uploads\/2023\/03\/iStock-1355657113-Information-Solutions-Image-for-Polarama-300x169.jpg 300w, https:\/\/www.polarmatic.com\/wp-content\/uploads\/2023\/03\/iStock-1355657113-Information-Solutions-Image-for-Polarama-1024x576.jpg 1024w, https:\/\/www.polarmatic.com\/wp-content\/uploads\/2023\/03\/iStock-1355657113-Information-Solutions-Image-for-Polarama-768x432.jpg 768w, https:\/\/www.polarmatic.com\/wp-content\/uploads\/2023\/03\/iStock-1355657113-Information-Solutions-Image-for-Polarama-1536x864.jpg 1536w\" sizes=\"auto, (max-width: 2048px) 100vw, 2048px\" \/>\t\t\t\t\t\t\n\t\t\t\t\t<\/div>\n\t\t\t\t\t\t\t\t\n<style>\n#image_1671447513 {\n  width: 80%;\n}\n<\/style>\n\t<\/div>\n\t\n\n\n\t\t<\/div>\n\t\t\t\t\t<\/div>\n\n\t\n\n\t<div id=\"col-1990194265\" class=\"col medium-6 small-12 large-6\"  >\n\t\t\t\t<div class=\"col-inner\"  >\n\t\t\t\n\t\t\t\n\n\t<div id=\"text-3725398370\" class=\"text\">\n\t\t\n\n<h2>POLARAMA<\/h2>\n<p>Video\u00fcberwachungssystem f\u00fcr Mischanlagen mit erstklassiger Videoqualit\u00e4t.<\/p>\n\t\t\n<style>\n#text-3725398370 {\n  line-height: 1.5;\n}\n<\/style>\n\t<\/div>\n\t\n<a href=\"https:\/\/www.polarmatic.com\/de\/loesungen\/informationsloesungen\/polarama\/\" class=\"button primary lowercase\" >\n\t\t<span>Weiterlesen<\/span>\n\t<\/a>\n\n\n\n\t\t<\/div>\n\t\t\t\t\t<\/div>\n\n\t\n\n\n<style>\n#row-419283935 > .col > .col-inner {\n  padding: 30px 0px 0px 0px;\n}\n<\/style>\n<\/div>\n\n","protected":false},"excerpt":{"rendered":"","protected":false},"author":1,"featured_media":0,"parent":7154,"menu_order":4,"comment_status":"closed","ping_status":"closed","template":"","meta":{"_acf_changed":false,"footnotes":""},"class_list":["post-7170","page","type-page","status-publish","hentry"],"acf":[],"_links":{"self":[{"href":"https:\/\/www.polarmatic.com\/de\/wp-json\/wp\/v2\/pages\/7170","targetHints":{"allow":["GET"]}}],"collection":[{"href":"https:\/\/www.polarmatic.com\/de\/wp-json\/wp\/v2\/pages"}],"about":[{"href":"https:\/\/www.polarmatic.com\/de\/wp-json\/wp\/v2\/types\/page"}],"author":[{"embeddable":true,"href":"https:\/\/www.polarmatic.com\/de\/wp-json\/wp\/v2\/users\/1"}],"replies":[{"embeddable":true,"href":"https:\/\/www.polarmatic.com\/de\/wp-json\/wp\/v2\/comments?post=7170"}],"version-history":[{"count":6,"href":"https:\/\/www.polarmatic.com\/de\/wp-json\/wp\/v2\/pages\/7170\/revisions"}],"predecessor-version":[{"id":12054,"href":"https:\/\/www.polarmatic.com\/de\/wp-json\/wp\/v2\/pages\/7170\/revisions\/12054"}],"up":[{"embeddable":true,"href":"https:\/\/www.polarmatic.com\/de\/wp-json\/wp\/v2\/pages\/7154"}],"wp:attachment":[{"href":"https:\/\/www.polarmatic.com\/de\/wp-json\/wp\/v2\/media?parent=7170"}],"curies":[{"name":"wp","href":"https:\/\/api.w.org\/{rel}","templated":true}]}}