{"id":7174,"date":"2023-02-20T12:30:20","date_gmt":"2023-02-20T10:30:20","guid":{"rendered":"https:\/\/www.polarmatic.com\/loesungen\/steuerungsloesungen\/"},"modified":"2023-11-21T09:56:26","modified_gmt":"2023-11-21T07:56:26","slug":"steuerungsloesungen","status":"publish","type":"page","link":"https:\/\/www.polarmatic.com\/de\/loesungen-fur-betonindustrie\/steuerungsloesungen\/","title":{"rendered":"Steuerungsl\u00f6sungen"},"content":{"rendered":"\n<div class=\"row\"  id=\"row-785167381\">\n\n\n\t<div id=\"col-2088629431\" class=\"col small-12 large-12\"  >\n\t\t\t\t<div class=\"col-inner\"  >\n\t\t\t\n\t\t\t\n\n\t\t<div class=\"pm-breadcrumbs\">\n\t\t\t\t\n\n<span><span><a href=\"https:\/\/www.polarmatic.com\/de\/\">Home<\/a><\/span><\/span>\n\t\t<\/div>\n\t\n\n\t\t<\/div>\n\t\t\t\t\t<\/div>\n\n\t\n\n<\/div>\n<div class=\"row\"  id=\"row-347112827\">\n\n\n\t<div id=\"col-260902345\" class=\"col small-12 large-12\"  >\n\t\t\t\t<div class=\"col-inner text-center dark\" style=\"background-color:#82ab4e;\" >\n\t\t\t\n\t\t\t\n\n\t<div id=\"text-847892825\" class=\"text\">\n\t\t\n\n<h1>Steuerungsl\u00f6sungen<\/h1>\n<p><span style=\"font-size: 150%;\">Fortschrittliche und pr\u00e4zise Steuerung der Mischanlage.<\/span><\/p>\n\t\t\n<style>\n#text-847892825 {\n  line-height: 1.5;\n}\n<\/style>\n\t<\/div>\n\t\n\n\t\t<\/div>\n\t\t\t\t\n<style>\n#col-260902345 > .col-inner {\n  padding: 80px 30px 60px 30px;\n}\n<\/style>\n\t<\/div>\n\n\t\n\n<\/div>\n\t<div class=\"img has-hover x md-x lg-x y md-y lg-y\" id=\"image_1063849347\">\n\t\t\t\t\t\t\t\t<div class=\"img-inner image-cover dark\" style=\"padding-top:50%;\">\n\t\t\t<img loading=\"lazy\" decoding=\"async\" width=\"2048\" height=\"1152\" src=\"https:\/\/www.polarmatic.com\/wp-content\/uploads\/2023\/03\/iStock-1357436834-Control-Solutions-Header-Image-2048x1152.jpg\" class=\"attachment-2048x2048 size-2048x2048\" alt=\"ProConX control system for concrete batchin plants\" srcset=\"https:\/\/www.polarmatic.com\/wp-content\/uploads\/2023\/03\/iStock-1357436834-Control-Solutions-Header-Image-2048x1152.jpg 2048w, https:\/\/www.polarmatic.com\/wp-content\/uploads\/2023\/03\/iStock-1357436834-Control-Solutions-Header-Image-300x169.jpg 300w, https:\/\/www.polarmatic.com\/wp-content\/uploads\/2023\/03\/iStock-1357436834-Control-Solutions-Header-Image-1024x576.jpg 1024w, https:\/\/www.polarmatic.com\/wp-content\/uploads\/2023\/03\/iStock-1357436834-Control-Solutions-Header-Image-768x432.jpg 768w, https:\/\/www.polarmatic.com\/wp-content\/uploads\/2023\/03\/iStock-1357436834-Control-Solutions-Header-Image-1536x864.jpg 1536w\" sizes=\"auto, (max-width: 2048px) 100vw, 2048px\" \/>\t\t\t\t\t\t\n\t\t\t\t\t<\/div>\n\t\t\t\t\t\t\t\t\n<style>\n#image_1063849347 {\n  width: 100%;\n}\n<\/style>\n\t<\/div>\n\t\n\n<div class=\"row align-center\"  id=\"row-1716864430\">\n\n\n\t<div id=\"col-1183423053\" class=\"col medium-9 small-12 large-9\"  >\n\t\t\t\t<div class=\"col-inner text-center\"  >\n\t\t\t\n\t\t\t\n\n\t<div id=\"text-1450867623\" class=\"text\">\n\t\t\n\n<h1>Leistungsstarke Kontrolle auf Knopfdruck<\/h1>\n<p>Das Mischanlagensteuerungssystem ProConX ist eine moderne Software, die in Zusammenarbeit mit den Betonherstellern entwickelt wird. ProConX ist intuitiv, modern, reaktionsschnell und vor allem einfach zu bedienen. ProConX beinhaltet alle Funktionen, die eine Mischanlage ben\u00f6tigt \u2013 und noch mehr.<\/p>\n\t\t\n<style>\n#text-1450867623 {\n  line-height: 1.5;\n  text-align: center;\n}\n<\/style>\n\t<\/div>\n\t\n\n\t\t<\/div>\n\t\t\t\t\n<style>\n#col-1183423053 > .col-inner {\n  padding: 30px 0px 0px 0px;\n}\n<\/style>\n\t<\/div>\n\n\t\n\n<\/div>\n<div class=\"is-divider divider clearfix\" style=\"max-width:100%;height:1px;\"><\/div>\n\n<div class=\"row align-center\"  id=\"row-1793618777\">\n\n\n\t<div id=\"col-844591212\" class=\"col medium-5 small-12 large-5\"  >\n\t\t\t\t<div class=\"col-inner text-left\"  >\n\t\t\t\n\t\t\t\n\n\t<div id=\"text-3480990893\" class=\"text\">\n\t\t\n\n<h2>ProConX-Mischanlagensteuerungssystem<\/h2>\n<p>Das Mischanlagensteuerungssystem ProConX der neuen Generation ist die modernste und benutzerfreundlichste Steuerungsl\u00f6sung, die f\u00fcr die Betonindustrie entwickelt wurde.<\/p>\n<h3><span style=\"font-size: 80%; color: #3a5dae;\"><strong>Hauptmerkmale der ProConX-Steuerungssoftware:<\/strong><\/span><\/h3>\n<ul>\n<li>Die Benutzeroberfl\u00e4che wird in einem Browser ausgef\u00fchrt und ist auf allen verf\u00fcgbaren Plattformen verf\u00fcgbar, z. B. Windows, Mac, Linux und Android und der Zugriff ist \u00fcber jeden Browser auf einem PC, Tablet oder Smartphone m\u00f6glich<\/li>\n<li>Gleichzeitige Steuerung der Produktion und Flottenverwaltung \u00fcber mehrere ge\u00f6ffnete Fenster.<\/li>\n<li>ProConX ist eine Dienstleistung und alle Funktionen der Software stehen allen Benutzern zur Verf\u00fcgung.<\/li>\n<li>Neue Funktionen und Software-Updates sind jederzeit verf\u00fcgbar und entsprechen den neuesten Standards und Vorschriften.<\/li>\n<li>Einfache Integration in mehrere Gesch\u00e4ftssysteme (ERP)<\/li>\n<li>Kundenbestellungen k\u00f6nnen \u00fcber die Website registriert werden.<\/li>\n<\/ul>\n\t\t\n<style>\n#text-3480990893 {\n  line-height: 1.5;\n}\n<\/style>\n\t<\/div>\n\t\n\n\t\t<\/div>\n\t\t\t\t\t<\/div>\n\n\t\n\n\t<div id=\"col-958676395\" class=\"col medium-1 small-12 large-1\"  >\n\t\t\t\t<div class=\"col-inner\"  >\n\t\t\t\n\t\t\t\n\n\n\t\t<\/div>\n\t\t\t\t\t<\/div>\n\n\t\n\n\t<div id=\"col-1191989846\" class=\"col medium-5 small-12 large-5\"  >\n\t\t\t\t<div class=\"col-inner text-left\"  >\n\t\t\t\n\t\t\t\n\n\t<div id=\"text-2533372924\" class=\"text\">\n\t\t\n\n<h2>ProConX bietet Anwendern zahlreiche Vorteile<\/h2>\n<ul>\n<li>Webbasierte Benutzeroberfl\u00e4che \u00fcber Chrome, Edge, Firefox oder Safari<\/li>\n<li>Live-Produktions\u00fcbersicht und -planung<\/li>\n<li>Drag-and-Drop-Funktionalit\u00e4t zur Flottenoptimierung<\/li>\n<li>Routenverfolgung Ihrer Flotte per Live-Karte<\/li>\n<li>Android-Anwendung f\u00fcr Fahrer mit Live-Lkw-Standort und E-Frachtbriefen<\/li>\n<li>Leistungsstarke Rezeptverwaltung: Der Rezeptersteller optimiert die konkreten Rezepte und sorgt f\u00fcr Einsparungen bei den Materialkosten. Modularisierte Rezeptstruktur f\u00fcr einfache Anpassungen der Rezepte.<\/li>\n<li>Unterst\u00fctzt die Erstellung einer EPD (Environmental Product Declaration).<\/li>\n<li>Integriertes Labormodul und Testdatenmanagement mit Reporting-Tool<\/li>\n<li>Automatische Anpassung des Warm- und Kaltwasserverh\u00e4ltnisses, um die gew\u00fcnschte Betontemperatur zu erreichen<\/li>\n<li>Automatische Feuchteanpassung basierend auf Echtzeitmessungen<\/li>\n<li>Integrierter W\u00e4gezellen-Supervisor f\u00fcr Echtzeit-W\u00e4gediagramme f\u00fcr W\u00e4gezellen und Waagenkalibrierung .<\/li>\n<\/ul>\n\t\t\n<style>\n#text-2533372924 {\n  line-height: 1.5;\n}\n<\/style>\n\t<\/div>\n\t\n\n\t\t<\/div>\n\t\t\t\t\t<\/div>\n\n\t\n\n\n<style>\n#row-1793618777 > .col > .col-inner {\n  padding: 30px 0px 0px 0px;\n}\n<\/style>\n<\/div>\n<div class=\"is-divider divider clearfix\" style=\"max-width:100%;height:1px;\"><\/div>\n\n<div class=\"row align-middle\"  id=\"row-1402820251\">\n\n\n\t<div id=\"col-820196738\" class=\"col medium-6 small-12 large-6\"  >\n\t\t\t\t<div class=\"col-inner\"  >\n\t\t\t\n\t\t\t\n\n\t<div class=\"img has-hover x md-x lg-x y md-y lg-y\" id=\"image_793903636\">\n\t\t\t\t\t\t\t\t<div class=\"img-inner image-cover dark\" style=\"padding-top:56.25%;\">\n\t\t\t<img loading=\"lazy\" decoding=\"async\" width=\"2048\" height=\"1112\" src=\"https:\/\/www.polarmatic.com\/wp-content\/uploads\/2023\/04\/LoadQueue-2048x1112.png\" class=\"attachment-2048x2048 size-2048x2048\" alt=\"ProConX Main Page\" srcset=\"https:\/\/www.polarmatic.com\/wp-content\/uploads\/2023\/04\/LoadQueue-2048x1112.png 2048w, https:\/\/www.polarmatic.com\/wp-content\/uploads\/2023\/04\/LoadQueue-300x163.png 300w, https:\/\/www.polarmatic.com\/wp-content\/uploads\/2023\/04\/LoadQueue-1024x556.png 1024w, https:\/\/www.polarmatic.com\/wp-content\/uploads\/2023\/04\/LoadQueue-768x417.png 768w, https:\/\/www.polarmatic.com\/wp-content\/uploads\/2023\/04\/LoadQueue-1536x834.png 1536w\" sizes=\"auto, (max-width: 2048px) 100vw, 2048px\" \/>\t\t\t\t\t\t\n\t\t\t\t\t<\/div>\n\t\t\t\t\t\t\t\t\n<style>\n#image_793903636 {\n  width: 80%;\n}\n<\/style>\n\t<\/div>\n\t\n\n\n\t\t<\/div>\n\t\t\t\t\t<\/div>\n\n\t\n\n\t<div id=\"col-1521728142\" class=\"col medium-6 small-12 large-6\"  >\n\t\t\t\t<div class=\"col-inner\"  >\n\t\t\t\n\t\t\t\n\n<h2>ProConX-Steuerungssystem<\/h2>\n<p>Das modernste Steuerungssystem f\u00fcr Mischanlagen, das auf dem Markt erh\u00e4ltlich ist.<\/p>\n<a href=\"https:\/\/www.polarmatic.com\/de\/loesungen\/steuerungsloesungen\/proconx\/\" class=\"button primary lowercase\" >\n\t\t<span>Weiterlesen<\/span>\n\t<\/a>\n\n\n\n\t\t<\/div>\n\t\t\t\t\t<\/div>\n\n\t\n\n\n<style>\n#row-1402820251 > .col > .col-inner {\n  padding: 30px 0px 0px 0px;\n}\n<\/style>\n<\/div>\n<div class=\"is-divider divider clearfix\" style=\"max-width:100%;height:1px;\"><\/div>\n\n<div class=\"row align-middle\"  id=\"row-976687823\">\n\n\n\t<div id=\"col-1924736693\" class=\"col medium-6 small-12 large-6\"  >\n\t\t\t\t<div class=\"col-inner\"  >\n\t\t\t\n\t\t\t\n\n\t<div id=\"text-1640359788\" class=\"text\">\n\t\t\n\n<h2>PMC-2300-Steuerungssystem<\/h2>\n<p>Das fr\u00fchere Polarmatic PMC-2300-Steuerungssystem wird durch die ProConX-Software ersetzt, und wir bieten spezielle ProConX-Upgrades f\u00fcr unsere bestehenden PMC-2300-Steuerungssystembenutzer an. F\u00fcr weitere Informationen wenden Sie sich bitte an unser Vertriebsteam.<\/p>\n\t\t\n<style>\n#text-1640359788 {\n  line-height: 1.5;\n}\n<\/style>\n\t<\/div>\n\t\n\n\t\t<\/div>\n\t\t\t\t\t<\/div>\n\n\t\n\n\t<div id=\"col-1670268993\" class=\"col medium-6 small-12 large-6\"  >\n\t\t\t\t<div class=\"col-inner\"  >\n\t\t\t\n\t\t\t\n\n\t<div class=\"img has-hover x md-x lg-x y md-y lg-y\" id=\"image_1428211556\">\n\t\t\t\t\t\t\t\t<div class=\"img-inner image-cover dark\" style=\"padding-top:56.25%;\">\n\t\t\t<img loading=\"lazy\" decoding=\"async\" width=\"2048\" height=\"1112\" src=\"https:\/\/www.polarmatic.com\/wp-content\/uploads\/2023\/04\/LoadQueue-2048x1112.png\" class=\"attachment-2048x2048 size-2048x2048\" alt=\"ProConX Main Page\" srcset=\"https:\/\/www.polarmatic.com\/wp-content\/uploads\/2023\/04\/LoadQueue-2048x1112.png 2048w, https:\/\/www.polarmatic.com\/wp-content\/uploads\/2023\/04\/LoadQueue-300x163.png 300w, https:\/\/www.polarmatic.com\/wp-content\/uploads\/2023\/04\/LoadQueue-1024x556.png 1024w, https:\/\/www.polarmatic.com\/wp-content\/uploads\/2023\/04\/LoadQueue-768x417.png 768w, https:\/\/www.polarmatic.com\/wp-content\/uploads\/2023\/04\/LoadQueue-1536x834.png 1536w\" sizes=\"auto, (max-width: 2048px) 100vw, 2048px\" \/>\t\t\t\t\t\t\n\t\t\t\t\t<\/div>\n\t\t\t\t\t\t\t\t\n<style>\n#image_1428211556 {\n  width: 80%;\n}\n<\/style>\n\t<\/div>\n\t\n\n\n\t\t<\/div>\n\t\t\t\t\t<\/div>\n\n\t\n\n\n<style>\n#row-976687823 > .col > .col-inner {\n  padding: 30px 0px 0px 0px;\n}\n<\/style>\n<\/div>\n\n","protected":false},"excerpt":{"rendered":"","protected":false},"author":1,"featured_media":0,"parent":7154,"menu_order":5,"comment_status":"closed","ping_status":"closed","template":"","meta":{"_acf_changed":false,"footnotes":""},"class_list":["post-7174","page","type-page","status-publish","hentry"],"acf":[],"_links":{"self":[{"href":"https:\/\/www.polarmatic.com\/de\/wp-json\/wp\/v2\/pages\/7174","targetHints":{"allow":["GET"]}}],"collection":[{"href":"https:\/\/www.polarmatic.com\/de\/wp-json\/wp\/v2\/pages"}],"about":[{"href":"https:\/\/www.polarmatic.com\/de\/wp-json\/wp\/v2\/types\/page"}],"author":[{"embeddable":true,"href":"https:\/\/www.polarmatic.com\/de\/wp-json\/wp\/v2\/users\/1"}],"replies":[{"embeddable":true,"href":"https:\/\/www.polarmatic.com\/de\/wp-json\/wp\/v2\/comments?post=7174"}],"version-history":[{"count":5,"href":"https:\/\/www.polarmatic.com\/de\/wp-json\/wp\/v2\/pages\/7174\/revisions"}],"predecessor-version":[{"id":8263,"href":"https:\/\/www.polarmatic.com\/de\/wp-json\/wp\/v2\/pages\/7174\/revisions\/8263"}],"up":[{"embeddable":true,"href":"https:\/\/www.polarmatic.com\/de\/wp-json\/wp\/v2\/pages\/7154"}],"wp:attachment":[{"href":"https:\/\/www.polarmatic.com\/de\/wp-json\/wp\/v2\/media?parent=7174"}],"curies":[{"name":"wp","href":"https:\/\/api.w.org\/{rel}","templated":true}]}}