{"id":7178,"date":"2023-02-20T11:55:32","date_gmt":"2023-02-20T09:55:32","guid":{"rendered":"https:\/\/www.polarmatic.com\/loesungen\/turbomatic-heizloesungen\/turbomatic-waermeenergieeinheit\/"},"modified":"2023-11-22T15:01:04","modified_gmt":"2023-11-22T13:01:04","slug":"turbomatic-waermeenergieeinheit","status":"publish","type":"page","link":"https:\/\/www.polarmatic.com\/de\/loesungen-fur-betonindustrie\/turbomatic-heizloesungen\/turbomatic-waermeenergieeinheit\/","title":{"rendered":"TURBOMATIC-W\u00e4rmeenergieeinheit"},"content":{"rendered":"\n<div class=\"row\"  id=\"row-1768255528\">\n\n\n\t<div id=\"col-977345690\" class=\"col small-12 large-12\"  >\n\t\t\t\t<div class=\"col-inner\"  >\n\t\t\t\n\t\t\t\n\n\t\t<div class=\"pm-breadcrumbs\">\n\t\t\t\t\n\n<span><span><a href=\"https:\/\/www.polarmatic.com\/de\/\">Home<\/a><\/span><\/span>\n\t\t<\/div>\n\t\n\n\t\t<\/div>\n\t\t\t\t\t<\/div>\n\n\t\n\n<\/div>\n<div class=\"row\"  id=\"row-558005150\">\n\n\n\t<div id=\"col-908090055\" class=\"col medium-6 small-12 large-6\"  >\n\t\t\t\t<div class=\"col-inner\"  >\n\t\t\t\n\t\t\t\n\n\t<div id=\"text-276438960\" class=\"text\">\n\t\t\n\n<h2>TURBOMATIC-W\u00e4rmeenergieeinheit<\/h2>\n<p>Die TURBOMATIC W\u00e4rmeenergieeinheit ist eine Heizl\u00f6sung, die die Zuschlagstoffe, das Wasser und die R\u00e4umlichkeiten der Betonproduktionsanlage beheizt. Abh\u00e4ngig von der Art der Produktion und den klimatischen Bedingungen kann aus den folgenden Konfigurationen die ideale L\u00f6sung f\u00fcr jeden Betonproduktionsstandort gefunden werden:<\/p>\n<ul>\n<li>standardTURBOMATIC (STD)<\/li>\n<li>maxTURBOMATIC (MAX)<\/li>\n<li>ecoTURBOMATIC (ECO)<\/li>\n<li>microTURBOMATIC (MICRO)<\/li>\n<\/ul>\n\t\t\n<style>\n#text-276438960 {\n  line-height: 1.5;\n}\n<\/style>\n\t<\/div>\n\t\n\n\t\t<\/div>\n\t\t\t\t\t<\/div>\n\n\t\n\n\t<div id=\"col-118161823\" class=\"col medium-6 small-12 large-6\"  >\n\t\t\t\t<div class=\"col-inner\"  >\n\t\t\t\n\t\t\t\n\n\n  \n    <div id=\"gallery-827186041\" class=\"slider slider-auto-height row-collapse slider-nav-circle\" data-flickity-options='{&quot;imagesLoaded&quot;: true, &quot;dragThreshold&quot; : 5, &quot;cellAlign&quot;: &quot;left&quot;,&quot;wrapAround&quot;: true,&quot;prevNextButtons&quot;: true,&quot;percentPosition&quot;: true,&quot;pageDots&quot;: true, &quot;rightToLeft&quot;: false, &quot;autoPlay&quot; : 6000}'>\n\n  <div class=\"gallery-col col\" >\n          <div class=\"col-inner\">\n            <a class=\"image-lightbox lightbox-gallery\" href=\"https:\/\/www.polarmatic.com\/wp-content\/uploads\/2023\/03\/TURBOMATIC-STD-AT6-container-2.png\" title=\"standardTURBOMATIC\">            <div class=\"box has-hover gallery-box box-normal\">\n              <div class=\"box-image\" >\n                <img loading=\"lazy\" decoding=\"async\" width=\"1920\" height=\"1080\" src=\"https:\/\/www.polarmatic.com\/wp-content\/uploads\/2023\/03\/TURBOMATIC-STD-AT6-container-2.png\" class=\"attachment-2048x2048 size-2048x2048\" alt=\"TURBOMATIC STD AT6 container 2\" ids=\"3548,3566,3508,5454\" style=\"normal\" lightbox_image_size=\"2048x2048\" type=\"slider-full\" slider_nav_style=\"circle\" slider_bullets=\"true\" auto_slide=\"6000\" image_size=\"2048x2048\" text_align=\"right\" text_padding=\"15px 30px 15px 30px\" srcset=\"https:\/\/www.polarmatic.com\/wp-content\/uploads\/2023\/03\/TURBOMATIC-STD-AT6-container-2.png 1920w, https:\/\/www.polarmatic.com\/wp-content\/uploads\/2023\/03\/TURBOMATIC-STD-AT6-container-2-300x169.png 300w, https:\/\/www.polarmatic.com\/wp-content\/uploads\/2023\/03\/TURBOMATIC-STD-AT6-container-2-1024x576.png 1024w, https:\/\/www.polarmatic.com\/wp-content\/uploads\/2023\/03\/TURBOMATIC-STD-AT6-container-2-768x432.png 768w, https:\/\/www.polarmatic.com\/wp-content\/uploads\/2023\/03\/TURBOMATIC-STD-AT6-container-2-1536x864.png 1536w\" sizes=\"auto, (max-width: 1920px) 100vw, 1920px\" \/>                                                              <\/div>\n              <div class=\"box-text text-right\" style=\"padding:15px 30px 15px 30px;\">\n                 <p>standardTURBOMATIC<\/p>\n              <\/div>\n            <\/div>\n            <\/a>          <\/div>\n         <\/div><div class=\"gallery-col col\" >\n          <div class=\"col-inner\">\n            <a class=\"image-lightbox lightbox-gallery\" href=\"https:\/\/www.polarmatic.com\/wp-content\/uploads\/2023\/03\/TURBOMATIC-MAX-A12-container-1.png\" title=\"maxTURBOMATIC\">            <div class=\"box has-hover gallery-box box-normal\">\n              <div class=\"box-image\" >\n                <img loading=\"lazy\" decoding=\"async\" width=\"1920\" height=\"1080\" src=\"https:\/\/www.polarmatic.com\/wp-content\/uploads\/2023\/03\/TURBOMATIC-MAX-A12-container-1.png\" class=\"attachment-2048x2048 size-2048x2048\" alt=\"TURBOMATIC MAX A12 container\" ids=\"3548,3566,3508,5454\" style=\"normal\" lightbox_image_size=\"2048x2048\" type=\"slider-full\" slider_nav_style=\"circle\" slider_bullets=\"true\" auto_slide=\"6000\" image_size=\"2048x2048\" text_align=\"right\" text_padding=\"15px 30px 15px 30px\" srcset=\"https:\/\/www.polarmatic.com\/wp-content\/uploads\/2023\/03\/TURBOMATIC-MAX-A12-container-1.png 1920w, https:\/\/www.polarmatic.com\/wp-content\/uploads\/2023\/03\/TURBOMATIC-MAX-A12-container-1-300x169.png 300w, https:\/\/www.polarmatic.com\/wp-content\/uploads\/2023\/03\/TURBOMATIC-MAX-A12-container-1-1024x576.png 1024w, https:\/\/www.polarmatic.com\/wp-content\/uploads\/2023\/03\/TURBOMATIC-MAX-A12-container-1-768x432.png 768w, https:\/\/www.polarmatic.com\/wp-content\/uploads\/2023\/03\/TURBOMATIC-MAX-A12-container-1-1536x864.png 1536w\" sizes=\"auto, (max-width: 1920px) 100vw, 1920px\" \/>                                                              <\/div>\n              <div class=\"box-text text-right\" style=\"padding:15px 30px 15px 30px;\">\n                 <p>maxTURBOMATIC<\/p>\n              <\/div>\n            <\/div>\n            <\/a>          <\/div>\n         <\/div><div class=\"gallery-col col\" >\n          <div class=\"col-inner\">\n            <a class=\"image-lightbox lightbox-gallery\" href=\"https:\/\/www.polarmatic.com\/wp-content\/uploads\/2023\/03\/TURBOMATIC-ECO-container-2-1.png\" title=\"ecoTURBOMATIC\">            <div class=\"box has-hover gallery-box box-normal\">\n              <div class=\"box-image\" >\n                <img loading=\"lazy\" decoding=\"async\" width=\"1920\" height=\"1080\" src=\"https:\/\/www.polarmatic.com\/wp-content\/uploads\/2023\/03\/TURBOMATIC-ECO-container-2-1.png\" class=\"attachment-2048x2048 size-2048x2048\" alt=\"ecoTURBOMATIC heating solution\" ids=\"3548,3566,3508,5454\" style=\"normal\" lightbox_image_size=\"2048x2048\" type=\"slider-full\" slider_nav_style=\"circle\" slider_bullets=\"true\" auto_slide=\"6000\" image_size=\"2048x2048\" text_align=\"right\" text_padding=\"15px 30px 15px 30px\" srcset=\"https:\/\/www.polarmatic.com\/wp-content\/uploads\/2023\/03\/TURBOMATIC-ECO-container-2-1.png 1920w, https:\/\/www.polarmatic.com\/wp-content\/uploads\/2023\/03\/TURBOMATIC-ECO-container-2-1-300x169.png 300w, https:\/\/www.polarmatic.com\/wp-content\/uploads\/2023\/03\/TURBOMATIC-ECO-container-2-1-1024x576.png 1024w, https:\/\/www.polarmatic.com\/wp-content\/uploads\/2023\/03\/TURBOMATIC-ECO-container-2-1-768x432.png 768w, https:\/\/www.polarmatic.com\/wp-content\/uploads\/2023\/03\/TURBOMATIC-ECO-container-2-1-1536x864.png 1536w\" sizes=\"auto, (max-width: 1920px) 100vw, 1920px\" \/>                                                              <\/div>\n              <div class=\"box-text text-right\" style=\"padding:15px 30px 15px 30px;\">\n                 <p>ecoTURBOMATIC<\/p>\n              <\/div>\n            <\/div>\n            <\/a>          <\/div>\n         <\/div><div class=\"gallery-col col\" >\n          <div class=\"col-inner\">\n            <a class=\"image-lightbox lightbox-gallery\" href=\"https:\/\/www.polarmatic.com\/wp-content\/uploads\/2023\/04\/kiilahormi-2048x1152.png\" title=\"Heating Register\">            <div class=\"box has-hover gallery-box box-normal\">\n              <div class=\"box-image\" >\n                <img loading=\"lazy\" decoding=\"async\" width=\"2048\" height=\"1152\" src=\"https:\/\/www.polarmatic.com\/wp-content\/uploads\/2023\/04\/kiilahormi-2048x1152.png\" class=\"attachment-2048x2048 size-2048x2048\" alt=\"Kiilahormi\" ids=\"3548,3566,3508,5454\" style=\"normal\" lightbox_image_size=\"2048x2048\" type=\"slider-full\" slider_nav_style=\"circle\" slider_bullets=\"true\" auto_slide=\"6000\" image_size=\"2048x2048\" text_align=\"right\" text_padding=\"15px 30px 15px 30px\" srcset=\"https:\/\/www.polarmatic.com\/wp-content\/uploads\/2023\/04\/kiilahormi-2048x1152.png 2048w, https:\/\/www.polarmatic.com\/wp-content\/uploads\/2023\/04\/kiilahormi-300x169.png 300w, https:\/\/www.polarmatic.com\/wp-content\/uploads\/2023\/04\/kiilahormi-1024x576.png 1024w, https:\/\/www.polarmatic.com\/wp-content\/uploads\/2023\/04\/kiilahormi-768x432.png 768w, https:\/\/www.polarmatic.com\/wp-content\/uploads\/2023\/04\/kiilahormi-1536x864.png 1536w\" sizes=\"auto, (max-width: 2048px) 100vw, 2048px\" \/>                                                              <\/div>\n              <div class=\"box-text text-right\" style=\"padding:15px 30px 15px 30px;\">\n                 <p>Heating Register<\/p>\n              <\/div>\n            <\/div>\n            <\/a>          <\/div>\n         <\/div><\/div>\n\n\n\t\t<\/div>\n\t\t\t\t\t<\/div>\n\n\t\n\n<\/div>\n<div class=\"is-divider divider clearfix\" style=\"max-width:100%;height:1px;\"><\/div>\n\n<div class=\"row\"  id=\"row-549436871\">\n\n\n\t<div id=\"col-51319394\" class=\"col medium-4 small-12 large-4\"  >\n\t\t\t\t<div class=\"col-inner\"  >\n\t\t\t\n\t\t\t\n\n\t<div class=\"img has-hover x md-x lg-x y md-y lg-y\" id=\"image_1004186701\">\n\t\t\t\t\t\t\t\t<div class=\"img-inner dark\" >\n\t\t\t<img loading=\"lazy\" decoding=\"async\" width=\"1920\" height=\"1080\" src=\"https:\/\/www.polarmatic.com\/wp-content\/uploads\/2023\/03\/TURBOMATIC-STD-AT6-container-2.png\" class=\"attachment-2048x2048 size-2048x2048\" alt=\"TURBOMATIC STD AT6 container 2\" srcset=\"https:\/\/www.polarmatic.com\/wp-content\/uploads\/2023\/03\/TURBOMATIC-STD-AT6-container-2.png 1920w, https:\/\/www.polarmatic.com\/wp-content\/uploads\/2023\/03\/TURBOMATIC-STD-AT6-container-2-300x169.png 300w, https:\/\/www.polarmatic.com\/wp-content\/uploads\/2023\/03\/TURBOMATIC-STD-AT6-container-2-1024x576.png 1024w, https:\/\/www.polarmatic.com\/wp-content\/uploads\/2023\/03\/TURBOMATIC-STD-AT6-container-2-768x432.png 768w, https:\/\/www.polarmatic.com\/wp-content\/uploads\/2023\/03\/TURBOMATIC-STD-AT6-container-2-1536x864.png 1536w\" sizes=\"auto, (max-width: 1920px) 100vw, 1920px\" \/>\t\t\t\t\t\t\n\t\t\t\t\t<\/div>\n\t\t\t\t\t\t\t\t\n<style>\n#image_1004186701 {\n  width: 80%;\n}\n<\/style>\n\t<\/div>\n\t\n\n\n\t\t<\/div>\n\t\t\t\t\t<\/div>\n\n\t\n\n\t<div id=\"col-149214653\" class=\"col medium-8 small-12 large-8\"  >\n\t\t\t\t<div class=\"col-inner\"  >\n\t\t\t\n\t\t\t\n\n\t<div id=\"text-4281582599\" class=\"text\">\n\t\t\n\n<h2>standardTURBOMATIC<\/h2>\n<p>Heizl\u00f6sung f\u00fcr Transportbetonanlagen bei gem\u00e4\u00dfigten bis strengen Klimabedingungen und\/oder Anwendungen mit mittlerem bis hohem Heizleistungsbedarf.<\/p>\n\t\t\n<style>\n#text-4281582599 {\n  line-height: 1.5;\n}\n<\/style>\n\t<\/div>\n\t\n<a href=\"https:\/\/www.polarmatic.com\/de\/loesungen\/turbomatic-heizloesungen\/turbomatic-waermeenergieeinheit\/standardturbomatic-std\" class=\"button primary lowercase\" >\n\t\t<span>Weiterlesen<\/span>\n\t<\/a>\n\n\n\n\t\t<\/div>\n\t\t\t\t\n<style>\n#col-149214653 > .col-inner {\n  padding: 0px 0px 0px 0px;\n  margin: 0px 0px 0px 0px;\n}\n<\/style>\n\t<\/div>\n\n\t\n\n\n<style>\n#row-549436871 > .col > .col-inner {\n  padding: 30px 0px 0px 0px;\n}\n<\/style>\n<\/div>\n<div class=\"is-divider divider clearfix\" style=\"max-width:100%;height:1px;\"><\/div>\n\n<div class=\"row\"  id=\"row-2032242407\">\n\n\n\t<div id=\"col-1665736846\" class=\"col medium-4 small-12 large-4\"  >\n\t\t\t\t<div class=\"col-inner\"  >\n\t\t\t\n\t\t\t\n\n\t<div class=\"img has-hover x md-x lg-x y md-y lg-y\" id=\"image_1308999986\">\n\t\t\t\t\t\t\t\t<div class=\"img-inner dark\" >\n\t\t\t<img loading=\"lazy\" decoding=\"async\" width=\"1920\" height=\"1080\" src=\"https:\/\/www.polarmatic.com\/wp-content\/uploads\/2023\/03\/TURBOMATIC-MAX-A12-container-1.png\" class=\"attachment-2048x2048 size-2048x2048\" alt=\"TURBOMATIC MAX A12 container\" srcset=\"https:\/\/www.polarmatic.com\/wp-content\/uploads\/2023\/03\/TURBOMATIC-MAX-A12-container-1.png 1920w, https:\/\/www.polarmatic.com\/wp-content\/uploads\/2023\/03\/TURBOMATIC-MAX-A12-container-1-300x169.png 300w, https:\/\/www.polarmatic.com\/wp-content\/uploads\/2023\/03\/TURBOMATIC-MAX-A12-container-1-1024x576.png 1024w, https:\/\/www.polarmatic.com\/wp-content\/uploads\/2023\/03\/TURBOMATIC-MAX-A12-container-1-768x432.png 768w, https:\/\/www.polarmatic.com\/wp-content\/uploads\/2023\/03\/TURBOMATIC-MAX-A12-container-1-1536x864.png 1536w\" sizes=\"auto, (max-width: 1920px) 100vw, 1920px\" \/>\t\t\t\t\t\t\n\t\t\t\t\t<\/div>\n\t\t\t\t\t\t\t\t\n<style>\n#image_1308999986 {\n  width: 80%;\n}\n<\/style>\n\t<\/div>\n\t\n\n\n\t\t<\/div>\n\t\t\t\t\t<\/div>\n\n\t\n\n\t<div id=\"col-1566033396\" class=\"col medium-8 small-12 large-8\"  >\n\t\t\t\t<div class=\"col-inner\"  >\n\t\t\t\n\t\t\t\n\n\t<div id=\"text-591531906\" class=\"text\">\n\t\t\n\n<h2>maxTURBOMATIC<\/h2>\n<p>Heizl\u00f6sung f\u00fcr gr\u00f6\u00dfere Betonproduktionen unter extremen Klimabedingungen und f\u00fcr Anwendungen mit hohem Heizbedarf und kontinuierlichem Zuschlags- und\/oder Wassererw\u00e4rmungsbedarf rund um die Uhr.<\/p>\n\t\t\n<style>\n#text-591531906 {\n  line-height: 1.5;\n}\n<\/style>\n\t<\/div>\n\t\n<a href=\"https:\/\/www.polarmatic.com\/de\/loesungen\/turbomatic-heizloesungen\/turbomatic-waermeenergieeinheit\/maxturbomatic-max\" class=\"button primary lowercase\" >\n\t\t<span>Weiterlesen<\/span>\n\t<\/a>\n\n\n\n\t\t<\/div>\n\t\t\t\t\t<\/div>\n\n\t\n\n\n<style>\n#row-2032242407 > .col > .col-inner {\n  padding: 30px 0px 0px 0px;\n}\n<\/style>\n<\/div>\n<div class=\"is-divider divider clearfix\" style=\"max-width:100%;height:1px;\"><\/div>\n\n<div class=\"row\"  id=\"row-854421676\">\n\n\n\t<div id=\"col-538051397\" class=\"col medium-4 small-12 large-4\"  >\n\t\t\t\t<div class=\"col-inner\"  >\n\t\t\t\n\t\t\t\n\n\t<div class=\"img has-hover x md-x lg-x y md-y lg-y\" id=\"image_1474555071\">\n\t\t\t\t\t\t\t\t<div class=\"img-inner dark\" >\n\t\t\t<img loading=\"lazy\" decoding=\"async\" width=\"1920\" height=\"1080\" src=\"https:\/\/www.polarmatic.com\/wp-content\/uploads\/2023\/03\/TURBOMATIC-ECO-container-2-1.png\" class=\"attachment-2048x2048 size-2048x2048\" alt=\"ecoTURBOMATIC heating solution\" srcset=\"https:\/\/www.polarmatic.com\/wp-content\/uploads\/2023\/03\/TURBOMATIC-ECO-container-2-1.png 1920w, https:\/\/www.polarmatic.com\/wp-content\/uploads\/2023\/03\/TURBOMATIC-ECO-container-2-1-300x169.png 300w, https:\/\/www.polarmatic.com\/wp-content\/uploads\/2023\/03\/TURBOMATIC-ECO-container-2-1-1024x576.png 1024w, https:\/\/www.polarmatic.com\/wp-content\/uploads\/2023\/03\/TURBOMATIC-ECO-container-2-1-768x432.png 768w, https:\/\/www.polarmatic.com\/wp-content\/uploads\/2023\/03\/TURBOMATIC-ECO-container-2-1-1536x864.png 1536w\" sizes=\"auto, (max-width: 1920px) 100vw, 1920px\" \/>\t\t\t\t\t\t\n\t\t\t\t\t<\/div>\n\t\t\t\t\t\t\t\t\n<style>\n#image_1474555071 {\n  width: 80%;\n}\n<\/style>\n\t<\/div>\n\t\n\n\n\t\t<\/div>\n\t\t\t\t\t<\/div>\n\n\t\n\n\t<div id=\"col-1029148593\" class=\"col medium-8 small-12 large-8\"  >\n\t\t\t\t<div class=\"col-inner\"  >\n\t\t\t\n\t\t\t\n\n\t<div id=\"text-2657161923\" class=\"text\">\n\t\t\n\n<h2>ecoTURBOMATIC<\/h2>\n<p>Heizl\u00f6sung f\u00fcr kleine bis mittlere Fertigbetonanlagen in milden bis gem\u00e4\u00dfigten Klimabedingungen und\/oder Anwendungen, bei denen eine Erw\u00e4rmung der Zuschlagstoffe und des Wassers nur gelegentlich erforderlich ist.<\/p>\n\t\t\n<style>\n#text-2657161923 {\n  line-height: 1.5;\n}\n<\/style>\n\t<\/div>\n\t\n<a href=\"https:\/\/www.polarmatic.com\/de\/loesungen\/turbomatic-heizloesungen\/turbomatic-waermeenergieeinheit\/ecoturbomatic-eco\/\" class=\"button primary lowercase\" >\n\t\t<span>Weiterlesen<\/span>\n\t<\/a>\n\n\n\n\t\t<\/div>\n\t\t\t\t\t<\/div>\n\n\t\n\n\n<style>\n#row-854421676 > .col > .col-inner {\n  padding: 30px 0px 0px 0px;\n}\n<\/style>\n<\/div>\n<div class=\"is-divider divider clearfix\" style=\"max-width:100%;height:1px;\"><\/div>\n\n<div class=\"row\"  id=\"row-1011107551\">\n\n\n\t<div id=\"col-1268552694\" class=\"col medium-4 small-12 large-4\"  >\n\t\t\t\t<div class=\"col-inner\"  >\n\t\t\t\n\t\t\t\n\n\t<div class=\"img has-hover x md-x lg-x y md-y lg-y\" id=\"image_104864932\">\n\t\t\t\t\t\t\t\t<div class=\"img-inner dark\" >\n\t\t\t<img loading=\"lazy\" decoding=\"async\" width=\"1024\" height=\"768\" src=\"https:\/\/www.polarmatic.com\/wp-content\/uploads\/2023\/04\/MYY_Luukku-kiinni.png\" class=\"attachment-2048x2048 size-2048x2048\" alt=\"microTURBOMATIC\" srcset=\"https:\/\/www.polarmatic.com\/wp-content\/uploads\/2023\/04\/MYY_Luukku-kiinni.png 1024w, https:\/\/www.polarmatic.com\/wp-content\/uploads\/2023\/04\/MYY_Luukku-kiinni-300x225.png 300w, https:\/\/www.polarmatic.com\/wp-content\/uploads\/2023\/04\/MYY_Luukku-kiinni-768x576.png 768w\" sizes=\"auto, (max-width: 1024px) 100vw, 1024px\" \/>\t\t\t\t\t\t\n\t\t\t\t\t<\/div>\n\t\t\t\t\t\t\t\t\n<style>\n#image_104864932 {\n  width: 80%;\n}\n<\/style>\n\t<\/div>\n\t\n\n\n\t\t<\/div>\n\t\t\t\t\t<\/div>\n\n\t\n\n\t<div id=\"col-1838008066\" class=\"col medium-8 small-12 large-8\"  >\n\t\t\t\t<div class=\"col-inner\"  >\n\t\t\t\n\t\t\t\n\n\t<div id=\"text-3800434772\" class=\"text\">\n\t\t\n\n<h2>microTURBOMATIC<\/h2>\n<p>Kompakte, aber effektive Heizl\u00f6sung f\u00fcr volumetrische Betonmischer.<\/p>\n\t\t\n<style>\n#text-3800434772 {\n  line-height: 1.5;\n}\n<\/style>\n\t<\/div>\n\t\n<a href=\"https:\/\/www.polarmatic.com\/de\/loesungen\/turbomatic-heizloesungen\/turbomatic-waermeenergieeinheit\/microturbomatic-mic\" class=\"button primary lowercase\" >\n\t\t<span>Weiterlesen<\/span>\n\t<\/a>\n\n\n\n\t\t<\/div>\n\t\t\t\t\t<\/div>\n\n\t\n\n\n<style>\n#row-1011107551 > .col > .col-inner {\n  padding: 30px 0px 0px 0px;\n}\n<\/style>\n<\/div>\n\n","protected":false},"excerpt":{"rendered":"","protected":false},"author":1,"featured_media":0,"parent":7158,"menu_order":1,"comment_status":"closed","ping_status":"closed","template":"","meta":{"_acf_changed":false,"footnotes":""},"class_list":["post-7178","page","type-page","status-publish","hentry"],"acf":[],"_links":{"self":[{"href":"https:\/\/www.polarmatic.com\/de\/wp-json\/wp\/v2\/pages\/7178","targetHints":{"allow":["GET"]}}],"collection":[{"href":"https:\/\/www.polarmatic.com\/de\/wp-json\/wp\/v2\/pages"}],"about":[{"href":"https:\/\/www.polarmatic.com\/de\/wp-json\/wp\/v2\/types\/page"}],"author":[{"embeddable":true,"href":"https:\/\/www.polarmatic.com\/de\/wp-json\/wp\/v2\/users\/1"}],"replies":[{"embeddable":true,"href":"https:\/\/www.polarmatic.com\/de\/wp-json\/wp\/v2\/comments?post=7178"}],"version-history":[{"count":4,"href":"https:\/\/www.polarmatic.com\/de\/wp-json\/wp\/v2\/pages\/7178\/revisions"}],"predecessor-version":[{"id":8405,"href":"https:\/\/www.polarmatic.com\/de\/wp-json\/wp\/v2\/pages\/7178\/revisions\/8405"}],"up":[{"embeddable":true,"href":"https:\/\/www.polarmatic.com\/de\/wp-json\/wp\/v2\/pages\/7158"}],"wp:attachment":[{"href":"https:\/\/www.polarmatic.com\/de\/wp-json\/wp\/v2\/media?parent=7178"}],"curies":[{"name":"wp","href":"https:\/\/api.w.org\/{rel}","templated":true}]}}