{"id":7186,"date":"2023-02-20T12:14:23","date_gmt":"2023-02-20T10:14:23","guid":{"rendered":"https:\/\/www.polarmatic.com\/loesungen\/coolmatic-kuehlloesungen\/coolmatic-kaltwasseranlage\/"},"modified":"2023-10-20T11:14:34","modified_gmt":"2023-10-20T08:14:34","slug":"coolmatic-kaltwasseranlage","status":"publish","type":"page","link":"https:\/\/www.polarmatic.com\/de\/loesungen-fur-betonindustrie\/coolmatic-kuehlloesungen\/coolmatic-kaltwasseranlage\/","title":{"rendered":"COOLMATIC Kaltwasseranlage"},"content":{"rendered":"\n<div class=\"row\"  id=\"row-1876052285\">\n\n\n\t<div id=\"col-252585338\" class=\"col small-12 large-12\"  >\n\t\t\t\t<div class=\"col-inner\"  >\n\t\t\t\n\t\t\t\n\n\t\t<div class=\"pm-breadcrumbs\">\n\t\t\t\t\n\n<span><span><a href=\"https:\/\/www.polarmatic.com\/de\/\">Home<\/a><\/span><\/span>\n\t\t<\/div>\n\t\n\n\t\t<\/div>\n\t\t\t\t\t<\/div>\n\n\t\n\n<\/div>\n<div class=\"row\"  id=\"row-1905459868\">\n\n\n\t<div id=\"col-26555590\" class=\"col medium-6 small-12 large-6\"  >\n\t\t\t\t<div class=\"col-inner\"  >\n\t\t\t\n\t\t\t\n\n\t<div id=\"text-668249154\" class=\"text\">\n\t\t\n\n<h1>COOLMATIC Kaltwasseranlage<\/h1>\n<p>Zur K\u00fchlung des bei der Betonproduktion verwendeten Wassers und wenn keine Zuschlagstoffk\u00fchlung erforderlich ist, ist eine Kaltwasseranlage eine gute Wahl.<\/p>\n<p>Die Dimensionierung des Kaltwasseranlage erfolgt immer gemeinsam mit dem Kunden auf der Grundlage der Anforderungen der Anlage, um sicherzustellen, dass er den K\u00fchlanforderungen des Betonproduktionsstandorts entspricht, jedoch immer so, dass er nicht \u00fcberdimensioniert wird.<\/p>\n<p>Gek\u00fchltes Wasser kann auch zur K\u00fchlung des Geb\u00e4udes eingesetzt werden, um dem Personal angenehme Arbeitsbedingungen zu bieten.<\/p>\n<h2><span style=\"color: #3a5dae; font-size: 80%;\">Vorteile der COOLMATIC-Kaltwasseranlage:<\/span><\/h2>\n<ul>\n<li>F\u00fcr die Produktion steht kaltes Wasser zur Verf\u00fcgung<\/li>\n<li>Viele Gr\u00f6\u00dfenoptionen<\/li>\n<li>L\u00e4uft mit Strom<\/li>\n<li>K\u00fchlung der R\u00e4umlichkeiten als zus\u00e4tzliche Option<\/li>\n<li>M\u00f6glichkeit zur Integration in Polarmatic-Heizsystemen, auch als Nachr\u00fcstung<\/li>\n<\/ul>\n\t\t\n<style>\n#text-668249154 {\n  line-height: 1.5;\n}\n<\/style>\n\t<\/div>\n\t\n\n\t\t<\/div>\n\t\t\t\t\t<\/div>\n\n\t\n\n\t<div id=\"col-1231090627\" class=\"col medium-6 small-12 large-6\"  >\n\t\t\t\t<div class=\"col-inner\"  >\n\t\t\t\n\t\t\t\n\n\n  \n    <div id=\"gallery-665799751\" class=\"slider slider-auto-height row-collapse slider-nav-circle\" data-flickity-options='{&quot;imagesLoaded&quot;: true, &quot;dragThreshold&quot; : 5, &quot;cellAlign&quot;: &quot;left&quot;,&quot;wrapAround&quot;: true,&quot;prevNextButtons&quot;: true,&quot;percentPosition&quot;: true,&quot;pageDots&quot;: true, &quot;rightToLeft&quot;: false, &quot;autoPlay&quot; : 6000}'>\n\n  <div class=\"gallery-col col\" >\n          <div class=\"col-inner\">\n            <a class=\"image-lightbox lightbox-gallery\" href=\"https:\/\/www.polarmatic.com\/wp-content\/uploads\/2023\/04\/PME-STD-Chiller-2048x1536.png\" title=\"Kombinierte Heiz- und K\u00fchll\u00f6sung\">            <div class=\"box has-hover gallery-box box-normal\">\n              <div class=\"box-image\" >\n                <img loading=\"lazy\" decoding=\"async\" width=\"2048\" height=\"1536\" src=\"https:\/\/www.polarmatic.com\/wp-content\/uploads\/2023\/04\/PME-STD-Chiller-2048x1536.png\" class=\"attachment-2048x2048 size-2048x2048\" alt=\"COOLMATIC Cold Water Cooling\" ids=\"5436\" style=\"normal\" lightbox_image_size=\"2048x2048\" type=\"slider-full\" slider_nav_style=\"circle\" slider_bullets=\"true\" auto_slide=\"6000\" image_size=\"2048x2048\" text_align=\"right\" srcset=\"https:\/\/www.polarmatic.com\/wp-content\/uploads\/2023\/04\/PME-STD-Chiller-2048x1536.png 2048w, https:\/\/www.polarmatic.com\/wp-content\/uploads\/2023\/04\/PME-STD-Chiller-300x225.png 300w, https:\/\/www.polarmatic.com\/wp-content\/uploads\/2023\/04\/PME-STD-Chiller-1024x768.png 1024w, https:\/\/www.polarmatic.com\/wp-content\/uploads\/2023\/04\/PME-STD-Chiller-768x576.png 768w, https:\/\/www.polarmatic.com\/wp-content\/uploads\/2023\/04\/PME-STD-Chiller-1536x1152.png 1536w\" sizes=\"auto, (max-width: 2048px) 100vw, 2048px\" \/>                                                              <\/div>\n              <div class=\"box-text text-right\" >\n                 <p>Kombinierte Heiz- und K\u00fchll\u00f6sung<\/p>\n              <\/div>\n            <\/div>\n            <\/a>          <\/div>\n         <\/div><\/div>\n\n\n\t\t<\/div>\n\t\t\t\t\t<\/div>\n\n\t\n\n<\/div>\n\n","protected":false},"excerpt":{"rendered":"","protected":false},"author":1,"featured_media":0,"parent":7162,"menu_order":1,"comment_status":"closed","ping_status":"closed","template":"","meta":{"_acf_changed":false,"footnotes":""},"class_list":["post-7186","page","type-page","status-publish","hentry"],"acf":[],"_links":{"self":[{"href":"https:\/\/www.polarmatic.com\/de\/wp-json\/wp\/v2\/pages\/7186","targetHints":{"allow":["GET"]}}],"collection":[{"href":"https:\/\/www.polarmatic.com\/de\/wp-json\/wp\/v2\/pages"}],"about":[{"href":"https:\/\/www.polarmatic.com\/de\/wp-json\/wp\/v2\/types\/page"}],"author":[{"embeddable":true,"href":"https:\/\/www.polarmatic.com\/de\/wp-json\/wp\/v2\/users\/1"}],"replies":[{"embeddable":true,"href":"https:\/\/www.polarmatic.com\/de\/wp-json\/wp\/v2\/comments?post=7186"}],"version-history":[{"count":2,"href":"https:\/\/www.polarmatic.com\/de\/wp-json\/wp\/v2\/pages\/7186\/revisions"}],"predecessor-version":[{"id":8066,"href":"https:\/\/www.polarmatic.com\/de\/wp-json\/wp\/v2\/pages\/7186\/revisions\/8066"}],"up":[{"embeddable":true,"href":"https:\/\/www.polarmatic.com\/de\/wp-json\/wp\/v2\/pages\/7162"}],"wp:attachment":[{"href":"https:\/\/www.polarmatic.com\/de\/wp-json\/wp\/v2\/media?parent=7186"}],"curies":[{"name":"wp","href":"https:\/\/api.w.org\/{rel}","templated":true}]}}