{"id":7194,"date":"2023-02-20T12:15:41","date_gmt":"2023-02-20T10:15:41","guid":{"rendered":"https:\/\/www.polarmatic.com\/loesungen\/coolmatic-kuehlloesungen\/kombinierte-kuehl-und-heizloesung\/"},"modified":"2023-11-09T13:24:08","modified_gmt":"2023-11-09T11:24:08","slug":"kombinierte-kuehl-und-heizloesung","status":"publish","type":"page","link":"https:\/\/www.polarmatic.com\/de\/loesungen-fur-betonindustrie\/coolmatic-kuehlloesungen\/kombinierte-kuehl-und-heizloesung\/","title":{"rendered":"Kombinierte K\u00fchl- und Heizl\u00f6sung"},"content":{"rendered":"\n<div class=\"row\"  id=\"row-136771851\">\n\n\n\t<div id=\"col-598781032\" class=\"col small-12 large-12\"  >\n\t\t\t\t<div class=\"col-inner\"  >\n\t\t\t\n\t\t\t\n\n\t\t<div class=\"pm-breadcrumbs\">\n\t\t\t\t\n\n<span><span><a href=\"https:\/\/www.polarmatic.com\/de\/\">Home<\/a><\/span><\/span>\n\t\t<\/div>\n\t\n\n\t\t<\/div>\n\t\t\t\t\t<\/div>\n\n\t\n\n<\/div>\n<div class=\"row\"  id=\"row-1007598569\">\n\n\n\t<div id=\"col-847474024\" class=\"col medium-6 small-12 large-6\"  >\n\t\t\t\t<div class=\"col-inner\"  >\n\t\t\t\n\t\t\t\n\n\t<div id=\"text-3807309984\" class=\"text\">\n\t\t\n\n<h1>Kombinierte K\u00fchl- und Heizl\u00f6sung<\/h1>\n<p>COOLMATIC-Kaltwasseranlagen k\u00f6nnen mit einer TURBOMATIC-W\u00e4rmeenergieeinheit kombiniert werden, um eine vollst\u00e4ndig integrierte, kombinierte K\u00fchl- und Heizl\u00f6sung bereitzustellen.<\/p>\n<p>Die TURBOMATIC-W\u00e4rmeenergieeinheit liefert W\u00e4rme zum schnellen Auftauen gefrorener Zuschl\u00e4ge, zum effizienten Vorheizen und Erhitzen der Zuschl\u00e4ge sowie zur Produktion des gesamten Warmwassers, das f\u00fcr den Produktionsprozess, den Heizbedarf der Anlage und Brauchwasserzwecke ben\u00f6tigt wird.<\/p>\n<p>Bei der Kombination einer COOLMATIC Anlage mit der TURBOMATIC-W\u00e4rmeenergieeinheit zu einer kombinierten Heiz- und K\u00fchll\u00f6sung wird der Warmwassertank der Heizanlage zur Lagerung von kaltem Wasser genutzt und die gleiche Wasserdosieranlage die in der kalten Jahreszeit zur Versorgung von warmem Dosierwasser verwendet wird, dient in den hei\u00dfen Monaten zur Kaltwasserversorgung der Mischanlage.<\/p>\n\t\t\n<style>\n#text-3807309984 {\n  line-height: 1.5;\n}\n<\/style>\n\t<\/div>\n\t\n<a href=\"https:\/\/www.polarmatic.com\/de\/loesungen\/turbomatic-heizloesungen\/\" class=\"button primary lowercase\" >\n\t\t<span>TURBOMATIC Heizl\u00f6sungen<\/span>\n\t<\/a>\n\n\n<a href=\"https:\/\/www.polarmatic.com\/de\/loesungen\/coolmatic-kuehlloesungen\/\" class=\"button primary lowercase\" >\n\t\t<span>COOLMATIC K\u00fchll\u00f6sungen<\/span>\n\t<\/a>\n\n\n\n\t\t<\/div>\n\t\t\t\t\t<\/div>\n\n\t\n\n\t<div id=\"col-485232367\" class=\"col medium-6 small-12 large-6\"  >\n\t\t\t\t<div class=\"col-inner\"  >\n\t\t\t\n\t\t\t\n\n\t<div class=\"img has-hover x md-x lg-x y md-y lg-y\" id=\"image_223112569\">\n\t\t\t\t\t\t\t\t<div class=\"img-inner image-cover dark\" style=\"padding-top:56.25%;\">\n\t\t\t<img loading=\"lazy\" decoding=\"async\" width=\"2048\" height=\"2048\" src=\"https:\/\/www.polarmatic.com\/wp-content\/uploads\/2023\/04\/Coolmatic-tehdas-01-2048x2048.jpg\" class=\"attachment-2048x2048 size-2048x2048\" alt=\"Coolmatic Cooling Solutions\" srcset=\"https:\/\/www.polarmatic.com\/wp-content\/uploads\/2023\/04\/Coolmatic-tehdas-01-2048x2048.jpg 2048w, https:\/\/www.polarmatic.com\/wp-content\/uploads\/2023\/04\/Coolmatic-tehdas-01-300x300.jpg 300w, https:\/\/www.polarmatic.com\/wp-content\/uploads\/2023\/04\/Coolmatic-tehdas-01-1024x1024.jpg 1024w, https:\/\/www.polarmatic.com\/wp-content\/uploads\/2023\/04\/Coolmatic-tehdas-01-150x150.jpg 150w, https:\/\/www.polarmatic.com\/wp-content\/uploads\/2023\/04\/Coolmatic-tehdas-01-768x768.jpg 768w, https:\/\/www.polarmatic.com\/wp-content\/uploads\/2023\/04\/Coolmatic-tehdas-01-1536x1536.jpg 1536w\" sizes=\"auto, (max-width: 2048px) 100vw, 2048px\" \/>\t\t\t\t\t\t\n\t\t\t\t\t<\/div>\n\t\t\t\t\t\t\t\t\n<style>\n#image_223112569 {\n  width: 100%;\n}\n<\/style>\n\t<\/div>\n\t\n\n\n\t\t<\/div>\n\t\t\t\t\t<\/div>\n\n\t\n\n<\/div>\n\n","protected":false},"excerpt":{"rendered":"","protected":false},"author":1,"featured_media":0,"parent":7162,"menu_order":3,"comment_status":"closed","ping_status":"closed","template":"","meta":{"_acf_changed":false,"footnotes":""},"class_list":["post-7194","page","type-page","status-publish","hentry"],"acf":[],"_links":{"self":[{"href":"https:\/\/www.polarmatic.com\/de\/wp-json\/wp\/v2\/pages\/7194","targetHints":{"allow":["GET"]}}],"collection":[{"href":"https:\/\/www.polarmatic.com\/de\/wp-json\/wp\/v2\/pages"}],"about":[{"href":"https:\/\/www.polarmatic.com\/de\/wp-json\/wp\/v2\/types\/page"}],"author":[{"embeddable":true,"href":"https:\/\/www.polarmatic.com\/de\/wp-json\/wp\/v2\/users\/1"}],"replies":[{"embeddable":true,"href":"https:\/\/www.polarmatic.com\/de\/wp-json\/wp\/v2\/comments?post=7194"}],"version-history":[{"count":3,"href":"https:\/\/www.polarmatic.com\/de\/wp-json\/wp\/v2\/pages\/7194\/revisions"}],"predecessor-version":[{"id":8206,"href":"https:\/\/www.polarmatic.com\/de\/wp-json\/wp\/v2\/pages\/7194\/revisions\/8206"}],"up":[{"embeddable":true,"href":"https:\/\/www.polarmatic.com\/de\/wp-json\/wp\/v2\/pages\/7162"}],"wp:attachment":[{"href":"https:\/\/www.polarmatic.com\/de\/wp-json\/wp\/v2\/media?parent=7194"}],"curies":[{"name":"wp","href":"https:\/\/api.w.org\/{rel}","templated":true}]}}