{"id":7198,"date":"2023-02-20T12:16:13","date_gmt":"2023-02-20T10:16:13","guid":{"rendered":"https:\/\/www.polarmatic.com\/loesungen\/coolmatic-kuehlloesungen\/kuehlung-nachruesten\/"},"modified":"2023-11-22T15:43:21","modified_gmt":"2023-11-22T13:43:21","slug":"kuehlung-nachruesten","status":"publish","type":"page","link":"https:\/\/www.polarmatic.com\/de\/loesungen-fur-betonindustrie\/coolmatic-kuehlloesungen\/kuehlung-nachruesten\/","title":{"rendered":"K\u00fchlung nachr\u00fcsten"},"content":{"rendered":"\n<div class=\"row\"  id=\"row-930534755\">\n\n\n\t<div id=\"col-1774449818\" class=\"col small-12 large-12\"  >\n\t\t\t\t<div class=\"col-inner\"  >\n\t\t\t\n\t\t\t\n\n\t\t<div class=\"pm-breadcrumbs\">\n\t\t\t\t\n\n<span><span><a href=\"https:\/\/www.polarmatic.com\/de\/\">Home<\/a><\/span><\/span>\n\t\t<\/div>\n\t\n\n\t\t<\/div>\n\t\t\t\t\t<\/div>\n\n\t\n\n<\/div>\n<div class=\"row\"  id=\"row-1824275960\">\n\n\n\t<div id=\"col-1382886277\" class=\"col medium-6 small-12 large-6\"  >\n\t\t\t\t<div class=\"col-inner\"  >\n\t\t\t\n\t\t\t\n\n\t<div id=\"text-3923436612\" class=\"text\">\n\t\t\n\n<h1>COOLMATIC-Nachr\u00fcstungen<\/h1>\n<p>Wenn die Betonproduktionsanlage bereits mit einem Polarmatic-Heizsystem ausgestattet ist und Bedarf an K\u00fchlung besteht, lohnt es sich, die COOLMATIC-Nachr\u00fcstoption zu pr\u00fcfen.<\/p>\n<p>Typischerweise kann der Warmwasserspeicher im Sommer als Kaltwasserspeicher genutzt werden. Dies gilt sowohl f\u00fcr elektrische K\u00fchlanlagen als auch f\u00fcr LIN-K\u00fchlungsalternativen.<\/p>\n<p>Es gibt auch andere Teile im System, wie die TURBOgas-Rohrleitungen, die Steuerung und den Kompressor, die je nach K\u00fchlbedarf der Betonproduktionsanlage und den Systemmerkmalen des aktuellen Turbomatic-Heizsystems verwendet werden k\u00f6nnen.<\/p>\n<h2><span style=\"color: #3a5dae;\"><strong><span style=\"font-size: 80%;\">Vorteile der COOLMATIC-Nachr\u00fcstung<\/span><\/strong><\/span><\/h2>\n<ul>\n<li>Verwendung desselben Wassertanks zum Beheizen und K\u00fchlen von Wasser<\/li>\n<li>Rohrleitungen k\u00f6nnen sowohl zum Heizen als auch zum K\u00fchlen der Zuschl\u00e4ge genutzt werden<\/li>\n<li>Schnelle Installation<\/li>\n<li>Nachhaltige L\u00f6sung<\/li>\n<li>Kosteneffiziente L\u00f6sung<\/li>\n<\/ul>\n\t\t\n<style>\n#text-3923436612 {\n  line-height: 1.5;\n}\n<\/style>\n\t<\/div>\n\t\n\n\t\t<\/div>\n\t\t\t\t\t<\/div>\n\n\t\n\n\t<div id=\"col-254737185\" class=\"col medium-6 small-12 large-6\"  >\n\t\t\t\t<div class=\"col-inner\"  >\n\t\t\t\n\t\t\t\n\n\n  \n    <div id=\"gallery-1870659478\" class=\"slider slider-auto-height row-collapse slider-nav-circle\" data-flickity-options='{&quot;imagesLoaded&quot;: true, &quot;dragThreshold&quot; : 5, &quot;cellAlign&quot;: &quot;left&quot;,&quot;wrapAround&quot;: true,&quot;prevNextButtons&quot;: true,&quot;percentPosition&quot;: true,&quot;pageDots&quot;: true, &quot;rightToLeft&quot;: false, &quot;autoPlay&quot; : 6000}'>\n\n  <div class=\"gallery-col col\" >\n          <div class=\"col-inner\">\n            <a class=\"image-lightbox lightbox-gallery\" href=\"https:\/\/www.polarmatic.com\/wp-content\/uploads\/2023\/04\/Bemo-Bad-Bergzabern-edited-2048x2044.jpg\" title=\"Kombinierte Heiz- und K\u00fchll\u00f6sung\">            <div class=\"box has-hover gallery-box box-normal\">\n              <div class=\"box-image\" >\n                <img loading=\"lazy\" decoding=\"async\" width=\"2048\" height=\"2044\" src=\"https:\/\/www.polarmatic.com\/wp-content\/uploads\/2023\/04\/Bemo-Bad-Bergzabern-edited-2048x2044.jpg\" class=\"attachment-2048x2048 size-2048x2048\" alt=\"Combined heating and cooling solution by Polarmatic\" ids=\"5498\" style=\"normal\" lightbox_image_size=\"2048x2048\" type=\"slider-full\" slider_nav_style=\"circle\" slider_bullets=\"true\" auto_slide=\"6000\" image_size=\"2048x2048\" text_align=\"right\" srcset=\"https:\/\/www.polarmatic.com\/wp-content\/uploads\/2023\/04\/Bemo-Bad-Bergzabern-edited-2048x2044.jpg 2048w, https:\/\/www.polarmatic.com\/wp-content\/uploads\/2023\/04\/Bemo-Bad-Bergzabern-edited-300x300.jpg 300w, https:\/\/www.polarmatic.com\/wp-content\/uploads\/2023\/04\/Bemo-Bad-Bergzabern-edited-1024x1022.jpg 1024w, https:\/\/www.polarmatic.com\/wp-content\/uploads\/2023\/04\/Bemo-Bad-Bergzabern-edited-150x150.jpg 150w, https:\/\/www.polarmatic.com\/wp-content\/uploads\/2023\/04\/Bemo-Bad-Bergzabern-edited-768x766.jpg 768w, https:\/\/www.polarmatic.com\/wp-content\/uploads\/2023\/04\/Bemo-Bad-Bergzabern-edited-1536x1533.jpg 1536w\" sizes=\"auto, (max-width: 2048px) 100vw, 2048px\" \/>                                                              <\/div>\n              <div class=\"box-text text-right\" >\n                 <p>Kombinierte Heiz- und K\u00fchll\u00f6sung<\/p>\n              <\/div>\n            <\/div>\n            <\/a>          <\/div>\n         <\/div><\/div>\n\n\n\t\t<\/div>\n\t\t\t\t\t<\/div>\n\n\t\n\n<\/div>\n\n","protected":false},"excerpt":{"rendered":"","protected":false},"author":1,"featured_media":0,"parent":7162,"menu_order":4,"comment_status":"closed","ping_status":"closed","template":"","meta":{"_acf_changed":false,"footnotes":""},"class_list":["post-7198","page","type-page","status-publish","hentry"],"acf":[],"_links":{"self":[{"href":"https:\/\/www.polarmatic.com\/de\/wp-json\/wp\/v2\/pages\/7198","targetHints":{"allow":["GET"]}}],"collection":[{"href":"https:\/\/www.polarmatic.com\/de\/wp-json\/wp\/v2\/pages"}],"about":[{"href":"https:\/\/www.polarmatic.com\/de\/wp-json\/wp\/v2\/types\/page"}],"author":[{"embeddable":true,"href":"https:\/\/www.polarmatic.com\/de\/wp-json\/wp\/v2\/users\/1"}],"replies":[{"embeddable":true,"href":"https:\/\/www.polarmatic.com\/de\/wp-json\/wp\/v2\/comments?post=7198"}],"version-history":[{"count":3,"href":"https:\/\/www.polarmatic.com\/de\/wp-json\/wp\/v2\/pages\/7198\/revisions"}],"predecessor-version":[{"id":8421,"href":"https:\/\/www.polarmatic.com\/de\/wp-json\/wp\/v2\/pages\/7198\/revisions\/8421"}],"up":[{"embeddable":true,"href":"https:\/\/www.polarmatic.com\/de\/wp-json\/wp\/v2\/pages\/7162"}],"wp:attachment":[{"href":"https:\/\/www.polarmatic.com\/de\/wp-json\/wp\/v2\/media?parent=7198"}],"curies":[{"name":"wp","href":"https:\/\/api.w.org\/{rel}","templated":true}]}}