{"id":7218,"date":"2023-02-20T12:27:47","date_gmt":"2023-02-20T10:27:47","guid":{"rendered":"https:\/\/www.polarmatic.com\/loesungen\/informationsloesungen\/tempmatic\/"},"modified":"2023-11-09T13:34:44","modified_gmt":"2023-11-09T11:34:44","slug":"tempmatic","status":"publish","type":"page","link":"https:\/\/www.polarmatic.com\/de\/loesungen-fur-betonindustrie\/informationsloesungen\/tempmatic\/","title":{"rendered":"TEMPMATIC"},"content":{"rendered":"\n<div class=\"row\"  id=\"row-815658946\">\n\n\n\t<div id=\"col-250317136\" class=\"col small-12 large-12\"  >\n\t\t\t\t<div class=\"col-inner\"  >\n\t\t\t\n\t\t\t\n\n\t\t<div class=\"pm-breadcrumbs\">\n\t\t\t\t\n\n<span><span><a href=\"https:\/\/www.polarmatic.com\/de\/\">Home<\/a><\/span><\/span>\n\t\t<\/div>\n\t\n\n\t\t<\/div>\n\t\t\t\t\t<\/div>\n\n\t\n\n<\/div>\n<div class=\"row\"  id=\"row-917040736\">\n\n\n\t<div id=\"col-663909191\" class=\"col medium-6 small-12 large-6\"  >\n\t\t\t\t<div class=\"col-inner\"  >\n\t\t\t\n\t\t\t\n\n\t<div id=\"text-2523460020\" class=\"text\">\n\t\t\n\n<h1>TEMPMATIC<\/h1>\n<p>System zur Messung der Betontemperatur Einzigartiges<\/p>\n<p>Temperaturmesssystem zur zuverl\u00e4ssigen Messung der Temperatur von Zuschlagstoffen, Beton und Betonprodukten.<\/p>\n<p>TEMPMATIC wird Produktionsteams dabei unterst\u00fctzen, die Produktionsprozesse besser zu steuern und die Produktqualit\u00e4t zu verbessern, aber auch Kosteneinsparungen zu erzielen.<\/p>\n<h2><span style=\"font-size: 75%; color: #3a5dae;\"><strong>Tempmatic \/ PMC-37 \/ P-B <\/strong><\/span><\/h2>\n<p>Zur Messung der Betontemperatur in Doppelwellen- und Tellermischern.<\/p>\n<h2><span style=\"font-size: 75%; color: #3a5dae;\"><strong>Tempmatic \/ PMC-37 \/ N-M<\/strong><\/span><\/h2>\n<p>Zur Messung der Betontemperatur in Freifallmischern.<\/p>\n<h2><span style=\"font-size: 75%;\"><strong><span style=\"color: #3a5dae;\">Tempmatic \/ PMC-37 \/ OPA <\/span><\/strong><\/span><\/h2>\n<p>Zur \u00dcberwachung der Temperatur der Hohlk\u00f6rperplatten w\u00e4hrend des Aush\u00e4rtungsprozesses.<\/p>\n<h2><span style=\"color: #3a5dae; font-size: 75%;\"><strong>Tempmatic \/ PMC-37 \/ AS <\/strong><\/span><\/h2>\n<p>Zur \u00dcberwachung der Zuschlagstemperatur in Silos. \u00a0<\/p>\n<h2><span style=\"color: #3a5dae; font-size: 75%;\"><strong>Kompatibel mit<\/strong><\/span><\/h2>\n<ul>\n<li><a href=\"https:\/\/www.polarmatic.com\/de\/loesungen\/turbomatic-heizloesungen\/\">TURBOMATIC<\/a>-Heizl\u00f6sungen<\/li>\n<li><a href=\"https:\/\/www.polarmatic.com\/de\/loesungen\/coolmatic-kuehlloesungen\/\">COOLMATIC<\/a> K\u00fchll\u00f6sungen<\/li>\n<li><a href=\"https:\/\/www.polarmatic.com\/de\/loesungen\/curematic-aushaertungsloesungen\/\">CUREMATIC<\/a>-Aush\u00e4rtungsl\u00f6sungen<\/li>\n<li><a href=\"https:\/\/www.polarmatic.com\/de\/loesungen\/steuerungsloesungen\/proconx\/\">ProConX<\/a>-Steuerungssystem<\/li>\n<\/ul>\n\t\t\n<style>\n#text-2523460020 {\n  line-height: 1.5;\n}\n<\/style>\n\t<\/div>\n\t\n\n\t\t<\/div>\n\t\t\t\t\t<\/div>\n\n\t\n\n\t<div id=\"col-630644985\" class=\"col medium-6 small-12 large-6\"  >\n\t\t\t\t<div class=\"col-inner\"  >\n\t\t\t\n\t\t\t\n\n\n  \n    <div id=\"gallery-353560535\" class=\"slider slider-auto-height row-collapse slider-nav-circle\" data-flickity-options='{&quot;imagesLoaded&quot;: true, &quot;dragThreshold&quot; : 5, &quot;cellAlign&quot;: &quot;left&quot;,&quot;wrapAround&quot;: true,&quot;prevNextButtons&quot;: true,&quot;percentPosition&quot;: true,&quot;pageDots&quot;: true, &quot;rightToLeft&quot;: false, &quot;autoPlay&quot; : 6000}'>\n\n  <div class=\"gallery-col col\" >\n          <div class=\"col-inner\">\n            <a class=\"image-lightbox lightbox-gallery\" href=\"https:\/\/www.polarmatic.com\/wp-content\/uploads\/2023\/04\/Tempmatic-image-1.png\" title=\"\">            <div class=\"box has-hover gallery-box box-overlay dark\">\n              <div class=\"box-image\" >\n                <img loading=\"lazy\" decoding=\"async\" width=\"620\" height=\"398\" src=\"https:\/\/www.polarmatic.com\/wp-content\/uploads\/2023\/04\/Tempmatic-image-1.png\" class=\"attachment-2048x2048 size-2048x2048\" alt=\"Tempmatic image - free fall mixer\" ids=\"5980\" lightbox_image_size=\"2048x2048\" type=\"slider-full\" slider_nav_style=\"circle\" slider_bullets=\"true\" auto_slide=\"6000\" image_size=\"2048x2048\" srcset=\"https:\/\/www.polarmatic.com\/wp-content\/uploads\/2023\/04\/Tempmatic-image-1.png 620w, https:\/\/www.polarmatic.com\/wp-content\/uploads\/2023\/04\/Tempmatic-image-1-300x193.png 300w\" sizes=\"auto, (max-width: 620px) 100vw, 620px\" \/>                                  <div class=\"overlay fill\"\n                      style=\"background-color: rgba(0,0,0,.15)\">\n                  <\/div>\n                                                              <\/div>\n              <div class=\"box-text text-left\" >\n                 <p><\/p>\n              <\/div>\n            <\/div>\n            <\/a>          <\/div>\n         <\/div><\/div>\n\n\n\t\t<\/div>\n\t\t\t\t\t<\/div>\n\n\t\n\n<\/div>\n\n","protected":false},"excerpt":{"rendered":"","protected":false},"author":1,"featured_media":0,"parent":7170,"menu_order":2,"comment_status":"closed","ping_status":"closed","template":"","meta":{"_acf_changed":false,"footnotes":""},"class_list":["post-7218","page","type-page","status-publish","hentry"],"acf":[],"_links":{"self":[{"href":"https:\/\/www.polarmatic.com\/de\/wp-json\/wp\/v2\/pages\/7218","targetHints":{"allow":["GET"]}}],"collection":[{"href":"https:\/\/www.polarmatic.com\/de\/wp-json\/wp\/v2\/pages"}],"about":[{"href":"https:\/\/www.polarmatic.com\/de\/wp-json\/wp\/v2\/types\/page"}],"author":[{"embeddable":true,"href":"https:\/\/www.polarmatic.com\/de\/wp-json\/wp\/v2\/users\/1"}],"replies":[{"embeddable":true,"href":"https:\/\/www.polarmatic.com\/de\/wp-json\/wp\/v2\/comments?post=7218"}],"version-history":[{"count":3,"href":"https:\/\/www.polarmatic.com\/de\/wp-json\/wp\/v2\/pages\/7218\/revisions"}],"predecessor-version":[{"id":8218,"href":"https:\/\/www.polarmatic.com\/de\/wp-json\/wp\/v2\/pages\/7218\/revisions\/8218"}],"up":[{"embeddable":true,"href":"https:\/\/www.polarmatic.com\/de\/wp-json\/wp\/v2\/pages\/7170"}],"wp:attachment":[{"href":"https:\/\/www.polarmatic.com\/de\/wp-json\/wp\/v2\/media?parent=7218"}],"curies":[{"name":"wp","href":"https:\/\/api.w.org\/{rel}","templated":true}]}}