{"id":7222,"date":"2023-02-20T12:28:17","date_gmt":"2023-02-20T10:28:17","guid":{"rendered":"https:\/\/www.polarmatic.com\/loesungen\/informationsloesungen\/polarama\/"},"modified":"2023-10-20T11:52:25","modified_gmt":"2023-10-20T08:52:25","slug":"polarama","status":"publish","type":"page","link":"https:\/\/www.polarmatic.com\/de\/loesungen-fur-betonindustrie\/informationsloesungen\/polarama\/","title":{"rendered":"POLARAMA"},"content":{"rendered":"\n<div class=\"row\"  id=\"row-1039185504\">\n\n\n\t<div id=\"col-1885794673\" class=\"col small-12 large-12\"  >\n\t\t\t\t<div class=\"col-inner\"  >\n\t\t\t\n\t\t\t\n\n\t\t<div class=\"pm-breadcrumbs\">\n\t\t\t\t\n\n<span><span><a href=\"https:\/\/www.polarmatic.com\/de\/\">Home<\/a><\/span><\/span>\n\t\t<\/div>\n\t\n\n\t\t<\/div>\n\t\t\t\t\t<\/div>\n\n\t\n\n<\/div>\n<div class=\"row\"  id=\"row-1293600025\">\n\n\n\t<div id=\"col-906406518\" class=\"col medium-6 small-12 large-6\"  >\n\t\t\t\t<div class=\"col-inner\"  >\n\t\t\t\n\t\t\t\n\n\t<div id=\"text-3137569581\" class=\"text\">\n\t\t\n\n<h1>POLARAMA<\/h1>\n<p>POLARAMA ist ein Video\u00fcberwachungssystem f\u00fcr Mischanlagen, an das bis zu 16 Kameras mit erstklassiger Videoqualit\u00e4t angeschlossen werden k\u00f6nnen.<\/p>\n<h2><span style=\"font-size: 75%; color: #3a5dae;\"><strong>Das POLARAMA-System erm\u00f6glicht:<\/strong><\/span><\/h2>\n<ul>\n<li>Webinterface f\u00fcr bis zu 16 Kameras<\/li>\n<li>Keine Installation, funktioniert \u00fcber Webbrowser<\/li>\n<li>HDMI (Bildschirm)-Schnittstelle f\u00fcr bis zu 4 Kameras<\/li>\n<li>POE-Schalter (Power over Ethernet).<\/li>\n<li>Volle Unterst\u00fctzung f\u00fcr HD-IP-Kamera, IP67, POE, Nachtsicht<\/li>\n<li>Volle Unterst\u00fctzung f\u00fcr analoge Kameras \u00fcber Videoserver \u2013 Wiederverwendung von Kameras und Installation<\/li>\n<li>Erm\u00f6glicht Verbindungen zu IP-Kameras im Unternehmensnetzwerk (mittels VLC)<\/li>\n<li>Eine Website zur \u00dcberwachung aller Unternehmensanlagen und ihrer Kameras<\/li>\n<li>Protokolliert die Charge beim Entleeren des Mischers<\/li>\n<\/ul>\n\t\t\n<style>\n#text-3137569581 {\n  line-height: 1.5;\n}\n<\/style>\n\t<\/div>\n\t\n\n\t\t<\/div>\n\t\t\t\t\t<\/div>\n\n\t\n\n\t<div id=\"col-960427098\" class=\"col medium-6 small-12 large-6\"  >\n\t\t\t\t<div class=\"col-inner\"  >\n\t\t\t\n\t\t\t\n\n\n  \n    <div id=\"gallery-244370537\" class=\"slider slider-auto-height row-collapse slider-nav-circle\" data-flickity-options='{&quot;imagesLoaded&quot;: true, &quot;dragThreshold&quot; : 5, &quot;cellAlign&quot;: &quot;left&quot;,&quot;wrapAround&quot;: true,&quot;prevNextButtons&quot;: true,&quot;percentPosition&quot;: true,&quot;pageDots&quot;: true, &quot;rightToLeft&quot;: false, &quot;autoPlay&quot; : 6000}'>\n\n  <div class=\"gallery-col col\" >\n          <div class=\"col-inner\">\n            <a class=\"image-lightbox lightbox-gallery\" href=\"https:\/\/www.polarmatic.com\/wp-content\/uploads\/2023\/04\/Polarama-2048x1032.png\" title=\"\">            <div class=\"box has-hover gallery-box box-normal\">\n              <div class=\"box-image\" >\n                <img loading=\"lazy\" decoding=\"async\" width=\"2048\" height=\"1032\" src=\"https:\/\/www.polarmatic.com\/wp-content\/uploads\/2023\/04\/Polarama-2048x1032.png\" class=\"attachment-2048x2048 size-2048x2048\" alt=\"\" ids=\"5300\" style=\"normal\" lightbox_image_size=\"2048x2048\" type=\"slider-full\" slider_nav_style=\"circle\" slider_bullets=\"true\" auto_slide=\"6000\" image_size=\"2048x2048\" text_align=\"right\" srcset=\"https:\/\/www.polarmatic.com\/wp-content\/uploads\/2023\/04\/Polarama-2048x1032.png 2048w, https:\/\/www.polarmatic.com\/wp-content\/uploads\/2023\/04\/Polarama-300x151.png 300w, https:\/\/www.polarmatic.com\/wp-content\/uploads\/2023\/04\/Polarama-1024x516.png 1024w, https:\/\/www.polarmatic.com\/wp-content\/uploads\/2023\/04\/Polarama-768x387.png 768w, https:\/\/www.polarmatic.com\/wp-content\/uploads\/2023\/04\/Polarama-1536x774.png 1536w\" sizes=\"auto, (max-width: 2048px) 100vw, 2048px\" \/>                                                              <\/div>\n              <div class=\"box-text text-right\" >\n                 <p><\/p>\n              <\/div>\n            <\/div>\n            <\/a>          <\/div>\n         <\/div><\/div>\n\n\n\t\t<\/div>\n\t\t\t\t\t<\/div>\n\n\t\n\n<\/div>\n\n","protected":false},"excerpt":{"rendered":"","protected":false},"author":1,"featured_media":0,"parent":7170,"menu_order":3,"comment_status":"closed","ping_status":"closed","template":"","meta":{"_acf_changed":false,"footnotes":""},"class_list":["post-7222","page","type-page","status-publish","hentry"],"acf":[],"_links":{"self":[{"href":"https:\/\/www.polarmatic.com\/de\/wp-json\/wp\/v2\/pages\/7222","targetHints":{"allow":["GET"]}}],"collection":[{"href":"https:\/\/www.polarmatic.com\/de\/wp-json\/wp\/v2\/pages"}],"about":[{"href":"https:\/\/www.polarmatic.com\/de\/wp-json\/wp\/v2\/types\/page"}],"author":[{"embeddable":true,"href":"https:\/\/www.polarmatic.com\/de\/wp-json\/wp\/v2\/users\/1"}],"replies":[{"embeddable":true,"href":"https:\/\/www.polarmatic.com\/de\/wp-json\/wp\/v2\/comments?post=7222"}],"version-history":[{"count":2,"href":"https:\/\/www.polarmatic.com\/de\/wp-json\/wp\/v2\/pages\/7222\/revisions"}],"predecessor-version":[{"id":8102,"href":"https:\/\/www.polarmatic.com\/de\/wp-json\/wp\/v2\/pages\/7222\/revisions\/8102"}],"up":[{"embeddable":true,"href":"https:\/\/www.polarmatic.com\/de\/wp-json\/wp\/v2\/pages\/7170"}],"wp:attachment":[{"href":"https:\/\/www.polarmatic.com\/de\/wp-json\/wp\/v2\/media?parent=7222"}],"curies":[{"name":"wp","href":"https:\/\/api.w.org\/{rel}","templated":true}]}}