{"id":7226,"date":"2023-02-20T12:30:46","date_gmt":"2023-02-20T10:30:46","guid":{"rendered":"https:\/\/www.polarmatic.com\/loesungen\/steuerungsloesungen\/proconx\/"},"modified":"2023-11-22T14:49:46","modified_gmt":"2023-11-22T12:49:46","slug":"proconx","status":"publish","type":"page","link":"https:\/\/www.polarmatic.com\/de\/loesungen-fur-betonindustrie\/steuerungsloesungen\/proconx\/","title":{"rendered":"ProConX"},"content":{"rendered":"\n<div class=\"row\"  id=\"row-809527605\">\n\n\n\t<div id=\"col-1721768804\" class=\"col small-12 large-12\"  >\n\t\t\t\t<div class=\"col-inner\"  >\n\t\t\t\n\t\t\t\n\n\t\t<div class=\"pm-breadcrumbs\">\n\t\t\t\t\n\n<span><span><a href=\"https:\/\/www.polarmatic.com\/de\/\">Home<\/a><\/span><\/span>\n\t\t<\/div>\n\t\n\n\t\t<\/div>\n\t\t\t\t\t<\/div>\n\n\t\n\n<\/div>\n<div class=\"row\"  id=\"row-1559357320\">\n\n\n\t<div id=\"col-721025510\" class=\"col medium-6 small-12 large-6\"  >\n\t\t\t\t<div class=\"col-inner\"  >\n\t\t\t\n\t\t\t\n\n\t<div id=\"text-1902087568\" class=\"text\">\n\t\t\n\n<h1>ProConX<\/h1>\n<p>Das Mischanlagensteuerungssystem ProConX\u2122 der neuen Generation ist die modernste und benutzerfreundlichste Steuerungsl\u00f6sung auf dem Markt und wurde speziell f\u00fcr und in Zusammenarbeit mit der Betonindustrie entwickelt.<\/p>\n<p>ProConX ist nicht wie jedes andere Steuerungssystem \u2013 vielmehr ist es so entwickelt, dass es intuitiv, flexibel, modern, reaktionsschnell und einfach zu bedienen ist. Selbstverst\u00e4ndlich ist ProConX mit allen Features ausgestattet, die Ihre Anlage zur Steuerung der Produktion ben\u00f6tigt \u2013 und noch viel mehr.<\/p>\n<h2><span style=\"font-size: 75%; color: #3a5dae;\"><strong>ProConX Mischanlagensteuerung<\/strong><\/span><\/h2>\n<ul>\n<li>Ist vollst\u00e4ndig webbasiert und kann \u00fcber jeden Browser auf einem PC, Tablet oder Smartphone aufgerufen werden.<\/li>\n<li>W\u00e4hrend der Betonherstellung werden die Daten im Hintergrund angezeigt und nur dann, wenn die Aufmerksamkeit des Bedieners erforderlich ist, werden weitere Details angezeigt.<\/li>\n<li>Die Entscheidungsfindung des Betreibers wird durch Daten und Vorschl\u00e4ge unterst\u00fctzt<\/li>\n<\/ul>\n\t\t\n<style>\n#text-1902087568 {\n  line-height: 1.5;\n}\n<\/style>\n\t<\/div>\n\t\n\n\t\t<\/div>\n\t\t\t\t\t<\/div>\n\n\t\n\n\t<div id=\"col-1722449896\" class=\"col medium-6 small-12 large-6\"  >\n\t\t\t\t<div class=\"col-inner\"  >\n\t\t\t\n\t\t\t\n\n\n  \n    <div id=\"gallery-1393546452\" class=\"slider slider-auto-height row-collapse slider-nav-circle\" data-flickity-options='{&quot;imagesLoaded&quot;: true, &quot;dragThreshold&quot; : 5, &quot;cellAlign&quot;: &quot;left&quot;,&quot;wrapAround&quot;: true,&quot;prevNextButtons&quot;: true,&quot;percentPosition&quot;: true,&quot;pageDots&quot;: true, &quot;rightToLeft&quot;: false, &quot;autoPlay&quot; : 6000}'>\n\n  <div class=\"gallery-col col\" >\n          <div class=\"col-inner\">\n            <a class=\"image-lightbox lightbox-gallery\" href=\"https:\/\/www.polarmatic.com\/wp-content\/uploads\/2023\/04\/Control-Solutions-Image.png\" title=\"\">            <div class=\"box has-hover gallery-box box-normal\">\n              <div class=\"box-image\" >\n                <img loading=\"lazy\" decoding=\"async\" width=\"1530\" height=\"1085\" src=\"https:\/\/www.polarmatic.com\/wp-content\/uploads\/2023\/04\/Control-Solutions-Image.png\" class=\"attachment-2048x2048 size-2048x2048\" alt=\"Control Solutions by Polarmatic\" ids=\"5582,5300\" style=\"normal\" lightbox_image_size=\"1536x1536\" type=\"slider-full\" slider_nav_style=\"circle\" slider_bullets=\"true\" auto_slide=\"6000\" image_size=\"2048x2048\" text_align=\"right\" srcset=\"https:\/\/www.polarmatic.com\/wp-content\/uploads\/2023\/04\/Control-Solutions-Image.png 1530w, https:\/\/www.polarmatic.com\/wp-content\/uploads\/2023\/04\/Control-Solutions-Image-300x213.png 300w, https:\/\/www.polarmatic.com\/wp-content\/uploads\/2023\/04\/Control-Solutions-Image-1024x726.png 1024w, https:\/\/www.polarmatic.com\/wp-content\/uploads\/2023\/04\/Control-Solutions-Image-768x545.png 768w\" sizes=\"auto, (max-width: 1530px) 100vw, 1530px\" \/>                                                              <\/div>\n              <div class=\"box-text text-right\" >\n                 <p><\/p>\n              <\/div>\n            <\/div>\n            <\/a>          <\/div>\n         <\/div><div class=\"gallery-col col\" >\n          <div class=\"col-inner\">\n            <a class=\"image-lightbox lightbox-gallery\" href=\"https:\/\/www.polarmatic.com\/wp-content\/uploads\/2023\/04\/Polarama-1536x774.png\" title=\"\">            <div class=\"box has-hover gallery-box box-normal\">\n              <div class=\"box-image\" >\n                <img loading=\"lazy\" decoding=\"async\" width=\"2048\" height=\"1032\" src=\"https:\/\/www.polarmatic.com\/wp-content\/uploads\/2023\/04\/Polarama-2048x1032.png\" class=\"attachment-2048x2048 size-2048x2048\" alt=\"\" ids=\"5582,5300\" style=\"normal\" lightbox_image_size=\"1536x1536\" type=\"slider-full\" slider_nav_style=\"circle\" slider_bullets=\"true\" auto_slide=\"6000\" image_size=\"2048x2048\" text_align=\"right\" srcset=\"https:\/\/www.polarmatic.com\/wp-content\/uploads\/2023\/04\/Polarama-2048x1032.png 2048w, https:\/\/www.polarmatic.com\/wp-content\/uploads\/2023\/04\/Polarama-300x151.png 300w, https:\/\/www.polarmatic.com\/wp-content\/uploads\/2023\/04\/Polarama-1024x516.png 1024w, https:\/\/www.polarmatic.com\/wp-content\/uploads\/2023\/04\/Polarama-768x387.png 768w, https:\/\/www.polarmatic.com\/wp-content\/uploads\/2023\/04\/Polarama-1536x774.png 1536w\" sizes=\"auto, (max-width: 2048px) 100vw, 2048px\" \/>                                                              <\/div>\n              <div class=\"box-text text-right\" >\n                 <p><\/p>\n              <\/div>\n            <\/div>\n            <\/a>          <\/div>\n         <\/div><\/div>\n\n\n\t\t<\/div>\n\t\t\t\t\t<\/div>\n\n\t\n\n<\/div>\n<div class=\"is-divider divider clearfix\" style=\"max-width:100%;height:1px;\"><\/div>\n\n<div class=\"row\"  id=\"row-430700388\">\n\n\n\t<div id=\"col-1533988849\" class=\"col medium-4 small-12 large-4\"  >\n\t\t\t\t<div class=\"col-inner\"  >\n\t\t\t\n\t\t\t\n\n\t<div class=\"img has-hover x md-x lg-x y md-y lg-y\" id=\"image_1449744289\">\n\t\t\t\t\t\t\t\t<div class=\"img-inner dark\" >\n\t\t\t<img loading=\"lazy\" decoding=\"async\" width=\"2048\" height=\"1175\" src=\"https:\/\/www.polarmatic.com\/wp-content\/uploads\/2023\/04\/LoadCellSupervisor-2048x1175.png\" class=\"attachment-2048x2048 size-2048x2048\" alt=\"ProConX Load Cell Supervisor\" srcset=\"https:\/\/www.polarmatic.com\/wp-content\/uploads\/2023\/04\/LoadCellSupervisor-2048x1175.png 2048w, https:\/\/www.polarmatic.com\/wp-content\/uploads\/2023\/04\/LoadCellSupervisor-300x172.png 300w, https:\/\/www.polarmatic.com\/wp-content\/uploads\/2023\/04\/LoadCellSupervisor-1024x587.png 1024w, https:\/\/www.polarmatic.com\/wp-content\/uploads\/2023\/04\/LoadCellSupervisor-768x441.png 768w, https:\/\/www.polarmatic.com\/wp-content\/uploads\/2023\/04\/LoadCellSupervisor-1536x881.png 1536w\" sizes=\"auto, (max-width: 2048px) 100vw, 2048px\" \/>\t\t\t\t\t\t\n\t\t\t\t\t<\/div>\n\t\t\t\t\t\t\t\t\n<style>\n#image_1449744289 {\n  width: 80%;\n}\n<\/style>\n\t<\/div>\n\t\n\n\n\t\t<\/div>\n\t\t\t\t\t<\/div>\n\n\t\n\n\t<div id=\"col-1996649837\" class=\"col medium-8 small-12 large-8\"  >\n\t\t\t\t<div class=\"col-inner\"  >\n\t\t\t\n\t\t\t\n\n\t<div id=\"text-3962535961\" class=\"text\">\n\t\t\n\n<h2>Immer verf\u00fcgbar<\/h2>\n<p>ProConX ist einfach zu installieren. Als Benutzeroberfl\u00e4che des Systems dient der Webbrowser. W\u00e4hrend das System l\u00e4uft, sichert es sich automatisch und kontinuierlich an einem definierten Ort.<\/p>\n<p>Sollte ein Computer abst\u00fcrzen oder gestohlen werden, ist die Steuerung schnell wieder betriebsbereit und auf einem anderen Ger\u00e4t verf\u00fcgbar. Bei der Nutzung mehrerer Produktionsstandorte k\u00f6nnen mehrere Fenster gleichzeitig ge\u00f6ffnet werden.<\/p>\n\t\t\n<style>\n#text-3962535961 {\n  line-height: 1.5;\n}\n<\/style>\n\t<\/div>\n\t\n\n\t\t<\/div>\n\t\t\t\t\t<\/div>\n\n\t\n\n\n<style>\n#row-430700388 > .col > .col-inner {\n  padding: 30px 0px 0px 0px;\n}\n<\/style>\n<\/div>\n<div class=\"is-divider divider clearfix\" style=\"max-width:100%;height:1px;\"><\/div>\n\n<div class=\"row\"  id=\"row-438184380\">\n\n\n\t<div id=\"col-2085064369\" class=\"col medium-4 small-12 large-4\"  >\n\t\t\t\t<div class=\"col-inner\"  >\n\t\t\t\n\t\t\t\n\n\t<div class=\"img has-hover x md-x lg-x y md-y lg-y\" id=\"image_1582769928\">\n\t\t\t\t\t\t\t\t<div class=\"img-inner dark\" >\n\t\t\t<img loading=\"lazy\" decoding=\"async\" width=\"1020\" height=\"554\" src=\"https:\/\/www.polarmatic.com\/wp-content\/uploads\/2023\/04\/LoadQueue-1024x556.png\" class=\"attachment-large size-large\" alt=\"ProConX Main Page\" srcset=\"https:\/\/www.polarmatic.com\/wp-content\/uploads\/2023\/04\/LoadQueue-1024x556.png 1024w, https:\/\/www.polarmatic.com\/wp-content\/uploads\/2023\/04\/LoadQueue-300x163.png 300w, https:\/\/www.polarmatic.com\/wp-content\/uploads\/2023\/04\/LoadQueue-768x417.png 768w, https:\/\/www.polarmatic.com\/wp-content\/uploads\/2023\/04\/LoadQueue-1536x834.png 1536w, https:\/\/www.polarmatic.com\/wp-content\/uploads\/2023\/04\/LoadQueue-2048x1112.png 2048w\" sizes=\"auto, (max-width: 1020px) 100vw, 1020px\" \/>\t\t\t\t\t\t\n\t\t\t\t\t<\/div>\n\t\t\t\t\t\t\t\t\n<style>\n#image_1582769928 {\n  width: 80%;\n}\n<\/style>\n\t<\/div>\n\t\n\n\n\t\t<\/div>\n\t\t\t\t\t<\/div>\n\n\t\n\n\t<div id=\"col-2055874327\" class=\"col medium-8 small-12 large-8\"  >\n\t\t\t\t<div class=\"col-inner\"  >\n\t\t\t\n\t\t\t\n\n\t<div id=\"text-3583732623\" class=\"text\">\n\t\t\n\n<h2>Effizientes und benutzerfreundliches Produktionsmanagement<\/h2>\n<h3><span style=\"color: #3a5dae; font-size: 80%;\"><strong>Live-Produktions\u00fcbersicht und -planung<\/strong><\/span><\/h3>\n<ul>\n<li>W\u00e4hrend des Wiege-, Misch- und Verladevorgangs werden wichtige Daten auf einen Blick angezeigt<\/li>\n<li>Wenn die Aufmerksamkeit des Bedieners erforderlich ist, werden weitere Details angezeigt<\/li>\n<li>POLARAMA \u2013 das vollst\u00e4ndig integrierte Kamera\u00fcberwachungssystem bietet Online-Kontrolle der gesamten Anlage und ihrer Umgebung \u00fcber mehrere Ansichten.<\/li>\n<\/ul>\n<h3><span style=\"color: #3a5dae; font-size: 80%;\"><strong>Chargenkontrolle<\/strong><\/span><\/h3>\n<ul>\n<li>Automatische Dosierung und Anpassung des Hei\u00df-\/Kaltwasserverh\u00e4ltnisses, um die gew\u00fcnschte Betontemperatur zu erreichen<\/li>\n<li>Integrierter W\u00e4gezellen-Supervisor: Echtzeit-W\u00e4gediagramme f\u00fcr W\u00e4gezellen und Waagenkalibrierung<\/li>\n<li>Integration des ber\u00fchrungslosen Feuchtemesssystems POLARMOIST in die Dosiersteuerung und automatische Anpassung der Wassermenge basierend auf den Ergebnissen derselben Charge<\/li>\n<\/ul>\n\t\t\n<style>\n#text-3583732623 {\n  line-height: 1.5;\n}\n<\/style>\n\t<\/div>\n\t\n\n\t\t<\/div>\n\t\t\t\t\t<\/div>\n\n\t\n\n\n<style>\n#row-438184380 > .col > .col-inner {\n  padding: 30px 0px 0px 0px;\n}\n<\/style>\n<\/div>\n<div class=\"is-divider divider clearfix\" style=\"max-width:100%;height:1px;\"><\/div>\n\n<div class=\"row\"  id=\"row-465720387\">\n\n\n\t<div id=\"col-268131423\" class=\"col medium-4 small-12 large-4\"  >\n\t\t\t\t<div class=\"col-inner\"  >\n\t\t\t\n\t\t\t\n\n\t<div class=\"img has-hover x md-x lg-x y md-y lg-y\" id=\"image_637590677\">\n\t\t\t\t\t\t\t\t<div class=\"img-inner dark\" >\n\t\t\t<img loading=\"lazy\" decoding=\"async\" width=\"2048\" height=\"1110\" src=\"https:\/\/www.polarmatic.com\/wp-content\/uploads\/2023\/04\/TruckPlanning-2048x1110.png\" class=\"attachment-2048x2048 size-2048x2048\" alt=\"ProConX Truck Planning\" srcset=\"https:\/\/www.polarmatic.com\/wp-content\/uploads\/2023\/04\/TruckPlanning-2048x1110.png 2048w, https:\/\/www.polarmatic.com\/wp-content\/uploads\/2023\/04\/TruckPlanning-300x163.png 300w, https:\/\/www.polarmatic.com\/wp-content\/uploads\/2023\/04\/TruckPlanning-1024x555.png 1024w, https:\/\/www.polarmatic.com\/wp-content\/uploads\/2023\/04\/TruckPlanning-768x416.png 768w, https:\/\/www.polarmatic.com\/wp-content\/uploads\/2023\/04\/TruckPlanning-1536x833.png 1536w\" sizes=\"auto, (max-width: 2048px) 100vw, 2048px\" \/>\t\t\t\t\t\t\n\t\t\t\t\t<\/div>\n\t\t\t\t\t\t\t\t\n<style>\n#image_637590677 {\n  width: 80%;\n}\n<\/style>\n\t<\/div>\n\t\n\n\n\t\t<\/div>\n\t\t\t\t\t<\/div>\n\n\t\n\n\t<div id=\"col-1459907676\" class=\"col medium-8 small-12 large-8\"  >\n\t\t\t\t<div class=\"col-inner\"  >\n\t\t\t\n\t\t\t\n\n\t<div id=\"text-13861113\" class=\"text\">\n\t\t\n\n<h2>Modernstes Datenmanagement<\/h2>\n<ul>\n<li>Detaillierte Dosierungsstatistik<\/li>\n<li>Flexible Berichterstattung<\/li>\n<li>Aufzeichnung der Aktivit\u00e4ten zur Nachvollziehbarkeit<\/li>\n<li>Integration zu anderen Systemen \u00fcber eine Standardschnittstelle<\/li>\n<\/ul>\n\t\t\n<style>\n#text-13861113 {\n  line-height: 1.5;\n}\n<\/style>\n\t<\/div>\n\t\n\n\t\t<\/div>\n\t\t\t\t\t<\/div>\n\n\t\n\n\n<style>\n#row-465720387 > .col > .col-inner {\n  padding: 30px 0px 0px 0px;\n}\n<\/style>\n<\/div>\n<div class=\"is-divider divider clearfix\" style=\"max-width:100%;height:1px;\"><\/div>\n\n<div class=\"row\"  id=\"row-1818731884\">\n\n\n\t<div id=\"col-307924783\" class=\"col medium-4 small-12 large-4\"  >\n\t\t\t\t<div class=\"col-inner\"  >\n\t\t\t\n\t\t\t\n\n\t<div class=\"img has-hover x md-x lg-x y md-y lg-y\" id=\"image_1340726051\">\n\t\t\t\t\t\t\t\t<div class=\"img-inner dark\" >\n\t\t\t<img loading=\"lazy\" decoding=\"async\" width=\"1888\" height=\"861\" src=\"https:\/\/www.polarmatic.com\/wp-content\/uploads\/2023\/04\/RecipeCreator.png\" class=\"attachment-2048x2048 size-2048x2048\" alt=\"ProConX Recipe Creator\" srcset=\"https:\/\/www.polarmatic.com\/wp-content\/uploads\/2023\/04\/RecipeCreator.png 1888w, https:\/\/www.polarmatic.com\/wp-content\/uploads\/2023\/04\/RecipeCreator-300x137.png 300w, https:\/\/www.polarmatic.com\/wp-content\/uploads\/2023\/04\/RecipeCreator-1024x467.png 1024w, https:\/\/www.polarmatic.com\/wp-content\/uploads\/2023\/04\/RecipeCreator-768x350.png 768w, https:\/\/www.polarmatic.com\/wp-content\/uploads\/2023\/04\/RecipeCreator-1536x700.png 1536w\" sizes=\"auto, (max-width: 1888px) 100vw, 1888px\" \/>\t\t\t\t\t\t\n\t\t\t\t\t<\/div>\n\t\t\t\t\t\t\t\t\n<style>\n#image_1340726051 {\n  width: 80%;\n}\n<\/style>\n\t<\/div>\n\t\n\n\n\t\t<\/div>\n\t\t\t\t\t<\/div>\n\n\t\n\n\t<div id=\"col-1831038581\" class=\"col medium-8 small-12 large-8\"  >\n\t\t\t\t<div class=\"col-inner\"  >\n\t\t\t\n\t\t\t\n\n\t<div id=\"text-2079388135\" class=\"text\">\n\t\t\n\n<h2>Module<\/h2>\n<h3><span style=\"color: #3a5dae; font-size: 80%;\"><strong>Labormodul<\/strong><\/span><\/h3>\n<ul>\n<li style=\"text-align: left;\">Zur Erfassung und Nutzung aller Pr\u00fcfergebnisse, um sowohl die Prozesskontrolle als auch die Betonqualit\u00e4t zu verbessern<\/li>\n<\/ul>\n<h3><span style=\"color: #3a5dae; font-size: 80%;\"><strong>Rezeptersteller<\/strong><\/span><\/h3>\n<ul>\n<li>Zur Optimierung der Rezepturen, um Materialkosten zu sparen, ohne die Festigkeit und andere Eigenschaften des Betons zu beeintr\u00e4chtigenDiese Module sind auch als eigenst\u00e4ndige Software erh\u00e4ltlich.<\/li>\n<\/ul>\n\t\t\n<style>\n#text-2079388135 {\n  line-height: 1.5;\n}\n<\/style>\n\t<\/div>\n\t\n\n\t\t<\/div>\n\t\t\t\t\t<\/div>\n\n\t\n\n\n<style>\n#row-1818731884 > .col > .col-inner {\n  padding: 30px 0px 0px 0px;\n}\n<\/style>\n<\/div>\n<div class=\"is-divider divider clearfix\" style=\"max-width:100%;height:1px;\"><\/div>\n\n<div class=\"row\"  id=\"row-340134249\">\n\n\n\t<div id=\"col-339101357\" class=\"col medium-4 small-12 large-4\"  >\n\t\t\t\t<div class=\"col-inner\"  >\n\t\t\t\n\t\t\t\n\n\n\t\t<\/div>\n\t\t\t\t\t<\/div>\n\n\t\n\n\t<div id=\"col-92231850\" class=\"col medium-8 small-12 large-8\"  >\n\t\t\t\t<div class=\"col-inner\"  >\n\t\t\t\n\t\t\t\n\n\t<div id=\"text-1565291717\" class=\"text\">\n\t\t\n\n<h2>M\u00f6chten Sie eine Online-Demo mit ProConX vereinbaren?<\/h2>\n<p>\u00a0<\/p>\n<div class='fluentform ff-default fluentform_wrapper_14 ffs_default_wrap'><form data-form_id=\"14\" id=\"fluentform_14\" class=\"frm-fluent-form fluent_form_14 ff-el-form-top ff_form_instance_14_1 ff-form-loading ffs_default\" data-form_instance=\"ff_form_instance_14_1\" method=\"POST\" ><fieldset  style=\"border: none!important;margin: 0!important;padding: 0!important;background-color: transparent!important;box-shadow: none!important;outline: none!important; min-inline-size: 100%;\">\n                    <legend class=\"ff_screen_reader_title\" style=\"display: block; margin: 0!important;padding: 0!important;height: 0!important;text-indent: -999999px;width: 0!important;overflow:hidden;\">EN ProConX online demo<\/legend><input type='hidden' name='__fluent_form_embded_post_id' value='7226' \/><input type=\"hidden\" id=\"_fluentform_14_fluentformnonce\" name=\"_fluentform_14_fluentformnonce\" value=\"85f2b0cc45\" \/><input type=\"hidden\" name=\"_wp_http_referer\" value=\"\/de\/wp-json\/wp\/v2\/pages\/7226\" \/><div class=\"ff-el-group ff-el-section-break  ff_left\" data-name=\"section_break-14_1\" ><h3 class='ff-el-section-title'>ProConX Demo Request<\/h3><div class='ff-section_break_desk'><p>Fill in your contact information below and our team will contact you for scheduling a demo.<\/p><\/div><hr \/><\/div><div data-type=\"name-element\" data-name=\"names\" class=\" ff-field_container ff-name-field-wrapper\" ><div class='ff-t-container'><div class='ff-t-cell '><div class='ff-el-group  ff-el-form-top'><div class=\"ff-el-input--label ff-el-is-required asterisk-right\"><label for='ff_14_names_first_name_' id='label_ff_14_names_first_name_' >Name<\/label><\/div><div class='ff-el-input--content'><input type=\"text\" name=\"names[first_name]\" id=\"ff_14_names_first_name_\" class=\"ff-el-form-control\" aria-invalid=\"false\" aria-required=true><\/div><\/div><\/div><div class='ff-t-cell '><div class='ff-el-group  ff-el-form-top'><div class=\"ff-el-input--label ff-el-is-required asterisk-right\"><label for='ff_14_names_last_name_' id='label_ff_14_names_last_name_' >Company<\/label><\/div><div class='ff-el-input--content'><input type=\"text\" name=\"names[last_name]\" id=\"ff_14_names_last_name_\" class=\"ff-el-form-control\" aria-invalid=\"false\" aria-required=true><\/div><\/div><\/div><\/div><\/div><div data-name=\"ff_cn_id_1\"  class='ff-t-container ff-column-container ff_columns_total_2 '><div class='ff-t-cell ff-t-column-1' style='flex-basis: 50%;'><div class='ff-el-group'><div class=\"ff-el-input--label ff-el-is-required asterisk-right\"><label for='ff_14_email' id='label_ff_14_email' aria-label=\"E-mail\">E-mail<\/label><\/div><div class='ff-el-input--content'><input type=\"email\" name=\"email\" id=\"ff_14_email\" class=\"ff-el-form-control\" data-name=\"email\"  aria-invalid=\"false\" aria-required=true><\/div><\/div><\/div><div class='ff-t-cell ff-t-column-2' style='flex-basis: 50%;'><div class='ff-el-group'><div class=\"ff-el-input--label asterisk-right\"><label for='ff_14_phone' id='label_ff_14_phone' aria-label=\"Tel. Number (in international format)\">Tel. Number (in international format)<\/label><\/div><div class='ff-el-input--content'><input name=\"phone\" class=\"ff-el-form-control ff-el-phone\" type=\"tel\" placeholder=\"+1 234 567 890\" data-name=\"phone\" id=\"ff_14_phone\" inputmode=\"tel\"  aria-invalid='false' aria-required=false><\/div><\/div><\/div><\/div><div class='ff-el-group    ff-el-input--content'><div class='ff-el-form-check ff-el-tc'><label aria-label='I agree to Polarmatic privacy policy and consent to having my personal data stored and processed in the shared register of Polarmatic and its service partners.' class='ff-el-form-check-label ff_tc_label' for=gdpr-agreement_f92ff859eb6069c2926ea941a6ca0ee5><span class='ff_tc_checkbox'><input type=\"checkbox\" name=\"gdpr-agreement\" class=\"ff-el-form-check-input ff_gdpr_field\" data-name=\"gdpr-agreement\" id=\"gdpr-agreement_f92ff859eb6069c2926ea941a6ca0ee5\"  value='on' aria-invalid='false' aria-required=true><\/span> <div class='ff_t_c'>I agree to Polarmatic privacy policy and consent to having my personal data stored and processed in the shared register of Polarmatic and its service partners.<\/div><\/label><\/div><\/div><div class='ff-el-group ' ><div class='ff-el-input--content'><div data-fluent_id='14' name='g-recaptcha-response'><div\n\t\tdata-sitekey='6LfM7UclAAAAALY44H8Ec6itvj10ohpPbdznZg1E'\n\t\tid='fluentform-recaptcha-14-1'\n\t\tclass='ff-el-recaptcha g-recaptcha'\n\t\tdata-callback='fluentFormrecaptchaSuccessCallback'><\/div><\/div><\/div><\/div><div class='ff-el-group ff-text-left ff_submit_btn_wrapper'><button type=\"submit\" class=\"ff-btn ff-btn-submit ff-btn-md ff_btn_style\"  aria-label=\"Submit Form\">Submit Form<\/button><\/div><\/fieldset><\/form><div id='fluentform_14_errors' class='ff-errors-in-stack ff_form_instance_14_1 ff-form-loading_errors ff_form_instance_14_1_errors'><\/div><\/div>            <script type=\"text\/javascript\">\n                window.fluent_form_ff_form_instance_14_1 = {\"id\":\"14\",\"ajaxUrl\":\"https:\\\/\\\/www.polarmatic.com\\\/wp-admin\\\/admin-ajax.php\",\"settings\":{\"layout\":{\"labelPlacement\":\"top\",\"helpMessagePlacement\":\"with_label\",\"errorMessagePlacement\":\"inline\",\"cssClassName\":\"\",\"asteriskPlacement\":\"asterisk-right\"},\"restrictions\":{\"denyEmptySubmission\":{\"enabled\":false}}},\"form_instance\":\"ff_form_instance_14_1\",\"form_id_selector\":\"fluentform_14\",\"rules\":{\"names[first_name]\":{\"required\":{\"value\":true,\"message\":\"This information is mandatory.\"}},\"names[middle_name]\":{\"required\":{\"value\":false,\"message\":\"This field is required\"}},\"names[last_name]\":{\"required\":{\"value\":true,\"message\":\"This information is mandatory\"}},\"email\":{\"required\":{\"value\":true,\"message\":\"This information is mandatory.\"},\"email\":{\"value\":true,\"message\":\"This field must contain a valid email.\"}},\"phone\":{\"required\":{\"value\":false,\"message\":\"This field is required\"},\"valid_phone_number\":{\"value\":false,\"message\":\"Phone number is not valid\"}},\"gdpr-agreement\":{\"required\":{\"value\":true,\"message\":\"GDPR Approval is mandatory.\"}}},\"debounce_time\":300};\n                            <\/script>\n            \n\n\t\t\n<style>\n#text-1565291717 {\n  line-height: 1.5;\n}\n<\/style>\n\t<\/div>\n\t\n\n\t\t<\/div>\n\t\t\t\t\t<\/div>\n\n\t\n\n\n<style>\n#row-340134249 > .col > .col-inner {\n  padding: 30px 0px 0px 0px;\n}\n<\/style>\n<\/div>\n\n","protected":false},"excerpt":{"rendered":"","protected":false},"author":1,"featured_media":0,"parent":7174,"menu_order":1,"comment_status":"closed","ping_status":"closed","template":"","meta":{"_acf_changed":false,"footnotes":""},"class_list":["post-7226","page","type-page","status-publish","hentry"],"acf":[],"_links":{"self":[{"href":"https:\/\/www.polarmatic.com\/de\/wp-json\/wp\/v2\/pages\/7226","targetHints":{"allow":["GET"]}}],"collection":[{"href":"https:\/\/www.polarmatic.com\/de\/wp-json\/wp\/v2\/pages"}],"about":[{"href":"https:\/\/www.polarmatic.com\/de\/wp-json\/wp\/v2\/types\/page"}],"author":[{"embeddable":true,"href":"https:\/\/www.polarmatic.com\/de\/wp-json\/wp\/v2\/users\/1"}],"replies":[{"embeddable":true,"href":"https:\/\/www.polarmatic.com\/de\/wp-json\/wp\/v2\/comments?post=7226"}],"version-history":[{"count":3,"href":"https:\/\/www.polarmatic.com\/de\/wp-json\/wp\/v2\/pages\/7226\/revisions"}],"predecessor-version":[{"id":8403,"href":"https:\/\/www.polarmatic.com\/de\/wp-json\/wp\/v2\/pages\/7226\/revisions\/8403"}],"up":[{"embeddable":true,"href":"https:\/\/www.polarmatic.com\/de\/wp-json\/wp\/v2\/pages\/7174"}],"wp:attachment":[{"href":"https:\/\/www.polarmatic.com\/de\/wp-json\/wp\/v2\/media?parent=7226"}],"curies":[{"name":"wp","href":"https:\/\/api.w.org\/{rel}","templated":true}]}}