{"id":7238,"date":"2023-02-24T13:12:18","date_gmt":"2023-02-24T11:12:18","guid":{"rendered":"https:\/\/www.polarmatic.com\/loesungen\/turbomatic-heizloesungen\/turbomatic-waermeenergieeinheit\/standardturbomatic-std\/"},"modified":"2023-11-22T15:03:09","modified_gmt":"2023-11-22T13:03:09","slug":"standardturbomatic-std","status":"publish","type":"page","link":"https:\/\/www.polarmatic.com\/de\/loesungen-fur-betonindustrie\/turbomatic-heizloesungen\/turbomatic-waermeenergieeinheit\/standardturbomatic-std\/","title":{"rendered":"standardTURBOMATIC (STD)"},"content":{"rendered":"\n<div class=\"row\"  id=\"row-1389597540\">\n\n\n\t<div id=\"col-317547325\" class=\"col small-12 large-12\"  >\n\t\t\t\t<div class=\"col-inner\"  >\n\t\t\t\n\t\t\t\n\n\t\t<div class=\"pm-breadcrumbs\">\n\t\t\t\t\n\n<span><span><a href=\"https:\/\/www.polarmatic.com\/de\/\">Home<\/a><\/span><\/span>\n\t\t<\/div>\n\t\n\n\t\t<\/div>\n\t\t\t\t\t<\/div>\n\n\t\n\n<\/div>\n<div class=\"row\"  id=\"row-355083398\">\n\n\n\t<div id=\"col-140166068\" class=\"col medium-6 small-12 large-6\"  >\n\t\t\t\t<div class=\"col-inner\"  >\n\t\t\t\n\t\t\t\n\n\t<div id=\"text-1492763066\" class=\"text\">\n\t\t\n\n<h1>standardTURBOMATIC (STD)<\/h1>\n<p>\u00a0<\/p>\n<p>TURBOMATIC STD wird am h\u00e4ufigsten f\u00fcr den Heizbedarf bei gem\u00e4\u00dfigten bis strengen Klimabedingungen und\/oder f\u00fcr Anwendungen mit mittlerem bis hohem Heizleistungsbedarf eingesetzt.<\/p>\n<h2><span style=\"color: #3a5dae; font-size: 80%;\">Typische Anwendungen<\/span><\/h2>\n<ul>\n<li>Transportbetonmischanlagen in gem\u00e4\u00dfigten bis strengen Klimazonen<\/li>\n<\/ul>\n<h2><span style=\"color: #3a5dae; font-size: 80%;\">Hauptfunktionen<\/span><\/h2>\n<ul>\n<li>Zuschlagsheizung mit TURBOgas oder -dampf<\/li>\n<li>Erzeugung von warmem Dosierwasser<\/li>\n<\/ul>\n<h2><span style=\"font-size: 80%; color: #3a5dae;\">Heizm\u00f6glichkeiten<\/span><\/h2>\n<ul>\n<li>Beheizung der Mischanlage<\/li>\n<li>Erzeugung von warmem Wasch- und Brauchwasser<\/li>\n<li>Warmwasserversorgung zum Bef\u00fcllen der Fahrmischers<\/li>\n<li>Beheizung anderer Mischanlagenr\u00e4umlichkeiten wie B\u00fcros und Labore<\/li>\n<\/ul>\n\t\t\n<style>\n#text-1492763066 {\n  line-height: 1.5;\n}\n<\/style>\n\t<\/div>\n\t\n\n\t\t<\/div>\n\t\t\t\t\t<\/div>\n\n\t\n\n\t<div id=\"col-625575174\" class=\"col medium-6 small-12 large-6\"  >\n\t\t\t\t<div class=\"col-inner\"  >\n\t\t\t\n\t\t\t\n\n\n  \n    <div id=\"gallery-1688226344\" class=\"slider slider-auto-height row-collapse slider-nav-circle\" data-flickity-options='{&quot;imagesLoaded&quot;: true, &quot;dragThreshold&quot; : 5, &quot;cellAlign&quot;: &quot;left&quot;,&quot;wrapAround&quot;: true,&quot;prevNextButtons&quot;: true,&quot;percentPosition&quot;: true,&quot;pageDots&quot;: true, &quot;rightToLeft&quot;: false, &quot;autoPlay&quot; : 6000}'>\n\n  <div class=\"gallery-col col\" >\n          <div class=\"col-inner\">\n            <a class=\"image-lightbox lightbox-gallery\" href=\"https:\/\/www.polarmatic.com\/wp-content\/uploads\/2023\/03\/TURBOMATIC-STD-AT-container-2.png\" title=\"standard TURBOMATIC\">            <div class=\"box has-hover gallery-box box-normal\">\n              <div class=\"box-image\" >\n                <img loading=\"lazy\" decoding=\"async\" width=\"1920\" height=\"1080\" src=\"https:\/\/www.polarmatic.com\/wp-content\/uploads\/2023\/03\/TURBOMATIC-STD-AT-container-2.png\" class=\"attachment-2048x2048 size-2048x2048\" alt=\"TURBOMATIC STD AT container 2\" ids=\"3536,3548,5468,5462,4382\" style=\"normal\" lightbox_image_size=\"2048x2048\" type=\"slider-full\" slider_nav_style=\"circle\" slider_nav_color=\"light\" slider_bullets=\"true\" auto_slide=\"6000\" image_size=\"2048x2048\" text_align=\"right\" text_padding=\"15px 30px 15px 30px\" srcset=\"https:\/\/www.polarmatic.com\/wp-content\/uploads\/2023\/03\/TURBOMATIC-STD-AT-container-2.png 1920w, https:\/\/www.polarmatic.com\/wp-content\/uploads\/2023\/03\/TURBOMATIC-STD-AT-container-2-300x169.png 300w, https:\/\/www.polarmatic.com\/wp-content\/uploads\/2023\/03\/TURBOMATIC-STD-AT-container-2-1024x576.png 1024w, https:\/\/www.polarmatic.com\/wp-content\/uploads\/2023\/03\/TURBOMATIC-STD-AT-container-2-768x432.png 768w, https:\/\/www.polarmatic.com\/wp-content\/uploads\/2023\/03\/TURBOMATIC-STD-AT-container-2-1536x864.png 1536w\" sizes=\"auto, (max-width: 1920px) 100vw, 1920px\" \/>                                                              <\/div>\n              <div class=\"box-text text-right\" style=\"padding:15px 30px 15px 30px;\">\n                 <p>standard TURBOMATIC<\/p>\n              <\/div>\n            <\/div>\n            <\/a>          <\/div>\n         <\/div><div class=\"gallery-col col\" >\n          <div class=\"col-inner\">\n            <a class=\"image-lightbox lightbox-gallery\" href=\"https:\/\/www.polarmatic.com\/wp-content\/uploads\/2023\/03\/TURBOMATIC-STD-AT6-container-2.png\" title=\"standardTURBOMATIC\">            <div class=\"box has-hover gallery-box box-normal\">\n              <div class=\"box-image\" >\n                <img loading=\"lazy\" decoding=\"async\" width=\"1920\" height=\"1080\" src=\"https:\/\/www.polarmatic.com\/wp-content\/uploads\/2023\/03\/TURBOMATIC-STD-AT6-container-2.png\" class=\"attachment-2048x2048 size-2048x2048\" alt=\"TURBOMATIC STD AT6 container 2\" ids=\"3536,3548,5468,5462,4382\" style=\"normal\" lightbox_image_size=\"2048x2048\" type=\"slider-full\" slider_nav_style=\"circle\" slider_nav_color=\"light\" slider_bullets=\"true\" auto_slide=\"6000\" image_size=\"2048x2048\" text_align=\"right\" text_padding=\"15px 30px 15px 30px\" srcset=\"https:\/\/www.polarmatic.com\/wp-content\/uploads\/2023\/03\/TURBOMATIC-STD-AT6-container-2.png 1920w, https:\/\/www.polarmatic.com\/wp-content\/uploads\/2023\/03\/TURBOMATIC-STD-AT6-container-2-300x169.png 300w, https:\/\/www.polarmatic.com\/wp-content\/uploads\/2023\/03\/TURBOMATIC-STD-AT6-container-2-1024x576.png 1024w, https:\/\/www.polarmatic.com\/wp-content\/uploads\/2023\/03\/TURBOMATIC-STD-AT6-container-2-768x432.png 768w, https:\/\/www.polarmatic.com\/wp-content\/uploads\/2023\/03\/TURBOMATIC-STD-AT6-container-2-1536x864.png 1536w\" sizes=\"auto, (max-width: 1920px) 100vw, 1920px\" \/>                                                              <\/div>\n              <div class=\"box-text text-right\" style=\"padding:15px 30px 15px 30px;\">\n                 <p>standardTURBOMATIC<\/p>\n              <\/div>\n            <\/div>\n            <\/a>          <\/div>\n         <\/div><div class=\"gallery-col col\" >\n          <div class=\"col-inner\">\n            <a class=\"image-lightbox lightbox-gallery\" href=\"https:\/\/www.polarmatic.com\/wp-content\/uploads\/2023\/04\/STD-halkileikkaus-2048x1152.png\" title=\"standardTURBOMATIC\">            <div class=\"box has-hover gallery-box box-normal\">\n              <div class=\"box-image\" >\n                <img loading=\"lazy\" decoding=\"async\" width=\"2048\" height=\"1152\" src=\"https:\/\/www.polarmatic.com\/wp-content\/uploads\/2023\/04\/STD-halkileikkaus-2048x1152.png\" class=\"attachment-2048x2048 size-2048x2048\" alt=\"standardTURBOMATIC\" ids=\"3536,3548,5468,5462,4382\" style=\"normal\" lightbox_image_size=\"2048x2048\" type=\"slider-full\" slider_nav_style=\"circle\" slider_nav_color=\"light\" slider_bullets=\"true\" auto_slide=\"6000\" image_size=\"2048x2048\" text_align=\"right\" text_padding=\"15px 30px 15px 30px\" srcset=\"https:\/\/www.polarmatic.com\/wp-content\/uploads\/2023\/04\/STD-halkileikkaus-2048x1152.png 2048w, https:\/\/www.polarmatic.com\/wp-content\/uploads\/2023\/04\/STD-halkileikkaus-300x169.png 300w, https:\/\/www.polarmatic.com\/wp-content\/uploads\/2023\/04\/STD-halkileikkaus-1024x576.png 1024w, https:\/\/www.polarmatic.com\/wp-content\/uploads\/2023\/04\/STD-halkileikkaus-768x432.png 768w, https:\/\/www.polarmatic.com\/wp-content\/uploads\/2023\/04\/STD-halkileikkaus-1536x864.png 1536w\" sizes=\"auto, (max-width: 2048px) 100vw, 2048px\" \/>                                                              <\/div>\n              <div class=\"box-text text-right\" style=\"padding:15px 30px 15px 30px;\">\n                 <p>standardTURBOMATIC<\/p>\n              <\/div>\n            <\/div>\n            <\/a>          <\/div>\n         <\/div><div class=\"gallery-col col\" >\n          <div class=\"col-inner\">\n            <a class=\"image-lightbox lightbox-gallery\" href=\"https:\/\/www.polarmatic.com\/wp-content\/uploads\/2023\/04\/STD-Kehikko-2048x1280.png\" title=\"standardTURBOMATIC, Rahmenversion\">            <div class=\"box has-hover gallery-box box-normal\">\n              <div class=\"box-image\" >\n                <img loading=\"lazy\" decoding=\"async\" width=\"2048\" height=\"1280\" src=\"https:\/\/www.polarmatic.com\/wp-content\/uploads\/2023\/04\/STD-Kehikko-2048x1280.png\" class=\"attachment-2048x2048 size-2048x2048\" alt=\"standardTURBOMATIC rack assembly\" ids=\"3536,3548,5468,5462,4382\" style=\"normal\" lightbox_image_size=\"2048x2048\" type=\"slider-full\" slider_nav_style=\"circle\" slider_nav_color=\"light\" slider_bullets=\"true\" auto_slide=\"6000\" image_size=\"2048x2048\" text_align=\"right\" text_padding=\"15px 30px 15px 30px\" srcset=\"https:\/\/www.polarmatic.com\/wp-content\/uploads\/2023\/04\/STD-Kehikko-2048x1280.png 2048w, https:\/\/www.polarmatic.com\/wp-content\/uploads\/2023\/04\/STD-Kehikko-300x188.png 300w, https:\/\/www.polarmatic.com\/wp-content\/uploads\/2023\/04\/STD-Kehikko-1024x640.png 1024w, https:\/\/www.polarmatic.com\/wp-content\/uploads\/2023\/04\/STD-Kehikko-768x480.png 768w, https:\/\/www.polarmatic.com\/wp-content\/uploads\/2023\/04\/STD-Kehikko-1536x960.png 1536w\" sizes=\"auto, (max-width: 2048px) 100vw, 2048px\" \/>                                                              <\/div>\n              <div class=\"box-text text-right\" style=\"padding:15px 30px 15px 30px;\">\n                 <p>standardTURBOMATIC, Rahmenversion<\/p>\n              <\/div>\n            <\/div>\n            <\/a>          <\/div>\n         <\/div><div class=\"gallery-col col\" >\n          <div class=\"col-inner\">\n            <a class=\"image-lightbox lightbox-gallery\" href=\"https:\/\/www.polarmatic.com\/wp-content\/uploads\/2023\/03\/Heating-stdTURBOMATIC-EN.jpg\" title=\"standardTURBOMATIC\">            <div class=\"box has-hover gallery-box box-normal\">\n              <div class=\"box-image\" >\n                <img loading=\"lazy\" decoding=\"async\" width=\"1500\" height=\"1159\" src=\"https:\/\/www.polarmatic.com\/wp-content\/uploads\/2023\/03\/Heating-stdTURBOMATIC-EN.jpg\" class=\"attachment-2048x2048 size-2048x2048\" alt=\"Flow chart standardTURBOMATIC\" ids=\"3536,3548,5468,5462,4382\" style=\"normal\" lightbox_image_size=\"2048x2048\" type=\"slider-full\" slider_nav_style=\"circle\" slider_nav_color=\"light\" slider_bullets=\"true\" auto_slide=\"6000\" image_size=\"2048x2048\" text_align=\"right\" text_padding=\"15px 30px 15px 30px\" srcset=\"https:\/\/www.polarmatic.com\/wp-content\/uploads\/2023\/03\/Heating-stdTURBOMATIC-EN.jpg 1500w, https:\/\/www.polarmatic.com\/wp-content\/uploads\/2023\/03\/Heating-stdTURBOMATIC-EN-300x232.jpg 300w, https:\/\/www.polarmatic.com\/wp-content\/uploads\/2023\/03\/Heating-stdTURBOMATIC-EN-1024x791.jpg 1024w, https:\/\/www.polarmatic.com\/wp-content\/uploads\/2023\/03\/Heating-stdTURBOMATIC-EN-768x593.jpg 768w\" sizes=\"auto, (max-width: 1500px) 100vw, 1500px\" \/>                                                              <\/div>\n              <div class=\"box-text text-right\" style=\"padding:15px 30px 15px 30px;\">\n                 <p>standardTURBOMATIC<\/p>\n              <\/div>\n            <\/div>\n            <\/a>          <\/div>\n         <\/div><\/div>\n\n\n\t\t<\/div>\n\t\t\t\t\t<\/div>\n\n\t\n\n<\/div>\n<div class=\"is-divider divider clearfix\" style=\"max-width:100%;height:1px;\"><\/div>\n\n<div class=\"row\"  id=\"row-263822309\">\n\n\n\t<div id=\"col-437622833\" class=\"col small-12 large-12\"  >\n\t\t\t\t<div class=\"col-inner\"  >\n\t\t\t\n\t\t\t\n\n\t<div id=\"text-749409292\" class=\"text\">\n\t\t\n\n<h2>standardTURBOMATIC Modelle<\/h2>\r\n&nbsp;\n\t\t\n<style>\n#text-749409292 {\n  line-height: 1.5;\n}\n<\/style>\n\t<\/div>\n\t\n\t\t<div class=\"pm-product-specs\">\n\t\t\t\t\n\n\n<table id=\"tablepress-23\" class=\"tablepress tablepress-id-23 tbody-has-connected-cells\">\n<thead>\n<tr class=\"row-1\">\n\t<th class=\"column-1\"><strong>PME-STD 750<\/strong><\/th><th class=\"column-2\"><strong>PME-STD 1000<\/strong><\/th><th class=\"column-3\"><strong>PME-STD 1250<\/strong><\/th><th class=\"column-4\"><strong>PME-STD 1500<\/strong><\/th><th class=\"column-5\"><strong>PME-STD 2000<\/strong><\/th><th class=\"column-6\"><strong>PME-STD 2500<\/strong><\/th>\n<\/tr>\n<\/thead>\n<tbody class=\"row-striping row-hover\">\n<tr class=\"row-2\">\n\t<td colspan=\"6\" class=\"column-1\"><h3>Leistung<\/h3><\/td>\n<\/tr>\n<tr class=\"row-3\">\n\t<td class=\"column-1\"><strong>750 <span class=\"unit\">kW<\/span><\/strong><\/td><td class=\"column-2\"><strong>1000 <span class=\"unit\">kW<\/span><\/strong><\/td><td class=\"column-3\"><strong>1250 <span class=\"unit\">kW<\/span><\/strong><\/td><td class=\"column-4\"><strong>1500 <span class=\"unit\">kW<\/span><\/strong><\/td><td class=\"column-5\"><strong>2000 <span class=\"unit\">kW<\/span><\/strong><\/td><td class=\"column-6\"><strong>2500 <span class=\"unit\">kW<\/span><\/strong><\/td>\n<\/tr>\n<tr class=\"row-4\">\n\t<td class=\"column-1\">Zuschl\u00e4ge<br\/> 75...525 kW<br\/> <br\/> Wasser<br\/> 225...675 kW<\/td><td class=\"column-2\">Zuschl\u00e4ge<br\/> 100...700 kW<br\/> <br\/> Wasser<br\/> 300...900 kW<\/td><td class=\"column-3\">Zuschl\u00e4ge<br\/> 125...875 kW<br\/> <br\/> Wasser<br\/> 375...1125 kW<\/td><td class=\"column-4\">Zuschl\u00e4ge<br\/> 150...1050 kW<br\/> <br\/> Wasser<br\/> 450...1350 kW<\/td><td class=\"column-5\">Zuschl\u00e4ge<br\/> 200...1400 kW<br\/> <br\/> Wasser<br\/> 600...1800 kW<\/td><td class=\"column-6\">Zuschl\u00e4ge<br\/> 250...1750 kW<br\/> <br\/> Wasser<br\/> 750...2250 kW<\/td>\n<\/tr>\n<tr class=\"row-5\">\n\t<td colspan=\"6\" class=\"column-1\"><h3>Betrieben mit<\/h3><\/td>\n<\/tr>\n<tr class=\"row-6\">\n\t<td colspan=\"6\" class=\"column-1\"><strong>Heiz\u00f6l, Biodiesel<\/strong><\/td>\n<\/tr>\n<tr class=\"row-7\">\n\t<td class=\"column-1\">75 <span class=\"unit\">l\/h<\/span><\/td><td class=\"column-2\">100 <span class=\"unit\">l\/h<\/span><\/td><td class=\"column-3\">125 <span class=\"unit\">l\/h<\/span><\/td><td class=\"column-4\">150 <span class=\"unit\">l\/h<\/span><\/td><td class=\"column-5\">200 <span class=\"unit\">l\/h<\/span><\/td><td class=\"column-6\">250 <span class=\"unit\">l\/h<\/span><\/td>\n<\/tr>\n<tr class=\"row-8\">\n\t<td colspan=\"6\" class=\"column-1\"><strong>Erdgas<\/strong><\/td>\n<\/tr>\n<tr class=\"row-9\">\n\t<td class=\"column-1\">75 <span class=\"unit\">m\u00b3n\/h<\/span><\/td><td class=\"column-2\">100 <span class=\"unit\">m\u00b3n\/h<\/span><\/td><td class=\"column-3\">125 <span class=\"unit\">m\u00b3n\/h<\/span><\/td><td class=\"column-4\">150 <span class=\"unit\">m\u00b3n\/h<\/span><\/td><td class=\"column-5\">200 <span class=\"unit\">m\u00b3n\/h<\/span><\/td><td class=\"column-6\">250 <span class=\"unit\">m\u00b3n\/h<\/span><\/td>\n<\/tr>\n<tr class=\"row-10\">\n\t<td colspan=\"6\" class=\"column-1\">Gasdruck 2-4 bar (g), min. 0,8 bar (g)<\/td>\n<\/tr>\n<tr class=\"row-11\">\n\t<td colspan=\"6\" class=\"column-1\"><p><strong>Optionen<\/strong><\/p><ul><li>Vollintegrierter \u00d6ltank eingbaut im TURBOcontainer (Volumen 4 000 l\/20' Container oder 10 000 l\/40' Container) abgetrennt durch feuerfeste Wand und ausgestattet mit der n\u00f6tigen Sicherheitsausr\u00fcstung<\/li><li>Kombibrenner f\u00fcr zweierlei Brennstoff: Heiz\u00f6l oder Gas<\/li><li>Gasbrenner f\u00fcr Erdgas, Propan oder andere gasf\u00f6rmige Brennstoffe<\/li><\/ul><\/td>\n<\/tr>\n<tr class=\"row-12\">\n\t<td colspan=\"6\" class=\"column-1\"><strong>HINWEIS! Der tats\u00e4chliche Verbrauch ist deutlich kleiner als Nennverbrauch bei maximaler Last<\/strong><\/td>\n<\/tr>\n<tr class=\"row-13\">\n\t<td colspan=\"6\" class=\"column-1\"><h3>Aufbau \/ Layout<\/h3><\/td>\n<\/tr>\n<tr class=\"row-14\">\n\t<td colspan=\"6\" class=\"column-1\"><p><strong>TURBOcontainer<\/strong><\/p><ul><li>Thermisch isoliert, f\u00fcr den Aussenaufbau<\/li><li>Seitliche T\u00fcre f\u00fcr einfachen Zugang<\/li><li>Standard 20' (L 6050 x B 2438 x H 2592 mm) oder 40' (L 12192 x B 2438 x H 2592 mm) Container; auch Spezialcontainer nach Kundenwunsch<\/li><\/ul><p><strong>Rahmenversion<\/strong><\/p><ul><li>F\u00fcr den Inneneinbau<\/li><li>Abmessungen (L 5000 x B 2120 x H 2400 mm); Spezialabmessungen nach Kundenwunsch lieferbar<\/li><\/ul><\/td>\n<\/tr>\n<\/tbody>\n<\/table>\n<!-- #tablepress-23 from cache -->\n\t\t<\/div>\n\t\n\n\t\t<\/div>\n\t\t\t\t\t<\/div>\n\n\t\n\n<\/div>\n\n","protected":false},"excerpt":{"rendered":"","protected":false},"author":1,"featured_media":0,"parent":7178,"menu_order":1,"comment_status":"closed","ping_status":"closed","template":"","meta":{"_acf_changed":false,"footnotes":""},"class_list":["post-7238","page","type-page","status-publish","hentry"],"acf":[],"_links":{"self":[{"href":"https:\/\/www.polarmatic.com\/de\/wp-json\/wp\/v2\/pages\/7238","targetHints":{"allow":["GET"]}}],"collection":[{"href":"https:\/\/www.polarmatic.com\/de\/wp-json\/wp\/v2\/pages"}],"about":[{"href":"https:\/\/www.polarmatic.com\/de\/wp-json\/wp\/v2\/types\/page"}],"author":[{"embeddable":true,"href":"https:\/\/www.polarmatic.com\/de\/wp-json\/wp\/v2\/users\/1"}],"replies":[{"embeddable":true,"href":"https:\/\/www.polarmatic.com\/de\/wp-json\/wp\/v2\/comments?post=7238"}],"version-history":[{"count":3,"href":"https:\/\/www.polarmatic.com\/de\/wp-json\/wp\/v2\/pages\/7238\/revisions"}],"predecessor-version":[{"id":8407,"href":"https:\/\/www.polarmatic.com\/de\/wp-json\/wp\/v2\/pages\/7238\/revisions\/8407"}],"up":[{"embeddable":true,"href":"https:\/\/www.polarmatic.com\/de\/wp-json\/wp\/v2\/pages\/7178"}],"wp:attachment":[{"href":"https:\/\/www.polarmatic.com\/de\/wp-json\/wp\/v2\/media?parent=7238"}],"curies":[{"name":"wp","href":"https:\/\/api.w.org\/{rel}","templated":true}]}}