{"id":7242,"date":"2023-02-24T13:45:08","date_gmt":"2023-02-24T11:45:08","guid":{"rendered":"https:\/\/www.polarmatic.com\/loesungen\/turbomatic-heizloesungen\/turbomatic-waermeenergieeinheit\/maxturbomatic-max\/"},"modified":"2023-10-05T09:24:22","modified_gmt":"2023-10-05T06:24:22","slug":"maxturbomatic-max","status":"publish","type":"page","link":"https:\/\/www.polarmatic.com\/de\/loesungen-fur-betonindustrie\/turbomatic-heizloesungen\/turbomatic-waermeenergieeinheit\/maxturbomatic-max\/","title":{"rendered":"maxTURBOMATIC (MAX)"},"content":{"rendered":"\n<div class=\"row\"  id=\"row-18387463\">\n\n\n\t<div id=\"col-907054141\" class=\"col small-12 large-12\"  >\n\t\t\t\t<div class=\"col-inner\"  >\n\t\t\t\n\t\t\t\n\n\t\t<div class=\"pm-breadcrumbs\">\n\t\t\t\t\n\n<span><span><a href=\"https:\/\/www.polarmatic.com\/de\/\">Home<\/a><\/span><\/span>\n\t\t<\/div>\n\t\n\n\t\t<\/div>\n\t\t\t\t\t<\/div>\n\n\t\n\n<\/div>\n<div class=\"row\"  id=\"row-993488530\">\n\n\n\t<div id=\"col-682051528\" class=\"col medium-6 small-12 large-6\"  >\n\t\t\t\t<div class=\"col-inner\"  >\n\t\t\t\n\t\t\t\n\n\t<div id=\"text-1756037429\" class=\"text\">\n\t\t\n\n<h1>maxTURBOMATIC (MAX)<\/h1>\n<p>\u00a0<\/p>\n<p>TURBOMATIC MAX wird am h\u00e4ufigsten in Anwendungen eingesetzt, bei denen die klimatischen Bedingungen extrem sein k\u00f6nnen, und wenn eine hohe Heizleistung und\/oder eine kontinuierliche Beheizung der Zuschl\u00e4ge und\/oder des Wassers rund um die Uhr erforderlich ist.<\/p>\n<h2><span style=\"font-size: 80%; color: #3a5dae;\">Typische Anwendungen<\/span><\/h2>\n<ul>\n<li>Betonproduktion im gro\u00dfen Ma\u00dfstab, z.B. Betonfertigteilwerke und Produktionseinheiten bei extremen klimatischen Bedingungen<\/li>\n<\/ul>\n<h2><span style=\"color: #3a5dae; font-size: 80%;\">Hauptfunktionen<\/span><\/h2>\n<ul>\n<li>Zuschlagsheizung mit TURBOgas oder -dampf<\/li>\n<li>Erzeugung von warmem Dosierwasser<\/li>\n<\/ul>\n<h2><span style=\"color: #3a5dae; font-size: 80%;\">Heizm\u00f6glichkeiten<\/span><\/h2>\n<ul>\n<li>Beheizung der Mischanlage<\/li>\n<li>Erzeugung von warmem Wasch- und Brauchwasser<\/li>\n<li>Warmwasserversorgung zum Bef\u00fcllen der Fahrmischer<\/li>\n<li>Beheizung weiterer zugeh\u00f6riger R\u00e4umlichkeiten, z.B. B\u00fcros, Labore usw.<\/li>\n<li>Aush\u00e4rten von Betonprodukten<\/li>\n<\/ul>\n\t\t\n<style>\n#text-1756037429 {\n  line-height: 1.5;\n}\n<\/style>\n\t<\/div>\n\t\n\n\t\t<\/div>\n\t\t\t\t\t<\/div>\n\n\t\n\n\t<div id=\"col-216142273\" class=\"col medium-6 small-12 large-6\"  >\n\t\t\t\t<div class=\"col-inner\"  >\n\t\t\t\n\t\t\t\n\n\n  \n    <div id=\"gallery-819040392\" class=\"slider slider-auto-height row-collapse slider-nav-circle\" data-flickity-options='{&quot;imagesLoaded&quot;: true, &quot;dragThreshold&quot; : 5, &quot;cellAlign&quot;: &quot;left&quot;,&quot;wrapAround&quot;: true,&quot;prevNextButtons&quot;: true,&quot;percentPosition&quot;: true,&quot;pageDots&quot;: true, &quot;rightToLeft&quot;: false, &quot;autoPlay&quot; : 6000}'>\n\n  <div class=\"gallery-col col\" >\n          <div class=\"col-inner\">\n            <a class=\"image-lightbox lightbox-gallery\" href=\"https:\/\/www.polarmatic.com\/wp-content\/uploads\/2023\/03\/TURBOMATIC-MAX-A12-container-1.png\" title=\"maxTURBOMATIC\">            <div class=\"box has-hover gallery-box box-default\">\n              <div class=\"box-image\" >\n                <img loading=\"lazy\" decoding=\"async\" width=\"1920\" height=\"1080\" src=\"https:\/\/www.polarmatic.com\/wp-content\/uploads\/2023\/03\/TURBOMATIC-MAX-A12-container-1.png\" class=\"attachment-2048x2048 size-2048x2048\" alt=\"TURBOMATIC MAX A12 container\" ids=\"3562,3646,4386\" style=\"default\" lightbox_image_size=\"2048x2048\" type=\"slider-full\" slider_nav_style=\"circle\" slider_bullets=\"true\" auto_slide=\"6000\" image_size=\"2048x2048\" text_align=\"right\" text_padding=\"15px 30px 15px 30px\" srcset=\"https:\/\/www.polarmatic.com\/wp-content\/uploads\/2023\/03\/TURBOMATIC-MAX-A12-container-1.png 1920w, https:\/\/www.polarmatic.com\/wp-content\/uploads\/2023\/03\/TURBOMATIC-MAX-A12-container-1-300x169.png 300w, https:\/\/www.polarmatic.com\/wp-content\/uploads\/2023\/03\/TURBOMATIC-MAX-A12-container-1-1024x576.png 1024w, https:\/\/www.polarmatic.com\/wp-content\/uploads\/2023\/03\/TURBOMATIC-MAX-A12-container-1-768x432.png 768w, https:\/\/www.polarmatic.com\/wp-content\/uploads\/2023\/03\/TURBOMATIC-MAX-A12-container-1-1536x864.png 1536w\" sizes=\"auto, (max-width: 1920px) 100vw, 1920px\" \/>                                                              <\/div>\n              <div class=\"box-text text-right\" style=\"padding:15px 30px 15px 30px;\">\n                 <p>maxTURBOMATIC<\/p>\n              <\/div>\n            <\/div>\n            <\/a>          <\/div>\n         <\/div><div class=\"gallery-col col\" >\n          <div class=\"col-inner\">\n            <a class=\"image-lightbox lightbox-gallery\" href=\"https:\/\/www.polarmatic.com\/wp-content\/uploads\/2023\/03\/TURBOMATIC-MAX-studio.jpg\" title=\"maxTURBOMATIC\">            <div class=\"box has-hover gallery-box box-default\">\n              <div class=\"box-image\" >\n                <img loading=\"lazy\" decoding=\"async\" width=\"1500\" height=\"863\" src=\"https:\/\/www.polarmatic.com\/wp-content\/uploads\/2023\/03\/TURBOMATIC-MAX-studio.jpg\" class=\"attachment-2048x2048 size-2048x2048\" alt=\"TURBOMATIC MAX\" ids=\"3562,3646,4386\" style=\"default\" lightbox_image_size=\"2048x2048\" type=\"slider-full\" slider_nav_style=\"circle\" slider_bullets=\"true\" auto_slide=\"6000\" image_size=\"2048x2048\" text_align=\"right\" text_padding=\"15px 30px 15px 30px\" srcset=\"https:\/\/www.polarmatic.com\/wp-content\/uploads\/2023\/03\/TURBOMATIC-MAX-studio.jpg 1500w, https:\/\/www.polarmatic.com\/wp-content\/uploads\/2023\/03\/TURBOMATIC-MAX-studio-300x173.jpg 300w, https:\/\/www.polarmatic.com\/wp-content\/uploads\/2023\/03\/TURBOMATIC-MAX-studio-1024x589.jpg 1024w, https:\/\/www.polarmatic.com\/wp-content\/uploads\/2023\/03\/TURBOMATIC-MAX-studio-768x442.jpg 768w\" sizes=\"auto, (max-width: 1500px) 100vw, 1500px\" \/>                                                              <\/div>\n              <div class=\"box-text text-right\" style=\"padding:15px 30px 15px 30px;\">\n                 <p>maxTURBOMATIC<\/p>\n              <\/div>\n            <\/div>\n            <\/a>          <\/div>\n         <\/div><div class=\"gallery-col col\" >\n          <div class=\"col-inner\">\n            <a class=\"image-lightbox lightbox-gallery\" href=\"https:\/\/www.polarmatic.com\/wp-content\/uploads\/2023\/03\/Heating-maxTURBOMATIC-EN.jpg\" title=\"maxTURBOMATIC\">            <div class=\"box has-hover gallery-box box-default\">\n              <div class=\"box-image\" >\n                <img loading=\"lazy\" decoding=\"async\" width=\"1500\" height=\"1159\" src=\"https:\/\/www.polarmatic.com\/wp-content\/uploads\/2023\/03\/Heating-maxTURBOMATIC-EN.jpg\" class=\"attachment-2048x2048 size-2048x2048\" alt=\"Flowchart maxTURBOMATIC\" ids=\"3562,3646,4386\" style=\"default\" lightbox_image_size=\"2048x2048\" type=\"slider-full\" slider_nav_style=\"circle\" slider_bullets=\"true\" auto_slide=\"6000\" image_size=\"2048x2048\" text_align=\"right\" text_padding=\"15px 30px 15px 30px\" srcset=\"https:\/\/www.polarmatic.com\/wp-content\/uploads\/2023\/03\/Heating-maxTURBOMATIC-EN.jpg 1500w, https:\/\/www.polarmatic.com\/wp-content\/uploads\/2023\/03\/Heating-maxTURBOMATIC-EN-300x232.jpg 300w, https:\/\/www.polarmatic.com\/wp-content\/uploads\/2023\/03\/Heating-maxTURBOMATIC-EN-1024x791.jpg 1024w, https:\/\/www.polarmatic.com\/wp-content\/uploads\/2023\/03\/Heating-maxTURBOMATIC-EN-768x593.jpg 768w\" sizes=\"auto, (max-width: 1500px) 100vw, 1500px\" \/>                                                              <\/div>\n              <div class=\"box-text text-right\" style=\"padding:15px 30px 15px 30px;\">\n                 <p>maxTURBOMATIC<\/p>\n              <\/div>\n            <\/div>\n            <\/a>          <\/div>\n         <\/div><\/div>\n\n\n\t\t<\/div>\n\t\t\t\t\t<\/div>\n\n\t\n\n<\/div>\n<div class=\"is-divider divider clearfix\" style=\"max-width:100%;height:1px;\"><\/div>\n\n<div class=\"row\"  id=\"row-1204902600\">\n\n\n\t<div id=\"col-451827457\" class=\"col small-12 large-12\"  >\n\t\t\t\t<div class=\"col-inner\"  >\n\t\t\t\n\t\t\t\n\n\t<div id=\"text-1173745095\" class=\"text\">\n\t\t\n\n<h2>maxTURBOMATIC Modelle<\/h2>\r\n&nbsp;\n\t\t\n<style>\n#text-1173745095 {\n  line-height: 1.5;\n}\n<\/style>\n\t<\/div>\n\t\n\t\t<div class=\"pm-product-specs\">\n\t\t\t\t\n\n\n<table id=\"tablepress-24\" class=\"tablepress tablepress-id-24 tbody-has-connected-cells\">\n<thead>\n<tr class=\"row-1\">\n\t<th class=\"column-1\"><strong>PME-MAX 750<\/strong><\/th><th class=\"column-2\"><strong>PME-MAX 1000<\/strong><\/th><th class=\"column-3\"><strong>PME-MAX 1250<\/strong><\/th><th class=\"column-4\"><strong>PME-MAX 1500<\/strong><\/th><th class=\"column-5\"><strong>PME-MAX 2000<\/strong><\/th><th class=\"column-6\"><strong>PME-MAX 2500<\/strong><\/th>\n<\/tr>\n<\/thead>\n<tbody class=\"row-striping row-hover\">\n<tr class=\"row-2\">\n\t<td colspan=\"6\" class=\"column-1\"><h3>Leistung<\/h3><\/td>\n<\/tr>\n<tr class=\"row-3\">\n\t<td class=\"column-1\"><strong>750 <span class=\"unit\">kW<\/span><\/strong><\/td><td class=\"column-2\"><strong>1000 <span class=\"unit\">kW<\/span><\/strong><\/td><td class=\"column-3\"><strong>1250 <span class=\"unit\">kW<\/span><\/strong><\/td><td class=\"column-4\"><strong>1500 <span class=\"unit\">kW<\/span><\/strong><\/td><td class=\"column-5\"><strong>2000 <span class=\"unit\">kW<\/span><\/strong><\/td><td class=\"column-6\"><strong>2500 <span class=\"unit\">kW<\/span><\/strong><\/td>\n<\/tr>\n<tr class=\"row-4\">\n\t<td class=\"column-1\">Zuschl\u00e4ge<br\/> 75\u2026750 kW<br\/> <br\/> Wasser<br\/> 0\u2026675 kW<\/td><td class=\"column-2\">Zuschl\u00e4ge<br\/> 100\u20261000 kW<br\/> <br\/> Wasser<br\/> 0\u2026900 kW<\/td><td class=\"column-3\">Zuschl\u00e4ge<br\/> 125\u20261250 kW<br\/> <br\/> Wasser<br\/> 0\u20261125 kW<\/td><td class=\"column-4\">Zuschl\u00e4ge <br\/> 150\u20261500 kW<br\/> <br\/> Wasser<br\/> 0\u20261350 kW<\/td><td class=\"column-5\">Zuschl\u00e4ge<br\/> 200\u20262000 kW<br\/> <br\/> Wasser<br\/> 0\u20261800 kW<\/td><td class=\"column-6\">Zuschl\u00e4ge<br\/> 250\u20262500 kW<br\/> <br\/> Wasser<br\/> 0\u20262250 kW<\/td>\n<\/tr>\n<tr class=\"row-5\">\n\t<td colspan=\"6\" class=\"column-1\"><h3>Betrieben mit<\/h3><\/td>\n<\/tr>\n<tr class=\"row-6\">\n\t<td colspan=\"6\" class=\"column-1\"><strong>Heiz\u00f6l, Biodiesel<\/strong><\/td>\n<\/tr>\n<tr class=\"row-7\">\n\t<td class=\"column-1\">75 <span class=\"unit\">l\/h<\/span><\/td><td class=\"column-2\">100 <span class=\"unit\">l\/h<\/span><\/td><td class=\"column-3\">125 <span class=\"unit\">l\/h<\/span><\/td><td class=\"column-4\">150 <span class=\"unit\">l\/h<\/span><\/td><td class=\"column-5\">200 <span class=\"unit\">l\/h<\/span><\/td><td class=\"column-6\">250 <span class=\"unit\">l\/h<\/span><\/td>\n<\/tr>\n<tr class=\"row-8\">\n\t<td colspan=\"6\" class=\"column-1\"><strong>Erdgas<\/strong><\/td>\n<\/tr>\n<tr class=\"row-9\">\n\t<td class=\"column-1\">75 <span class=\"unit\">m\u00b3n\/h<\/span><\/td><td class=\"column-2\">100 <span class=\"unit\">m\u00b3n\/h<\/span><\/td><td class=\"column-3\">125 <span class=\"unit\">m\u00b3n\/h<\/span><\/td><td class=\"column-4\">150 <span class=\"unit\">m\u00b3n\/h<\/span><\/td><td class=\"column-5\">200 <span class=\"unit\">m\u00b3n\/h<\/span><\/td><td class=\"column-6\">250 <span class=\"unit\">m\u00b3n\/h<\/span><\/td>\n<\/tr>\n<tr class=\"row-10\">\n\t<td colspan=\"6\" class=\"column-1\">Gasdruck 2-4 bar (g), min. 0,8 bar (g)<\/td>\n<\/tr>\n<tr class=\"row-11\">\n\t<td colspan=\"6\" class=\"column-1\"><p><strong>Optionen<\/strong><\/p><ul><li>Vollintegrierter \u00d6ltank eingbaut im TURBOcontainer (Volumen 4.000 l\/20' Container oder 10.000 l\/40' Container) abgetrennt durch feuerfeste Wand und ausgestattet mit der n\u00f6tigen Sicherheitsausr\u00fcstung<\/li><li>Kombibrenner f\u00fcr zweierlei Brennstoff: Heiz\u00f6l oder Gas<\/li><li>Gasbrenner f\u00fcr Erdgas, Propan oder andere gasf\u00f6rmige Brennstoffe<\/li><\/ul><\/td>\n<\/tr>\n<tr class=\"row-12\">\n\t<td colspan=\"6\" class=\"column-1\"><strong>HINWEIS! Der tats\u00e4chliche Verbrauch ist deutlich kleiner als Nennverbrauch bei maximaler Last<\/strong><\/td>\n<\/tr>\n<tr class=\"row-13\">\n\t<td colspan=\"6\" class=\"column-1\"><h3>Aufbau \/ Layout<\/h3><\/td>\n<\/tr>\n<tr class=\"row-14\">\n\t<td colspan=\"6\" class=\"column-1\"><p><strong>TURBOcontainer <\/strong><\/p><ul><li>Thermisch isoliert, f\u00fcr den Aussenaufbau \u2022Seitliche T\u00fcre f\u00fcr einfachen Zugang<\/li><li>Standard 20\u2019 (L 6050 x B 2438 x H 2592 mm)* oder standard 40\u2019 (L 12192 x B 2438 x H 2592)** Container; auch Spezialcontainer nach Kundenwunsch.<\/li><\/ul><\/td>\n<\/tr>\n<\/tbody>\n<\/table>\n<!-- #tablepress-24 from cache -->\n\t\t<\/div>\n\t\n\n\t\t<\/div>\n\t\t\t\t\t<\/div>\n\n\t\n\n<\/div>\n\n","protected":false},"excerpt":{"rendered":"","protected":false},"author":1,"featured_media":0,"parent":7178,"menu_order":2,"comment_status":"closed","ping_status":"closed","template":"","meta":{"_acf_changed":false,"footnotes":""},"class_list":["post-7242","page","type-page","status-publish","hentry"],"acf":[],"_links":{"self":[{"href":"https:\/\/www.polarmatic.com\/de\/wp-json\/wp\/v2\/pages\/7242","targetHints":{"allow":["GET"]}}],"collection":[{"href":"https:\/\/www.polarmatic.com\/de\/wp-json\/wp\/v2\/pages"}],"about":[{"href":"https:\/\/www.polarmatic.com\/de\/wp-json\/wp\/v2\/types\/page"}],"author":[{"embeddable":true,"href":"https:\/\/www.polarmatic.com\/de\/wp-json\/wp\/v2\/users\/1"}],"replies":[{"embeddable":true,"href":"https:\/\/www.polarmatic.com\/de\/wp-json\/wp\/v2\/comments?post=7242"}],"version-history":[{"count":2,"href":"https:\/\/www.polarmatic.com\/de\/wp-json\/wp\/v2\/pages\/7242\/revisions"}],"predecessor-version":[{"id":7976,"href":"https:\/\/www.polarmatic.com\/de\/wp-json\/wp\/v2\/pages\/7242\/revisions\/7976"}],"up":[{"embeddable":true,"href":"https:\/\/www.polarmatic.com\/de\/wp-json\/wp\/v2\/pages\/7178"}],"wp:attachment":[{"href":"https:\/\/www.polarmatic.com\/de\/wp-json\/wp\/v2\/media?parent=7242"}],"curies":[{"name":"wp","href":"https:\/\/api.w.org\/{rel}","templated":true}]}}