{"id":7256,"date":"2023-02-28T11:54:41","date_gmt":"2023-02-28T09:54:41","guid":{"rendered":"https:\/\/www.polarmatic.com\/loesungen\/turbomatic-heizloesungen\/kombinierte-heiz-und-kuehlloesung\/"},"modified":"2023-11-22T15:34:31","modified_gmt":"2023-11-22T13:34:31","slug":"kombinierte-heiz-und-kuehlloesung","status":"publish","type":"page","link":"https:\/\/www.polarmatic.com\/de\/loesungen-fur-betonindustrie\/turbomatic-heizloesungen\/kombinierte-heiz-und-kuehlloesung\/","title":{"rendered":"Kombinierte Heiz- und K\u00fchll\u00f6sung"},"content":{"rendered":"\n<div class=\"row\"  id=\"row-123427350\">\n\n\n\t<div id=\"col-1558303843\" class=\"col small-12 large-12\"  >\n\t\t\t\t<div class=\"col-inner\"  >\n\t\t\t\n\t\t\t\n\n\t\t<div class=\"pm-breadcrumbs\">\n\t\t\t\t\n\n<span><span><a href=\"https:\/\/www.polarmatic.com\/de\/\">Home<\/a><\/span><\/span>\n\t\t<\/div>\n\t\n\n\t\t<\/div>\n\t\t\t\t\t<\/div>\n\n\t\n\n<\/div>\n<div class=\"row\"  id=\"row-206576327\">\n\n\n\t<div id=\"col-1340587094\" class=\"col medium-6 small-12 large-6\"  >\n\t\t\t\t<div class=\"col-inner\"  >\n\t\t\t\n\t\t\t\n\n\t<div id=\"text-2665091690\" class=\"text\">\n\t\t\n\n<h1>Kombinierte Heiz- und K\u00fchll\u00f6sung<\/h1>\n<p>\u00a0<\/p>\n<p>TURBOMATIC-W\u00e4rmeenergieger\u00e4te k\u00f6nnen mit einer COOLMATIC Anlage kombiniert werden, um eine vollst\u00e4ndig integrierte, kombinierte Heiz- und K\u00fchll\u00f6sung bereitzustellen.<\/p>\n<p>COOLMATIC-Ger\u00e4te bieten eine komplette K\u00fchll\u00f6sung einschlie\u00dflich aller notwendigen Ger\u00e4te f\u00fcr die Produktion, Lagerung und Dosierung von Kaltwasser sowie bei Bedarf auch f\u00fcr die K\u00fchlung von Zuschl\u00e4gen. Jede Heiz- und K\u00fchll\u00f6sung wird individuell auf die Kundenbed\u00fcrfnisse zugeschnitten.<\/p>\n<p>Bei der Kombination der TURBOMATIC W\u00e4rmeenergieeinheit mit der COOLMATIC K\u00fchleinheit zu einer kombinierten Heiz- und K\u00fchll\u00f6sung wird der Warmwassertank der TURBOMATIC zur Lagerung von kaltem Wasser genutzt und die gleiche Wasserdosieranlage, die w\u00e4hrend des Betriebs in der kalten Jahreszeit f\u00fcr die Warmdosierung verwendet wird, dient in den hei\u00dfen Monaten zur Kaltwasserversorgung.<\/p>\n\t\t\n<style>\n#text-2665091690 {\n  line-height: 1.5;\n}\n<\/style>\n\t<\/div>\n\t\n<a href=\"https:\/\/www.polarmatic.com\/de\/loesungen\/coolmatic-kuehlloesungen\/\" class=\"button primary lowercase\" >\n\t\t<span>COOLMATIC K\u00fchll\u00f6sungen<\/span>\n\t<\/a>\n\n\n<a href=\"https:\/\/www.polarmatic.com\/de\/loesungen\/turbomatic-heizloesungen\/\" class=\"button primary lowercase\" >\n\t\t<span>TURBOMATIC Heizl\u00f6sungen<\/span>\n\t<\/a>\n\n\n\n\t\t<\/div>\n\t\t\t\t\t<\/div>\n\n\t\n\n\t<div id=\"col-1797706549\" class=\"col medium-6 small-12 large-6\"  >\n\t\t\t\t<div class=\"col-inner\"  >\n\t\t\t\n\t\t\t\n\n\n  \n    <div id=\"gallery-1606268840\" class=\"slider slider-auto-height row-collapse slider-nav-circle\" data-flickity-options='{&quot;imagesLoaded&quot;: true, &quot;dragThreshold&quot; : 5, &quot;cellAlign&quot;: &quot;left&quot;,&quot;wrapAround&quot;: true,&quot;prevNextButtons&quot;: true,&quot;percentPosition&quot;: true,&quot;pageDots&quot;: true, &quot;rightToLeft&quot;: false, &quot;autoPlay&quot; : 6000}'>\n\n  <div class=\"gallery-col col\" >\n          <div class=\"col-inner\">\n            <a class=\"image-lightbox lightbox-gallery\" href=\"https:\/\/www.polarmatic.com\/wp-content\/uploads\/2023\/04\/Coolmatic-tehdas-01-2048x2048.jpg\" title=\"Kombinierte Heiz- und K\u00fchll\u00f6sung\">            <div class=\"box has-hover gallery-box box-normal\">\n              <div class=\"box-image image-cover\" style=\"padding-top:56.25%;\">\n                <img loading=\"lazy\" decoding=\"async\" width=\"2048\" height=\"2048\" src=\"https:\/\/www.polarmatic.com\/wp-content\/uploads\/2023\/04\/Coolmatic-tehdas-01-2048x2048.jpg\" class=\"attachment-2048x2048 size-2048x2048\" alt=\"Coolmatic Cooling Solutions\" ids=\"4848,5440,5446\" style=\"normal\" lightbox_image_size=\"2048x2048\" type=\"slider-full\" slider_nav_style=\"circle\" slider_bullets=\"true\" auto_slide=\"6000\" image_height=\"56.25%\" image_size=\"2048x2048\" text_align=\"right\" srcset=\"https:\/\/www.polarmatic.com\/wp-content\/uploads\/2023\/04\/Coolmatic-tehdas-01-2048x2048.jpg 2048w, https:\/\/www.polarmatic.com\/wp-content\/uploads\/2023\/04\/Coolmatic-tehdas-01-300x300.jpg 300w, https:\/\/www.polarmatic.com\/wp-content\/uploads\/2023\/04\/Coolmatic-tehdas-01-1024x1024.jpg 1024w, https:\/\/www.polarmatic.com\/wp-content\/uploads\/2023\/04\/Coolmatic-tehdas-01-150x150.jpg 150w, https:\/\/www.polarmatic.com\/wp-content\/uploads\/2023\/04\/Coolmatic-tehdas-01-768x768.jpg 768w, https:\/\/www.polarmatic.com\/wp-content\/uploads\/2023\/04\/Coolmatic-tehdas-01-1536x1536.jpg 1536w\" sizes=\"auto, (max-width: 2048px) 100vw, 2048px\" \/>                                                              <\/div>\n              <div class=\"box-text text-right\" >\n                 <p>Kombinierte Heiz- und K\u00fchll\u00f6sung<\/p>\n              <\/div>\n            <\/div>\n            <\/a>          <\/div>\n         <\/div><div class=\"gallery-col col\" >\n          <div class=\"col-inner\">\n            <a class=\"image-lightbox lightbox-gallery\" href=\"https:\/\/www.polarmatic.com\/wp-content\/uploads\/2023\/04\/PME-STD-Chiller-2048x1536.png\" title=\"Kombinierte Heiz- und K\u00fchll\u00f6sung\">            <div class=\"box has-hover gallery-box box-normal\">\n              <div class=\"box-image image-cover\" style=\"padding-top:56.25%;\">\n                <img loading=\"lazy\" decoding=\"async\" width=\"2048\" height=\"1536\" src=\"https:\/\/www.polarmatic.com\/wp-content\/uploads\/2023\/04\/PME-STD-Chiller-2048x1536.png\" class=\"attachment-2048x2048 size-2048x2048\" alt=\"COOLMATIC Cold Water Cooling\" ids=\"4848,5440,5446\" style=\"normal\" lightbox_image_size=\"2048x2048\" type=\"slider-full\" slider_nav_style=\"circle\" slider_bullets=\"true\" auto_slide=\"6000\" image_height=\"56.25%\" image_size=\"2048x2048\" text_align=\"right\" srcset=\"https:\/\/www.polarmatic.com\/wp-content\/uploads\/2023\/04\/PME-STD-Chiller-2048x1536.png 2048w, https:\/\/www.polarmatic.com\/wp-content\/uploads\/2023\/04\/PME-STD-Chiller-300x225.png 300w, https:\/\/www.polarmatic.com\/wp-content\/uploads\/2023\/04\/PME-STD-Chiller-1024x768.png 1024w, https:\/\/www.polarmatic.com\/wp-content\/uploads\/2023\/04\/PME-STD-Chiller-768x576.png 768w, https:\/\/www.polarmatic.com\/wp-content\/uploads\/2023\/04\/PME-STD-Chiller-1536x1152.png 1536w\" sizes=\"auto, (max-width: 2048px) 100vw, 2048px\" \/>                                                              <\/div>\n              <div class=\"box-text text-right\" >\n                 <p>Kombinierte Heiz- und K\u00fchll\u00f6sung<\/p>\n              <\/div>\n            <\/div>\n            <\/a>          <\/div>\n         <\/div><div class=\"gallery-col col\" >\n          <div class=\"col-inner\">\n            <a class=\"image-lightbox lightbox-gallery\" href=\"https:\/\/www.polarmatic.com\/wp-content\/uploads\/2023\/04\/CHILLER-Kontti-02-2048x1381.png\" title=\"Kombinierte Heiz- und K\u00fchll\u00f6sung\">            <div class=\"box has-hover gallery-box box-normal\">\n              <div class=\"box-image image-cover\" style=\"padding-top:56.25%;\">\n                <img loading=\"lazy\" decoding=\"async\" width=\"2048\" height=\"1381\" src=\"https:\/\/www.polarmatic.com\/wp-content\/uploads\/2023\/04\/CHILLER-Kontti-02-2048x1381.png\" class=\"attachment-2048x2048 size-2048x2048\" alt=\"Combined Heating and Cooling\" ids=\"4848,5440,5446\" style=\"normal\" lightbox_image_size=\"2048x2048\" type=\"slider-full\" slider_nav_style=\"circle\" slider_bullets=\"true\" auto_slide=\"6000\" image_height=\"56.25%\" image_size=\"2048x2048\" text_align=\"right\" srcset=\"https:\/\/www.polarmatic.com\/wp-content\/uploads\/2023\/04\/CHILLER-Kontti-02-2048x1381.png 2048w, https:\/\/www.polarmatic.com\/wp-content\/uploads\/2023\/04\/CHILLER-Kontti-02-300x202.png 300w, https:\/\/www.polarmatic.com\/wp-content\/uploads\/2023\/04\/CHILLER-Kontti-02-1024x691.png 1024w, https:\/\/www.polarmatic.com\/wp-content\/uploads\/2023\/04\/CHILLER-Kontti-02-768x518.png 768w, https:\/\/www.polarmatic.com\/wp-content\/uploads\/2023\/04\/CHILLER-Kontti-02-1536x1036.png 1536w\" sizes=\"auto, (max-width: 2048px) 100vw, 2048px\" \/>                                                              <\/div>\n              <div class=\"box-text text-right\" >\n                 <p>Kombinierte Heiz- und K\u00fchll\u00f6sung<\/p>\n              <\/div>\n            <\/div>\n            <\/a>          <\/div>\n         <\/div><\/div>\n\n\n\t\t<\/div>\n\t\t\t\t\t<\/div>\n\n\t\n\n<\/div>\n\n","protected":false},"excerpt":{"rendered":"","protected":false},"author":1,"featured_media":0,"parent":7158,"menu_order":4,"comment_status":"closed","ping_status":"closed","template":"","meta":{"_acf_changed":false,"footnotes":""},"class_list":["post-7256","page","type-page","status-publish","hentry"],"acf":[],"_links":{"self":[{"href":"https:\/\/www.polarmatic.com\/de\/wp-json\/wp\/v2\/pages\/7256","targetHints":{"allow":["GET"]}}],"collection":[{"href":"https:\/\/www.polarmatic.com\/de\/wp-json\/wp\/v2\/pages"}],"about":[{"href":"https:\/\/www.polarmatic.com\/de\/wp-json\/wp\/v2\/types\/page"}],"author":[{"embeddable":true,"href":"https:\/\/www.polarmatic.com\/de\/wp-json\/wp\/v2\/users\/1"}],"replies":[{"embeddable":true,"href":"https:\/\/www.polarmatic.com\/de\/wp-json\/wp\/v2\/comments?post=7256"}],"version-history":[{"count":5,"href":"https:\/\/www.polarmatic.com\/de\/wp-json\/wp\/v2\/pages\/7256\/revisions"}],"predecessor-version":[{"id":8415,"href":"https:\/\/www.polarmatic.com\/de\/wp-json\/wp\/v2\/pages\/7256\/revisions\/8415"}],"up":[{"embeddable":true,"href":"https:\/\/www.polarmatic.com\/de\/wp-json\/wp\/v2\/pages\/7158"}],"wp:attachment":[{"href":"https:\/\/www.polarmatic.com\/de\/wp-json\/wp\/v2\/media?parent=7256"}],"curies":[{"name":"wp","href":"https:\/\/api.w.org\/{rel}","templated":true}]}}