{"id":7264,"date":"2023-02-28T16:00:45","date_gmt":"2023-02-28T14:00:45","guid":{"rendered":"https:\/\/www.polarmatic.com\/loesungen\/turbomatic-heizloesungen\/turbomatic-turbosteam-generator\/"},"modified":"2023-10-05T09:41:27","modified_gmt":"2023-10-05T06:41:27","slug":"turbomatic-turbosteam-generator","status":"publish","type":"page","link":"https:\/\/www.polarmatic.com\/de\/loesungen-fur-betonindustrie\/turbomatic-heizloesungen\/turbomatic-turbosteam-generator\/","title":{"rendered":"TURBOMATIC TURBOsteam Generator"},"content":{"rendered":"\n<div class=\"row\"  id=\"row-647912184\">\n\n\n\t<div id=\"col-568338035\" class=\"col small-12 large-12\"  >\n\t\t\t\t<div class=\"col-inner\"  >\n\t\t\t\n\t\t\t\n\n\t\t<div class=\"pm-breadcrumbs\">\n\t\t\t\t\n\n<span><span><a href=\"https:\/\/www.polarmatic.com\/de\/\">Home<\/a><\/span><\/span>\n\t\t<\/div>\n\t\n\n\t\t<\/div>\n\t\t\t\t\t<\/div>\n\n\t\n\n<\/div>\n<div class=\"row\"  id=\"row-1701448768\">\n\n\n\t<div id=\"col-1667917686\" class=\"col medium-6 small-12 large-6\"  >\n\t\t\t\t<div class=\"col-inner\"  >\n\t\t\t\n\t\t\t\n\n\t<div id=\"text-351800705\" class=\"text\">\n\t\t\n\n<h1>TURBOMATIC TURBOsteam Generator (TSG)<\/h1>\n<p>\u00a0<\/p>\n<p>Der TURBOMATIC TURBOsteam Generator ist eine Heizl\u00f6sung f\u00fcr Anwendungen, bei denen nur die Beheizung von Zuschl\u00e4gen erforderlich ist.<\/p>\n<p>Der TURBOsteam-Generator ist eine bew\u00e4hrte L\u00f6sung unter extremen klimatischen Bedingungen und f\u00fcr Standorte, an denen eine hohe Heizleistung oder eine kontinuierliche Beheizung der Zuschl\u00e4ge rund um die Uhr erforderlich ist.<\/p>\n<p>Die Verwendung von TURBOsteam als Heizmedium ver\u00e4ndert die Feuchtigkeit der Zuschlagstoffe nicht.<\/p>\n\t\t\n<style>\n#text-351800705 {\n  line-height: 1.5;\n}\n<\/style>\n\t<\/div>\n\t\n\n\t\t<\/div>\n\t\t\t\t\t<\/div>\n\n\t\n\n\t<div id=\"col-421720588\" class=\"col medium-6 small-12 large-6\"  >\n\t\t\t\t<div class=\"col-inner\"  >\n\t\t\t\n\t\t\t\n\n\n  \n    <div id=\"gallery-1585738765\" class=\"slider slider-auto-height row-collapse slider-nav-circle\" data-flickity-options='{&quot;imagesLoaded&quot;: true, &quot;dragThreshold&quot; : 5, &quot;cellAlign&quot;: &quot;left&quot;,&quot;wrapAround&quot;: true,&quot;prevNextButtons&quot;: true,&quot;percentPosition&quot;: true,&quot;pageDots&quot;: true, &quot;rightToLeft&quot;: false, &quot;autoPlay&quot; : 6000}'>\n\n  <div class=\"gallery-col col\" >\n          <div class=\"col-inner\">\n            <a class=\"image-lightbox lightbox-gallery\" href=\"https:\/\/www.polarmatic.com\/wp-content\/uploads\/2023\/03\/TURBOsteam_generator-01-studio-1024x537.jpg\" title=\"TURBOMATIC TURBOsteam Generator TSG\">            <div class=\"box has-hover gallery-box box-normal\">\n              <div class=\"box-image\" >\n                <img loading=\"lazy\" decoding=\"async\" width=\"1500\" height=\"786\" src=\"https:\/\/www.polarmatic.com\/wp-content\/uploads\/2023\/03\/TURBOsteam_generator-01-studio.jpg\" class=\"attachment-2048x2048 size-2048x2048\" alt=\"TURBOMATIC TURBOsteam Generator\" ids=\"3610,3604,4394\" style=\"normal\" type=\"slider-full\" slider_nav_style=\"circle\" slider_bullets=\"true\" auto_slide=\"6000\" image_size=\"2048x2048\" text_align=\"right\" text_padding=\"15px 30px 15px 30px\" srcset=\"https:\/\/www.polarmatic.com\/wp-content\/uploads\/2023\/03\/TURBOsteam_generator-01-studio.jpg 1500w, https:\/\/www.polarmatic.com\/wp-content\/uploads\/2023\/03\/TURBOsteam_generator-01-studio-300x157.jpg 300w, https:\/\/www.polarmatic.com\/wp-content\/uploads\/2023\/03\/TURBOsteam_generator-01-studio-1024x537.jpg 1024w, https:\/\/www.polarmatic.com\/wp-content\/uploads\/2023\/03\/TURBOsteam_generator-01-studio-768x402.jpg 768w\" sizes=\"auto, (max-width: 1500px) 100vw, 1500px\" \/>                                                              <\/div>\n              <div class=\"box-text text-right\" style=\"padding:15px 30px 15px 30px;\">\n                 <p>TURBOMATIC TURBOsteam Generator TSG<\/p>\n              <\/div>\n            <\/div>\n            <\/a>          <\/div>\n         <\/div><div class=\"gallery-col col\" >\n          <div class=\"col-inner\">\n            <a class=\"image-lightbox lightbox-gallery\" href=\"https:\/\/www.polarmatic.com\/wp-content\/uploads\/2023\/03\/TURBOMATIC-TSG-C6-open-1024x576.png\" title=\"TURBOMATIC TURBOsteam Generator TSG\">            <div class=\"box has-hover gallery-box box-normal\">\n              <div class=\"box-image\" >\n                <img loading=\"lazy\" decoding=\"async\" width=\"1920\" height=\"1080\" src=\"https:\/\/www.polarmatic.com\/wp-content\/uploads\/2023\/03\/TURBOMATIC-TSG-C6-open.png\" class=\"attachment-2048x2048 size-2048x2048\" alt=\"TURBOMATIC MAX AT12 with water container open\" ids=\"3610,3604,4394\" style=\"normal\" type=\"slider-full\" slider_nav_style=\"circle\" slider_bullets=\"true\" auto_slide=\"6000\" image_size=\"2048x2048\" text_align=\"right\" text_padding=\"15px 30px 15px 30px\" srcset=\"https:\/\/www.polarmatic.com\/wp-content\/uploads\/2023\/03\/TURBOMATIC-TSG-C6-open.png 1920w, https:\/\/www.polarmatic.com\/wp-content\/uploads\/2023\/03\/TURBOMATIC-TSG-C6-open-300x169.png 300w, https:\/\/www.polarmatic.com\/wp-content\/uploads\/2023\/03\/TURBOMATIC-TSG-C6-open-1024x576.png 1024w, https:\/\/www.polarmatic.com\/wp-content\/uploads\/2023\/03\/TURBOMATIC-TSG-C6-open-768x432.png 768w, https:\/\/www.polarmatic.com\/wp-content\/uploads\/2023\/03\/TURBOMATIC-TSG-C6-open-1536x864.png 1536w\" sizes=\"auto, (max-width: 1920px) 100vw, 1920px\" \/>                                                              <\/div>\n              <div class=\"box-text text-right\" style=\"padding:15px 30px 15px 30px;\">\n                 <p>TURBOMATIC TURBOsteam Generator TSG<\/p>\n              <\/div>\n            <\/div>\n            <\/a>          <\/div>\n         <\/div><div class=\"gallery-col col\" >\n          <div class=\"col-inner\">\n            <a class=\"image-lightbox lightbox-gallery\" href=\"https:\/\/www.polarmatic.com\/wp-content\/uploads\/2023\/03\/Heating-TURBOsteam_generator-EN-1024x791.jpg\" title=\"TURBOMATIC TURBOsteam Generator TSG\">            <div class=\"box has-hover gallery-box box-normal\">\n              <div class=\"box-image\" >\n                <img loading=\"lazy\" decoding=\"async\" width=\"1500\" height=\"1159\" src=\"https:\/\/www.polarmatic.com\/wp-content\/uploads\/2023\/03\/Heating-TURBOsteam_generator-EN.jpg\" class=\"attachment-2048x2048 size-2048x2048\" alt=\"Flowchart TURBOsteam generator\" ids=\"3610,3604,4394\" style=\"normal\" type=\"slider-full\" slider_nav_style=\"circle\" slider_bullets=\"true\" auto_slide=\"6000\" image_size=\"2048x2048\" text_align=\"right\" text_padding=\"15px 30px 15px 30px\" srcset=\"https:\/\/www.polarmatic.com\/wp-content\/uploads\/2023\/03\/Heating-TURBOsteam_generator-EN.jpg 1500w, https:\/\/www.polarmatic.com\/wp-content\/uploads\/2023\/03\/Heating-TURBOsteam_generator-EN-300x232.jpg 300w, https:\/\/www.polarmatic.com\/wp-content\/uploads\/2023\/03\/Heating-TURBOsteam_generator-EN-1024x791.jpg 1024w, https:\/\/www.polarmatic.com\/wp-content\/uploads\/2023\/03\/Heating-TURBOsteam_generator-EN-768x593.jpg 768w\" sizes=\"auto, (max-width: 1500px) 100vw, 1500px\" \/>                                                              <\/div>\n              <div class=\"box-text text-right\" style=\"padding:15px 30px 15px 30px;\">\n                 <p>TURBOMATIC TURBOsteam Generator TSG<\/p>\n              <\/div>\n            <\/div>\n            <\/a>          <\/div>\n         <\/div><\/div>\n\n\n\t\t<\/div>\n\t\t\t\t\t<\/div>\n\n\t\n\n<\/div>\n<div class=\"is-divider divider clearfix\" style=\"max-width:100%;height:1px;\"><\/div>\n\n<div class=\"row\"  id=\"row-461156257\">\n\n\n\t<div id=\"col-2000365909\" class=\"col small-12 large-12\"  >\n\t\t\t\t<div class=\"col-inner\"  >\n\t\t\t\n\t\t\t\n\n\t<div id=\"text-2256959589\" class=\"text\">\n\t\t\n\n<h2>TURBOsteam Generator Modelle<\/h2>\n\t\t\n<style>\n#text-2256959589 {\n  line-height: 1.5;\n}\n<\/style>\n\t<\/div>\n\t\n\t\t<div class=\"pm-product-specs\">\n\t\t\t\t\n\n\n<table id=\"tablepress-25\" class=\"tablepress tablepress-id-25 tbody-has-connected-cells\">\n<thead>\n<tr class=\"row-1\">\n\t<th class=\"column-1\"><strong>PME-TSG 300<\/strong><\/th><th class=\"column-2\"><strong>PME-TSG 500<\/strong><\/th><th class=\"column-3\"><strong>PME-TSG 750<\/strong><\/th><th class=\"column-4\"><strong>PME-TSG 1000<\/strong><\/th><th class=\"column-5\"><strong>PME TSG-1250<\/strong><\/th><th class=\"column-6\"><strong>PME TSG-1500<\/strong><\/th><th class=\"column-7\"><strong>PME TSG-2000<\/strong><\/th><th class=\"column-8\"><strong>PME-TSG 2500<\/strong><\/th>\n<\/tr>\n<\/thead>\n<tbody class=\"row-striping row-hover\">\n<tr class=\"row-2\">\n\t<td colspan=\"8\" class=\"column-1\"><h3>Leistung<\/h3><\/td>\n<\/tr>\n<tr class=\"row-3\">\n\t<td class=\"column-1\"><strong>300 <span class=\"unit\">kW<\/span><\/strong><\/td><td class=\"column-2\"><strong>500 <span class=\"unit\">kW<\/span><\/strong><\/td><td class=\"column-3\"><strong>750 <span class=\"unit\">kW<\/span><\/strong><\/td><td class=\"column-4\"><strong>1000 <span class=\"unit\">kW<\/span><\/strong><\/td><td class=\"column-5\"><strong>1250 <span class=\"unit\">kW<\/span><\/strong><\/td><td class=\"column-6\"><strong>1500 <span class=\"unit\">kW<\/span><\/strong><\/td><td class=\"column-7\"><strong>2000 <span class=\"unit\">kW<\/span><\/strong><\/td><td class=\"column-8\"><strong>2500 <span class=\"unit\">kW<\/span><\/strong><\/td>\n<\/tr>\n<tr class=\"row-4\">\n\t<td class=\"column-1\"><\/td><td class=\"column-2\"><\/td><td class=\"column-3\"><\/td><td class=\"column-4\"><\/td><td class=\"column-5\"><\/td><td class=\"column-6\"><\/td><td class=\"column-7\"><\/td><td class=\"column-8\"><\/td>\n<\/tr>\n<tr class=\"row-5\">\n\t<td colspan=\"8\" class=\"column-1\"><h3>Betrieben mit<\/h3><\/td>\n<\/tr>\n<tr class=\"row-6\">\n\t<td colspan=\"8\" class=\"column-1\"><strong>Heiz\u00f6l, Biodiesel<\/strong><\/td>\n<\/tr>\n<tr class=\"row-7\">\n\t<td class=\"column-1\">30 <span class=\"unit\">l\/h<\/span><\/td><td class=\"column-2\">50 <span class=\"unit\">l\/h<\/span><\/td><td class=\"column-3\">75 <span class=\"unit\">l\/h<\/span><\/td><td class=\"column-4\">100 <span class=\"unit\">l\/h<\/span><\/td><td class=\"column-5\">125 <span class=\"unit\">l\/h<\/span><\/td><td class=\"column-6\">150 <span class=\"unit\">l\/h<\/span><\/td><td class=\"column-7\">200 <span class=\"unit\">l\/h<\/span><\/td><td class=\"column-8\">250 <span class=\"unit\">l\/h<\/span><\/td>\n<\/tr>\n<tr class=\"row-8\">\n\t<td colspan=\"8\" class=\"column-1\"><strong>Erdgas<\/strong><\/td>\n<\/tr>\n<tr class=\"row-9\">\n\t<td class=\"column-1\">30 <span class=\"unit\">m\u00b3n\/h<\/span><\/td><td class=\"column-2\">50 <span class=\"unit\">m\u00b3n\/h<\/span><\/td><td class=\"column-3\">75 <span class=\"unit\">m\u00b3n\/h<\/span><\/td><td class=\"column-4\">100 <span class=\"unit\">m\u00b3n\/h<\/span><\/td><td class=\"column-5\">125 <span class=\"unit\">m\u00b3n\/h<\/span><\/td><td class=\"column-6\">150 <span class=\"unit\">m\u00b3n\/h<\/span><\/td><td class=\"column-7\">200 <span class=\"unit\">m\u00b3n\/h<\/span><\/td><td class=\"column-8\">250 <span class=\"unit\">m\u00b3n\/h<\/span><\/td>\n<\/tr>\n<tr class=\"row-10\">\n\t<td colspan=\"8\" class=\"column-1\">Gasdruck 2-4 bar (g), min. 0,8 bar (g)<\/td>\n<\/tr>\n<tr class=\"row-11\">\n\t<td colspan=\"8\" class=\"column-1\"><p><strong>Optionen<\/strong><\/p><ul><li>Vollintegrierter \u00d6ltank eingbaut im TURBOcontainer abgetrennt durch feuerfeste Wand und ausgestattet mit der n\u00f6tigen Sicherheitsausr\u00fcstung<\/li><li>Kombibrenner f\u00fcr zweierlei Brennstoff: Heiz\u00f6l oder Gas<\/li><li>Gasbrenner f\u00fcr Erdgas, Propan oder andere gasf\u00f6rmige Brennstoffe<\/li><\/ul><\/td>\n<\/tr>\n<tr class=\"row-12\">\n\t<td colspan=\"8\" class=\"column-1\"><strong>HINWEIS! Der tats\u00e4chliche Verbrauch ist deutlich kleiner als Nennverbrauch bei maximaler Last<\/strong><\/td>\n<\/tr>\n<tr class=\"row-13\">\n\t<td colspan=\"8\" class=\"column-1\"><h3>Aufbau \/ Layout<\/h3><\/td>\n<\/tr>\n<tr class=\"row-14\">\n\t<td colspan=\"8\" class=\"column-1\"><p><strong>TURBOcontainer<\/strong><\/p><ul><li>Thermisch isoliert, f\u00fcr den Aussenaufbau<\/li><li>Seitliche T\u00fcre f\u00fcr einfachen Zugang<\/li><li>Standard 20\u2019 (L 6050 x B 2438 x H 2592 mm) auch Spezialcontainer nach Kundenwunsch.<\/li><\/ul><p><strong>Rahmenversion<\/strong><\/p><ul><li>F\u00fcr den Inneneinbau<\/li><li>Abmessungen (L 5000 x B 2120 x H 2400 mm); Spezialabmessungen nach Kundenwunsch lieferbar<\/li><\/ul><\/td>\n<\/tr>\n<\/tbody>\n<\/table>\n<!-- #tablepress-25 from cache -->\n\t\t<\/div>\n\t\n\n\t\t<\/div>\n\t\t\t\t\t<\/div>\n\n\t\n\n<\/div>\n\n","protected":false},"excerpt":{"rendered":"","protected":false},"author":1,"featured_media":0,"parent":7158,"menu_order":2,"comment_status":"closed","ping_status":"closed","template":"","meta":{"_acf_changed":false,"footnotes":""},"class_list":["post-7264","page","type-page","status-publish","hentry"],"acf":[],"_links":{"self":[{"href":"https:\/\/www.polarmatic.com\/de\/wp-json\/wp\/v2\/pages\/7264","targetHints":{"allow":["GET"]}}],"collection":[{"href":"https:\/\/www.polarmatic.com\/de\/wp-json\/wp\/v2\/pages"}],"about":[{"href":"https:\/\/www.polarmatic.com\/de\/wp-json\/wp\/v2\/types\/page"}],"author":[{"embeddable":true,"href":"https:\/\/www.polarmatic.com\/de\/wp-json\/wp\/v2\/users\/1"}],"replies":[{"embeddable":true,"href":"https:\/\/www.polarmatic.com\/de\/wp-json\/wp\/v2\/comments?post=7264"}],"version-history":[{"count":2,"href":"https:\/\/www.polarmatic.com\/de\/wp-json\/wp\/v2\/pages\/7264\/revisions"}],"predecessor-version":[{"id":7988,"href":"https:\/\/www.polarmatic.com\/de\/wp-json\/wp\/v2\/pages\/7264\/revisions\/7988"}],"up":[{"embeddable":true,"href":"https:\/\/www.polarmatic.com\/de\/wp-json\/wp\/v2\/pages\/7158"}],"wp:attachment":[{"href":"https:\/\/www.polarmatic.com\/de\/wp-json\/wp\/v2\/media?parent=7264"}],"curies":[{"name":"wp","href":"https:\/\/api.w.org\/{rel}","templated":true}]}}