{"id":7298,"date":"2023-03-22T14:38:14","date_gmt":"2023-03-22T12:38:14","guid":{"rendered":"https:\/\/www.polarmatic.com\/loesungen\/turbomatic-heizloesungen\/add-ons-und-zubehoer\/add-ons-fuer-polarmatic-systems\/"},"modified":"2023-11-09T13:13:26","modified_gmt":"2023-11-09T11:13:26","slug":"add-ons-fuer-polarmatic-systems","status":"publish","type":"page","link":"https:\/\/www.polarmatic.com\/de\/loesungen-fur-betonindustrie\/turbomatic-heizloesungen\/add-ons-und-zubehoer\/add-ons-fuer-polarmatic-systems\/","title":{"rendered":"Add-Ons f\u00fcr Polarmatic Systems"},"content":{"rendered":"\n<div class=\"row\"  id=\"row-1006019837\">\n\n\n\t<div id=\"col-1481715410\" class=\"col small-12 large-12\"  >\n\t\t\t\t<div class=\"col-inner\"  >\n\t\t\t\n\t\t\t\n\n\t\t<div class=\"pm-breadcrumbs\">\n\t\t\t\t\n\n<span><span><a href=\"https:\/\/www.polarmatic.com\/de\/\">Home<\/a><\/span><\/span>\n\t\t<\/div>\n\t\n\n\t\t<\/div>\n\t\t\t\t\t<\/div>\n\n\t\n\n<\/div>\n<div class=\"row\"  id=\"row-758122026\">\n\n\n\t<div id=\"col-1159804275\" class=\"col small-12 large-12\"  >\n\t\t\t\t<div class=\"col-inner\"  >\n\t\t\t\n\t\t\t\n\n\t<div id=\"text-1676497946\" class=\"text\">\n\t\t\n\n<h1>Add-Ons f\u00fcr Polarmatic Systeme<\/h1>\n\t\t\n<style>\n#text-1676497946 {\n  line-height: 1.5;\n  color: rgb(255,255,255);\n}\n#text-1676497946 > * {\n  color: rgb(255,255,255);\n}\n<\/style>\n\t<\/div>\n\t\n\n\t\t<\/div>\n\t\t\t\t\t<\/div>\n\n\t\n\n\n<style>\n#row-758122026 > .col > .col-inner {\n  padding: 30px 0px 30px 30px;\n  background-color: #82ab4e;\n}\n<\/style>\n<\/div>\n<div class=\"row\"  id=\"row-999477717\">\n\n\n\t<div id=\"col-1666147576\" class=\"col medium-4 small-12 large-4\"  >\n\t\t\t\t<div class=\"col-inner\"  >\n\t\t\t\n\t\t\t\n\n\t<div class=\"img has-hover x md-x lg-x y md-y lg-y\" id=\"image_1972557065\">\n\t\t\t\t\t\t\t\t<div class=\"img-inner dark\" >\n\t\t\t<img loading=\"lazy\" decoding=\"async\" width=\"2048\" height=\"1280\" src=\"https:\/\/www.polarmatic.com\/wp-content\/uploads\/2023\/04\/Oljysailiokontti-2048x1280.png\" class=\"attachment-2048x2048 size-2048x2048\" alt=\"Polarmatic TURBO Fuel Oil Container\" srcset=\"https:\/\/www.polarmatic.com\/wp-content\/uploads\/2023\/04\/Oljysailiokontti-2048x1280.png 2048w, https:\/\/www.polarmatic.com\/wp-content\/uploads\/2023\/04\/Oljysailiokontti-300x188.png 300w, https:\/\/www.polarmatic.com\/wp-content\/uploads\/2023\/04\/Oljysailiokontti-1024x640.png 1024w, https:\/\/www.polarmatic.com\/wp-content\/uploads\/2023\/04\/Oljysailiokontti-768x480.png 768w, https:\/\/www.polarmatic.com\/wp-content\/uploads\/2023\/04\/Oljysailiokontti-1536x960.png 1536w\" sizes=\"auto, (max-width: 2048px) 100vw, 2048px\" \/>\t\t\t\t\t\t\n\t\t\t\t\t<\/div>\n\t\t\t\t\t\t\t\t\n<style>\n#image_1972557065 {\n  width: 100%;\n}\n<\/style>\n\t<\/div>\n\t\n\n\t<div class=\"img has-hover x md-x lg-x y md-y lg-y\" id=\"image_1104469605\">\n\t\t\t\t\t\t\t\t<div class=\"img-inner dark\" >\n\t\t\t\t\t\t\t\t\t\n\t\t\t\t\t<\/div>\n\t\t\t\t\t\t\t\t\n<style>\n#image_1104469605 {\n  width: 80%;\n}\n<\/style>\n\t<\/div>\n\t\n\n\n\t\t<\/div>\n\t\t\t\t\t<\/div>\n\n\t\n\n\t<div id=\"col-919972708\" class=\"col medium-8 small-12 large-8\"  >\n\t\t\t\t<div class=\"col-inner\"  >\n\t\t\t\n\t\t\t\n\n\t<div id=\"text-1390329730\" class=\"text\">\n\t\t\n\n<h2>TURBOfuel \u2013 Heiz\u00f6lcontainer<\/h2>\n<ul>\n<li>Modifizierter 6 m (20\u2032) Container<\/li>\n<li>Heiz\u00f6ltankgr\u00f6\u00dfe 8 \u2013 14 m\u00b3<\/li>\n<\/ul>\n<p>\u00a0<\/p>\n<h3><span style=\"color: #3a5dae;\">Standard Ausr\u00fcstung <\/span><\/h3>\n<ul>\n<li>TURBOMATIC-Heiz\u00f6lzufuhrsystem und Transfer\u00f6lpumpe<\/li>\n<li>Schaltschrank<\/li>\n<li>Einfacher Tankanschluss<\/li>\n<\/ul>\n<p>\u00a0<\/p>\n<h3><span style=\"color: #3a5dae;\">Optionale Ausr\u00fcstung <\/span><\/h3>\n<ul>\n<li>Zapfs\u00e4ule 60 \u2013 100 l\/min mit automatischer Zapfpistole und Z\u00e4hler<\/li>\n<li>Schlauchrolle<\/li>\n<li>Heiz\u00f6lvorw\u00e4rmer<\/li>\n<li>Saug-Nachf\u00fcllsystem<\/li>\n<li>Laufstege auf den Kraftstofftanks<\/li>\n<li>W\u00e4rmed\u00e4mmung<\/li>\n<li>Lagerfl\u00e4che (f\u00fcr 8\u201312 m\u00b3-Modelle)<\/li>\n<\/ul>\n<p>\u00a0<\/p>\n<h3><span style=\"color: #3a5dae;\">Kompatibel mit <\/span><\/h3>\n<ul>\n<li><a href=\"https:\/\/www.polarmatic.com\/de\/loesungen\/turbomatic-heizloesungen\">TURBOMATIC<\/a>-Heizl\u00f6sungen<\/li>\n<li><a href=\"https:\/\/www.polarmatic.com\/de\/loesungen\/curematic-aushaertungsloesungen\">CUREMATIC<\/a>-H\u00e4rtungsl\u00f6sungen<\/li>\n<\/ul>\n\t\t\n<style>\n#text-1390329730 {\n  line-height: 1.5;\n}\n<\/style>\n\t<\/div>\n\t\n\n\t\t<\/div>\n\t\t\t\t\t<\/div>\n\n\t\n\n\n<style>\n#row-999477717 > .col > .col-inner {\n  padding: 30px 0px 0px 0px;\n}\n<\/style>\n<\/div>\n<div class=\"is-divider divider clearfix\" style=\"max-width:100%;height:1px;\"><\/div>\n\n<div class=\"row\"  id=\"row-1043379387\">\n\n\n\t<div id=\"col-952905133\" class=\"col medium-4 small-12 large-4\"  >\n\t\t\t\t<div class=\"col-inner\"  >\n\t\t\t\n\t\t\t\n\n\t<div class=\"img has-hover x md-x lg-x y md-y lg-y\" id=\"image_840731922\">\n\t\t\t\t\t\t\t\t<div class=\"img-inner dark\" >\n\t\t\t<img loading=\"lazy\" decoding=\"async\" width=\"320\" height=\"230\" src=\"https:\/\/www.polarmatic.com\/wp-content\/uploads\/2023\/04\/Cold_Water_Container.jpg\" class=\"attachment-2048x2048 size-2048x2048\" alt=\"Polarmatic Cold Water Container\" srcset=\"https:\/\/www.polarmatic.com\/wp-content\/uploads\/2023\/04\/Cold_Water_Container.jpg 320w, https:\/\/www.polarmatic.com\/wp-content\/uploads\/2023\/04\/Cold_Water_Container-300x216.jpg 300w\" sizes=\"auto, (max-width: 320px) 100vw, 320px\" \/>\t\t\t\t\t\t\n\t\t\t\t\t<\/div>\n\t\t\t\t\t\t\t\t\n<style>\n#image_840731922 {\n  width: 80%;\n}\n<\/style>\n\t<\/div>\n\t\n\n\n\t\t<\/div>\n\t\t\t\t\t<\/div>\n\n\t\n\n\t<div id=\"col-295211409\" class=\"col medium-8 small-12 large-8\"  >\n\t\t\t\t<div class=\"col-inner\"  >\n\t\t\t\n\t\t\t\n\n\t<div id=\"text-3345431583\" class=\"text\">\n\t\t\n\n<h2>Kaltwassercontainer<\/h2>\n<ul>\n<li>Modifizierter 6 m (20\u2032) Container<\/li>\n<li>Wassertankgr\u00f6\u00dfe 20 m\u00b3<\/li>\n<\/ul>\n<p>\u00a0<\/p>\n<h3><span style=\"color: #3a5dae;\">Standard Ausr\u00fcstung <\/span><\/h3>\n<ul>\n<li>Wasserversorgungssystem ausgestattet mit F\u00fcllstandsanzeigen<\/li>\n<li>Schaltschrank<\/li>\n<li>Tankanschl\u00fcsse<\/li>\n<\/ul>\n<p>\u00a0<\/p>\n<h3><span style=\"color: #3a5dae;\">Optionale Ausr\u00fcstung <\/span><\/h3>\n<ul>\n<li>Dosierpumpe<\/li>\n<li>Zirkulationspumpe<\/li>\n<li>Nachf\u00fcllpumpe f\u00fcr TURBOMATIC\/COOLMATIC<\/li>\n<li>Waschwasserpumpe<\/li>\n<li>Schlauchrolle<\/li>\n<li>W\u00e4rmed\u00e4mmung<\/li>\n<\/ul>\n<p><strong>Hinweis<\/strong>: Andere Konfigurationen, z.B. Zusatzmittelcontainer auf Anfrage.<\/p>\n<p>\u00a0<\/p>\n<h3><span style=\"color: #3a5dae;\">Kompatibel mit <\/span><\/h3>\n<ul>\n<li><a href=\"https:\/\/www.polarmatic.com\/de\/loesungen\/turbomatic-heizloesungen\">TURBOMATIC<\/a>-Heizl\u00f6sungen<\/li>\n<li><a href=\"https:\/\/www.polarmatic.com\/de\/loesungen\/coolmatic-kuehlloesungen\">COOLMATIC<\/a>-K\u00fchll\u00f6sungen<\/li>\n<li><a href=\"https:\/\/www.polarmatic.com\/de\/loesungen\/curematic-aushaertungsloesungen\">CUREMATIC<\/a>-H\u00e4rtungsl\u00f6sungen<\/li>\n<\/ul>\n\t\t\n<style>\n#text-3345431583 {\n  line-height: 1.5;\n}\n<\/style>\n\t<\/div>\n\t\n\n\t\t<\/div>\n\t\t\t\t\t<\/div>\n\n\t\n\n\n<style>\n#row-1043379387 > .col > .col-inner {\n  padding: 30px 0px 0px 0px;\n}\n<\/style>\n<\/div>\n\n","protected":false},"excerpt":{"rendered":"","protected":false},"author":1,"featured_media":0,"parent":7284,"menu_order":1,"comment_status":"closed","ping_status":"closed","template":"","meta":{"_acf_changed":false,"footnotes":""},"class_list":["post-7298","page","type-page","status-publish","hentry"],"acf":[],"_links":{"self":[{"href":"https:\/\/www.polarmatic.com\/de\/wp-json\/wp\/v2\/pages\/7298","targetHints":{"allow":["GET"]}}],"collection":[{"href":"https:\/\/www.polarmatic.com\/de\/wp-json\/wp\/v2\/pages"}],"about":[{"href":"https:\/\/www.polarmatic.com\/de\/wp-json\/wp\/v2\/types\/page"}],"author":[{"embeddable":true,"href":"https:\/\/www.polarmatic.com\/de\/wp-json\/wp\/v2\/users\/1"}],"replies":[{"embeddable":true,"href":"https:\/\/www.polarmatic.com\/de\/wp-json\/wp\/v2\/comments?post=7298"}],"version-history":[{"count":3,"href":"https:\/\/www.polarmatic.com\/de\/wp-json\/wp\/v2\/pages\/7298\/revisions"}],"predecessor-version":[{"id":8200,"href":"https:\/\/www.polarmatic.com\/de\/wp-json\/wp\/v2\/pages\/7298\/revisions\/8200"}],"up":[{"embeddable":true,"href":"https:\/\/www.polarmatic.com\/de\/wp-json\/wp\/v2\/pages\/7284"}],"wp:attachment":[{"href":"https:\/\/www.polarmatic.com\/de\/wp-json\/wp\/v2\/media?parent=7298"}],"curies":[{"name":"wp","href":"https:\/\/api.w.org\/{rel}","templated":true}]}}