{"id":7302,"date":"2023-03-22T11:08:10","date_gmt":"2023-03-22T09:08:10","guid":{"rendered":"https:\/\/www.polarmatic.com\/loesungen\/turbomatic-heizloesungen\/add-ons-und-zubehoer\/zubehoer-fuer-polarmatic-systeme\/"},"modified":"2023-11-13T10:31:28","modified_gmt":"2023-11-13T08:31:28","slug":"zubehoer-fuer-polarmatic-systeme","status":"publish","type":"page","link":"https:\/\/www.polarmatic.com\/de\/loesungen-fur-betonindustrie\/turbomatic-heizloesungen\/add-ons-und-zubehoer\/zubehoer-fuer-polarmatic-systeme\/","title":{"rendered":"Zubeh\u00f6r f\u00fcr Polarmatic-Systeme"},"content":{"rendered":"\n<div class=\"row\"  id=\"row-1478803810\">\n\n\n\t<div id=\"col-652585778\" class=\"col small-12 large-12\"  >\n\t\t\t\t<div class=\"col-inner\"  >\n\t\t\t\n\t\t\t\n\n\t\t<div class=\"pm-breadcrumbs\">\n\t\t\t\t\n\n<span><span><a href=\"https:\/\/www.polarmatic.com\/de\/\">Home<\/a><\/span><\/span>\n\t\t<\/div>\n\t\n\n\t\t<\/div>\n\t\t\t\t\t<\/div>\n\n\t\n\n<\/div>\n<div class=\"row\"  id=\"row-1109182575\">\n\n\n\t<div id=\"col-435691378\" class=\"col small-12 large-12\"  >\n\t\t\t\t<div class=\"col-inner text-left\" style=\"background-color:rgb(130, 171, 78);\" >\n\t\t\t\n\t\t\t\n\n\t<div id=\"text-197312648\" class=\"text\">\n\t\t\n\n<h1>Zubeh\u00f6r f\u00fcr Polarmatic-Systeme<\/h1>\n\t\t\n<style>\n#text-197312648 {\n  line-height: 1.5;\n  text-align: left;\n  color: rgb(254, 254, 254);\n}\n#text-197312648 > * {\n  color: rgb(254, 254, 254);\n}\n<\/style>\n\t<\/div>\n\t\n\n\t\t<\/div>\n\t\t\t\t\t<\/div>\n\n\t\n\n\n<style>\n#row-1109182575 > .col > .col-inner {\n  padding: 30px 0px 30px 30px;\n}\n<\/style>\n<\/div>\n<div class=\"row\"  id=\"row-834521716\">\n\n\n\t<div id=\"col-1107662835\" class=\"col medium-4 small-12 large-4\"  >\n\t\t\t\t<div class=\"col-inner\"  >\n\t\t\t\n\t\t\t\n\n\t<div class=\"img has-hover x md-x lg-x y md-y lg-y\" id=\"image_18915370\">\n\t\t\t\t\t\t\t\t<div class=\"img-inner dark\" >\n\t\t\t<img loading=\"lazy\" decoding=\"async\" width=\"2048\" height=\"1365\" src=\"https:\/\/www.polarmatic.com\/wp-content\/uploads\/2023\/03\/iStock-1196104239-Information-Solutions-Image-for-Tempmatic-2048x1365.jpg\" class=\"attachment-2048x2048 size-2048x2048\" alt=\"TEMPMATIC temperature measurement solutions for concrete mixers\" srcset=\"https:\/\/www.polarmatic.com\/wp-content\/uploads\/2023\/03\/iStock-1196104239-Information-Solutions-Image-for-Tempmatic-2048x1365.jpg 2048w, https:\/\/www.polarmatic.com\/wp-content\/uploads\/2023\/03\/iStock-1196104239-Information-Solutions-Image-for-Tempmatic-300x200.jpg 300w, https:\/\/www.polarmatic.com\/wp-content\/uploads\/2023\/03\/iStock-1196104239-Information-Solutions-Image-for-Tempmatic-1024x683.jpg 1024w, https:\/\/www.polarmatic.com\/wp-content\/uploads\/2023\/03\/iStock-1196104239-Information-Solutions-Image-for-Tempmatic-768x512.jpg 768w, https:\/\/www.polarmatic.com\/wp-content\/uploads\/2023\/03\/iStock-1196104239-Information-Solutions-Image-for-Tempmatic-1536x1024.jpg 1536w\" sizes=\"auto, (max-width: 2048px) 100vw, 2048px\" \/>\t\t\t\t\t\t\n\t\t\t\t\t<\/div>\n\t\t\t\t\t\t\t\t\n<style>\n#image_18915370 {\n  width: 80%;\n}\n<\/style>\n\t<\/div>\n\t\n\n\n\t\t<\/div>\n\t\t\t\t\t<\/div>\n\n\t\n\n\t<div id=\"col-1544862446\" class=\"col medium-8 small-12 large-8\"  >\n\t\t\t\t<div class=\"col-inner\"  >\n\t\t\t\n\t\t\t\n\n\t<div id=\"text-192606629\" class=\"text\">\n\t\t\n\n<h2>TEMPMATIC<\/h2>\n<p>Einzigartiges Temperaturmesssystem, das zuverl\u00e4ssig die Temperatur der Zuschlagstoffe, Betone und Betonprodukte misst.<\/p>\n<p>TEMPMATIC wird Produktionsteams dabei unterst\u00fctzen, die Produktionsprozesse besser zu steuern und die Produktqualit\u00e4t zu verbessern, aber auch Kosteneinsparungen zu erzielen. &nbsp;<\/p>\n<h3><span style=\"color: #3a5dae; font-size: 90%;\">Tempmatic \/ PMC-37 \/ P-B <\/span><\/h3>\n<p>Zur Messung der Betontemperatur in Doppelwellen- und Tellermischern.<\/p>\n<h3><span style=\"font-size: 90%; color: #3a5dae;\">Tempmatic \/ PMC-37 \/ N-M <\/span><\/h3>\n<p>Zur Messung der Betontemperatur in Freifallmischern.<\/p>\n<h3><span style=\"font-size: 90%; color: #3a5dae;\">Tempmatic \/ PMC-37 \/ OPA <\/span><\/h3>\n<p>Zur \u00dcberwachung der Temperatur der Hohlk\u00f6rperplatten w\u00e4hrend des Aush\u00e4rtungsprozesses.<\/p>\n<h3><span style=\"color: #3a5dae; font-size: 90%;\">Tempmatic \/ PMC-37 \/ AS <\/span><\/h3>\n<p>Zur \u00dcberwachung der Zuschlagstemperaturen in Beh\u00e4ltern. &nbsp;<\/p>\n<p>&nbsp;<\/p>\n<h3><span style=\"font-size: 90%; color: #3a5dae;\">Kompatibel mit<\/span><\/h3>\n<ul>\n<li><a href=\"https:\/\/www.polarmatic.com\/de\/loesungen\/turbomatic-heizloesungen\">TURBOMATIC<\/a>-Heizl\u00f6sungen<\/li>\n<li><a href=\"https:\/\/www.polarmatic.com\/de\/loesungen\/coolmatic-kuehlloesungen\">COOLMATIC<\/a> K\u00fchll\u00f6sungen<\/li>\n<li><a href=\"https:\/\/www.polarmatic.com\/de\/loesungen\/curematic-aushaertungsloesungen\">CUREMATIC<\/a>-Aush\u00e4rtungsl\u00f6sungen<\/li>\n<li><a href=\"https:\/\/www.polarmatic.com\/de\/loesungen\/steuerungsloesungen\/proconx\/\">ProConX<\/a>-Steuerungssysteme<\/li>\n<\/ul>\n\t\t\n<style>\n#text-192606629 {\n  line-height: 1.5;\n}\n<\/style>\n\t<\/div>\n\t\n\n\t\t<\/div>\n\t\t\t\t\t<\/div>\n\n\t\n\n\n<style>\n#row-834521716 > .col > .col-inner {\n  padding: 30px 0px 0px 0px;\n}\n<\/style>\n<\/div>\n<div class=\"is-divider divider clearfix\" style=\"max-width:100%;height:1px;\"><\/div>\n\n<div class=\"row\"  id=\"row-458776745\">\n\n\n\t<div id=\"col-1780510112\" class=\"col medium-4 small-12 large-4\"  >\n\t\t\t\t<div class=\"col-inner\"  >\n\t\t\t\n\t\t\t\n\n\t<div class=\"img has-hover x md-x lg-x y md-y lg-y\" id=\"image_1292255777\">\n\t\t\t\t\t\t\t\t<div class=\"img-inner dark\" >\n\t\t\t<img loading=\"lazy\" decoding=\"async\" width=\"619\" height=\"416\" src=\"https:\/\/www.polarmatic.com\/wp-content\/uploads\/2023\/04\/Sensomatic-gas-detector-fixed-modell.png\" class=\"attachment-2048x2048 size-2048x2048\" alt=\"Sensomatic gas detector fixed model\" srcset=\"https:\/\/www.polarmatic.com\/wp-content\/uploads\/2023\/04\/Sensomatic-gas-detector-fixed-modell.png 619w, https:\/\/www.polarmatic.com\/wp-content\/uploads\/2023\/04\/Sensomatic-gas-detector-fixed-modell-300x202.png 300w\" sizes=\"auto, (max-width: 619px) 100vw, 619px\" \/>\t\t\t\t\t\t\n\t\t\t\t\t<\/div>\n\t\t\t\t\t\t\t\t\n<style>\n#image_1292255777 {\n  width: 80%;\n}\n<\/style>\n\t<\/div>\n\t\n\n\n\t\t<\/div>\n\t\t\t\t\t<\/div>\n\n\t\n\n\t<div id=\"col-1882849779\" class=\"col medium-8 small-12 large-8\"  >\n\t\t\t\t<div class=\"col-inner\"  >\n\t\t\t\n\t\t\t\n\n\t<div id=\"text-3119478276\" class=\"text\">\n\t\t\n\n<h2>SENSOMATIC<\/h2>\n<h3><span style=\"color: #3a5dae; font-size: 90%;\">Gas\u00fcberwachungssystem PMC-2106 <\/span><\/h3>\n<p>Gas\u00fcberwachungssystem f\u00fcr Innenr\u00e4ume von Mischanlagen. Messsystem:<\/p>\n<ul>\n<li>PMC-2106 ist ein Gas\u00fcberwachungssystem, das den Kohlenmonoxid- (CO) und Sauerstoffgehalt (O2) in den Innenr\u00e4umen der Mischanlage zuverl\u00e4ssig \u00fcberwachen kann<\/li>\n<li>Eine lokale LED zeigt den Status an und das System erm\u00f6glicht eine einfache Installation und einfache Wartung<\/li>\n<li>Das \u00dcberwachungssystem ist vollst\u00e4ndig in das Steuerungssystem der TUROBMATIC integriert<\/li>\n<\/ul>\n<h3>&nbsp;<\/h3>\n<h3><span style=\"font-size: 90%; color: #3a5dae;\">Kompatibel mit <\/span><\/h3>\n<ul>\n<li><a href=\"https:\/\/www.polarmatic.com\/de\/loesungen\/turbomatic-heizloesungen\/\">TURBOMATIC<\/a>-Heizl\u00f6sungen<\/li>\n<li><a href=\"https:\/\/www.polarmatic.com\/de\/loesungen\/curematic-aushaertungsloesungen\">CUREMATIC<\/a>-Aush\u00e4rtungsl\u00f6sungen<\/li>\n<\/ul>\n\t\t\n<style>\n#text-3119478276 {\n  line-height: 1.5;\n}\n<\/style>\n\t<\/div>\n\t\n\n\t\t<\/div>\n\t\t\t\t\t<\/div>\n\n\t\n\n\n<style>\n#row-458776745 > .col > .col-inner {\n  padding: 30px 0px 0px 0px;\n}\n<\/style>\n<\/div>\n<div class=\"is-divider divider clearfix\" style=\"max-width:100%;height:1px;\"><\/div>\n\n<div class=\"row\"  id=\"row-1900662771\">\n\n\n\t<div id=\"col-2133858183\" class=\"col medium-4 small-12 large-4\"  >\n\t\t\t\t<div class=\"col-inner\"  >\n\t\t\t\n\t\t\t\n\n\t<div class=\"img has-hover x md-x lg-x y md-y lg-y\" id=\"image_434013377\">\n\t\t\t\t\t\t\t\t<div class=\"img-inner dark\" >\n\t\t\t<img loading=\"lazy\" decoding=\"async\" width=\"320\" height=\"230\" src=\"https:\/\/www.polarmatic.com\/wp-content\/uploads\/2023\/04\/Water_treatment_equipment.jpg\" class=\"attachment-2048x2048 size-2048x2048\" alt=\"Water Treatment Equipment\" srcset=\"https:\/\/www.polarmatic.com\/wp-content\/uploads\/2023\/04\/Water_treatment_equipment.jpg 320w, https:\/\/www.polarmatic.com\/wp-content\/uploads\/2023\/04\/Water_treatment_equipment-300x216.jpg 300w\" sizes=\"auto, (max-width: 320px) 100vw, 320px\" \/>\t\t\t\t\t\t\n\t\t\t\t\t<\/div>\n\t\t\t\t\t\t\t\t\n<style>\n#image_434013377 {\n  width: 80%;\n}\n<\/style>\n\t<\/div>\n\t\n\n\n\t\t<\/div>\n\t\t\t\t\t<\/div>\n\n\t\n\n\t<div id=\"col-871507550\" class=\"col medium-8 small-12 large-8\"  >\n\t\t\t\t<div class=\"col-inner\"  >\n\t\t\t\n\t\t\t\n\n\t<div id=\"text-702347248\" class=\"text\">\n\t\t\n\n<h2>Wasserbehandlungsanlage<\/h2>\n<p>Polarmatic-Systeme sind f\u00fcr den Einsatz bei normaler Wasserqualit\u00e4t konzipiert. In F\u00e4llen, in denen das Wasser mit au\u00dfergew\u00f6hnlichen Eigenschaften genutzt wird, z. B. mit hoher H\u00e4rte, wird eine Wasserbehandlungsanlage empfohlen. &nbsp;<\/p>\n<p>Polarmatic-Wasseraufbereitungssysteme werden immer auf die spezifischen Anforderungen und Bed\u00fcrfnisse der Betonproduktionsanlage zugeschnitten. &nbsp;<\/p>\n<h3><span style=\"font-size: 90%; color: #3a5dae;\"> Merkmale <\/span><\/h3>\n<ul>\n<li>Dimensionierung f\u00fcr 3, 6 oder 9 m\u00b3\/h Nutzung, andere Gr\u00f6\u00dfen auf Anfrage<\/li>\n<li>3 Arten von Ausr\u00fcstung:\n<ul>\n<li>Wasserenth\u00e4rter<\/li>\n<li>Eisen- und Manganentfernung sowie Erh\u00f6hung des pH-Wertes<\/li>\n<li>Kaliumpermanganat, entfernt Farbe, schlechten Geruch und Geschmack<\/li>\n<\/ul>\n<\/li>\n<\/ul>\n<p>&nbsp;<\/p>\n<h3><span style=\"color: #3a5dae; font-size: 90%;\">Kompatibel mit <\/span><\/h3>\n<ul>\n<li><a href=\"https:\/\/www.polarmatic.com\/de\/loesungen\/turbomatic-heizloesungen\/\">TURBOMATIC<\/a>-Heizl\u00f6sungen<\/li>\n<li><a href=\"https:\/\/www.polarmatic.com\/de\/loesungen\/coolmatic-kuehlloesungen\">COOLMATIC<\/a> K\u00fchll\u00f6sungen<\/li>\n<li><a href=\"https:\/\/www.polarmatic.com\/de\/loesungen\/curematic-aushaertungsloesungen\">CUREMATIC<\/a>-Aush\u00e4rtungsl\u00f6sungen<\/li>\n<\/ul>\n\t\t\n<style>\n#text-702347248 {\n  line-height: 1.5;\n}\n<\/style>\n\t<\/div>\n\t\n\n\t\t<\/div>\n\t\t\t\t\t<\/div>\n\n\t\n\n\n<style>\n#row-1900662771 > .col > .col-inner {\n  padding: 30px 0px 0px 0px;\n}\n<\/style>\n<\/div>\n<div class=\"is-divider divider clearfix\" style=\"max-width:100%;height:1px;\"><\/div>\n\n<div class=\"row\"  id=\"row-1571528618\">\n\n\n\t<div id=\"col-897799744\" class=\"col medium-4 small-12 large-4\"  >\n\t\t\t\t<div class=\"col-inner\"  >\n\t\t\t\n\t\t\t\n\n\t<div class=\"img has-hover x md-x lg-x y md-y lg-y\" id=\"image_1953469699\">\n\t\t\t\t\t\t\t\t<div class=\"img-inner dark\" >\n\t\t\t<img loading=\"lazy\" decoding=\"async\" width=\"340\" height=\"230\" src=\"https:\/\/www.polarmatic.com\/wp-content\/uploads\/2023\/04\/water-equipment.jpg\" class=\"attachment-2048x2048 size-2048x2048\" alt=\"Water Equipment\" srcset=\"https:\/\/www.polarmatic.com\/wp-content\/uploads\/2023\/04\/water-equipment.jpg 340w, https:\/\/www.polarmatic.com\/wp-content\/uploads\/2023\/04\/water-equipment-300x203.jpg 300w\" sizes=\"auto, (max-width: 340px) 100vw, 340px\" \/>\t\t\t\t\t\t\n\t\t\t\t\t<\/div>\n\t\t\t\t\t\t\t\t\n<style>\n#image_1953469699 {\n  width: 80%;\n}\n<\/style>\n\t<\/div>\n\t\n\n\n\t\t<\/div>\n\t\t\t\t\t<\/div>\n\n\t\n\n\t<div id=\"col-504633897\" class=\"col medium-8 small-12 large-8\"  >\n\t\t\t\t<div class=\"col-inner\"  >\n\t\t\t\n\t\t\t\n\n\t<div id=\"text-105318068\" class=\"text\">\n\t\t\n\n<h2>Wasserausr\u00fcstung<\/h2>\n<h3><span style=\"font-size: 90%; color: #3a5dae;\">Wasserdosierventil<\/span><\/h3>\n<ul>\n<li>Absperrklappe, weichdichtend<\/li>\n<li>Verf\u00fcgbare Gr\u00f6\u00dfen: DN65\u202680 (2\u00bd\u201c\u20263\u201c)<\/li>\n<\/ul>\n<h3><span style=\"color: #3a5dae; font-size: 90%;\">Temperatursensor f\u00fcr Wasserwaage<\/span><\/h3>\n<ul>\n<li>Pt100-Sensor<\/li>\n<li>Integration in das Steuerungssystem der Mischanlage<\/li>\n<\/ul>\n<h3><span style=\"color: #3a5dae; font-size: 90%;\">Aufroll-Set f\u00fcr Wasserschlauch<\/span><\/h3>\n<ul>\n<li>Schlauchl\u00e4nge 30 m<\/li>\n<li>Automatischer federbelasteter R\u00fccklauf<\/li>\n<li>Inklusive Schlauchf\u00fchrung und Schlauchstopper<\/li>\n<li>Der Beh\u00e4lter kann mit einer separaten \u00d6ffnung f\u00fcr den Schlauch ausgestattet werden<\/li>\n<\/ul>\n<p>\u00a0<\/p>\n<h3><span style=\"font-size: 90%; color: #3a5dae;\">Kompatibel mit<\/span><\/h3>\n<ul>\n<li><a href=\"https:\/\/www.polarmatic.com\/de\/loesungen\/turbomatic-heizloesungen\/\">TURBOMATIC<\/a>-Heizl\u00f6sungen<\/li>\n<li><a href=\"https:\/\/www.polarmatic.com\/de\/loesungen\/coolmatic-kuehlloesungen\/\">COOLMATIC<\/a>-K\u00fchll\u00f6sungen<\/li>\n<li><a href=\"https:\/\/www.polarmatic.com\/de\/loesungen\/curematic-aushaertungsloesungen\/\">CUREMATIC<\/a>-Aush\u00e4rtungsl\u00f6sungen<\/li>\n<\/ul>\n\t\t\n<style>\n#text-105318068 {\n  line-height: 1.5;\n}\n<\/style>\n\t<\/div>\n\t\n\n\t\t<\/div>\n\t\t\t\t\t<\/div>\n\n\t\n\n\n<style>\n#row-1571528618 > .col > .col-inner {\n  padding: 30px 0px 0px 0px;\n}\n<\/style>\n<\/div>\n<div class=\"is-divider divider clearfix\" style=\"max-width:100%;height:1px;\"><\/div>\n\n<div class=\"row\"  id=\"row-1613400183\">\n\n\n\t<div id=\"col-58741203\" class=\"col medium-4 small-12 large-4\"  >\n\t\t\t\t<div class=\"col-inner\"  >\n\t\t\t\n\t\t\t\n\n\t<div class=\"img has-hover x md-x lg-x y md-y lg-y\" id=\"image_1356855513\">\n\t\t\t\t\t\t\t\t<div class=\"img-inner dark\" >\n\t\t\t<img loading=\"lazy\" decoding=\"async\" width=\"320\" height=\"230\" src=\"https:\/\/www.polarmatic.com\/wp-content\/uploads\/2023\/04\/Oil_tank_accessories-01.jpg\" class=\"attachment-2048x2048 size-2048x2048\" alt=\"Polarmatic oil tank accessories.\" srcset=\"https:\/\/www.polarmatic.com\/wp-content\/uploads\/2023\/04\/Oil_tank_accessories-01.jpg 320w, https:\/\/www.polarmatic.com\/wp-content\/uploads\/2023\/04\/Oil_tank_accessories-01-300x216.jpg 300w\" sizes=\"auto, (max-width: 320px) 100vw, 320px\" \/>\t\t\t\t\t\t\n\t\t\t\t\t<\/div>\n\t\t\t\t\t\t\t\t\n<style>\n#image_1356855513 {\n  width: 80%;\n}\n<\/style>\n\t<\/div>\n\t\n\n\n\t\t<\/div>\n\t\t\t\t\t<\/div>\n\n\t\n\n\t<div id=\"col-231819272\" class=\"col medium-8 small-12 large-8\"  >\n\t\t\t\t<div class=\"col-inner\"  >\n\t\t\t\n\t\t\t\n\n\t<div id=\"text-261334571\" class=\"text\">\n\t\t\n\n<h2>\u00d6ltankzubeh\u00f6r<\/h2>\n<h3><span style=\"font-size: 90%; color: #3a5dae;\">\u00a0\u00d6ltankf\u00fcllstandsmessung mit Ultraschall<\/span><\/h3>\n<ul>\n<li>Der Messbereich ist werkseitig eingestellt<\/li>\n<li>Ausgang 4\u202620 mA<\/li>\n<li>Vollst\u00e4ndig in die Steuerung und Software der Heizanlage integriert<\/li>\n<\/ul>\n<h3><span style=\"color: #3a5dae; font-size: 90%;\">\u00a0Tankstelle f\u00fcr \u00d6l\/Benzin<\/span><\/h3>\n<ul>\n<li>Pumpenmotor 0,37 kW<\/li>\n<li>Max. Durchfluss 60 l\/min<\/li>\n<li>Schlauch 4 m, \u00d8 19 mm<\/li>\n<li>Integrierter Filter<\/li>\n<li>Automatische Zapfpistole<\/li>\n<li>Mechanische Durchflussmessung<\/li>\n<li>Abschlie\u00dfbares Geh\u00e4use B 51 x H 55 x T 32 mm<\/li>\n<\/ul>\n<h3>\u00a0<\/h3>\n<h3><span style=\"font-size: 90%; color: #3a5dae;\">Kompatibel mit<\/span><\/h3>\n<ul>\n<li><a href=\"https:\/\/www.polarmatic.com\/de\/loesungen\/turbomatic-heizloesungen\/\"> TURBOMATIC<\/a>-Heizl\u00f6sungen<\/li>\n<li><a href=\"https:\/\/www.polarmatic.com\/de\/loesungen\/curematic-aushaertungsloesungen\/\"> CUREMATIC<\/a>-Aush\u00e4rtungsl\u00f6sungen<\/li>\n<\/ul>\n\t\t\n<style>\n#text-261334571 {\n  line-height: 1.5;\n}\n<\/style>\n\t<\/div>\n\t\n\n\t\t<\/div>\n\t\t\t\t\t<\/div>\n\n\t\n\n\n<style>\n#row-1613400183 > .col > .col-inner {\n  padding: 30px 0px 0px 0px;\n}\n<\/style>\n<\/div>\n\t<div id=\"gap-475907387\" class=\"gap-element clearfix\" style=\"display:block; height:auto;\">\n\t\t\n<style>\n#gap-475907387 {\n  padding-top: 80px;\n}\n<\/style>\n\t<\/div>\n\t\n\n<div class=\"row\"  id=\"row-1231273439\">\n\n\n\t<div id=\"col-1743449132\" class=\"col small-12 large-12\"  >\n\t\t\t\t<div class=\"col-inner text-left\" style=\"background-color:rgb(130, 171, 78);\" >\n\t\t\t\n\t\t\t\n\n\t<div id=\"text-2162533586\" class=\"text\">\n\t\t\n\n<h1>Informationsmanagement-Zubeh\u00f6r<\/h1>\n\t\t\n<style>\n#text-2162533586 {\n  line-height: 1.5;\n  text-align: left;\n  color: rgb(254, 254, 254);\n}\n#text-2162533586 > * {\n  color: rgb(254, 254, 254);\n}\n<\/style>\n\t<\/div>\n\t\n\n\t\t<\/div>\n\t\t\t\t\t<\/div>\n\n\t\n\n\n<style>\n#row-1231273439 > .col > .col-inner {\n  padding: 30px 0px 30px 30px;\n}\n<\/style>\n<\/div>\n<div class=\"row\"  id=\"row-2116915884\">\n\n\n\t<div id=\"col-1483591043\" class=\"col medium-4 small-12 large-4\"  >\n\t\t\t\t<div class=\"col-inner\"  >\n\t\t\t\n\t\t\t\n\n\t<div class=\"img has-hover x md-x lg-x y md-y lg-y\" id=\"image_1542235169\">\n\t\t\t\t\t\t\t\t<div class=\"img-inner dark\" >\n\t\t\t<img loading=\"lazy\" decoding=\"async\" width=\"320\" height=\"230\" src=\"https:\/\/www.polarmatic.com\/wp-content\/uploads\/2023\/04\/GSM_alarm.jpg\" class=\"attachment-2048x2048 size-2048x2048\" alt=\"Polarmatic mobile phone alarm for TURBOMATIC system.\" srcset=\"https:\/\/www.polarmatic.com\/wp-content\/uploads\/2023\/04\/GSM_alarm.jpg 320w, https:\/\/www.polarmatic.com\/wp-content\/uploads\/2023\/04\/GSM_alarm-300x216.jpg 300w\" sizes=\"auto, (max-width: 320px) 100vw, 320px\" \/>\t\t\t\t\t\t\n\t\t\t\t\t<\/div>\n\t\t\t\t\t\t\t\t\n<style>\n#image_1542235169 {\n  width: 80%;\n}\n<\/style>\n\t<\/div>\n\t\n\n\n\t\t<\/div>\n\t\t\t\t\t<\/div>\n\n\t\n\n\t<div id=\"col-1945998320\" class=\"col medium-8 small-12 large-8\"  >\n\t\t\t\t<div class=\"col-inner\"  >\n\t\t\t\n\t\t\t\n\n\t<div id=\"text-2828799961\" class=\"text\">\n\t\t\n\n<h2>Handy-Alarm<\/h2>\n<ul>\n<li>\u00dcbermittlung von Alarmen \u00fcber das Mobilfunknetz an voreingestellte Telefonnummern<\/li>\n<li>Quadband 2G\/4G-Modul<\/li>\n<li>Vollst\u00e4ndig in das Steuerungssystem und die Software integriert<\/li>\n<\/ul>\n<h3>&nbsp;<\/h3>\n<h3><span style=\"font-size: 90%; color: #3a5dae;\">Kompatibel mit <\/span><\/h3>\n<ul>\n<li><a href=\"https:\/\/www.polarmatic.com\/de\/loesungen\/turbomatic-heizloesungen\/\">TURBOMATIC<\/a>-Heizl\u00f6sungen<\/li>\n<li><a href=\"https:\/\/www.polarmatic.com\/de\/loesungen\/coolmatic-kuehlloesungen\">COOLMATIC<\/a> K\u00fchll\u00f6sungen<\/li>\n<li><a href=\"https:\/\/www.polarmatic.com\/de\/loesungen\/curematic-aushaertungsloesungen\">CUREMATIC<\/a>-Aush\u00e4rtungsl\u00f6sungen<\/li>\n<\/ul>\n\t\t\n<style>\n#text-2828799961 {\n  line-height: 1.5;\n}\n<\/style>\n\t<\/div>\n\t\n\n\t\t<\/div>\n\t\t\t\t\t<\/div>\n\n\t\n\n\n<style>\n#row-2116915884 > .col > .col-inner {\n  padding: 30px 0px 0px 0px;\n}\n<\/style>\n<\/div>\n<div class=\"is-divider divider clearfix\" style=\"max-width:100%;height:1px;\"><\/div>\n\n<div class=\"row\"  id=\"row-2138794935\">\n\n\n\t<div id=\"col-1727723659\" class=\"col medium-4 small-12 large-4\"  >\n\t\t\t\t<div class=\"col-inner\"  >\n\t\t\t\n\t\t\t\n\n\t<div class=\"img has-hover x md-x lg-x y md-y lg-y\" id=\"image_84701116\">\n\t\t\t\t\t\t\t\t<div class=\"img-inner dark\" >\n\t\t\t<img loading=\"lazy\" decoding=\"async\" width=\"340\" height=\"230\" src=\"https:\/\/www.polarmatic.com\/wp-content\/uploads\/2023\/04\/remote-access.jpg\" class=\"attachment-2048x2048 size-2048x2048\" alt=\"TURBOMATIC heating system can be accessed remotely in case of a malfunction.\" srcset=\"https:\/\/www.polarmatic.com\/wp-content\/uploads\/2023\/04\/remote-access.jpg 340w, https:\/\/www.polarmatic.com\/wp-content\/uploads\/2023\/04\/remote-access-300x203.jpg 300w\" sizes=\"auto, (max-width: 340px) 100vw, 340px\" \/>\t\t\t\t\t\t\n\t\t\t\t\t<\/div>\n\t\t\t\t\t\t\t\t\n<style>\n#image_84701116 {\n  width: 80%;\n}\n<\/style>\n\t<\/div>\n\t\n\n\n\t\t<\/div>\n\t\t\t\t\t<\/div>\n\n\t\n\n\t<div id=\"col-1882595693\" class=\"col medium-8 small-12 large-8\"  >\n\t\t\t\t<div class=\"col-inner\"  >\n\t\t\t\n\t\t\t\n\n\t<div id=\"text-3836876240\" class=\"text\">\n\t\t\n\n<h2>Fernzugriff<\/h2>\n<ul>\n<li>Fernzugriff auf das System \u00fcber eine Netzwerk-\/Internetverbindung<\/li>\n<li>Planen Sie Auftr\u00e4ge und steuern Sie die Mischanlage von einem Standort aus<\/li>\n<li>Starten und stoppen Sie die Heizung oder K\u00fchlung, wenn die Anlage nicht besetzt ist<\/li>\n<li>Steuern und \u00fcberwachen Sie den Aush\u00e4rtungsprozess und \u00fcberpr\u00fcfen Sie die Berichte der zentralen Abl\u00e4ufe<\/li>\n<li>Ideal zur Fehlerbehebung<\/li>\n<\/ul>\n<p>&nbsp;<\/p>\n<h3><span style=\"font-size: 90%; color: #3a5dae;\">Kompatibel mit <\/span><\/h3>\n<ul>\n<li><a href=\"https:\/\/www.polarmatic.com\/de\/loesungen\/turbomatic-heizloesungen\/\">TURBOMATIC<\/a>-Heizl\u00f6sungen<\/li>\n<li><a href=\"https:\/\/www.polarmatic.com\/de\/loesungen\/coolmatic-kuehlloesungen\">COOLMATIC<\/a> K\u00fchll\u00f6sungen<\/li>\n<li><a href=\"https:\/\/www.polarmatic.com\/de\/loesungen\/curematic-aushaertungsloesungen\">CUREMATIC<\/a>-Aush\u00e4rtungsl\u00f6sungen<\/li>\n<li><a href=\"https:\/\/www.polarmatic.com\/de\/loesungen\/steuerungsloesungen\/proconx\/\">ProConX<\/a>-Steuerungsl\u00f6sung<\/li>\n<\/ul>\n\t\t\n<style>\n#text-3836876240 {\n  line-height: 1.5;\n}\n<\/style>\n\t<\/div>\n\t\n\n\t\t<\/div>\n\t\t\t\t\t<\/div>\n\n\t\n\n\n<style>\n#row-2138794935 > .col > .col-inner {\n  padding: 30px 0px 0px 0px;\n}\n<\/style>\n<\/div>\n<div class=\"is-divider divider clearfix\" style=\"max-width:100%;height:1px;\"><\/div>\n\n<div class=\"row\"  id=\"row-1952723957\">\n\n\n\t<div id=\"col-657742593\" class=\"col medium-4 small-12 large-4\"  >\n\t\t\t\t<div class=\"col-inner\"  >\n\t\t\t\n\t\t\t\n\n\t<div class=\"img has-hover x md-x lg-x y md-y lg-y\" id=\"image_703180240\">\n\t\t\t\t\t\t\t\t<div class=\"img-inner dark\" >\n\t\t\t<img loading=\"lazy\" decoding=\"async\" width=\"340\" height=\"230\" src=\"https:\/\/www.polarmatic.com\/wp-content\/uploads\/2023\/04\/TURBOoptimizer.jpg\" class=\"attachment-2048x2048 size-2048x2048\" alt=\"\" srcset=\"https:\/\/www.polarmatic.com\/wp-content\/uploads\/2023\/04\/TURBOoptimizer.jpg 340w, https:\/\/www.polarmatic.com\/wp-content\/uploads\/2023\/04\/TURBOoptimizer-300x203.jpg 300w\" sizes=\"auto, (max-width: 340px) 100vw, 340px\" \/>\t\t\t\t\t\t\n\t\t\t\t\t<\/div>\n\t\t\t\t\t\t\t\t\n<style>\n#image_703180240 {\n  width: 80%;\n}\n<\/style>\n\t<\/div>\n\t\n\n\n\t\t<\/div>\n\t\t\t\t\t<\/div>\n\n\t\n\n\t<div id=\"col-1823602091\" class=\"col medium-8 small-12 large-8\"  >\n\t\t\t\t<div class=\"col-inner\"  >\n\t\t\t\n\t\t\t\n\n\t<div id=\"text-2147621185\" class=\"text\">\n\t\t\n\n<h2>TURBO-Optimierer<\/h2>\n<p>Mit dem TURBO-Optimierer k\u00f6nnen Anlagenbetreiber den Betrieb und die Leistung des Heizsystems mit klaren und leicht lesbaren Berichten einfach \u00fcberwachen.<\/p>\n<p>TURBO-Optimierer liefert pr\u00e4zise Informationen zum Energieverbrauch: Brennstoff, W\u00e4rmeenergie und Strom. Als Benutzeroberfl\u00e4che dient der TURBOMATIC-PC oder ein anderer Remote-PC, und Berichte k\u00f6nnen in Excel konvertiert werden. &nbsp;<\/p>\n<h3><span style=\"font-size: 90%; color: #3a5dae;\">Vorteile:<\/span><\/h3>\n<p>Erh\u00f6hte und systematisch gesammelte Informationen, die die Grundlage f\u00fcr Prozess-, Betriebs- und Leistungsverbesserungen der Anlage unter allen Bedingungen mit bemerkenswerten Kosteneinsparungen bilden. &nbsp;<\/p>\n<p>&nbsp;<\/p>\n<h3><span style=\"color: #3a5dae; font-size: 90%;\">Kompatibel mit <\/span><\/h3>\n<ul>\n<li><a href=\"https:\/\/www.polarmatic.com\/de\/loesungen\/turbomatic-heizloesungen\/\">TURBOMATIC<\/a>-Heizl\u00f6sungen<\/li>\n<li><a href=\"https:\/\/www.polarmatic.com\/de\/loesungen\/coolmatic-kuehlloesungen\">COOLMATIC<\/a> K\u00fchll\u00f6sungen<\/li>\n<li><a href=\"https:\/\/www.polarmatic.com\/de\/loesungen\/curematic-aushaertungsloesungen\">CUREMATIC<\/a>-H\u00e4rtungsl\u00f6sungen<\/li>\n<\/ul>\n\t\t\n<style>\n#text-2147621185 {\n  line-height: 1.5;\n}\n<\/style>\n\t<\/div>\n\t\n\n\t\t<\/div>\n\t\t\t\t\t<\/div>\n\n\t\n\n\n<style>\n#row-1952723957 > .col > .col-inner {\n  padding: 30px 0px 0px 0px;\n}\n<\/style>\n<\/div>\n\n","protected":false},"excerpt":{"rendered":"","protected":false},"author":1,"featured_media":0,"parent":7284,"menu_order":2,"comment_status":"closed","ping_status":"closed","template":"","meta":{"_acf_changed":false,"footnotes":""},"class_list":["post-7302","page","type-page","status-publish","hentry"],"acf":[],"_links":{"self":[{"href":"https:\/\/www.polarmatic.com\/de\/wp-json\/wp\/v2\/pages\/7302","targetHints":{"allow":["GET"]}}],"collection":[{"href":"https:\/\/www.polarmatic.com\/de\/wp-json\/wp\/v2\/pages"}],"about":[{"href":"https:\/\/www.polarmatic.com\/de\/wp-json\/wp\/v2\/types\/page"}],"author":[{"embeddable":true,"href":"https:\/\/www.polarmatic.com\/de\/wp-json\/wp\/v2\/users\/1"}],"replies":[{"embeddable":true,"href":"https:\/\/www.polarmatic.com\/de\/wp-json\/wp\/v2\/comments?post=7302"}],"version-history":[{"count":10,"href":"https:\/\/www.polarmatic.com\/de\/wp-json\/wp\/v2\/pages\/7302\/revisions"}],"predecessor-version":[{"id":8230,"href":"https:\/\/www.polarmatic.com\/de\/wp-json\/wp\/v2\/pages\/7302\/revisions\/8230"}],"up":[{"embeddable":true,"href":"https:\/\/www.polarmatic.com\/de\/wp-json\/wp\/v2\/pages\/7284"}],"wp:attachment":[{"href":"https:\/\/www.polarmatic.com\/de\/wp-json\/wp\/v2\/media?parent=7302"}],"curies":[{"name":"wp","href":"https:\/\/api.w.org\/{rel}","templated":true}]}}