{"id":4144,"date":"2023-02-21T14:50:27","date_gmt":"2023-02-21T12:50:27","guid":{"rendered":"https:\/\/www.polarmatic.com\/?page_id=4144"},"modified":"2026-03-23T10:29:54","modified_gmt":"2026-03-23T08:29:54","slug":"yritys","status":"publish","type":"page","link":"https:\/\/www.polarmatic.com\/fi\/yritys\/","title":{"rendered":"Yritys"},"content":{"rendered":"\n<div class=\"row\"  id=\"row-1525033283\">\n\n\n\t<div id=\"col-2138628226\" class=\"col small-12 large-12\"  >\n\t\t\t\t<div class=\"col-inner\"  >\n\t\t\t\n\t\t\t\n\n\t\t<div class=\"pm-breadcrumbs\">\n\t\t\t\t\n\n<span><span><a href=\"https:\/\/www.polarmatic.com\/fi\/\">Home<\/a><\/span><\/span>\n\t\t<\/div>\n\t\n\n\t\t<\/div>\n\t\t\t\t\t<\/div>\n\n\t\n\n<\/div>\n<div class=\"row\"  id=\"row-650364216\">\n\n\n\t<div id=\"col-1468912654\" class=\"col small-12 large-12\"  >\n\t\t\t\t<div class=\"col-inner\"  >\n\t\t\t\n\t\t\t\n\n\n\t\t<\/div>\n\t\t\t\t\t<\/div>\n\n\t\n\n<\/div>\n\n\t<section class=\"section dark\" id=\"section_172630885\">\n\t\t<div class=\"section-bg fill\" >\n\t\t\t\t\t\t\t\t\t\n\t\t\t\n\n\t\t<\/div>\n\n\t\t\n\n\t\t<div class=\"section-content relative\">\n\t\t\t\n\n<div class=\"row\"  id=\"row-1561616026\">\n\n\n\t<div id=\"col-1211846125\" class=\"col small-12 large-12\"  >\n\t\t\t\t<div class=\"col-inner text-center\"  >\n\t\t\t\n\t\t\t\n\n\t<div id=\"text-841969304\" class=\"text\">\n\t\t\n\n<h1>Polarmatic Oy<\/h1>\n<p><span style=\"font-size: 150%;\">Kumppanisi vastuulliseen betonin tuotantoon.<\/span><\/p>\n\t\t\n<style>\n#text-841969304 {\n  line-height: 1.5;\n}\n<\/style>\n\t<\/div>\n\t\n\n\t\t<\/div>\n\t\t\t\t\n<style>\n#col-1211846125 > .col-inner {\n  padding: 50px 0px 0px 0px;\n}\n<\/style>\n\t<\/div>\n\n\t\n\n<\/div>\n\n\t\t<\/div>\n\n\t\t\n<style>\n#section_172630885 {\n  padding-top: 30px;\n  padding-bottom: 30px;\n  background-color: #82ab4e;\n}\n<\/style>\n\t<\/section>\n\t\n<div class=\"row\"  id=\"row-1432880223\">\n\n\n\t<div id=\"col-1410061028\" class=\"col small-12 large-12\"  >\n\t\t\t\t<div class=\"col-inner\"  >\n\t\t\t\n\t\t\t\n\n\t<div class=\"img has-hover x md-x lg-x y md-y lg-y\" id=\"image_1353098733\">\n\t\t\t\t\t\t\t\t<div class=\"img-inner image-cover dark\" style=\"padding-top:600px;\">\n\t\t\t<img loading=\"lazy\" decoding=\"async\" width=\"2048\" height=\"1536\" src=\"https:\/\/www.polarmatic.com\/wp-content\/uploads\/2023\/02\/Schotter-Teufel-2-2048x1536.jpg\" class=\"attachment-2048x2048 size-2048x2048\" alt=\"TURBOMATIC at customer site in Germany\" srcset=\"https:\/\/www.polarmatic.com\/wp-content\/uploads\/2023\/02\/Schotter-Teufel-2-2048x1536.jpg 2048w, https:\/\/www.polarmatic.com\/wp-content\/uploads\/2023\/02\/Schotter-Teufel-2-300x225.jpg 300w, https:\/\/www.polarmatic.com\/wp-content\/uploads\/2023\/02\/Schotter-Teufel-2-1024x768.jpg 1024w, https:\/\/www.polarmatic.com\/wp-content\/uploads\/2023\/02\/Schotter-Teufel-2-768x576.jpg 768w, https:\/\/www.polarmatic.com\/wp-content\/uploads\/2023\/02\/Schotter-Teufel-2-1536x1152.jpg 1536w\" sizes=\"auto, (max-width: 2048px) 100vw, 2048px\" \/>\t\t\t\t\t\t\n\t\t\t\t\t<\/div>\n\t\t\t\t\t\t\t\t\n<style>\n#image_1353098733 {\n  width: 100%;\n}\n<\/style>\n\t<\/div>\n\t\n\n\n\t\t<\/div>\n\t\t\t\t\t<\/div>\n\n\t\n\n<\/div>\n<div class=\"row\"  id=\"row-957083418\">\n\n\n\t<div id=\"col-1951260402\" class=\"col medium-3 small-12 large-3\"  >\n\t\t\t\t<div class=\"col-inner\"  >\n\t\t\t\n\t\t\t\n\n\t<div class=\"img has-hover x md-x lg-x y md-y lg-y\" id=\"image_798678730\">\n\t\t\t\t\t\t\t\t<div class=\"img-inner dark\" >\n\t\t\t<img loading=\"lazy\" decoding=\"async\" width=\"2048\" height=\"1536\" src=\"https:\/\/www.polarmatic.com\/wp-content\/uploads\/2023\/02\/20220104_143605-2048x1536.jpg\" class=\"attachment-2048x2048 size-2048x2048\" alt=\"Polarmatic Tampere factory\" srcset=\"https:\/\/www.polarmatic.com\/wp-content\/uploads\/2023\/02\/20220104_143605-2048x1536.jpg 2048w, https:\/\/www.polarmatic.com\/wp-content\/uploads\/2023\/02\/20220104_143605-300x225.jpg 300w, https:\/\/www.polarmatic.com\/wp-content\/uploads\/2023\/02\/20220104_143605-1024x768.jpg 1024w, https:\/\/www.polarmatic.com\/wp-content\/uploads\/2023\/02\/20220104_143605-768x576.jpg 768w, https:\/\/www.polarmatic.com\/wp-content\/uploads\/2023\/02\/20220104_143605-1536x1152.jpg 1536w\" sizes=\"auto, (max-width: 2048px) 100vw, 2048px\" \/>\t\t\t\t\t\t\n\t\t\t\t\t<\/div>\n\t\t\t\t\t\t\t\t\n<style>\n#image_798678730 {\n  width: 80%;\n}\n<\/style>\n\t<\/div>\n\t\n\n\n\t\t<\/div>\n\t\t\t\t\t<\/div>\n\n\t\n\n\t<div id=\"col-1307700478\" class=\"col medium-8 small-12 large-8\"  >\n\t\t\t\t<div class=\"col-inner\"  >\n\t\t\t\n\t\t\t\n\n\t<div id=\"text-3478176039\" class=\"text\">\n\t\t\n\n<h2>Polarmatic Oy<\/h2>\n<p>Jo yli 50 vuoden ajan Polarmatic Oy on ollut betoniteollisuuden innovatiivisten l\u00e4mmitys-, j\u00e4\u00e4hdytys-, kypsytys-, ohjaus- ja tiedonhallintaratkaisujen kehitt\u00e4j\u00e4 ja toimittaja.<\/p>\n<p>Polarmaticin p\u00e4\u00e4konttori ja tuotantotilat sijaitsevat Tampereella, ja yrityksell\u00e4mme on my\u00f6s tyt\u00e4ryhti\u00f6t Ruotsissa ja Yhdysvalloissa. Valmistamme ja kokoamme kaikki tuotteet Suomessa k\u00e4ytt\u00e4en vain korkealaatuisia materiaaleja ja osia, jotka hankimme pitk\u00e4aikaisilta ja vastuullisilta yhteisty\u00f6kumppaneiltamme.\u00a0<\/p>\n<p>Olemme toimittaneet yli 1.300 energiatehokasta j\u00e4rjestelm\u00e4\u00e4, joiden avulla betonin ja betonituotteiden valmistajat voivat kasvattaa vuotuista betonintuotantoaan sek\u00e4 valmistaa eritt\u00e4in korkea- ja tasalaatuista betonia ymp\u00e4rist\u00f6yst\u00e4v\u00e4llisesti ymp\u00e4ri vuoden &#8211; niin pohjoisen kylmill\u00e4 alueilla kuin my\u00f6s tropiikin kuumilla ilmastovy\u00f6hykkeill\u00e4.\u00a0<\/p>\n<p>Polarmaticin energiatehokkailla ja ymp\u00e4rist\u00f6yst\u00e4v\u00e4llisill\u00e4 ratkaisuilla betoninvalmistajat parantavat my\u00f6s liikevaihtoaan merkitt\u00e4vien polttoainekustannuss\u00e4\u00e4st\u00f6jen sek\u00e4 alentuneiden k\u00e4ytt\u00f6- ja yll\u00e4pitokustannusten ansiosta.<\/p>\n\t\t\n<style>\n#text-3478176039 {\n  line-height: 1.5;\n}\n<\/style>\n\t<\/div>\n\t\n\n\t\t<\/div>\n\t\t\t\t\t<\/div>\n\n\t\n\n\t<div id=\"col-294612710\" class=\"col medium-3 small-12 large-3\"  >\n\t\t\t\t<div class=\"col-inner\"  >\n\t\t\t\n\t\t\t\n\n\n\t\t<\/div>\n\t\t\t\t\t<\/div>\n\n\t\n\n\t<div id=\"col-1316364115\" class=\"col medium-8 small-12 large-8\"  >\n\t\t\t\t<div class=\"col-inner\"  >\n\t\t\t\n\t\t\t\n\n\t<div id=\"text-1240448994\" class=\"text\">\n\t\t\n\n<h2>Missiomme<\/h2>\n<p>Polarmatic tarjoaa tehokkaita ja ymp\u00e4rist\u00f6yst\u00e4v\u00e4llisi\u00e4 l\u00e4mmitys-, j\u00e4\u00e4hdytys- sek\u00e4 automaatio-, informaationhallinta- ja mittausratkaisuja, joiden avulla asiakkaamme voivat parantaa prosessiensa, tuotteidensa ja raaka-aineidensa laatua ja siten palvella omia asiakkaitaan paremmin.<\/p>\n\t\t\n<style>\n#text-1240448994 {\n  line-height: 1.5;\n}\n<\/style>\n\t<\/div>\n\t\n\n\t\t<\/div>\n\t\t\t\t\t<\/div>\n\n\t\n\n<\/div>\n<div class=\"is-divider divider clearfix\" style=\"max-width:100%;height:1px;\"><\/div>\n\n<div class=\"row\"  id=\"row-200743601\">\n\n\n\t<div id=\"col-742457543\" class=\"col medium-3 small-12 large-3\"  >\n\t\t\t\t<div class=\"col-inner\"  >\n\t\t\t\n\t\t\t\n\n\t<div class=\"img has-hover x md-x lg-x y md-y lg-y\" id=\"image_1837743782\">\n\t\t\t\t\t\t\t\t<div class=\"img-inner dark\" >\n\t\t\t<img loading=\"lazy\" decoding=\"async\" width=\"2048\" height=\"1536\" src=\"https:\/\/www.polarmatic.com\/wp-content\/uploads\/2023\/02\/Kuva-24-2048x1536.jpg\" class=\"attachment-2048x2048 size-2048x2048\" alt=\"Polarmatic containerized heating unit\" srcset=\"https:\/\/www.polarmatic.com\/wp-content\/uploads\/2023\/02\/Kuva-24-2048x1536.jpg 2048w, https:\/\/www.polarmatic.com\/wp-content\/uploads\/2023\/02\/Kuva-24-300x225.jpg 300w, https:\/\/www.polarmatic.com\/wp-content\/uploads\/2023\/02\/Kuva-24-1024x768.jpg 1024w, https:\/\/www.polarmatic.com\/wp-content\/uploads\/2023\/02\/Kuva-24-768x576.jpg 768w, https:\/\/www.polarmatic.com\/wp-content\/uploads\/2023\/02\/Kuva-24-1536x1152.jpg 1536w\" sizes=\"auto, (max-width: 2048px) 100vw, 2048px\" \/>\t\t\t\t\t\t\n\t\t\t\t\t<\/div>\n\t\t\t\t\t\t\t\t\n<style>\n#image_1837743782 {\n  width: 80%;\n}\n<\/style>\n\t<\/div>\n\t\n\n\n\t\t<\/div>\n\t\t\t\t\t<\/div>\n\n\t\n\n\t<div id=\"col-640921701\" class=\"col medium-8 small-12 large-8\"  >\n\t\t\t\t<div class=\"col-inner\"  >\n\t\t\t\n\t\t\t\n\n\t<div id=\"text-2764811073\" class=\"text\">\n\t\t\n\n<h2>Historia<\/h2>\n<p>Polarmatic Oy on perustettu vuonna 1968, ja jo yli 50 vuoden ajan olemme kehitt\u00e4neet innovatiivisia ja ymp\u00e4rist\u00f6yst\u00e4v\u00e4llisi\u00e4 betoniteollisuuden tuotteita ja ratkaisuja.\u00a0<\/p>\n<div>Ensimm\u00e4iset tuotteemme olivat infrapunauunit, joita k\u00e4ytettiin betonin kypsytt\u00e4miseen. 1970-luvun puoliv\u00e4liss\u00e4 kehitimme ensimm\u00e4isen ohjausj\u00e4rjestelm\u00e4mme betoniasemien k\u00e4ytt\u00f6\u00f6n tehostamaan asiakkaidemme betonin tuotantoa.\u00a0<\/div>\n<div>\u00a0<\/div>\n<div>TURBOMATIC, betoniteollisuudelle kehitetty edistyksellinen ja innovatiivinen kiviaineksen ja veden l\u00e4mmitysj\u00e4rjestelm\u00e4 kehitettiin 1980-luvun alussa mahdollistamaan betonin tuotanto my\u00f6s talvikuukausien aikana. Vuosien saatossa tuotevalikoimamme on laajentunut ja tarjoamme nyky\u00e4\u00e4n betoniteollisuudelle monipuolisia ratkaisuja l\u00e4mmitykseen, j\u00e4\u00e4hdytykseen, kypsytykseen sek\u00e4 ohjaukseen ja tiedonhallintaan.\u00a0<\/div>\n\t\t\n<style>\n#text-2764811073 {\n  line-height: 1.5;\n}\n<\/style>\n\t<\/div>\n\t\n\t<div class=\"img has-hover x md-x lg-x y md-y lg-y\" id=\"image_1023701397\">\n\t\t\t\t\t\t\t\t<div class=\"img-inner dark\" >\n\t\t\t<img loading=\"lazy\" decoding=\"async\" width=\"1536\" height=\"900\" src=\"https:\/\/www.polarmatic.com\/wp-content\/uploads\/2026\/03\/FI-Timeline-2026.png\" class=\"attachment-2048x2048 size-2048x2048\" alt=\"\" srcset=\"https:\/\/www.polarmatic.com\/wp-content\/uploads\/2026\/03\/FI-Timeline-2026.png 1536w, https:\/\/www.polarmatic.com\/wp-content\/uploads\/2026\/03\/FI-Timeline-2026-300x176.png 300w, https:\/\/www.polarmatic.com\/wp-content\/uploads\/2026\/03\/FI-Timeline-2026-1024x600.png 1024w, https:\/\/www.polarmatic.com\/wp-content\/uploads\/2026\/03\/FI-Timeline-2026-768x450.png 768w\" sizes=\"auto, (max-width: 1536px) 100vw, 1536px\" \/>\t\t\t\t\t\t\n\t\t\t\t\t<\/div>\n\t\t\t\t\t\t\t\t\n<style>\n#image_1023701397 {\n  width: 100%;\n}\n<\/style>\n\t<\/div>\n\t\n\n\n\t\t<\/div>\n\t\t\t\t\t<\/div>\n\n\t\n\n<\/div>\n<div class=\"is-divider divider clearfix\" style=\"max-width:100%;height:1px;\"><\/div>\n\n<div class=\"row\"  id=\"row-1587386950\">\n\n\n\t<div id=\"col-1261710067\" class=\"col medium-3 small-12 large-3\"  >\n\t\t\t\t<div class=\"col-inner\"  >\n\t\t\t\n\t\t\t\n\n\t<div class=\"img has-hover x md-x lg-x y md-y lg-y\" id=\"image_1508007602\">\n\t\t\t\t\t\t\t\t<div class=\"img-inner dark\" >\n\t\t\t<img loading=\"lazy\" decoding=\"async\" width=\"989\" height=\"1060\" src=\"https:\/\/www.polarmatic.com\/wp-content\/uploads\/2023\/03\/iStock-1401288069-About-Us-Image-for-Sustainability.jpg\" class=\"attachment-2048x2048 size-2048x2048\" alt=\"Polarmatic - Your Partner for Sustainable Concrete Production\" srcset=\"https:\/\/www.polarmatic.com\/wp-content\/uploads\/2023\/03\/iStock-1401288069-About-Us-Image-for-Sustainability.jpg 989w, https:\/\/www.polarmatic.com\/wp-content\/uploads\/2023\/03\/iStock-1401288069-About-Us-Image-for-Sustainability-280x300.jpg 280w, https:\/\/www.polarmatic.com\/wp-content\/uploads\/2023\/03\/iStock-1401288069-About-Us-Image-for-Sustainability-955x1024.jpg 955w, https:\/\/www.polarmatic.com\/wp-content\/uploads\/2023\/03\/iStock-1401288069-About-Us-Image-for-Sustainability-768x823.jpg 768w\" sizes=\"auto, (max-width: 989px) 100vw, 989px\" \/>\t\t\t\t\t\t\n\t\t\t\t\t<\/div>\n\t\t\t\t\t\t\t\t\n<style>\n#image_1508007602 {\n  width: 80%;\n}\n<\/style>\n\t<\/div>\n\t\n\n\n\t\t<\/div>\n\t\t\t\t\t<\/div>\n\n\t\n\n\t<div id=\"col-917265277\" class=\"col medium-4 small-12 large-4\"  >\n\t\t\t\t<div class=\"col-inner\"  >\n\t\t\t\n\t\t\t\n\n\t<div id=\"text-1938580841\" class=\"text\">\n\t\t\n\n<h2>Vastuullisuus<\/h2>\n<div>\n<div>Haluamme olla mukana muuttamassa betonin tuotantoa kest\u00e4v\u00e4mm\u00e4ksi ja uskomme, ett\u00e4 yhdess\u00e4 voimme saavuttaa p\u00e4\u00e4st\u00f6vapaan betonin tuotannon.<\/div>\n<div>\u00a0<\/div>\n<div>Lupaamme tarjota alamme edistyneimm\u00e4t l\u00e4mp\u00f6energiayksik\u00f6t betonin valmistukseen, ja j\u00e4rjestelm\u00e4mme t\u00e4ytt\u00e4v\u00e4tkin jo nyt kaikki alan kest\u00e4v\u00e4n kehityksen vaatimukset.<\/div>\n<div>\u00a0<\/div>\n<div>Pyrimme olemaan betonialan laitetoimittajien edell\u00e4k\u00e4vij\u00e4 auttamalla betoninvalmistajia p\u00e4\u00e4st\u00f6jen v\u00e4hent\u00e4misess\u00e4, mutta my\u00f6s s\u00e4\u00e4st\u00e4m\u00e4\u00e4n huomattavia rahasummia betonin valmistusprosessissa. Polarmaticin j\u00e4rjestelm\u00e4t ovat aina olleet eritt\u00e4in energiatehokkaita ja ne k\u00e4ytt\u00e4v\u00e4t kaiken tuottamansa energian, mik\u00e4 auttaa betonin valmistajia s\u00e4\u00e4st\u00e4m\u00e4\u00e4n jopa 80% energian kulutuksessa.<\/div>\n<div>\u00a0<\/div>\n<div>Kest\u00e4v\u00e4 kehitys on osa yrityksemme strategiaa ja liiketoimintakulttuuriamme, ja teemme parhaamme ottaaksemme sen huomioon koko arvo- ja toimitusketjussamme &#8211; niin laitteiden suunnittelussa kuin my\u00f6s asiakkaalle toimitetuissa lopputuotteissa.\u00a0<\/div>\n<\/div>\n<div>\u00a0<\/div>\n<div>\u00a0<\/div>\n<div>\u00a0<\/div>\n\t\t\n<style>\n#text-1938580841 {\n  line-height: 1.5;\n}\n<\/style>\n\t<\/div>\n\t\n\n\t\t<\/div>\n\t\t\t\t\t<\/div>\n\n\t\n\n\t<div id=\"col-1528665749\" class=\"col medium-5 small-12 large-5\"  >\n\t\t\t\t<div class=\"col-inner\"  >\n\t\t\t\n\t\t\t\n\n<div class=\"video video-fit mb\" style=\"padding-top:56.25%;\"><iframe loading=\"lazy\" title=\"Polarmatic Oy: EN Eco Friendliness\" src=\"https:\/\/player.vimeo.com\/video\/1092708998?dnt=1&amp;app_id=122963\" width=\"1020\" height=\"574\" frameborder=\"0\" allow=\"autoplay; fullscreen; picture-in-picture; clipboard-write; encrypted-media; web-share\"><\/iframe><\/div>\n\n\n\t\t<\/div>\n\t\t\t\t\n<style>\n#col-1528665749 > .col-inner {\n  margin: 40px 0px 0px 0px;\n}\n<\/style>\n\t<\/div>\n\n\t\n\n<\/div>\n<div class=\"is-divider divider clearfix\" style=\"max-width:100%;height:1px;\"><\/div>\n\n<div class=\"row\"  id=\"row-1070437013\">\n\n\n\t<div id=\"col-1648081364\" class=\"col medium-3 small-12 large-3\"  >\n\t\t\t\t<div class=\"col-inner\"  >\n\t\t\t\n\t\t\t\n\n\n\t\t<\/div>\n\t\t\t\t\t<\/div>\n\n\t\n\n\t<div id=\"col-842881332\" class=\"col medium-9 small-12 large-9\"  >\n\t\t\t\t<div class=\"col-inner\"  >\n\t\t\t\n\t\t\t\n\n\t<div id=\"text-4086743232\" class=\"text\">\n\t\t\n\n<h2>Betonialan j\u00e4rjest\u00f6t<\/h2>\n<p>Olemme usean betonialan j\u00e4rjest\u00f6n j\u00e4seni\u00e4, ja vuosittain olemme aktiivisesti mukana heid\u00e4n tapahtumissaaan ymp\u00e4ri maailmaa.<\/p>\n\t\t\n<style>\n#text-4086743232 {\n  line-height: 1.5;\n}\n<\/style>\n\t<\/div>\n\t\n\n\t\t<\/div>\n\t\t\t\t\t<\/div>\n\n\t\n\n<\/div>\n<div class=\"row\"  id=\"row-93997345\">\n\n\n\t<div id=\"col-1201933418\" class=\"col medium-3 small-12 large-3\"  >\n\t\t\t\t<div class=\"col-inner\"  >\n\t\t\t\n\t\t\t\n\n\n\t\t<\/div>\n\t\t\t\t\t<\/div>\n\n\t\n\n\t<div id=\"col-1111287157\" class=\"col medium-1 small-6 large-1\"  >\n\t\t\t\t<div class=\"col-inner\"  >\n\t\t\t\n\t\t\t\n\n\t<div class=\"img has-hover x md-x lg-x y md-y lg-y\" id=\"image_1438351634\">\n\t\t\t\t\t\t\t\t<div class=\"img-inner dark\" style=\"margin:43px 0px 0px 0px;\">\n\t\t\t<img loading=\"lazy\" decoding=\"async\" width=\"800\" height=\"383\" src=\"https:\/\/www.polarmatic.com\/wp-content\/uploads\/2023\/01\/BetongNorge-VRGB.jpeg\" class=\"attachment-large size-large\" alt=\"Betong Norge logo\" srcset=\"https:\/\/www.polarmatic.com\/wp-content\/uploads\/2023\/01\/BetongNorge-VRGB.jpeg 800w, https:\/\/www.polarmatic.com\/wp-content\/uploads\/2023\/01\/BetongNorge-VRGB-300x144.jpeg 300w, https:\/\/www.polarmatic.com\/wp-content\/uploads\/2023\/01\/BetongNorge-VRGB-768x368.jpeg 768w\" sizes=\"auto, (max-width: 800px) 100vw, 800px\" \/>\t\t\t\t\t\t\n\t\t\t\t\t<\/div>\n\t\t\t\t\t\t\t\t\n<style>\n#image_1438351634 {\n  width: 100%;\n}\n<\/style>\n\t<\/div>\n\t\n\n\n\t\t<\/div>\n\t\t\t\t\t<\/div>\n\n\t\n\n\t<div id=\"col-1824963337\" class=\"col medium-1 small-6 large-1\"  >\n\t\t\t\t<div class=\"col-inner\"  >\n\t\t\t\n\t\t\t\n\n\t<div class=\"img has-hover x md-x lg-x y md-y lg-y\" id=\"image_997385062\">\n\t\t\t\t\t\t\t\t<div class=\"img-inner dark\" style=\"margin:40px 0px 0px 0px;\">\n\t\t\t<img loading=\"lazy\" decoding=\"async\" width=\"240\" height=\"120\" src=\"https:\/\/www.polarmatic.com\/wp-content\/uploads\/2023\/01\/by-270x270-240x120cq85.jpg\" class=\"attachment-large size-large\" alt=\"Betoniyhdistys logo\" \/>\t\t\t\t\t\t\n\t\t\t\t\t<\/div>\n\t\t\t\t\t\t\t\t\n<style>\n#image_997385062 {\n  width: 100%;\n}\n<\/style>\n\t<\/div>\n\t\n\n\n\t\t<\/div>\n\t\t\t\t\t<\/div>\n\n\t\n\n\t<div id=\"col-516619840\" class=\"col medium-1 small-6 large-1\"  >\n\t\t\t\t<div class=\"col-inner\"  >\n\t\t\t\n\t\t\t\n\n\t<div class=\"img has-hover x md-x lg-x y md-y lg-y\" id=\"image_1304191603\">\n\t\t\t\t\t\t\t\t<div class=\"img-inner dark\" style=\"margin:50px 0px 0px 0px;\">\n\t\t\t<img loading=\"lazy\" decoding=\"async\" width=\"1020\" height=\"396\" src=\"https:\/\/www.polarmatic.com\/wp-content\/uploads\/2023\/04\/British_Precast_member-1024x398.jpg\" class=\"attachment-large size-large\" alt=\"British_Precast_member\" srcset=\"https:\/\/www.polarmatic.com\/wp-content\/uploads\/2023\/04\/British_Precast_member-1024x398.jpg 1024w, https:\/\/www.polarmatic.com\/wp-content\/uploads\/2023\/04\/British_Precast_member-300x117.jpg 300w, https:\/\/www.polarmatic.com\/wp-content\/uploads\/2023\/04\/British_Precast_member-768x299.jpg 768w, https:\/\/www.polarmatic.com\/wp-content\/uploads\/2023\/04\/British_Precast_member-1536x597.jpg 1536w, https:\/\/www.polarmatic.com\/wp-content\/uploads\/2023\/04\/British_Precast_member.jpg 1587w\" sizes=\"auto, (max-width: 1020px) 100vw, 1020px\" \/>\t\t\t\t\t\t\n\t\t\t\t\t<\/div>\n\t\t\t\t\t\t\t\t\n<style>\n#image_1304191603 {\n  width: 100%;\n}\n<\/style>\n\t<\/div>\n\t\n\n\n\t\t<\/div>\n\t\t\t\t\t<\/div>\n\n\t\n\n\t<div id=\"col-547077313\" class=\"col medium-1 small-12 large-1\"  >\n\t\t\t\t<div class=\"col-inner\"  >\n\t\t\t\n\t\t\t\n\n\t<div class=\"img has-hover x md-x lg-x y md-y lg-y\" id=\"image_467400804\">\n\t\t\t\t\t\t\t\t<div class=\"img-inner dark\" style=\"margin:55px 0px 0px 0px;\">\n\t\t\t<img loading=\"lazy\" decoding=\"async\" width=\"654\" height=\"235\" src=\"https:\/\/www.polarmatic.com\/wp-content\/uploads\/2023\/02\/CPCI_ca_Logo-no-text.jpg\" class=\"attachment-large size-large\" alt=\"CPCI logo\" srcset=\"https:\/\/www.polarmatic.com\/wp-content\/uploads\/2023\/02\/CPCI_ca_Logo-no-text.jpg 654w, https:\/\/www.polarmatic.com\/wp-content\/uploads\/2023\/02\/CPCI_ca_Logo-no-text-300x108.jpg 300w\" sizes=\"auto, (max-width: 654px) 100vw, 654px\" \/>\t\t\t\t\t\t\n\t\t\t\t\t<\/div>\n\t\t\t\t\t\t\t\t\n<style>\n#image_467400804 {\n  width: 100%;\n}\n<\/style>\n\t<\/div>\n\t\n\n\n\t\t<\/div>\n\t\t\t\t\t<\/div>\n\n\t\n\n\t<div id=\"col-1815398379\" class=\"col medium-1 small-12 large-1\"  >\n\t\t\t\t<div class=\"col-inner\"  >\n\t\t\t\n\t\t\t\n\n\t<div class=\"img has-hover x md-x lg-x y md-y lg-y\" id=\"image_1894736668\">\n\t\t\t\t\t\t\t\t<div class=\"img-inner dark\" style=\"margin:35px 0px 0px 0px;\">\n\t\t\t<img loading=\"lazy\" decoding=\"async\" width=\"238\" height=\"139\" src=\"https:\/\/www.polarmatic.com\/wp-content\/uploads\/2023\/02\/NPCA_Member_logo_2016.png\" class=\"attachment-large size-large\" alt=\"NPCA logo\" \/>\t\t\t\t\t\t\n\t\t\t\t\t<\/div>\n\t\t\t\t\t\t\t\t\n<style>\n#image_1894736668 {\n  width: 100%;\n}\n<\/style>\n\t<\/div>\n\t\n\n\n\t\t<\/div>\n\t\t\t\t\t<\/div>\n\n\t\n\n\t<div id=\"col-1352751783\" class=\"col medium-1 small-12 large-1\"  >\n\t\t\t\t<div class=\"col-inner\"  >\n\t\t\t\n\t\t\t\n\n\t<div class=\"img has-hover x md-x lg-x y md-y lg-y\" id=\"image_210671308\">\n\t\t\t\t\t\t\t\t<div class=\"img-inner dark\" >\n\t\t\t<img loading=\"lazy\" decoding=\"async\" width=\"225\" height=\"225\" src=\"https:\/\/www.polarmatic.com\/wp-content\/uploads\/2023\/02\/NRMCA-Logo.png\" class=\"attachment-large size-large\" alt=\"NRMCA logo\" srcset=\"https:\/\/www.polarmatic.com\/wp-content\/uploads\/2023\/02\/NRMCA-Logo.png 225w, https:\/\/www.polarmatic.com\/wp-content\/uploads\/2023\/02\/NRMCA-Logo-150x150.png 150w\" sizes=\"auto, (max-width: 225px) 100vw, 225px\" \/>\t\t\t\t\t\t\n\t\t\t\t\t<\/div>\n\t\t\t\t\t\t\t\t\n<style>\n#image_210671308 {\n  width: 100%;\n}\n<\/style>\n\t<\/div>\n\t\n\n\n\t\t<\/div>\n\t\t\t\t\t<\/div>\n\n\t\n\n\t<div id=\"col-1242488895\" class=\"col medium-1 small-12 large-1\"  >\n\t\t\t\t<div class=\"col-inner\"  >\n\t\t\t\n\t\t\t\n\n\t<div class=\"img has-hover x md-x lg-x y md-y lg-y\" id=\"image_1855647429\">\n\t\t\t\t\t\t\t\t<div class=\"img-inner dark\" style=\"margin:5px 0px 0px 0px;\">\n\t\t\t<img loading=\"lazy\" decoding=\"async\" width=\"269\" height=\"241\" src=\"https:\/\/www.polarmatic.com\/wp-content\/uploads\/2023\/04\/PCI_Member.jpg\" class=\"attachment-large size-large\" alt=\"PCI_Member\" \/>\t\t\t\t\t\t\n\t\t\t\t\t<\/div>\n\t\t\t\t\t\t\t\t\n<style>\n#image_1855647429 {\n  width: 100%;\n}\n<\/style>\n\t<\/div>\n\t\n\n\n\t\t<\/div>\n\t\t\t\t\t<\/div>\n\n\t\n\n\t<div id=\"col-1126629144\" class=\"col medium-1 small-12 large-1\"  >\n\t\t\t\t<div class=\"col-inner\"  >\n\t\t\t\n\t\t\t\n\n\t<div class=\"img has-hover x md-x lg-x y md-y lg-y\" id=\"image_1357146876\">\n\t\t\t\t\t\t\t\t<div class=\"img-inner dark\" style=\"margin:37px 0px 0px 0px;\">\n\t\t\t<img loading=\"lazy\" decoding=\"async\" width=\"162\" height=\"95\" src=\"https:\/\/www.polarmatic.com\/wp-content\/uploads\/2023\/02\/logo.png\" class=\"attachment-large size-large\" alt=\"Svensk Betong logo\" \/>\t\t\t\t\t\t\n\t\t\t\t\t<\/div>\n\t\t\t\t\t\t\t\t\n<style>\n#image_1357146876 {\n  width: 100%;\n}\n<\/style>\n\t<\/div>\n\t\n\n\n\t\t<\/div>\n\t\t\t\t\t<\/div>\n\n\t\n\n\t<div id=\"col-571221402\" class=\"col medium-1 small-6 large-1\"  >\n\t\t\t\t<div class=\"col-inner\"  >\n\t\t\t\n\t\t\t\n\n\n\t\t<\/div>\n\t\t\t\t\t<\/div>\n\n\t\n\n<\/div>\n\n","protected":false},"excerpt":{"rendered":"","protected":false},"author":1,"featured_media":0,"parent":0,"menu_order":0,"comment_status":"closed","ping_status":"closed","template":"","meta":{"_acf_changed":false,"footnotes":""},"class_list":["post-4144","page","type-page","status-publish","hentry"],"acf":[],"_links":{"self":[{"href":"https:\/\/www.polarmatic.com\/fi\/wp-json\/wp\/v2\/pages\/4144","targetHints":{"allow":["GET"]}}],"collection":[{"href":"https:\/\/www.polarmatic.com\/fi\/wp-json\/wp\/v2\/pages"}],"about":[{"href":"https:\/\/www.polarmatic.com\/fi\/wp-json\/wp\/v2\/types\/page"}],"author":[{"embeddable":true,"href":"https:\/\/www.polarmatic.com\/fi\/wp-json\/wp\/v2\/users\/1"}],"replies":[{"embeddable":true,"href":"https:\/\/www.polarmatic.com\/fi\/wp-json\/wp\/v2\/comments?post=4144"}],"version-history":[{"count":10,"href":"https:\/\/www.polarmatic.com\/fi\/wp-json\/wp\/v2\/pages\/4144\/revisions"}],"predecessor-version":[{"id":12495,"href":"https:\/\/www.polarmatic.com\/fi\/wp-json\/wp\/v2\/pages\/4144\/revisions\/12495"}],"wp:attachment":[{"href":"https:\/\/www.polarmatic.com\/fi\/wp-json\/wp\/v2\/media?parent=4144"}],"curies":[{"name":"wp","href":"https:\/\/api.w.org\/{rel}","templated":true}]}}