{"id":4242,"date":"2023-02-20T12:27:17","date_gmt":"2023-02-20T10:27:17","guid":{"rendered":"https:\/\/www.polarmatic.com\/?page_id=4242"},"modified":"2025-06-12T12:59:54","modified_gmt":"2025-06-12T09:59:54","slug":"polarmoist","status":"publish","type":"page","link":"https:\/\/www.polarmatic.com\/fi\/ratkaisut\/mittausratkaisut\/polarmoist\/","title":{"rendered":"POLARMOIST"},"content":{"rendered":"\n<div class=\"row\"  id=\"row-1912717857\">\n\n\n\t<div id=\"col-1623070546\" class=\"col small-12 large-12\"  >\n\t\t\t\t<div class=\"col-inner\"  >\n\t\t\t\n\t\t\t\n\n\t\t<div class=\"pm-breadcrumbs\">\n\t\t\t\t\n\n<span><span><a href=\"https:\/\/www.polarmatic.com\/fi\/\">Home<\/a><\/span><\/span>\n\t\t<\/div>\n\t\n\n\t\t<\/div>\n\t\t\t\t\t<\/div>\n\n\t\n\n<\/div>\n<div class=\"row\"  id=\"row-1215722981\">\n\n\n\t<div id=\"col-2062695067\" class=\"col medium-6 small-12 large-6\"  >\n\t\t\t\t<div class=\"col-inner\"  >\n\t\t\t\n\t\t\t\n\n\t<div id=\"text-3235598171\" class=\"text\">\n\t\t\n\n<h1>POLARMOIST<\/h1>\n<p>POLARMOIST on optinen kosteusmittausanturi, jota k\u00e4ytet\u00e4\u00e4n betonin valmistuksessa kiviaineksen kosteuden mittaamiseen. Anturi mittaa kosteuden eritt\u00e4in tarkasti sek\u00e4 hiekasta ett\u00e4 sorasta, ja sen tuottama tarkka mittaustulos helpottaa betonin seossuhteiden optimointia. Anturin k\u00e4ytt\u00f6 parantaa siten my\u00f6s valmistettavan betonin laatua ja luo merkitt\u00e4vi\u00e4 kustannuss\u00e4\u00e4st\u00f6j\u00e4.<\/p>\n<p>&nbsp;<\/p>\n<h2><span style=\"font-size: 75%;\"><span style=\"color: #3a5dae;\">POLARMOIST kosteusmittausanturin hy\u00f6dyt:<\/span><\/span><\/h2>\n<ul>\n<li>Anturi lukee kiviaineksen kosteuden optisesti, joten se ei kosketa materiaalia eik\u00e4 se kulu k\u00e4yt\u00f6ss\u00e4&nbsp;<\/li>\n<li>Laitteessa ei ole liikkuvia osia ja sill\u00e4 on pitk\u00e4 k\u00e4ytt\u00f6ik\u00e4&nbsp;<\/li>\n<li>Ensimm\u00e4inen betoniteollisuudelle suunniteltu kosteusmittausanturi, jota voi k\u00e4ytt\u00e4\u00e4 sek\u00e4 hienojakoisille ett\u00e4 karkeammille kiviaineksille<\/li>\n<li>Luotettava ja tarkka mittaustulos<\/li>\n<li>Laite ei vaadi jatkuvaa kalibrointia, yksi kerta materiaalia kohden riitt\u00e4\u00e4<\/li>\n<li>Nopea ja helppo asentaa<\/li>\n<li>Voidaan helposti yhdist\u00e4\u00e4 betoniaseman ohjausj\u00e4rjestelm\u00e4\u00e4n<\/li>\n<\/ul>\n\t\t\n<style>\n#text-3235598171 {\n  line-height: 1.5;\n}\n<\/style>\n\t<\/div>\n\t\n\n\t\t<\/div>\n\t\t\t\t\t<\/div>\n\n\t\n\n\t<div id=\"col-678085839\" class=\"col medium-6 small-12 large-6\"  >\n\t\t\t\t<div class=\"col-inner\"  >\n\t\t\t\n\t\t\t\n\n<div class=\"video video-fit mb\" style=\"padding-top:56.25%;\"><iframe loading=\"lazy\" title=\"Polarmatic Oy: Polarmoist Moisture Measurement Probe for Aggregates\" src=\"https:\/\/player.vimeo.com\/video\/1092706667?dnt=1&amp;app_id=122963\" width=\"1020\" height=\"574\" frameborder=\"0\" allow=\"autoplay; fullscreen; picture-in-picture; clipboard-write; encrypted-media; web-share\"><\/iframe><\/div>\n\n\n\t\t<\/div>\n\t\t\t\t\t<\/div>\n\n\t\n\n<\/div>\n<div class=\"is-divider divider clearfix\" style=\"max-width:100%;height:1px;\"><\/div>\n\n<div class=\"row\"  id=\"row-1869975217\">\n\n\n\t<div id=\"col-1026337986\" class=\"col medium-2 small-12 large-2\"  >\n\t\t\t\t<div class=\"col-inner\"  >\n\t\t\t\n\t\t\t\n\n\t<div class=\"img has-hover x md-x lg-x y md-y lg-y\" id=\"image_332686609\">\n\t\t\t\t\t\t\t\t<div class=\"img-inner dark\" >\n\t\t\t<img loading=\"lazy\" decoding=\"async\" width=\"200\" height=\"200\" src=\"https:\/\/www.polarmatic.com\/wp-content\/uploads\/2023\/04\/Download-icon.png\" class=\"attachment-2048x2048 size-2048x2048\" alt=\"\" srcset=\"https:\/\/www.polarmatic.com\/wp-content\/uploads\/2023\/04\/Download-icon.png 200w, https:\/\/www.polarmatic.com\/wp-content\/uploads\/2023\/04\/Download-icon-150x150.png 150w\" sizes=\"auto, (max-width: 200px) 100vw, 200px\" \/>\t\t\t\t\t\t\n\t\t\t\t\t<\/div>\n\t\t\t\t\t\t\t\t\n<style>\n#image_332686609 {\n  width: 100%;\n}\n<\/style>\n\t<\/div>\n\t\n\n\n\t\t<\/div>\n\t\t\t\t\t<\/div>\n\n\t\n\n\t<div id=\"col-132048661\" class=\"col medium-5 small-12 large-5\"  >\n\t\t\t\t<div class=\"col-inner\"  >\n\t\t\t\n\t\t\t\n\n<h2>Tilaa tuote-esite<\/h2>\n<p>Tilaa Polarmoist -esitteemme s\u00e4hk\u00f6postiisi alla olevasta linkist\u00e4.<\/p>\n<p>&nbsp;<\/p>\n<a href=\"https:\/\/www.polarmatic.com\/fi\/ratkaisut\/mittausratkaisut\/polarmoist\/polarmoist-tuote-esite\" class=\"button primary lowercase\" >\n\t\t<span>Tilaa esite<\/span>\n\t<\/a>\n\n\n\n\t\t<\/div>\n\t\t\t\t\t<\/div>\n\n\t\n\n\t<div id=\"col-1156076613\" class=\"col medium-1 small-12 large-1\"  >\n\t\t\t\t<div class=\"col-inner\"  >\n\t\t\t\n\t\t\t\n\n\n\t\t<\/div>\n\t\t\t\t\t<\/div>\n\n\t\n\n\t<div id=\"col-968807929\" class=\"col medium-4 small-12 large-4\"  >\n\t\t\t\t<div class=\"col-inner\"  >\n\t\t\t\n\t\t\t\n\n\t<div id=\"text-1708564808\" class=\"text\">\n\t\t\n\n<span style=\"color: #ffffff;\">Lis\u00e4tietoja<\/span>\n\t\t\n<style>\n#text-1708564808 {\n  line-height: 1.5;\n}\n<\/style>\n\t<\/div>\n\t\n\n\n\n\n\n\t\t<\/div>\n\t\t\t\t\t<\/div>\n\n\t\n\n\n<style>\n#row-1869975217 > .col > .col-inner {\n  padding: 60px 0px 0px 0px;\n}\n<\/style>\n<\/div>\n\n","protected":false},"excerpt":{"rendered":"","protected":false},"author":1,"featured_media":0,"parent":6724,"menu_order":1,"comment_status":"closed","ping_status":"closed","template":"","meta":{"_acf_changed":false,"footnotes":""},"class_list":["post-4242","page","type-page","status-publish","hentry"],"acf":[],"_links":{"self":[{"href":"https:\/\/www.polarmatic.com\/fi\/wp-json\/wp\/v2\/pages\/4242","targetHints":{"allow":["GET"]}}],"collection":[{"href":"https:\/\/www.polarmatic.com\/fi\/wp-json\/wp\/v2\/pages"}],"about":[{"href":"https:\/\/www.polarmatic.com\/fi\/wp-json\/wp\/v2\/types\/page"}],"author":[{"embeddable":true,"href":"https:\/\/www.polarmatic.com\/fi\/wp-json\/wp\/v2\/users\/1"}],"replies":[{"embeddable":true,"href":"https:\/\/www.polarmatic.com\/fi\/wp-json\/wp\/v2\/comments?post=4242"}],"version-history":[{"count":10,"href":"https:\/\/www.polarmatic.com\/fi\/wp-json\/wp\/v2\/pages\/4242\/revisions"}],"predecessor-version":[{"id":11906,"href":"https:\/\/www.polarmatic.com\/fi\/wp-json\/wp\/v2\/pages\/4242\/revisions\/11906"}],"up":[{"embeddable":true,"href":"https:\/\/www.polarmatic.com\/fi\/wp-json\/wp\/v2\/pages\/6724"}],"wp:attachment":[{"href":"https:\/\/www.polarmatic.com\/fi\/wp-json\/wp\/v2\/media?parent=4242"}],"curies":[{"name":"wp","href":"https:\/\/api.w.org\/{rel}","templated":true}]}}