{"id":6402,"date":"2023-02-20T11:24:38","date_gmt":"2023-02-20T09:24:38","guid":{"rendered":"https:\/\/www.polarmatic.com\/?page_id=6402"},"modified":"2024-01-05T10:25:32","modified_gmt":"2024-01-05T08:25:32","slug":"turbomatic-lammitysratkaisut","status":"publish","type":"page","link":"https:\/\/www.polarmatic.com\/fi\/ratkaisut\/turbomatic-lammitysratkaisut\/","title":{"rendered":"TURBOMATIC L\u00e4mmitysratkaisut"},"content":{"rendered":"\n<div class=\"row\"  id=\"row-1471279654\">\n\n\n\t<div id=\"col-1272003704\" class=\"col small-12 large-12\"  >\n\t\t\t\t<div class=\"col-inner\"  >\n\t\t\t\n\t\t\t\n\n\t\t<div class=\"pm-breadcrumbs\">\n\t\t\t\t\n\n<span><span><a href=\"https:\/\/www.polarmatic.com\/fi\/\">Home<\/a><\/span><\/span>\n\t\t<\/div>\n\t\n\n\t\t<\/div>\n\t\t\t\t\t<\/div>\n\n\t\n\n<\/div>\n<div class=\"row\"  id=\"row-1332699741\">\n\n\n\t<div id=\"col-1264397596\" class=\"col small-12 large-12\"  >\n\t\t\t\t<div class=\"col-inner text-center dark\" style=\"background-color:#82ab4e;\" >\n\t\t\t\n\t\t\t\n\n\t<div id=\"text-2905040630\" class=\"text\">\n\t\t\n\n<h1>&nbsp;<\/h1>\n<h1>TURBOMATIC L\u00e4mmitysratkaisut<\/h1>\n<p><span style=\"font-size: 140%;\">Tehokasta l\u00e4mmityst\u00e4 betonin valmistukseen.<\/span><\/p>\n\t\t\n<style>\n#text-2905040630 {\n  line-height: 1.5;\n}\n<\/style>\n\t<\/div>\n\t\n\n\t\t<\/div>\n\t\t\t\t\n<style>\n#col-1264397596 > .col-inner {\n  padding: 30px 30px 30px 30px;\n}\n<\/style>\n\t<\/div>\n\n\t\n\n<\/div>\n\t<div class=\"img has-hover x md-x lg-x y md-y lg-y\" id=\"image_1475056088\">\n\t\t\t\t\t\t\t\t<div class=\"img-inner image-cover dark\" style=\"padding-top:600px;margin:0px 0px 30px 0px;\">\n\t\t\t<img loading=\"lazy\" decoding=\"async\" width=\"2048\" height=\"1152\" src=\"https:\/\/www.polarmatic.com\/wp-content\/uploads\/2023\/02\/PSBetonMunichGermanySTD1000DT-edited-2048x1152.jpeg\" class=\"attachment-2048x2048 size-2048x2048\" alt=\"TURBOMATIC heating solutions at customers site in Germany.\" srcset=\"https:\/\/www.polarmatic.com\/wp-content\/uploads\/2023\/02\/PSBetonMunichGermanySTD1000DT-edited-2048x1152.jpeg 2048w, https:\/\/www.polarmatic.com\/wp-content\/uploads\/2023\/02\/PSBetonMunichGermanySTD1000DT-edited-300x169.jpeg 300w, https:\/\/www.polarmatic.com\/wp-content\/uploads\/2023\/02\/PSBetonMunichGermanySTD1000DT-edited-1024x576.jpeg 1024w, https:\/\/www.polarmatic.com\/wp-content\/uploads\/2023\/02\/PSBetonMunichGermanySTD1000DT-edited-768x432.jpeg 768w, https:\/\/www.polarmatic.com\/wp-content\/uploads\/2023\/02\/PSBetonMunichGermanySTD1000DT-edited-1536x864.jpeg 1536w\" sizes=\"auto, (max-width: 2048px) 100vw, 2048px\" \/>\t\t\t\t\t\t\n\t\t\t\t\t<\/div>\n\t\t\t\t\t\t\t\t\n<style>\n#image_1475056088 {\n  width: 100%;\n}\n<\/style>\n\t<\/div>\n\t\n\n<div class=\"row align-center\"  id=\"row-738271933\">\n\n\n\t<div id=\"col-1187261157\" class=\"col medium-8 small-12 large-8\"  >\n\t\t\t\t<div class=\"col-inner text-center\"  >\n\t\t\t\n\t\t\t\n\n\t<div id=\"text-2225237402\" class=\"text\">\n\t\t\n\n<h2>L\u00e4mmitysratkaisuja kaikille betonitehtaille<\/h2>\n\t\t\n<style>\n#text-2225237402 {\n  line-height: 1.5;\n  text-align: center;\n}\n<\/style>\n\t<\/div>\n\t\n\t<div id=\"text-3255661253\" class=\"text\">\n\t\t\n\n<p>TURBOMATIC l\u00e4mmitysj\u00e4rjestelmist\u00e4mme l\u00f6ytyy useita erilaisia malleja ja kokoonpanovaihtoehtoja. Jokaiseen projektiin valitsemme yhdess\u00e4 asiakkaan kanssa mallin, joka on optimoitu t\u00e4ytt\u00e4m\u00e4\u00e4n tehdaskohtaiset tuotantovaatimukset&nbsp; tehokkaasti siten, ett\u00e4 se on my\u00f6s paras vaihtoehto maantieteellisen alueen ilmasto-olosuhteisiin.<\/p>\n<p>Laaja kapasiteettivalikoimamme, monipuoliset polttoainevaihtoehdot sek\u00e4 erilaiset mallivaihtoehdot varmistavat sen, ett\u00e4 jokaiselle betonitehtaalle l\u00f6ytyy aina tehtaan tarpeita parhaiten palveleva j\u00e4rjestelm\u00e4.&nbsp;<\/p>\n\t\t\n<style>\n#text-3255661253 {\n  line-height: 1.5;\n  text-align: center;\n}\n<\/style>\n\t<\/div>\n\t\n\n\t\t<\/div>\n\t\t\t\t\n<style>\n#col-1187261157 > .col-inner {\n  padding: 30px 0px 0px 0px;\n}\n<\/style>\n\t<\/div>\n\n\t\n\n<\/div>\n<div class=\"is-divider divider clearfix\" style=\"max-width:100%;height:1px;\"><\/div>\n\n<div class=\"row align-equal align-center\"  id=\"row-942421417\">\n\n\n\t<div id=\"col-736101026\" class=\"col medium-5 small-12 large-5\"  >\n\t\t\t\t<div class=\"col-inner text-left\"  >\n\t\t\t\n\t\t\t\n\n\t<div id=\"text-2383436632\" class=\"text\">\n\t\t\n\n<h2><span style=\"font-size: 80%;\">Monipuolinen l\u00e4mmitysratkaisu<\/span><\/h2>\n<p>TURBOMATIC on ihanteellinen l\u00e4mmitysj\u00e4rjestelm\u00e4 betonin valmistusyksik\u00f6iden erilaisiin l\u00e4mmitystarpeisiin, ja se toimii erinomaisesti kaikissa ilmasto-olosuhteissa.&nbsp;<\/p>\n<p>TURBOMATIC mahdollistaa betonin tuotannon my\u00f6s talvikuukausina, ja samalla energia-tehokkuutensa ansiosta l\u00e4mmitysj\u00e4rjestelm\u00e4 luo yrityksille merkitt\u00e4vi\u00e4 kustannuss\u00e4\u00e4st\u00f6j\u00e4.<\/p>\n<p>TURBOMATIC on merikonttiin rakennettu l\u00e4mp\u00f6yksikk\u00f6, joka tuottaa tehokkaasti ja nopeasti kaiken betonitehtaalla tarvittavan l\u00e4mm\u00f6n, ja jonka avulla voi hoitaa mm.:<\/p>\n<ul>\n<li>Lumen ja j\u00e4\u00e4n sulattamisen kiviaineksesta ilman manuaalista ty\u00f6t\u00e4<\/li>\n<li>Kiviaineksen l\u00e4mmitt\u00e4misen haluttuun l\u00e4mp\u00f6tilaan<\/li>\n<li>L\u00e4mpim\u00e4n annostelu- ja pesuveden tuottamisen tehtaalle ja betoniautoille<\/li>\n<li>Tuotanto- ja toimitilojen l\u00e4mmitt\u00e4misen ihanteelliseen l\u00e4mp\u00f6tilaan<\/li>\n<\/ul>\n\t\t\n<style>\n#text-2383436632 {\n  line-height: 1.5;\n}\n<\/style>\n\t<\/div>\n\t\n\n\t\t<\/div>\n\t\t\t\t\t<\/div>\n\n\t\n\n\t<div id=\"col-1625766477\" class=\"col medium-1 small-12 large-1\"  >\n\t\t\t\t<div class=\"col-inner text-left\"  >\n\t\t\t\n\t\t\t\n\n\n\t\t<\/div>\n\t\t\t\t\t<\/div>\n\n\t\n\n\t<div id=\"col-130897743\" class=\"col medium-5 small-12 large-5\"  >\n\t\t\t\t<div class=\"col-inner text-left\"  >\n\t\t\t\n\t\t\t\n\n\t<div id=\"text-1165334806\" class=\"text\">\n\t\t\n\n<h2><span style=\"font-size: 80%;\">TURBOMATIC l\u00e4mmitysj\u00e4rjestelm\u00e4 tarjoaa monia hy\u00f6tyj\u00e4<\/span><\/h2>\n<ul>\n<li>Betonitehtaalla voidaan valmistaa korkealaatuista betonia my\u00f6s talvisin ilman tuotannollisia katkoja<\/li>\n<li>Tuotantoeriss\u00e4 on aina optimaalinen vesi-sementtisuhde sek\u00e4 ihanteellinen valmistusl\u00e4mp\u00f6tila kaikissa s\u00e4\u00e4- ja ilmasto-olosuhteissa<\/li>\n<li>Ymp\u00e4rist\u00f6yst\u00e4v\u00e4llinen ratkaisu, joka ei aiheuta suoria p\u00e4\u00e4st\u00f6j\u00e4 ja jonka polttoainekulutus on eritt\u00e4in alhainen\n<ul>\n<li>80% polttoaines\u00e4\u00e4st\u00f6t ja 100% polttoainetehokkuus<\/li>\n<li>Yli 90% p\u00e4\u00e4st\u00f6v\u00e4hennykset, kun j\u00e4rjestelm\u00e4ss\u00e4 k\u00e4ytet\u00e4\u00e4n uusiutuvia polttoaineita<\/li>\n<\/ul>\n<\/li>\n<li>Alhaiset k\u00e4ytt\u00f6kustannukset: laitteiston k\u00e4ytt\u00f6\u00f6n ei tarvita nimettyj\u00e4 k\u00e4yt\u00f6nvalvojia eik\u00e4 l\u00e4mmityslaitteistoillemme vaadita m\u00e4\u00e4r\u00e4aikaistarkastuksia kuten esim. h\u00f6yrykattiloille.<\/li>\n<li>Alhaiset huoltokustannukset: j\u00e4rjestelm\u00e4 on suunniteltu ja valmistettu vaativiin olosuhteisiin eik\u00e4 esim. veden laadulle ole erityisvaatimuksia.<\/li>\n<li>J\u00e4rjestelm\u00e4 toimii automaattisesti tietokoneohjauksella, ja sen k\u00e4ytt\u00f6 on nopeaa, joustavaa ja vakaata.<\/li>\n<\/ul>\n<p>&nbsp;<\/p>\n\t\t\n<style>\n#text-1165334806 {\n  line-height: 1.5;\n}\n<\/style>\n\t<\/div>\n\t\n\n\t\t<\/div>\n\t\t\t\t\t<\/div>\n\n\t\n\n\n<style>\n#row-942421417 > .col > .col-inner {\n  padding: 20px 0px 0px 0px;\n}\n<\/style>\n<\/div>\n<div class=\"is-divider divider clearfix\" style=\"max-width:100%;height:1px;\"><\/div>\n\n<div class=\"row align-middle\"  id=\"row-1261673442\">\n\n\n\t<div id=\"col-1314600975\" class=\"col medium-6 small-12 large-6\"  >\n\t\t\t\t<div class=\"col-inner\"  >\n\t\t\t\n\t\t\t\n\n\t<div class=\"img has-hover x md-x lg-x y md-y lg-y\" id=\"image_105081239\">\n\t\t\t\t\t\t\t\t<div class=\"img-inner image-cover dark\" style=\"padding-top:56.25%;\">\n\t\t\t<img loading=\"lazy\" decoding=\"async\" width=\"1920\" height=\"1080\" src=\"https:\/\/www.polarmatic.com\/wp-content\/uploads\/2023\/03\/TURBOMATIC-ECO-container-2.png\" class=\"attachment-2048x2048 size-2048x2048\" alt=\"ecoTURBOMATIC heating solution\" srcset=\"https:\/\/www.polarmatic.com\/wp-content\/uploads\/2023\/03\/TURBOMATIC-ECO-container-2.png 1920w, https:\/\/www.polarmatic.com\/wp-content\/uploads\/2023\/03\/TURBOMATIC-ECO-container-2-300x169.png 300w, https:\/\/www.polarmatic.com\/wp-content\/uploads\/2023\/03\/TURBOMATIC-ECO-container-2-1024x576.png 1024w, https:\/\/www.polarmatic.com\/wp-content\/uploads\/2023\/03\/TURBOMATIC-ECO-container-2-768x432.png 768w, https:\/\/www.polarmatic.com\/wp-content\/uploads\/2023\/03\/TURBOMATIC-ECO-container-2-1536x864.png 1536w\" sizes=\"auto, (max-width: 1920px) 100vw, 1920px\" \/>\t\t\t\t\t\t\n\t\t\t\t\t<\/div>\n\t\t\t\t\t\t\t\t\n<style>\n#image_105081239 {\n  width: 80%;\n}\n<\/style>\n\t<\/div>\n\t\n\n\n\t\t<\/div>\n\t\t\t\t\t<\/div>\n\n\t\n\n\t<div id=\"col-1897075929\" class=\"col medium-6 small-12 large-6\"  >\n\t\t\t\t<div class=\"col-inner\"  >\n\t\t\t\n\t\t\t\n\n<h2>TURBOMATIC L\u00e4mp\u00f6energialaitos<\/h2>\n<p>Monipuolinen l\u00e4mmitysratkaisu betonitehtaille kiviaineksen, veden ja toimitilojen l\u00e4mmitykseen. Laaja mallivalikoima, josta l\u00f6ytyy paras ratkaisu jokaiseen tehtaaseen.&nbsp;&nbsp;<\/p>\n<p>&nbsp;<\/p>\n<a href=\"https:\/\/www.polarmatic.com\/fi\/ratkaisut\/turbomatic-lammitysratkaisut\/turbomatic-lampoenergialaitos\" class=\"button primary lowercase\" >\n\t\t<span>Lue lis\u00e4\u00e4<\/span>\n\t<\/a>\n\n\n\n\t\t<\/div>\n\t\t\t\t\t<\/div>\n\n\t\n\n\n<style>\n#row-1261673442 > .col > .col-inner {\n  padding: 30px 0px 0px 0px;\n}\n<\/style>\n<\/div>\n<div class=\"is-divider divider clearfix\" style=\"max-width:100%;height:1px;\"><\/div>\n\n<div class=\"row align-middle\"  id=\"row-1065511028\">\n\n\n\t<div id=\"col-887142267\" class=\"col medium-6 small-12 large-6\"  >\n\t\t\t\t<div class=\"col-inner\"  >\n\t\t\t\n\t\t\t\n\n\t<div id=\"text-2322380817\" class=\"text\">\n\t\t\n\n<div>\n<h2>TURBOMATIC TURBOh\u00f6yrygeneraattori<\/h2>\n<\/div>\n<div>\n<p>Erinomainen l\u00e4mmityslaitos vaativiin ilmastollisiin olosuhteisiin sek\u00e4 tehtaille, joissa tarvitaan ainoastaan kiviaineksen l\u00e4mmityst\u00e4.&nbsp;<\/p>\n<p>&nbsp;<\/p>\n<\/div>\n\t\t\n<style>\n#text-2322380817 {\n  line-height: 1.5;\n}\n<\/style>\n\t<\/div>\n\t\n<a href=\"https:\/\/www.polarmatic.com\/fi\/ratkaisut\/turbomatic-lammitysratkaisut\/turbomatic-turbohoyrygeneraattori\" class=\"button primary lowercase\" >\n\t\t<span>Lue lis\u00e4\u00e4<\/span>\n\t<\/a>\n\n\n\n\t\t<\/div>\n\t\t\t\t\t<\/div>\n\n\t\n\n\t<div id=\"col-238755049\" class=\"col medium-6 small-12 large-6 small-col-first\"  >\n\t\t\t\t<div class=\"col-inner\"  >\n\t\t\t\n\t\t\t\n\n\t<div class=\"img has-hover x md-x lg-x y md-y lg-y\" id=\"image_6211512\">\n\t\t\t\t\t\t\t\t<div class=\"img-inner image-cover dark\" style=\"padding-top:50%;margin:0px 0px 0px 0px;\">\n\t\t\t<img loading=\"lazy\" decoding=\"async\" width=\"1020\" height=\"535\" src=\"https:\/\/www.polarmatic.com\/wp-content\/uploads\/2023\/03\/TURBOsteam_generator-01-studio-1024x537.jpg\" class=\"attachment-large size-large\" alt=\"TURBOMATIC TURBOsteam Generator\" srcset=\"https:\/\/www.polarmatic.com\/wp-content\/uploads\/2023\/03\/TURBOsteam_generator-01-studio-1024x537.jpg 1024w, https:\/\/www.polarmatic.com\/wp-content\/uploads\/2023\/03\/TURBOsteam_generator-01-studio-300x157.jpg 300w, https:\/\/www.polarmatic.com\/wp-content\/uploads\/2023\/03\/TURBOsteam_generator-01-studio-768x402.jpg 768w, https:\/\/www.polarmatic.com\/wp-content\/uploads\/2023\/03\/TURBOsteam_generator-01-studio.jpg 1500w\" sizes=\"auto, (max-width: 1020px) 100vw, 1020px\" \/>\t\t\t\t\t\t\n\t\t\t\t\t<\/div>\n\t\t\t\t\t\t\t\t\n<style>\n#image_6211512 {\n  width: 80%;\n}\n<\/style>\n\t<\/div>\n\t\n\n\n\t\t<\/div>\n\t\t\t\t\t<\/div>\n\n\t\n\n\n<style>\n#row-1065511028 > .col > .col-inner {\n  padding: 30px 0px 0px 0px;\n}\n<\/style>\n<\/div>\n<div class=\"is-divider divider clearfix\" style=\"max-width:100%;height:1px;\"><\/div>\n\n<div class=\"row align-middle\"  id=\"row-344821450\">\n\n\n\t<div id=\"col-1978294406\" class=\"col medium-6 small-12 large-6\"  >\n\t\t\t\t<div class=\"col-inner\"  >\n\t\t\t\n\t\t\t\n\n\t<div class=\"img has-hover x md-x lg-x y md-y lg-y\" id=\"image_1796272882\">\n\t\t\t\t\t\t\t\t<div class=\"img-inner image-cover dark\" style=\"padding-top:50%;\">\n\t\t\t<img loading=\"lazy\" decoding=\"async\" width=\"1500\" height=\"734\" src=\"https:\/\/www.polarmatic.com\/wp-content\/uploads\/2023\/03\/TURBOwarm_water_Unit-01-studio.jpg\" class=\"attachment-2048x2048 size-2048x2048\" alt=\"TURBOMATIC Warm Water Unit\" srcset=\"https:\/\/www.polarmatic.com\/wp-content\/uploads\/2023\/03\/TURBOwarm_water_Unit-01-studio.jpg 1500w, https:\/\/www.polarmatic.com\/wp-content\/uploads\/2023\/03\/TURBOwarm_water_Unit-01-studio-300x147.jpg 300w, https:\/\/www.polarmatic.com\/wp-content\/uploads\/2023\/03\/TURBOwarm_water_Unit-01-studio-1024x501.jpg 1024w, https:\/\/www.polarmatic.com\/wp-content\/uploads\/2023\/03\/TURBOwarm_water_Unit-01-studio-768x376.jpg 768w\" sizes=\"auto, (max-width: 1500px) 100vw, 1500px\" \/>\t\t\t\t\t\t\n\t\t\t\t\t<\/div>\n\t\t\t\t\t\t\t\t\n<style>\n#image_1796272882 {\n  width: 80%;\n}\n<\/style>\n\t<\/div>\n\t\n\n\n\t\t<\/div>\n\t\t\t\t\t<\/div>\n\n\t\n\n\t<div id=\"col-1658644252\" class=\"col medium-6 small-12 large-6\"  >\n\t\t\t\t<div class=\"col-inner\"  >\n\t\t\t\n\t\t\t\n\n<div>\n<h2>TURBOMATIC L\u00e4mminvesiyksikk\u00f6<\/h2>\n<\/div>\n<div>\n<p>Tehokas l\u00e4mmitysj\u00e4rjestelm\u00e4 betonin tuotantoyksik\u00f6ihin, joissa tarvitaan vain l\u00e4mpim\u00e4n veden tuotantoa sek\u00e4 varastointia.&nbsp;<\/p>\n<p>&nbsp;<\/p>\n<\/div>\n<a href=\"https:\/\/www.polarmatic.com\/fi\/ratkaisut\/turbomatic-lammitysratkaisut\/turbomatic-lamminvesiyksikko\/\" class=\"button primary lowercase\" >\n\t\t<span>Lue lis\u00e4\u00e4<\/span>\n\t<\/a>\n\n\n\n\t\t<\/div>\n\t\t\t\t\t<\/div>\n\n\t\n\n\n<style>\n#row-344821450 > .col > .col-inner {\n  padding: 30px 0px 0px 0px;\n}\n<\/style>\n<\/div>\n<div class=\"is-divider divider clearfix\" style=\"max-width:100%;height:1px;\"><\/div>\n\n<div class=\"row align-middle\"  id=\"row-848212139\">\n\n\n\t<div id=\"col-1232612715\" class=\"col medium-6 small-12 large-6\"  >\n\t\t\t\t<div class=\"col-inner\"  >\n\t\t\t\n\t\t\t\n\n\t<div id=\"text-4244786065\" class=\"text\">\n\t\t\n\n<div>\n<h2>Yhdistetty l\u00e4mmitys- ja j\u00e4\u00e4hdytysratkaisu<\/h2>\n<\/div>\n<div>\n<p>Polarmatic Combi -laitteistojen avulla betonin valmistus tapahtuu aina ihanteellisissa l\u00e4mp\u00f6tilaolosuhteissa. Yhdistelm\u00e4laitos on suunniteltu erityisesti alueille, joissa talvet ovat viileit\u00e4 ja kes\u00e4p\u00e4iv\u00e4t helteisi\u00e4.&nbsp;<\/p>\n<p>&nbsp;<\/p>\n<\/div>\n\t\t\n<style>\n#text-4244786065 {\n  line-height: 1.5;\n}\n<\/style>\n\t<\/div>\n\t\n<a href=\"https:\/\/www.polarmatic.com\/fi\/ratkaisut\/turbomatic-lammitysratkaisut\/yhdistetty-lammitys-ja-jaahdytysratkaisu\" class=\"button primary lowercase\" >\n\t\t<span>Lue lis\u00e4\u00e4<\/span>\n\t<\/a>\n\n\n\n\t\t<\/div>\n\t\t\t\t\t<\/div>\n\n\t\n\n\t<div id=\"col-1408499503\" class=\"col medium-6 small-12 large-6 small-col-first\"  >\n\t\t\t\t<div class=\"col-inner\"  >\n\t\t\t\n\t\t\t\n\n\t<div class=\"img has-hover x md-x lg-x y md-y lg-y\" id=\"image_665348627\">\n\t\t\t\t\t\t\t\t<div class=\"img-inner image-cover dark\" style=\"padding-top:56.25%;\">\n\t\t\t<img loading=\"lazy\" decoding=\"async\" width=\"2048\" height=\"1381\" src=\"https:\/\/www.polarmatic.com\/wp-content\/uploads\/2023\/04\/CHILLER-Kontti-02-2048x1381.png\" class=\"attachment-2048x2048 size-2048x2048\" alt=\"Combined Heating and Cooling unit by Polarmatic\" srcset=\"https:\/\/www.polarmatic.com\/wp-content\/uploads\/2023\/04\/CHILLER-Kontti-02-2048x1381.png 2048w, https:\/\/www.polarmatic.com\/wp-content\/uploads\/2023\/04\/CHILLER-Kontti-02-300x202.png 300w, https:\/\/www.polarmatic.com\/wp-content\/uploads\/2023\/04\/CHILLER-Kontti-02-1024x691.png 1024w, https:\/\/www.polarmatic.com\/wp-content\/uploads\/2023\/04\/CHILLER-Kontti-02-768x518.png 768w, https:\/\/www.polarmatic.com\/wp-content\/uploads\/2023\/04\/CHILLER-Kontti-02-1536x1036.png 1536w\" sizes=\"auto, (max-width: 2048px) 100vw, 2048px\" \/>\t\t\t\t\t\t\n\t\t\t\t\t<\/div>\n\t\t\t\t\t\t\t\t\n<style>\n#image_665348627 {\n  width: 80%;\n}\n<\/style>\n\t<\/div>\n\t\n\n\n\t\t<\/div>\n\t\t\t\t\t<\/div>\n\n\t\n\n\n<style>\n#row-848212139 > .col > .col-inner {\n  padding: 30px 0px 0px 0px;\n}\n<\/style>\n<\/div>\n<div class=\"is-divider divider clearfix\" style=\"max-width:100%;height:1px;\"><\/div>\n\n<div class=\"row align-middle\"  id=\"row-1238603927\">\n\n\n\t<div id=\"col-1754146392\" class=\"col medium-2 small-12 large-2\"  >\n\t\t\t\t<div class=\"col-inner\"  >\n\t\t\t\n\t\t\t\n\n\t<div class=\"img has-hover x md-x lg-x y md-y lg-y\" id=\"image_1632255579\">\n\t\t\t\t\t\t\t\t<div class=\"img-inner image-cover dark\" style=\"padding-top:100%;\">\n\t\t\t<img loading=\"lazy\" decoding=\"async\" width=\"200\" height=\"200\" src=\"https:\/\/www.polarmatic.com\/wp-content\/uploads\/2023\/04\/Download-icon.png\" class=\"attachment-2048x2048 size-2048x2048\" alt=\"\" srcset=\"https:\/\/www.polarmatic.com\/wp-content\/uploads\/2023\/04\/Download-icon.png 200w, https:\/\/www.polarmatic.com\/wp-content\/uploads\/2023\/04\/Download-icon-150x150.png 150w\" sizes=\"auto, (max-width: 200px) 100vw, 200px\" \/>\t\t\t\t\t\t\n\t\t\t\t\t<\/div>\n\t\t\t\t\t\t\t\t\n<style>\n#image_1632255579 {\n  width: 80%;\n}\n<\/style>\n\t<\/div>\n\t\n\n\n\t\t<\/div>\n\t\t\t\t\t<\/div>\n\n\t\n\n\t<div id=\"col-1909918740\" class=\"col medium-6 small-12 large-6\"  >\n\t\t\t\t<div class=\"col-inner\"  >\n\t\t\t\n\t\t\t\n\n<div>\n<h2>TURBOMATIC -esite<\/h2>\n<\/div>\n<div>\n<p>Tilaa TURBOMATIC -esite s\u00e4hk\u00f6postiisi alla olevasta linkist\u00e4.<\/p>\n<p>&nbsp;<\/p>\n<\/div>\n<a href=\"https:\/\/www.polarmatic.com\/fi\/ratkaisut\/turbomatic-lammitysratkaisut\/turbomatic-tuote-esite\" class=\"button primary lowercase\" >\n\t\t<span>Tilaa esite<\/span>\n\t<\/a>\n\n\n\n\t\t<\/div>\n\t\t\t\t\t<\/div>\n\n\t\n\n\n<style>\n#row-1238603927 > .col > .col-inner {\n  padding: 60px 0px 0px 0px;\n}\n<\/style>\n<\/div>\n\n","protected":false},"excerpt":{"rendered":"","protected":false},"author":1,"featured_media":0,"parent":2209,"menu_order":1,"comment_status":"closed","ping_status":"closed","template":"","meta":{"_acf_changed":false,"footnotes":""},"class_list":["post-6402","page","type-page","status-publish","hentry"],"acf":[],"_links":{"self":[{"href":"https:\/\/www.polarmatic.com\/fi\/wp-json\/wp\/v2\/pages\/6402","targetHints":{"allow":["GET"]}}],"collection":[{"href":"https:\/\/www.polarmatic.com\/fi\/wp-json\/wp\/v2\/pages"}],"about":[{"href":"https:\/\/www.polarmatic.com\/fi\/wp-json\/wp\/v2\/types\/page"}],"author":[{"embeddable":true,"href":"https:\/\/www.polarmatic.com\/fi\/wp-json\/wp\/v2\/users\/1"}],"replies":[{"embeddable":true,"href":"https:\/\/www.polarmatic.com\/fi\/wp-json\/wp\/v2\/comments?post=6402"}],"version-history":[{"count":10,"href":"https:\/\/www.polarmatic.com\/fi\/wp-json\/wp\/v2\/pages\/6402\/revisions"}],"predecessor-version":[{"id":8156,"href":"https:\/\/www.polarmatic.com\/fi\/wp-json\/wp\/v2\/pages\/6402\/revisions\/8156"}],"up":[{"embeddable":true,"href":"https:\/\/www.polarmatic.com\/fi\/wp-json\/wp\/v2\/pages\/2209"}],"wp:attachment":[{"href":"https:\/\/www.polarmatic.com\/fi\/wp-json\/wp\/v2\/media?parent=6402"}],"curies":[{"name":"wp","href":"https:\/\/api.w.org\/{rel}","templated":true}]}}