{"id":6460,"date":"2023-02-24T13:12:18","date_gmt":"2023-02-24T11:12:18","guid":{"rendered":"https:\/\/www.polarmatic.com\/?page_id=6460"},"modified":"2024-01-05T10:32:45","modified_gmt":"2024-01-05T08:32:45","slug":"standardturbomatic","status":"publish","type":"page","link":"https:\/\/www.polarmatic.com\/fi\/ratkaisut\/turbomatic-lammitysratkaisut\/turbomatic-lampoenergialaitos\/standardturbomatic\/","title":{"rendered":"standardTURBOMATIC (STD)"},"content":{"rendered":"\n<div class=\"row\"  id=\"row-11642136\">\n\n\n\t<div id=\"col-675190923\" class=\"col small-12 large-12\"  >\n\t\t\t\t<div class=\"col-inner\"  >\n\t\t\t\n\t\t\t\n\n\t\t<div class=\"pm-breadcrumbs\">\n\t\t\t\t\n\n<span><span><a href=\"https:\/\/www.polarmatic.com\/fi\/\">Home<\/a><\/span><\/span>\n\t\t<\/div>\n\t\n\n\t\t<\/div>\n\t\t\t\t\t<\/div>\n\n\t\n\n<\/div>\n<div class=\"row\"  id=\"row-1337646966\">\n\n\n\t<div id=\"col-1930887176\" class=\"col medium-6 small-12 large-6\"  >\n\t\t\t\t<div class=\"col-inner\"  >\n\t\t\t\n\t\t\t\n\n\t<div id=\"text-2505230629\" class=\"text\">\n\t\t\n\n<h1>standardTURBOMATIC (STD)<\/h1>\n<p>&nbsp;<\/p>\n<p><span style=\"color: #000000;\">TURBOMATIC STD l\u00e4mmitysj\u00e4rjestelm\u00e4\u00e4 k\u00e4ytet\u00e4\u00e4n p\u00e4\u00e4s\u00e4\u00e4nt\u00f6isesti kohteissa, jotka sijaitsevat viileill\u00e4 tai kylmill\u00e4 ilmastovy\u00f6hykkeill\u00e4 sek\u00e4 kohteissa, joissa tarvitaan kohtalaista tai korkeaa l\u00e4mmitystehoa.&nbsp;<\/span><\/p>\n<p>&nbsp;<\/p>\n<h2><span style=\"color: #3a5dae; font-size: 75%;\">K\u00e4ytt\u00f6kohteet<\/span><\/h2>\n<ul>\n<li><span style=\"color: #000000;\">Valmisbetoniasemat viileill\u00e4 ja kylmill\u00e4 alueilla<\/span><\/li>\n<\/ul>\n<h2><span style=\"font-size: 75%; color: #3a5dae;\">Perustoiminnot<\/span><\/h2>\n<ul>\n<li><span style=\"color: #000000;\">Kiviaineksen l\u00e4mmitys TURBOkaasulla tai -h\u00f6yryll\u00e4&nbsp;<\/span><\/li>\n<li><span style=\"color: #000000;\">L\u00e4mpim\u00e4n annosteluveden tuottaminen<\/span><\/li>\n<\/ul>\n<h2><span style=\"font-size: 75%; color: #3a5dae;\">Lis\u00e4toiminnot<\/span><\/h2>\n<ul>\n<li><span style=\"color: #000000;\">Betoniaseman tuotanto- ja toimitilojen l\u00e4mmitys&nbsp;<\/span><\/li>\n<li><span style=\"color: #000000;\">L\u00e4mpim\u00e4n pesu- ja k\u00e4ytt\u00f6veden tuottaminen&nbsp;<\/span><\/li>\n<li><span style=\"color: #000000;\">L\u00e4mpim\u00e4n veden tuottaminen betoniautojen pesuun ja t\u00e4ytt\u00f6\u00f6n<\/span><\/li>\n<\/ul>\n\t\t\n<style>\n#text-2505230629 {\n  line-height: 1.5;\n}\n<\/style>\n\t<\/div>\n\t\n\n\t\t<\/div>\n\t\t\t\t\t<\/div>\n\n\t\n\n\t<div id=\"col-1983555158\" class=\"col medium-6 small-12 large-6\"  >\n\t\t\t\t<div class=\"col-inner\"  >\n\t\t\t\n\t\t\t\n\n\n  \n    <div id=\"gallery-1254634065\" class=\"slider slider-auto-height row-collapse slider-nav-circle\" data-flickity-options='{&quot;imagesLoaded&quot;: true, &quot;dragThreshold&quot; : 5, &quot;cellAlign&quot;: &quot;left&quot;,&quot;wrapAround&quot;: true,&quot;prevNextButtons&quot;: true,&quot;percentPosition&quot;: true,&quot;pageDots&quot;: true, &quot;rightToLeft&quot;: false, &quot;autoPlay&quot; : 6000}'>\n\n  <div class=\"gallery-col col\" >\n          <div class=\"col-inner\">\n            <a class=\"image-lightbox lightbox-gallery\" href=\"https:\/\/www.polarmatic.com\/wp-content\/uploads\/2023\/03\/TURBOMATIC-STD-AT-container-2.png\" title=\"standard TURBOMATIC\">            <div class=\"box has-hover gallery-box box-normal\">\n              <div class=\"box-image\" >\n                <img loading=\"lazy\" decoding=\"async\" width=\"1920\" height=\"1080\" src=\"https:\/\/www.polarmatic.com\/wp-content\/uploads\/2023\/03\/TURBOMATIC-STD-AT-container-2.png\" class=\"attachment-2048x2048 size-2048x2048\" alt=\"TURBOMATIC STD AT container 2\" ids=\"3534,3546,5466,5460,4380\" style=\"normal\" lightbox_image_size=\"2048x2048\" type=\"slider-full\" slider_nav_style=\"circle\" slider_nav_color=\"light\" slider_bullets=\"true\" auto_slide=\"6000\" image_size=\"2048x2048\" text_align=\"right\" text_padding=\"15px 30px 15px 30px\" srcset=\"https:\/\/www.polarmatic.com\/wp-content\/uploads\/2023\/03\/TURBOMATIC-STD-AT-container-2.png 1920w, https:\/\/www.polarmatic.com\/wp-content\/uploads\/2023\/03\/TURBOMATIC-STD-AT-container-2-300x169.png 300w, https:\/\/www.polarmatic.com\/wp-content\/uploads\/2023\/03\/TURBOMATIC-STD-AT-container-2-1024x576.png 1024w, https:\/\/www.polarmatic.com\/wp-content\/uploads\/2023\/03\/TURBOMATIC-STD-AT-container-2-768x432.png 768w, https:\/\/www.polarmatic.com\/wp-content\/uploads\/2023\/03\/TURBOMATIC-STD-AT-container-2-1536x864.png 1536w\" sizes=\"auto, (max-width: 1920px) 100vw, 1920px\" \/>                                                              <\/div>\n              <div class=\"box-text text-right\" style=\"padding:15px 30px 15px 30px;\">\n                 <p>standard TURBOMATIC<\/p>\n              <\/div>\n            <\/div>\n            <\/a>          <\/div>\n         <\/div><div class=\"gallery-col col\" >\n          <div class=\"col-inner\">\n            <a class=\"image-lightbox lightbox-gallery\" href=\"https:\/\/www.polarmatic.com\/wp-content\/uploads\/2023\/03\/TURBOMATIC-STD-AT6-container-2.png\" title=\"standardTURBOMATIC\">            <div class=\"box has-hover gallery-box box-normal\">\n              <div class=\"box-image\" >\n                <img loading=\"lazy\" decoding=\"async\" width=\"1920\" height=\"1080\" src=\"https:\/\/www.polarmatic.com\/wp-content\/uploads\/2023\/03\/TURBOMATIC-STD-AT6-container-2.png\" class=\"attachment-2048x2048 size-2048x2048\" alt=\"TURBOMATIC STD AT6 container 2\" ids=\"3534,3546,5466,5460,4380\" style=\"normal\" lightbox_image_size=\"2048x2048\" type=\"slider-full\" slider_nav_style=\"circle\" slider_nav_color=\"light\" slider_bullets=\"true\" auto_slide=\"6000\" image_size=\"2048x2048\" text_align=\"right\" text_padding=\"15px 30px 15px 30px\" srcset=\"https:\/\/www.polarmatic.com\/wp-content\/uploads\/2023\/03\/TURBOMATIC-STD-AT6-container-2.png 1920w, https:\/\/www.polarmatic.com\/wp-content\/uploads\/2023\/03\/TURBOMATIC-STD-AT6-container-2-300x169.png 300w, https:\/\/www.polarmatic.com\/wp-content\/uploads\/2023\/03\/TURBOMATIC-STD-AT6-container-2-1024x576.png 1024w, https:\/\/www.polarmatic.com\/wp-content\/uploads\/2023\/03\/TURBOMATIC-STD-AT6-container-2-768x432.png 768w, https:\/\/www.polarmatic.com\/wp-content\/uploads\/2023\/03\/TURBOMATIC-STD-AT6-container-2-1536x864.png 1536w\" sizes=\"auto, (max-width: 1920px) 100vw, 1920px\" \/>                                                              <\/div>\n              <div class=\"box-text text-right\" style=\"padding:15px 30px 15px 30px;\">\n                 <p>standardTURBOMATIC<\/p>\n              <\/div>\n            <\/div>\n            <\/a>          <\/div>\n         <\/div><div class=\"gallery-col col\" >\n          <div class=\"col-inner\">\n            <a class=\"image-lightbox lightbox-gallery\" href=\"https:\/\/www.polarmatic.com\/wp-content\/uploads\/2023\/04\/STD-halkileikkaus-2048x1152.png\" title=\"standardTURBOMATIC\">            <div class=\"box has-hover gallery-box box-normal\">\n              <div class=\"box-image\" >\n                <img loading=\"lazy\" decoding=\"async\" width=\"2048\" height=\"1152\" src=\"https:\/\/www.polarmatic.com\/wp-content\/uploads\/2023\/04\/STD-halkileikkaus-2048x1152.png\" class=\"attachment-2048x2048 size-2048x2048\" alt=\"standardTURBOMATIC\" ids=\"3534,3546,5466,5460,4380\" style=\"normal\" lightbox_image_size=\"2048x2048\" type=\"slider-full\" slider_nav_style=\"circle\" slider_nav_color=\"light\" slider_bullets=\"true\" auto_slide=\"6000\" image_size=\"2048x2048\" text_align=\"right\" text_padding=\"15px 30px 15px 30px\" srcset=\"https:\/\/www.polarmatic.com\/wp-content\/uploads\/2023\/04\/STD-halkileikkaus-2048x1152.png 2048w, https:\/\/www.polarmatic.com\/wp-content\/uploads\/2023\/04\/STD-halkileikkaus-300x169.png 300w, https:\/\/www.polarmatic.com\/wp-content\/uploads\/2023\/04\/STD-halkileikkaus-1024x576.png 1024w, https:\/\/www.polarmatic.com\/wp-content\/uploads\/2023\/04\/STD-halkileikkaus-768x432.png 768w, https:\/\/www.polarmatic.com\/wp-content\/uploads\/2023\/04\/STD-halkileikkaus-1536x864.png 1536w\" sizes=\"auto, (max-width: 2048px) 100vw, 2048px\" \/>                                                              <\/div>\n              <div class=\"box-text text-right\" style=\"padding:15px 30px 15px 30px;\">\n                 <p>standardTURBOMATIC<\/p>\n              <\/div>\n            <\/div>\n            <\/a>          <\/div>\n         <\/div><div class=\"gallery-col col\" >\n          <div class=\"col-inner\">\n            <a class=\"image-lightbox lightbox-gallery\" href=\"https:\/\/www.polarmatic.com\/wp-content\/uploads\/2023\/04\/STD-Kehikko-2048x1280.png\" title=\"standardTURBOMATIC kehikkoversio\">            <div class=\"box has-hover gallery-box box-normal\">\n              <div class=\"box-image\" >\n                <img loading=\"lazy\" decoding=\"async\" width=\"2048\" height=\"1280\" src=\"https:\/\/www.polarmatic.com\/wp-content\/uploads\/2023\/04\/STD-Kehikko-2048x1280.png\" class=\"attachment-2048x2048 size-2048x2048\" alt=\"standardTURBOMATIC rack assembly\" ids=\"3534,3546,5466,5460,4380\" style=\"normal\" lightbox_image_size=\"2048x2048\" type=\"slider-full\" slider_nav_style=\"circle\" slider_nav_color=\"light\" slider_bullets=\"true\" auto_slide=\"6000\" image_size=\"2048x2048\" text_align=\"right\" text_padding=\"15px 30px 15px 30px\" srcset=\"https:\/\/www.polarmatic.com\/wp-content\/uploads\/2023\/04\/STD-Kehikko-2048x1280.png 2048w, https:\/\/www.polarmatic.com\/wp-content\/uploads\/2023\/04\/STD-Kehikko-300x188.png 300w, https:\/\/www.polarmatic.com\/wp-content\/uploads\/2023\/04\/STD-Kehikko-1024x640.png 1024w, https:\/\/www.polarmatic.com\/wp-content\/uploads\/2023\/04\/STD-Kehikko-768x480.png 768w, https:\/\/www.polarmatic.com\/wp-content\/uploads\/2023\/04\/STD-Kehikko-1536x960.png 1536w\" sizes=\"auto, (max-width: 2048px) 100vw, 2048px\" \/>                                                              <\/div>\n              <div class=\"box-text text-right\" style=\"padding:15px 30px 15px 30px;\">\n                 <p>standardTURBOMATIC kehikkoversio<\/p>\n              <\/div>\n            <\/div>\n            <\/a>          <\/div>\n         <\/div><div class=\"gallery-col col\" >\n          <div class=\"col-inner\">\n            <a class=\"image-lightbox lightbox-gallery\" href=\"https:\/\/www.polarmatic.com\/wp-content\/uploads\/2023\/03\/Heating-stdTURBOMATIC-EN.jpg\" title=\"standardTURBOMATIC\">            <div class=\"box has-hover gallery-box box-normal\">\n              <div class=\"box-image\" >\n                <img loading=\"lazy\" decoding=\"async\" width=\"1500\" height=\"1159\" src=\"https:\/\/www.polarmatic.com\/wp-content\/uploads\/2023\/03\/Heating-stdTURBOMATIC-EN.jpg\" class=\"attachment-2048x2048 size-2048x2048\" alt=\"Flow chart standardTURBOMATIC\" ids=\"3534,3546,5466,5460,4380\" style=\"normal\" lightbox_image_size=\"2048x2048\" type=\"slider-full\" slider_nav_style=\"circle\" slider_nav_color=\"light\" slider_bullets=\"true\" auto_slide=\"6000\" image_size=\"2048x2048\" text_align=\"right\" text_padding=\"15px 30px 15px 30px\" srcset=\"https:\/\/www.polarmatic.com\/wp-content\/uploads\/2023\/03\/Heating-stdTURBOMATIC-EN.jpg 1500w, https:\/\/www.polarmatic.com\/wp-content\/uploads\/2023\/03\/Heating-stdTURBOMATIC-EN-300x232.jpg 300w, https:\/\/www.polarmatic.com\/wp-content\/uploads\/2023\/03\/Heating-stdTURBOMATIC-EN-1024x791.jpg 1024w, https:\/\/www.polarmatic.com\/wp-content\/uploads\/2023\/03\/Heating-stdTURBOMATIC-EN-768x593.jpg 768w\" sizes=\"auto, (max-width: 1500px) 100vw, 1500px\" \/>                                                              <\/div>\n              <div class=\"box-text text-right\" style=\"padding:15px 30px 15px 30px;\">\n                 <p>standardTURBOMATIC<\/p>\n              <\/div>\n            <\/div>\n            <\/a>          <\/div>\n         <\/div><\/div>\n\n\n\t\t<\/div>\n\t\t\t\t\t<\/div>\n\n\t\n\n<\/div>\n<div class=\"is-divider divider clearfix\" style=\"max-width:100%;height:1px;\"><\/div>\n\n<div class=\"row\"  id=\"row-213064954\">\n\n\n\t<div id=\"col-627331751\" class=\"col small-12 large-12\"  >\n\t\t\t\t<div class=\"col-inner\"  >\n\t\t\t\n\t\t\t\n\n\t<div id=\"text-1394064023\" class=\"text\">\n\t\t\n\n<h2>standardTURBOMATIC mallit<\/h2>\n<p>&nbsp;<\/p>\n\t\t\n<style>\n#text-1394064023 {\n  line-height: 1.5;\n}\n<\/style>\n\t<\/div>\n\t\n\t\t<div class=\"pm-product-specs\">\n\t\t\t\t\n\n\n<div id=\"tablepress-14-scroll-wrapper\" class=\"tablepress-scroll-wrapper\">\n<table id=\"tablepress-14\" class=\"tablepress tablepress-id-14 tablepress-responsive tbody-has-connected-cells\">\n<thead>\n<tr class=\"row-1\">\n\t<th class=\"column-1\"><strong>PME-STD 750<\/strong><\/th><th class=\"column-2\"><strong>PME-STD 1000<\/strong><\/th><th class=\"column-3\"><strong>PME-STD 1250<\/strong><\/th><th class=\"column-4\"><strong>PME-STD 1500<\/strong><\/th><th class=\"column-5\"><strong>PME-STD 2000<\/strong><\/th><th class=\"column-6\"><strong>PME-STD 2500<\/strong><\/th>\n<\/tr>\n<\/thead>\n<tbody class=\"row-striping row-hover\">\n<tr class=\"row-2\">\n\t<td colspan=\"6\" class=\"column-1\"><h3>Teho<\/h3><\/td>\n<\/tr>\n<tr class=\"row-3\">\n\t<td class=\"column-1\"><strong>750 <span class=\"unit\">kW<\/span><\/strong><\/td><td class=\"column-2\"><strong>1000 <span class=\"unit\">kW<\/span><\/strong><\/td><td class=\"column-3\"><strong>1250 <span class=\"unit\">kW<\/span><\/strong><\/td><td class=\"column-4\"><strong>1500 <span class=\"unit\">kW<\/span><\/strong><\/td><td class=\"column-5\"><strong>2000 <span class=\"unit\">kW<\/span><\/strong><\/td><td class=\"column-6\"><strong>2500 <span class=\"unit\">kW<\/span><\/strong><\/td>\n<\/tr>\n<tr class=\"row-4\">\n\t<td class=\"column-1\">kiviainesta<br\/> 75...525 kW<br\/> <br\/> vett\u00e4<br\/> 225...675 kW<\/td><td class=\"column-2\">kiviainesta <br\/> 100...700 kW<br\/> <br\/> vett\u00e4<br\/> 300...900 kW<\/td><td class=\"column-3\">kiviainesta <br\/> 125...875 kW<br\/> <br\/> vett\u00e4<br\/> 375...1125 kW<\/td><td class=\"column-4\">kiviainesta<br\/> 150...1050 kW<br\/> <br\/> vett\u00e4<br\/> 450...1350 kW<\/td><td class=\"column-5\">kiviainesta<br\/> 200...1400 kW<br\/> <br\/> vett\u00e4<br\/> 600...1800 kW<\/td><td class=\"column-6\">kiviainesta<br\/> 250...1750 kW<br\/> <br\/> vett\u00e4<br\/> 750...2250 kW<\/td>\n<\/tr>\n<tr class=\"row-5\">\n\t<td colspan=\"6\" class=\"column-1\"><h3>Polttoaine:<\/h3><\/td>\n<\/tr>\n<tr class=\"row-6\">\n\t<td colspan=\"6\" class=\"column-1\"><strong>Kevyt poltto\u00f6ljy, biodiesel<\/strong><\/td>\n<\/tr>\n<tr class=\"row-7\">\n\t<td class=\"column-1\">75 <span class=\"unit\">l\/h<\/span><\/td><td class=\"column-2\">100 <span class=\"unit\">l\/h<\/span><\/td><td class=\"column-3\">125 <span class=\"unit\">l\/h<\/span><\/td><td class=\"column-4\">150 <span class=\"unit\">l\/h<\/span><\/td><td class=\"column-5\">200 <span class=\"unit\">l\/h<\/span><\/td><td class=\"column-6\">250 <span class=\"unit\">l\/h<\/span><\/td>\n<\/tr>\n<tr class=\"row-8\">\n\t<td colspan=\"6\" class=\"column-1\"><strong>Maakaasu<\/strong><\/td>\n<\/tr>\n<tr class=\"row-9\">\n\t<td class=\"column-1\">75 <span class=\"unit\">m\u00b3n\/h<\/span><\/td><td class=\"column-2\">100 <span class=\"unit\">m\u00b3n\/h<\/span><\/td><td class=\"column-3\">125 <span class=\"unit\">m\u00b3n\/h<\/span><\/td><td class=\"column-4\">150 <span class=\"unit\">m\u00b3n\/h<\/span><\/td><td class=\"column-5\">200 <span class=\"unit\">m\u00b3n\/h<\/span><\/td><td class=\"column-6\">250 <span class=\"unit\">m\u00b3n\/h<\/span><\/td>\n<\/tr>\n<tr class=\"row-10\">\n\t<td colspan=\"6\" class=\"column-1\">Kaasun paine min 0,8 bar (g)<\/td>\n<\/tr>\n<tr class=\"row-11\">\n\t<td colspan=\"6\" class=\"column-1\"><p><strong>Optiot<\/strong><\/p><ul><li>Turbokontin sis\u00e4\u00e4n rakennettu polttoaines\u00e4ili\u00f6 (tilavuus 4 000 l\/20' kontissa tai\u00a010 000 l\/40' kontissa); s\u00e4ili\u00f6 erotettu muusta tilasta palomuurilla ja siin\u00e4 on vaadittavat turvavarusteet<\/li><li>Kombi-polttimen asennus mahdollistaa, ett\u00e4 laite voi toimia kevyell\u00e4 poltto\u00f6ljyll\u00e4 tai maakaasulla<\/li><li>Kaasupoltin propaanille tai muulle kaasutyypille<\/li><\/ul><\/td>\n<\/tr>\n<tr class=\"row-12\">\n\t<td colspan=\"6\" class=\"column-1\"><strong>HUOM! Todellinen polttoaineen kulutus on huomattavasti pienempi kuin kulutus nimellisteholla<\/strong><\/td>\n<\/tr>\n<tr class=\"row-13\">\n\t<td colspan=\"6\" class=\"column-1\"><h3>Rakenne \/ Asettelu<\/h3><\/td>\n<\/tr>\n<tr class=\"row-14\">\n\t<td colspan=\"6\" class=\"column-1\"><p><strong>TURBOkontti<\/strong><\/p><ul><li>Ulkok\u00e4ytt\u00f6\u00f6n l\u00e4mp\u00f6eristetty<\/li><li>Sivulla kulkuovi<\/li><li>Standardikontti 20'(P 6050 x L 2438 x K 2592 mm) tai 40' (P 12192 x L 2438 x K 2592 mm); saatavilla my\u00f6s muita konttikokoja asiakkaan tarpeiden mukaan<\/li><\/ul><p><strong>Kehikkomalli<\/strong><\/p><ul><li>Sis\u00e4tila-asennuksiin<\/li><li>Kehikon mitat (P 5000 x L 2120 x K 2400 mm); kehikkoja saatavilla my\u00f6s muilla mitoituksilla asiakkaan tarpeiden mukaan<\/li><\/ul><\/td>\n<\/tr>\n<\/tbody>\n<\/table>\n<\/div>\n<!-- #tablepress-14 from cache -->\n\t\t<\/div>\n\t\n\n\t\t<\/div>\n\t\t\t\t\t<\/div>\n\n\t\n\n<\/div>\n","protected":false},"excerpt":{"rendered":"","protected":false},"author":1,"featured_media":0,"parent":6452,"menu_order":1,"comment_status":"closed","ping_status":"closed","template":"","meta":{"_acf_changed":false,"footnotes":""},"class_list":["post-6460","page","type-page","status-publish","hentry"],"acf":[],"_links":{"self":[{"href":"https:\/\/www.polarmatic.com\/fi\/wp-json\/wp\/v2\/pages\/6460","targetHints":{"allow":["GET"]}}],"collection":[{"href":"https:\/\/www.polarmatic.com\/fi\/wp-json\/wp\/v2\/pages"}],"about":[{"href":"https:\/\/www.polarmatic.com\/fi\/wp-json\/wp\/v2\/types\/page"}],"author":[{"embeddable":true,"href":"https:\/\/www.polarmatic.com\/fi\/wp-json\/wp\/v2\/users\/1"}],"replies":[{"embeddable":true,"href":"https:\/\/www.polarmatic.com\/fi\/wp-json\/wp\/v2\/comments?post=6460"}],"version-history":[{"count":10,"href":"https:\/\/www.polarmatic.com\/fi\/wp-json\/wp\/v2\/pages\/6460\/revisions"}],"predecessor-version":[{"id":7028,"href":"https:\/\/www.polarmatic.com\/fi\/wp-json\/wp\/v2\/pages\/6460\/revisions\/7028"}],"up":[{"embeddable":true,"href":"https:\/\/www.polarmatic.com\/fi\/wp-json\/wp\/v2\/pages\/6452"}],"wp:attachment":[{"href":"https:\/\/www.polarmatic.com\/fi\/wp-json\/wp\/v2\/media?parent=6460"}],"curies":[{"name":"wp","href":"https:\/\/api.w.org\/{rel}","templated":true}]}}