{"id":6478,"date":"2023-02-24T13:45:08","date_gmt":"2023-02-24T11:45:08","guid":{"rendered":"https:\/\/www.polarmatic.com\/?page_id=6478"},"modified":"2024-01-05T10:34:20","modified_gmt":"2024-01-05T08:34:20","slug":"maxturbomatic","status":"publish","type":"page","link":"https:\/\/www.polarmatic.com\/fi\/ratkaisut\/turbomatic-lammitysratkaisut\/turbomatic-lampoenergialaitos\/maxturbomatic\/","title":{"rendered":"maxTURBOMATIC (MAX)"},"content":{"rendered":"\n<div class=\"row\"  id=\"row-1017524757\">\n\n\n\t<div id=\"col-1616312922\" class=\"col small-12 large-12\"  >\n\t\t\t\t<div class=\"col-inner\"  >\n\t\t\t\n\t\t\t\n\n\t\t<div class=\"pm-breadcrumbs\">\n\t\t\t\t\n\n<span><span><a href=\"https:\/\/www.polarmatic.com\/fi\/\">Home<\/a><\/span><\/span>\n\t\t<\/div>\n\t\n\n\t\t<\/div>\n\t\t\t\t\t<\/div>\n\n\t\n\n<\/div>\n<div class=\"row\"  id=\"row-2122957735\">\n\n\n\t<div id=\"col-700290276\" class=\"col medium-6 small-12 large-6\"  >\n\t\t\t\t<div class=\"col-inner\"  >\n\t\t\t\n\t\t\t\n\n\t<div id=\"text-3684203003\" class=\"text\">\n\t\t\n\n<h1>maxTURBOMATIC (MAX)<br><br><\/h1>\n<p>TURBOMATIC MAX on l\u00e4mmitysj\u00e4rjestelm\u00e4, joka on kehitetty vastaamaan betonin ja betonituotteiden valmistajien l\u00e4mmitystarpeisiin kylmill\u00e4 ja arktisilla alueilla, sek\u00e4 tehtailla, joissa tarvitaan suuritehoista ja jatkuvaa kiviaineksen ja\/tai veden l\u00e4mmityst\u00e4.&nbsp;<\/p>\n<p>&nbsp;<\/p>\n<h2><span style=\"color: #3a5dae; font-size: 75%;\">K\u00e4ytt\u00f6kohteet<\/span><\/h2>\n<ul>\n<li>Isot betonin tuotantoyksik\u00f6t, esim. betonielementtitehtaat sek\u00e4 betoniasemat \u00e4\u00e4rimm\u00e4isiss\u00e4 ilmasto-oloissa.<\/li>\n<\/ul>\n<h2><span style=\"font-size: 75%; color: #3a5dae;\">Perustoiminnot<\/span><\/h2>\n<ul>\n<li>Kiviaineksen l\u00e4mmitys TURBOkaasulla tai -h\u00f6yryll\u00e4<\/li>\n<li>L\u00e4mpim\u00e4n annosteluveden tuottaminen<\/li>\n<\/ul>\n<h2><span style=\"font-size: 75%; color: #3a5dae;\">Lis\u00e4toiminnot<\/span><\/h2>\n<ul>\n<li>Betoniaseman tuotanto- ja toimitilojen l\u00e4mmitys&nbsp;<\/li>\n<li>L\u00e4mpim\u00e4n pesu- ja k\u00e4ytt\u00f6veden tuottaminen&nbsp;<\/li>\n<li>L\u00e4mpim\u00e4n veden tuottaminen betoniautojen t\u00e4ytt\u00f6\u00f6n&nbsp;<\/li>\n<li>Betonituotteiden kypsytys<\/li>\n<\/ul>\n\t\t\n<style>\n#text-3684203003 {\n  line-height: 1.5;\n}\n<\/style>\n\t<\/div>\n\t\n\n\t\t<\/div>\n\t\t\t\t\t<\/div>\n\n\t\n\n\t<div id=\"col-401308080\" class=\"col medium-6 small-12 large-6\"  >\n\t\t\t\t<div class=\"col-inner\"  >\n\t\t\t\n\t\t\t\n\n\n  \n    <div id=\"gallery-121612474\" class=\"slider slider-auto-height row-collapse slider-nav-circle\" data-flickity-options='{&quot;imagesLoaded&quot;: true, &quot;dragThreshold&quot; : 5, &quot;cellAlign&quot;: &quot;left&quot;,&quot;wrapAround&quot;: true,&quot;prevNextButtons&quot;: true,&quot;percentPosition&quot;: true,&quot;pageDots&quot;: true, &quot;rightToLeft&quot;: false, &quot;autoPlay&quot; : 6000}'>\n\n  <div class=\"gallery-col col\" >\n          <div class=\"col-inner\">\n            <a class=\"image-lightbox lightbox-gallery\" href=\"https:\/\/www.polarmatic.com\/wp-content\/uploads\/2023\/03\/TURBOMATIC-MAX-A12-container-1.png\" title=\"maxTURBOMATIC\">            <div class=\"box has-hover gallery-box box-default\">\n              <div class=\"box-image\" >\n                <img loading=\"lazy\" decoding=\"async\" width=\"1920\" height=\"1080\" src=\"https:\/\/www.polarmatic.com\/wp-content\/uploads\/2023\/03\/TURBOMATIC-MAX-A12-container-1.png\" class=\"attachment-2048x2048 size-2048x2048\" alt=\"TURBOMATIC MAX A12 container\" ids=\"3562,3646,4386\" style=\"default\" lightbox_image_size=\"2048x2048\" type=\"slider-full\" slider_nav_style=\"circle\" slider_bullets=\"true\" auto_slide=\"6000\" image_size=\"2048x2048\" text_align=\"right\" text_padding=\"15px 30px 15px 30px\" srcset=\"https:\/\/www.polarmatic.com\/wp-content\/uploads\/2023\/03\/TURBOMATIC-MAX-A12-container-1.png 1920w, https:\/\/www.polarmatic.com\/wp-content\/uploads\/2023\/03\/TURBOMATIC-MAX-A12-container-1-300x169.png 300w, https:\/\/www.polarmatic.com\/wp-content\/uploads\/2023\/03\/TURBOMATIC-MAX-A12-container-1-1024x576.png 1024w, https:\/\/www.polarmatic.com\/wp-content\/uploads\/2023\/03\/TURBOMATIC-MAX-A12-container-1-768x432.png 768w, https:\/\/www.polarmatic.com\/wp-content\/uploads\/2023\/03\/TURBOMATIC-MAX-A12-container-1-1536x864.png 1536w\" sizes=\"auto, (max-width: 1920px) 100vw, 1920px\" \/>                                                              <\/div>\n              <div class=\"box-text text-right\" style=\"padding:15px 30px 15px 30px;\">\n                 <p>maxTURBOMATIC<\/p>\n              <\/div>\n            <\/div>\n            <\/a>          <\/div>\n         <\/div><div class=\"gallery-col col\" >\n          <div class=\"col-inner\">\n            <a class=\"image-lightbox lightbox-gallery\" href=\"https:\/\/www.polarmatic.com\/wp-content\/uploads\/2023\/03\/TURBOMATIC-MAX-studio.jpg\" title=\"maxTURBOMATIC\">            <div class=\"box has-hover gallery-box box-default\">\n              <div class=\"box-image\" >\n                <img loading=\"lazy\" decoding=\"async\" width=\"1500\" height=\"863\" src=\"https:\/\/www.polarmatic.com\/wp-content\/uploads\/2023\/03\/TURBOMATIC-MAX-studio.jpg\" class=\"attachment-2048x2048 size-2048x2048\" alt=\"TURBOMATIC MAX\" ids=\"3562,3646,4386\" style=\"default\" lightbox_image_size=\"2048x2048\" type=\"slider-full\" slider_nav_style=\"circle\" slider_bullets=\"true\" auto_slide=\"6000\" image_size=\"2048x2048\" text_align=\"right\" text_padding=\"15px 30px 15px 30px\" srcset=\"https:\/\/www.polarmatic.com\/wp-content\/uploads\/2023\/03\/TURBOMATIC-MAX-studio.jpg 1500w, https:\/\/www.polarmatic.com\/wp-content\/uploads\/2023\/03\/TURBOMATIC-MAX-studio-300x173.jpg 300w, https:\/\/www.polarmatic.com\/wp-content\/uploads\/2023\/03\/TURBOMATIC-MAX-studio-1024x589.jpg 1024w, https:\/\/www.polarmatic.com\/wp-content\/uploads\/2023\/03\/TURBOMATIC-MAX-studio-768x442.jpg 768w\" sizes=\"auto, (max-width: 1500px) 100vw, 1500px\" \/>                                                              <\/div>\n              <div class=\"box-text text-right\" style=\"padding:15px 30px 15px 30px;\">\n                 <p>maxTURBOMATIC<\/p>\n              <\/div>\n            <\/div>\n            <\/a>          <\/div>\n         <\/div><div class=\"gallery-col col\" >\n          <div class=\"col-inner\">\n            <a class=\"image-lightbox lightbox-gallery\" href=\"https:\/\/www.polarmatic.com\/wp-content\/uploads\/2023\/03\/Heating-maxTURBOMATIC-EN.jpg\" title=\"maxTURBOMATIC\">            <div class=\"box has-hover gallery-box box-default\">\n              <div class=\"box-image\" >\n                <img loading=\"lazy\" decoding=\"async\" width=\"1500\" height=\"1159\" src=\"https:\/\/www.polarmatic.com\/wp-content\/uploads\/2023\/03\/Heating-maxTURBOMATIC-EN.jpg\" class=\"attachment-2048x2048 size-2048x2048\" alt=\"Flowchart maxTURBOMATIC\" ids=\"3562,3646,4386\" style=\"default\" lightbox_image_size=\"2048x2048\" type=\"slider-full\" slider_nav_style=\"circle\" slider_bullets=\"true\" auto_slide=\"6000\" image_size=\"2048x2048\" text_align=\"right\" text_padding=\"15px 30px 15px 30px\" srcset=\"https:\/\/www.polarmatic.com\/wp-content\/uploads\/2023\/03\/Heating-maxTURBOMATIC-EN.jpg 1500w, https:\/\/www.polarmatic.com\/wp-content\/uploads\/2023\/03\/Heating-maxTURBOMATIC-EN-300x232.jpg 300w, https:\/\/www.polarmatic.com\/wp-content\/uploads\/2023\/03\/Heating-maxTURBOMATIC-EN-1024x791.jpg 1024w, https:\/\/www.polarmatic.com\/wp-content\/uploads\/2023\/03\/Heating-maxTURBOMATIC-EN-768x593.jpg 768w\" sizes=\"auto, (max-width: 1500px) 100vw, 1500px\" \/>                                                              <\/div>\n              <div class=\"box-text text-right\" style=\"padding:15px 30px 15px 30px;\">\n                 <p>maxTURBOMATIC<\/p>\n              <\/div>\n            <\/div>\n            <\/a>          <\/div>\n         <\/div><\/div>\n\n\n\t\t<\/div>\n\t\t\t\t\t<\/div>\n\n\t\n\n<\/div>\n<div class=\"is-divider divider clearfix\" style=\"max-width:100%;height:1px;\"><\/div>\n\n<div class=\"row\"  id=\"row-315740535\">\n\n\n\t<div id=\"col-755309366\" class=\"col small-12 large-12\"  >\n\t\t\t\t<div class=\"col-inner\"  >\n\t\t\t\n\t\t\t\n\n\t<div id=\"text-1909769282\" class=\"text\">\n\t\t\n\n<h2>maxTURBOMATIC mallit<\/h2>\n<p>&nbsp;<\/p>\n\t\t\n<style>\n#text-1909769282 {\n  line-height: 1.5;\n}\n<\/style>\n\t<\/div>\n\t\n\t\t<div class=\"pm-product-specs\">\n\t\t\t\t\n\n\n<table id=\"tablepress-16\" class=\"tablepress tablepress-id-16 tbody-has-connected-cells\">\n<thead>\n<tr class=\"row-1\">\n\t<th class=\"column-1\"><strong>PME-MAX 750<\/strong><\/th><th class=\"column-2\"><strong>PME-MAX 1000<\/strong><\/th><th class=\"column-3\"><strong>PME-MAX 1250<\/strong><\/th><th class=\"column-4\"><strong>PME-MAX 1500<\/strong><\/th><th class=\"column-5\"><strong>PME-MAX 2000<\/strong><\/th><th class=\"column-6\"><strong>PME-MAX 2500<\/strong><\/th>\n<\/tr>\n<\/thead>\n<tbody class=\"row-striping row-hover\">\n<tr class=\"row-2\">\n\t<td colspan=\"6\" class=\"column-1\"><h3>Teho<\/h3><\/td>\n<\/tr>\n<tr class=\"row-3\">\n\t<td class=\"column-1\"><strong>750 <span class=\"unit\">kW<\/span><\/strong><\/td><td class=\"column-2\"><strong>1000 <span class=\"unit\">kW<\/span><\/strong><\/td><td class=\"column-3\"><strong>1250 <span class=\"unit\">kW<\/span><\/strong><\/td><td class=\"column-4\"><strong>1500 <span class=\"unit\">kW<\/span><\/strong><\/td><td class=\"column-5\"><strong>2000 <span class=\"unit\">kW<\/span><\/strong><\/td><td class=\"column-6\"><strong>2500 <span class=\"unit\">kW<\/span><\/strong><\/td>\n<\/tr>\n<tr class=\"row-4\">\n\t<td class=\"column-1\">kiviainesta<br\/> 75\u2026750 kW<br\/> <br\/> vett\u00e4<br\/> 0\u2026675 kW<\/td><td class=\"column-2\">kiviainesta<br\/> 100\u20261000 kW<br\/> <br\/> vett\u00e4<br\/> 0\u2026900 kW<\/td><td class=\"column-3\">kiviainesta<br\/> 125\u20261250 kW<br\/> <br\/> vett\u00e4<br\/> 0\u20261125 kW<\/td><td class=\"column-4\">kiviainesta<br\/> 150\u20261500 kW<br\/> <br\/> vett\u00e4<br\/> 0\u20261350 kW<\/td><td class=\"column-5\">kiviainesta<br\/> 200\u20262000 kW<br\/> <br\/> vett\u00e4<br\/> 0\u20261800 kW<\/td><td class=\"column-6\">kiviainesta<br\/> 250\u20262500 kW<br\/> <br\/> vett\u00e4<br\/> 0\u20262250 kW<\/td>\n<\/tr>\n<tr class=\"row-5\">\n\t<td colspan=\"6\" class=\"column-1\"><h3>Polttoaine:<\/h3><\/td>\n<\/tr>\n<tr class=\"row-6\">\n\t<td colspan=\"6\" class=\"column-1\"><strong>Kevyt poltto\u00f6ljy, biodiesel<\/strong><\/td>\n<\/tr>\n<tr class=\"row-7\">\n\t<td class=\"column-1\">75 <span class=\"unit\">l\/h<\/span><\/td><td class=\"column-2\">100 <span class=\"unit\">l\/h<\/span><\/td><td class=\"column-3\">125 <span class=\"unit\">l\/h<\/span><\/td><td class=\"column-4\">150 <span class=\"unit\">l\/h<\/span><\/td><td class=\"column-5\">200 <span class=\"unit\">l\/h<\/span><\/td><td class=\"column-6\">250 <span class=\"unit\">l\/h<\/span><\/td>\n<\/tr>\n<tr class=\"row-8\">\n\t<td colspan=\"6\" class=\"column-1\"><strong>Maakaasu<\/strong><\/td>\n<\/tr>\n<tr class=\"row-9\">\n\t<td class=\"column-1\">75 <span class=\"unit\">m\u00b3n\/h<\/span><\/td><td class=\"column-2\">100 <span class=\"unit\">m\u00b3n\/h<\/span><\/td><td class=\"column-3\">125 <span class=\"unit\">m\u00b3n\/h<\/span><\/td><td class=\"column-4\">150 <span class=\"unit\">m\u00b3n\/h<\/span><\/td><td class=\"column-5\">200 <span class=\"unit\">m\u00b3n\/h<\/span><\/td><td class=\"column-6\">250 <span class=\"unit\">m\u00b3n\/h<\/span><\/td>\n<\/tr>\n<tr class=\"row-10\">\n\t<td colspan=\"6\" class=\"column-1\">Kaasun paine min 0,8 bar (g)<\/td>\n<\/tr>\n<tr class=\"row-11\">\n\t<td colspan=\"6\" class=\"column-1\"><p><strong>Optiot<\/strong><\/p><ul><li>Turbokontin sis\u00e4\u00e4n rakennettu polttoaines\u00e4ili\u00f6 (s\u00e4ili\u00f6n tilavuus 4 000 l\/20\u2019 kontissa tai 10 000 l\/40\u2019 kontissa); s\u00e4ili\u00f6 on erotettu muusta tilasta palomuurilla ja siin\u00e4 on vaadittavat turvavarusteet<\/li><li>Kombi-poltin mahdollistaa, ett\u00e4 laite voi toimia kevyell\u00e4 poltto\u00f6ljyll\u00e4 tai maakaasulla<\/li><li>Kaasupoltin propaanille tai muulle kaasutyypille<\/li><\/ul><\/td>\n<\/tr>\n<tr class=\"row-12\">\n\t<td colspan=\"6\" class=\"column-1\"><strong>HUOM! Todellinen polttoaineen kulutus on huomattavasti pienempi kuin kulutus nimellisteholla<\/strong><\/td>\n<\/tr>\n<tr class=\"row-13\">\n\t<td colspan=\"6\" class=\"column-1\"><h3>Rakenne \/ Asettelu<\/h3><\/td>\n<\/tr>\n<tr class=\"row-14\">\n\t<td colspan=\"6\" class=\"column-1\"><p><strong>TURBOkontti<\/strong><\/p><ul><li>Ulkok\u00e4ytt\u00f6\u00f6n l\u00e4mp\u00f6eristetty<\/li><li>Sivulla kulkuovi<\/li><li>Standardikontti 20\u2019 (P 6050 x L 2438 x K 2592 mm)* tai 40\u2019 (P 12192 x L 2438 x K 2592 mm)** kontteja saatavilla my\u00f6s muilla mitoituksilla asiakkaan tarpeiden mukaan.<\/li><\/ul><\/td>\n<\/tr>\n<\/tbody>\n<\/table>\n<!-- #tablepress-16 from cache -->\n\t\t<\/div>\n\t\n\n\t\t<\/div>\n\t\t\t\t\t<\/div>\n\n\t\n\n<\/div>\n","protected":false},"excerpt":{"rendered":"","protected":false},"author":1,"featured_media":0,"parent":6452,"menu_order":2,"comment_status":"closed","ping_status":"closed","template":"","meta":{"_acf_changed":false,"footnotes":""},"class_list":["post-6478","page","type-page","status-publish","hentry"],"acf":[],"_links":{"self":[{"href":"https:\/\/www.polarmatic.com\/fi\/wp-json\/wp\/v2\/pages\/6478","targetHints":{"allow":["GET"]}}],"collection":[{"href":"https:\/\/www.polarmatic.com\/fi\/wp-json\/wp\/v2\/pages"}],"about":[{"href":"https:\/\/www.polarmatic.com\/fi\/wp-json\/wp\/v2\/types\/page"}],"author":[{"embeddable":true,"href":"https:\/\/www.polarmatic.com\/fi\/wp-json\/wp\/v2\/users\/1"}],"replies":[{"embeddable":true,"href":"https:\/\/www.polarmatic.com\/fi\/wp-json\/wp\/v2\/comments?post=6478"}],"version-history":[{"count":5,"href":"https:\/\/www.polarmatic.com\/fi\/wp-json\/wp\/v2\/pages\/6478\/revisions"}],"predecessor-version":[{"id":7042,"href":"https:\/\/www.polarmatic.com\/fi\/wp-json\/wp\/v2\/pages\/6478\/revisions\/7042"}],"up":[{"embeddable":true,"href":"https:\/\/www.polarmatic.com\/fi\/wp-json\/wp\/v2\/pages\/6452"}],"wp:attachment":[{"href":"https:\/\/www.polarmatic.com\/fi\/wp-json\/wp\/v2\/media?parent=6478"}],"curies":[{"name":"wp","href":"https:\/\/api.w.org\/{rel}","templated":true}]}}