{"id":6486,"date":"2023-02-28T10:07:30","date_gmt":"2023-02-28T08:07:30","guid":{"rendered":"https:\/\/www.polarmatic.com\/?page_id=6486"},"modified":"2024-01-05T10:36:56","modified_gmt":"2024-01-05T08:36:56","slug":"ecoturbomatic","status":"publish","type":"page","link":"https:\/\/www.polarmatic.com\/fi\/ratkaisut\/turbomatic-lammitysratkaisut\/turbomatic-lampoenergialaitos\/ecoturbomatic\/","title":{"rendered":"ecoTURBOMATIC (ECO)"},"content":{"rendered":"\n<div class=\"row\"  id=\"row-981875413\">\n\n\n\t<div id=\"col-1360062572\" class=\"col small-12 large-12\"  >\n\t\t\t\t<div class=\"col-inner\"  >\n\t\t\t\n\t\t\t\n\n\t\t<div class=\"pm-breadcrumbs\">\n\t\t\t\t\n\n<span><span><a href=\"https:\/\/www.polarmatic.com\/fi\/\">Home<\/a><\/span><\/span>\n\t\t<\/div>\n\t\n\n\t\t<\/div>\n\t\t\t\t\t<\/div>\n\n\t\n\n<\/div>\n<div class=\"row\"  id=\"row-1354133173\">\n\n\n\t<div id=\"col-1556079492\" class=\"col medium-6 small-12 large-6\"  >\n\t\t\t\t<div class=\"col-inner\"  >\n\t\t\t\n\t\t\t\n\n\t<div id=\"text-3886526134\" class=\"text\">\n\t\t\n\n<h1>ecoTURBOMATIC (ECO)<\/h1>\n<p>TURBOMATIC ECO on suunniteltu betoniaseman l\u00e4mmitysyksik\u00f6ksi lauhkeille ilmanaloille esim. Keski-Euroopan maihin alueille, joissa talvet eiv\u00e4t ole kovin kylmi\u00e4 ja\/tai miss\u00e4 kiviaineksen ja veden l\u00e4mmityst\u00e4 tarvitaan vain satunnaisesti.&nbsp;<\/p>\n<p>&nbsp;<\/p>\n<h2><span style=\"color: #3a5dae; font-size: 75%;\">K\u00e4ytt\u00f6kohteet<\/span><\/h2>\n<ul>\n<li>Keskikokoiset betoniasemat lauhkeilla ilmastoalueilla<\/li>\n<\/ul>\n<h2><span style=\"font-size: 75%; color: #3a5dae;\">Perustoiminnot<\/span><\/h2>\n<ul>\n<li>Kiviaineksen l\u00e4mmitys TURBOkaasulla tai -h\u00f6yryll\u00e4<\/li>\n<li>L\u00e4mpim\u00e4n annosteluveden tuottaminen<\/li>\n<\/ul>\n<h2><span style=\"font-size: 75%; color: #3a5dae;\">Lis\u00e4toiminnot<\/span><\/h2>\n<ul>\n<li>Betoniaseman tuotantotilojen l\u00e4mmitys<\/li>\n<li>L\u00e4mpim\u00e4n pesuveden tuottaminen&nbsp;<\/li>\n<li>L\u00e4mpim\u00e4n t\u00e4ytt\u00f6veden tuottaminen betoniautoille<\/li>\n<\/ul>\n\t\t\n<style>\n#text-3886526134 {\n  line-height: 1.5;\n}\n<\/style>\n\t<\/div>\n\t\n\n\t\t<\/div>\n\t\t\t\t\t<\/div>\n\n\t\n\n\t<div id=\"col-1158632836\" class=\"col medium-6 small-12 large-6\"  >\n\t\t\t\t<div class=\"col-inner\"  >\n\t\t\t\n\t\t\t\n\n\n  \n    <div id=\"gallery-929748039\" class=\"slider slider-auto-height row-collapse slider-nav-circle\" data-flickity-options='{&quot;imagesLoaded&quot;: true, &quot;dragThreshold&quot; : 5, &quot;cellAlign&quot;: &quot;left&quot;,&quot;wrapAround&quot;: true,&quot;prevNextButtons&quot;: true,&quot;percentPosition&quot;: true,&quot;pageDots&quot;: true, &quot;rightToLeft&quot;: false, &quot;autoPlay&quot; : 6000}'>\n\n  <div class=\"gallery-col col\" >\n          <div class=\"col-inner\">\n            <a class=\"image-lightbox lightbox-gallery\" href=\"https:\/\/www.polarmatic.com\/wp-content\/uploads\/2023\/03\/TURBOMATIC-ECO-container-2-1.png\" title=\"TURBOMATIC ECO\">            <div class=\"box has-hover gallery-box box-normal\">\n              <div class=\"box-image\" >\n                <img loading=\"lazy\" decoding=\"async\" width=\"1920\" height=\"1080\" src=\"https:\/\/www.polarmatic.com\/wp-content\/uploads\/2023\/03\/TURBOMATIC-ECO-container-2-1.png\" class=\"attachment-2048x2048 size-2048x2048\" alt=\"ecoTURBOMATIC heating solution\" ids=\"3506,3512,3500,3518,4650\" style=\"normal\" lightbox_image_size=\"2048x2048\" type=\"slider-full\" slider_nav_style=\"circle\" slider_bullets=\"true\" auto_slide=\"6000\" image_size=\"2048x2048\" text_align=\"right\" text_padding=\"15px 30px 15px 30px\" srcset=\"https:\/\/www.polarmatic.com\/wp-content\/uploads\/2023\/03\/TURBOMATIC-ECO-container-2-1.png 1920w, https:\/\/www.polarmatic.com\/wp-content\/uploads\/2023\/03\/TURBOMATIC-ECO-container-2-1-300x169.png 300w, https:\/\/www.polarmatic.com\/wp-content\/uploads\/2023\/03\/TURBOMATIC-ECO-container-2-1-1024x576.png 1024w, https:\/\/www.polarmatic.com\/wp-content\/uploads\/2023\/03\/TURBOMATIC-ECO-container-2-1-768x432.png 768w, https:\/\/www.polarmatic.com\/wp-content\/uploads\/2023\/03\/TURBOMATIC-ECO-container-2-1-1536x864.png 1536w\" sizes=\"auto, (max-width: 1920px) 100vw, 1920px\" \/>                                                              <\/div>\n              <div class=\"box-text text-right\" style=\"padding:15px 30px 15px 30px;\">\n                 <p>TURBOMATIC ECO<\/p>\n              <\/div>\n            <\/div>\n            <\/a>          <\/div>\n         <\/div><div class=\"gallery-col col\" >\n          <div class=\"col-inner\">\n            <a class=\"image-lightbox lightbox-gallery\" href=\"https:\/\/www.polarmatic.com\/wp-content\/uploads\/2023\/03\/TURBOMATIC-ECO-container-3-1.png\" title=\"TURBOMATIC ECO\">            <div class=\"box has-hover gallery-box box-normal\">\n              <div class=\"box-image\" >\n                <img loading=\"lazy\" decoding=\"async\" width=\"1920\" height=\"1080\" src=\"https:\/\/www.polarmatic.com\/wp-content\/uploads\/2023\/03\/TURBOMATIC-ECO-container-3-1.png\" class=\"attachment-2048x2048 size-2048x2048\" alt=\"ecoTURBOMATIC heating solution\" ids=\"3506,3512,3500,3518,4650\" style=\"normal\" lightbox_image_size=\"2048x2048\" type=\"slider-full\" slider_nav_style=\"circle\" slider_bullets=\"true\" auto_slide=\"6000\" image_size=\"2048x2048\" text_align=\"right\" text_padding=\"15px 30px 15px 30px\" srcset=\"https:\/\/www.polarmatic.com\/wp-content\/uploads\/2023\/03\/TURBOMATIC-ECO-container-3-1.png 1920w, https:\/\/www.polarmatic.com\/wp-content\/uploads\/2023\/03\/TURBOMATIC-ECO-container-3-1-300x169.png 300w, https:\/\/www.polarmatic.com\/wp-content\/uploads\/2023\/03\/TURBOMATIC-ECO-container-3-1-1024x576.png 1024w, https:\/\/www.polarmatic.com\/wp-content\/uploads\/2023\/03\/TURBOMATIC-ECO-container-3-1-768x432.png 768w, https:\/\/www.polarmatic.com\/wp-content\/uploads\/2023\/03\/TURBOMATIC-ECO-container-3-1-1536x864.png 1536w\" sizes=\"auto, (max-width: 1920px) 100vw, 1920px\" \/>                                                              <\/div>\n              <div class=\"box-text text-right\" style=\"padding:15px 30px 15px 30px;\">\n                 <p>TURBOMATIC ECO<\/p>\n              <\/div>\n            <\/div>\n            <\/a>          <\/div>\n         <\/div><div class=\"gallery-col col\" >\n          <div class=\"col-inner\">\n            <a class=\"image-lightbox lightbox-gallery\" href=\"https:\/\/www.polarmatic.com\/wp-content\/uploads\/2023\/03\/TURBOMATIC-ECO-container-1-1.png\" title=\"TURBOMATIC ECO\">            <div class=\"box has-hover gallery-box box-normal\">\n              <div class=\"box-image\" >\n                <img loading=\"lazy\" decoding=\"async\" width=\"1920\" height=\"1080\" src=\"https:\/\/www.polarmatic.com\/wp-content\/uploads\/2023\/03\/TURBOMATIC-ECO-container-1-1.png\" class=\"attachment-2048x2048 size-2048x2048\" alt=\"ecoTURBOMATIC heating solution\" ids=\"3506,3512,3500,3518,4650\" style=\"normal\" lightbox_image_size=\"2048x2048\" type=\"slider-full\" slider_nav_style=\"circle\" slider_bullets=\"true\" auto_slide=\"6000\" image_size=\"2048x2048\" text_align=\"right\" text_padding=\"15px 30px 15px 30px\" srcset=\"https:\/\/www.polarmatic.com\/wp-content\/uploads\/2023\/03\/TURBOMATIC-ECO-container-1-1.png 1920w, https:\/\/www.polarmatic.com\/wp-content\/uploads\/2023\/03\/TURBOMATIC-ECO-container-1-1-300x169.png 300w, https:\/\/www.polarmatic.com\/wp-content\/uploads\/2023\/03\/TURBOMATIC-ECO-container-1-1-1024x576.png 1024w, https:\/\/www.polarmatic.com\/wp-content\/uploads\/2023\/03\/TURBOMATIC-ECO-container-1-1-768x432.png 768w, https:\/\/www.polarmatic.com\/wp-content\/uploads\/2023\/03\/TURBOMATIC-ECO-container-1-1-1536x864.png 1536w\" sizes=\"auto, (max-width: 1920px) 100vw, 1920px\" \/>                                                              <\/div>\n              <div class=\"box-text text-right\" style=\"padding:15px 30px 15px 30px;\">\n                 <p>TURBOMATIC ECO<\/p>\n              <\/div>\n            <\/div>\n            <\/a>          <\/div>\n         <\/div><div class=\"gallery-col col\" >\n          <div class=\"col-inner\">\n            <a class=\"image-lightbox lightbox-gallery\" href=\"https:\/\/www.polarmatic.com\/wp-content\/uploads\/2023\/03\/TURBOMATIC-ECO-open-1.png\" title=\"TURBOMATIC ECO \">            <div class=\"box has-hover gallery-box box-normal\">\n              <div class=\"box-image\" >\n                <img loading=\"lazy\" decoding=\"async\" width=\"1920\" height=\"1080\" src=\"https:\/\/www.polarmatic.com\/wp-content\/uploads\/2023\/03\/TURBOMATIC-ECO-open-1.png\" class=\"attachment-2048x2048 size-2048x2048\" alt=\"TURBOMATIC ECO open\" ids=\"3506,3512,3500,3518,4650\" style=\"normal\" lightbox_image_size=\"2048x2048\" type=\"slider-full\" slider_nav_style=\"circle\" slider_bullets=\"true\" auto_slide=\"6000\" image_size=\"2048x2048\" text_align=\"right\" text_padding=\"15px 30px 15px 30px\" srcset=\"https:\/\/www.polarmatic.com\/wp-content\/uploads\/2023\/03\/TURBOMATIC-ECO-open-1.png 1920w, https:\/\/www.polarmatic.com\/wp-content\/uploads\/2023\/03\/TURBOMATIC-ECO-open-1-300x169.png 300w, https:\/\/www.polarmatic.com\/wp-content\/uploads\/2023\/03\/TURBOMATIC-ECO-open-1-1024x576.png 1024w, https:\/\/www.polarmatic.com\/wp-content\/uploads\/2023\/03\/TURBOMATIC-ECO-open-1-768x432.png 768w, https:\/\/www.polarmatic.com\/wp-content\/uploads\/2023\/03\/TURBOMATIC-ECO-open-1-1536x864.png 1536w\" sizes=\"auto, (max-width: 1920px) 100vw, 1920px\" \/>                                                              <\/div>\n              <div class=\"box-text text-right\" style=\"padding:15px 30px 15px 30px;\">\n                 <p>TURBOMATIC ECO <\/p>\n              <\/div>\n            <\/div>\n            <\/a>          <\/div>\n         <\/div><div class=\"gallery-col col\" >\n          <div class=\"col-inner\">\n            <a class=\"image-lightbox lightbox-gallery\" href=\"https:\/\/www.polarmatic.com\/wp-content\/uploads\/2023\/04\/EN-Turbomatic-ECO.png\" title=\"ecoTURBOMATIC Vuokaavio\">            <div class=\"box has-hover gallery-box box-normal\">\n              <div class=\"box-image\" >\n                <img loading=\"lazy\" decoding=\"async\" width=\"960\" height=\"720\" src=\"https:\/\/www.polarmatic.com\/wp-content\/uploads\/2023\/04\/EN-Turbomatic-ECO.png\" class=\"attachment-2048x2048 size-2048x2048\" alt=\"Flowchart Turbomatic ECO (EN)\" ids=\"3506,3512,3500,3518,4650\" style=\"normal\" lightbox_image_size=\"2048x2048\" type=\"slider-full\" slider_nav_style=\"circle\" slider_bullets=\"true\" auto_slide=\"6000\" image_size=\"2048x2048\" text_align=\"right\" text_padding=\"15px 30px 15px 30px\" srcset=\"https:\/\/www.polarmatic.com\/wp-content\/uploads\/2023\/04\/EN-Turbomatic-ECO.png 960w, https:\/\/www.polarmatic.com\/wp-content\/uploads\/2023\/04\/EN-Turbomatic-ECO-300x225.png 300w, https:\/\/www.polarmatic.com\/wp-content\/uploads\/2023\/04\/EN-Turbomatic-ECO-768x576.png 768w\" sizes=\"auto, (max-width: 960px) 100vw, 960px\" \/>                                                              <\/div>\n              <div class=\"box-text text-right\" style=\"padding:15px 30px 15px 30px;\">\n                 <p>ecoTURBOMATIC Vuokaavio<\/p>\n              <\/div>\n            <\/div>\n            <\/a>          <\/div>\n         <\/div><\/div>\n\n\n\t\t<\/div>\n\t\t\t\t\t<\/div>\n\n\t\n\n<\/div>\n<div class=\"is-divider divider clearfix\" style=\"max-width:100%;height:1px;\"><\/div>\n\n<div class=\"row\"  id=\"row-1518223279\">\n\n\n\t<div id=\"col-1252597933\" class=\"col small-12 large-12\"  >\n\t\t\t\t<div class=\"col-inner\"  >\n\t\t\t\n\t\t\t\n\n<h2>ecoTURBOMATIC mallit<\/h2>\n\t\t<div class=\"pm-product-specs\">\n\t\t\t\t\n\n\n<div id=\"tablepress-29-scroll-wrapper\" class=\"tablepress-scroll-wrapper\">\n<table id=\"tablepress-29\" class=\"tablepress tablepress-id-29 tablepress-responsive tbody-has-connected-cells\">\n<thead>\n<tr class=\"row-1\">\n\t<th class=\"column-1\"><strong>PME-ECO 500<\/strong><\/th><th class=\"column-2\"><strong>PME-ECO 750<\/strong><\/th><th class=\"column-3\"><strong>PME-ECO 1000<\/strong><\/th>\n<\/tr>\n<\/thead>\n<tbody class=\"row-striping row-hover\">\n<tr class=\"row-2\">\n\t<td colspan=\"3\" class=\"column-1\"><h3>Teho<\/h3><\/td>\n<\/tr>\n<tr class=\"row-3\">\n\t<td class=\"column-1\"><strong>500 <span class=\"unit\">kW<\/span><\/strong><\/td><td class=\"column-2\"><strong>750 <span class=\"unit\">kW<\/span><\/strong><\/td><td class=\"column-3\"><strong>1000 <span class=\"unit\">kW<\/span><\/strong><\/td>\n<\/tr>\n<tr class=\"row-4\">\n\t<td class=\"column-1\">kiviainesta<br\/> 50...350 kW<br\/> <br\/> vett\u00e4<br\/> 150...450 kW<\/td><td class=\"column-2\">kiviainesta <br\/> 75...525 kW<br\/> <br\/> vett\u00e4<br\/> 225...675 kW<\/td><td class=\"column-3\">kiviainesta <br\/> 100...700 kW<br\/> <br\/> vett\u00e4<br\/> 300...900 kW<\/td>\n<\/tr>\n<tr class=\"row-5\">\n\t<td colspan=\"3\" class=\"column-1\"><h3>Polttoaine<\/h3><\/td>\n<\/tr>\n<tr class=\"row-6\">\n\t<td colspan=\"3\" class=\"column-1\"><strong>Kevyt poltto\u00f6ljy, biodiesel<\/strong><\/td>\n<\/tr>\n<tr class=\"row-7\">\n\t<td class=\"column-1\">50 <span class=\"unit\">l\/h<\/span><\/td><td class=\"column-2\">75 <span class=\"unit\">l\/h<\/span><\/td><td class=\"column-3\">100 <span class=\"unit\">l\/h<\/span><\/td>\n<\/tr>\n<tr class=\"row-8\">\n\t<td colspan=\"3\" class=\"column-1\"><strong>Maakaasu<\/strong><\/td>\n<\/tr>\n<tr class=\"row-9\">\n\t<td class=\"column-1\">50 <span class=\"unit\">m\u00b3n\/h<\/span><\/td><td class=\"column-2\">75 <span class=\"unit\">m\u00b3n\/h<\/span><\/td><td class=\"column-3\">100 <span class=\"unit\">m\u00b3n\/h<\/span><\/td>\n<\/tr>\n<tr class=\"row-10\">\n\t<td colspan=\"3\" class=\"column-1\">Kaasun paine min 0,8 bar (g)<\/td>\n<\/tr>\n<tr class=\"row-11\">\n\t<td colspan=\"3\" class=\"column-1\"><strong>Propaani<\/strong><\/td>\n<\/tr>\n<tr class=\"row-12\">\n\t<td class=\"column-1\">20 <span class=\"unit\">m\u00b3n\/h<\/span><\/td><td class=\"column-2\">30 <span class=\"unit\">m\u00b3n\/h<\/span><\/td><td class=\"column-3\">39 <span class=\"unit\">m\u00b3n\/h<\/span><\/td>\n<\/tr>\n<tr class=\"row-13\">\n\t<td colspan=\"3\" class=\"column-1\"><p><strong>Optiot<\/strong><\/p><ul><li>TURBOkontin sis\u00e4\u00e4nrakennettu polttoaines\u00e4ili\u00f6 (tilavuus 4 000 l\/20' kontissa tai 10 000 l\/40' kontissa); s\u00e4ili\u00f6 erotettu muusta tilasta palomuurilla ja siin\u00e4 on vaadittavat turvavarusteet<\/li><li>Kombi-polttimen asennus mahdollistaa, ett\u00e4 laite voi toimia kevyell\u00e4 poltto\u00f6ljyll\u00e4, maakaasulla tai biodieselill\u00e4<\/li><li>Kaasupoltin biokaasulle, maakaasulle tai propaanille.<\/li><\/ul><\/td>\n<\/tr>\n<tr class=\"row-14\">\n\t<td colspan=\"3\" class=\"column-1\"><strong>HUOM! Todellinen polttoaineen kulutus on huomattavasti pienempi kuin kulutus nimellisteholla. <\/strong><\/td>\n<\/tr>\n<tr class=\"row-15\">\n\t<td colspan=\"3\" class=\"column-1\"><h3>Rakenne \/ Asettelu<\/h3><\/td>\n<\/tr>\n<tr class=\"row-16\">\n\t<td colspan=\"3\" class=\"column-1\"><p><strong>TURBOkontti<\/strong><\/p><ul><li>Ulkok\u00e4ytt\u00f6\u00f6n l\u00e4mp\u00f6eristetty<\/li><li>Standardikontti 20'(P 6050 x L 2438 x K 2592 mm) tai 40' (P 12192 x L 2438 x K 2592 mm); saatavilla my\u00f6s muita konttikokoja asiakkaan tarpeiden mukaan<\/li><\/ul><p><strong>Kehikkomalli<\/strong><\/p><ul><li>Sis\u00e4tila-asennuksiin<\/li><li>Kehikon mitat esim. (P 5000 x L 2120 x K 2400 mm); kehikkoja saatavilla my\u00f6s muilla mitoituksilla asiakkaan tarpeiden mukaan.<\/li><\/ul><\/td>\n<\/tr>\n<\/tbody>\n<\/table>\n<\/div>\n<!-- #tablepress-29 from cache -->\n\t\t<\/div>\n\t\n\n\t\t<\/div>\n\t\t\t\t\t<\/div>\n\n\t\n\n<\/div>\n\n","protected":false},"excerpt":{"rendered":"","protected":false},"author":1,"featured_media":0,"parent":6452,"menu_order":3,"comment_status":"closed","ping_status":"closed","template":"","meta":{"_acf_changed":false,"footnotes":""},"class_list":["post-6486","page","type-page","status-publish","hentry"],"acf":[],"_links":{"self":[{"href":"https:\/\/www.polarmatic.com\/fi\/wp-json\/wp\/v2\/pages\/6486","targetHints":{"allow":["GET"]}}],"collection":[{"href":"https:\/\/www.polarmatic.com\/fi\/wp-json\/wp\/v2\/pages"}],"about":[{"href":"https:\/\/www.polarmatic.com\/fi\/wp-json\/wp\/v2\/types\/page"}],"author":[{"embeddable":true,"href":"https:\/\/www.polarmatic.com\/fi\/wp-json\/wp\/v2\/users\/1"}],"replies":[{"embeddable":true,"href":"https:\/\/www.polarmatic.com\/fi\/wp-json\/wp\/v2\/comments?post=6486"}],"version-history":[{"count":6,"href":"https:\/\/www.polarmatic.com\/fi\/wp-json\/wp\/v2\/pages\/6486\/revisions"}],"predecessor-version":[{"id":7052,"href":"https:\/\/www.polarmatic.com\/fi\/wp-json\/wp\/v2\/pages\/6486\/revisions\/7052"}],"up":[{"embeddable":true,"href":"https:\/\/www.polarmatic.com\/fi\/wp-json\/wp\/v2\/pages\/6452"}],"wp:attachment":[{"href":"https:\/\/www.polarmatic.com\/fi\/wp-json\/wp\/v2\/media?parent=6486"}],"curies":[{"name":"wp","href":"https:\/\/api.w.org\/{rel}","templated":true}]}}