{"id":6500,"date":"2023-02-28T13:41:00","date_gmt":"2023-02-28T11:41:00","guid":{"rendered":"https:\/\/www.polarmatic.com\/?page_id=6500"},"modified":"2024-01-05T10:37:23","modified_gmt":"2024-01-05T08:37:23","slug":"microturbomatic","status":"publish","type":"page","link":"https:\/\/www.polarmatic.com\/fi\/ratkaisut\/turbomatic-lammitysratkaisut\/turbomatic-lampoenergialaitos\/microturbomatic\/","title":{"rendered":"microTURBOMATIC (MIC)"},"content":{"rendered":"\n<div class=\"row\"  id=\"row-2110266258\">\n\n\n\t<div id=\"col-758851391\" class=\"col small-12 large-12\"  >\n\t\t\t\t<div class=\"col-inner\"  >\n\t\t\t\n\t\t\t\n\n\t\t<div class=\"pm-breadcrumbs\">\n\t\t\t\t\n\n<span><span><a href=\"https:\/\/www.polarmatic.com\/fi\/\">Home<\/a><\/span><\/span>\n\t\t<\/div>\n\t\n\n\t\t<\/div>\n\t\t\t\t\t<\/div>\n\n\t\n\n<\/div>\n<div class=\"row\"  id=\"row-835922882\">\n\n\n\t<div id=\"col-742728328\" class=\"col medium-6 small-12 large-6\"  >\n\t\t\t\t<div class=\"col-inner\"  >\n\t\t\t\n\t\t\t\n\n\t<div id=\"text-903391005\" class=\"text\">\n\t\t\n\n<h1>microTURBOMATIC (MIC)<\/h1>\n<p>TURBOMATIC MIC l\u00e4mmitysyksikk\u00f6 on tarkoitettu <span style=\"color: #ff00ff;\"><span style=\"color: #282828;\">veden ja kiviaineksen l\u00e4mmitykseen betoniautoissa.&nbsp;<\/span><\/span><\/p>\n<h2><span style=\"font-size: 75%; color: #3a5dae;\">K\u00e4ytt\u00f6kohteet<\/span><\/h2>\n<ul>\n<li>Betoniautot<\/li>\n<\/ul>\n<h2><span style=\"color: #3a5dae; font-size: 75%;\">Perustoiminnot<\/span><\/h2>\n<ul>\n<li>Kiviaineksen l\u00e4mmitys TURBOh\u00f6yryll\u00e4<\/li>\n<li>L\u00e4mpim\u00e4n annosteluveden tuottaminen<\/li>\n<\/ul>\n<h2><span style=\"color: #3a5dae; font-size: 75%;\">Lis\u00e4toiminnot<\/span><\/h2>\n<ul>\n<li>L\u00e4mpim\u00e4n pesuveden tuottaminen<\/li>\n<li>L\u00e4mpim\u00e4n t\u00e4ytt\u00f6veden tuottaminen betoniautoille<\/li>\n<\/ul>\n\t\t\n<style>\n#text-903391005 {\n  line-height: 1.5;\n}\n<\/style>\n\t<\/div>\n\t\n\n\t\t<\/div>\n\t\t\t\t\t<\/div>\n\n\t\n\n\t<div id=\"col-456687107\" class=\"col medium-6 small-12 large-6\"  >\n\t\t\t\t<div class=\"col-inner\"  >\n\t\t\t\n\t\t\t\n\n\n  \n    <div id=\"gallery-811249646\" class=\"slider slider-auto-height row-collapse slider-nav-circle\" data-flickity-options='{&quot;imagesLoaded&quot;: true, &quot;dragThreshold&quot; : 5, &quot;cellAlign&quot;: &quot;left&quot;,&quot;wrapAround&quot;: true,&quot;prevNextButtons&quot;: true,&quot;percentPosition&quot;: true,&quot;pageDots&quot;: true, &quot;rightToLeft&quot;: false, &quot;autoPlay&quot; : 6000}'>\n\n  <div class=\"gallery-col col\" >\n          <div class=\"col-inner\">\n            <a class=\"image-lightbox lightbox-gallery\" href=\"https:\/\/www.polarmatic.com\/wp-content\/uploads\/2023\/04\/MYY_Luukku-kiinni.png\" title=\"microTURBOMATIC\">            <div class=\"box has-hover gallery-box box-normal\">\n              <div class=\"box-image\" >\n                <img loading=\"lazy\" decoding=\"async\" width=\"1024\" height=\"768\" src=\"https:\/\/www.polarmatic.com\/wp-content\/uploads\/2023\/04\/MYY_Luukku-kiinni.png\" class=\"attachment-2048x2048 size-2048x2048\" alt=\"microTURBOMATIC\" ids=\"5476,5470,4654\" style=\"normal\" lightbox_image_size=\"2048x2048\" type=\"slider-full\" slider_nav_style=\"circle\" slider_bullets=\"true\" auto_slide=\"6000\" image_size=\"2048x2048\" text_align=\"right\" srcset=\"https:\/\/www.polarmatic.com\/wp-content\/uploads\/2023\/04\/MYY_Luukku-kiinni.png 1024w, https:\/\/www.polarmatic.com\/wp-content\/uploads\/2023\/04\/MYY_Luukku-kiinni-300x225.png 300w, https:\/\/www.polarmatic.com\/wp-content\/uploads\/2023\/04\/MYY_Luukku-kiinni-768x576.png 768w\" sizes=\"auto, (max-width: 1024px) 100vw, 1024px\" \/>                                                              <\/div>\n              <div class=\"box-text text-right\" >\n                 <p>microTURBOMATIC<\/p>\n              <\/div>\n            <\/div>\n            <\/a>          <\/div>\n         <\/div><div class=\"gallery-col col\" >\n          <div class=\"col-inner\">\n            <a class=\"image-lightbox lightbox-gallery\" href=\"https:\/\/www.polarmatic.com\/wp-content\/uploads\/2023\/04\/MYY_Luukku-auki.png\" title=\"microTURBOMATIC\">            <div class=\"box has-hover gallery-box box-normal\">\n              <div class=\"box-image\" >\n                <img loading=\"lazy\" decoding=\"async\" width=\"1024\" height=\"768\" src=\"https:\/\/www.polarmatic.com\/wp-content\/uploads\/2023\/04\/MYY_Luukku-auki.png\" class=\"attachment-2048x2048 size-2048x2048\" alt=\"microTURBOMATIC\" ids=\"5476,5470,4654\" style=\"normal\" lightbox_image_size=\"2048x2048\" type=\"slider-full\" slider_nav_style=\"circle\" slider_bullets=\"true\" auto_slide=\"6000\" image_size=\"2048x2048\" text_align=\"right\" srcset=\"https:\/\/www.polarmatic.com\/wp-content\/uploads\/2023\/04\/MYY_Luukku-auki.png 1024w, https:\/\/www.polarmatic.com\/wp-content\/uploads\/2023\/04\/MYY_Luukku-auki-300x225.png 300w, https:\/\/www.polarmatic.com\/wp-content\/uploads\/2023\/04\/MYY_Luukku-auki-768x576.png 768w\" sizes=\"auto, (max-width: 1024px) 100vw, 1024px\" \/>                                                              <\/div>\n              <div class=\"box-text text-right\" >\n                 <p>microTURBOMATIC<\/p>\n              <\/div>\n            <\/div>\n            <\/a>          <\/div>\n         <\/div><div class=\"gallery-col col\" >\n          <div class=\"col-inner\">\n            <a class=\"image-lightbox lightbox-gallery\" href=\"https:\/\/www.polarmatic.com\/wp-content\/uploads\/2023\/04\/EN-Turbomatic-Micro.png\" title=\"TURBOMATIC Micro\">            <div class=\"box has-hover gallery-box box-normal\">\n              <div class=\"box-image\" >\n                <img loading=\"lazy\" decoding=\"async\" width=\"960\" height=\"720\" src=\"https:\/\/www.polarmatic.com\/wp-content\/uploads\/2023\/04\/EN-Turbomatic-Micro.png\" class=\"attachment-2048x2048 size-2048x2048\" alt=\"Flowchart Turbomatic Micro (EN)\" ids=\"5476,5470,4654\" style=\"normal\" lightbox_image_size=\"2048x2048\" type=\"slider-full\" slider_nav_style=\"circle\" slider_bullets=\"true\" auto_slide=\"6000\" image_size=\"2048x2048\" text_align=\"right\" srcset=\"https:\/\/www.polarmatic.com\/wp-content\/uploads\/2023\/04\/EN-Turbomatic-Micro.png 960w, https:\/\/www.polarmatic.com\/wp-content\/uploads\/2023\/04\/EN-Turbomatic-Micro-300x225.png 300w, https:\/\/www.polarmatic.com\/wp-content\/uploads\/2023\/04\/EN-Turbomatic-Micro-768x576.png 768w\" sizes=\"auto, (max-width: 960px) 100vw, 960px\" \/>                                                              <\/div>\n              <div class=\"box-text text-right\" >\n                 <p>TURBOMATIC Micro<\/p>\n              <\/div>\n            <\/div>\n            <\/a>          <\/div>\n         <\/div><\/div>\n\n\n\t\t<\/div>\n\t\t\t\t\t<\/div>\n\n\t\n\n<\/div>\n","protected":false},"excerpt":{"rendered":"","protected":false},"author":1,"featured_media":0,"parent":6452,"menu_order":4,"comment_status":"closed","ping_status":"closed","template":"","meta":{"_acf_changed":false,"footnotes":""},"class_list":["post-6500","page","type-page","status-publish","hentry"],"acf":[],"_links":{"self":[{"href":"https:\/\/www.polarmatic.com\/fi\/wp-json\/wp\/v2\/pages\/6500","targetHints":{"allow":["GET"]}}],"collection":[{"href":"https:\/\/www.polarmatic.com\/fi\/wp-json\/wp\/v2\/pages"}],"about":[{"href":"https:\/\/www.polarmatic.com\/fi\/wp-json\/wp\/v2\/types\/page"}],"author":[{"embeddable":true,"href":"https:\/\/www.polarmatic.com\/fi\/wp-json\/wp\/v2\/users\/1"}],"replies":[{"embeddable":true,"href":"https:\/\/www.polarmatic.com\/fi\/wp-json\/wp\/v2\/comments?post=6500"}],"version-history":[{"count":6,"href":"https:\/\/www.polarmatic.com\/fi\/wp-json\/wp\/v2\/pages\/6500\/revisions"}],"predecessor-version":[{"id":7464,"href":"https:\/\/www.polarmatic.com\/fi\/wp-json\/wp\/v2\/pages\/6500\/revisions\/7464"}],"up":[{"embeddable":true,"href":"https:\/\/www.polarmatic.com\/fi\/wp-json\/wp\/v2\/pages\/6452"}],"wp:attachment":[{"href":"https:\/\/www.polarmatic.com\/fi\/wp-json\/wp\/v2\/media?parent=6500"}],"curies":[{"name":"wp","href":"https:\/\/api.w.org\/{rel}","templated":true}]}}