{"id":6508,"date":"2023-02-28T16:00:45","date_gmt":"2023-02-28T14:00:45","guid":{"rendered":"https:\/\/www.polarmatic.com\/?page_id=6508"},"modified":"2024-01-05T10:27:19","modified_gmt":"2024-01-05T08:27:19","slug":"turbomatic-turbohoyrygeneraattori","status":"publish","type":"page","link":"https:\/\/www.polarmatic.com\/fi\/ratkaisut\/turbomatic-lammitysratkaisut\/turbomatic-turbohoyrygeneraattori\/","title":{"rendered":"TURBOMATIC TURBOh\u00f6yrygeneraattori"},"content":{"rendered":"\n<div class=\"row\"  id=\"row-369951180\">\n\n\n\t<div id=\"col-1718108783\" class=\"col small-12 large-12\"  >\n\t\t\t\t<div class=\"col-inner\"  >\n\t\t\t\n\t\t\t\n\n\t\t<div class=\"pm-breadcrumbs\">\n\t\t\t\t\n\n<span><span><a href=\"https:\/\/www.polarmatic.com\/fi\/\">Home<\/a><\/span><\/span>\n\t\t<\/div>\n\t\n\n\t\t<\/div>\n\t\t\t\t\t<\/div>\n\n\t\n\n<\/div>\n<div class=\"row\"  id=\"row-476418284\">\n\n\n\t<div id=\"col-1279068045\" class=\"col medium-6 small-12 large-6\"  >\n\t\t\t\t<div class=\"col-inner\"  >\n\t\t\t\n\t\t\t\n\n\t<div id=\"text-325675405\" class=\"text\">\n\t\t\n\n<h1>TURBOMATIC TURBOh\u00f6yrygeneraattori (TSG)<\/h1>\n<p>&nbsp;<\/p>\n<p>TURBOMATIC TURBOh\u00f6yrygeneraattori on tehokas l\u00e4mmitysratkaisu betoniteollisuuden kohteisiin, joissa tarvitaan vain kiviaineksen l\u00e4mmityst\u00e4.<\/p>\n<p>L\u00e4mmitysj\u00e4rjestelm\u00e4 sopii erinomaisesti \u00e4\u00e4rimm\u00e4isiin ilmasto-oloihin ja kohteisiin, joissa tarvitaan korkeatehoista ja jatkuvaa, ymp\u00e4rivuorokautista kiviaineksen l\u00e4mmityst\u00e4.&nbsp;<\/p>\n<p>TURBOh\u00f6yrygeneraattori sulattaa j\u00e4\u00e4n kiviaineksen seasta ja l\u00e4mmitt\u00e4\u00e4 kiviaineksen haluttuun l\u00e4mp\u00f6tilaan muuttamatta sen kosteutta.&nbsp;<\/p>\n\t\t\n<style>\n#text-325675405 {\n  line-height: 1.5;\n}\n<\/style>\n\t<\/div>\n\t\n\n\t\t<\/div>\n\t\t\t\t\t<\/div>\n\n\t\n\n\t<div id=\"col-14308583\" class=\"col medium-6 small-12 large-6\"  >\n\t\t\t\t<div class=\"col-inner\"  >\n\t\t\t\n\t\t\t\n\n\n  \n    <div id=\"gallery-826910755\" class=\"slider slider-auto-height row-collapse slider-nav-circle\" data-flickity-options='{&quot;imagesLoaded&quot;: true, &quot;dragThreshold&quot; : 5, &quot;cellAlign&quot;: &quot;left&quot;,&quot;wrapAround&quot;: true,&quot;prevNextButtons&quot;: true,&quot;percentPosition&quot;: true,&quot;pageDots&quot;: true, &quot;rightToLeft&quot;: false, &quot;autoPlay&quot; : 6000}'>\n\n  <div class=\"gallery-col col\" >\n          <div class=\"col-inner\">\n            <a class=\"image-lightbox lightbox-gallery\" href=\"https:\/\/www.polarmatic.com\/wp-content\/uploads\/2023\/03\/TURBOsteam_generator-01-studio-1024x537.jpg\" title=\"TURBOMATIC TURBOh\u00f6yrygeneraattori\">            <div class=\"box has-hover gallery-box box-normal\">\n              <div class=\"box-image\" >\n                <img loading=\"lazy\" decoding=\"async\" width=\"1500\" height=\"786\" src=\"https:\/\/www.polarmatic.com\/wp-content\/uploads\/2023\/03\/TURBOsteam_generator-01-studio.jpg\" class=\"attachment-2048x2048 size-2048x2048\" alt=\"TURBOMATIC TURBOsteam Generator\" ids=\"3612,3606,4396\" style=\"normal\" type=\"slider-full\" slider_nav_style=\"circle\" slider_bullets=\"true\" auto_slide=\"6000\" image_size=\"2048x2048\" text_align=\"right\" text_padding=\"15px 30px 15px 30px\" srcset=\"https:\/\/www.polarmatic.com\/wp-content\/uploads\/2023\/03\/TURBOsteam_generator-01-studio.jpg 1500w, https:\/\/www.polarmatic.com\/wp-content\/uploads\/2023\/03\/TURBOsteam_generator-01-studio-300x157.jpg 300w, https:\/\/www.polarmatic.com\/wp-content\/uploads\/2023\/03\/TURBOsteam_generator-01-studio-1024x537.jpg 1024w, https:\/\/www.polarmatic.com\/wp-content\/uploads\/2023\/03\/TURBOsteam_generator-01-studio-768x402.jpg 768w\" sizes=\"auto, (max-width: 1500px) 100vw, 1500px\" \/>                                                              <\/div>\n              <div class=\"box-text text-right\" style=\"padding:15px 30px 15px 30px;\">\n                 <p>TURBOMATIC TURBOh\u00f6yrygeneraattori<\/p>\n              <\/div>\n            <\/div>\n            <\/a>          <\/div>\n         <\/div><div class=\"gallery-col col\" >\n          <div class=\"col-inner\">\n            <a class=\"image-lightbox lightbox-gallery\" href=\"https:\/\/www.polarmatic.com\/wp-content\/uploads\/2023\/03\/TURBOMATIC-TSG-C6-open-1024x576.png\" title=\"TURBOMATIC TURBOh\u00f6yrygeneraattori\">            <div class=\"box has-hover gallery-box box-normal\">\n              <div class=\"box-image\" >\n                <img loading=\"lazy\" decoding=\"async\" width=\"1920\" height=\"1080\" src=\"https:\/\/www.polarmatic.com\/wp-content\/uploads\/2023\/03\/TURBOMATIC-TSG-C6-open.png\" class=\"attachment-2048x2048 size-2048x2048\" alt=\"TURBOMATIC MAX AT12 with water container open\" ids=\"3612,3606,4396\" style=\"normal\" type=\"slider-full\" slider_nav_style=\"circle\" slider_bullets=\"true\" auto_slide=\"6000\" image_size=\"2048x2048\" text_align=\"right\" text_padding=\"15px 30px 15px 30px\" srcset=\"https:\/\/www.polarmatic.com\/wp-content\/uploads\/2023\/03\/TURBOMATIC-TSG-C6-open.png 1920w, https:\/\/www.polarmatic.com\/wp-content\/uploads\/2023\/03\/TURBOMATIC-TSG-C6-open-300x169.png 300w, https:\/\/www.polarmatic.com\/wp-content\/uploads\/2023\/03\/TURBOMATIC-TSG-C6-open-1024x576.png 1024w, https:\/\/www.polarmatic.com\/wp-content\/uploads\/2023\/03\/TURBOMATIC-TSG-C6-open-768x432.png 768w, https:\/\/www.polarmatic.com\/wp-content\/uploads\/2023\/03\/TURBOMATIC-TSG-C6-open-1536x864.png 1536w\" sizes=\"auto, (max-width: 1920px) 100vw, 1920px\" \/>                                                              <\/div>\n              <div class=\"box-text text-right\" style=\"padding:15px 30px 15px 30px;\">\n                 <p>TURBOMATIC TURBOh\u00f6yrygeneraattori<\/p>\n              <\/div>\n            <\/div>\n            <\/a>          <\/div>\n         <\/div><div class=\"gallery-col col\" >\n          <div class=\"col-inner\">\n            <a class=\"image-lightbox lightbox-gallery\" href=\"https:\/\/www.polarmatic.com\/wp-content\/uploads\/2023\/03\/Heating-TURBOsteam_generator-EN-1024x791.jpg\" title=\"TURBOMATIC TURBOh\u00f6yrygeneraattorin vuokaavio\">            <div class=\"box has-hover gallery-box box-normal\">\n              <div class=\"box-image\" >\n                <img loading=\"lazy\" decoding=\"async\" width=\"1500\" height=\"1159\" src=\"https:\/\/www.polarmatic.com\/wp-content\/uploads\/2023\/03\/Heating-TURBOsteam_generator-EN.jpg\" class=\"attachment-2048x2048 size-2048x2048\" alt=\"Flowchart TURBOsteam generator\" ids=\"3612,3606,4396\" style=\"normal\" type=\"slider-full\" slider_nav_style=\"circle\" slider_bullets=\"true\" auto_slide=\"6000\" image_size=\"2048x2048\" text_align=\"right\" text_padding=\"15px 30px 15px 30px\" srcset=\"https:\/\/www.polarmatic.com\/wp-content\/uploads\/2023\/03\/Heating-TURBOsteam_generator-EN.jpg 1500w, https:\/\/www.polarmatic.com\/wp-content\/uploads\/2023\/03\/Heating-TURBOsteam_generator-EN-300x232.jpg 300w, https:\/\/www.polarmatic.com\/wp-content\/uploads\/2023\/03\/Heating-TURBOsteam_generator-EN-1024x791.jpg 1024w, https:\/\/www.polarmatic.com\/wp-content\/uploads\/2023\/03\/Heating-TURBOsteam_generator-EN-768x593.jpg 768w\" sizes=\"auto, (max-width: 1500px) 100vw, 1500px\" \/>                                                              <\/div>\n              <div class=\"box-text text-right\" style=\"padding:15px 30px 15px 30px;\">\n                 <p>TURBOMATIC TURBOh\u00f6yrygeneraattorin vuokaavio<\/p>\n              <\/div>\n            <\/div>\n            <\/a>          <\/div>\n         <\/div><\/div>\n\n\n\t\t<\/div>\n\t\t\t\t\t<\/div>\n\n\t\n\n<\/div>\n<div class=\"is-divider divider clearfix\" style=\"max-width:100%;height:1px;\"><\/div>\n\n<div class=\"row\"  id=\"row-960020556\">\n\n\n\t<div id=\"col-1731224691\" class=\"col small-12 large-12\"  >\n\t\t\t\t<div class=\"col-inner\"  >\n\t\t\t\n\t\t\t\n\n\t<div id=\"text-2586999712\" class=\"text\">\n\t\t\n\n<h2>TURBOh\u00f6yrygeneraattorimallit<\/h2>\n\t\t\n<style>\n#text-2586999712 {\n  line-height: 1.5;\n}\n<\/style>\n\t<\/div>\n\t\n\t\t<div class=\"pm-product-specs\">\n\t\t\t\t\n\n\n<table id=\"tablepress-17\" class=\"tablepress tablepress-id-17 tbody-has-connected-cells\">\n<thead>\n<tr class=\"row-1\">\n\t<th class=\"column-1\"><strong>PME-TSG 300<\/strong><\/th><th class=\"column-2\"><strong>PME-TSG 500<\/strong><\/th><th class=\"column-3\"><strong>PME-TSG 750<\/strong><\/th><th class=\"column-4\"><strong>PME-TSG 1000<\/strong><\/th><th class=\"column-5\"><strong>PME TSG-1250<\/strong><\/th><th class=\"column-6\"><strong>PME TSG-1500<\/strong><\/th><th class=\"column-7\"><strong>PME TSG-2000<\/strong><\/th><th class=\"column-8\"><strong>PME-TSG 2500<\/strong><\/th>\n<\/tr>\n<\/thead>\n<tbody class=\"row-striping row-hover\">\n<tr class=\"row-2\">\n\t<td colspan=\"8\" class=\"column-1\"><h3>Teho<\/h3><\/td>\n<\/tr>\n<tr class=\"row-3\">\n\t<td class=\"column-1\"><strong>300 <span class=\"unit\">kW<\/span><\/strong><\/td><td class=\"column-2\"><strong>500 <span class=\"unit\">kW<\/span><\/strong><\/td><td class=\"column-3\"><strong>750 <span class=\"unit\">kW<\/span><\/strong><\/td><td class=\"column-4\"><strong>1000 <span class=\"unit\">kW<\/span><\/strong><\/td><td class=\"column-5\"><strong>1250 <span class=\"unit\">kW<\/span><\/strong><\/td><td class=\"column-6\"><strong>1500 <span class=\"unit\">kW<\/span><\/strong><\/td><td class=\"column-7\"><strong>2000 <span class=\"unit\">kW<\/span><\/strong><\/td><td class=\"column-8\"><strong>2500 <span class=\"unit\">kW<\/span><\/strong><\/td>\n<\/tr>\n<tr class=\"row-4\">\n\t<td class=\"column-1\"><\/td><td class=\"column-2\"><\/td><td class=\"column-3\"><\/td><td class=\"column-4\"><\/td><td class=\"column-5\"><\/td><td class=\"column-6\"><\/td><td class=\"column-7\"><\/td><td class=\"column-8\"><\/td>\n<\/tr>\n<tr class=\"row-5\">\n\t<td colspan=\"8\" class=\"column-1\"><h3>Polttoaine:<\/h3><\/td>\n<\/tr>\n<tr class=\"row-6\">\n\t<td colspan=\"8\" class=\"column-1\"><strong>Kevyt poltto\u00f6ljy, biodiesel<\/strong><\/td>\n<\/tr>\n<tr class=\"row-7\">\n\t<td class=\"column-1\">30 <span class=\"unit\">l\/h<\/span><\/td><td class=\"column-2\">50 <span class=\"unit\">l\/h<\/span><\/td><td class=\"column-3\">75 <span class=\"unit\">l\/h<\/span><\/td><td class=\"column-4\">100 <span class=\"unit\">l\/h<\/span><\/td><td class=\"column-5\">125 <span class=\"unit\">l\/h<\/span><\/td><td class=\"column-6\">150 <span class=\"unit\">l\/h<\/span><\/td><td class=\"column-7\">200 <span class=\"unit\">l\/h<\/span><\/td><td class=\"column-8\">250 <span class=\"unit\">l\/h<\/span><\/td>\n<\/tr>\n<tr class=\"row-8\">\n\t<td colspan=\"8\" class=\"column-1\"><strong>Maakaasu<\/strong><\/td>\n<\/tr>\n<tr class=\"row-9\">\n\t<td class=\"column-1\">30 <span class=\"unit\">m\u00b3n\/h<\/span><\/td><td class=\"column-2\">50 <span class=\"unit\">m\u00b3n\/h<\/span><\/td><td class=\"column-3\">75 <span class=\"unit\">m\u00b3n\/h<\/span><\/td><td class=\"column-4\">100 <span class=\"unit\">m\u00b3n\/h<\/span><\/td><td class=\"column-5\">125 <span class=\"unit\">m\u00b3n\/h<\/span><\/td><td class=\"column-6\">150 <span class=\"unit\">m\u00b3n\/h<\/span><\/td><td class=\"column-7\">200 <span class=\"unit\">m\u00b3n\/h<\/span><\/td><td class=\"column-8\">250 <span class=\"unit\">m\u00b3n\/h<\/span><\/td>\n<\/tr>\n<tr class=\"row-10\">\n\t<td colspan=\"8\" class=\"column-1\">Kaasun paine min 0,8 bar (g)<\/td>\n<\/tr>\n<tr class=\"row-11\">\n\t<td colspan=\"8\" class=\"column-1\"><p><strong>Optiot<\/strong><\/p><ul><li>Turbokontin sis\u00e4\u00e4n rakennettu polttoaines\u00e4ili\u00f6, joka on erotettu muusta tilasta palomuurilla ja varustettu vaadittavilla turvavarusteilla<\/li><li>Kombi-polttimen asennus mahdollistaa, ett\u00e4 laite voi toimia kevyell\u00e4 poltto\u00f6ljyll\u00e4 tai maakaasulla<\/li><li>Kaasupoltin propaanille tai muulle kaasutyypille<\/li><\/ul><\/td>\n<\/tr>\n<tr class=\"row-12\">\n\t<td colspan=\"8\" class=\"column-1\"><strong>HUOM! Todellinen polttoaineen kulutus on huomattavasti pienempi kuin kulutus nimellisteholla<\/strong><\/td>\n<\/tr>\n<tr class=\"row-13\">\n\t<td colspan=\"8\" class=\"column-1\"><h3>Rakenne \/ Asettelu<\/h3><\/td>\n<\/tr>\n<tr class=\"row-14\">\n\t<td colspan=\"8\" class=\"column-1\"><p><strong>TURBOkontti<\/strong><\/p><ul><li>Ulkok\u00e4ytt\u00f6\u00f6n l\u00e4mp\u00f6eristetty<\/li><li>Sivulla kulkuovi<\/li><li>Standardikoko 20\u2019 (P 6050 x L 2438 x K 2592 mm); saatavilla my\u00f6s muita konttikokoja asiakkaan tarpeiden mukaan.<\/li><\/ul><p><strong>TURBOkehikko<\/strong><\/p><ul><li>Sis\u00e4tila-asennuksiin<\/li><li>Kehikon mitat (P 5000 x L 2120 x K 2400 mm); kehikkoja saatavilla my\u00f6s muilla mitoituksilla asiakkaan tarpeiden mukaan<\/li><\/ul><\/td>\n<\/tr>\n<\/tbody>\n<\/table>\n<!-- #tablepress-17 from cache -->\n\t\t<\/div>\n\t\n\n\t\t<\/div>\n\t\t\t\t\t<\/div>\n\n\t\n\n<\/div>\n","protected":false},"excerpt":{"rendered":"","protected":false},"author":1,"featured_media":0,"parent":6402,"menu_order":2,"comment_status":"closed","ping_status":"closed","template":"","meta":{"_acf_changed":false,"footnotes":""},"class_list":["post-6508","page","type-page","status-publish","hentry"],"acf":[],"_links":{"self":[{"href":"https:\/\/www.polarmatic.com\/fi\/wp-json\/wp\/v2\/pages\/6508","targetHints":{"allow":["GET"]}}],"collection":[{"href":"https:\/\/www.polarmatic.com\/fi\/wp-json\/wp\/v2\/pages"}],"about":[{"href":"https:\/\/www.polarmatic.com\/fi\/wp-json\/wp\/v2\/types\/page"}],"author":[{"embeddable":true,"href":"https:\/\/www.polarmatic.com\/fi\/wp-json\/wp\/v2\/users\/1"}],"replies":[{"embeddable":true,"href":"https:\/\/www.polarmatic.com\/fi\/wp-json\/wp\/v2\/comments?post=6508"}],"version-history":[{"count":10,"href":"https:\/\/www.polarmatic.com\/fi\/wp-json\/wp\/v2\/pages\/6508\/revisions"}],"predecessor-version":[{"id":7850,"href":"https:\/\/www.polarmatic.com\/fi\/wp-json\/wp\/v2\/pages\/6508\/revisions\/7850"}],"up":[{"embeddable":true,"href":"https:\/\/www.polarmatic.com\/fi\/wp-json\/wp\/v2\/pages\/6402"}],"wp:attachment":[{"href":"https:\/\/www.polarmatic.com\/fi\/wp-json\/wp\/v2\/media?parent=6508"}],"curies":[{"name":"wp","href":"https:\/\/api.w.org\/{rel}","templated":true}]}}