{"id":6530,"date":"2023-02-28T11:54:41","date_gmt":"2023-02-28T09:54:41","guid":{"rendered":"https:\/\/www.polarmatic.com\/?page_id=6530"},"modified":"2024-01-05T10:29:23","modified_gmt":"2024-01-05T08:29:23","slug":"yhdistetty-lammitys-ja-jaahdytysratkaisu","status":"publish","type":"page","link":"https:\/\/www.polarmatic.com\/fi\/ratkaisut\/turbomatic-lammitysratkaisut\/yhdistetty-lammitys-ja-jaahdytysratkaisu\/","title":{"rendered":"Yhdistetty l\u00e4mmitys- ja j\u00e4\u00e4hdytysratkaisu"},"content":{"rendered":"\n<div class=\"row\"  id=\"row-1224449614\">\n\n\n\t<div id=\"col-88697443\" class=\"col small-12 large-12\"  >\n\t\t\t\t<div class=\"col-inner\"  >\n\t\t\t\n\t\t\t\n\n\t\t<div class=\"pm-breadcrumbs\">\n\t\t\t\t\n\n<span><span><a href=\"https:\/\/www.polarmatic.com\/fi\/\">Home<\/a><\/span><\/span>\n\t\t<\/div>\n\t\n\n\t\t<\/div>\n\t\t\t\t\t<\/div>\n\n\t\n\n<\/div>\n<div class=\"row\"  id=\"row-1860665210\">\n\n\n\t<div id=\"col-2075540741\" class=\"col medium-6 small-12 large-6\"  >\n\t\t\t\t<div class=\"col-inner\"  >\n\t\t\t\n\t\t\t\n\n\t<div id=\"text-3610102289\" class=\"text\">\n\t\t\n\n<h1>Yhdistetty l\u00e4mmitys- ja j\u00e4\u00e4hdytysratkaisu<\/h1>\n<p>&nbsp;<\/p>\n<p>TURBOMATIC L\u00e4mp\u00f6energialaitoksiin on mahdollista integroida COOLMATIC j\u00e4\u00e4hdytysyksikk\u00f6, jolloin samaa laitteistoa voidaan hy\u00f6dynt\u00e4\u00e4 sek\u00e4 l\u00e4mmitykseen ett\u00e4 j\u00e4\u00e4hdytykseen.&nbsp;<\/p>\n<p>COOLMATIC j\u00e4\u00e4hdytysyksik\u00f6n avulla voidaan tuottaa, varastoida ja annostella betonin tuotannossa tarvittavaa kylm\u00e4\u00e4 vett\u00e4. Vaihtoehtoisesti LIN-j\u00e4\u00e4hdytysratkaisun avulla my\u00f6s kiviaines saadaan j\u00e4\u00e4hdytetty\u00e4 tehokkaasti toivottuun l\u00e4mp\u00f6tilaan. Jokainen yhdistelm\u00e4laitos suunnitellaan ja mitoitetaan betonitehdaskohtaisesti.&nbsp;<\/p>\n<p>Kun TURBOMATIC -toiminto yhdistet\u00e4\u00e4n COOLMATIC -toiminnon kanssa, syntyy yhdistetty l\u00e4mmitys- ja j\u00e4\u00e4hdytysj\u00e4rjestelm\u00e4, jossa TURBOMATICin kuumavesis\u00e4ili\u00f6t\u00e4 hy\u00f6dynnet\u00e4\u00e4n kylm\u00e4n veden varastona. Molemmissa toiminnoissa k\u00e4ytet\u00e4\u00e4n samaa annosteluvesij\u00e4rjestelm\u00e4\u00e4; kylm\u00e4n s\u00e4\u00e4n aikaan j\u00e4rjestelm\u00e4n kautta sy\u00f6tet\u00e4\u00e4n l\u00e4mmint\u00e4 annosteluvett\u00e4 tuotantoprosessiin ja l\u00e4mpim\u00e4\u00e4n vuodenaikaan j\u00e4rjestelm\u00e4 sy\u00f6tt\u00e4\u00e4 tuotantoon kylm\u00e4\u00e4 vett\u00e4.&nbsp;<\/p>\n<p>&nbsp;<\/p>\n<p>&nbsp;<\/p>\n\t\t\n<style>\n#text-3610102289 {\n  line-height: 1.5;\n}\n<\/style>\n\t<\/div>\n\t\n<a href=\"https:\/\/www.polarmatic.com\/fi\/ratkaisut\/coolmatic-jaahdytysratkaisut\/\" class=\"button primary lowercase\" >\n\t\t<span>COOLMATIC J\u00e4\u00e4hdytysratkaisut<\/span>\n\t<\/a>\n\n\n<a href=\"https:\/\/www.polarmatic.com\/fi\/ratkaisut\/turbomatic-lammitysratkaisut\/\" class=\"button primary lowercase\" >\n\t\t<span>TURBOMATIC L\u00e4mmitysratkaisut<\/span>\n\t<\/a>\n\n\n\n\t\t<\/div>\n\t\t\t\t\t<\/div>\n\n\t\n\n\t<div id=\"col-1805395225\" class=\"col medium-6 small-12 large-6\"  >\n\t\t\t\t<div class=\"col-inner\"  >\n\t\t\t\n\t\t\t\n\n\n  \n    <div id=\"gallery-630244946\" class=\"slider slider-auto-height row-collapse slider-nav-circle\" data-flickity-options='{&quot;imagesLoaded&quot;: true, &quot;dragThreshold&quot; : 5, &quot;cellAlign&quot;: &quot;left&quot;,&quot;wrapAround&quot;: true,&quot;prevNextButtons&quot;: true,&quot;percentPosition&quot;: true,&quot;pageDots&quot;: true, &quot;rightToLeft&quot;: false, &quot;autoPlay&quot; : 6000}'>\n\n  <div class=\"gallery-col col\" >\n          <div class=\"col-inner\">\n            <a class=\"image-lightbox lightbox-gallery\" href=\"https:\/\/www.polarmatic.com\/wp-content\/uploads\/2023\/04\/Coolmatic-tehdas-01-2048x2048.jpg\" title=\"Yhdistetty l\u00e4mmitys- ja j\u00e4\u00e4hdytysyksikk\u00f6\">            <div class=\"box has-hover gallery-box box-normal\">\n              <div class=\"box-image image-cover\" style=\"padding-top:56.25%;\">\n                <img loading=\"lazy\" decoding=\"async\" width=\"2048\" height=\"2048\" src=\"https:\/\/www.polarmatic.com\/wp-content\/uploads\/2023\/04\/Coolmatic-tehdas-01-2048x2048.jpg\" class=\"attachment-2048x2048 size-2048x2048\" alt=\"Coolmatic Cooling Solutions\" ids=\"4846,5438,5444\" style=\"normal\" lightbox_image_size=\"2048x2048\" type=\"slider-full\" slider_nav_style=\"circle\" slider_bullets=\"true\" auto_slide=\"6000\" image_height=\"56.25%\" image_size=\"2048x2048\" text_align=\"right\" srcset=\"https:\/\/www.polarmatic.com\/wp-content\/uploads\/2023\/04\/Coolmatic-tehdas-01-2048x2048.jpg 2048w, https:\/\/www.polarmatic.com\/wp-content\/uploads\/2023\/04\/Coolmatic-tehdas-01-300x300.jpg 300w, https:\/\/www.polarmatic.com\/wp-content\/uploads\/2023\/04\/Coolmatic-tehdas-01-1024x1024.jpg 1024w, https:\/\/www.polarmatic.com\/wp-content\/uploads\/2023\/04\/Coolmatic-tehdas-01-150x150.jpg 150w, https:\/\/www.polarmatic.com\/wp-content\/uploads\/2023\/04\/Coolmatic-tehdas-01-768x768.jpg 768w, https:\/\/www.polarmatic.com\/wp-content\/uploads\/2023\/04\/Coolmatic-tehdas-01-1536x1536.jpg 1536w\" sizes=\"auto, (max-width: 2048px) 100vw, 2048px\" \/>                                                              <\/div>\n              <div class=\"box-text text-right\" >\n                 <p>Yhdistetty l\u00e4mmitys- ja j\u00e4\u00e4hdytysyksikk\u00f6<\/p>\n              <\/div>\n            <\/div>\n            <\/a>          <\/div>\n         <\/div><div class=\"gallery-col col\" >\n          <div class=\"col-inner\">\n            <a class=\"image-lightbox lightbox-gallery\" href=\"https:\/\/www.polarmatic.com\/wp-content\/uploads\/2023\/04\/PME-STD-Chiller-2048x1536.png\" title=\"Yhdistetty l\u00e4mmitys- ja j\u00e4\u00e4hdytysyksikk\u00f6\">            <div class=\"box has-hover gallery-box box-normal\">\n              <div class=\"box-image image-cover\" style=\"padding-top:56.25%;\">\n                <img loading=\"lazy\" decoding=\"async\" width=\"2048\" height=\"1536\" src=\"https:\/\/www.polarmatic.com\/wp-content\/uploads\/2023\/04\/PME-STD-Chiller-2048x1536.png\" class=\"attachment-2048x2048 size-2048x2048\" alt=\"COOLMATIC Cold Water Cooling\" ids=\"4846,5438,5444\" style=\"normal\" lightbox_image_size=\"2048x2048\" type=\"slider-full\" slider_nav_style=\"circle\" slider_bullets=\"true\" auto_slide=\"6000\" image_height=\"56.25%\" image_size=\"2048x2048\" text_align=\"right\" srcset=\"https:\/\/www.polarmatic.com\/wp-content\/uploads\/2023\/04\/PME-STD-Chiller-2048x1536.png 2048w, https:\/\/www.polarmatic.com\/wp-content\/uploads\/2023\/04\/PME-STD-Chiller-300x225.png 300w, https:\/\/www.polarmatic.com\/wp-content\/uploads\/2023\/04\/PME-STD-Chiller-1024x768.png 1024w, https:\/\/www.polarmatic.com\/wp-content\/uploads\/2023\/04\/PME-STD-Chiller-768x576.png 768w, https:\/\/www.polarmatic.com\/wp-content\/uploads\/2023\/04\/PME-STD-Chiller-1536x1152.png 1536w\" sizes=\"auto, (max-width: 2048px) 100vw, 2048px\" \/>                                                              <\/div>\n              <div class=\"box-text text-right\" >\n                 <p>Yhdistetty l\u00e4mmitys- ja j\u00e4\u00e4hdytysyksikk\u00f6<\/p>\n              <\/div>\n            <\/div>\n            <\/a>          <\/div>\n         <\/div><div class=\"gallery-col col\" >\n          <div class=\"col-inner\">\n            <a class=\"image-lightbox lightbox-gallery\" href=\"https:\/\/www.polarmatic.com\/wp-content\/uploads\/2023\/04\/CHILLER-Kontti-02-2048x1381.png\" title=\"Yhdistetty l\u00e4mmitys- ja j\u00e4\u00e4hdytysyksikk\u00f6\">            <div class=\"box has-hover gallery-box box-normal\">\n              <div class=\"box-image image-cover\" style=\"padding-top:56.25%;\">\n                <img loading=\"lazy\" decoding=\"async\" width=\"2048\" height=\"1381\" src=\"https:\/\/www.polarmatic.com\/wp-content\/uploads\/2023\/04\/CHILLER-Kontti-02-2048x1381.png\" class=\"attachment-2048x2048 size-2048x2048\" alt=\"Combined Heating and Cooling\" ids=\"4846,5438,5444\" style=\"normal\" lightbox_image_size=\"2048x2048\" type=\"slider-full\" slider_nav_style=\"circle\" slider_bullets=\"true\" auto_slide=\"6000\" image_height=\"56.25%\" image_size=\"2048x2048\" text_align=\"right\" srcset=\"https:\/\/www.polarmatic.com\/wp-content\/uploads\/2023\/04\/CHILLER-Kontti-02-2048x1381.png 2048w, https:\/\/www.polarmatic.com\/wp-content\/uploads\/2023\/04\/CHILLER-Kontti-02-300x202.png 300w, https:\/\/www.polarmatic.com\/wp-content\/uploads\/2023\/04\/CHILLER-Kontti-02-1024x691.png 1024w, https:\/\/www.polarmatic.com\/wp-content\/uploads\/2023\/04\/CHILLER-Kontti-02-768x518.png 768w, https:\/\/www.polarmatic.com\/wp-content\/uploads\/2023\/04\/CHILLER-Kontti-02-1536x1036.png 1536w\" sizes=\"auto, (max-width: 2048px) 100vw, 2048px\" \/>                                                              <\/div>\n              <div class=\"box-text text-right\" >\n                 <p>Yhdistetty l\u00e4mmitys- ja j\u00e4\u00e4hdytysyksikk\u00f6<\/p>\n              <\/div>\n            <\/div>\n            <\/a>          <\/div>\n         <\/div><\/div>\n\n\n\t\t<\/div>\n\t\t\t\t\t<\/div>\n\n\t\n\n<\/div>\n","protected":false},"excerpt":{"rendered":"","protected":false},"author":1,"featured_media":0,"parent":6402,"menu_order":4,"comment_status":"closed","ping_status":"closed","template":"","meta":{"_acf_changed":false,"footnotes":""},"class_list":["post-6530","page","type-page","status-publish","hentry"],"acf":[],"_links":{"self":[{"href":"https:\/\/www.polarmatic.com\/fi\/wp-json\/wp\/v2\/pages\/6530","targetHints":{"allow":["GET"]}}],"collection":[{"href":"https:\/\/www.polarmatic.com\/fi\/wp-json\/wp\/v2\/pages"}],"about":[{"href":"https:\/\/www.polarmatic.com\/fi\/wp-json\/wp\/v2\/types\/page"}],"author":[{"embeddable":true,"href":"https:\/\/www.polarmatic.com\/fi\/wp-json\/wp\/v2\/users\/1"}],"replies":[{"embeddable":true,"href":"https:\/\/www.polarmatic.com\/fi\/wp-json\/wp\/v2\/comments?post=6530"}],"version-history":[{"count":10,"href":"https:\/\/www.polarmatic.com\/fi\/wp-json\/wp\/v2\/pages\/6530\/revisions"}],"predecessor-version":[{"id":7688,"href":"https:\/\/www.polarmatic.com\/fi\/wp-json\/wp\/v2\/pages\/6530\/revisions\/7688"}],"up":[{"embeddable":true,"href":"https:\/\/www.polarmatic.com\/fi\/wp-json\/wp\/v2\/pages\/6402"}],"wp:attachment":[{"href":"https:\/\/www.polarmatic.com\/fi\/wp-json\/wp\/v2\/media?parent=6530"}],"curies":[{"name":"wp","href":"https:\/\/api.w.org\/{rel}","templated":true}]}}