{"id":6540,"date":"2023-03-14T13:31:17","date_gmt":"2023-03-14T11:31:17","guid":{"rendered":"https:\/\/www.polarmatic.com\/?page_id=6540"},"modified":"2024-01-05T10:29:59","modified_gmt":"2024-01-05T08:29:59","slug":"lisaosat-ja-varusteet","status":"publish","type":"page","link":"https:\/\/www.polarmatic.com\/fi\/ratkaisut\/turbomatic-lammitysratkaisut\/lisaosat-ja-varusteet\/","title":{"rendered":"Lis\u00e4osat ja -varusteet"},"content":{"rendered":"\n<div class=\"row\"  id=\"row-214048415\">\n\n\n\t<div id=\"col-337970372\" class=\"col small-12 large-12\"  >\n\t\t\t\t<div class=\"col-inner\"  >\n\t\t\t\n\t\t\t\n\n\t\t<div class=\"pm-breadcrumbs\">\n\t\t\t\t\n\n<span><span><a href=\"https:\/\/www.polarmatic.com\/fi\/\">Home<\/a><\/span><\/span>\n\t\t<\/div>\n\t\n\n\t\t<\/div>\n\t\t\t\t\t<\/div>\n\n\t\n\n<\/div>\n<div class=\"row\"  id=\"row-401426957\">\n\n\n\t<div id=\"col-654515983\" class=\"col medium-6 small-12 large-6\"  >\n\t\t\t\t<div class=\"col-inner\"  >\n\t\t\t\n\t\t\t\n\n\t<div id=\"text-744378889\" class=\"text\">\n\t\t\n\n<h1 style=\"text-align: left;\">Lis\u00e4osat ja -varusteet<\/h1>\n<p class=\"lead\" style=\"text-align: left;\"><span style=\"font-size: 75%;\">Lis\u00e4\u00e4 betonintuotantonne tuottavuutta ja laajenna Polarmatic-j\u00e4rjestelmienne k\u00e4ytett\u00e4vyytt\u00e4 Polarmaticin lis\u00e4osilla ja -tarvikkeilla.<\/span><\/p>\n<p>&nbsp;<\/p>\n<p>&nbsp;<\/p>\n<p>&nbsp;<\/p>\n\t\t\n<style>\n#text-744378889 {\n  line-height: 1.5;\n  text-align: center;\n}\n<\/style>\n\t<\/div>\n\t\n\n\t\t<\/div>\n\t\t\t\t\n<style>\n#col-654515983 > .col-inner {\n  padding: 30px 0px 0px 0px;\n}\n<\/style>\n\t<\/div>\n\n\t\n\n\t<div id=\"col-1969319871\" class=\"col medium-6 small-12 large-6\"  >\n\t\t\t\t<div class=\"col-inner\"  >\n\t\t\t\n\t\t\t\n\n\n  \n    <div id=\"gallery-80006836\" class=\"slider slider-auto-height row-collapse slider-nav-outside slider-nav-circle\" data-flickity-options='{&quot;imagesLoaded&quot;: true, &quot;dragThreshold&quot; : 5, &quot;cellAlign&quot;: &quot;left&quot;,&quot;wrapAround&quot;: true,&quot;prevNextButtons&quot;: true,&quot;percentPosition&quot;: true,&quot;pageDots&quot;: true, &quot;rightToLeft&quot;: false, &quot;autoPlay&quot; : 6000}'>\n\n  <div class=\"gallery-col col\" >\n          <div class=\"col-inner\">\n            <a class=\"image-lightbox lightbox-gallery\" href=\"https:\/\/www.polarmatic.com\/wp-content\/uploads\/2023\/03\/iStock-1196104239-Information-Solutions-Image-for-Tempmatic-2048x1365.jpg\" title=\"L\u00e4mp\u00f6tila-anturit\">            <div class=\"box has-hover gallery-box box-normal\">\n              <div class=\"box-image image-cover\" style=\"padding-top:50%;\">\n                <img loading=\"lazy\" decoding=\"async\" width=\"2048\" height=\"1365\" src=\"https:\/\/www.polarmatic.com\/wp-content\/uploads\/2023\/03\/iStock-1196104239-Information-Solutions-Image-for-Tempmatic-2048x1365.jpg\" class=\"attachment-2048x2048 size-2048x2048\" alt=\"TEMPMATIC temperature measurement solution for concrete mixers\" ids=\"3762,4794,4802,4812,4776,4770\" style=\"normal\" lightbox_image_size=\"2048x2048\" type=\"slider-full\" slider_nav_style=\"circle\" slider_nav_position=\"outside\" slider_bullets=\"true\" auto_slide=\"6000\" image_height=\"50%\" image_size=\"2048x2048\" text_align=\"right\" text_padding=\"0px 0px 0px 0px\" srcset=\"https:\/\/www.polarmatic.com\/wp-content\/uploads\/2023\/03\/iStock-1196104239-Information-Solutions-Image-for-Tempmatic-2048x1365.jpg 2048w, https:\/\/www.polarmatic.com\/wp-content\/uploads\/2023\/03\/iStock-1196104239-Information-Solutions-Image-for-Tempmatic-300x200.jpg 300w, https:\/\/www.polarmatic.com\/wp-content\/uploads\/2023\/03\/iStock-1196104239-Information-Solutions-Image-for-Tempmatic-1024x683.jpg 1024w, https:\/\/www.polarmatic.com\/wp-content\/uploads\/2023\/03\/iStock-1196104239-Information-Solutions-Image-for-Tempmatic-768x512.jpg 768w, https:\/\/www.polarmatic.com\/wp-content\/uploads\/2023\/03\/iStock-1196104239-Information-Solutions-Image-for-Tempmatic-1536x1024.jpg 1536w\" sizes=\"auto, (max-width: 2048px) 100vw, 2048px\" \/>                                                              <\/div>\n              <div class=\"box-text text-right\" style=\"padding:0px 0px 0px 0px;\">\n                 <p>L\u00e4mp\u00f6tila-anturit<\/p>\n              <\/div>\n            <\/div>\n            <\/a>          <\/div>\n         <\/div><div class=\"gallery-col col\" >\n          <div class=\"col-inner\">\n            <a class=\"image-lightbox lightbox-gallery\" href=\"https:\/\/www.polarmatic.com\/wp-content\/uploads\/2023\/04\/Oil_tank_accessories-01.jpg\" title=\"Lis\u00e4laitteet \u00f6ljys\u00e4ili\u00f6\u00f6n\">            <div class=\"box has-hover gallery-box box-normal\">\n              <div class=\"box-image image-cover\" style=\"padding-top:50%;\">\n                <img loading=\"lazy\" decoding=\"async\" width=\"320\" height=\"230\" src=\"https:\/\/www.polarmatic.com\/wp-content\/uploads\/2023\/04\/Oil_tank_accessories-01.jpg\" class=\"attachment-2048x2048 size-2048x2048\" alt=\"Polarmatic oil tank accessories.\" ids=\"3762,4794,4802,4812,4776,4770\" style=\"normal\" lightbox_image_size=\"2048x2048\" type=\"slider-full\" slider_nav_style=\"circle\" slider_nav_position=\"outside\" slider_bullets=\"true\" auto_slide=\"6000\" image_height=\"50%\" image_size=\"2048x2048\" text_align=\"right\" text_padding=\"0px 0px 0px 0px\" srcset=\"https:\/\/www.polarmatic.com\/wp-content\/uploads\/2023\/04\/Oil_tank_accessories-01.jpg 320w, https:\/\/www.polarmatic.com\/wp-content\/uploads\/2023\/04\/Oil_tank_accessories-01-300x216.jpg 300w\" sizes=\"auto, (max-width: 320px) 100vw, 320px\" \/>                                                              <\/div>\n              <div class=\"box-text text-right\" style=\"padding:0px 0px 0px 0px;\">\n                 <p>Lis\u00e4laitteet \u00f6ljys\u00e4ili\u00f6\u00f6n<\/p>\n              <\/div>\n            <\/div>\n            <\/a>          <\/div>\n         <\/div><div class=\"gallery-col col\" >\n          <div class=\"col-inner\">\n            <a class=\"image-lightbox lightbox-gallery\" href=\"https:\/\/www.polarmatic.com\/wp-content\/uploads\/2023\/04\/GSM_alarm.jpg\" title=\"GSM-h\u00e4lytysj\u00e4rjestelm\u00e4\">            <div class=\"box has-hover gallery-box box-normal\">\n              <div class=\"box-image image-cover\" style=\"padding-top:50%;\">\n                <img loading=\"lazy\" decoding=\"async\" width=\"320\" height=\"230\" src=\"https:\/\/www.polarmatic.com\/wp-content\/uploads\/2023\/04\/GSM_alarm.jpg\" class=\"attachment-2048x2048 size-2048x2048\" alt=\"Polarmatic mobile phone alarm for TURBOMATIC system.\" ids=\"3762,4794,4802,4812,4776,4770\" style=\"normal\" lightbox_image_size=\"2048x2048\" type=\"slider-full\" slider_nav_style=\"circle\" slider_nav_position=\"outside\" slider_bullets=\"true\" auto_slide=\"6000\" image_height=\"50%\" image_size=\"2048x2048\" text_align=\"right\" text_padding=\"0px 0px 0px 0px\" srcset=\"https:\/\/www.polarmatic.com\/wp-content\/uploads\/2023\/04\/GSM_alarm.jpg 320w, https:\/\/www.polarmatic.com\/wp-content\/uploads\/2023\/04\/GSM_alarm-300x216.jpg 300w\" sizes=\"auto, (max-width: 320px) 100vw, 320px\" \/>                                                              <\/div>\n              <div class=\"box-text text-right\" style=\"padding:0px 0px 0px 0px;\">\n                 <p>GSM-h\u00e4lytysj\u00e4rjestelm\u00e4<\/p>\n              <\/div>\n            <\/div>\n            <\/a>          <\/div>\n         <\/div><div class=\"gallery-col col\" >\n          <div class=\"col-inner\">\n            <a class=\"image-lightbox lightbox-gallery\" href=\"https:\/\/www.polarmatic.com\/wp-content\/uploads\/2023\/04\/Cold_Water_Container.jpg\" title=\"Kylm\u00e4vesikontti\">            <div class=\"box has-hover gallery-box box-normal\">\n              <div class=\"box-image image-cover\" style=\"padding-top:50%;\">\n                <img loading=\"lazy\" decoding=\"async\" width=\"320\" height=\"230\" src=\"https:\/\/www.polarmatic.com\/wp-content\/uploads\/2023\/04\/Cold_Water_Container.jpg\" class=\"attachment-2048x2048 size-2048x2048\" alt=\"Polarmatic Cold Water Container\" ids=\"3762,4794,4802,4812,4776,4770\" style=\"normal\" lightbox_image_size=\"2048x2048\" type=\"slider-full\" slider_nav_style=\"circle\" slider_nav_position=\"outside\" slider_bullets=\"true\" auto_slide=\"6000\" image_height=\"50%\" image_size=\"2048x2048\" text_align=\"right\" text_padding=\"0px 0px 0px 0px\" srcset=\"https:\/\/www.polarmatic.com\/wp-content\/uploads\/2023\/04\/Cold_Water_Container.jpg 320w, https:\/\/www.polarmatic.com\/wp-content\/uploads\/2023\/04\/Cold_Water_Container-300x216.jpg 300w\" sizes=\"auto, (max-width: 320px) 100vw, 320px\" \/>                                                              <\/div>\n              <div class=\"box-text text-right\" style=\"padding:0px 0px 0px 0px;\">\n                 <p>Kylm\u00e4vesikontti<\/p>\n              <\/div>\n            <\/div>\n            <\/a>          <\/div>\n         <\/div><div class=\"gallery-col col\" >\n          <div class=\"col-inner\">\n            <a class=\"image-lightbox lightbox-gallery\" href=\"https:\/\/www.polarmatic.com\/wp-content\/uploads\/2023\/04\/water-equipment.jpg\" title=\"Varusteet vedenk\u00e4ytt\u00f6\u00f6n\">            <div class=\"box has-hover gallery-box box-normal\">\n              <div class=\"box-image image-cover\" style=\"padding-top:50%;\">\n                <img loading=\"lazy\" decoding=\"async\" width=\"340\" height=\"230\" src=\"https:\/\/www.polarmatic.com\/wp-content\/uploads\/2023\/04\/water-equipment.jpg\" class=\"attachment-2048x2048 size-2048x2048\" alt=\"Water Equipment\" ids=\"3762,4794,4802,4812,4776,4770\" style=\"normal\" lightbox_image_size=\"2048x2048\" type=\"slider-full\" slider_nav_style=\"circle\" slider_nav_position=\"outside\" slider_bullets=\"true\" auto_slide=\"6000\" image_height=\"50%\" image_size=\"2048x2048\" text_align=\"right\" text_padding=\"0px 0px 0px 0px\" srcset=\"https:\/\/www.polarmatic.com\/wp-content\/uploads\/2023\/04\/water-equipment.jpg 340w, https:\/\/www.polarmatic.com\/wp-content\/uploads\/2023\/04\/water-equipment-300x203.jpg 300w\" sizes=\"auto, (max-width: 340px) 100vw, 340px\" \/>                                                              <\/div>\n              <div class=\"box-text text-right\" style=\"padding:0px 0px 0px 0px;\">\n                 <p>Varusteet vedenk\u00e4ytt\u00f6\u00f6n<\/p>\n              <\/div>\n            <\/div>\n            <\/a>          <\/div>\n         <\/div><div class=\"gallery-col col\" >\n          <div class=\"col-inner\">\n            <a class=\"image-lightbox lightbox-gallery\" href=\"https:\/\/www.polarmatic.com\/wp-content\/uploads\/2023\/04\/Water_treatment_equipment.jpg\" title=\"Tarvikkeet vedenk\u00e4sittelyyn\">            <div class=\"box has-hover gallery-box box-normal\">\n              <div class=\"box-image image-cover\" style=\"padding-top:50%;\">\n                <img loading=\"lazy\" decoding=\"async\" width=\"320\" height=\"230\" src=\"https:\/\/www.polarmatic.com\/wp-content\/uploads\/2023\/04\/Water_treatment_equipment.jpg\" class=\"attachment-2048x2048 size-2048x2048\" alt=\"Water Treatment Equipment\" ids=\"3762,4794,4802,4812,4776,4770\" style=\"normal\" lightbox_image_size=\"2048x2048\" type=\"slider-full\" slider_nav_style=\"circle\" slider_nav_position=\"outside\" slider_bullets=\"true\" auto_slide=\"6000\" image_height=\"50%\" image_size=\"2048x2048\" text_align=\"right\" text_padding=\"0px 0px 0px 0px\" srcset=\"https:\/\/www.polarmatic.com\/wp-content\/uploads\/2023\/04\/Water_treatment_equipment.jpg 320w, https:\/\/www.polarmatic.com\/wp-content\/uploads\/2023\/04\/Water_treatment_equipment-300x216.jpg 300w\" sizes=\"auto, (max-width: 320px) 100vw, 320px\" \/>                                                              <\/div>\n              <div class=\"box-text text-right\" style=\"padding:0px 0px 0px 0px;\">\n                 <p>Tarvikkeet vedenk\u00e4sittelyyn<\/p>\n              <\/div>\n            <\/div>\n            <\/a>          <\/div>\n         <\/div><\/div>\n\n\n\t\t<\/div>\n\t\t\t\t\t<\/div>\n\n\t\n\n<\/div>\n<div class=\"is-divider divider clearfix\" style=\"max-width:100%;height:1px;\"><\/div>\n\n<div class=\"row align-middle\"  id=\"row-181936520\">\n\n\n\t<div id=\"col-1973251167\" class=\"col medium-6 small-12 large-6\"  >\n\t\t\t\t<div class=\"col-inner\"  >\n\t\t\t\n\t\t\t\n\n\t<div class=\"img has-hover x md-x lg-x y md-y lg-y\" id=\"image_1461851098\">\n\t\t\t\t\t\t\t\t<div class=\"img-inner image-cover dark\" style=\"padding-top:56.25%;\">\n\t\t\t<img loading=\"lazy\" decoding=\"async\" width=\"2048\" height=\"1280\" src=\"https:\/\/www.polarmatic.com\/wp-content\/uploads\/2023\/04\/Oljysailiokontti-2048x1280.png\" class=\"attachment-2048x2048 size-2048x2048\" alt=\"Polarmatic TURBO Fuel Oil Container\" srcset=\"https:\/\/www.polarmatic.com\/wp-content\/uploads\/2023\/04\/Oljysailiokontti-2048x1280.png 2048w, https:\/\/www.polarmatic.com\/wp-content\/uploads\/2023\/04\/Oljysailiokontti-300x188.png 300w, https:\/\/www.polarmatic.com\/wp-content\/uploads\/2023\/04\/Oljysailiokontti-1024x640.png 1024w, https:\/\/www.polarmatic.com\/wp-content\/uploads\/2023\/04\/Oljysailiokontti-768x480.png 768w, https:\/\/www.polarmatic.com\/wp-content\/uploads\/2023\/04\/Oljysailiokontti-1536x960.png 1536w\" sizes=\"auto, (max-width: 2048px) 100vw, 2048px\" \/>\t\t\t\t\t\t\n\t\t\t\t\t<\/div>\n\t\t\t\t\t\t\t\t\n<style>\n#image_1461851098 {\n  width: 70%;\n}\n<\/style>\n\t<\/div>\n\t\n\n\n\t\t<\/div>\n\t\t\t\t\n<style>\n#col-1973251167 > .col-inner {\n  padding: 30px 0px 0px 0px;\n}\n<\/style>\n\t<\/div>\n\n\t\n\n\t<div id=\"col-849072055\" class=\"col medium-6 small-12 large-6\"  >\n\t\t\t\t<div class=\"col-inner\"  >\n\t\t\t\n\t\t\t\n\n\t<div id=\"text-1693021481\" class=\"text\">\n\t\t\n\n<h2>Lis\u00e4osat Polarmatic -j\u00e4rjestelmiin<\/h2>\n\t\t\n<style>\n#text-1693021481 {\n  line-height: 1.5;\n}\n<\/style>\n\t<\/div>\n\t\n<a href=\"https:\/\/www.polarmatic.com\/fi\/ratkaisut\/turbomatic-lammitysratkaisut\/lisaosat\" class=\"button primary lowercase\" >\n\t\t<span>Lue lis\u00e4\u00e4<\/span>\n\t<\/a>\n\n\n\n\t\t<\/div>\n\t\t\t\t\t<\/div>\n\n\t\n\n<\/div>\n<div class=\"is-divider divider clearfix\" style=\"max-width:100%;height:1px;\"><\/div>\n\n<div class=\"row align-middle\"  id=\"row-1362687193\">\n\n\n\t<div id=\"col-2081073742\" class=\"col medium-6 small-12 large-6 small-col-first\"  >\n\t\t\t\t<div class=\"col-inner\"  >\n\t\t\t\n\t\t\t\n\n\t<div class=\"img has-hover x md-x lg-x y md-y lg-y\" id=\"image_1761379279\">\n\t\t\t\t\t\t\t\t<div class=\"img-inner image-cover dark\" style=\"padding-top:56.25%;\">\n\t\t\t<img loading=\"lazy\" decoding=\"async\" width=\"1020\" height=\"680\" src=\"https:\/\/www.polarmatic.com\/wp-content\/uploads\/2023\/03\/iStock-1196104239-Information-Solutions-Image-for-Tempmatic-1024x683.jpg\" class=\"attachment-large size-large\" alt=\"TEMPMATIC temperature measurement solutions for concrete mixers\" srcset=\"https:\/\/www.polarmatic.com\/wp-content\/uploads\/2023\/03\/iStock-1196104239-Information-Solutions-Image-for-Tempmatic-1024x683.jpg 1024w, https:\/\/www.polarmatic.com\/wp-content\/uploads\/2023\/03\/iStock-1196104239-Information-Solutions-Image-for-Tempmatic-300x200.jpg 300w, https:\/\/www.polarmatic.com\/wp-content\/uploads\/2023\/03\/iStock-1196104239-Information-Solutions-Image-for-Tempmatic-768x512.jpg 768w, https:\/\/www.polarmatic.com\/wp-content\/uploads\/2023\/03\/iStock-1196104239-Information-Solutions-Image-for-Tempmatic-1536x1024.jpg 1536w, https:\/\/www.polarmatic.com\/wp-content\/uploads\/2023\/03\/iStock-1196104239-Information-Solutions-Image-for-Tempmatic-2048x1365.jpg 2048w\" sizes=\"auto, (max-width: 1020px) 100vw, 1020px\" \/>\t\t\t\t\t\t\n\t\t\t\t\t<\/div>\n\t\t\t\t\t\t\t\t\n<style>\n#image_1761379279 {\n  width: 70%;\n}\n<\/style>\n\t<\/div>\n\t\n\n\n\t\t<\/div>\n\t\t\t\t\t<\/div>\n\n\t\n\n\t<div id=\"col-185042846\" class=\"col medium-6 small-12 large-6\"  >\n\t\t\t\t<div class=\"col-inner\"  >\n\t\t\t\n\t\t\t\n\n\t<div id=\"text-1990721961\" class=\"text\">\n\t\t\n\n<h2>Lis\u00e4varusteet Polarmatic -j\u00e4rjestelmiin<\/h2>\n\t\t\n<style>\n#text-1990721961 {\n  line-height: 1.5;\n}\n<\/style>\n\t<\/div>\n\t\n<a href=\"https:\/\/www.polarmatic.com\/fi\/ratkaisut\/turbomatic-lammitysratkaisut\/lisavarusteet\" class=\"button primary lowercase\" >\n\t\t<span>Lue lis\u00e4\u00e4<\/span>\n\t<\/a>\n\n\n\n\t\t<\/div>\n\t\t\t\t\t<\/div>\n\n\t\n\n\n<style>\n#row-1362687193 > .col > .col-inner {\n  padding: 30px 0px 0px 0px;\n}\n<\/style>\n<\/div>\n\n","protected":false},"excerpt":{"rendered":"","protected":false},"author":1,"featured_media":0,"parent":6402,"menu_order":5,"comment_status":"closed","ping_status":"closed","template":"","meta":{"_acf_changed":false,"footnotes":""},"class_list":["post-6540","page","type-page","status-publish","hentry"],"acf":[],"_links":{"self":[{"href":"https:\/\/www.polarmatic.com\/fi\/wp-json\/wp\/v2\/pages\/6540","targetHints":{"allow":["GET"]}}],"collection":[{"href":"https:\/\/www.polarmatic.com\/fi\/wp-json\/wp\/v2\/pages"}],"about":[{"href":"https:\/\/www.polarmatic.com\/fi\/wp-json\/wp\/v2\/types\/page"}],"author":[{"embeddable":true,"href":"https:\/\/www.polarmatic.com\/fi\/wp-json\/wp\/v2\/users\/1"}],"replies":[{"embeddable":true,"href":"https:\/\/www.polarmatic.com\/fi\/wp-json\/wp\/v2\/comments?post=6540"}],"version-history":[{"count":7,"href":"https:\/\/www.polarmatic.com\/fi\/wp-json\/wp\/v2\/pages\/6540\/revisions"}],"predecessor-version":[{"id":7702,"href":"https:\/\/www.polarmatic.com\/fi\/wp-json\/wp\/v2\/pages\/6540\/revisions\/7702"}],"up":[{"embeddable":true,"href":"https:\/\/www.polarmatic.com\/fi\/wp-json\/wp\/v2\/pages\/6402"}],"wp:attachment":[{"href":"https:\/\/www.polarmatic.com\/fi\/wp-json\/wp\/v2\/media?parent=6540"}],"curies":[{"name":"wp","href":"https:\/\/api.w.org\/{rel}","templated":true}]}}