{"id":6546,"date":"2023-03-22T14:38:14","date_gmt":"2023-03-22T12:38:14","guid":{"rendered":"https:\/\/www.polarmatic.com\/?page_id=6546"},"modified":"2024-01-05T10:30:35","modified_gmt":"2024-01-05T08:30:35","slug":"lisaosat","status":"publish","type":"page","link":"https:\/\/www.polarmatic.com\/fi\/ratkaisut\/turbomatic-lammitysratkaisut\/lisaosat-ja-varusteet\/lisaosat\/","title":{"rendered":"Lis\u00e4osat"},"content":{"rendered":"\n<div class=\"row\"  id=\"row-1368792235\">\n\n\n\t<div id=\"col-603863451\" class=\"col small-12 large-12\"  >\n\t\t\t\t<div class=\"col-inner\"  >\n\t\t\t\n\t\t\t\n\n\t\t<div class=\"pm-breadcrumbs\">\n\t\t\t\t\n\n<span><span><a href=\"https:\/\/www.polarmatic.com\/fi\/\">Home<\/a><\/span><\/span>\n\t\t<\/div>\n\t\n\n\t\t<\/div>\n\t\t\t\t\t<\/div>\n\n\t\n\n<\/div>\n<div class=\"row\"  id=\"row-1112589787\">\n\n\n\t<div id=\"col-1253824639\" class=\"col small-12 large-12\"  >\n\t\t\t\t<div class=\"col-inner\"  >\n\t\t\t\n\t\t\t\n\n\t<div id=\"text-3699582467\" class=\"text\">\n\t\t\n\n<h2>Lis\u00e4osat Polarmatic-j\u00e4rjestelmiin<\/h2>\n\t\t\n<style>\n#text-3699582467 {\n  line-height: 1.5;\n  color: rgb(255,255,255);\n}\n#text-3699582467 > * {\n  color: rgb(255,255,255);\n}\n<\/style>\n\t<\/div>\n\t\n\n\t\t<\/div>\n\t\t\t\t\t<\/div>\n\n\t\n\n\n<style>\n#row-1112589787 > .col > .col-inner {\n  padding: 30px 0px 30px 30px;\n  background-color: #82ab4e;\n}\n<\/style>\n<\/div>\n<div class=\"row\"  id=\"row-1658188568\">\n\n\n\t<div id=\"col-1261522299\" class=\"col medium-4 small-12 large-4\"  >\n\t\t\t\t<div class=\"col-inner\"  >\n\t\t\t\n\t\t\t\n\n\t<div class=\"img has-hover x md-x lg-x y md-y lg-y\" id=\"image_1645697393\">\n\t\t\t\t\t\t\t\t<div class=\"img-inner dark\" >\n\t\t\t<img loading=\"lazy\" decoding=\"async\" width=\"2048\" height=\"1280\" src=\"https:\/\/www.polarmatic.com\/wp-content\/uploads\/2023\/04\/Oljysailiokontti-2048x1280.png\" class=\"attachment-2048x2048 size-2048x2048\" alt=\"Polarmatic TURBO Fuel Oil Container\" srcset=\"https:\/\/www.polarmatic.com\/wp-content\/uploads\/2023\/04\/Oljysailiokontti-2048x1280.png 2048w, https:\/\/www.polarmatic.com\/wp-content\/uploads\/2023\/04\/Oljysailiokontti-300x188.png 300w, https:\/\/www.polarmatic.com\/wp-content\/uploads\/2023\/04\/Oljysailiokontti-1024x640.png 1024w, https:\/\/www.polarmatic.com\/wp-content\/uploads\/2023\/04\/Oljysailiokontti-768x480.png 768w, https:\/\/www.polarmatic.com\/wp-content\/uploads\/2023\/04\/Oljysailiokontti-1536x960.png 1536w\" sizes=\"auto, (max-width: 2048px) 100vw, 2048px\" \/>\t\t\t\t\t\t\n\t\t\t\t\t<\/div>\n\t\t\t\t\t\t\t\t\n<style>\n#image_1645697393 {\n  width: 100%;\n}\n<\/style>\n\t<\/div>\n\t\n\n\t<div class=\"img has-hover x md-x lg-x y md-y lg-y\" id=\"image_1947722703\">\n\t\t\t\t\t\t\t\t<div class=\"img-inner dark\" >\n\t\t\t\t\t\t\t\t\t\n\t\t\t\t\t<\/div>\n\t\t\t\t\t\t\t\t\n<style>\n#image_1947722703 {\n  width: 80%;\n}\n<\/style>\n\t<\/div>\n\t\n\n\n\t\t<\/div>\n\t\t\t\t\t<\/div>\n\n\t\n\n\t<div id=\"col-1786543480\" class=\"col medium-8 small-12 large-8\"  >\n\t\t\t\t<div class=\"col-inner\"  >\n\t\t\t\n\t\t\t\n\n\t<div id=\"text-974764766\" class=\"text\">\n\t\t\n\n<h2>TURBOfuel Polttoainekontti<\/h2>\n<ul>\n<li>Rakennetaan kuuden metrin (20&#8242;) merikonttiin<\/li>\n<li>\u00d6ljys\u00e4ili\u00f6tilavuus 8 \u2013 14 m\u00b3 (2,100 \u2013 3,700 gallonaa)<\/li>\n<\/ul>\n<p>\u00a0<\/p>\n<h2><span style=\"color: #3a5dae; font-size: 75%;\">Vakiovarustus<\/span><\/h2>\n<ul>\n<li>TURBOMATICin polttoaineen sy\u00f6tt\u00f6j\u00e4rjestelm\u00e4ss\u00e4 on v\u00e4lis\u00e4ili\u00f6 ja siirtopumppu<\/li>\n<li>S\u00e4hk\u00f6p\u00e4\u00e4keskus<\/li>\n<li>S\u00e4ili\u00f6n t\u00e4yteyhteet<\/li>\n<\/ul>\n<p>\u00a0<\/p>\n<h2><span style=\"color: #3a5dae; font-size: 75%;\">Lis\u00e4varustus<\/span><\/h2>\n<ul>\n<li>Tankkauspumppu 60 \u2013 100 l\/min (16 \u2013 26 GPM) sis\u00e4lt\u00e4en automaattisuuttimen ja mittarin<\/li>\n<li>Letkukela<\/li>\n<li>V\u00e4lis\u00e4ili\u00f6ss\u00e4 lis\u00e4l\u00e4mmitin polttoaineelle<\/li>\n<li>Kulkusilta polttoaines\u00e4ili\u00f6n p\u00e4\u00e4ll\u00e4<\/li>\n<li>L\u00e4mp\u00f6eristys<\/li>\n<li>Osa kontista voidaan varustella varastotilaksi<\/li>\n<\/ul>\n<h3>\u00a0<\/h3>\n<h2><span style=\"color: #3a5dae; font-size: 75%;\">Yhteensopivuus<\/span><\/h2>\n<ul>\n<li><a href=\"https:\/\/www.polarmatic.com\/fi\/ratkaisut\/turbomatic-lammitysratkaisut\/\">TURBOMATIC<\/a> l\u00e4mmitysratkaisut<\/li>\n<li><a href=\"https:\/\/www.polarmatic.com\/fi\/ratkaisut\/curematic-kypsytysratkaisut\/\">CUREMATIC<\/a> kypsytysratkaisut<\/li>\n<\/ul>\n\t\t\n<style>\n#text-974764766 {\n  line-height: 1.5;\n}\n<\/style>\n\t<\/div>\n\t\n\n\t\t<\/div>\n\t\t\t\t\t<\/div>\n\n\t\n\n\n<style>\n#row-1658188568 > .col > .col-inner {\n  padding: 30px 0px 0px 0px;\n}\n<\/style>\n<\/div>\n<div class=\"is-divider divider clearfix\" style=\"max-width:100%;height:1px;\"><\/div>\n\n<div class=\"row\"  id=\"row-204111680\">\n\n\n\t<div id=\"col-1590221615\" class=\"col medium-4 small-12 large-4\"  >\n\t\t\t\t<div class=\"col-inner\"  >\n\t\t\t\n\t\t\t\n\n\t<div class=\"img has-hover x md-x lg-x y md-y lg-y\" id=\"image_1966850224\">\n\t\t\t\t\t\t\t\t<div class=\"img-inner dark\" >\n\t\t\t<img loading=\"lazy\" decoding=\"async\" width=\"320\" height=\"230\" src=\"https:\/\/www.polarmatic.com\/wp-content\/uploads\/2023\/04\/Cold_Water_Container.jpg\" class=\"attachment-2048x2048 size-2048x2048\" alt=\"Polarmatic Cold Water Container\" srcset=\"https:\/\/www.polarmatic.com\/wp-content\/uploads\/2023\/04\/Cold_Water_Container.jpg 320w, https:\/\/www.polarmatic.com\/wp-content\/uploads\/2023\/04\/Cold_Water_Container-300x216.jpg 300w\" sizes=\"auto, (max-width: 320px) 100vw, 320px\" \/>\t\t\t\t\t\t\n\t\t\t\t\t<\/div>\n\t\t\t\t\t\t\t\t\n<style>\n#image_1966850224 {\n  width: 80%;\n}\n<\/style>\n\t<\/div>\n\t\n\n\n\t\t<\/div>\n\t\t\t\t\t<\/div>\n\n\t\n\n\t<div id=\"col-4285625\" class=\"col medium-8 small-12 large-8\"  >\n\t\t\t\t<div class=\"col-inner\"  >\n\t\t\t\n\t\t\t\n\n\t<div id=\"text-2515070521\" class=\"text\">\n\t\t\n\n<h2>Kylm\u00e4vesikontti<\/h2>\n<ul>\n<li>Rakennetaan kuuden metrin (20\u2032) merikonttiin<\/li>\n<li>Vesis\u00e4ili\u00f6n koko 20 m\u00b3 (5,300 gallonaa)<\/li>\n<\/ul>\n<p>\u00a0<\/p>\n<h2><span style=\"color: #3a5dae; font-size: 75%;\">Vakiovarustus<\/span><\/h2>\n<ul>\n<li>Veden t\u00e4ytt\u00f6j\u00e4rjestelm\u00e4n pintarajakytkimet<\/li>\n<li>S\u00e4hk\u00f6p\u00e4\u00e4taulu<\/li>\n<li>S\u00e4ili\u00f6ss\u00e4 liit\u00e4nt\u00e4mahdollisuus lis\u00e4t\u00e4yt\u00f6lle<\/li>\n<\/ul>\n<p>\u00a0<\/p>\n<h2><span style=\"color: #3a5dae; font-size: 75%;\">Lis\u00e4varustus<\/span><\/h2>\n<ul>\n<li>Annostelupumppu<\/li>\n<li>Kiertovesipumppu<\/li>\n<li>T\u00e4ytt\u00f6pumppu TURBOMATIC\/COOLMATIC yhdistelm\u00e4laitteistolle<\/li>\n<li>Vesipumppu betoniauton pesuun<\/li>\n<li>Letkukela<\/li>\n<li>L\u00e4mp\u00f6eristys<\/li>\n<li>My\u00f6s muita lis\u00e4varusteita saatavilla pyynn\u00f6st\u00e4, esim. lis\u00e4ainekontti<\/li>\n<\/ul>\n<h3>\u00a0<\/h3>\n<h2><span style=\"color: #3a5dae; font-size: 75%;\">Yhteensopivuus<\/span><\/h2>\n<ul>\n<li><a href=\"https:\/\/www.polarmatic.com\/fi\/ratkaisut\/turbomatic-lammitysratkaisut\/\">TURBOMATIC<\/a> l\u00e4mmitysratkaisut<\/li>\n<li><a href=\"https:\/\/www.polarmatic.com\/fi\/ratkaisut\/coolmatic-jaahdytysratkaisut\/\">COOLMATIC<\/a> j\u00e4\u00e4hdytysratkaisut<\/li>\n<li><a href=\"https:\/\/www.polarmatic.com\/fi\/ratkaisut\/curematic-kypsytysratkaisut\/\">CUREMATIC<\/a> kypsytysratkaisut<\/li>\n<\/ul>\n\t\t\n<style>\n#text-2515070521 {\n  line-height: 1.5;\n}\n<\/style>\n\t<\/div>\n\t\n\n\t\t<\/div>\n\t\t\t\t\t<\/div>\n\n\t\n\n\n<style>\n#row-204111680 > .col > .col-inner {\n  padding: 30px 0px 0px 0px;\n}\n<\/style>\n<\/div>\n\n","protected":false},"excerpt":{"rendered":"","protected":false},"author":1,"featured_media":0,"parent":6540,"menu_order":1,"comment_status":"closed","ping_status":"closed","template":"","meta":{"_acf_changed":false,"footnotes":""},"class_list":["post-6546","page","type-page","status-publish","hentry"],"acf":[],"_links":{"self":[{"href":"https:\/\/www.polarmatic.com\/fi\/wp-json\/wp\/v2\/pages\/6546","targetHints":{"allow":["GET"]}}],"collection":[{"href":"https:\/\/www.polarmatic.com\/fi\/wp-json\/wp\/v2\/pages"}],"about":[{"href":"https:\/\/www.polarmatic.com\/fi\/wp-json\/wp\/v2\/types\/page"}],"author":[{"embeddable":true,"href":"https:\/\/www.polarmatic.com\/fi\/wp-json\/wp\/v2\/users\/1"}],"replies":[{"embeddable":true,"href":"https:\/\/www.polarmatic.com\/fi\/wp-json\/wp\/v2\/comments?post=6546"}],"version-history":[{"count":8,"href":"https:\/\/www.polarmatic.com\/fi\/wp-json\/wp\/v2\/pages\/6546\/revisions"}],"predecessor-version":[{"id":7774,"href":"https:\/\/www.polarmatic.com\/fi\/wp-json\/wp\/v2\/pages\/6546\/revisions\/7774"}],"up":[{"embeddable":true,"href":"https:\/\/www.polarmatic.com\/fi\/wp-json\/wp\/v2\/pages\/6540"}],"wp:attachment":[{"href":"https:\/\/www.polarmatic.com\/fi\/wp-json\/wp\/v2\/media?parent=6546"}],"curies":[{"name":"wp","href":"https:\/\/api.w.org\/{rel}","templated":true}]}}