{"id":6556,"date":"2023-03-22T11:08:10","date_gmt":"2023-03-22T09:08:10","guid":{"rendered":"https:\/\/www.polarmatic.com\/?page_id=6556"},"modified":"2024-01-05T10:31:25","modified_gmt":"2024-01-05T08:31:25","slug":"lisavarusteet","status":"publish","type":"page","link":"https:\/\/www.polarmatic.com\/fi\/ratkaisut\/turbomatic-lammitysratkaisut\/lisaosat-ja-varusteet\/lisavarusteet\/","title":{"rendered":"Lis\u00e4varusteet"},"content":{"rendered":"\n<div class=\"row\"  id=\"row-1846705471\">\n\n\n\t<div id=\"col-2063451114\" class=\"col small-12 large-12\"  >\n\t\t\t\t<div class=\"col-inner\"  >\n\t\t\t\n\t\t\t\n\n\t\t<div class=\"pm-breadcrumbs\">\n\t\t\t\t\n\n<span><span><a href=\"https:\/\/www.polarmatic.com\/fi\/\">Home<\/a><\/span><\/span>\n\t\t<\/div>\n\t\n\n\t\t<\/div>\n\t\t\t\t\t<\/div>\n\n\t\n\n<\/div>\n<div class=\"row\"  id=\"row-1351459248\">\n\n\n\t<div id=\"col-1866117298\" class=\"col small-12 large-12\"  >\n\t\t\t\t<div class=\"col-inner text-left\" style=\"background-color:rgb(130, 171, 78);\" >\n\t\t\t\n\t\t\t\n\n\t<div id=\"text-2971937932\" class=\"text\">\n\t\t\n\n<h2>Lis\u00e4varusteet Polarmatic-j\u00e4rjestelmiin<\/h2>\n\t\t\n<style>\n#text-2971937932 {\n  line-height: 1.5;\n  text-align: left;\n  color: rgb(254, 254, 254);\n}\n#text-2971937932 > * {\n  color: rgb(254, 254, 254);\n}\n<\/style>\n\t<\/div>\n\t\n\n\t\t<\/div>\n\t\t\t\t\t<\/div>\n\n\t\n\n\n<style>\n#row-1351459248 > .col > .col-inner {\n  padding: 30px 0px 30px 30px;\n}\n<\/style>\n<\/div>\n<div class=\"row\"  id=\"row-580552558\">\n\n\n\t<div id=\"col-902164325\" class=\"col medium-4 small-12 large-4\"  >\n\t\t\t\t<div class=\"col-inner\"  >\n\t\t\t\n\t\t\t\n\n\t<div class=\"img has-hover x md-x lg-x y md-y lg-y\" id=\"image_75397108\">\n\t\t\t\t\t\t\t\t<div class=\"img-inner dark\" >\n\t\t\t<img loading=\"lazy\" decoding=\"async\" width=\"2048\" height=\"1365\" src=\"https:\/\/www.polarmatic.com\/wp-content\/uploads\/2023\/03\/iStock-1196104239-Information-Solutions-Image-for-Tempmatic-2048x1365.jpg\" class=\"attachment-2048x2048 size-2048x2048\" alt=\"TEMPMATIC temperature measurement solutions for concrete mixers\" srcset=\"https:\/\/www.polarmatic.com\/wp-content\/uploads\/2023\/03\/iStock-1196104239-Information-Solutions-Image-for-Tempmatic-2048x1365.jpg 2048w, https:\/\/www.polarmatic.com\/wp-content\/uploads\/2023\/03\/iStock-1196104239-Information-Solutions-Image-for-Tempmatic-300x200.jpg 300w, https:\/\/www.polarmatic.com\/wp-content\/uploads\/2023\/03\/iStock-1196104239-Information-Solutions-Image-for-Tempmatic-1024x683.jpg 1024w, https:\/\/www.polarmatic.com\/wp-content\/uploads\/2023\/03\/iStock-1196104239-Information-Solutions-Image-for-Tempmatic-768x512.jpg 768w, https:\/\/www.polarmatic.com\/wp-content\/uploads\/2023\/03\/iStock-1196104239-Information-Solutions-Image-for-Tempmatic-1536x1024.jpg 1536w\" sizes=\"auto, (max-width: 2048px) 100vw, 2048px\" \/>\t\t\t\t\t\t\n\t\t\t\t\t<\/div>\n\t\t\t\t\t\t\t\t\n<style>\n#image_75397108 {\n  width: 80%;\n}\n<\/style>\n\t<\/div>\n\t\n\n\n\t\t<\/div>\n\t\t\t\t\t<\/div>\n\n\t\n\n\t<div id=\"col-2024003515\" class=\"col medium-8 small-12 large-8\"  >\n\t\t\t\t<div class=\"col-inner\"  >\n\t\t\t\n\t\t\t\n\n\t<div id=\"text-1632486102\" class=\"text\">\n\t\t\n\n<h2>TEMPMATIC<\/h2>\n<p>\u00a0<\/p>\n<p>Uniikki l\u00e4mp\u00f6tilan mittausj\u00e4rjestelm\u00e4, joka mittaa luotettavasti kiviaineksen, betonin ja betonituotteiden l\u00e4mp\u00f6tilat.\u00a0<\/p>\n<p>TEMPMATIC v\u00e4litt\u00e4\u00e4 tuotantoprosessista arvokasta tietoa, jonka avulla voidaan parantaa tuotteiden laatua ja luoda merkitt\u00e4vi\u00e4 kustannuss\u00e4\u00e4st\u00f6j\u00e4.\u00a0<\/p>\n<p>\u00a0<\/p>\n<h2><span style=\"font-size: 75%;\"><span style=\"color: #3a5dae;\">Tempmatic mallit:<\/span><\/span><\/h2>\n<h3><strong><span style=\"font-size: 75%; color: #82ab4e;\">Tempmatic \/ PMC-37 \/ P-B<\/span><\/strong><\/h3>\n<p>kaksoisakseli- ja tasosekoittimille<\/p>\n<h3><strong><span style=\"font-size: 75%; color: #82ab4e;\">Tempmatic \/ PMC-37 \/ N-M<\/span><\/strong><\/h3>\n<p>vapaapudotussekoittimille<\/p>\n<h3><strong><span style=\"color: #82ab4e; font-size: 75%;\">Tempmatic \/ PMC-37 \/ OPA<\/span><\/strong><\/h3>\n<p>ontelolaattapedin anturi\u00a0<\/p>\n<h3><strong><span style=\"font-size: 75%; color: #82ab4e;\">Tempmatic \/ PMC-37 \/ AS<\/span><\/strong><\/h3>\n<p>kiviainekselle\u00a0<\/p>\n<p>\u00a0<\/p>\n<h2><span style=\"font-size: 75%;\"><span style=\"color: #3a5dae;\">Yhteensopivuus<\/span><\/span><\/h2>\n<ul>\n<li><a href=\"https:\/\/www.polarmatic.com\/fi\/ratkaisut\/turbomatic-lammitysratkaisut\/\">TURBOMATIC<\/a> l\u00e4mmitysratkaisut<\/li>\n<li><a href=\"https:\/\/www.polarmatic.com\/fi\/ratkaisut\/coolmatic-jaahdytysratkaisut\/\">COOLMATIC <\/a>j\u00e4\u00e4hdytysratkaisut<\/li>\n<li><a href=\"https:\/\/www.polarmatic.com\/fi\/ratkaisut\/curematic-kypsytysratkaisut\/\">CUREMATIC<\/a> kypsytysratkaisut<\/li>\n<li><a href=\"https:\/\/www.polarmatic.com\/fi\/ratkaisut\/ohjausratkaisut\/\">ProConX<\/a> ohjausj\u00e4rjestelm\u00e4<\/li>\n<\/ul>\n\t\t\n<style>\n#text-1632486102 {\n  line-height: 1.5;\n}\n<\/style>\n\t<\/div>\n\t\n\n\t\t<\/div>\n\t\t\t\t\t<\/div>\n\n\t\n\n\n<style>\n#row-580552558 > .col > .col-inner {\n  padding: 30px 0px 0px 0px;\n}\n<\/style>\n<\/div>\n<div class=\"is-divider divider clearfix\" style=\"max-width:100%;height:1px;\"><\/div>\n\n<div class=\"row\"  id=\"row-1071537740\">\n\n\n\t<div id=\"col-614432624\" class=\"col medium-4 small-12 large-4\"  >\n\t\t\t\t<div class=\"col-inner\"  >\n\t\t\t\n\t\t\t\n\n\t<div class=\"img has-hover x md-x lg-x y md-y lg-y\" id=\"image_85357920\">\n\t\t\t\t\t\t\t\t<div class=\"img-inner dark\" >\n\t\t\t<img loading=\"lazy\" decoding=\"async\" width=\"619\" height=\"416\" src=\"https:\/\/www.polarmatic.com\/wp-content\/uploads\/2023\/04\/Sensomatic-gas-detector-fixed-modell.png\" class=\"attachment-2048x2048 size-2048x2048\" alt=\"Sensomatic gas detector fixed model\" srcset=\"https:\/\/www.polarmatic.com\/wp-content\/uploads\/2023\/04\/Sensomatic-gas-detector-fixed-modell.png 619w, https:\/\/www.polarmatic.com\/wp-content\/uploads\/2023\/04\/Sensomatic-gas-detector-fixed-modell-300x202.png 300w\" sizes=\"auto, (max-width: 619px) 100vw, 619px\" \/>\t\t\t\t\t\t\n\t\t\t\t\t<\/div>\n\t\t\t\t\t\t\t\t\n<style>\n#image_85357920 {\n  width: 80%;\n}\n<\/style>\n\t<\/div>\n\t\n\n\n\t\t<\/div>\n\t\t\t\t\t<\/div>\n\n\t\n\n\t<div id=\"col-1138169952\" class=\"col medium-8 small-12 large-8\"  >\n\t\t\t\t<div class=\"col-inner\"  >\n\t\t\t\n\t\t\t\n\n\t<div id=\"text-943405841\" class=\"text\">\n\t\t\n\n<h2>SENSOMATIC<\/h2>\n<h2>\u00a0<\/h2>\n<h2><span style=\"font-size: 75%;\"><span style=\"color: #3a5dae;\">Kaasutunnistin PMC-2106<\/span><\/span><\/h2>\n<p>Kaasunmittausj\u00e4rjestelm\u00e4 sis\u00e4tiloihin:<\/p>\n<ul>\n<li style=\"list-style-type: none;\">\n<ul>\n<li>PMC-2106 kaasuntunnistin havaitsee tuotanttotilojen myrkkykaasut (CO) sek\u00e4 hapen (O2) tuotantolaitosten sis\u00e4tiloissa\u00a0<\/li>\n<li>Tiloihin asennettava LED-valo ilmoitta h\u00e4lytyksen<\/li>\n<li>Laite on helppo asentaa ja huoltaa<\/li>\n<li>Tunnistinj\u00e4rjestelm\u00e4 kytket\u00e4\u00e4n TURBOMATIC laitteiston ohjausj\u00e4rjestelm\u00e4\u00e4n.\u00a0<\/li>\n<\/ul>\n<\/li>\n<\/ul>\n<h3>\u00a0<\/h3>\n<h2><span style=\"font-size: 75%;\"><span style=\"color: #3a5dae;\">Yhteensopivuus<\/span><\/span><\/h2>\n<ul>\n<li><a href=\"https:\/\/www.polarmatic.com\/fi\/ratkaisut\/turbomatic-lammitysratkaisut\/\">TURBOMATIC<\/a> l\u00e4mmitysratkaisut<\/li>\n<li><a href=\"https:\/\/www.polarmatic.com\/fi\/ratkaisut\/curematic-kypsytysratkaisut\/\">CUREMATIC<\/a> kypsytysratkaisut<\/li>\n<\/ul>\n\t\t\n<style>\n#text-943405841 {\n  line-height: 1.5;\n}\n<\/style>\n\t<\/div>\n\t\n\n\t\t<\/div>\n\t\t\t\t\t<\/div>\n\n\t\n\n\n<style>\n#row-1071537740 > .col > .col-inner {\n  padding: 30px 0px 0px 0px;\n}\n<\/style>\n<\/div>\n<div class=\"is-divider divider clearfix\" style=\"max-width:100%;height:1px;\"><\/div>\n\n<div class=\"row\"  id=\"row-1715628870\">\n\n\n\t<div id=\"col-1797045070\" class=\"col medium-4 small-12 large-4\"  >\n\t\t\t\t<div class=\"col-inner\"  >\n\t\t\t\n\t\t\t\n\n\t<div class=\"img has-hover x md-x lg-x y md-y lg-y\" id=\"image_776484448\">\n\t\t\t\t\t\t\t\t<div class=\"img-inner dark\" >\n\t\t\t<img loading=\"lazy\" decoding=\"async\" width=\"320\" height=\"230\" src=\"https:\/\/www.polarmatic.com\/wp-content\/uploads\/2023\/04\/Water_treatment_equipment.jpg\" class=\"attachment-2048x2048 size-2048x2048\" alt=\"Water Treatment Equipment\" srcset=\"https:\/\/www.polarmatic.com\/wp-content\/uploads\/2023\/04\/Water_treatment_equipment.jpg 320w, https:\/\/www.polarmatic.com\/wp-content\/uploads\/2023\/04\/Water_treatment_equipment-300x216.jpg 300w\" sizes=\"auto, (max-width: 320px) 100vw, 320px\" \/>\t\t\t\t\t\t\n\t\t\t\t\t<\/div>\n\t\t\t\t\t\t\t\t\n<style>\n#image_776484448 {\n  width: 80%;\n}\n<\/style>\n\t<\/div>\n\t\n\n\n\t\t<\/div>\n\t\t\t\t\t<\/div>\n\n\t\n\n\t<div id=\"col-611321166\" class=\"col medium-8 small-12 large-8\"  >\n\t\t\t\t<div class=\"col-inner\"  >\n\t\t\t\n\t\t\t\n\n\t<div id=\"text-281613308\" class=\"text\">\n\t\t\n\n<h2>Tarvikkeet vedenk\u00e4sittelyyn<\/h2>\n<p>\u00a0<\/p>\n<p>Polarmaticin laitteistot on suunniteltu normaalilaatuiselle vedelle. Mik\u00e4li tuotantolaitos sijaitsee alueella, jossa veden laatu poikkeaa normaalista, esim. kovuuden suhteen, suosittelemme lis\u00e4tarvikkeita vedenk\u00e4sittelyyn.\u00a0<\/p>\n<p>R\u00e4\u00e4t\u00e4l\u00f6imme vedenk\u00e4sittelytarvikkeet aina tehdaskohtaisesti\u00a0<\/p>\n<p>\u00a0<\/p>\n<h2><span style=\"font-size: 75%;\"><span style=\"color: #3a5dae;\">Ominaisuudet<\/span><\/span><\/h2>\n<ul>\n<li>Vakiomitoitukset 3, 6 tai 9 m\u00b3\/h k\u00e4yt\u00f6lle, muut koot sopimuksen mukaan<\/li>\n<li>Laitetyypit:\n<ul>\n<li>Vedenpehmennin<\/li>\n<li>Laite raudan ja mangaanin poistoon sek\u00e4 pH-arvon nostamiseen<\/li>\n<li>Laite kalium-permangnaatin sek\u00e4 v\u00e4rin, hajun ja maun poistoon<\/li>\n<\/ul>\n<\/li>\n<\/ul>\n<p>\u00a0<\/p>\n<h2><span style=\"font-size: 75%;\"><span style=\"color: #3a5dae;\">Yhteensopivuus<\/span><\/span><\/h2>\n<ul>\n<li><a href=\"https:\/\/www.polarmatic.com\/fi\/ratkaisut\/turbomatic-lammitysratkaisut\/\">TURBOMATIC<\/a> l\u00e4mmitysratkaisut<\/li>\n<li><a href=\"https:\/\/www.polarmatic.com\/fi\/ratkaisut\/coolmatic-jaahdytysratkaisut\/\">COOLMATIC<\/a> j\u00e4\u00e4hdytysratkaisut<\/li>\n<li><a href=\"https:\/\/www.polarmatic.com\/fi\/ratkaisut\/curematic-kypsytysratkaisut\/\">CUREMATIC<\/a> kypsytysratkaisut<\/li>\n<\/ul>\n\t\t\n<style>\n#text-281613308 {\n  line-height: 1.5;\n}\n<\/style>\n\t<\/div>\n\t\n\n\t\t<\/div>\n\t\t\t\t\t<\/div>\n\n\t\n\n\n<style>\n#row-1715628870 > .col > .col-inner {\n  padding: 30px 0px 0px 0px;\n}\n<\/style>\n<\/div>\n<div class=\"is-divider divider clearfix\" style=\"max-width:100%;height:1px;\"><\/div>\n\n<div class=\"row\"  id=\"row-1749280407\">\n\n\n\t<div id=\"col-218171472\" class=\"col medium-4 small-12 large-4\"  >\n\t\t\t\t<div class=\"col-inner\"  >\n\t\t\t\n\t\t\t\n\n\t<div class=\"img has-hover x md-x lg-x y md-y lg-y\" id=\"image_77442426\">\n\t\t\t\t\t\t\t\t<div class=\"img-inner dark\" >\n\t\t\t<img loading=\"lazy\" decoding=\"async\" width=\"340\" height=\"230\" src=\"https:\/\/www.polarmatic.com\/wp-content\/uploads\/2023\/04\/water-equipment.jpg\" class=\"attachment-2048x2048 size-2048x2048\" alt=\"Water Equipment\" srcset=\"https:\/\/www.polarmatic.com\/wp-content\/uploads\/2023\/04\/water-equipment.jpg 340w, https:\/\/www.polarmatic.com\/wp-content\/uploads\/2023\/04\/water-equipment-300x203.jpg 300w\" sizes=\"auto, (max-width: 340px) 100vw, 340px\" \/>\t\t\t\t\t\t\n\t\t\t\t\t<\/div>\n\t\t\t\t\t\t\t\t\n<style>\n#image_77442426 {\n  width: 80%;\n}\n<\/style>\n\t<\/div>\n\t\n\n\n\t\t<\/div>\n\t\t\t\t\t<\/div>\n\n\t\n\n\t<div id=\"col-1346626234\" class=\"col medium-8 small-12 large-8\"  >\n\t\t\t\t<div class=\"col-inner\"  >\n\t\t\t\n\t\t\t\n\n\t<div id=\"text-1532370823\" class=\"text\">\n\t\t\n\n<h2>Varusteet vedenk\u00e4yt\u00f6lle<\/h2>\n<h2>\u00a0<\/h2>\n<h2><span style=\"font-size: 75%;\"><span style=\"color: #3a5dae;\">Annosteluvesiventtiili<\/span><\/span><\/h2>\n<ul>\n<li>L\u00e4pp\u00e4venttiili, pehme\u00e4tiivisteinen<\/li>\n<li>Koot: DN 65 &#8211; 80 (2\u00bd &#8211; 3&#8243;)<\/li>\n<\/ul>\n<p>\u00a0<\/p>\n<h2><span style=\"font-size: 75%;\"><span style=\"color: #3a5dae;\">Vesivaakojen l\u00e4mp\u00f6anturi<\/span><\/span><\/h2>\n<ul>\n<li>Pt100 anturi<\/li>\n<li>Liit\u00e4nt\u00e4 betonitehtaan ohjausj\u00e4rjestelm\u00e4\u00e4n\u00a0<\/li>\n<\/ul>\n<p>\u00a0<\/p>\n<h2><span style=\"font-size: 75%;\"><span style=\"color: #3a5dae;\">Kela vesiletkuille<\/span><\/span><\/h2>\n<ul>\n<li>Letkun pituus 30 m<\/li>\n<li>Automaattinen jousitoiminen takaisinkelaus<\/li>\n<li>Sis\u00e4lt\u00e4\u00e4 letkunohjaimen ja lukitsimen<\/li>\n<li>Polarmatic -konttiin on mahdollista tehd\u00e4 aukko letkun l\u00e4piviemiselle<\/li>\n<\/ul>\n<p>\u00a0<\/p>\n<h2><span style=\"font-size: 75%;\"><span style=\"color: #3a5dae;\">Yhteensopivuus<\/span><\/span><\/h2>\n<ul>\n<li><a href=\"https:\/\/www.polarmatic.com\/fi\/ratkaisut\/turbomatic-lammitysratkaisut\/\">TURBOMATIC<\/a> l\u00e4mmitysratkaisut<\/li>\n<li><a href=\"https:\/\/www.polarmatic.com\/fi\/ratkaisut\/coolmatic-jaahdytysratkaisut\/\">COOLMATIC<\/a> j\u00e4\u00e4hdytysratkaisut\u00a0<\/li>\n<li><a href=\"https:\/\/www.polarmatic.com\/fi\/ratkaisut\/curematic-kypsytysratkaisut\/\">CUREMATIC<\/a> kypsytysratkaisut<\/li>\n<\/ul>\n\t\t\n<style>\n#text-1532370823 {\n  line-height: 1.5;\n}\n<\/style>\n\t<\/div>\n\t\n\n\t\t<\/div>\n\t\t\t\t\t<\/div>\n\n\t\n\n\n<style>\n#row-1749280407 > .col > .col-inner {\n  padding: 30px 0px 0px 0px;\n}\n<\/style>\n<\/div>\n<div class=\"is-divider divider clearfix\" style=\"max-width:100%;height:1px;\"><\/div>\n\n<div class=\"row\"  id=\"row-1816002642\">\n\n\n\t<div id=\"col-715852784\" class=\"col medium-4 small-12 large-4\"  >\n\t\t\t\t<div class=\"col-inner\"  >\n\t\t\t\n\t\t\t\n\n\t<div class=\"img has-hover x md-x lg-x y md-y lg-y\" id=\"image_1434618587\">\n\t\t\t\t\t\t\t\t<div class=\"img-inner dark\" >\n\t\t\t<img loading=\"lazy\" decoding=\"async\" width=\"320\" height=\"230\" src=\"https:\/\/www.polarmatic.com\/wp-content\/uploads\/2023\/04\/Oil_tank_accessories-01.jpg\" class=\"attachment-2048x2048 size-2048x2048\" alt=\"Polarmatic oil tank accessories.\" srcset=\"https:\/\/www.polarmatic.com\/wp-content\/uploads\/2023\/04\/Oil_tank_accessories-01.jpg 320w, https:\/\/www.polarmatic.com\/wp-content\/uploads\/2023\/04\/Oil_tank_accessories-01-300x216.jpg 300w\" sizes=\"auto, (max-width: 320px) 100vw, 320px\" \/>\t\t\t\t\t\t\n\t\t\t\t\t<\/div>\n\t\t\t\t\t\t\t\t\n<style>\n#image_1434618587 {\n  width: 80%;\n}\n<\/style>\n\t<\/div>\n\t\n\n\n\t\t<\/div>\n\t\t\t\t\t<\/div>\n\n\t\n\n\t<div id=\"col-471980893\" class=\"col medium-8 small-12 large-8\"  >\n\t\t\t\t<div class=\"col-inner\"  >\n\t\t\t\n\t\t\t\n\n\t<div id=\"text-324873370\" class=\"text\">\n\t\t\n\n<h2>\u00d6ljys\u00e4ili\u00f6n lis\u00e4laitteet<\/h2>\n<h2>\u00a0<\/h2>\n<h2><span style=\"color: #3a5dae; font-size: 75%;\">Ultra\u00e4\u00e4nianturi pinnankorkeuden mittaamiseen<\/span><\/h2>\n<ul>\n<li>Mittaustaso s\u00e4\u00e4det\u00e4\u00e4n tehtaalla<\/li>\n<li>Teho\u00a0 4-20 mA\/Hart &#8211; 2-johtoinen<\/li>\n<li>Yhdistet\u00e4\u00e4n l\u00e4mmitysyksik\u00f6n ohjaukseen ja automaatio-ohjelmistoon<\/li>\n<\/ul>\n<p>\u00a0<\/p>\n<h2><span style=\"font-size: 75%; color: #3a5dae;\">Polttoaineen tankkauspiste<\/span><\/h2>\n<ul>\n<li>Pumpun moottori 0,37 kW<\/li>\n<li>Max. virtaus 60 l\/min<\/li>\n<li>Letku 4 m, \u00d8 19 mm<\/li>\n<li>Sis\u00e4\u00e4nrakennettu suodatin<\/li>\n<li>Automaattinen tankkauspistooli<\/li>\n<li>Mekaaninen virtauksen mittaus<\/li>\n<li>Lukittava kotelo L 51 x K 55 x S 32 mm<\/li>\n<\/ul>\n<p>\u00a0<\/p>\n<h2><span style=\"font-size: 75%;\"><span style=\"color: #3a5dae;\">Yhteensopivuus<\/span><\/span><\/h2>\n<ul>\n<li><a href=\"https:\/\/www.polarmatic.com\/fi\/ratkaisut\/turbomatic-lammitysratkaisut\/\">TURBOMATIC<\/a> l\u00e4mmitysratkaisut<\/li>\n<li><a href=\"https:\/\/www.polarmatic.com\/fi\/ratkaisut\/curematic-kypsytysratkaisut\/\">CUREMATIC<\/a> kypsytysratkaisut<\/li>\n<\/ul>\n\t\t\n<style>\n#text-324873370 {\n  line-height: 1.5;\n}\n<\/style>\n\t<\/div>\n\t\n\n\t\t<\/div>\n\t\t\t\t\t<\/div>\n\n\t\n\n\n<style>\n#row-1816002642 > .col > .col-inner {\n  padding: 30px 0px 0px 0px;\n}\n<\/style>\n<\/div>\n\t<div id=\"gap-362561158\" class=\"gap-element clearfix\" style=\"display:block; height:auto;\">\n\t\t\n<style>\n#gap-362561158 {\n  padding-top: 80px;\n}\n<\/style>\n\t<\/div>\n\t\n\n<div class=\"row\"  id=\"row-67225389\">\n\n\n\t<div id=\"col-1994475719\" class=\"col small-12 large-12\"  >\n\t\t\t\t<div class=\"col-inner text-left\" style=\"background-color:rgb(130, 171, 78);\" >\n\t\t\t\n\t\t\t\n\n\t<div id=\"text-4062624382\" class=\"text\">\n\t\t\n\n<h2>Varusteet tiedonhallintaan<\/h2>\n\t\t\n<style>\n#text-4062624382 {\n  line-height: 1.5;\n  text-align: left;\n  color: rgb(254, 254, 254);\n}\n#text-4062624382 > * {\n  color: rgb(254, 254, 254);\n}\n<\/style>\n\t<\/div>\n\t\n\n\t\t<\/div>\n\t\t\t\t\t<\/div>\n\n\t\n\n\n<style>\n#row-67225389 > .col > .col-inner {\n  padding: 30px 0px 30px 30px;\n}\n<\/style>\n<\/div>\n<div class=\"row\"  id=\"row-2054581884\">\n\n\n\t<div id=\"col-1633727420\" class=\"col medium-4 small-12 large-4\"  >\n\t\t\t\t<div class=\"col-inner\"  >\n\t\t\t\n\t\t\t\n\n\t<div class=\"img has-hover x md-x lg-x y md-y lg-y\" id=\"image_2047221153\">\n\t\t\t\t\t\t\t\t<div class=\"img-inner dark\" >\n\t\t\t<img loading=\"lazy\" decoding=\"async\" width=\"320\" height=\"230\" src=\"https:\/\/www.polarmatic.com\/wp-content\/uploads\/2023\/04\/GSM_alarm.jpg\" class=\"attachment-2048x2048 size-2048x2048\" alt=\"Polarmatic mobile phone alarm for TURBOMATIC system.\" srcset=\"https:\/\/www.polarmatic.com\/wp-content\/uploads\/2023\/04\/GSM_alarm.jpg 320w, https:\/\/www.polarmatic.com\/wp-content\/uploads\/2023\/04\/GSM_alarm-300x216.jpg 300w\" sizes=\"auto, (max-width: 320px) 100vw, 320px\" \/>\t\t\t\t\t\t\n\t\t\t\t\t<\/div>\n\t\t\t\t\t\t\t\t\n<style>\n#image_2047221153 {\n  width: 80%;\n}\n<\/style>\n\t<\/div>\n\t\n\n\n\t\t<\/div>\n\t\t\t\t\t<\/div>\n\n\t\n\n\t<div id=\"col-1886992691\" class=\"col medium-8 small-12 large-8\"  >\n\t\t\t\t<div class=\"col-inner\"  >\n\t\t\t\n\t\t\t\n\n\t<div id=\"text-2363767364\" class=\"text\">\n\t\t\n\n<h2>GSM-h\u00e4lytysj\u00e4rjestelm\u00e4<\/h2>\n<p>\u00a0<\/p>\n<ul>\n<li>Vikatietojen v\u00e4litys haluttuihin matkapuhelinnumeroihin\u00a0\u00a0<\/li>\n<li>Nelikaistainen 2G\/4G yksikk\u00f6<\/li>\n<li>Integrointi TURMOMATICin ohjaukseen\u00a0<\/li>\n<\/ul>\n<p>\u00a0<\/p>\n<h2><span style=\"font-size: 75%;\"><span style=\"color: #3a5dae;\">Yhteensopivuus<\/span><\/span><\/h2>\n<ul>\n<li><a href=\"https:\/\/www.polarmatic.com\/fi\/ratkaisut\/turbomatic-lammitysratkaisut\/\">TURBOMATIC<\/a> l\u00e4mmitysratkaisut<\/li>\n<li><a href=\"https:\/\/www.polarmatic.com\/fi\/ratkaisut\/coolmatic-jaahdytysratkaisut\/\">COOLMATIC<\/a> j\u00e4\u00e4hdytysratkaisut<\/li>\n<li><a href=\"https:\/\/www.polarmatic.com\/fi\/ratkaisut\/curematic-kypsytysratkaisut\/\">CUREMATIC<\/a> kypsytysratkaisut<\/li>\n<\/ul>\n\t\t\n<style>\n#text-2363767364 {\n  line-height: 1.5;\n}\n<\/style>\n\t<\/div>\n\t\n\n\t\t<\/div>\n\t\t\t\t\t<\/div>\n\n\t\n\n\n<style>\n#row-2054581884 > .col > .col-inner {\n  padding: 30px 0px 0px 0px;\n}\n<\/style>\n<\/div>\n<div class=\"is-divider divider clearfix\" style=\"max-width:100%;height:1px;\"><\/div>\n\n<div class=\"row\"  id=\"row-395343018\">\n\n\n\t<div id=\"col-11082396\" class=\"col medium-4 small-12 large-4\"  >\n\t\t\t\t<div class=\"col-inner\"  >\n\t\t\t\n\t\t\t\n\n\t<div class=\"img has-hover x md-x lg-x y md-y lg-y\" id=\"image_605684398\">\n\t\t\t\t\t\t\t\t<div class=\"img-inner dark\" >\n\t\t\t<img loading=\"lazy\" decoding=\"async\" width=\"340\" height=\"230\" src=\"https:\/\/www.polarmatic.com\/wp-content\/uploads\/2023\/04\/remote-access.jpg\" class=\"attachment-2048x2048 size-2048x2048\" alt=\"TURBOMATIC heating system can be accessed remotely in case of a malfunction.\" srcset=\"https:\/\/www.polarmatic.com\/wp-content\/uploads\/2023\/04\/remote-access.jpg 340w, https:\/\/www.polarmatic.com\/wp-content\/uploads\/2023\/04\/remote-access-300x203.jpg 300w\" sizes=\"auto, (max-width: 340px) 100vw, 340px\" \/>\t\t\t\t\t\t\n\t\t\t\t\t<\/div>\n\t\t\t\t\t\t\t\t\n<style>\n#image_605684398 {\n  width: 80%;\n}\n<\/style>\n\t<\/div>\n\t\n\n\n\t\t<\/div>\n\t\t\t\t\t<\/div>\n\n\t\n\n\t<div id=\"col-724015337\" class=\"col medium-8 small-12 large-8\"  >\n\t\t\t\t<div class=\"col-inner\"  >\n\t\t\t\n\t\t\t\n\n\t<div id=\"text-1037157180\" class=\"text\">\n\t\t\n\n<h2>Et\u00e4ohjaus<\/h2>\n<p>\u00a0<\/p>\n<ul>\n<li>Laitteiston et\u00e4ohjauksen mahdollistaminen verkon v\u00e4lityksell\u00e4.\u00a0<\/li>\n<li>Tilausten suunnittelu ja tuotannon ohjaus voidaan hoitaa yhdest\u00e4 paikasta.\u00a0<\/li>\n<li>L\u00e4mmityksen\/j\u00e4\u00e4hdytyksen pys\u00e4ytys tuotantotaukojen ajaksi.\u00a0<\/li>\n<li>Kypsytysprosessin ohjaus ja seuranta sek\u00e4 raporttien luku voidaan hoitaa keskusvalvomosta<\/li>\n<li>Erinomainen apu vianetsinn\u00e4ss\u00e4<\/li>\n<\/ul>\n<p>\u00a0<\/p>\n<h2><span style=\"font-size: 75%;\"><span style=\"color: #3a5dae;\">Yhteensopivuus<\/span><\/span><\/h2>\n<ul>\n<li><a href=\"https:\/\/www.polarmatic.com\/fi\/ratkaisut\/turbomatic-lammitysratkaisut\/\">TURBOMATIC<\/a> l\u00e4mmitysratkaisut<\/li>\n<li><a href=\"https:\/\/www.polarmatic.com\/fi\/ratkaisut\/coolmatic-jaahdytysratkaisut\/\">COOLMATIC<\/a> j\u00e4\u00e4hdytysratkaisut<\/li>\n<li><a href=\"https:\/\/www.polarmatic.com\/fi\/ratkaisut\/curematic-kypsytysratkaisut\/\">CUREMATIC<\/a> kypsytysratkaisut<\/li>\n<li><a href=\"https:\/\/www.polarmatic.com\/fi\/ratkaisut\/ohjausratkaisut\/\">ProConX<\/a> ohjausj\u00e4rjestelm\u00e4<\/li>\n<\/ul>\n\t\t\n<style>\n#text-1037157180 {\n  line-height: 1.5;\n}\n<\/style>\n\t<\/div>\n\t\n\n\t\t<\/div>\n\t\t\t\t\t<\/div>\n\n\t\n\n\n<style>\n#row-395343018 > .col > .col-inner {\n  padding: 30px 0px 0px 0px;\n}\n<\/style>\n<\/div>\n<div class=\"is-divider divider clearfix\" style=\"max-width:100%;height:1px;\"><\/div>\n\n<div class=\"row\"  id=\"row-1249398232\">\n\n\n\t<div id=\"col-1037838599\" class=\"col medium-4 small-12 large-4\"  >\n\t\t\t\t<div class=\"col-inner\"  >\n\t\t\t\n\t\t\t\n\n\t<div class=\"img has-hover x md-x lg-x y md-y lg-y\" id=\"image_665636264\">\n\t\t\t\t\t\t\t\t<div class=\"img-inner dark\" >\n\t\t\t<img loading=\"lazy\" decoding=\"async\" width=\"340\" height=\"230\" src=\"https:\/\/www.polarmatic.com\/wp-content\/uploads\/2023\/04\/TURBOoptimizer.jpg\" class=\"attachment-2048x2048 size-2048x2048\" alt=\"\" srcset=\"https:\/\/www.polarmatic.com\/wp-content\/uploads\/2023\/04\/TURBOoptimizer.jpg 340w, https:\/\/www.polarmatic.com\/wp-content\/uploads\/2023\/04\/TURBOoptimizer-300x203.jpg 300w\" sizes=\"auto, (max-width: 340px) 100vw, 340px\" \/>\t\t\t\t\t\t\n\t\t\t\t\t<\/div>\n\t\t\t\t\t\t\t\t\n<style>\n#image_665636264 {\n  width: 80%;\n}\n<\/style>\n\t<\/div>\n\t\n\n\n\t\t<\/div>\n\t\t\t\t\t<\/div>\n\n\t\n\n\t<div id=\"col-804799397\" class=\"col medium-8 small-12 large-8\"  >\n\t\t\t\t<div class=\"col-inner\"  >\n\t\t\t\n\t\t\t\n\n\t<div id=\"text-3750368105\" class=\"text\">\n\t\t\n\n<h2>TURBO-optimoija<\/h2>\n<p>TURBO-optimoija tuottaa selkeit\u00e4 ja helposti luettavia raportteja, joista k\u00e4ytt\u00e4j\u00e4t voivat helposti seurata l\u00e4mmitysj\u00e4rjestelm\u00e4n toimintaa ja k\u00e4ytt\u00f6\u00e4 kuten esim. polttoaineen ja s\u00e4hk\u00f6n kulutusta.<\/p>\n<p>TURBO-optimoijaa voidaan k\u00e4ytt\u00e4\u00e4 joko paikallisesti TURBOMATICin ohjaustietokoneella tai mist\u00e4 tahansa et\u00e4yhteyden avulla.\u00a0<\/p>\n<p>\u00a0<\/p>\n<h2><span style=\"font-size: 75%; color: #3a5dae;\">Hy\u00f6dyt<\/span><\/h2>\n<ul>\n<li>Tehostaa tuotantoprosesseja<\/li>\n<li>Parantaa tuotantoprosessien suorituskyky\u00e4\u00a0<\/li>\n<li>Mahdollistaa merkitt\u00e4v\u00e4t kustannuss\u00e4\u00e4st\u00f6t<\/li>\n<\/ul>\n<p>\u00a0<\/p>\n<h2><span style=\"font-size: 75%;\"><span style=\"color: #3a5dae;\">Yhteensopivuus<\/span><\/span><\/h2>\n<ul>\n<li><a href=\"https:\/\/www.polarmatic.com\/fi\/ratkaisut\/turbomatic-lammitysratkaisut\/\">TURBOMATIC<\/a> l\u00e4mmitysratkaisut<\/li>\n<li><a href=\"https:\/\/www.polarmatic.com\/fi\/ratkaisut\/coolmatic-jaahdytysratkaisut\/\">COOLMATIC <\/a>j\u00e4\u00e4hdytysratkaisut<\/li>\n<li><a href=\"https:\/\/www.polarmatic.com\/fi\/ratkaisut\/curematic-kypsytysratkaisut\/\">CUREMATIC<\/a> kypsytysratkaisut<\/li>\n<\/ul>\n\t\t\n<style>\n#text-3750368105 {\n  line-height: 1.5;\n}\n<\/style>\n\t<\/div>\n\t\n\n\t\t<\/div>\n\t\t\t\t\t<\/div>\n\n\t\n\n\n<style>\n#row-1249398232 > .col > .col-inner {\n  padding: 30px 0px 0px 0px;\n}\n<\/style>\n<\/div>\n\n","protected":false},"excerpt":{"rendered":"","protected":false},"author":1,"featured_media":0,"parent":6540,"menu_order":2,"comment_status":"closed","ping_status":"closed","template":"","meta":{"_acf_changed":false,"footnotes":""},"class_list":["post-6556","page","type-page","status-publish","hentry"],"acf":[],"_links":{"self":[{"href":"https:\/\/www.polarmatic.com\/fi\/wp-json\/wp\/v2\/pages\/6556","targetHints":{"allow":["GET"]}}],"collection":[{"href":"https:\/\/www.polarmatic.com\/fi\/wp-json\/wp\/v2\/pages"}],"about":[{"href":"https:\/\/www.polarmatic.com\/fi\/wp-json\/wp\/v2\/types\/page"}],"author":[{"embeddable":true,"href":"https:\/\/www.polarmatic.com\/fi\/wp-json\/wp\/v2\/users\/1"}],"replies":[{"embeddable":true,"href":"https:\/\/www.polarmatic.com\/fi\/wp-json\/wp\/v2\/comments?post=6556"}],"version-history":[{"count":10,"href":"https:\/\/www.polarmatic.com\/fi\/wp-json\/wp\/v2\/pages\/6556\/revisions"}],"predecessor-version":[{"id":7778,"href":"https:\/\/www.polarmatic.com\/fi\/wp-json\/wp\/v2\/pages\/6556\/revisions\/7778"}],"up":[{"embeddable":true,"href":"https:\/\/www.polarmatic.com\/fi\/wp-json\/wp\/v2\/pages\/6540"}],"wp:attachment":[{"href":"https:\/\/www.polarmatic.com\/fi\/wp-json\/wp\/v2\/media?parent=6556"}],"curies":[{"name":"wp","href":"https:\/\/api.w.org\/{rel}","templated":true}]}}