{"id":6580,"date":"2023-02-20T12:13:44","date_gmt":"2023-02-20T10:13:44","guid":{"rendered":"https:\/\/www.polarmatic.com\/?page_id=6580"},"modified":"2026-03-23T11:37:42","modified_gmt":"2026-03-23T09:37:42","slug":"coolmatic-jaahdytysratkaisut","status":"publish","type":"page","link":"https:\/\/www.polarmatic.com\/fi\/ratkaisut\/coolmatic-jaahdytysratkaisut\/","title":{"rendered":"COOLMATIC J\u00e4\u00e4hdytysratkaisut"},"content":{"rendered":"\n<div class=\"row\"  id=\"row-271732964\">\n\n\n\t<div id=\"col-1403581484\" class=\"col small-12 large-12\"  >\n\t\t\t\t<div class=\"col-inner\"  >\n\t\t\t\n\t\t\t\n\n\t\t<div class=\"pm-breadcrumbs\">\n\t\t\t\t\n\n<span><span><a href=\"https:\/\/www.polarmatic.com\/fi\/\">Home<\/a><\/span><\/span>\n\t\t<\/div>\n\t\n\n\t\t<\/div>\n\t\t\t\t\t<\/div>\n\n\t\n\n<\/div>\n<div class=\"row\"  id=\"row-60224313\">\n\n\n\t<div id=\"col-1727742330\" class=\"col small-12 large-12\"  >\n\t\t\t\t<div class=\"col-inner text-center dark\" style=\"background-color:#82ab4e;\" >\n\t\t\t\n\t\t\t\n\n\t<div id=\"text-1130562782\" class=\"text\">\n\t\t\n\n<p>&nbsp;<\/p>\n<h1>COOLMATIC J\u00e4\u00e4hdytysratkaisut<\/h1>\n<p class=\"lead\">Energiatehokasta j\u00e4\u00e4hdytyst\u00e4 betoniasemille<\/p>\n\t\t\n<style>\n#text-1130562782 {\n  line-height: 1.5;\n}\n<\/style>\n\t<\/div>\n\t\n\n\t\t<\/div>\n\t\t\t\t\n<style>\n#col-1727742330 > .col-inner {\n  padding: 30px 30px 30px 30px;\n}\n<\/style>\n\t<\/div>\n\n\t\n\n<\/div>\n\n  <div class=\"banner has-hover\" id=\"banner-1404066495\">\n          <div class=\"banner-inner fill\">\n        <div class=\"banner-bg fill\" >\n            <img loading=\"lazy\" decoding=\"async\" width=\"2048\" height=\"1536\" src=\"https:\/\/www.polarmatic.com\/wp-content\/uploads\/2023\/04\/IMG_20171013_142906-2048x1536.jpg\" class=\"bg attachment-2048x2048 size-2048x2048\" alt=\"Polarmatic COOLMATIC LIN-cooling system at Lasselsberger site in Austria.\" \/>                                    \n                    <\/div>\n\t\t\n        <div class=\"banner-layers container\">\n            <div class=\"fill banner-link\"><\/div>            \n\n\n        <\/div>\n      <\/div>\n\n            \n<style>\n#banner-1404066495 {\n  padding-top: 600px;\n}\n#banner-1404066495 .banner-bg img {\n  object-position: 12% 84%;\n}\n<\/style>\n  <\/div>\n\n\n<div class=\"row align-center\"  id=\"row-1858491348\">\n\n\n\t<div id=\"col-571881088\" class=\"col medium-8 small-12 large-8\"  >\n\t\t\t\t<div class=\"col-inner text-center\"  >\n\t\t\t\n\t\t\t\n\n\t<div id=\"text-2771720336\" class=\"text\">\n\t\t\n\n<h2>Tehokas j\u00e4\u00e4hdytysratkaisu kaikille betonitehtaille<\/h2>\n<p>COOLMATIC j\u00e4\u00e4hdytysj\u00e4rjestelm\u00e4 on saatavilla useissa eri malleissa ja r\u00e4\u00e4t\u00e4l\u00f6imme laitteiston aina tehdaskohtaisesti, jotta se on mahdollisimman optimaalinen ja kustannustehokas, ja jotta se vastaa tehtaan j\u00e4\u00e4hdytystarpeita ja huomioi alueelliset ilmasto-olosuhteet.<\/p>\n<p>Laaja mallistomme sek\u00e4 useat teholuokat takaavat sen, ett\u00e4 meilt\u00e4 l\u00f6ytyy j\u00e4\u00e4hdytysratkaisu kaikille betonitehtaille.&nbsp;<\/p>\n\t\t\n<style>\n#text-2771720336 {\n  line-height: 1.5;\n  text-align: center;\n}\n<\/style>\n\t<\/div>\n\t\n\n\t\t<\/div>\n\t\t\t\t\n<style>\n#col-571881088 > .col-inner {\n  margin: 30px 0px 0px 0px;\n}\n<\/style>\n\t<\/div>\n\n\t\n\n<\/div>\n<div class=\"is-divider divider clearfix\" style=\"max-width:100%;height:1px;\"><\/div>\n\n<div class=\"row align-center\"  id=\"row-657073277\">\n\n\n\t<div id=\"col-1023375930\" class=\"col medium-5 small-12 large-5\"  >\n\t\t\t\t<div class=\"col-inner text-center\"  >\n\t\t\t\n\t\t\t\n\n\t<div id=\"text-3987049532\" class=\"text\">\n\t\t\n\n<h2 style=\"text-align: left;\"><span style=\"font-size: 80%;\">Tehokasta j\u00e4\u00e4hdytyst\u00e4 betonin tuotantoon<\/span><\/h2>\n<p style=\"text-align: left;\">Tehokkaat COOLMATIC j\u00e4\u00e4hdytysj\u00e4rjestelm\u00e4t on kehitetty ratkaisemaan betoniasemien j\u00e4\u00e4hdytystarpeet sek\u00e4 takaamaan, ett\u00e4 korkealaatuisen betonin valmistaminen on mahdollista my\u00f6s kuumimpina kes\u00e4p\u00e4ivin\u00e4.&nbsp;&nbsp;<\/p>\n<p style=\"text-align: left;\">COOLMATIC kylm\u00e4vesiyksik\u00f6t tarjoavat kokonaisratkaisun, jonka avulla betonin tuotantoon saadaan helposti kylm\u00e4\u00e4 vett\u00e4 niin tuotantoprosessiin kuin annosteluunkin, mutta my\u00f6s kylm\u00e4n veden varastointi on j\u00e4rjestelm\u00e4n ansiosta helppoa.&nbsp;<\/p>\n<h3 style=\"text-align: left;\"><span style=\"font-size: 80%; color: #3a5dae;\">Mitoitusarvot<\/span><\/h3>\n<ul>\n<li style=\"text-align: left;\">Ilman max. l\u00e4mp\u00f6tila n. 30\u00b0C&nbsp;<\/li>\n<li style=\"text-align: left;\">Veden l\u00e4mp\u00f6tila, sy\u00f6tt\u00f6vesi n. 15\u00b0C&nbsp;<\/li>\n<li style=\"text-align: left;\">Annosteluveden l\u00e4mp\u00f6tila n. 1-5\u00b0C&nbsp;<\/li>\n<li style=\"text-align: left;\">Veden m\u00e4\u00e4r\u00e4 n. 160 l \/ betonikuutio&nbsp;<\/li>\n<\/ul>\n\t\t\n<style>\n#text-3987049532 {\n  line-height: 1.5;\n  text-align: center;\n}\n<\/style>\n\t<\/div>\n\t\n\n\t\t<\/div>\n\t\t\t\t\n<style>\n#col-1023375930 > .col-inner {\n  margin: 30px 0px 0px 0px;\n}\n<\/style>\n\t<\/div>\n\n\t\n\n\t<div id=\"col-1213181856\" class=\"col medium-1 small-12 large-1\"  >\n\t\t\t\t<div class=\"col-inner\"  >\n\t\t\t\n\t\t\t\n\n\n\t\t<\/div>\n\t\t\t\t\t<\/div>\n\n\t\n\n\t<div id=\"col-555851240\" class=\"col medium-5 small-12 large-5\"  >\n\t\t\t\t<div class=\"col-inner\"  >\n\t\t\t\n\t\t\t\n\n\t<div id=\"text-1407944090\" class=\"text\">\n\t\t\n\n<h2><span style=\"font-size: 80%;\">COOLMATIC j\u00e4\u00e4hdytysj\u00e4rjestelm\u00e4 tarjoaa monia etuja&nbsp;<\/span><\/h2>\n<ul>\n<li>Energiatehokas ja korkealaatuinen veden j\u00e4\u00e4hdytys&nbsp;<\/li>\n<li>Ymp\u00e4rist\u00f6yst\u00e4v\u00e4llinen ratkaisu<\/li>\n<li>Kompakti j\u00e4rjestelm\u00e4 kylm\u00e4n veden tuotantoon, varastointiin ja annosteluun&nbsp;<\/li>\n<li>Helposti yhdistett\u00e4viss\u00e4 Polarmaticin l\u00e4mmitysyksikk\u00f6\u00f6n&nbsp; (COOLMATIC+TURBOMATIC)<\/li>\n<li>Turvallinen ja luotettava j\u00e4rjestelm\u00e4, joka on t\u00e4ysin automatisoitu ja tietokoneohjattu&nbsp;<\/li>\n<li>Edulliset k\u00e4ytt\u00f6- ja huoltokustannukset&nbsp;<\/li>\n<\/ul>\n\t\t\n<style>\n#text-1407944090 {\n  line-height: 1.5;\n}\n<\/style>\n\t<\/div>\n\t\n\n\t\t<\/div>\n\t\t\t\t\n<style>\n#col-555851240 > .col-inner {\n  padding: 30px 0px 0px 0px;\n}\n<\/style>\n\t<\/div>\n\n\t\n\n<\/div>\n<div class=\"is-divider divider clearfix\" style=\"max-width:100%;height:1px;\"><\/div>\n\n<div class=\"row align-middle\"  id=\"row-441961987\">\n\n\n\t<div id=\"col-60427670\" class=\"col medium-6 small-12 large-6\"  >\n\t\t\t\t<div class=\"col-inner\"  >\n\t\t\t\n\t\t\t\n\n\t<div class=\"img has-hover x md-x lg-x y md-y lg-y\" id=\"image_111904537\">\n\t\t\t\t\t\t\t\t<div class=\"img-inner image-cover dark\" style=\"padding-top:56.25%;\">\n\t\t\t<img loading=\"lazy\" decoding=\"async\" width=\"2048\" height=\"1381\" src=\"https:\/\/www.polarmatic.com\/wp-content\/uploads\/2023\/04\/CHILLER-Kontti-02-2048x1381.png\" class=\"attachment-2048x2048 size-2048x2048\" alt=\"Combined Heating and Cooling\" srcset=\"https:\/\/www.polarmatic.com\/wp-content\/uploads\/2023\/04\/CHILLER-Kontti-02-2048x1381.png 2048w, https:\/\/www.polarmatic.com\/wp-content\/uploads\/2023\/04\/CHILLER-Kontti-02-300x202.png 300w, https:\/\/www.polarmatic.com\/wp-content\/uploads\/2023\/04\/CHILLER-Kontti-02-1024x691.png 1024w, https:\/\/www.polarmatic.com\/wp-content\/uploads\/2023\/04\/CHILLER-Kontti-02-768x518.png 768w, https:\/\/www.polarmatic.com\/wp-content\/uploads\/2023\/04\/CHILLER-Kontti-02-1536x1036.png 1536w\" sizes=\"auto, (max-width: 2048px) 100vw, 2048px\" \/>\t\t\t\t\t\t\n\t\t\t\t\t<\/div>\n\t\t\t\t\t\t\t\t\n<style>\n#image_111904537 {\n  width: 80%;\n}\n<\/style>\n\t<\/div>\n\t\n\n\n\t\t<\/div>\n\t\t\t\t\t<\/div>\n\n\t\n\n\t<div id=\"col-1620821234\" class=\"col medium-6 small-12 large-6\"  >\n\t\t\t\t<div class=\"col-inner\"  >\n\t\t\t\n\t\t\t\n\n\t<div id=\"text-1203917153\" class=\"text\">\n\t\t\n\n<h2>COOLMATIC Kylm\u00e4vesiyksikk\u00f6&nbsp;<\/h2>\n<p>Energiatehokas ja kompakti vedenj\u00e4\u00e4hdytysj\u00e4rjestelm\u00e4, joka tuottaa, varastoi ja annostelee kylm\u00e4\u00e4 vett\u00e4.&nbsp;<\/p>\n<p>Polarmatic j\u00e4\u00e4hdytysyksikk\u00f6 on hyv\u00e4 ratkaisu kohteisiin, joissa betonin tavoitel\u00e4mp\u00f6tila halutaan saavuttaa helposti veden j\u00e4\u00e4hdytt\u00e4misen avulla.<\/p>\n<p>&nbsp;<\/p>\n\t\t\n<style>\n#text-1203917153 {\n  line-height: 1.5;\n}\n<\/style>\n\t<\/div>\n\t\n<a href=\"https:\/\/www.polarmatic.com\/fi\/ratkaisut\/coolmatic-jaahdytysratkaisut\/coolmatic-kylmavesijaahdytys\" class=\"button primary lowercase\" >\n\t\t<span>Lue lis\u00e4\u00e4<\/span>\n\t<\/a>\n\n\n\n\t\t<\/div>\n\t\t\t\t\t<\/div>\n\n\t\n\n\n<style>\n#row-441961987 > .col > .col-inner {\n  padding: 30px 0px 0px 0px;\n}\n<\/style>\n<\/div>\n<div class=\"is-divider divider clearfix\" style=\"max-width:100%;height:1px;\"><\/div>\n\n<div class=\"row align-middle\"  id=\"row-1208436249\">\n\n\n\t<div id=\"col-1664148948\" class=\"col medium-6 small-12 large-6\"  >\n\t\t\t\t<div class=\"col-inner\"  >\n\t\t\t\n\t\t\t\n\n\t<div id=\"text-1591958905\" class=\"text\">\n\t\t\n\n<h2>COOLMATIC Kiviaineksen ja veden j\u00e4\u00e4hdytykseen<\/h2>\n<p>Nestem\u00e4isell\u00e4 typell\u00e4 teht\u00e4v\u00e4 j\u00e4\u00e4hdytys (LIN-j\u00e4\u00e4hdytys) on tehokas j\u00e4\u00e4hdytysmenetelm\u00e4 kohteisiin, joissa j\u00e4\u00e4hdytyksen tarve on suuri ja\/tai jatkuvaa.&nbsp;<\/p>\n<p>Betonin ainesosista kiviaines varastoi eniten l\u00e4mp\u00f6\u00e4, ja siksi sen j\u00e4\u00e4hdytt\u00e4minen on tehokkain tapa alentaa valmisbetonin l\u00e4mp\u00f6tilaa. LIN-j\u00e4\u00e4hdytys on markkinoiden tehokkain ratkaisu kiviaineksen j\u00e4\u00e4dytt\u00e4miseen, ja j\u00e4\u00e4hdytyksen kokonaistuloksen tehostamiseksi siihen voidaan yhdist\u00e4\u00e4 my\u00f6s veden j\u00e4\u00e4hdytys joko nestem\u00e4isell\u00e4 typell\u00e4 tai erillisell\u00e4, s\u00e4hk\u00f6toimisella j\u00e4\u00e4hdytysyksik\u00f6ll\u00e4 sovelluskohteesta riippuen.<\/p>\n<p>&nbsp;<\/p>\n\t\t\n<style>\n#text-1591958905 {\n  line-height: 1.5;\n}\n<\/style>\n\t<\/div>\n\t\n<a href=\"https:\/\/www.polarmatic.com\/fi\/ratkaisut\/coolmatic-jaahdytysratkaisut\/coolmatic-kiviaineksen-ja-veden-jaahdytysratkaisu-betoniasemille\" class=\"button primary lowercase\" >\n\t\t<span>Lue lis\u00e4\u00e4<\/span>\n\t<\/a>\n\n\n\n\t\t<\/div>\n\t\t\t\t\t<\/div>\n\n\t\n\n\t<div id=\"col-21707693\" class=\"col medium-6 small-12 large-6 small-col-first\"  >\n\t\t\t\t<div class=\"col-inner\"  >\n\t\t\t\n\t\t\t\n\n\t<div class=\"img has-hover x md-x lg-x y md-y lg-y\" id=\"image_879204070\">\n\t\t\t\t\t\t\t\t<div class=\"img-inner image-cover dark\" style=\"padding-top:56.25%;\">\n\t\t\t<img loading=\"lazy\" decoding=\"async\" width=\"1024\" height=\"768\" src=\"https:\/\/www.polarmatic.com\/wp-content\/uploads\/2023\/04\/BAUMA2022_9_.png\" class=\"attachment-2048x2048 size-2048x2048\" alt=\"LIN Cooling\" srcset=\"https:\/\/www.polarmatic.com\/wp-content\/uploads\/2023\/04\/BAUMA2022_9_.png 1024w, https:\/\/www.polarmatic.com\/wp-content\/uploads\/2023\/04\/BAUMA2022_9_-300x225.png 300w, https:\/\/www.polarmatic.com\/wp-content\/uploads\/2023\/04\/BAUMA2022_9_-768x576.png 768w\" sizes=\"auto, (max-width: 1024px) 100vw, 1024px\" \/>\t\t\t\t\t\t\n\t\t\t\t\t<\/div>\n\t\t\t\t\t\t\t\t\n<style>\n#image_879204070 {\n  width: 80%;\n}\n<\/style>\n\t<\/div>\n\t\n\n\n\t\t<\/div>\n\t\t\t\t\t<\/div>\n\n\t\n\n\n<style>\n#row-1208436249 > .col > .col-inner {\n  padding: 30px 0px 0px 0px;\n}\n<\/style>\n<\/div>\n<div class=\"is-divider divider clearfix\" style=\"max-width:100%;height:1px;\"><\/div>\n\n<div class=\"row align-middle\"  id=\"row-252905538\">\n\n\n\t<div id=\"col-1576459125\" class=\"col medium-6 small-12 large-6\"  >\n\t\t\t\t<div class=\"col-inner\"  >\n\t\t\t\n\t\t\t\n\n\t<div class=\"img has-hover x md-x lg-x y md-y lg-y\" id=\"image_777371398\">\n\t\t\t\t\t\t\t\t<div class=\"img-inner image-cover dark\" style=\"padding-top:56.25%;\">\n\t\t\t<img loading=\"lazy\" decoding=\"async\" width=\"1772\" height=\"1181\" src=\"https:\/\/www.polarmatic.com\/wp-content\/uploads\/2023\/04\/Batching-plant-with-cooling.png\" class=\"attachment-2048x2048 size-2048x2048\" alt=\"Batching plant with cooling\" srcset=\"https:\/\/www.polarmatic.com\/wp-content\/uploads\/2023\/04\/Batching-plant-with-cooling.png 1772w, https:\/\/www.polarmatic.com\/wp-content\/uploads\/2023\/04\/Batching-plant-with-cooling-300x200.png 300w, https:\/\/www.polarmatic.com\/wp-content\/uploads\/2023\/04\/Batching-plant-with-cooling-1024x682.png 1024w, https:\/\/www.polarmatic.com\/wp-content\/uploads\/2023\/04\/Batching-plant-with-cooling-768x512.png 768w, https:\/\/www.polarmatic.com\/wp-content\/uploads\/2023\/04\/Batching-plant-with-cooling-1536x1024.png 1536w\" sizes=\"auto, (max-width: 1772px) 100vw, 1772px\" \/>\t\t\t\t\t\t\n\t\t\t\t\t<\/div>\n\t\t\t\t\t\t\t\t\n<style>\n#image_777371398 {\n  width: 80%;\n}\n<\/style>\n\t<\/div>\n\t\n\n\n\t\t<\/div>\n\t\t\t\t\t<\/div>\n\n\t\n\n\t<div id=\"col-1738261788\" class=\"col medium-6 small-12 large-6\"  >\n\t\t\t\t<div class=\"col-inner\"  >\n\t\t\t\n\t\t\t\n\n\t<div id=\"text-1318590492\" class=\"text\">\n\t\t\n\n<h2>Yhdistetty j\u00e4\u00e4hdytys- ja l\u00e4mmitysratkaisu<\/h2>\n<p>COOLMATIC kylm\u00e4vesiyksikk\u00f6 voidaan yhdist\u00e4\u00e4 TURBOMATIC l\u00e4mp\u00f6yksikk\u00f6\u00f6n, jolloin betonitehtaalla voidaan aina tuottaa oikeanl\u00e4mp\u00f6ist\u00e4 betonia &#8211; ymp\u00e4ri vuoden.<\/p>\n<p>&nbsp;<\/p>\n\t\t\n<style>\n#text-1318590492 {\n  line-height: 1.5;\n}\n<\/style>\n\t<\/div>\n\t\n<a href=\"https:\/\/www.polarmatic.com\/fi\/ratkaisut\/coolmatic-jaahdytysratkaisut\/yhdistetty-jaahdytys-ja-lammitysratkaisu\" class=\"button primary lowercase\" >\n\t\t<span>Lue lis\u00e4\u00e4<\/span>\n\t<\/a>\n\n\n\n\t\t<\/div>\n\t\t\t\t\t<\/div>\n\n\t\n\n\n<style>\n#row-252905538 > .col > .col-inner {\n  padding: 30px 0px 0px 0px;\n}\n<\/style>\n<\/div>\n<div class=\"is-divider divider clearfix\" style=\"max-width:100%;height:1px;\"><\/div>\n\n<div class=\"row align-middle\"  id=\"row-23705428\">\n\n\n\t<div id=\"col-1361083091\" class=\"col medium-6 small-12 large-6\"  >\n\t\t\t\t<div class=\"col-inner\"  >\n\t\t\t\n\t\t\t\n\n\t<div id=\"text-2769406320\" class=\"text\">\n\t\t\n\n<h2>J\u00e4\u00e4hdytys j\u00e4lkiasennuksena<\/h2>\n<p>Mik\u00e4li betonitehtaalla on jo k\u00e4yt\u00f6ss\u00e4 Polarmaticin l\u00e4mmitysj\u00e4rjestelm\u00e4, on siihen mahdollista lis\u00e4t\u00e4 j\u00e4\u00e4hdytystoiminto helposti j\u00e4lkik\u00e4teen.<\/p>\n<p>Olemassaolevan kaluston lis\u00e4k\u00e4ytt\u00f6 tukee my\u00f6s betonialan kest\u00e4v\u00e4n toiminnan periaatteita sek\u00e4 alentaa j\u00e4\u00e4hdytyksen k\u00e4ytt\u00f6\u00f6noton kustannuksia.&nbsp;<\/p>\n<p>&nbsp;<\/p>\n\t\t\n<style>\n#text-2769406320 {\n  line-height: 1.5;\n}\n<\/style>\n\t<\/div>\n\t\n<a href=\"https:\/\/www.polarmatic.com\/fi\/ratkaisut\/coolmatic-jaahdytysratkaisut\/coolmatic-jaahdytys-jalkiasennuksena-betoniasemille\/\" class=\"button primary lowercase\" >\n\t\t<span>Lue lis\u00e4\u00e4<\/span>\n\t<\/a>\n\n\n\n\t\t<\/div>\n\t\t\t\t\t<\/div>\n\n\t\n\n\t<div id=\"col-1588881065\" class=\"col medium-6 small-12 large-6 small-col-first\"  >\n\t\t\t\t<div class=\"col-inner\"  >\n\t\t\t\n\t\t\t\n\n\t<div class=\"img has-hover x md-x lg-x y md-y lg-y\" id=\"image_835506714\">\n\t\t\t\t\t\t\t\t<div class=\"img-inner image-cover dark\" style=\"padding-top:56.25%;\">\n\t\t\t<img loading=\"lazy\" decoding=\"async\" width=\"1536\" height=\"2048\" src=\"https:\/\/www.polarmatic.com\/wp-content\/uploads\/2023\/04\/IMG_7470-1536x2048.jpg\" class=\"attachment-2048x2048 size-2048x2048\" alt=\"COOLMATIC LIN cooling solutions by Polarmatic.\" srcset=\"https:\/\/www.polarmatic.com\/wp-content\/uploads\/2023\/04\/IMG_7470-1536x2048.jpg 1536w, https:\/\/www.polarmatic.com\/wp-content\/uploads\/2023\/04\/IMG_7470-225x300.jpg 225w, https:\/\/www.polarmatic.com\/wp-content\/uploads\/2023\/04\/IMG_7470-768x1024.jpg 768w, https:\/\/www.polarmatic.com\/wp-content\/uploads\/2023\/04\/IMG_7470-1152x1536.jpg 1152w, https:\/\/www.polarmatic.com\/wp-content\/uploads\/2023\/04\/IMG_7470-scaled.jpg 1920w\" sizes=\"auto, (max-width: 1536px) 100vw, 1536px\" \/>\t\t\t\t\t\t\n\t\t\t\t\t<\/div>\n\t\t\t\t\t\t\t\t\n<style>\n#image_835506714 {\n  width: 80%;\n}\n<\/style>\n\t<\/div>\n\t\n\n\n\t\t<\/div>\n\t\t\t\t\t<\/div>\n\n\t\n\n\n<style>\n#row-23705428 > .col > .col-inner {\n  padding: 30px 0px 0px 0px;\n}\n<\/style>\n<\/div>\n<div class=\"is-divider divider clearfix\" style=\"max-width:100%;height:1px;\"><\/div>\n\n<div class=\"row align-middle\"  id=\"row-1467910891\">\n\n\n\t<div id=\"col-893472487\" class=\"col medium-2 small-12 large-2\"  >\n\t\t\t\t<div class=\"col-inner\"  >\n\t\t\t\n\t\t\t\n\n\t<div class=\"img has-hover x md-x lg-x y md-y lg-y\" id=\"image_1249716545\">\n\t\t\t\t\t\t\t\t<div class=\"img-inner image-cover dark\" style=\"padding-top:100%;\">\n\t\t\t<img loading=\"lazy\" decoding=\"async\" width=\"200\" height=\"200\" src=\"https:\/\/www.polarmatic.com\/wp-content\/uploads\/2023\/04\/Download-icon.png\" class=\"attachment-2048x2048 size-2048x2048\" alt=\"\" srcset=\"https:\/\/www.polarmatic.com\/wp-content\/uploads\/2023\/04\/Download-icon.png 200w, https:\/\/www.polarmatic.com\/wp-content\/uploads\/2023\/04\/Download-icon-150x150.png 150w\" sizes=\"auto, (max-width: 200px) 100vw, 200px\" \/>\t\t\t\t\t\t\n\t\t\t\t\t<\/div>\n\t\t\t\t\t\t\t\t\n<style>\n#image_1249716545 {\n  width: 80%;\n}\n<\/style>\n\t<\/div>\n\t\n\n\n\t\t<\/div>\n\t\t\t\t\t<\/div>\n\n\t\n\n\t<div id=\"col-1976809464\" class=\"col medium-6 small-12 large-6\"  >\n\t\t\t\t<div class=\"col-inner\"  >\n\t\t\t\n\t\t\t\n\n\t<div id=\"text-176726525\" class=\"text\">\n\t\t\n\n<div>\n<h2>COOLMATIC tuote-esite<\/h2>\n<\/div>\n<div>\n<p>Tilaa esitteemme helposti s\u00e4hk\u00f6postiin alla olevan painikkeen kautta.<\/p>\n<p>&nbsp;<\/p>\n<\/div>\n\t\t\n<style>\n#text-176726525 {\n  line-height: 1.5;\n}\n<\/style>\n\t<\/div>\n\t\n<a href=\"https:\/\/www.polarmatic.com\/material-library-coolmatic\" class=\"button primary lowercase\" >\n\t\t<span>Tilaa esite<\/span>\n\t<\/a>\n\n\n\n\t\t<\/div>\n\t\t\t\t\t<\/div>\n\n\t\n\n\n<style>\n#row-1467910891 > .col > .col-inner {\n  padding: 60px 0px 0px 0px;\n}\n<\/style>\n<\/div>\n\n","protected":false},"excerpt":{"rendered":"","protected":false},"author":1,"featured_media":0,"parent":2209,"menu_order":2,"comment_status":"closed","ping_status":"closed","template":"","meta":{"_acf_changed":false,"footnotes":""},"class_list":["post-6580","page","type-page","status-publish","hentry"],"acf":[],"_links":{"self":[{"href":"https:\/\/www.polarmatic.com\/fi\/wp-json\/wp\/v2\/pages\/6580","targetHints":{"allow":["GET"]}}],"collection":[{"href":"https:\/\/www.polarmatic.com\/fi\/wp-json\/wp\/v2\/pages"}],"about":[{"href":"https:\/\/www.polarmatic.com\/fi\/wp-json\/wp\/v2\/types\/page"}],"author":[{"embeddable":true,"href":"https:\/\/www.polarmatic.com\/fi\/wp-json\/wp\/v2\/users\/1"}],"replies":[{"embeddable":true,"href":"https:\/\/www.polarmatic.com\/fi\/wp-json\/wp\/v2\/comments?post=6580"}],"version-history":[{"count":10,"href":"https:\/\/www.polarmatic.com\/fi\/wp-json\/wp\/v2\/pages\/6580\/revisions"}],"predecessor-version":[{"id":12531,"href":"https:\/\/www.polarmatic.com\/fi\/wp-json\/wp\/v2\/pages\/6580\/revisions\/12531"}],"up":[{"embeddable":true,"href":"https:\/\/www.polarmatic.com\/fi\/wp-json\/wp\/v2\/pages\/2209"}],"wp:attachment":[{"href":"https:\/\/www.polarmatic.com\/fi\/wp-json\/wp\/v2\/media?parent=6580"}],"curies":[{"name":"wp","href":"https:\/\/api.w.org\/{rel}","templated":true}]}}