{"id":6610,"date":"2023-02-20T12:15:05","date_gmt":"2023-02-20T10:15:05","guid":{"rendered":"https:\/\/www.polarmatic.com\/?page_id=6610"},"modified":"2026-03-23T11:36:35","modified_gmt":"2026-03-23T09:36:35","slug":"coolmatic-kiviaineksen-ja-veden-jaahdytysratkaisu-betoniasemille","status":"publish","type":"page","link":"https:\/\/www.polarmatic.com\/fi\/ratkaisut\/coolmatic-jaahdytysratkaisut\/coolmatic-kiviaineksen-ja-veden-jaahdytysratkaisu-betoniasemille\/","title":{"rendered":"COOLMATIC Kiviaineksen ja veden j\u00e4\u00e4hdytykseen"},"content":{"rendered":"\n<div class=\"row\"  id=\"row-549442470\">\n\n\n\t<div id=\"col-1647108857\" class=\"col small-12 large-12\"  >\n\t\t\t\t<div class=\"col-inner\"  >\n\t\t\t\n\t\t\t\n\n\t\t<div class=\"pm-breadcrumbs\">\n\t\t\t\t\n\n<span><span><a href=\"https:\/\/www.polarmatic.com\/fi\/\">Home<\/a><\/span><\/span>\n\t\t<\/div>\n\t\n\n\t\t<\/div>\n\t\t\t\t\t<\/div>\n\n\t\n\n<\/div>\n<div class=\"row\"  id=\"row-2033254620\">\n\n\n\t<div id=\"col-1921724089\" class=\"col medium-6 small-12 large-6\"  >\n\t\t\t\t<div class=\"col-inner\"  >\n\t\t\t\n\t\t\t\n\n\t<div id=\"text-3894657788\" class=\"text\">\n\t\t\n\n<h1>COOLMATIC Kiviaineksen ja veden j\u00e4\u00e4hdytykseen&nbsp;<\/h1>\n<p>&nbsp;<\/p>\n<p>Kiviaineksen j\u00e4\u00e4hdytykseen tehokkain ratkaisu on nestem\u00e4isen typen (LIN) k\u00e4ytt\u00f6\u00f6n perustuva j\u00e4\u00e4hdytys. Tarjoamme markkinoiden energiatehokkaimman kiviaineksen j\u00e4\u00e4hdytysj\u00e4rjestelm\u00e4n, jonka olemme kehitt\u00e4neet yhteisty\u00f6ss\u00e4 saksalaisen Linde Gas GmbH:n kanssa.&nbsp;<\/p>\n<p>Kiviainesta j\u00e4\u00e4hdytt\u00e4m\u00e4ll\u00e4 betonin l\u00e4mp\u00f6tila saadaan laskemaan merkitt\u00e4v\u00e4sti, ja&nbsp; j\u00e4\u00e4hdytyst\u00e4 voidaan edelleen tehostaa j\u00e4\u00e4hdytt\u00e4m\u00e4ll\u00e4 my\u00f6s betonin valmistuksessa k\u00e4ytett\u00e4v\u00e4 vesi joko nestem\u00e4isell\u00e4 typell\u00e4 (LIN) tai erillisen, s\u00e4hk\u00f6toimisen j\u00e4\u00e4hdyttimen avulla.&nbsp;<\/p>\n<p>&nbsp;<\/p>\n<h2><span style=\"font-size: 80%; color: #3a5dae;\">LIN-j\u00e4\u00e4hdytyksen hy\u00f6dyt<\/span><\/h2>\n<ul>\n<li>J\u00e4\u00e4hdytetty kiviaines alentaa valmiin betonin l\u00e4mp\u00f6tilaa tehokkaasti<\/li>\n<li>Kiviaineksen j\u00e4\u00e4hdytt\u00e4minen s\u00e4ilytt\u00e4\u00e4 betonin l\u00e4mp\u00f6tilan ty\u00f6maalle asti<\/li>\n<li>Ratkaisumme k\u00e4ytt\u00e4\u00e4 50% v\u00e4hemm\u00e4n nestem\u00e4ist\u00e4 typpe\u00e4 verrattuna muihin markkinoilla tarjolla oleviin typpij\u00e4\u00e4hdytysratkaisuihin&nbsp;<\/li>\n<li>Lis\u00e4toimintona nopea veden j\u00e4\u00e4hdytys&nbsp;<\/li>\n<li>Voidaan j\u00e4lkiasentaa olemassa oleviin TURBOMATIC -l\u00e4mmitysyksik\u00f6ihin.&nbsp;<\/li>\n<\/ul>\n\t\t\n<style>\n#text-3894657788 {\n  line-height: 1.5;\n}\n<\/style>\n\t<\/div>\n\t\n\n\t\t<\/div>\n\t\t\t\t\t<\/div>\n\n\t\n\n\t<div id=\"col-318379916\" class=\"col medium-6 small-12 large-6\"  >\n\t\t\t\t<div class=\"col-inner\"  >\n\t\t\t\n\t\t\t\n\n\n  \n    <div id=\"gallery-1631465966\" class=\"slider slider-auto-height row-collapse slider-nav-circle\" data-flickity-options='{&quot;imagesLoaded&quot;: true, &quot;dragThreshold&quot; : 5, &quot;cellAlign&quot;: &quot;left&quot;,&quot;wrapAround&quot;: true,&quot;prevNextButtons&quot;: true,&quot;percentPosition&quot;: true,&quot;pageDots&quot;: true, &quot;rightToLeft&quot;: false, &quot;autoPlay&quot; : 6000}'>\n\n  <div class=\"gallery-col col\" >\n          <div class=\"col-inner\">\n            <a class=\"image-lightbox lightbox-gallery\" href=\"https:\/\/www.polarmatic.com\/wp-content\/uploads\/2023\/03\/IMG_20171013_142839-2048x1536.jpg\" title=\"LIN-j\u00e4\u00e4hdytys k\u00e4yt\u00f6ss\u00e4 asiakkaamme tehtaalla It\u00e4vallassa.\">            <div class=\"box has-hover gallery-box box-normal\">\n              <div class=\"box-image\" >\n                <img loading=\"lazy\" decoding=\"async\" width=\"2048\" height=\"1536\" src=\"https:\/\/www.polarmatic.com\/wp-content\/uploads\/2023\/03\/IMG_20171013_142839-2048x1536.jpg\" class=\"attachment-2048x2048 size-2048x2048\" alt=\"Coolmatic LIN\" ids=\"3148,4644\" style=\"normal\" lightbox_image_size=\"2048x2048\" type=\"slider-full\" slider_nav_style=\"circle\" slider_bullets=\"true\" auto_slide=\"6000\" image_size=\"2048x2048\" text_align=\"right\" text_bg=\"null\" srcset=\"https:\/\/www.polarmatic.com\/wp-content\/uploads\/2023\/03\/IMG_20171013_142839-2048x1536.jpg 2048w, https:\/\/www.polarmatic.com\/wp-content\/uploads\/2023\/03\/IMG_20171013_142839-300x225.jpg 300w, https:\/\/www.polarmatic.com\/wp-content\/uploads\/2023\/03\/IMG_20171013_142839-1024x768.jpg 1024w, https:\/\/www.polarmatic.com\/wp-content\/uploads\/2023\/03\/IMG_20171013_142839-768x576.jpg 768w, https:\/\/www.polarmatic.com\/wp-content\/uploads\/2023\/03\/IMG_20171013_142839-1536x1152.jpg 1536w\" sizes=\"auto, (max-width: 2048px) 100vw, 2048px\" \/>                                                              <\/div>\n              <div class=\"box-text text-right\" style=\"background-color:null;\">\n                 <p>LIN-j\u00e4\u00e4hdytys k\u00e4yt\u00f6ss\u00e4 asiakkaamme tehtaalla It\u00e4vallassa.<\/p>\n              <\/div>\n            <\/div>\n            <\/a>          <\/div>\n         <\/div><div class=\"gallery-col col\" >\n          <div class=\"col-inner\">\n            <a class=\"image-lightbox lightbox-gallery\" href=\"https:\/\/www.polarmatic.com\/wp-content\/uploads\/2023\/04\/EN-Coolmatic-with-LIN.png\" title=\"Coolmatic LIN-j\u00e4\u00e4hdytyksell\u00e4\">            <div class=\"box has-hover gallery-box box-normal\">\n              <div class=\"box-image\" >\n                <img loading=\"lazy\" decoding=\"async\" width=\"960\" height=\"720\" src=\"https:\/\/www.polarmatic.com\/wp-content\/uploads\/2023\/04\/EN-Coolmatic-with-LIN.png\" class=\"attachment-2048x2048 size-2048x2048\" alt=\"Flowchart Coolmatic with LIN Cooling (EN)\" ids=\"3148,4644\" style=\"normal\" lightbox_image_size=\"2048x2048\" type=\"slider-full\" slider_nav_style=\"circle\" slider_bullets=\"true\" auto_slide=\"6000\" image_size=\"2048x2048\" text_align=\"right\" text_bg=\"null\" srcset=\"https:\/\/www.polarmatic.com\/wp-content\/uploads\/2023\/04\/EN-Coolmatic-with-LIN.png 960w, https:\/\/www.polarmatic.com\/wp-content\/uploads\/2023\/04\/EN-Coolmatic-with-LIN-300x225.png 300w, https:\/\/www.polarmatic.com\/wp-content\/uploads\/2023\/04\/EN-Coolmatic-with-LIN-768x576.png 768w\" sizes=\"auto, (max-width: 960px) 100vw, 960px\" \/>                                                              <\/div>\n              <div class=\"box-text text-right\" style=\"background-color:null;\">\n                 <p>Coolmatic LIN-j\u00e4\u00e4hdytyksell\u00e4<\/p>\n              <\/div>\n            <\/div>\n            <\/a>          <\/div>\n         <\/div><\/div>\n\n\n\t\t<\/div>\n\t\t\t\t\t<\/div>\n\n\t\n\n<\/div>\n","protected":false},"excerpt":{"rendered":"","protected":false},"author":1,"featured_media":0,"parent":6580,"menu_order":2,"comment_status":"closed","ping_status":"closed","template":"","meta":{"_acf_changed":false,"footnotes":""},"class_list":["post-6610","page","type-page","status-publish","hentry"],"acf":[],"_links":{"self":[{"href":"https:\/\/www.polarmatic.com\/fi\/wp-json\/wp\/v2\/pages\/6610","targetHints":{"allow":["GET"]}}],"collection":[{"href":"https:\/\/www.polarmatic.com\/fi\/wp-json\/wp\/v2\/pages"}],"about":[{"href":"https:\/\/www.polarmatic.com\/fi\/wp-json\/wp\/v2\/types\/page"}],"author":[{"embeddable":true,"href":"https:\/\/www.polarmatic.com\/fi\/wp-json\/wp\/v2\/users\/1"}],"replies":[{"embeddable":true,"href":"https:\/\/www.polarmatic.com\/fi\/wp-json\/wp\/v2\/comments?post=6610"}],"version-history":[{"count":7,"href":"https:\/\/www.polarmatic.com\/fi\/wp-json\/wp\/v2\/pages\/6610\/revisions"}],"predecessor-version":[{"id":7706,"href":"https:\/\/www.polarmatic.com\/fi\/wp-json\/wp\/v2\/pages\/6610\/revisions\/7706"}],"up":[{"embeddable":true,"href":"https:\/\/www.polarmatic.com\/fi\/wp-json\/wp\/v2\/pages\/6580"}],"wp:attachment":[{"href":"https:\/\/www.polarmatic.com\/fi\/wp-json\/wp\/v2\/media?parent=6610"}],"curies":[{"name":"wp","href":"https:\/\/api.w.org\/{rel}","templated":true}]}}