{"id":6618,"date":"2023-02-20T12:15:41","date_gmt":"2023-02-20T10:15:41","guid":{"rendered":"https:\/\/www.polarmatic.com\/?page_id=6618"},"modified":"2024-01-04T15:46:33","modified_gmt":"2024-01-04T13:46:33","slug":"yhdistetty-jaahdytys-ja-lammitysratkaisu","status":"publish","type":"page","link":"https:\/\/www.polarmatic.com\/fi\/ratkaisut\/coolmatic-jaahdytysratkaisut\/yhdistetty-jaahdytys-ja-lammitysratkaisu\/","title":{"rendered":"Yhdistetty j\u00e4\u00e4hdytys- ja l\u00e4mmitysratkaisu"},"content":{"rendered":"\n<div class=\"row\"  id=\"row-308060639\">\n\n\n\t<div id=\"col-139434715\" class=\"col small-12 large-12\"  >\n\t\t\t\t<div class=\"col-inner\"  >\n\t\t\t\n\t\t\t\n\n\t\t<div class=\"pm-breadcrumbs\">\n\t\t\t\t\n\n<span><span><a href=\"https:\/\/www.polarmatic.com\/fi\/\">Home<\/a><\/span><\/span>\n\t\t<\/div>\n\t\n\n\t\t<\/div>\n\t\t\t\t\t<\/div>\n\n\t\n\n<\/div>\n<div class=\"row\"  id=\"row-599172441\">\n\n\n\t<div id=\"col-1490814450\" class=\"col medium-6 small-12 large-6\"  >\n\t\t\t\t<div class=\"col-inner\"  >\n\t\t\t\n\t\t\t\n\n\t<div id=\"text-2783691448\" class=\"text\">\n\t\t\n\n<h1>Yhdistetty j\u00e4\u00e4hdytys- ja l\u00e4mmitysratkaisu<\/h1>\n<p>\u00a0<\/p>\n<p>COOLMATIC kylm\u00e4vesiyksikk\u00f6 on mahdollista yhdist\u00e4\u00e4 TURBOMATIC l\u00e4mmitysj\u00e4rjestelm\u00e4\u00e4n, jolloin betonitehtaalle saadaan helposti luotua sek\u00e4 j\u00e4\u00e4hdytys- ett\u00e4 l\u00e4mmitysj\u00e4rjestelm\u00e4 yhden laitteiston avulla.\u00a0<\/p>\n<p>TURBOMATIC l\u00e4mmityslaitos tuottaa tehokkaasti l\u00e4mp\u00f6\u00e4, jonka ansiosta j\u00e4\u00e4 ja lumi sulavat nopeasti kiviaineksesta, ja samalla kiviaines voidaan esil\u00e4mmitt\u00e4\u00e4 ja l\u00e4mmitt\u00e4\u00e4 betonin tuotantoa varten. Saman j\u00e4rjestelm\u00e4n avulla my\u00f6s betonitehtaalla tarvittava vesi sek\u00e4 tuotanto- ja toimitilat voidaan l\u00e4mmitt\u00e4\u00e4 energiatehokkaasti haluttuun l\u00e4mp\u00f6tilaan.\u00a0<\/p>\n<p>Yhdistelm\u00e4laitos hy\u00f6dynt\u00e4\u00e4 samaa vesis\u00e4ili\u00f6t\u00e4 ja putkistoa riippuen siit\u00e4 tarvitaanko tehtaalla l\u00e4mmityst\u00e4 vai j\u00e4\u00e4hdytyst\u00e4.\u00a0<\/p>\n<p>\u00a0<\/p>\n\t\t\n<style>\n#text-2783691448 {\n  line-height: 1.5;\n}\n<\/style>\n\t<\/div>\n\t\n<a href=\"https:\/\/www.polarmatic.com\/fi\/ratkaisut\/turbomatic-lammitysratkaisut\" class=\"button primary lowercase\" >\n\t\t<span>TURBOMATIC L\u00e4mmitysratkaisut<\/span>\n\t<\/a>\n\n\n<a href=\"https:\/\/www.polarmatic.com\/fi\/ratkaisut\/coolmatic-jaahdytysratkaisut\" class=\"button primary lowercase\" >\n\t\t<span>COOLMATIC J\u00e4\u00e4hdytysratkaisut<\/span>\n\t<\/a>\n\n\n\n\t\t<\/div>\n\t\t\t\t\t<\/div>\n\n\t\n\n\t<div id=\"col-1473649206\" class=\"col medium-6 small-12 large-6\"  >\n\t\t\t\t<div class=\"col-inner\"  >\n\t\t\t\n\t\t\t\n\n\t<div class=\"img has-hover x md-x lg-x y md-y lg-y\" id=\"image_1416139770\">\n\t\t\t\t\t\t\t\t<div class=\"img-inner image-cover dark\" style=\"padding-top:56.25%;\">\n\t\t\t<img loading=\"lazy\" decoding=\"async\" width=\"2048\" height=\"2048\" src=\"https:\/\/www.polarmatic.com\/wp-content\/uploads\/2023\/04\/Coolmatic-tehdas-01-2048x2048.jpg\" class=\"attachment-2048x2048 size-2048x2048\" alt=\"Coolmatic Cooling Solutions\" srcset=\"https:\/\/www.polarmatic.com\/wp-content\/uploads\/2023\/04\/Coolmatic-tehdas-01-2048x2048.jpg 2048w, https:\/\/www.polarmatic.com\/wp-content\/uploads\/2023\/04\/Coolmatic-tehdas-01-300x300.jpg 300w, https:\/\/www.polarmatic.com\/wp-content\/uploads\/2023\/04\/Coolmatic-tehdas-01-1024x1024.jpg 1024w, https:\/\/www.polarmatic.com\/wp-content\/uploads\/2023\/04\/Coolmatic-tehdas-01-150x150.jpg 150w, https:\/\/www.polarmatic.com\/wp-content\/uploads\/2023\/04\/Coolmatic-tehdas-01-768x768.jpg 768w, https:\/\/www.polarmatic.com\/wp-content\/uploads\/2023\/04\/Coolmatic-tehdas-01-1536x1536.jpg 1536w\" sizes=\"auto, (max-width: 2048px) 100vw, 2048px\" \/>\t\t\t\t\t\t\n\t\t\t\t\t<\/div>\n\t\t\t\t\t\t\t\t\n<style>\n#image_1416139770 {\n  width: 100%;\n}\n<\/style>\n\t<\/div>\n\t\n\n\n\t\t<\/div>\n\t\t\t\t\t<\/div>\n\n\t\n\n<\/div>\n\n","protected":false},"excerpt":{"rendered":"","protected":false},"author":1,"featured_media":0,"parent":6580,"menu_order":3,"comment_status":"closed","ping_status":"closed","template":"","meta":{"_acf_changed":false,"footnotes":""},"class_list":["post-6618","page","type-page","status-publish","hentry"],"acf":[],"_links":{"self":[{"href":"https:\/\/www.polarmatic.com\/fi\/wp-json\/wp\/v2\/pages\/6618","targetHints":{"allow":["GET"]}}],"collection":[{"href":"https:\/\/www.polarmatic.com\/fi\/wp-json\/wp\/v2\/pages"}],"about":[{"href":"https:\/\/www.polarmatic.com\/fi\/wp-json\/wp\/v2\/types\/page"}],"author":[{"embeddable":true,"href":"https:\/\/www.polarmatic.com\/fi\/wp-json\/wp\/v2\/users\/1"}],"replies":[{"embeddable":true,"href":"https:\/\/www.polarmatic.com\/fi\/wp-json\/wp\/v2\/comments?post=6618"}],"version-history":[{"count":10,"href":"https:\/\/www.polarmatic.com\/fi\/wp-json\/wp\/v2\/pages\/6618\/revisions"}],"predecessor-version":[{"id":7710,"href":"https:\/\/www.polarmatic.com\/fi\/wp-json\/wp\/v2\/pages\/6618\/revisions\/7710"}],"up":[{"embeddable":true,"href":"https:\/\/www.polarmatic.com\/fi\/wp-json\/wp\/v2\/pages\/6580"}],"wp:attachment":[{"href":"https:\/\/www.polarmatic.com\/fi\/wp-json\/wp\/v2\/media?parent=6618"}],"curies":[{"name":"wp","href":"https:\/\/api.w.org\/{rel}","templated":true}]}}