{"id":6628,"date":"2023-02-20T12:16:13","date_gmt":"2023-02-20T10:16:13","guid":{"rendered":"https:\/\/www.polarmatic.com\/?page_id=6628"},"modified":"2026-03-23T12:00:09","modified_gmt":"2026-03-23T10:00:09","slug":"coolmatic-jaahdytys-jalkiasennuksena-betoniasemille","status":"publish","type":"page","link":"https:\/\/www.polarmatic.com\/fi\/ratkaisut\/coolmatic-jaahdytysratkaisut\/coolmatic-jaahdytys-jalkiasennuksena-betoniasemille\/","title":{"rendered":"COOLMATIC j\u00e4lkiasennuksena"},"content":{"rendered":"\n<div class=\"row\"  id=\"row-493804368\">\n\n\n\t<div id=\"col-1594766936\" class=\"col small-12 large-12\"  >\n\t\t\t\t<div class=\"col-inner\"  >\n\t\t\t\n\t\t\t\n\n\t\t<div class=\"pm-breadcrumbs\">\n\t\t\t\t\n\n<span><span><a href=\"https:\/\/www.polarmatic.com\/fi\/\">Home<\/a><\/span><\/span>\n\t\t<\/div>\n\t\n\n\t\t<\/div>\n\t\t\t\t\t<\/div>\n\n\t\n\n<\/div>\n<div class=\"row\"  id=\"row-926897664\">\n\n\n\t<div id=\"col-1516455421\" class=\"col medium-6 small-12 large-6\"  >\n\t\t\t\t<div class=\"col-inner\"  >\n\t\t\t\n\t\t\t\n\n\t<div id=\"text-947414590\" class=\"text\">\n\t\t\n\n<h1>COOLMATIC j\u00e4lkiasennuksena<\/h1>\n<p>Mik\u00e4li betonitehtaalla on jo k\u00e4yt\u00f6ss\u00e4 Polarmaticin toimittama l\u00e4mmitysj\u00e4rjestelm\u00e4, ja mik\u00e4li j\u00e4\u00e4hdytyksen tarve tulee tuotannossa ajankohtaiseksi, suosittelemme lis\u00e4\u00e4m\u00e4\u00e4n TURBOMATIC-laitteistoon j\u00e4\u00e4hdytyksen j\u00e4lkiasennuksena, joilloin tehtaalla ei tarvitse toteuttaa isoja muutoksia tai tuotantoseisokkia.&nbsp;<\/p>\n<p>Kes\u00e4aikana l\u00e4mmitysj\u00e4rjestelm\u00e4n vesis\u00e4ili\u00f6t\u00e4 voidaan hy\u00f6dynt\u00e4\u00e4 kylm\u00e4vesis\u00e4ili\u00f6n\u00e4 sek\u00e4 j\u00e4\u00e4hdytin- ett\u00e4 LIN-j\u00e4\u00e4hdytysvaihtoehdoissa. Lis\u00e4ksi j\u00e4rjestelm\u00e4n muita osia kuten putkistoja, ohjausyksikk\u00f6\u00e4 ja kompressoria voidaan k\u00e4ytt\u00e4\u00e4 j\u00e4\u00e4hdytykseen.&nbsp;<\/p>\n<p>&nbsp;<\/p>\n<h2><span style=\"font-size: 80%; color: #3a5dae;\">COOLMATIC j\u00e4lkiasennuksen hy\u00f6dyt<\/span><\/h2>\n<ul>\n<li>Ei tarvetta uusille laitteistoille, samaa vesis\u00e4ili\u00f6t\u00e4 ja putkistoa voidaan k\u00e4ytt\u00e4\u00e4 sek\u00e4 j\u00e4\u00e4hdytyksess\u00e4 ett\u00e4 l\u00e4mmityksess\u00e4<\/li>\n<li>Nopea asennus ja k\u00e4ytt\u00f6\u00f6notto&nbsp;<\/li>\n<li>Vastuullinen ja kest\u00e4v\u00e4 ratkaisu, joka tukee betoniteollisuuden asettamia tavoitteita&nbsp;<\/li>\n<li>Kustannustehokas ratkaisu<\/li>\n<\/ul>\n\t\t\n<style>\n#text-947414590 {\n  line-height: 1.5;\n}\n<\/style>\n\t<\/div>\n\t\n\n\t\t<\/div>\n\t\t\t\t\t<\/div>\n\n\t\n\n\t<div id=\"col-1466382144\" class=\"col medium-6 small-12 large-6\"  >\n\t\t\t\t<div class=\"col-inner\"  >\n\t\t\t\n\t\t\t\n\n\n  \n    <div id=\"gallery-660474687\" class=\"slider slider-auto-height row-collapse slider-nav-circle\" data-flickity-options='{&quot;imagesLoaded&quot;: true, &quot;dragThreshold&quot; : 5, &quot;cellAlign&quot;: &quot;left&quot;,&quot;wrapAround&quot;: true,&quot;prevNextButtons&quot;: true,&quot;percentPosition&quot;: true,&quot;pageDots&quot;: true, &quot;rightToLeft&quot;: false, &quot;autoPlay&quot; : 6000}'>\n\n  <div class=\"gallery-col col\" >\n          <div class=\"col-inner\">\n            <a class=\"image-lightbox lightbox-gallery\" href=\"https:\/\/www.polarmatic.com\/wp-content\/uploads\/2023\/04\/Bemo-Bad-Bergzabern-edited-2048x2044.jpg\" title=\"Yhdistetty l\u00e4mmitys- ja j\u00e4\u00e4hdytysratkaisu\">            <div class=\"box has-hover gallery-box box-normal\">\n              <div class=\"box-image\" >\n                <img loading=\"lazy\" decoding=\"async\" width=\"2048\" height=\"2044\" src=\"https:\/\/www.polarmatic.com\/wp-content\/uploads\/2023\/04\/Bemo-Bad-Bergzabern-edited-2048x2044.jpg\" class=\"attachment-2048x2048 size-2048x2048\" alt=\"Combined heating and cooling solution by Polarmatic\" ids=\"5496\" style=\"normal\" lightbox_image_size=\"2048x2048\" type=\"slider-full\" slider_nav_style=\"circle\" slider_bullets=\"true\" auto_slide=\"6000\" image_size=\"2048x2048\" text_align=\"right\" srcset=\"https:\/\/www.polarmatic.com\/wp-content\/uploads\/2023\/04\/Bemo-Bad-Bergzabern-edited-2048x2044.jpg 2048w, https:\/\/www.polarmatic.com\/wp-content\/uploads\/2023\/04\/Bemo-Bad-Bergzabern-edited-300x300.jpg 300w, https:\/\/www.polarmatic.com\/wp-content\/uploads\/2023\/04\/Bemo-Bad-Bergzabern-edited-1024x1022.jpg 1024w, https:\/\/www.polarmatic.com\/wp-content\/uploads\/2023\/04\/Bemo-Bad-Bergzabern-edited-150x150.jpg 150w, https:\/\/www.polarmatic.com\/wp-content\/uploads\/2023\/04\/Bemo-Bad-Bergzabern-edited-768x766.jpg 768w, https:\/\/www.polarmatic.com\/wp-content\/uploads\/2023\/04\/Bemo-Bad-Bergzabern-edited-1536x1533.jpg 1536w\" sizes=\"auto, (max-width: 2048px) 100vw, 2048px\" \/>                                                              <\/div>\n              <div class=\"box-text text-right\" >\n                 <p>Yhdistetty l\u00e4mmitys- ja j\u00e4\u00e4hdytysratkaisu<\/p>\n              <\/div>\n            <\/div>\n            <\/a>          <\/div>\n         <\/div><\/div>\n\n\n\t\t<\/div>\n\t\t\t\t\t<\/div>\n\n\t\n\n<\/div>\n\n\n\n<p><\/p>\n","protected":false},"excerpt":{"rendered":"","protected":false},"author":1,"featured_media":0,"parent":6580,"menu_order":4,"comment_status":"closed","ping_status":"closed","template":"","meta":{"_acf_changed":false,"footnotes":""},"class_list":["post-6628","page","type-page","status-publish","hentry"],"acf":[],"_links":{"self":[{"href":"https:\/\/www.polarmatic.com\/fi\/wp-json\/wp\/v2\/pages\/6628","targetHints":{"allow":["GET"]}}],"collection":[{"href":"https:\/\/www.polarmatic.com\/fi\/wp-json\/wp\/v2\/pages"}],"about":[{"href":"https:\/\/www.polarmatic.com\/fi\/wp-json\/wp\/v2\/types\/page"}],"author":[{"embeddable":true,"href":"https:\/\/www.polarmatic.com\/fi\/wp-json\/wp\/v2\/users\/1"}],"replies":[{"embeddable":true,"href":"https:\/\/www.polarmatic.com\/fi\/wp-json\/wp\/v2\/comments?post=6628"}],"version-history":[{"count":10,"href":"https:\/\/www.polarmatic.com\/fi\/wp-json\/wp\/v2\/pages\/6628\/revisions"}],"predecessor-version":[{"id":12523,"href":"https:\/\/www.polarmatic.com\/fi\/wp-json\/wp\/v2\/pages\/6628\/revisions\/12523"}],"up":[{"embeddable":true,"href":"https:\/\/www.polarmatic.com\/fi\/wp-json\/wp\/v2\/pages\/6580"}],"wp:attachment":[{"href":"https:\/\/www.polarmatic.com\/fi\/wp-json\/wp\/v2\/media?parent=6628"}],"curies":[{"name":"wp","href":"https:\/\/api.w.org\/{rel}","templated":true}]}}