{"id":6652,"date":"2023-02-20T12:19:04","date_gmt":"2023-02-20T10:19:04","guid":{"rendered":"https:\/\/www.polarmatic.com\/?page_id=6652"},"modified":"2024-01-05T10:20:17","modified_gmt":"2024-01-05T08:20:17","slug":"curematic-kypsytysratkaisut","status":"publish","type":"page","link":"https:\/\/www.polarmatic.com\/fi\/ratkaisut\/curematic-kypsytysratkaisut\/","title":{"rendered":"CUREMATIC Kypsytysratkaisut"},"content":{"rendered":"\n<div class=\"row\"  id=\"row-613917950\">\n\n\n\t<div id=\"col-809240485\" class=\"col small-12 large-12\"  >\n\t\t\t\t<div class=\"col-inner\"  >\n\t\t\t\n\t\t\t\n\n\t\t<div class=\"pm-breadcrumbs\">\n\t\t\t\t\n\n<span><span><a href=\"https:\/\/www.polarmatic.com\/fi\/\">Home<\/a><\/span><\/span>\n\t\t<\/div>\n\t\n\n\t\t<\/div>\n\t\t\t\t\t<\/div>\n\n\t\n\n<\/div>\n<div class=\"row\"  id=\"row-1618497614\">\n\n\n\t<div id=\"col-898865449\" class=\"col small-12 large-12\"  >\n\t\t\t\t<div class=\"col-inner text-center dark\" style=\"background-color:#82ab4e;\" >\n\t\t\t\n\t\t\t\n\n\t<div id=\"text-851510654\" class=\"text\">\n\t\t\n\n<h1>CUREMATIC Kypsytysratkaisut<\/h1>\n<p class=\"lead\">Laadukkaiden betonituotteiden valmistukseen ja tuottavuuden parantamiseen&nbsp;<\/p>\n\t\t\n<style>\n#text-851510654 {\n  line-height: 1.5;\n}\n<\/style>\n\t<\/div>\n\t\n\n\t\t<\/div>\n\t\t\t\t\n<style>\n#col-898865449 > .col-inner {\n  padding: 70px 30px 70px 30px;\n  margin: 30px 0px 0px 0px;\n}\n<\/style>\n\t<\/div>\n\n\t\n\n<\/div>\n\t<div class=\"img has-hover x md-x lg-x y md-y lg-y\" id=\"image_577436333\">\n\t\t\t\t\t\t\t\t<div class=\"img-inner image-cover dark\" style=\"padding-top:600px;\">\n\t\t\t<img loading=\"lazy\" decoding=\"async\" width=\"2048\" height=\"1365\" src=\"https:\/\/www.polarmatic.com\/wp-content\/uploads\/2023\/03\/iStock-469291894-Concrete-Elements-Curing-Solutions-2048x1365.jpg\" class=\"attachment-2048x2048 size-2048x2048\" alt=\"CUREMATIC Curing Solutions: Stack of reinforced concrete slabs in a house-building factory workshop\" srcset=\"https:\/\/www.polarmatic.com\/wp-content\/uploads\/2023\/03\/iStock-469291894-Concrete-Elements-Curing-Solutions-2048x1365.jpg 2048w, https:\/\/www.polarmatic.com\/wp-content\/uploads\/2023\/03\/iStock-469291894-Concrete-Elements-Curing-Solutions-300x200.jpg 300w, https:\/\/www.polarmatic.com\/wp-content\/uploads\/2023\/03\/iStock-469291894-Concrete-Elements-Curing-Solutions-1024x683.jpg 1024w, https:\/\/www.polarmatic.com\/wp-content\/uploads\/2023\/03\/iStock-469291894-Concrete-Elements-Curing-Solutions-768x512.jpg 768w, https:\/\/www.polarmatic.com\/wp-content\/uploads\/2023\/03\/iStock-469291894-Concrete-Elements-Curing-Solutions-1536x1024.jpg 1536w\" sizes=\"auto, (max-width: 2048px) 100vw, 2048px\" \/>\t\t\t\t\t\t\n\t\t\t\t\t<\/div>\n\t\t\t\t\t\t\t\t\n<style>\n#image_577436333 {\n  width: 100%;\n}\n<\/style>\n\t<\/div>\n\t\n\n<div class=\"row align-center\"  id=\"row-454223467\">\n\n\n\t<div id=\"col-1663498740\" class=\"col medium-8 small-12 large-8\"  >\n\t\t\t\t<div class=\"col-inner text-center\"  >\n\t\t\t\n\t\t\t\n\n\t<div id=\"text-3315842044\" class=\"text\">\n\t\t\n\n<h2>Betonitehtaan tuotannon optimointiin<\/h2>\n<p>CUREMATIC kypsytysratkaisut on suunniteltu betonituotteiden ja -elementtien kypsytykseen, ja niiden avulla tehtaan vuosituotantoa ja tuottavuutta voidaan helposti lis\u00e4t\u00e4 sek\u00e4 lopputuotteiden laatua parantaa.<\/p>\n<p>R\u00e4\u00e4t\u00e4l\u00f6imme CUREMATICj\u00e4rjestelm\u00e4t aina asiakaskohtaisesti jokaisen tehtaan tarpeisiin ja niiss\u00e4 valmistettaville betonituotteille.&nbsp;<\/p>\n\t\t\n<style>\n#text-3315842044 {\n  line-height: 1.5;\n  text-align: center;\n}\n<\/style>\n\t<\/div>\n\t\n\n\t\t<\/div>\n\t\t\t\t\t<\/div>\n\n\t\n\n\n<style>\n#row-454223467 > .col > .col-inner {\n  padding: 30px 0px 0px 0px;\n}\n<\/style>\n<\/div>\n<div class=\"is-divider divider clearfix\" style=\"max-width:100%;height:1px;\"><\/div>\n\n<div class=\"row align-center\"  id=\"row-1036070633\">\n\n\n\t<div id=\"col-983385140\" class=\"col medium-5 small-12 large-5\"  >\n\t\t\t\t<div class=\"col-inner text-left\"  >\n\t\t\t\n\t\t\t\n\n\t<div id=\"text-1428020717\" class=\"text\">\n\t\t\n\n<h2><span style=\"font-size: 80%;\">Kokonaisratkaisu betonin kypsytykseen<\/span><\/h2>\n<p>CUREMATIC kypsytysj\u00e4rjestelmill\u00e4 betonituotteiden valmistus voidaan toteuttaa tehokkaasti niin harkkojen, laattojen kuin putkien ja isojen elementtien tuotantoyksik\u00f6iss\u00e4.&nbsp;<\/p>\n<p>Yhdist\u00e4m\u00e4ll\u00e4 kypsytykseen Polarmaticin tehokkaan l\u00e4mmityksen ja j\u00e4\u00e4hdytyksen, betonin valmistuksessa voidaan vuodenajasta riippumatta saavuttaa tavoitel\u00e4mp\u00f6tilat helposti ja energia-tehokkaasti.<\/p>\n<p>Yhdistelm\u00e4laitoksen avulla kypsytysl\u00e4mp\u00f6tilat saavutetaan nopeasti ja korkealaatuisia betonituotteita voidaan valmistaa ymp\u00e4ri vuoden ilman laatuvaihteluita tai tuotantokatkoja.&nbsp;<\/p>\n<h3><span style=\"font-size: 80%; color: #3a5dae;\">CUREMATICin p\u00e4\u00e4toiminnot: :<\/span><\/h3>\n<ul>\n<li>Betonin kypsytys elementti- ja betonituotetehtailla&nbsp;<\/li>\n<li>Kypsytysprosessin helppo kontrollointi, esim. laatu ja kypsyysaste&nbsp;<\/li>\n<li>Betonin valmistaminen ihanteelliseen valul\u00e4mp\u00f6tilaan&nbsp;<\/li>\n<\/ul>\n\t\t\n<style>\n#text-1428020717 {\n  line-height: 1.5;\n}\n<\/style>\n\t<\/div>\n\t\n\n\t\t<\/div>\n\t\t\t\t\t<\/div>\n\n\t\n\n\t<div id=\"col-1823672366\" class=\"col medium-1 small-12 large-1\"  >\n\t\t\t\t<div class=\"col-inner\"  >\n\t\t\t\n\t\t\t\n\n\n\t\t<\/div>\n\t\t\t\t\t<\/div>\n\n\t\n\n\t<div id=\"col-121745355\" class=\"col medium-5 small-12 large-5\"  >\n\t\t\t\t<div class=\"col-inner text-left\"  >\n\t\t\t\n\t\t\t\n\n\t<div id=\"text-2620401945\" class=\"text\">\n\t\t\n\n<h2><span style=\"font-size: 80%;\">CUREMATIC Kypsytysj\u00e4rjestelm\u00e4t tarjoavat monia etuja&nbsp;<\/span><\/h2>\n<ul>\n<li>Yhdell\u00e4 konttiinrakennetulla j\u00e4rjestelm\u00e4ll\u00e4 voidaan hoitaa sek\u00e4 betonin kypsytys ett\u00e4 betonitehtaan l\u00e4mmitys- ja j\u00e4\u00e4hdytystarpeet<\/li>\n<li>Koko kypsytysprosessin tarkka hallinnointi&nbsp;<\/li>\n<li>Nopeammat l\u00e4pimenoajat ja parantunut vuosituotanto tehokkaan l\u00e4mmitystehon avulla&nbsp;<\/li>\n<li>Energiatehokas j\u00e4rjestelm\u00e4, joka luo merkitt\u00e4vi\u00e4 kustannuss\u00e4\u00e4st\u00f6j\u00e4&nbsp;&nbsp;<\/li>\n<li>Tarvittava betonin lujuus voidaan saavuttaa v\u00e4hemm\u00e4ll\u00e4 m\u00e4\u00e4r\u00e4ll\u00e4 sementti\u00e4&nbsp;<\/li>\n<li>Alhaiset k\u00e4ytt\u00f6- ja huoltokustannukset<\/li>\n<li>Ymp\u00e4rist\u00f6yst\u00e4v\u00e4llinen ratkaisu<\/li>\n<li>T\u00e4ysin automatisoitu ja tietokoneohjattu j\u00e4rjestelm\u00e4, joka reagoi nopeasti ja toimii vakaasti tuotannon tarpeiden mukaan.<\/li>\n<\/ul>\n<p>&nbsp;<\/p>\n\t\t\n<style>\n#text-2620401945 {\n  line-height: 1.5;\n}\n<\/style>\n\t<\/div>\n\t\n\n\t\t<\/div>\n\t\t\t\t\t<\/div>\n\n\t\n\n\n<style>\n#row-1036070633 > .col > .col-inner {\n  padding: 30px 0px 0px 0px;\n}\n<\/style>\n<\/div>\n<div class=\"is-divider divider clearfix\" style=\"max-width:100%;height:1px;\"><\/div>\n\n<div class=\"row align-middle\"  id=\"row-543562447\">\n\n\n\t<div id=\"col-1355271363\" class=\"col medium-5 small-12 large-5\"  >\n\t\t\t\t<div class=\"col-inner text-left\"  >\n\t\t\t\n\t\t\t\n\n\n  <div class=\"banner has-hover\" id=\"banner-732800156\">\n          <div class=\"banner-inner fill\">\n        <div class=\"banner-bg fill\" >\n            <img loading=\"lazy\" decoding=\"async\" width=\"1600\" height=\"1200\" src=\"https:\/\/www.polarmatic.com\/wp-content\/uploads\/2023\/04\/Precast-products_4.jpg\" class=\"bg attachment-2048x2048 size-2048x2048\" alt=\"Polarmatic curing solutions for precast concrete production.\" \/>                                    \n                    <\/div>\n\t\t\n        <div class=\"banner-layers container\">\n            <div class=\"fill banner-link\"><\/div>            \n\n\n        <\/div>\n      <\/div>\n\n            \n<style>\n#banner-732800156 {\n  padding-top: 55%;\n}\n#banner-732800156 .banner-bg img {\n  object-position: 100% 100%;\n}\n<\/style>\n  <\/div>\n\n\n\n\t\t<\/div>\n\t\t\t\t\n<style>\n#col-1355271363 > .col-inner {\n  padding: 0px 100px 0px 0px;\n}\n<\/style>\n\t<\/div>\n\n\t\n\n\t<div id=\"col-780552405\" class=\"col medium-1 small-12 large-1\"  >\n\t\t\t\t<div class=\"col-inner\"  >\n\t\t\t\n\t\t\t\n\n\n\t\t<\/div>\n\t\t\t\t\t<\/div>\n\n\t\n\n\t<div id=\"col-1284175762\" class=\"col medium-6 small-12 large-6\"  >\n\t\t\t\t<div class=\"col-inner\"  >\n\t\t\t\n\t\t\t\n\n\t<div id=\"text-2093221781\" class=\"text\">\n\t\t\n\n<h2>CUREMATIC Peti- ja muottikypsytykseen&nbsp;<\/h2>\n<p>Erinomainen ratkaisu tuotteille, jotka kypsytet\u00e4\u00e4n pedeill\u00e4 ja muoteissa.&nbsp;<\/p>\n<p>Tyypillisi\u00e4 tuotteita: ontelolaatat, palkit ja sein\u00e4elementit.<\/p>\n<p>&nbsp;<\/p>\n\t\t\n<style>\n#text-2093221781 {\n  line-height: 1.5;\n}\n<\/style>\n\t<\/div>\n\t\n<a href=\"https:\/\/www.polarmatic.com\/fi\/ratkaisut\/curematic-kypsytysratkaisut\/curematic-peti-ja-muottikypsytykseen\" class=\"button primary lowercase\" >\n\t\t<span>Lue lis\u00e4\u00e4<\/span>\n\t<\/a>\n\n\n\n\t\t<\/div>\n\t\t\t\t\t<\/div>\n\n\t\n\n\n<style>\n#row-543562447 > .col > .col-inner {\n  padding: 30px 0px 0px 0px;\n}\n<\/style>\n<\/div>\n<div class=\"is-divider divider clearfix\" style=\"max-width:100%;height:1px;\"><\/div>\n\n<div class=\"row align-middle\"  id=\"row-1592037054\">\n\n\n\t<div id=\"col-805140040\" class=\"col medium-6 small-12 large-6\"  >\n\t\t\t\t<div class=\"col-inner\"  >\n\t\t\t\n\t\t\t\n\n\t<div id=\"text-182965412\" class=\"text\">\n\t\t\n\n<h2>CUREMATIC TURBOh\u00f6yrykypsytykseen&nbsp;<\/h2>\n<p>Suunniteltu betonituotteille, jotka kypsytet\u00e4\u00e4n uuneissa ja kammioissa.&nbsp;<\/p>\n<p>Typillisi\u00e4 tuotteita: betoniset putket, huoltoluukut, harkot ja pihakivet.<\/p>\n<p>&nbsp;<\/p>\n\t\t\n<style>\n#text-182965412 {\n  line-height: 1.5;\n}\n<\/style>\n\t<\/div>\n\t\n<a href=\"https:\/\/www.polarmatic.com\/fi\/ratkaisut\/curematic-kypsytysratkaisut\/curematic-turbohoyrykypsytykseen\/\" class=\"button primary lowercase\" >\n\t\t<span>Lue lis\u00e4\u00e4<\/span>\n\t<\/a>\n\n\n\n\t\t<\/div>\n\t\t\t\t\t<\/div>\n\n\t\n\n\t<div id=\"col-1841187805\" class=\"col medium-6 small-12 large-6 small-col-first\"  >\n\t\t\t\t<div class=\"col-inner\"  >\n\t\t\t\n\t\t\t\n\n\t<div class=\"img has-hover x md-x lg-x y md-y lg-y\" id=\"image_1238223976\">\n\t\t\t\t\t\t\t\t<div class=\"img-inner image-cover dark\" style=\"padding-top:56.25%;\">\n\t\t\t<img loading=\"lazy\" decoding=\"async\" width=\"1020\" height=\"574\" src=\"https:\/\/www.polarmatic.com\/wp-content\/uploads\/2023\/02\/lakka_bl-305_citymuurikivi_dsc_7546-edited-1024x576.jpg\" class=\"attachment-large size-large\" alt=\"Lakan Betoni products\" srcset=\"https:\/\/www.polarmatic.com\/wp-content\/uploads\/2023\/02\/lakka_bl-305_citymuurikivi_dsc_7546-edited-1024x576.jpg 1024w, https:\/\/www.polarmatic.com\/wp-content\/uploads\/2023\/02\/lakka_bl-305_citymuurikivi_dsc_7546-edited-300x169.jpg 300w, https:\/\/www.polarmatic.com\/wp-content\/uploads\/2023\/02\/lakka_bl-305_citymuurikivi_dsc_7546-edited-768x432.jpg 768w, https:\/\/www.polarmatic.com\/wp-content\/uploads\/2023\/02\/lakka_bl-305_citymuurikivi_dsc_7546-edited-1536x864.jpg 1536w, https:\/\/www.polarmatic.com\/wp-content\/uploads\/2023\/02\/lakka_bl-305_citymuurikivi_dsc_7546-edited-2048x1152.jpg 2048w\" sizes=\"auto, (max-width: 1020px) 100vw, 1020px\" \/>\t\t\t\t\t\t\n\t\t\t\t\t<\/div>\n\t\t\t\t\t\t\t\t\n<style>\n#image_1238223976 {\n  width: 80%;\n}\n<\/style>\n\t<\/div>\n\t\n\n\n\t\t<\/div>\n\t\t\t\t\t<\/div>\n\n\t\n\n\n<style>\n#row-1592037054 > .col > .col-inner {\n  padding: 30px 0px 0px 0px;\n}\n<\/style>\n<\/div>\n<div class=\"is-divider divider clearfix\" style=\"max-width:100%;height:1px;\"><\/div>\n\n<div class=\"row align-middle\"  id=\"row-1341436476\">\n\n\n\t<div id=\"col-682028598\" class=\"col medium-6 small-12 large-6\"  >\n\t\t\t\t<div class=\"col-inner\"  >\n\t\t\t\n\t\t\t\n\n\t<div class=\"img has-hover x md-x lg-x y md-y lg-y\" id=\"image_539023736\">\n\t\t\t\t\t\t\t\t<div class=\"img-inner image-cover dark\" style=\"padding-top:56.25%;\">\n\t\t\t<img loading=\"lazy\" decoding=\"async\" width=\"2048\" height=\"1536\" src=\"https:\/\/www.polarmatic.com\/wp-content\/uploads\/2023\/01\/IMG_3163-2048x1536.jpg\" class=\"attachment-2048x2048 size-2048x2048\" alt=\"Concrete tiles produced by Best Way Stone in Canada with help of TURBOMATIC heating unit.\" srcset=\"https:\/\/www.polarmatic.com\/wp-content\/uploads\/2023\/01\/IMG_3163-2048x1536.jpg 2048w, https:\/\/www.polarmatic.com\/wp-content\/uploads\/2023\/01\/IMG_3163-300x225.jpg 300w, https:\/\/www.polarmatic.com\/wp-content\/uploads\/2023\/01\/IMG_3163-1024x768.jpg 1024w, https:\/\/www.polarmatic.com\/wp-content\/uploads\/2023\/01\/IMG_3163-768x576.jpg 768w, https:\/\/www.polarmatic.com\/wp-content\/uploads\/2023\/01\/IMG_3163-1536x1152.jpg 1536w\" sizes=\"auto, (max-width: 2048px) 100vw, 2048px\" \/>\t\t\t\t\t\t\n\t\t\t\t\t<\/div>\n\t\t\t\t\t\t\t\t\n<style>\n#image_539023736 {\n  width: 80%;\n}\n<\/style>\n\t<\/div>\n\t\n\n\n\t\t<\/div>\n\t\t\t\t\t<\/div>\n\n\t\n\n\t<div id=\"col-943233439\" class=\"col medium-6 small-12 large-6\"  >\n\t\t\t\t<div class=\"col-inner\"  >\n\t\t\t\n\t\t\t\n\n\t<div id=\"text-4739902\" class=\"text\">\n\t\t\n\n<h2>CUREMATIC Kammiokypsytykseen<\/h2>\n<p>K\u00e4ytet\u00e4\u00e4n p\u00e4\u00e4s\u00e4\u00e4nt\u00f6isesti kiinteiss\u00e4 kypsytyskammioissa sek\u00e4 betonituotetehtaissa, joissa kypsytett\u00e4v\u00e4t tuotteet ovat samankokoisia.&nbsp;<\/p>\n<p>Tyypillisi\u00e4 tuotteita: betoniset harkot ja pihakivet.&nbsp;<\/p>\n\t\t\n<style>\n#text-4739902 {\n  line-height: 1.5;\n}\n<\/style>\n\t<\/div>\n\t\n<a href=\"https:\/\/www.polarmatic.com\/fi\/ratkaisut\/curematic-kypsytysratkaisut\/curematic-kammiokypsytykseen\" class=\"button primary lowercase\" >\n\t\t<span>Lue lis\u00e4\u00e4<\/span>\n\t<\/a>\n\n\n\n\t\t<\/div>\n\t\t\t\t\t<\/div>\n\n\t\n\n\n<style>\n#row-1341436476 > .col > .col-inner {\n  padding: 30px 0px 0px 0px;\n}\n<\/style>\n<\/div>\n<div class=\"is-divider divider clearfix\" style=\"max-width:100%;height:1px;\"><\/div>\n\n<div class=\"row align-middle\"  id=\"row-200627037\">\n\n\n\t<div id=\"col-1482762025\" class=\"col medium-6 small-12 large-6\"  >\n\t\t\t\t<div class=\"col-inner\"  >\n\t\t\t\n\t\t\t\n\n\t<div id=\"text-4087471068\" class=\"text\">\n\t\t\n\n<h2>CUREMATIC H\u00f6yrykypsytykseen&nbsp;<\/h2>\n<p>Suunniteltu erityisesti betonitehtaisiin, joissa tuotetaan isoja m\u00e4\u00e4ri\u00e4 samaa tuotetta kiertomuottilinjoilla, ja joissa betonituotteiden kypsytys on jatkuvaa.&nbsp;<\/p>\n<p>Tyypillisi\u00e4 tuotteita: tunnelielementit ja betoniset ratap\u00f6lkyt.<\/p>\n<p>&nbsp;<\/p>\n\t\t\n<style>\n#text-4087471068 {\n  line-height: 1.5;\n}\n<\/style>\n\t<\/div>\n\t\n<a href=\"https:\/\/www.polarmatic.com\/fi\/ratkaisut\/curematic-kypsytysratkaisut\/curematic-hoyrykypsytykseen\" class=\"button primary lowercase\" >\n\t\t<span>Lue lis\u00e4\u00e4<\/span>\n\t<\/a>\n\n\n\n\t\t<\/div>\n\t\t\t\t\t<\/div>\n\n\t\n\n\t<div id=\"col-1625711875\" class=\"col medium-6 small-12 large-6 small-col-first\"  >\n\t\t\t\t<div class=\"col-inner\"  >\n\t\t\t\n\t\t\t\n\n\t<div class=\"img has-hover x md-x lg-x y md-y lg-y\" id=\"image_301591381\">\n\t\t\t\t\t\t\t\t<div class=\"img-inner image-cover dark\" style=\"padding-top:56.25%;\">\n\t\t\t<img loading=\"lazy\" decoding=\"async\" width=\"2048\" height=\"1536\" src=\"https:\/\/www.polarmatic.com\/wp-content\/uploads\/2023\/04\/Tunnel-elements_3-2048x1536.jpg\" class=\"attachment-2048x2048 size-2048x2048\" alt=\"Polarmatic curing solutions for tunnel element curing.\" srcset=\"https:\/\/www.polarmatic.com\/wp-content\/uploads\/2023\/04\/Tunnel-elements_3-2048x1536.jpg 2048w, https:\/\/www.polarmatic.com\/wp-content\/uploads\/2023\/04\/Tunnel-elements_3-300x225.jpg 300w, https:\/\/www.polarmatic.com\/wp-content\/uploads\/2023\/04\/Tunnel-elements_3-1024x768.jpg 1024w, https:\/\/www.polarmatic.com\/wp-content\/uploads\/2023\/04\/Tunnel-elements_3-768x576.jpg 768w, https:\/\/www.polarmatic.com\/wp-content\/uploads\/2023\/04\/Tunnel-elements_3-1536x1152.jpg 1536w\" sizes=\"auto, (max-width: 2048px) 100vw, 2048px\" \/>\t\t\t\t\t\t\n\t\t\t\t\t<\/div>\n\t\t\t\t\t\t\t\t\n<style>\n#image_301591381 {\n  width: 80%;\n}\n<\/style>\n\t<\/div>\n\t\n\n\n\t\t<\/div>\n\t\t\t\t\t<\/div>\n\n\t\n\n\n<style>\n#row-200627037 > .col > .col-inner {\n  padding: 30px 0px 0px 0px;\n}\n<\/style>\n<\/div>\n<div class=\"is-divider divider clearfix\" style=\"max-width:100%;height:1px;\"><\/div>\n\n<div class=\"row align-middle\"  id=\"row-1892866492\">\n\n\n\t<div id=\"col-840200472\" class=\"col medium-2 small-12 large-2\"  >\n\t\t\t\t<div class=\"col-inner\"  >\n\t\t\t\n\t\t\t\n\n\t<div class=\"img has-hover x md-x lg-x y md-y lg-y\" id=\"image_1701126110\">\n\t\t\t\t\t\t\t\t<div class=\"img-inner image-cover dark\" style=\"padding-top:100%;\">\n\t\t\t<img loading=\"lazy\" decoding=\"async\" width=\"200\" height=\"200\" src=\"https:\/\/www.polarmatic.com\/wp-content\/uploads\/2023\/04\/Download-icon.png\" class=\"attachment-2048x2048 size-2048x2048\" alt=\"\" srcset=\"https:\/\/www.polarmatic.com\/wp-content\/uploads\/2023\/04\/Download-icon.png 200w, https:\/\/www.polarmatic.com\/wp-content\/uploads\/2023\/04\/Download-icon-150x150.png 150w\" sizes=\"auto, (max-width: 200px) 100vw, 200px\" \/>\t\t\t\t\t\t\n\t\t\t\t\t<\/div>\n\t\t\t\t\t\t\t\t\n<style>\n#image_1701126110 {\n  width: 80%;\n}\n<\/style>\n\t<\/div>\n\t\n\n\n\t\t<\/div>\n\t\t\t\t\t<\/div>\n\n\t\n\n\t<div id=\"col-1080433550\" class=\"col medium-6 small-12 large-6\"  >\n\t\t\t\t<div class=\"col-inner\"  >\n\t\t\t\n\t\t\t\n\n\t<div id=\"text-1139099127\" class=\"text\">\n\t\t\n\n<div>\n<h2>CUREMATIC Tuote-esite<\/h2>\n<\/div>\n<div>\n<p>Tilaa kypsytysratkaisujemme tuote-esite alla olevan painikkeen kautta.&nbsp;<\/p>\n<p>&nbsp;<\/p>\n<\/div>\n\t\t\n<style>\n#text-1139099127 {\n  line-height: 1.5;\n}\n<\/style>\n\t<\/div>\n\t\n<a href=\"https:\/\/www.polarmatic.com\/fi\/ratkaisut\/curematic-kypsytysratkaisut\/curematic-tuote-esite\/\" class=\"button primary lowercase\" >\n\t\t<span>Tilaa esite<\/span>\n\t<\/a>\n\n\n\n\t\t<\/div>\n\t\t\t\t\t<\/div>\n\n\t\n\n\n<style>\n#row-1892866492 > .col > .col-inner {\n  padding: 60px 0px 0px 0px;\n}\n<\/style>\n<\/div>\n\n","protected":false},"excerpt":{"rendered":"","protected":false},"author":1,"featured_media":0,"parent":2209,"menu_order":3,"comment_status":"closed","ping_status":"closed","template":"","meta":{"_acf_changed":false,"footnotes":""},"class_list":["post-6652","page","type-page","status-publish","hentry"],"acf":[],"_links":{"self":[{"href":"https:\/\/www.polarmatic.com\/fi\/wp-json\/wp\/v2\/pages\/6652","targetHints":{"allow":["GET"]}}],"collection":[{"href":"https:\/\/www.polarmatic.com\/fi\/wp-json\/wp\/v2\/pages"}],"about":[{"href":"https:\/\/www.polarmatic.com\/fi\/wp-json\/wp\/v2\/types\/page"}],"author":[{"embeddable":true,"href":"https:\/\/www.polarmatic.com\/fi\/wp-json\/wp\/v2\/users\/1"}],"replies":[{"embeddable":true,"href":"https:\/\/www.polarmatic.com\/fi\/wp-json\/wp\/v2\/comments?post=6652"}],"version-history":[{"count":10,"href":"https:\/\/www.polarmatic.com\/fi\/wp-json\/wp\/v2\/pages\/6652\/revisions"}],"predecessor-version":[{"id":8503,"href":"https:\/\/www.polarmatic.com\/fi\/wp-json\/wp\/v2\/pages\/6652\/revisions\/8503"}],"up":[{"embeddable":true,"href":"https:\/\/www.polarmatic.com\/fi\/wp-json\/wp\/v2\/pages\/2209"}],"wp:attachment":[{"href":"https:\/\/www.polarmatic.com\/fi\/wp-json\/wp\/v2\/media?parent=6652"}],"curies":[{"name":"wp","href":"https:\/\/api.w.org\/{rel}","templated":true}]}}