{"id":6674,"date":"2023-02-20T12:14:23","date_gmt":"2023-02-20T10:14:23","guid":{"rendered":"https:\/\/www.polarmatic.com\/?page_id=6674"},"modified":"2026-03-23T11:31:30","modified_gmt":"2026-03-23T09:31:30","slug":"coolmatic-kylmavesijaahdytys-betoniasemille","status":"publish","type":"page","link":"https:\/\/www.polarmatic.com\/fi\/ratkaisut\/coolmatic-jaahdytysratkaisut\/coolmatic-kylmavesijaahdytys-betoniasemille\/","title":{"rendered":"COOLMATIC Kylm\u00e4vesij\u00e4\u00e4hdytys"},"content":{"rendered":"\n<div class=\"row\"  id=\"row-268743576\">\n\n\n\t<div id=\"col-1689528490\" class=\"col small-12 large-12\"  >\n\t\t\t\t<div class=\"col-inner\"  >\n\t\t\t\n\t\t\t\n\n\t\t<div class=\"pm-breadcrumbs\">\n\t\t\t\t\n\n<span><span><a href=\"https:\/\/www.polarmatic.com\/fi\/\">Home<\/a><\/span><\/span>\n\t\t<\/div>\n\t\n\n\t\t<\/div>\n\t\t\t\t\t<\/div>\n\n\t\n\n<\/div>\n<div class=\"row\"  id=\"row-1358484778\">\n\n\n\t<div id=\"col-243595305\" class=\"col medium-6 small-12 large-6\"  >\n\t\t\t\t<div class=\"col-inner\"  >\n\t\t\t\n\t\t\t\n\n\t<div id=\"text-2153510873\" class=\"text\">\n\t\t\n\n<h1>COOLMATIC Kylm\u00e4vesij\u00e4\u00e4hdytys<\/h1>\n<p>Kylm\u00e4vesij\u00e4\u00e4hdytys on hyv\u00e4 vaihtoehto betoniaseman j\u00e4\u00e4hdytystarpeisiin silloin, kun betonin kiviainesta ei ole tarpeen j\u00e4\u00e4hdytt\u00e4\u00e4.&nbsp;<\/p>\n<p>J\u00e4\u00e4hdytysyksik\u00f6n mitoitus tehd\u00e4\u00e4n aina yhteisty\u00f6ss\u00e4 asiakkaan kanssa, jotta tehtaan ominaisuudet ja j\u00e4\u00e4hdytystarpeet huomioidaan tarkasti, ja jotta laitteisto vastaa tehtaan kokoa ja kapasiteettia.&nbsp;&nbsp;<\/p>\n<p>COOLMATIC yksik\u00f6n j\u00e4\u00e4hdytt\u00e4m\u00e4\u00e4 vett\u00e4 voidaan hy\u00f6dynt\u00e4\u00e4 my\u00f6s toimitilojen j\u00e4\u00e4hdytykseen.&nbsp;<\/p>\n<p>&nbsp;<\/p>\n<h2><span style=\"color: #3a5dae; font-size: 80%;\">COOLMATIC kylm\u00e4vesij\u00e4\u00e4hdytyksen hy\u00f6dyt<\/span><\/h2>\n<ul>\n<li>Tuotannossa tarvittava kylm\u00e4 vesi voidaan tuottaa ja s\u00e4il\u00f6\u00e4 helposti<\/li>\n<li>Useita eri kokoluokkia saatavilla<\/li>\n<li>S\u00e4hk\u00f6k\u00e4ytt\u00f6inen&nbsp;<\/li>\n<li>Sama j\u00e4rjestelm\u00e4 mahdollistaa my\u00f6s rakennusten j\u00e4\u00e4hdytt\u00e4misen&nbsp;<\/li>\n<li>Mahdollista j\u00e4lkiasentaa TURBOMATIC -l\u00e4mmitysj\u00e4rjestelmiin&nbsp;<\/li>\n<\/ul>\n\t\t\n<style>\n#text-2153510873 {\n  line-height: 1.5;\n}\n<\/style>\n\t<\/div>\n\t\n\n\t\t<\/div>\n\t\t\t\t\t<\/div>\n\n\t\n\n\t<div id=\"col-1307708897\" class=\"col medium-6 small-12 large-6\"  >\n\t\t\t\t<div class=\"col-inner\"  >\n\t\t\t\n\t\t\t\n\n\n  \n    <div id=\"gallery-957188927\" class=\"slider slider-auto-height row-collapse slider-nav-circle\" data-flickity-options='{&quot;imagesLoaded&quot;: true, &quot;dragThreshold&quot; : 5, &quot;cellAlign&quot;: &quot;left&quot;,&quot;wrapAround&quot;: true,&quot;prevNextButtons&quot;: true,&quot;percentPosition&quot;: true,&quot;pageDots&quot;: true, &quot;rightToLeft&quot;: false, &quot;autoPlay&quot; : 6000}'>\n\n  <div class=\"gallery-col col\" >\n          <div class=\"col-inner\">\n            <a class=\"image-lightbox lightbox-gallery\" href=\"https:\/\/www.polarmatic.com\/wp-content\/uploads\/2023\/04\/PME-STD-Chiller-2048x1536.png\" title=\"Yhdistetty l\u00e4mmitys- ja j\u00e4\u00e4hdytysyksikk\u00f6\">            <div class=\"box has-hover gallery-box box-normal\">\n              <div class=\"box-image\" >\n                <img loading=\"lazy\" decoding=\"async\" width=\"2048\" height=\"1536\" src=\"https:\/\/www.polarmatic.com\/wp-content\/uploads\/2023\/04\/PME-STD-Chiller-2048x1536.png\" class=\"attachment-2048x2048 size-2048x2048\" alt=\"COOLMATIC Cold Water Cooling\" ids=\"5438\" style=\"normal\" lightbox_image_size=\"2048x2048\" type=\"slider-full\" slider_nav_style=\"circle\" slider_bullets=\"true\" auto_slide=\"6000\" image_size=\"2048x2048\" text_align=\"right\" srcset=\"https:\/\/www.polarmatic.com\/wp-content\/uploads\/2023\/04\/PME-STD-Chiller-2048x1536.png 2048w, https:\/\/www.polarmatic.com\/wp-content\/uploads\/2023\/04\/PME-STD-Chiller-300x225.png 300w, https:\/\/www.polarmatic.com\/wp-content\/uploads\/2023\/04\/PME-STD-Chiller-1024x768.png 1024w, https:\/\/www.polarmatic.com\/wp-content\/uploads\/2023\/04\/PME-STD-Chiller-768x576.png 768w, https:\/\/www.polarmatic.com\/wp-content\/uploads\/2023\/04\/PME-STD-Chiller-1536x1152.png 1536w\" sizes=\"auto, (max-width: 2048px) 100vw, 2048px\" \/>                                                              <\/div>\n              <div class=\"box-text text-right\" >\n                 <p>Yhdistetty l\u00e4mmitys- ja j\u00e4\u00e4hdytysyksikk\u00f6<\/p>\n              <\/div>\n            <\/div>\n            <\/a>          <\/div>\n         <\/div><\/div>\n\n\n\t\t<\/div>\n\t\t\t\t\t<\/div>\n\n\t\n\n<\/div>\n","protected":false},"excerpt":{"rendered":"","protected":false},"author":1,"featured_media":0,"parent":6580,"menu_order":1,"comment_status":"closed","ping_status":"closed","template":"","meta":{"_acf_changed":false,"footnotes":""},"class_list":["post-6674","page","type-page","status-publish","hentry"],"acf":[],"_links":{"self":[{"href":"https:\/\/www.polarmatic.com\/fi\/wp-json\/wp\/v2\/pages\/6674","targetHints":{"allow":["GET"]}}],"collection":[{"href":"https:\/\/www.polarmatic.com\/fi\/wp-json\/wp\/v2\/pages"}],"about":[{"href":"https:\/\/www.polarmatic.com\/fi\/wp-json\/wp\/v2\/types\/page"}],"author":[{"embeddable":true,"href":"https:\/\/www.polarmatic.com\/fi\/wp-json\/wp\/v2\/users\/1"}],"replies":[{"embeddable":true,"href":"https:\/\/www.polarmatic.com\/fi\/wp-json\/wp\/v2\/comments?post=6674"}],"version-history":[{"count":8,"href":"https:\/\/www.polarmatic.com\/fi\/wp-json\/wp\/v2\/pages\/6674\/revisions"}],"predecessor-version":[{"id":12519,"href":"https:\/\/www.polarmatic.com\/fi\/wp-json\/wp\/v2\/pages\/6674\/revisions\/12519"}],"up":[{"embeddable":true,"href":"https:\/\/www.polarmatic.com\/fi\/wp-json\/wp\/v2\/pages\/6580"}],"wp:attachment":[{"href":"https:\/\/www.polarmatic.com\/fi\/wp-json\/wp\/v2\/media?parent=6674"}],"curies":[{"name":"wp","href":"https:\/\/api.w.org\/{rel}","templated":true}]}}