{"id":6694,"date":"2023-02-20T12:20:51","date_gmt":"2023-02-20T10:20:51","guid":{"rendered":"https:\/\/www.polarmatic.com\/?page_id=6694"},"modified":"2024-01-04T15:55:41","modified_gmt":"2024-01-04T13:55:41","slug":"curematic-kammiokypsytykseen","status":"publish","type":"page","link":"https:\/\/www.polarmatic.com\/fi\/ratkaisut\/curematic-kypsytysratkaisut\/curematic-kammiokypsytykseen\/","title":{"rendered":"CUREMATIC Kammiokypsytykseen"},"content":{"rendered":"\n<div class=\"row\"  id=\"row-502274009\">\n\n\n\t<div id=\"col-1656389786\" class=\"col small-12 large-12\"  >\n\t\t\t\t<div class=\"col-inner\"  >\n\t\t\t\n\t\t\t\n\n\t\t<div class=\"pm-breadcrumbs\">\n\t\t\t\t\n\n<span><span><a href=\"https:\/\/www.polarmatic.com\/fi\/\">Home<\/a><\/span><\/span>\n\t\t<\/div>\n\t\n\n\t\t<\/div>\n\t\t\t\t\t<\/div>\n\n\t\n\n<\/div>\n<div class=\"row\"  id=\"row-1564520264\">\n\n\n\t<div id=\"col-92190773\" class=\"col medium-6 small-12 large-6\"  >\n\t\t\t\t<div class=\"col-inner\"  >\n\t\t\t\n\t\t\t\n\n\t<div id=\"text-3813531019\" class=\"text\">\n\t\t\n\n<h1>CUREMATIC Kammiokypsytykseen<\/h1>\n<p>Kammiokypsytyksess\u00e4 betonituotteet kypsytet\u00e4\u00e4n ilmalla, joka l\u00e4mmitet\u00e4\u00e4n TURBOMATICin tuottaman kuuman veden avulla. Halutun kypsytystuloksen varmistamiseksi kammion l\u00e4mp\u00f6tilaa ja kosteutta ohjataan kypsytysprosessin ajan.\u00a0<\/p>\n<p>TURBOMATICin l\u00e4mmitt\u00e4m\u00e4 vesi kiert\u00e4\u00e4 putkistossa, ja l\u00e4mp\u00f6 ohjataan tiloihin puhaltimien avulla.\u00a0<\/p>\n<h2><span style=\"font-size: 75%; color: #3a5dae;\">Tyypillisi\u00e4 k\u00e4ytt\u00f6kohteita<\/span><\/h2>\n<p>Betonituotteet, jotka ovat samankokoisia ja joiden kypsytys tapahtuu kiinteiss\u00e4 kypsytyskammioissa. Esim. betoniharkot ja pihakivet.<\/p>\n<h2><span style=\"font-size: 75%; color: #3a5dae;\">L\u00e4mmityskapasiteetti<\/span><\/h2>\n<p>Vaihtelee kypsytett\u00e4vien tuotteiden ja k\u00e4ytett\u00e4vien muottien mukaan 10-20 K\/h.<\/p>\n<h2><span style=\"font-size: 75%; color: #3a5dae;\">Polarmatic toimitussis\u00e4lt\u00f6<\/span><\/h2>\n<ul>\n<li>L\u00e4mmitysj\u00e4rjestelm\u00e4<\/li>\n<li>L\u00e4mm\u00f6nvaihdin ja pumput\u00a0<\/li>\n<li>Kanavapuhaltimet<\/li>\n<li>Kanavointity\u00f6t<\/li>\n<li>Kostutusj\u00e4rjestelm\u00e4\u00a0<\/li>\n<li>Ohjausventtiilit<\/li>\n<li>L\u00e4mp\u00f6tila- ja kosteusanturit<\/li>\n<li>Ohjausj\u00e4rjestelm\u00e4<\/li>\n<li>Raportointi ja j\u00e4ljitett\u00e4vyys<\/li>\n<\/ul>\n\t\t\n<style>\n#text-3813531019 {\n  line-height: 1.5;\n}\n<\/style>\n\t<\/div>\n\t\n\n\t\t<\/div>\n\t\t\t\t\t<\/div>\n\n\t\n\n\t<div id=\"col-577832402\" class=\"col medium-6 small-12 large-6\"  >\n\t\t\t\t<div class=\"col-inner\"  >\n\t\t\t\n\t\t\t\n\n\n  \n    <div id=\"gallery-1222655518\" class=\"slider slider-auto-height row-collapse slider-nav-circle\" data-flickity-options='{&quot;imagesLoaded&quot;: true, &quot;dragThreshold&quot; : 5, &quot;cellAlign&quot;: &quot;left&quot;,&quot;wrapAround&quot;: true,&quot;prevNextButtons&quot;: true,&quot;percentPosition&quot;: true,&quot;pageDots&quot;: true, &quot;rightToLeft&quot;: false, &quot;autoPlay&quot; : 6000}'>\n\n  <div class=\"gallery-col col\" >\n          <div class=\"col-inner\">\n            <a class=\"image-lightbox lightbox-gallery\" href=\"https:\/\/www.polarmatic.com\/wp-content\/uploads\/2023\/03\/Curing-maxTURBOMATIC-EN-1024x791.jpg\" title=\"maxTURBOMATIC betonin kypsytykseen\">            <div class=\"box has-hover gallery-box box-normal\">\n              <div class=\"box-image\" >\n                <img loading=\"lazy\" decoding=\"async\" width=\"1500\" height=\"1159\" src=\"https:\/\/www.polarmatic.com\/wp-content\/uploads\/2023\/03\/Curing-maxTURBOMATIC-EN.jpg\" class=\"attachment-2048x2048 size-2048x2048\" alt=\"Flowchart curing maxTURBOMATIC\" ids=\"4424,6116,4418\" style=\"normal\" type=\"slider-full\" slider_nav_style=\"circle\" slider_bullets=\"true\" auto_slide=\"6000\" image_size=\"2048x2048\" text_align=\"right\" srcset=\"https:\/\/www.polarmatic.com\/wp-content\/uploads\/2023\/03\/Curing-maxTURBOMATIC-EN.jpg 1500w, https:\/\/www.polarmatic.com\/wp-content\/uploads\/2023\/03\/Curing-maxTURBOMATIC-EN-300x232.jpg 300w, https:\/\/www.polarmatic.com\/wp-content\/uploads\/2023\/03\/Curing-maxTURBOMATIC-EN-1024x791.jpg 1024w, https:\/\/www.polarmatic.com\/wp-content\/uploads\/2023\/03\/Curing-maxTURBOMATIC-EN-768x593.jpg 768w\" sizes=\"auto, (max-width: 1500px) 100vw, 1500px\" \/>                                                              <\/div>\n              <div class=\"box-text text-right\" >\n                 <p>maxTURBOMATIC betonin kypsytykseen<\/p>\n              <\/div>\n            <\/div>\n            <\/a>          <\/div>\n         <\/div><div class=\"gallery-col col\" >\n          <div class=\"col-inner\">\n            <a class=\"image-lightbox lightbox-gallery\" href=\"https:\/\/www.polarmatic.com\/wp-content\/uploads\/2023\/04\/Curing-standardTURBOMATIC-EN-1024x791.jpg\" title=\"standardTURBOMATIC betonin kypsytykseen\">            <div class=\"box has-hover gallery-box box-normal\">\n              <div class=\"box-image\" >\n                <img loading=\"lazy\" decoding=\"async\" width=\"1500\" height=\"1159\" src=\"https:\/\/www.polarmatic.com\/wp-content\/uploads\/2023\/04\/Curing-standardTURBOMATIC-EN.jpg\" class=\"attachment-2048x2048 size-2048x2048\" alt=\"Curing-standardTURBOMATIC-EN\" ids=\"4424,6116,4418\" style=\"normal\" type=\"slider-full\" slider_nav_style=\"circle\" slider_bullets=\"true\" auto_slide=\"6000\" image_size=\"2048x2048\" text_align=\"right\" srcset=\"https:\/\/www.polarmatic.com\/wp-content\/uploads\/2023\/04\/Curing-standardTURBOMATIC-EN.jpg 1500w, https:\/\/www.polarmatic.com\/wp-content\/uploads\/2023\/04\/Curing-standardTURBOMATIC-EN-300x232.jpg 300w, https:\/\/www.polarmatic.com\/wp-content\/uploads\/2023\/04\/Curing-standardTURBOMATIC-EN-1024x791.jpg 1024w, https:\/\/www.polarmatic.com\/wp-content\/uploads\/2023\/04\/Curing-standardTURBOMATIC-EN-768x593.jpg 768w\" sizes=\"auto, (max-width: 1500px) 100vw, 1500px\" \/>                                                              <\/div>\n              <div class=\"box-text text-right\" >\n                 <p>standardTURBOMATIC betonin kypsytykseen<\/p>\n              <\/div>\n            <\/div>\n            <\/a>          <\/div>\n         <\/div><div class=\"gallery-col col\" >\n          <div class=\"col-inner\">\n            <a class=\"image-lightbox lightbox-gallery\" href=\"https:\/\/www.polarmatic.com\/wp-content\/uploads\/2023\/03\/Curing-TURBOwarm_water_Unit-EN-1024x791.jpg\" title=\"L\u00e4mminvesiyksikk\u00f6 betonin kypsytykseen\">            <div class=\"box has-hover gallery-box box-normal\">\n              <div class=\"box-image\" >\n                <img loading=\"lazy\" decoding=\"async\" width=\"1500\" height=\"1159\" src=\"https:\/\/www.polarmatic.com\/wp-content\/uploads\/2023\/03\/Curing-TURBOwarm_water_Unit-EN.jpg\" class=\"attachment-2048x2048 size-2048x2048\" alt=\"Flowchart curing TURBOMATIC Warm Water Unit\" ids=\"4424,6116,4418\" style=\"normal\" type=\"slider-full\" slider_nav_style=\"circle\" slider_bullets=\"true\" auto_slide=\"6000\" image_size=\"2048x2048\" text_align=\"right\" srcset=\"https:\/\/www.polarmatic.com\/wp-content\/uploads\/2023\/03\/Curing-TURBOwarm_water_Unit-EN.jpg 1500w, https:\/\/www.polarmatic.com\/wp-content\/uploads\/2023\/03\/Curing-TURBOwarm_water_Unit-EN-300x232.jpg 300w, https:\/\/www.polarmatic.com\/wp-content\/uploads\/2023\/03\/Curing-TURBOwarm_water_Unit-EN-1024x791.jpg 1024w, https:\/\/www.polarmatic.com\/wp-content\/uploads\/2023\/03\/Curing-TURBOwarm_water_Unit-EN-768x593.jpg 768w\" sizes=\"auto, (max-width: 1500px) 100vw, 1500px\" \/>                                                              <\/div>\n              <div class=\"box-text text-right\" >\n                 <p>L\u00e4mminvesiyksikk\u00f6 betonin kypsytykseen<\/p>\n              <\/div>\n            <\/div>\n            <\/a>          <\/div>\n         <\/div><\/div>\n\n\n\t\t<\/div>\n\t\t\t\t\t<\/div>\n\n\t\n\n<\/div>\n<div class=\"is-divider divider clearfix\" style=\"max-width:100%;height:1px;\"><\/div>\n\n<div class=\"row\"  id=\"row-1747091164\">\n\n\n\t<div id=\"col-1011347020\" class=\"col medium-4 small-12 large-4\"  >\n\t\t\t\t<div class=\"col-inner\"  >\n\t\t\t\n\t\t\t\n\n\t<div class=\"img has-hover x md-x lg-x y md-y lg-y\" id=\"image_536329194\">\n\t\t\t\t\t\t\t\t<div class=\"img-inner dark\" >\n\t\t\t<img loading=\"lazy\" decoding=\"async\" width=\"1920\" height=\"1080\" src=\"https:\/\/www.polarmatic.com\/wp-content\/uploads\/2023\/03\/TURBOMATIC-MAX-A12-container-1.png\" class=\"attachment-2048x2048 size-2048x2048\" alt=\"TURBOMATIC MAX A12 container\" srcset=\"https:\/\/www.polarmatic.com\/wp-content\/uploads\/2023\/03\/TURBOMATIC-MAX-A12-container-1.png 1920w, https:\/\/www.polarmatic.com\/wp-content\/uploads\/2023\/03\/TURBOMATIC-MAX-A12-container-1-300x169.png 300w, https:\/\/www.polarmatic.com\/wp-content\/uploads\/2023\/03\/TURBOMATIC-MAX-A12-container-1-1024x576.png 1024w, https:\/\/www.polarmatic.com\/wp-content\/uploads\/2023\/03\/TURBOMATIC-MAX-A12-container-1-768x432.png 768w, https:\/\/www.polarmatic.com\/wp-content\/uploads\/2023\/03\/TURBOMATIC-MAX-A12-container-1-1536x864.png 1536w\" sizes=\"auto, (max-width: 1920px) 100vw, 1920px\" \/>\t\t\t\t\t\t\n\t\t\t\t\t<\/div>\n\t\t\t\t\t\t\t\t\n<style>\n#image_536329194 {\n  width: 100%;\n}\n<\/style>\n\t<\/div>\n\t\n\n\n\t\t<\/div>\n\t\t\t\t\t<\/div>\n\n\t\n\n\t<div id=\"col-1914618323\" class=\"col medium-8 small-12 large-8\"  >\n\t\t\t\t<div class=\"col-inner\"  >\n\t\t\t\n\t\t\t\n\n\t<div id=\"text-308521965\" class=\"text\">\n\t\t\n\n<h2>maxTURBOMATIC L\u00e4mp\u00f6energialaitos<\/h2>\n<p>Isojen betonitehtaiden tuotantoon suunniteltu l\u00e4mmitysratkaisu, joka soveltuu erityisesti kohteisiin, joissa tarvitaan suuritehoista l\u00e4mmityst\u00e4 ja jatkuvaa 24\/7 l\u00e4mmityst\u00e4 kiviainekselle ja\/tai vedelle.<\/p>\n<p>&nbsp;<\/p>\n<div class=\"group w-full text-gray-800 dark:text-gray-100 border-b border-black\/10 dark:border-gray-900\/50 bg-gray-50 dark:bg-&#091;#444654&#093;\">\n<div class=\"flex p-4 gap-4 text-base md:gap-6 md:max-w-2xl lg:max-w-&#091;38rem&#093; xl:max-w-3xl md:py-6 lg:px-0 m-auto\">\n<div class=\"flex-shrink-0 flex flex-col relative items-end\">\n<div class=\"w-&#091;30px&#093;\">\n<div class=\"relative p-1 rounded-sm h-&#091;30px&#093; w-&#091;30px&#093; text-white flex items-center justify-center\">&nbsp;<\/div>\n<\/div>\n<\/div>\n<\/div>\n<\/div>\n\t\t\n<style>\n#text-308521965 {\n  line-height: 1.5;\n}\n<\/style>\n\t<\/div>\n\t\n<a href=\"https:\/\/www.polarmatic.com\/fi\/ratkaisut\/turbomatic-lammitysratkaisut\/turbomatic-lampoenergialaitos\/maxturbomatic\" class=\"button primary lowercase\" >\n\t\t<span>Lue lis\u00e4\u00e4<\/span>\n\t<\/a>\n\n\n\n\t\t<\/div>\n\t\t\t\t\t<\/div>\n\n\t\n\n\n<style>\n#row-1747091164 > .col > .col-inner {\n  padding: 30px 0px 0px 0px;\n}\n<\/style>\n<\/div>\n<div class=\"is-divider divider clearfix\" style=\"max-width:100%;height:1px;\"><\/div>\n\n<div class=\"row\"  id=\"row-1737158567\">\n\n\n\t<div id=\"col-223041418\" class=\"col medium-4 small-12 large-4\"  >\n\t\t\t\t<div class=\"col-inner\"  >\n\t\t\t\n\t\t\t\n\n\t<div class=\"img has-hover x md-x lg-x y md-y lg-y\" id=\"image_1607702342\">\n\t\t\t\t\t\t\t\t<div class=\"img-inner dark\" >\n\t\t\t<img loading=\"lazy\" decoding=\"async\" width=\"1920\" height=\"1080\" src=\"https:\/\/www.polarmatic.com\/wp-content\/uploads\/2023\/03\/TURBOMATIC-MAX-A12-container-1.png\" class=\"attachment-2048x2048 size-2048x2048\" alt=\"TURBOMATIC MAX A12 container\" srcset=\"https:\/\/www.polarmatic.com\/wp-content\/uploads\/2023\/03\/TURBOMATIC-MAX-A12-container-1.png 1920w, https:\/\/www.polarmatic.com\/wp-content\/uploads\/2023\/03\/TURBOMATIC-MAX-A12-container-1-300x169.png 300w, https:\/\/www.polarmatic.com\/wp-content\/uploads\/2023\/03\/TURBOMATIC-MAX-A12-container-1-1024x576.png 1024w, https:\/\/www.polarmatic.com\/wp-content\/uploads\/2023\/03\/TURBOMATIC-MAX-A12-container-1-768x432.png 768w, https:\/\/www.polarmatic.com\/wp-content\/uploads\/2023\/03\/TURBOMATIC-MAX-A12-container-1-1536x864.png 1536w\" sizes=\"auto, (max-width: 1920px) 100vw, 1920px\" \/>\t\t\t\t\t\t\n\t\t\t\t\t<\/div>\n\t\t\t\t\t\t\t\t\n<style>\n#image_1607702342 {\n  width: 100%;\n}\n<\/style>\n\t<\/div>\n\t\n\n\n\t\t<\/div>\n\t\t\t\t\t<\/div>\n\n\t\n\n\t<div id=\"col-215123321\" class=\"col medium-8 small-12 large-8\"  >\n\t\t\t\t<div class=\"col-inner\"  >\n\t\t\t\n\t\t\t\n\n\t<div id=\"text-3465504893\" class=\"text\">\n\t\t\n\n<h2>standardTURBOMATIC L\u00e4mp\u00f6energialaitos<\/h2>\n<p>L\u00e4mmitysratkaisu betonin tuotantoon kohtalaisen vaativissa ilmasto- ja s\u00e4\u00e4olosuhteissa sek\u00e4 betonituotteiden valmistukseen kohteissa, joissa betonin kypsytykseen riitt\u00e4\u00e4 keskitehoinen l\u00e4mmitysj\u00e4rjestelm\u00e4.&nbsp;<\/p>\n<p>&nbsp;<\/p>\n\t\t\n<style>\n#text-3465504893 {\n  line-height: 1.5;\n}\n<\/style>\n\t<\/div>\n\t\n<a href=\"https:\/\/www.polarmatic.com\/fi\/ratkaisut\/turbomatic-lammitysratkaisut\/turbomatic-lampoenergialaitos\/standardturbomatic\" class=\"button primary lowercase\" >\n\t\t<span>Lue lis\u00e4\u00e4<\/span>\n\t<\/a>\n\n\n\n\t\t<\/div>\n\t\t\t\t\t<\/div>\n\n\t\n\n\n<style>\n#row-1737158567 > .col > .col-inner {\n  padding: 30px 0px 0px 0px;\n}\n<\/style>\n<\/div>\n<div class=\"is-divider divider clearfix\" style=\"max-width:100%;height:1px;\"><\/div>\n\n<div class=\"row\"  id=\"row-1122475235\">\n\n\n\t<div id=\"col-424311405\" class=\"col medium-4 small-12 large-4\"  >\n\t\t\t\t<div class=\"col-inner\"  >\n\t\t\t\n\t\t\t\n\n\t<div class=\"img has-hover x md-x lg-x y md-y lg-y\" id=\"image_1685642821\">\n\t\t\t\t\t\t\t\t<div class=\"img-inner dark\" >\n\t\t\t<img loading=\"lazy\" decoding=\"async\" width=\"1920\" height=\"1080\" src=\"https:\/\/www.polarmatic.com\/wp-content\/uploads\/2023\/03\/TURBOMATIC-Warm-Water-Unit-open.png\" class=\"attachment-2048x2048 size-2048x2048\" alt=\"TURBOMATIC Warm Water Unit open\" srcset=\"https:\/\/www.polarmatic.com\/wp-content\/uploads\/2023\/03\/TURBOMATIC-Warm-Water-Unit-open.png 1920w, https:\/\/www.polarmatic.com\/wp-content\/uploads\/2023\/03\/TURBOMATIC-Warm-Water-Unit-open-300x169.png 300w, https:\/\/www.polarmatic.com\/wp-content\/uploads\/2023\/03\/TURBOMATIC-Warm-Water-Unit-open-1024x576.png 1024w, https:\/\/www.polarmatic.com\/wp-content\/uploads\/2023\/03\/TURBOMATIC-Warm-Water-Unit-open-768x432.png 768w, https:\/\/www.polarmatic.com\/wp-content\/uploads\/2023\/03\/TURBOMATIC-Warm-Water-Unit-open-1536x864.png 1536w\" sizes=\"auto, (max-width: 1920px) 100vw, 1920px\" \/>\t\t\t\t\t\t\n\t\t\t\t\t<\/div>\n\t\t\t\t\t\t\t\t\n<style>\n#image_1685642821 {\n  width: 100%;\n}\n<\/style>\n\t<\/div>\n\t\n\n\n\t\t<\/div>\n\t\t\t\t\t<\/div>\n\n\t\n\n\t<div id=\"col-749429685\" class=\"col medium-8 small-12 large-8\"  >\n\t\t\t\t<div class=\"col-inner\"  >\n\t\t\t\n\t\t\t\n\n\t<div id=\"text-2328552138\" class=\"text\">\n\t\t\n\n<h2>TURBOMATIC L\u00e4mminvesiyksikk\u00f6<\/h2>\n<p>L\u00e4mmitysj\u00e4rjestelm\u00e4 betonitehtaille, joissa ainoastaan l\u00e4mpim\u00e4n veden tuotanto ja varastointi on tarpeen.&nbsp;<\/p>\n<p>&nbsp;<\/p>\n\t\t\n<style>\n#text-2328552138 {\n  line-height: 1.5;\n}\n<\/style>\n\t<\/div>\n\t\n<a href=\"https:\/\/www.polarmatic.com\/fi\/ratkaisut\/turbomatic-lammitysratkaisut\/turbomatic-lamminvesiyksikko\" class=\"button primary lowercase\" >\n\t\t<span>Lue lis\u00e4\u00e4<\/span>\n\t<\/a>\n\n\n\n\t\t<\/div>\n\t\t\t\t\t<\/div>\n\n\t\n\n\n<style>\n#row-1122475235 > .col > .col-inner {\n  padding: 30px 0px 0px 0px;\n}\n<\/style>\n<\/div>\n\n","protected":false},"excerpt":{"rendered":"","protected":false},"author":1,"featured_media":0,"parent":6652,"menu_order":3,"comment_status":"closed","ping_status":"closed","template":"","meta":{"_acf_changed":false,"footnotes":""},"class_list":["post-6694","page","type-page","status-publish","hentry"],"acf":[],"_links":{"self":[{"href":"https:\/\/www.polarmatic.com\/fi\/wp-json\/wp\/v2\/pages\/6694","targetHints":{"allow":["GET"]}}],"collection":[{"href":"https:\/\/www.polarmatic.com\/fi\/wp-json\/wp\/v2\/pages"}],"about":[{"href":"https:\/\/www.polarmatic.com\/fi\/wp-json\/wp\/v2\/types\/page"}],"author":[{"embeddable":true,"href":"https:\/\/www.polarmatic.com\/fi\/wp-json\/wp\/v2\/users\/1"}],"replies":[{"embeddable":true,"href":"https:\/\/www.polarmatic.com\/fi\/wp-json\/wp\/v2\/comments?post=6694"}],"version-history":[{"count":10,"href":"https:\/\/www.polarmatic.com\/fi\/wp-json\/wp\/v2\/pages\/6694\/revisions"}],"predecessor-version":[{"id":7736,"href":"https:\/\/www.polarmatic.com\/fi\/wp-json\/wp\/v2\/pages\/6694\/revisions\/7736"}],"up":[{"embeddable":true,"href":"https:\/\/www.polarmatic.com\/fi\/wp-json\/wp\/v2\/pages\/6652"}],"wp:attachment":[{"href":"https:\/\/www.polarmatic.com\/fi\/wp-json\/wp\/v2\/media?parent=6694"}],"curies":[{"name":"wp","href":"https:\/\/api.w.org\/{rel}","templated":true}]}}