{"id":6718,"date":"2023-02-20T12:21:19","date_gmt":"2023-02-20T10:21:19","guid":{"rendered":"https:\/\/www.polarmatic.com\/?page_id=6718"},"modified":"2024-01-04T15:56:48","modified_gmt":"2024-01-04T13:56:48","slug":"curematic-hoyrykypsytykseen","status":"publish","type":"page","link":"https:\/\/www.polarmatic.com\/fi\/ratkaisut\/curematic-kypsytysratkaisut\/curematic-hoyrykypsytykseen\/","title":{"rendered":"CUREMATIC H\u00f6yrykypsytykseen"},"content":{"rendered":"\n<div class=\"row\"  id=\"row-1121384037\">\n\n\n\t<div id=\"col-236996486\" class=\"col small-12 large-12\"  >\n\t\t\t\t<div class=\"col-inner\"  >\n\t\t\t\n\t\t\t\n\n\t\t<div class=\"pm-breadcrumbs\">\n\t\t\t\t\n\n<span><span><a href=\"https:\/\/www.polarmatic.com\/fi\/\">Home<\/a><\/span><\/span>\n\t\t<\/div>\n\t\n\n\t\t<\/div>\n\t\t\t\t\t<\/div>\n\n\t\n\n<\/div>\n<div class=\"row\"  id=\"row-1787934348\">\n\n\n\t<div id=\"col-295894723\" class=\"col medium-6 small-12 large-6\"  >\n\t\t\t\t<div class=\"col-inner\"  >\n\t\t\t\n\t\t\t\n\n\t<div id=\"text-1836608625\" class=\"text\">\n\t\t\n\n<h1>CUREMATIC h\u00f6yrykypsytykseen\u00a0<\/h1>\n<p>H\u00f6yrykypsytyksess\u00e4 CUREMATIC h\u00f6yrygeneraattorin tuottama korkeapaineh\u00f6yry johdetaan putkistoon, mink\u00e4 j\u00e4lkeen kondensoitunut vesi johdetaan takaisin h\u00f6yrygeneraattoriin ja uudelleen kiertoon muodostaen suljetun j\u00e4rjestelm\u00e4n.\u00a0<\/p>\n<h2><span style=\"font-size: 75%; color: #3a5dae;\">Tyypillisi\u00e4 k\u00e4ytt\u00f6kohteita<\/span><\/h2>\n<p>Kiertomuottilinjat, joissa valmistetaan samaa tuotetta isoja m\u00e4\u00e4ri\u00e4, ja joissa kypsytys on jatkuvaa, esim. tunnelisegmentit ja betoniset ratap\u00f6lkyt.<\/p>\n<h2><span style=\"color: #3a5dae; font-size: 75%;\">Polarmaticin toimitussis\u00e4lt\u00f6<\/span><\/h2>\n<p>L\u00e4mmitysj\u00e4rjestelm\u00e4n ja komponenttien suunnittelu ja valinta sek\u00e4 laitteiston asennus tai asennusvalvonta ja k\u00e4ytt\u00f6\u00f6notto.\u00a0<\/p>\n<p>\u00a0<\/p>\n\t\t\n<style>\n#text-1836608625 {\n  line-height: 1.5;\n}\n<\/style>\n\t<\/div>\n\t\n\n\t\t<\/div>\n\t\t\t\t\t<\/div>\n\n\t\n\n\t<div id=\"col-2038626073\" class=\"col medium-6 small-12 large-6\"  >\n\t\t\t\t<div class=\"col-inner\"  >\n\t\t\t\n\t\t\t\n\n\n  \n    <div id=\"gallery-656252604\" class=\"slider slider-auto-height row-collapse slider-nav-circle\" data-flickity-options='{&quot;imagesLoaded&quot;: true, &quot;dragThreshold&quot; : 5, &quot;cellAlign&quot;: &quot;left&quot;,&quot;wrapAround&quot;: true,&quot;prevNextButtons&quot;: true,&quot;percentPosition&quot;: true,&quot;pageDots&quot;: true, &quot;rightToLeft&quot;: false, &quot;autoPlay&quot; : 6000}'>\n\n  <div class=\"gallery-col col\" >\n          <div class=\"col-inner\">\n            <a class=\"image-lightbox lightbox-gallery\" href=\"https:\/\/www.polarmatic.com\/wp-content\/uploads\/2023\/03\/TURBOMATIC-Warm-Water-Unit-C6.png\" title=\"TURBOMATIC l\u00e4mminvesiyksikk\u00f6\">            <div class=\"box has-hover gallery-box box-normal\">\n              <div class=\"box-image\" >\n                <img loading=\"lazy\" decoding=\"async\" width=\"1920\" height=\"1080\" src=\"https:\/\/www.polarmatic.com\/wp-content\/uploads\/2023\/03\/TURBOMATIC-Warm-Water-Unit-C6.png\" class=\"attachment-2048x2048 size-2048x2048\" alt=\"TURBOMATIC Warm Water Unit C6\" ids=\"3632\" style=\"normal\" lightbox_image_size=\"2048x2048\" type=\"slider-full\" slider_nav_style=\"circle\" slider_bullets=\"true\" auto_slide=\"6000\" image_size=\"2048x2048\" text_align=\"right\" srcset=\"https:\/\/www.polarmatic.com\/wp-content\/uploads\/2023\/03\/TURBOMATIC-Warm-Water-Unit-C6.png 1920w, https:\/\/www.polarmatic.com\/wp-content\/uploads\/2023\/03\/TURBOMATIC-Warm-Water-Unit-C6-300x169.png 300w, https:\/\/www.polarmatic.com\/wp-content\/uploads\/2023\/03\/TURBOMATIC-Warm-Water-Unit-C6-1024x576.png 1024w, https:\/\/www.polarmatic.com\/wp-content\/uploads\/2023\/03\/TURBOMATIC-Warm-Water-Unit-C6-768x432.png 768w, https:\/\/www.polarmatic.com\/wp-content\/uploads\/2023\/03\/TURBOMATIC-Warm-Water-Unit-C6-1536x864.png 1536w\" sizes=\"auto, (max-width: 1920px) 100vw, 1920px\" \/>                                                              <\/div>\n              <div class=\"box-text text-right\" >\n                 <p>TURBOMATIC l\u00e4mminvesiyksikk\u00f6<\/p>\n              <\/div>\n            <\/div>\n            <\/a>          <\/div>\n         <\/div><\/div>\n\n\n\t\t<\/div>\n\t\t\t\t\t<\/div>\n\n\t\n\n<\/div>\n\n","protected":false},"excerpt":{"rendered":"","protected":false},"author":1,"featured_media":0,"parent":6652,"menu_order":4,"comment_status":"closed","ping_status":"closed","template":"","meta":{"_acf_changed":false,"footnotes":""},"class_list":["post-6718","page","type-page","status-publish","hentry"],"acf":[],"_links":{"self":[{"href":"https:\/\/www.polarmatic.com\/fi\/wp-json\/wp\/v2\/pages\/6718","targetHints":{"allow":["GET"]}}],"collection":[{"href":"https:\/\/www.polarmatic.com\/fi\/wp-json\/wp\/v2\/pages"}],"about":[{"href":"https:\/\/www.polarmatic.com\/fi\/wp-json\/wp\/v2\/types\/page"}],"author":[{"embeddable":true,"href":"https:\/\/www.polarmatic.com\/fi\/wp-json\/wp\/v2\/users\/1"}],"replies":[{"embeddable":true,"href":"https:\/\/www.polarmatic.com\/fi\/wp-json\/wp\/v2\/comments?post=6718"}],"version-history":[{"count":10,"href":"https:\/\/www.polarmatic.com\/fi\/wp-json\/wp\/v2\/pages\/6718\/revisions"}],"predecessor-version":[{"id":7738,"href":"https:\/\/www.polarmatic.com\/fi\/wp-json\/wp\/v2\/pages\/6718\/revisions\/7738"}],"up":[{"embeddable":true,"href":"https:\/\/www.polarmatic.com\/fi\/wp-json\/wp\/v2\/pages\/6652"}],"wp:attachment":[{"href":"https:\/\/www.polarmatic.com\/fi\/wp-json\/wp\/v2\/media?parent=6718"}],"curies":[{"name":"wp","href":"https:\/\/api.w.org\/{rel}","templated":true}]}}