{"id":6742,"date":"2023-02-20T12:27:47","date_gmt":"2023-02-20T10:27:47","guid":{"rendered":"https:\/\/www.polarmatic.com\/?page_id=6742"},"modified":"2024-01-04T15:59:54","modified_gmt":"2024-01-04T13:59:54","slug":"tempmatic","status":"publish","type":"page","link":"https:\/\/www.polarmatic.com\/fi\/ratkaisut\/mittausratkaisut\/tempmatic\/","title":{"rendered":"TEMPMATIC"},"content":{"rendered":"\n<div class=\"row\"  id=\"row-1345981616\">\n\n\n\t<div id=\"col-2095571995\" class=\"col small-12 large-12\"  >\n\t\t\t\t<div class=\"col-inner\"  >\n\t\t\t\n\t\t\t\n\n\t\t<div class=\"pm-breadcrumbs\">\n\t\t\t\t\n\n<span><span><a href=\"https:\/\/www.polarmatic.com\/fi\/\">Home<\/a><\/span><\/span>\n\t\t<\/div>\n\t\n\n\t\t<\/div>\n\t\t\t\t\t<\/div>\n\n\t\n\n<\/div>\n<div class=\"row\"  id=\"row-1755277561\">\n\n\n\t<div id=\"col-2136082087\" class=\"col medium-6 small-12 large-6\"  >\n\t\t\t\t<div class=\"col-inner\"  >\n\t\t\t\n\t\t\t\n\n\t<div id=\"text-2027707551\" class=\"text\">\n\t\t\n\n<h1>TEMPMATIC<\/h1>\n<p>TEMPMATIC on Polarmaticin kehitt\u00e4m\u00e4 l\u00e4mp\u00f6tilan mittausj\u00e4rjestelm\u00e4 betonitehtaille, ja se mahdollistaa kiviaineksen, betonin ja betonituotteiden l\u00e4mp\u00f6tilojen eritt\u00e4in tarkan mittaamisen.\u00a0\u00a0<\/p>\n<p>TEMPMATIC helpottaa tuotantoprosessien hallintaa ja parantaa tuotteiden laatua sek\u00e4 luo kustannuss\u00e4\u00e4st\u00f6j\u00e4.<\/p>\n<p>Valikoimastamme l\u00f6ytyy useita eri mittausj\u00e4rjestelmi\u00e4 betoniteollisuuden erilaisiin tarpeisiin:<\/p>\n<h2><span style=\"font-size: 75%; color: #3a5dae;\">Tempmatic \/ PMC-37 \/ P-B <\/span><\/h2>\n<p>Betonin l\u00e4mp\u00f6tilan mittaukseen kaksoisakseli-ja tasosekoittimiin<\/p>\n<h2><span style=\"font-size: 75%; color: #3a5dae;\">Tempmatic \/ PMC-37 \/ N-M <\/span><\/h2>\n<p>Betonin l\u00e4mp\u00f6tilan mittaukseen vapaapudotussekoittimiin.\u00a0<\/p>\n<h2><span style=\"font-size: 75%; color: #3a5dae;\">Tempmatic \/ PMC-37 \/ OPA <\/span><\/h2>\n<p>Ontelolaattojen l\u00e4mp\u00f6tilan seurantaan kypsytysvaiheen aikana.\u00a0<\/p>\n<h2><span style=\"font-size: 75%; color: #3a5dae;\">Tempmatic \/ PMC-37 \/ AS <\/span><\/h2>\n<p>Kiviaineksen l\u00e4mp\u00f6tilan seurantaan siiloissa.\u00a0<\/p>\n<p>\u00a0<\/p>\n<h2><span style=\"font-size: 75%; color: #3a5dae;\">TEMPMATIC on yhdistett\u00e4viss\u00e4 Polarmaticin eri j\u00e4rjestelmiin:<\/span><\/h2>\n<ul>\n<li><a href=\"https:\/\/www.polarmatic.com\/fi\/ratkaisut\/turbomatic-lammitysratkaisut\/\">TURBOMATIC<\/a> l\u00e4mmitysratkaisut<\/li>\n<li><a href=\"https:\/\/www.polarmatic.com\/fi\/ratkaisut\/coolmatic-jaahdytysratkaisut\/\">COOLMATIC<\/a> j\u00e4\u00e4hdytysratkaisut<\/li>\n<li><a href=\"https:\/\/www.polarmatic.com\/fi\/ratkaisut\/curematic-kypsytysratkaisut\/\">CUREMATIC <\/a>kypsytysratkaisut<\/li>\n<li><a href=\"https:\/\/www.polarmatic.com\/fi\/ratkaisut\/ohjausratkaisut\/\">ProConX<\/a> ohjausj\u00e4rjestelm\u00e4<\/li>\n<\/ul>\n\t\t\n<style>\n#text-2027707551 {\n  line-height: 1.5;\n}\n<\/style>\n\t<\/div>\n\t\n\n\t\t<\/div>\n\t\t\t\t\t<\/div>\n\n\t\n\n\t<div id=\"col-1798051730\" class=\"col medium-6 small-12 large-6\"  >\n\t\t\t\t<div class=\"col-inner\"  >\n\t\t\t\n\t\t\t\n\n\n  \n    <div id=\"gallery-373358945\" class=\"slider slider-auto-height row-collapse slider-nav-circle\" data-flickity-options='{&quot;imagesLoaded&quot;: true, &quot;dragThreshold&quot; : 5, &quot;cellAlign&quot;: &quot;left&quot;,&quot;wrapAround&quot;: true,&quot;prevNextButtons&quot;: true,&quot;percentPosition&quot;: true,&quot;pageDots&quot;: true, &quot;rightToLeft&quot;: false, &quot;autoPlay&quot; : 6000}'>\n\n  <div class=\"gallery-col col\" >\n          <div class=\"col-inner\">\n            <a class=\"image-lightbox lightbox-gallery\" href=\"https:\/\/www.polarmatic.com\/wp-content\/uploads\/2023\/04\/Tempmatic-image-1.png\" title=\"\">            <div class=\"box has-hover gallery-box box-overlay dark\">\n              <div class=\"box-image\" >\n                <img loading=\"lazy\" decoding=\"async\" width=\"620\" height=\"398\" src=\"https:\/\/www.polarmatic.com\/wp-content\/uploads\/2023\/04\/Tempmatic-image-1.png\" class=\"attachment-2048x2048 size-2048x2048\" alt=\"Tempmatic image - free fall mixer\" ids=\"5980\" lightbox_image_size=\"2048x2048\" type=\"slider-full\" slider_nav_style=\"circle\" slider_bullets=\"true\" auto_slide=\"6000\" image_size=\"2048x2048\" srcset=\"https:\/\/www.polarmatic.com\/wp-content\/uploads\/2023\/04\/Tempmatic-image-1.png 620w, https:\/\/www.polarmatic.com\/wp-content\/uploads\/2023\/04\/Tempmatic-image-1-300x193.png 300w\" sizes=\"auto, (max-width: 620px) 100vw, 620px\" \/>                                  <div class=\"overlay fill\"\n                      style=\"background-color: rgba(0,0,0,.15)\">\n                  <\/div>\n                                                              <\/div>\n              <div class=\"box-text text-left\" >\n                 <p><\/p>\n              <\/div>\n            <\/div>\n            <\/a>          <\/div>\n         <\/div><\/div>\n\n\n\t\t<\/div>\n\t\t\t\t\t<\/div>\n\n\t\n\n<\/div>\n\n","protected":false},"excerpt":{"rendered":"","protected":false},"author":1,"featured_media":0,"parent":6724,"menu_order":2,"comment_status":"closed","ping_status":"closed","template":"","meta":{"_acf_changed":false,"footnotes":""},"class_list":["post-6742","page","type-page","status-publish","hentry"],"acf":[],"_links":{"self":[{"href":"https:\/\/www.polarmatic.com\/fi\/wp-json\/wp\/v2\/pages\/6742","targetHints":{"allow":["GET"]}}],"collection":[{"href":"https:\/\/www.polarmatic.com\/fi\/wp-json\/wp\/v2\/pages"}],"about":[{"href":"https:\/\/www.polarmatic.com\/fi\/wp-json\/wp\/v2\/types\/page"}],"author":[{"embeddable":true,"href":"https:\/\/www.polarmatic.com\/fi\/wp-json\/wp\/v2\/users\/1"}],"replies":[{"embeddable":true,"href":"https:\/\/www.polarmatic.com\/fi\/wp-json\/wp\/v2\/comments?post=6742"}],"version-history":[{"count":8,"href":"https:\/\/www.polarmatic.com\/fi\/wp-json\/wp\/v2\/pages\/6742\/revisions"}],"predecessor-version":[{"id":7772,"href":"https:\/\/www.polarmatic.com\/fi\/wp-json\/wp\/v2\/pages\/6742\/revisions\/7772"}],"up":[{"embeddable":true,"href":"https:\/\/www.polarmatic.com\/fi\/wp-json\/wp\/v2\/pages\/6724"}],"wp:attachment":[{"href":"https:\/\/www.polarmatic.com\/fi\/wp-json\/wp\/v2\/media?parent=6742"}],"curies":[{"name":"wp","href":"https:\/\/api.w.org\/{rel}","templated":true}]}}