{"id":6750,"date":"2023-02-20T12:28:17","date_gmt":"2023-02-20T10:28:17","guid":{"rendered":"https:\/\/www.polarmatic.com\/?page_id=6750"},"modified":"2024-01-04T16:00:48","modified_gmt":"2024-01-04T14:00:48","slug":"polarama","status":"publish","type":"page","link":"https:\/\/www.polarmatic.com\/fi\/ratkaisut\/mittausratkaisut\/polarama\/","title":{"rendered":"POLARAMA"},"content":{"rendered":"\n<div class=\"row\"  id=\"row-2001606807\">\n\n\n\t<div id=\"col-1274081497\" class=\"col small-12 large-12\"  >\n\t\t\t\t<div class=\"col-inner\"  >\n\t\t\t\n\t\t\t\n\n\t\t<div class=\"pm-breadcrumbs\">\n\t\t\t\t\n\n<span><span><a href=\"https:\/\/www.polarmatic.com\/fi\/\">Home<\/a><\/span><\/span>\n\t\t<\/div>\n\t\n\n\t\t<\/div>\n\t\t\t\t\t<\/div>\n\n\t\n\n<\/div>\n<div class=\"row\"  id=\"row-1349947415\">\n\n\n\t<div id=\"col-26836421\" class=\"col medium-6 small-12 large-6\"  >\n\t\t\t\t<div class=\"col-inner\"  >\n\t\t\t\n\t\t\t\n\n\t<div id=\"text-3297439662\" class=\"text\">\n\t\t\n\n<h1>POLARAMA<\/h1>\n<p>POLARAMA on betoniaseman videovalvontaj\u00e4rjestelm\u00e4, johon on mahdollista liitt\u00e4\u00e4 jopa 16 kameraa.<\/p>\n<h2><span style=\"font-size: 75%; color: #3a5dae;\">POLARAMA-j\u00e4rjestelm\u00e4n ominaisuudet<\/span><\/h2>\n<ul>\n<li>Selainpohjainen k\u00e4ytt\u00f6liittym\u00e4 jopa 16 kameralle<\/li>\n<li>Ei vaadi erillist\u00e4 ohjelmistoasennusta&nbsp;<\/li>\n<li>Tukee HD-laatuisia IP-kameroita<\/li>\n<li>Tukee my\u00f6s analogisia kameroita, mahdollistaen olemassa olevien kameroiden liitt\u00e4misen j\u00e4rjestelm\u00e4\u00e4n<\/li>\n<li>Yrityksen kaikkia betoniasemia ja niiden kameroita voidaan seurata samanaikaisesti yhdell\u00e4 selaimella<\/li>\n<li>Sekoittimen tyhjennys voidaan videoida ja tallentaa, mik\u00e4 mahdollistaa laadunvarmistus- ja j\u00e4ljitystoimet tarvittaessa<\/li>\n<\/ul>\n\t\t\n<style>\n#text-3297439662 {\n  line-height: 1.5;\n}\n<\/style>\n\t<\/div>\n\t\n\n\t\t<\/div>\n\t\t\t\t\t<\/div>\n\n\t\n\n\t<div id=\"col-1228590429\" class=\"col medium-6 small-12 large-6\"  >\n\t\t\t\t<div class=\"col-inner\"  >\n\t\t\t\n\t\t\t\n\n\n  \n    <div id=\"gallery-137303091\" class=\"slider slider-auto-height row-collapse slider-nav-circle\" data-flickity-options='{&quot;imagesLoaded&quot;: true, &quot;dragThreshold&quot; : 5, &quot;cellAlign&quot;: &quot;left&quot;,&quot;wrapAround&quot;: true,&quot;prevNextButtons&quot;: true,&quot;percentPosition&quot;: true,&quot;pageDots&quot;: true, &quot;rightToLeft&quot;: false, &quot;autoPlay&quot; : 6000}'>\n\n  <div class=\"gallery-col col\" >\n          <div class=\"col-inner\">\n            <a class=\"image-lightbox lightbox-gallery\" href=\"https:\/\/www.polarmatic.com\/wp-content\/uploads\/2023\/04\/Polarama-2048x1032.png\" title=\"Polarama Videovalvontaj\u00e4rjestelm\u00e4\">            <div class=\"box has-hover gallery-box box-normal\">\n              <div class=\"box-image\" >\n                <img loading=\"lazy\" decoding=\"async\" width=\"2048\" height=\"1032\" src=\"https:\/\/www.polarmatic.com\/wp-content\/uploads\/2023\/04\/Polarama-2048x1032.png\" class=\"attachment-2048x2048 size-2048x2048\" alt=\"Polarama\" ids=\"5302\" style=\"normal\" lightbox_image_size=\"2048x2048\" type=\"slider-full\" slider_nav_style=\"circle\" slider_bullets=\"true\" auto_slide=\"6000\" image_size=\"2048x2048\" text_align=\"right\" srcset=\"https:\/\/www.polarmatic.com\/wp-content\/uploads\/2023\/04\/Polarama-2048x1032.png 2048w, https:\/\/www.polarmatic.com\/wp-content\/uploads\/2023\/04\/Polarama-300x151.png 300w, https:\/\/www.polarmatic.com\/wp-content\/uploads\/2023\/04\/Polarama-1024x516.png 1024w, https:\/\/www.polarmatic.com\/wp-content\/uploads\/2023\/04\/Polarama-768x387.png 768w, https:\/\/www.polarmatic.com\/wp-content\/uploads\/2023\/04\/Polarama-1536x774.png 1536w\" sizes=\"auto, (max-width: 2048px) 100vw, 2048px\" \/>                                                              <\/div>\n              <div class=\"box-text text-right\" >\n                 <p>Polarama Videovalvontaj\u00e4rjestelm\u00e4<\/p>\n              <\/div>\n            <\/div>\n            <\/a>          <\/div>\n         <\/div><\/div>\n\n\n\t\t<\/div>\n\t\t\t\t\t<\/div>\n\n\t\n\n<\/div>\n","protected":false},"excerpt":{"rendered":"","protected":false},"author":1,"featured_media":0,"parent":6724,"menu_order":3,"comment_status":"closed","ping_status":"closed","template":"","meta":{"_acf_changed":false,"footnotes":""},"class_list":["post-6750","page","type-page","status-publish","hentry"],"acf":[],"_links":{"self":[{"href":"https:\/\/www.polarmatic.com\/fi\/wp-json\/wp\/v2\/pages\/6750","targetHints":{"allow":["GET"]}}],"collection":[{"href":"https:\/\/www.polarmatic.com\/fi\/wp-json\/wp\/v2\/pages"}],"about":[{"href":"https:\/\/www.polarmatic.com\/fi\/wp-json\/wp\/v2\/types\/page"}],"author":[{"embeddable":true,"href":"https:\/\/www.polarmatic.com\/fi\/wp-json\/wp\/v2\/users\/1"}],"replies":[{"embeddable":true,"href":"https:\/\/www.polarmatic.com\/fi\/wp-json\/wp\/v2\/comments?post=6750"}],"version-history":[{"count":8,"href":"https:\/\/www.polarmatic.com\/fi\/wp-json\/wp\/v2\/pages\/6750\/revisions"}],"predecessor-version":[{"id":7746,"href":"https:\/\/www.polarmatic.com\/fi\/wp-json\/wp\/v2\/pages\/6750\/revisions\/7746"}],"up":[{"embeddable":true,"href":"https:\/\/www.polarmatic.com\/fi\/wp-json\/wp\/v2\/pages\/6724"}],"wp:attachment":[{"href":"https:\/\/www.polarmatic.com\/fi\/wp-json\/wp\/v2\/media?parent=6750"}],"curies":[{"name":"wp","href":"https:\/\/api.w.org\/{rel}","templated":true}]}}