{"id":6758,"date":"2023-02-20T12:30:20","date_gmt":"2023-02-20T10:30:20","guid":{"rendered":"https:\/\/www.polarmatic.com\/?page_id=6758"},"modified":"2024-01-04T16:02:58","modified_gmt":"2024-01-04T14:02:58","slug":"ohjausratkaisut","status":"publish","type":"page","link":"https:\/\/www.polarmatic.com\/fi\/ratkaisut\/ohjausratkaisut\/","title":{"rendered":"Ohjausratkaisut"},"content":{"rendered":"\n<div class=\"row\"  id=\"row-1535041242\">\n\n\n\t<div id=\"col-640263809\" class=\"col small-12 large-12\"  >\n\t\t\t\t<div class=\"col-inner\"  >\n\t\t\t\n\t\t\t\n\n\t\t<div class=\"pm-breadcrumbs\">\n\t\t\t\t\n\n<span><span><a href=\"https:\/\/www.polarmatic.com\/fi\/\">Home<\/a><\/span><\/span>\n\t\t<\/div>\n\t\n\n\t\t<\/div>\n\t\t\t\t\t<\/div>\n\n\t\n\n<\/div>\n<div class=\"row\"  id=\"row-1639108043\">\n\n\n\t<div id=\"col-2130370418\" class=\"col small-12 large-12\"  >\n\t\t\t\t<div class=\"col-inner text-center dark\" style=\"background-color:#82ab4e;\" >\n\t\t\t\n\t\t\t\n\n\t<div id=\"text-653985961\" class=\"text\">\n\t\t\n\n<h1>Ohjausratkaisut<\/h1>\n<p class=\"lead\">Modernia ohjausta betonin valmistukseen<\/p>\n\t\t\n<style>\n#text-653985961 {\n  line-height: 1.5;\n}\n<\/style>\n\t<\/div>\n\t\n\n\t\t<\/div>\n\t\t\t\t\n<style>\n#col-2130370418 > .col-inner {\n  padding: 70px 30px 70px 30px;\n}\n<\/style>\n\t<\/div>\n\n\t\n\n<\/div>\n\t<div class=\"img has-hover x md-x lg-x y md-y lg-y\" id=\"image_1484370958\">\n\t\t\t\t\t\t\t\t<div class=\"img-inner image-cover dark\" style=\"padding-top:50%;\">\n\t\t\t<img loading=\"lazy\" decoding=\"async\" width=\"2048\" height=\"1152\" src=\"https:\/\/www.polarmatic.com\/wp-content\/uploads\/2023\/03\/iStock-1357436834-Control-Solutions-Header-Image-2048x1152.jpg\" class=\"attachment-2048x2048 size-2048x2048\" alt=\"ProConX control system for concrete batchin plants\" srcset=\"https:\/\/www.polarmatic.com\/wp-content\/uploads\/2023\/03\/iStock-1357436834-Control-Solutions-Header-Image-2048x1152.jpg 2048w, https:\/\/www.polarmatic.com\/wp-content\/uploads\/2023\/03\/iStock-1357436834-Control-Solutions-Header-Image-300x169.jpg 300w, https:\/\/www.polarmatic.com\/wp-content\/uploads\/2023\/03\/iStock-1357436834-Control-Solutions-Header-Image-1024x576.jpg 1024w, https:\/\/www.polarmatic.com\/wp-content\/uploads\/2023\/03\/iStock-1357436834-Control-Solutions-Header-Image-768x432.jpg 768w, https:\/\/www.polarmatic.com\/wp-content\/uploads\/2023\/03\/iStock-1357436834-Control-Solutions-Header-Image-1536x864.jpg 1536w\" sizes=\"auto, (max-width: 2048px) 100vw, 2048px\" \/>\t\t\t\t\t\t\n\t\t\t\t\t<\/div>\n\t\t\t\t\t\t\t\t\n<style>\n#image_1484370958 {\n  width: 100%;\n}\n<\/style>\n\t<\/div>\n\t\n\n<div class=\"row align-center\"  id=\"row-931909242\">\n\n\n\t<div id=\"col-1635060823\" class=\"col medium-9 small-12 large-9\"  >\n\t\t\t\t<div class=\"col-inner text-center\"  >\n\t\t\t\n\t\t\t\n\n\t<div id=\"text-3045578217\" class=\"text\">\n\t\t\n\n<h1>Tehokasta ohjausta helposti<\/h1>\n<p>ProConX betoniaseman ohjausj\u00e4rjestelm\u00e4 on moderni ohjelmisto, joka on kehitetty yhteisty\u00f6ss\u00e4 betoninvalmistajien kanssa. ProConX on suunniteltu olemaan intuitiivinen, moderni, responsiivinen ja ennen kaikkea helppok\u00e4ytt\u00f6inen.<\/p>\n<p>ProConX sis\u00e4lt\u00e4\u00e4 kaikki betoniaseman ohjaukseen tarvittavat toiminnot &#8211; ja paljon muuta.<\/p>\n\t\t\n<style>\n#text-3045578217 {\n  line-height: 1.5;\n  text-align: center;\n}\n<\/style>\n\t<\/div>\n\t\n\n\t\t<\/div>\n\t\t\t\t\n<style>\n#col-1635060823 > .col-inner {\n  padding: 30px 0px 0px 0px;\n}\n<\/style>\n\t<\/div>\n\n\t\n\n<\/div>\n<div class=\"is-divider divider clearfix\" style=\"max-width:100%;height:1px;\"><\/div>\n\n<div class=\"row align-center\"  id=\"row-2063845589\">\n\n\n\t<div id=\"col-1782397650\" class=\"col medium-5 small-12 large-5\"  >\n\t\t\t\t<div class=\"col-inner text-left\"  >\n\t\t\t\n\t\t\t\n\n\t<div id=\"text-3171172633\" class=\"text\">\n\t\t\n\n<h2>ProConX betoniaseman ohjausj\u00e4rjestelm\u00e4<\/h2>\n<p>Uuden sukupolven ProConX betoniaseman ohjausj\u00e4rjestelm\u00e4 on markkinoiden nykyaikaisin ja k\u00e4ytt\u00e4j\u00e4yst\u00e4v\u00e4llisin ohjausratkaisu.&nbsp;<\/p>\n<h3><span style=\"font-size: 80%; color: #3a5dae;\">ProConX-ohjausohjelmiston t\u00e4rkeimm\u00e4t ominaisuudet:<\/span><\/h3>\n<ul>\n<li>K\u00e4ytt\u00f6liittym\u00e4 toimii selaimessa ja sit\u00e4 on mahdollista k\u00e4ytt\u00e4\u00e4 kaikilla k\u00e4ytt\u00f6j\u00e4rjestelmill\u00e4. Ohjausj\u00e4rjestelm\u00e4\u00e4n voi kirjautua mill\u00e4 tahansa selaimella PC:ll\u00e4, tabletilla tai \u00e4lypuhelimella.<\/li>\n<li>Tuotantoa voidaan ohjata ja ajoneuvokalustoa hallita samanaikaisesti useissa avoimissa selainikkunoissa.<\/li>\n<li>ProConX on palvelu, joka tarjoaa kaikki ohjelmiston ominaisuudet kaikille k\u00e4ytt\u00e4jille.<\/li>\n<li>Uudet ominaisuudet ja ohjelmistop\u00e4ivitykset ovat aina saatavilla ja ne ovat uusimpien standardien ja m\u00e4\u00e4r\u00e4ysten mukaisia.&nbsp;<\/li>\n<li>Helppo integroida my\u00f6s useisiin liiketoimintaj\u00e4rjestelmiin (ERP)<\/li>\n<li>Asiakastilaukset on mahdollista rekister\u00f6id\u00e4 verkkosivuston kautta.<\/li>\n<\/ul>\n\t\t\n<style>\n#text-3171172633 {\n  line-height: 1.5;\n}\n<\/style>\n\t<\/div>\n\t\n\n\t\t<\/div>\n\t\t\t\t\t<\/div>\n\n\t\n\n\t<div id=\"col-226581968\" class=\"col medium-1 small-12 large-1\"  >\n\t\t\t\t<div class=\"col-inner\"  >\n\t\t\t\n\t\t\t\n\n\n\t\t<\/div>\n\t\t\t\t\t<\/div>\n\n\t\n\n\t<div id=\"col-905390616\" class=\"col medium-5 small-12 large-5\"  >\n\t\t\t\t<div class=\"col-inner text-left\"  >\n\t\t\t\n\t\t\t\n\n\t<div id=\"text-2057226289\" class=\"text\">\n\t\t\n\n<h2>ProConX tarjoaa lukuisia etuja k\u00e4ytt\u00e4jille<\/h2>\n<ul>\n<li>Web-pohjainen k\u00e4ytt\u00f6liittym\u00e4 Chrome-, Edge-, Firefox- tai Safari-selaimella.<\/li>\n<li>Reaaliaikainen tuotannon seuraus ja suunnittelu.<\/li>\n<li>Kuljetuskaluston optimointiin tarkoitettu &#8221;Drag and Drop&#8221; -toiminto.<\/li>\n<li>Seuraa betoniautojen reittej\u00e4 reaaliaikaisesti kartalla.<\/li>\n<li>Android-sovellus, mist\u00e4 kuljettaja n\u00e4kee reaaliaikaisesti auton sijainnin ja s\u00e4hk\u00f6iset rahtikirjat.<\/li>\n<li>Tehokas reseptien hallinta: reseptinluontity\u00f6kalu optimoi betonireseptit ja auttaa s\u00e4\u00e4st\u00e4m\u00e4\u00e4n materiaalikustannuksissa.<span style=\"color: #ff00ff;\">&nbsp;<\/span><\/li>\n<li>Helpottaa ymp\u00e4rist\u00f6selosteiden raportointia (EPD = Environmental Product Declaration) ja tukee v\u00e4h\u00e4hiilisyysluokitus laskentaa (GWP = Global Warming Potential)&nbsp;<\/li>\n<li>Integroitu laboratoriomoduli ja testitulosten hallinta raportointity\u00f6kalun avulla.<\/li>\n<li>Automaattinen l\u00e4mpim\u00e4n\/kylm\u00e4n veden s\u00e4\u00e4t\u00f6 halutun betonin l\u00e4mp\u00f6tilan saavuttamiseksi.<\/li>\n<li>Automaattinen kosteuss\u00e4\u00e4t\u00f6 reaaliaikaisen mittauksen perusteella.<\/li>\n<li>Punnitusantureiden reaaliaikainen valvonta<\/li>\n<\/ul>\n\t\t\n<style>\n#text-2057226289 {\n  line-height: 1.5;\n}\n<\/style>\n\t<\/div>\n\t\n\n\t\t<\/div>\n\t\t\t\t\t<\/div>\n\n\t\n\n\n<style>\n#row-2063845589 > .col > .col-inner {\n  padding: 30px 0px 0px 0px;\n}\n<\/style>\n<\/div>\n<div class=\"is-divider divider clearfix\" style=\"max-width:100%;height:1px;\"><\/div>\n\n<div class=\"row align-middle\"  id=\"row-2110265943\">\n\n\n\t<div id=\"col-1874876891\" class=\"col medium-6 small-12 large-6\"  >\n\t\t\t\t<div class=\"col-inner\"  >\n\t\t\t\n\t\t\t\n\n\t<div class=\"img has-hover x md-x lg-x y md-y lg-y\" id=\"image_206477647\">\n\t\t\t\t\t\t\t\t<div class=\"img-inner image-cover dark\" style=\"padding-top:56.25%;\">\n\t\t\t<img loading=\"lazy\" decoding=\"async\" width=\"2048\" height=\"1112\" src=\"https:\/\/www.polarmatic.com\/wp-content\/uploads\/2023\/04\/LoadQueue-2048x1112.png\" class=\"attachment-2048x2048 size-2048x2048\" alt=\"ProConX Main Page\" srcset=\"https:\/\/www.polarmatic.com\/wp-content\/uploads\/2023\/04\/LoadQueue-2048x1112.png 2048w, https:\/\/www.polarmatic.com\/wp-content\/uploads\/2023\/04\/LoadQueue-300x163.png 300w, https:\/\/www.polarmatic.com\/wp-content\/uploads\/2023\/04\/LoadQueue-1024x556.png 1024w, https:\/\/www.polarmatic.com\/wp-content\/uploads\/2023\/04\/LoadQueue-768x417.png 768w, https:\/\/www.polarmatic.com\/wp-content\/uploads\/2023\/04\/LoadQueue-1536x834.png 1536w\" sizes=\"auto, (max-width: 2048px) 100vw, 2048px\" \/>\t\t\t\t\t\t\n\t\t\t\t\t<\/div>\n\t\t\t\t\t\t\t\t\n<style>\n#image_206477647 {\n  width: 80%;\n}\n<\/style>\n\t<\/div>\n\t\n\n\n\t\t<\/div>\n\t\t\t\t\t<\/div>\n\n\t\n\n\t<div id=\"col-2030413274\" class=\"col medium-6 small-12 large-6\"  >\n\t\t\t\t<div class=\"col-inner\"  >\n\t\t\t\n\t\t\t\n\n<h2>ProConX Ohjausj\u00e4rjestelm\u00e4<\/h2>\n<p>Markkinoiden modernein ohjausj\u00e4rjestelm\u00e4 betonitehtaille.&nbsp;<\/p>\n<p>&nbsp;<\/p>\n<a href=\"https:\/\/www.polarmatic.com\/fi\/ratkaisut\/ohjausratkaisut\/proconx\" class=\"button primary lowercase\" >\n\t\t<span>Lue lis\u00e4\u00e4<\/span>\n\t<\/a>\n\n\n\n\t\t<\/div>\n\t\t\t\t\t<\/div>\n\n\t\n\n\n<style>\n#row-2110265943 > .col > .col-inner {\n  padding: 30px 0px 0px 0px;\n}\n<\/style>\n<\/div>\n<div class=\"is-divider divider clearfix\" style=\"max-width:100%;height:1px;\"><\/div>\n\n<div class=\"row align-middle\"  id=\"row-1882198794\">\n\n\n\t<div id=\"col-762356474\" class=\"col medium-6 small-12 large-6\"  >\n\t\t\t\t<div class=\"col-inner\"  >\n\t\t\t\n\t\t\t\n\n\t<div id=\"text-797476493\" class=\"text\">\n\t\t\n\n<h2>PMC-2300 Ohjausj\u00e4rjestelm\u00e4<\/h2>\n<p>Polarmatic PMC-2300 -ohjausj\u00e4rjestelm\u00e4 on korvattu ProConX-ohjelmistolla, ja tarjoamme erityisi\u00e4 ProConX-p\u00e4ivityksi\u00e4 nykyisille PMC-2300 -ohjausj\u00e4rjestelm\u00e4n k\u00e4ytt\u00e4jille. Lis\u00e4tietoja myyntitiimilt\u00e4mme.<\/p>\n<p>&nbsp;<\/p>\n<p>&nbsp;<\/p>\n\t\t\n<style>\n#text-797476493 {\n  line-height: 1.5;\n}\n<\/style>\n\t<\/div>\n\t\n\n\t\t<\/div>\n\t\t\t\t\t<\/div>\n\n\t\n\n\t<div id=\"col-879942098\" class=\"col medium-6 small-12 large-6\"  >\n\t\t\t\t<div class=\"col-inner\"  >\n\t\t\t\n\t\t\t\n\n\t<div class=\"img has-hover x md-x lg-x y md-y lg-y\" id=\"image_794317956\">\n\t\t\t\t\t\t\t\t<div class=\"img-inner image-cover dark\" style=\"padding-top:56.25%;\">\n\t\t\t<img loading=\"lazy\" decoding=\"async\" width=\"2048\" height=\"1112\" src=\"https:\/\/www.polarmatic.com\/wp-content\/uploads\/2023\/04\/LoadQueue-2048x1112.png\" class=\"attachment-2048x2048 size-2048x2048\" alt=\"ProConX Main Page\" srcset=\"https:\/\/www.polarmatic.com\/wp-content\/uploads\/2023\/04\/LoadQueue-2048x1112.png 2048w, https:\/\/www.polarmatic.com\/wp-content\/uploads\/2023\/04\/LoadQueue-300x163.png 300w, https:\/\/www.polarmatic.com\/wp-content\/uploads\/2023\/04\/LoadQueue-1024x556.png 1024w, https:\/\/www.polarmatic.com\/wp-content\/uploads\/2023\/04\/LoadQueue-768x417.png 768w, https:\/\/www.polarmatic.com\/wp-content\/uploads\/2023\/04\/LoadQueue-1536x834.png 1536w\" sizes=\"auto, (max-width: 2048px) 100vw, 2048px\" \/>\t\t\t\t\t\t\n\t\t\t\t\t<\/div>\n\t\t\t\t\t\t\t\t\n<style>\n#image_794317956 {\n  width: 80%;\n}\n<\/style>\n\t<\/div>\n\t\n\n\n\t\t<\/div>\n\t\t\t\t\t<\/div>\n\n\t\n\n\n<style>\n#row-1882198794 > .col > .col-inner {\n  padding: 30px 0px 0px 0px;\n}\n<\/style>\n<\/div>\n\n","protected":false},"excerpt":{"rendered":"","protected":false},"author":1,"featured_media":0,"parent":2209,"menu_order":5,"comment_status":"closed","ping_status":"closed","template":"","meta":{"_acf_changed":false,"footnotes":""},"class_list":["post-6758","page","type-page","status-publish","hentry"],"acf":[],"_links":{"self":[{"href":"https:\/\/www.polarmatic.com\/fi\/wp-json\/wp\/v2\/pages\/6758","targetHints":{"allow":["GET"]}}],"collection":[{"href":"https:\/\/www.polarmatic.com\/fi\/wp-json\/wp\/v2\/pages"}],"about":[{"href":"https:\/\/www.polarmatic.com\/fi\/wp-json\/wp\/v2\/types\/page"}],"author":[{"embeddable":true,"href":"https:\/\/www.polarmatic.com\/fi\/wp-json\/wp\/v2\/users\/1"}],"replies":[{"embeddable":true,"href":"https:\/\/www.polarmatic.com\/fi\/wp-json\/wp\/v2\/comments?post=6758"}],"version-history":[{"count":9,"href":"https:\/\/www.polarmatic.com\/fi\/wp-json\/wp\/v2\/pages\/6758\/revisions"}],"predecessor-version":[{"id":7752,"href":"https:\/\/www.polarmatic.com\/fi\/wp-json\/wp\/v2\/pages\/6758\/revisions\/7752"}],"up":[{"embeddable":true,"href":"https:\/\/www.polarmatic.com\/fi\/wp-json\/wp\/v2\/pages\/2209"}],"wp:attachment":[{"href":"https:\/\/www.polarmatic.com\/fi\/wp-json\/wp\/v2\/media?parent=6758"}],"curies":[{"name":"wp","href":"https:\/\/api.w.org\/{rel}","templated":true}]}}