{"id":6766,"date":"2023-02-20T12:30:46","date_gmt":"2023-02-20T10:30:46","guid":{"rendered":"https:\/\/www.polarmatic.com\/?page_id=6766"},"modified":"2026-03-23T11:00:12","modified_gmt":"2026-03-23T09:00:12","slug":"proconx-betoniaseman-ohjausjarjestelma","status":"publish","type":"page","link":"https:\/\/www.polarmatic.com\/fi\/ratkaisut\/ohjausratkaisut\/proconx-betoniaseman-ohjausjarjestelma\/","title":{"rendered":"ProConX"},"content":{"rendered":"\n<div class=\"row\"  id=\"row-1853376962\">\n\n\n\t<div id=\"col-1358631245\" class=\"col small-12 large-12\"  >\n\t\t\t\t<div class=\"col-inner\"  >\n\t\t\t\n\t\t\t\n\n\t\t<div class=\"pm-breadcrumbs\">\n\t\t\t\t\n\n<span><span><a href=\"https:\/\/www.polarmatic.com\/fi\/\">Home<\/a><\/span><\/span>\n\t\t<\/div>\n\t\n\n\t\t<\/div>\n\t\t\t\t\t<\/div>\n\n\t\n\n<\/div>\n<div class=\"row\"  id=\"row-895209307\">\n\n\n\t<div id=\"col-762998126\" class=\"col medium-6 small-12 large-6\"  >\n\t\t\t\t<div class=\"col-inner\"  >\n\t\t\t\n\t\t\t\n\n\t<div id=\"text-1094492313\" class=\"text\">\n\t\t\n\n<h1>ProConX<\/h1>\n<p>ProConX\u2122 on uuden sukupolven betoniaseman ohjausj\u00e4rjestelm\u00e4, joka tarjoaa markkinoiden moderneimman ja k\u00e4ytt\u00e4j\u00e4yst\u00e4v\u00e4llisimm\u00e4n ratkaisun betoniteollisuudelle.<\/p>\n<p>J\u00e4rjestelm\u00e4 on kehitetty yhteisty\u00f6ss\u00e4 betonialan ammattilaisten kanssa, ja se erottuu muista ohjausj\u00e4rjestelmist\u00e4 olemalla intuitiivinen ja moderni, mutta my\u00f6s responsiivinen ja helppok\u00e4ytt\u00f6inen. ProConX sis\u00e4lt\u00e4\u00e4 kaikki tarvittavat ominaisuudet betoniaseman tuotannon ohjaukseen &#8211; ja paljon enemm\u00e4n.<\/p>\n<h2><span style=\"font-size: 75%; color: #3a5dae;\">ProConX betoniaseman ohjausj\u00e4rjestelm\u00e4:<\/span><\/h2>\n<ul>\n<li>On t\u00e4ysin web-pohjainen ja se on k\u00e4ytett\u00e4viss\u00e4 mill\u00e4 tahansa selaimella PC:ll\u00e4, tabletilla tai \u00e4lypuhelimella.<\/li>\n<li>Betonia valmistettaessa tiedot n\u00e4ytet\u00e4\u00e4n taustalla, ja tarvittaessa tarkempia tietoja tuodaan esiin vain silloin, kun operaattorin reagointia tarvitaan.<\/li>\n<li>J\u00e4rjestelm\u00e4 avustaa operaattoria p\u00e4\u00e4t\u00f6ksenteossa tarjoamalla tietoa ja ehdotuksia.<\/li>\n<\/ul>\n<p>ProConX tarjoaa my\u00f6s paljon muita edistyneit\u00e4 ominaisuuksia, jotka auttavat optimoimaan betonituotantoa sek\u00e4 parantamaan betonituotteiden laatua.<\/p>\n<p>&nbsp;<\/p>\n\t\t\n<style>\n#text-1094492313 {\n  line-height: 1.5;\n}\n<\/style>\n\t<\/div>\n\t\n\n\t\t<\/div>\n\t\t\t\t\t<\/div>\n\n\t\n\n\t<div id=\"col-2067562021\" class=\"col medium-6 small-12 large-6\"  >\n\t\t\t\t<div class=\"col-inner\"  >\n\t\t\t\n\t\t\t\n\n\n  \n    <div id=\"gallery-923953212\" class=\"slider slider-auto-height row-collapse slider-nav-circle\" data-flickity-options='{&quot;imagesLoaded&quot;: true, &quot;dragThreshold&quot; : 5, &quot;cellAlign&quot;: &quot;left&quot;,&quot;wrapAround&quot;: true,&quot;prevNextButtons&quot;: true,&quot;percentPosition&quot;: true,&quot;pageDots&quot;: true, &quot;rightToLeft&quot;: false, &quot;autoPlay&quot; : 6000}'>\n\n  <div class=\"gallery-col col\" >\n          <div class=\"col-inner\">\n            <a class=\"image-lightbox lightbox-gallery\" href=\"https:\/\/www.polarmatic.com\/wp-content\/uploads\/2023\/04\/Control-Solutions-Image.png\" title=\"\">            <div class=\"box has-hover gallery-box box-normal\">\n              <div class=\"box-image\" >\n                <img loading=\"lazy\" decoding=\"async\" width=\"1530\" height=\"1085\" src=\"https:\/\/www.polarmatic.com\/wp-content\/uploads\/2023\/04\/Control-Solutions-Image.png\" class=\"attachment-2048x2048 size-2048x2048\" alt=\"Control Solutions by Polarmatic\" ids=\"5584,5302\" style=\"normal\" lightbox_image_size=\"1536x1536\" type=\"slider-full\" slider_nav_style=\"circle\" slider_bullets=\"true\" auto_slide=\"6000\" image_size=\"2048x2048\" text_align=\"right\" srcset=\"https:\/\/www.polarmatic.com\/wp-content\/uploads\/2023\/04\/Control-Solutions-Image.png 1530w, https:\/\/www.polarmatic.com\/wp-content\/uploads\/2023\/04\/Control-Solutions-Image-300x213.png 300w, https:\/\/www.polarmatic.com\/wp-content\/uploads\/2023\/04\/Control-Solutions-Image-1024x726.png 1024w, https:\/\/www.polarmatic.com\/wp-content\/uploads\/2023\/04\/Control-Solutions-Image-768x545.png 768w\" sizes=\"auto, (max-width: 1530px) 100vw, 1530px\" \/>                                                              <\/div>\n              <div class=\"box-text text-right\" >\n                 <p><\/p>\n              <\/div>\n            <\/div>\n            <\/a>          <\/div>\n         <\/div><div class=\"gallery-col col\" >\n          <div class=\"col-inner\">\n            <a class=\"image-lightbox lightbox-gallery\" href=\"https:\/\/www.polarmatic.com\/wp-content\/uploads\/2023\/04\/Polarama-1536x774.png\" title=\"Polarama Videovalvontaj\u00e4rjestelm\u00e4\">            <div class=\"box has-hover gallery-box box-normal\">\n              <div class=\"box-image\" >\n                <img loading=\"lazy\" decoding=\"async\" width=\"2048\" height=\"1032\" src=\"https:\/\/www.polarmatic.com\/wp-content\/uploads\/2023\/04\/Polarama-2048x1032.png\" class=\"attachment-2048x2048 size-2048x2048\" alt=\"Polarama\" ids=\"5584,5302\" style=\"normal\" lightbox_image_size=\"1536x1536\" type=\"slider-full\" slider_nav_style=\"circle\" slider_bullets=\"true\" auto_slide=\"6000\" image_size=\"2048x2048\" text_align=\"right\" srcset=\"https:\/\/www.polarmatic.com\/wp-content\/uploads\/2023\/04\/Polarama-2048x1032.png 2048w, https:\/\/www.polarmatic.com\/wp-content\/uploads\/2023\/04\/Polarama-300x151.png 300w, https:\/\/www.polarmatic.com\/wp-content\/uploads\/2023\/04\/Polarama-1024x516.png 1024w, https:\/\/www.polarmatic.com\/wp-content\/uploads\/2023\/04\/Polarama-768x387.png 768w, https:\/\/www.polarmatic.com\/wp-content\/uploads\/2023\/04\/Polarama-1536x774.png 1536w\" sizes=\"auto, (max-width: 2048px) 100vw, 2048px\" \/>                                                              <\/div>\n              <div class=\"box-text text-right\" >\n                 <p>Polarama Videovalvontaj\u00e4rjestelm\u00e4<\/p>\n              <\/div>\n            <\/div>\n            <\/a>          <\/div>\n         <\/div><\/div>\n\n\n\t\t<\/div>\n\t\t\t\t\t<\/div>\n\n\t\n\n<\/div>\n<div class=\"is-divider divider clearfix\" style=\"max-width:100%;height:1px;\"><\/div>\n\n<div class=\"row\"  id=\"row-1968401235\">\n\n\n\t<div id=\"col-2034170251\" class=\"col medium-4 small-12 large-4\"  >\n\t\t\t\t<div class=\"col-inner\"  >\n\t\t\t\n\t\t\t\n\n\t<div class=\"img has-hover x md-x lg-x y md-y lg-y\" id=\"image_96922180\">\n\t\t\t\t\t\t\t\t<div class=\"img-inner dark\" >\n\t\t\t<img loading=\"lazy\" decoding=\"async\" width=\"2048\" height=\"1175\" src=\"https:\/\/www.polarmatic.com\/wp-content\/uploads\/2023\/04\/LoadCellSupervisor-2048x1175.png\" class=\"attachment-2048x2048 size-2048x2048\" alt=\"ProConX Load Cell Supervisor\" srcset=\"https:\/\/www.polarmatic.com\/wp-content\/uploads\/2023\/04\/LoadCellSupervisor-2048x1175.png 2048w, https:\/\/www.polarmatic.com\/wp-content\/uploads\/2023\/04\/LoadCellSupervisor-300x172.png 300w, https:\/\/www.polarmatic.com\/wp-content\/uploads\/2023\/04\/LoadCellSupervisor-1024x587.png 1024w, https:\/\/www.polarmatic.com\/wp-content\/uploads\/2023\/04\/LoadCellSupervisor-768x441.png 768w, https:\/\/www.polarmatic.com\/wp-content\/uploads\/2023\/04\/LoadCellSupervisor-1536x881.png 1536w\" sizes=\"auto, (max-width: 2048px) 100vw, 2048px\" \/>\t\t\t\t\t\t\n\t\t\t\t\t<\/div>\n\t\t\t\t\t\t\t\t\n<style>\n#image_96922180 {\n  width: 80%;\n}\n<\/style>\n\t<\/div>\n\t\n\n\n\t\t<\/div>\n\t\t\t\t\t<\/div>\n\n\t\n\n\t<div id=\"col-1273490866\" class=\"col medium-8 small-12 large-8\"  >\n\t\t\t\t<div class=\"col-inner\"  >\n\t\t\t\n\t\t\t\n\n\t<div id=\"text-3748862298\" class=\"text\">\n\t\t\n\n<h1>Aina k\u00e4ytett\u00e4viss\u00e4<\/h1>\n<p>ProConX on helppo asentaa. J\u00e4rjestelm\u00e4 k\u00e4ytt\u00e4\u00e4 web-selainta k\u00e4ytt\u00f6liittym\u00e4n\u00e4. J\u00e4rjestelm\u00e4 varmuuskopioi tiedot automaattisesti ja jatkuvasti m\u00e4\u00e4riteltyyn sijaintiin k\u00e4yt\u00f6n aikana.&nbsp;<\/p>\n<p>Mik\u00e4li tietokone vaurioituu tai varastetaan, ohjausj\u00e4rjestelm\u00e4 on nopeasti ja helposti k\u00e4ytett\u00e4viss\u00e4 toisella laitteella. Jos betoniasemalla on useita tuotantolinjoja, niit\u00e4 voidaan samanaikaisesti seurata yhden ohjausj\u00e4rjestelm\u00e4n kautta omissa selainikkunoissaan.&nbsp;<\/p>\n\t\t\n<style>\n#text-3748862298 {\n  line-height: 1.5;\n}\n<\/style>\n\t<\/div>\n\t\n\n\t\t<\/div>\n\t\t\t\t\t<\/div>\n\n\t\n\n\n<style>\n#row-1968401235 > .col > .col-inner {\n  padding: 30px 0px 0px 0px;\n}\n<\/style>\n<\/div>\n<div class=\"is-divider divider clearfix\" style=\"max-width:100%;height:1px;\"><\/div>\n\n<div class=\"row\"  id=\"row-2086949506\">\n\n\n\t<div id=\"col-496335091\" class=\"col medium-4 small-12 large-4\"  >\n\t\t\t\t<div class=\"col-inner\"  >\n\t\t\t\n\t\t\t\n\n\t<div class=\"img has-hover x md-x lg-x y md-y lg-y\" id=\"image_1216398724\">\n\t\t\t\t\t\t\t\t<div class=\"img-inner dark\" >\n\t\t\t<img loading=\"lazy\" decoding=\"async\" width=\"1020\" height=\"554\" src=\"https:\/\/www.polarmatic.com\/wp-content\/uploads\/2023\/04\/LoadQueue-1024x556.png\" class=\"attachment-large size-large\" alt=\"ProConX Main Page\" srcset=\"https:\/\/www.polarmatic.com\/wp-content\/uploads\/2023\/04\/LoadQueue-1024x556.png 1024w, https:\/\/www.polarmatic.com\/wp-content\/uploads\/2023\/04\/LoadQueue-300x163.png 300w, https:\/\/www.polarmatic.com\/wp-content\/uploads\/2023\/04\/LoadQueue-768x417.png 768w, https:\/\/www.polarmatic.com\/wp-content\/uploads\/2023\/04\/LoadQueue-1536x834.png 1536w, https:\/\/www.polarmatic.com\/wp-content\/uploads\/2023\/04\/LoadQueue-2048x1112.png 2048w\" sizes=\"auto, (max-width: 1020px) 100vw, 1020px\" \/>\t\t\t\t\t\t\n\t\t\t\t\t<\/div>\n\t\t\t\t\t\t\t\t\n<style>\n#image_1216398724 {\n  width: 80%;\n}\n<\/style>\n\t<\/div>\n\t\n\n\n\t\t<\/div>\n\t\t\t\t\t<\/div>\n\n\t\n\n\t<div id=\"col-99993850\" class=\"col medium-8 small-12 large-8\"  >\n\t\t\t\t<div class=\"col-inner\"  >\n\t\t\t\n\t\t\t\n\n\t<div id=\"text-1876111150\" class=\"text\">\n\t\t\n\n<h2>Tehokasta ja helppok\u00e4ytt\u00f6ist\u00e4 tuotannonhallintaa<\/h2>\n<h3><span style=\"font-size: 80%; color: #3a5dae;\">Reaaliaikainen tuotannon seuranta ja suunnittelu <\/span><\/h3>\n<ul>\n<li>T\u00e4rke\u00e4t tiedot n\u00e4kyv\u00e4t selke\u00e4sti punnitus-, sekoitus- ja tyhjennysprosessien aikana<\/li>\n<li>Kun operaattorin reagointia tarvitaan, tarkemmat tiedot tuodaan n\u00e4yt\u00f6lle<\/li>\n<li>T\u00e4ysin integroidun POLARAMA -kameravalvontaj\u00e4rjestelm\u00e4n avulla tuotantoprosessista ja tehtaan ymp\u00e4rist\u00f6st\u00e4 saadaan reaaliaikaista videota useammasta kohteesta.&nbsp;<\/li>\n<\/ul>\n<h3><span style=\"font-size: 80%; color: #3a5dae;\">Annostelun hallinta <\/span><\/h3>\n<ul>\n<li>Automaattinen veden annostelu sek\u00e4 l\u00e4mmin-kylm\u00e4vesi suhteen s\u00e4\u00e4t\u00f6&nbsp; haluttuun betonin l\u00e4mp\u00f6tilaan<\/li>\n<li>Punnitusantureiden reaaliaikainen valvonta<\/li>\n<li>POLARMOIST-kosteusmittausj\u00e4rjestelm\u00e4n integrointi annostelun hallintaan sek\u00e4 veden m\u00e4\u00e4r\u00e4n s\u00e4\u00e4t\u00f6\u00f6n saman tuotantoer\u00e4n tietojen perusteella&nbsp;<\/li>\n<\/ul>\n\t\t\n<style>\n#text-1876111150 {\n  line-height: 1.5;\n}\n<\/style>\n\t<\/div>\n\t\n\n\t\t<\/div>\n\t\t\t\t\t<\/div>\n\n\t\n\n\n<style>\n#row-2086949506 > .col > .col-inner {\n  padding: 30px 0px 0px 0px;\n}\n<\/style>\n<\/div>\n<div class=\"is-divider divider clearfix\" style=\"max-width:100%;height:1px;\"><\/div>\n\n<div class=\"row\"  id=\"row-1921745267\">\n\n\n\t<div id=\"col-269650941\" class=\"col medium-4 small-12 large-4\"  >\n\t\t\t\t<div class=\"col-inner\"  >\n\t\t\t\n\t\t\t\n\n\t<div class=\"img has-hover x md-x lg-x y md-y lg-y\" id=\"image_531689882\">\n\t\t\t\t\t\t\t\t<div class=\"img-inner dark\" >\n\t\t\t<img loading=\"lazy\" decoding=\"async\" width=\"2048\" height=\"1110\" src=\"https:\/\/www.polarmatic.com\/wp-content\/uploads\/2023\/04\/TruckPlanning-2048x1110.png\" class=\"attachment-2048x2048 size-2048x2048\" alt=\"ProConX Truck Planning\" srcset=\"https:\/\/www.polarmatic.com\/wp-content\/uploads\/2023\/04\/TruckPlanning-2048x1110.png 2048w, https:\/\/www.polarmatic.com\/wp-content\/uploads\/2023\/04\/TruckPlanning-300x163.png 300w, https:\/\/www.polarmatic.com\/wp-content\/uploads\/2023\/04\/TruckPlanning-1024x555.png 1024w, https:\/\/www.polarmatic.com\/wp-content\/uploads\/2023\/04\/TruckPlanning-768x416.png 768w, https:\/\/www.polarmatic.com\/wp-content\/uploads\/2023\/04\/TruckPlanning-1536x833.png 1536w\" sizes=\"auto, (max-width: 2048px) 100vw, 2048px\" \/>\t\t\t\t\t\t\n\t\t\t\t\t<\/div>\n\t\t\t\t\t\t\t\t\n<style>\n#image_531689882 {\n  width: 80%;\n}\n<\/style>\n\t<\/div>\n\t\n\n\n\t\t<\/div>\n\t\t\t\t\t<\/div>\n\n\t\n\n\t<div id=\"col-319792629\" class=\"col medium-8 small-12 large-8\"  >\n\t\t\t\t<div class=\"col-inner\"  >\n\t\t\t\n\t\t\t\n\n\t<div id=\"text-559208145\" class=\"text\">\n\t\t\n\n<h2>Edistyksellist\u00e4 tietojenhallintaa<\/h2>\n<ul>\n<li>Yksityiskohtaiset tuotantoer\u00e4raportit<\/li>\n<li>Monipuolinen ja joustava raportointi<\/li>\n<li>Toimintojen tallennus j\u00e4ljitett\u00e4vyystarpeisiin<\/li>\n<li>Integrointi muihin j\u00e4rjestelmiin ilman erikoisliittymi\u00e4<\/li>\n<\/ul>\n\t\t\n<style>\n#text-559208145 {\n  line-height: 1.5;\n}\n<\/style>\n\t<\/div>\n\t\n\n\t\t<\/div>\n\t\t\t\t\t<\/div>\n\n\t\n\n\n<style>\n#row-1921745267 > .col > .col-inner {\n  padding: 30px 0px 0px 0px;\n}\n<\/style>\n<\/div>\n<div class=\"is-divider divider clearfix\" style=\"max-width:100%;height:1px;\"><\/div>\n\n<div class=\"row\"  id=\"row-555834858\">\n\n\n\t<div id=\"col-1673082343\" class=\"col medium-4 small-12 large-4\"  >\n\t\t\t\t<div class=\"col-inner\"  >\n\t\t\t\n\t\t\t\n\n\t<div class=\"img has-hover x md-x lg-x y md-y lg-y\" id=\"image_1250676420\">\n\t\t\t\t\t\t\t\t<div class=\"img-inner dark\" >\n\t\t\t<img loading=\"lazy\" decoding=\"async\" width=\"1888\" height=\"861\" src=\"https:\/\/www.polarmatic.com\/wp-content\/uploads\/2023\/04\/RecipeCreator.png\" class=\"attachment-2048x2048 size-2048x2048\" alt=\"ProConX Recipe Creator\" srcset=\"https:\/\/www.polarmatic.com\/wp-content\/uploads\/2023\/04\/RecipeCreator.png 1888w, https:\/\/www.polarmatic.com\/wp-content\/uploads\/2023\/04\/RecipeCreator-300x137.png 300w, https:\/\/www.polarmatic.com\/wp-content\/uploads\/2023\/04\/RecipeCreator-1024x467.png 1024w, https:\/\/www.polarmatic.com\/wp-content\/uploads\/2023\/04\/RecipeCreator-768x350.png 768w, https:\/\/www.polarmatic.com\/wp-content\/uploads\/2023\/04\/RecipeCreator-1536x700.png 1536w\" sizes=\"auto, (max-width: 1888px) 100vw, 1888px\" \/>\t\t\t\t\t\t\n\t\t\t\t\t<\/div>\n\t\t\t\t\t\t\t\t\n<style>\n#image_1250676420 {\n  width: 80%;\n}\n<\/style>\n\t<\/div>\n\t\n\n\n\t\t<\/div>\n\t\t\t\t\t<\/div>\n\n\t\n\n\t<div id=\"col-17818367\" class=\"col medium-8 small-12 large-8\"  >\n\t\t\t\t<div class=\"col-inner\"  >\n\t\t\t\n\t\t\t\n\n\t<div id=\"text-717535275\" class=\"text\">\n\t\t\n\n<h2>Modulit<\/h2>\n<h3><span style=\"font-size: 80%; color: #3a5dae;\">Laboratorimoduli<\/span><\/h3>\n<ul>\n<li>Testitulosten tallennus<\/li>\n<li>Tallennettuja tietoja voi hy\u00f6dynt\u00e4\u00e4 tuotantoprosessien ja betonin laadun kehitt\u00e4miseen.<\/li>\n<\/ul>\n<h3><span style=\"font-size: 80%; color: #3a5dae;\">Reseptimoduli&nbsp;<\/span><\/h3>\n<ul>\n<li>Mahdollistaa betonisekoitusten reseptien helpon optimoinnin ja s\u00e4\u00e4st\u00e4\u00e4 materiaalikustannuksissa ilman, ett\u00e4 betonin laatu ja ominaisuudet k\u00e4rsiv\u00e4t.<\/li>\n<\/ul>\n<p>&nbsp;<\/p>\n<p>N\u00e4m\u00e4 modulit ovat saatavilla my\u00f6s erillisin\u00e4 ohjelmistoina.<\/p>\n<p>&nbsp;<\/p>\n\t\t\n<style>\n#text-717535275 {\n  line-height: 1.5;\n}\n<\/style>\n\t<\/div>\n\t\n\n\t\t<\/div>\n\t\t\t\t\t<\/div>\n\n\t\n\n\n<style>\n#row-555834858 > .col > .col-inner {\n  padding: 30px 0px 0px 0px;\n}\n<\/style>\n<\/div>\n<div class=\"is-divider divider clearfix\" style=\"max-width:100%;height:1px;\"><\/div>\n\n<div class=\"row\"  id=\"row-1426481922\">\n\n\n\t<div id=\"col-944790816\" class=\"col medium-4 small-12 large-4\"  >\n\t\t\t\t<div class=\"col-inner\"  >\n\t\t\t\n\t\t\t\n\n\n\t\t<\/div>\n\t\t\t\t\t<\/div>\n\n\t\n\n\t<div id=\"col-1483308543\" class=\"col medium-8 small-12 large-8\"  >\n\t\t\t\t<div class=\"col-inner\"  >\n\t\t\t\n\t\t\t\n\n\t<div id=\"text-2714397927\" class=\"text\">\n\t\t\n\n<h2>Haluaisitko testata ProConX -j\u00e4rjestelm\u00e4\u00e4?<\/h2>\n<p>Ota yhteytt\u00e4 alla olevan lomakkeen kautta ja sovitaan tapaaminen.<\/p>\n<p>&nbsp;<\/p>\n<div class='fluentform ff-default fluentform_wrapper_28 ffs_default_wrap'><form data-form_id=\"28\" id=\"fluentform_28\" class=\"frm-fluent-form fluent_form_28 ff-el-form-top ff_form_instance_28_1 ff-form-loading ffs_default\" data-form_instance=\"ff_form_instance_28_1\" method=\"POST\" ><fieldset  style=\"border: none!important;margin: 0!important;padding: 0!important;background-color: transparent!important;box-shadow: none!important;outline: none!important; min-inline-size: 100%;\">\n                    <legend class=\"ff_screen_reader_title\" style=\"display: block; margin: 0!important;padding: 0!important;height: 0!important;text-indent: -999999px;width: 0!important;overflow:hidden;\">FI ProConX online demo<\/legend><input type='hidden' name='__fluent_form_embded_post_id' value='6766' \/><input type=\"hidden\" id=\"_fluentform_28_fluentformnonce\" name=\"_fluentform_28_fluentformnonce\" value=\"e312d0a53e\" \/><input type=\"hidden\" name=\"_wp_http_referer\" value=\"\/fi\/wp-json\/wp\/v2\/pages\/6766\" \/><div class=\"ff-el-group ff-el-section-break  ff_left\" data-name=\"section_break-28_1\" ><h3 class='ff-el-section-title'>ProConX Demo <\/h3><div class='ff-section_break_desk'><\/div><hr \/><\/div><div data-type=\"name-element\" data-name=\"names\" class=\" ff-field_container ff-name-field-wrapper\" ><div class='ff-t-container'><div class='ff-t-cell '><div class='ff-el-group  ff-el-form-top'><div class=\"ff-el-input--label ff-el-is-required asterisk-right\"><label for='ff_28_names_first_name_' id='label_ff_28_names_first_name_' >Nimi<\/label><\/div><div class='ff-el-input--content'><input type=\"text\" name=\"names[first_name]\" id=\"ff_28_names_first_name_\" class=\"ff-el-form-control\" aria-invalid=\"false\" aria-required=true><\/div><\/div><\/div><div class='ff-t-cell '><div class='ff-el-group  ff-el-form-top'><div class=\"ff-el-input--label ff-el-is-required asterisk-right\"><label for='ff_28_names_last_name_' id='label_ff_28_names_last_name_' >Yritys<\/label><\/div><div class='ff-el-input--content'><input type=\"text\" name=\"names[last_name]\" id=\"ff_28_names_last_name_\" class=\"ff-el-form-control\" aria-invalid=\"false\" aria-required=true><\/div><\/div><\/div><\/div><\/div><div data-name=\"ff_cn_id_1\"  class='ff-t-container ff-column-container ff_columns_total_2 '><div class='ff-t-cell ff-t-column-1' style='flex-basis: 50%;'><div class='ff-el-group'><div class=\"ff-el-input--label ff-el-is-required asterisk-right\"><label for='ff_28_email' id='label_ff_28_email' aria-label=\"S\u00e4hk\u00f6posti\">S\u00e4hk\u00f6posti<\/label><\/div><div class='ff-el-input--content'><input type=\"email\" name=\"email\" id=\"ff_28_email\" class=\"ff-el-form-control\" data-name=\"email\"  aria-invalid=\"false\" aria-required=true><\/div><\/div><\/div><div class='ff-t-cell ff-t-column-2' style='flex-basis: 50%;'><div class='ff-el-group'><div class=\"ff-el-input--label asterisk-right\"><label for='ff_28_phone' id='label_ff_28_phone' aria-label=\"Puhelinnumero\">Puhelinnumero<\/label><\/div><div class='ff-el-input--content'><input name=\"phone\" class=\"ff-el-form-control ff-el-phone\" type=\"tel\" placeholder=\"+1 234 567 890\" data-name=\"phone\" id=\"ff_28_phone\" inputmode=\"tel\"  aria-invalid='false' aria-required=false><\/div><\/div><\/div><\/div><div class='ff-el-group    ff-el-input--content'><div class='ff-el-form-check ff-el-tc'><label aria-label='Hyv\u00e4ksyn Polarmaticin tietosuojak\u00e4yt\u00e4nn\u00f6n ja annan suostumukseni henkil\u00f6tietojeni tallentamiseen ja k\u00e4sittelyyn Polarmaticin ja sen yhteisty\u00f6kumppaneiden yhteisess\u00e4 rekisteriss\u00e4.' class='ff-el-form-check-label ff_tc_label' for=gdpr-agreement_125101a0548f52320e3c1d8f552e9599><span class='ff_tc_checkbox'><input type=\"checkbox\" name=\"gdpr-agreement\" class=\"ff-el-form-check-input ff_gdpr_field\" data-name=\"gdpr-agreement\" id=\"gdpr-agreement_125101a0548f52320e3c1d8f552e9599\"  value='on' aria-invalid='false' aria-required=true><\/span> <div class='ff_t_c'>Hyv\u00e4ksyn Polarmaticin tietosuojak\u00e4yt\u00e4nn\u00f6n ja annan suostumukseni henkil\u00f6tietojeni tallentamiseen ja k\u00e4sittelyyn Polarmaticin ja sen yhteisty\u00f6kumppaneiden yhteisess\u00e4 rekisteriss\u00e4.<\/div><\/label><\/div><\/div><div class='ff-el-group ' ><div class='ff-el-input--content'><div data-fluent_id='28' name='g-recaptcha-response'><div\n\t\tdata-sitekey='6LfM7UclAAAAALY44H8Ec6itvj10ohpPbdznZg1E'\n\t\tid='fluentform-recaptcha-28-1'\n\t\tclass='ff-el-recaptcha g-recaptcha'\n\t\tdata-callback='fluentFormrecaptchaSuccessCallback'><\/div><\/div><\/div><\/div><div class='ff-el-group ff-text-left ff_submit_btn_wrapper'><button type=\"submit\" class=\"ff-btn ff-btn-submit ff-btn-md ff_btn_style\"  aria-label=\"L\u00e4het\u00e4\">L\u00e4het\u00e4<\/button><\/div><\/fieldset><\/form><div id='fluentform_28_errors' class='ff-errors-in-stack ff_form_instance_28_1 ff-form-loading_errors ff_form_instance_28_1_errors'><\/div><\/div>            <script type=\"text\/javascript\">\n                window.fluent_form_ff_form_instance_28_1 = {\"id\":\"28\",\"settings\":{\"layout\":{\"labelPlacement\":\"top\",\"helpMessagePlacement\":\"with_label\",\"errorMessagePlacement\":\"inline\",\"cssClassName\":\"\",\"asteriskPlacement\":\"asterisk-right\"},\"restrictions\":{\"denyEmptySubmission\":{\"enabled\":false}}},\"form_instance\":\"ff_form_instance_28_1\",\"form_id_selector\":\"fluentform_28\",\"rules\":{\"names[first_name]\":{\"required\":{\"value\":true,\"message\":\"Pakollinen tieto.\"}},\"names[middle_name]\":{\"required\":{\"value\":false,\"message\":\"This field is required\"}},\"names[last_name]\":{\"required\":{\"value\":true,\"message\":\"Pakollinen tieto.\"}},\"email\":{\"required\":{\"value\":true,\"message\":\"Pakollinen tieto.\"},\"email\":{\"value\":true,\"message\":\"Tarkista s\\u00e4hk\\u00f6postiosoite.\"}},\"phone\":{\"required\":{\"value\":false,\"message\":\"This field is required\"},\"valid_phone_number\":{\"value\":false,\"message\":\"Phone number is not valid\"}},\"gdpr-agreement\":{\"required\":{\"value\":true,\"message\":\"L\\u00e4hett\\u00e4\\u00e4ksesi yhteydenottopyynn\\u00f6n sinun tulee hyv\\u00e4ksy\\u00e4 tietosuojak\\u00e4yt\\u00e4nt\\u00f6mme.\"}}},\"debounce_time\":300};\n                            <\/script>\n            \n\t\t\n<style>\n#text-2714397927 {\n  line-height: 1.5;\n}\n<\/style>\n\t<\/div>\n\t\n\n\t\t<\/div>\n\t\t\t\t\t<\/div>\n\n\t\n\n\n<style>\n#row-1426481922 > .col > .col-inner {\n  padding: 30px 0px 0px 0px;\n}\n<\/style>\n<\/div>\n\n\n\n<p><\/p>\n","protected":false},"excerpt":{"rendered":"","protected":false},"author":1,"featured_media":0,"parent":6758,"menu_order":1,"comment_status":"closed","ping_status":"closed","template":"","meta":{"_acf_changed":false,"footnotes":""},"class_list":["post-6766","page","type-page","status-publish","hentry"],"acf":[],"_links":{"self":[{"href":"https:\/\/www.polarmatic.com\/fi\/wp-json\/wp\/v2\/pages\/6766","targetHints":{"allow":["GET"]}}],"collection":[{"href":"https:\/\/www.polarmatic.com\/fi\/wp-json\/wp\/v2\/pages"}],"about":[{"href":"https:\/\/www.polarmatic.com\/fi\/wp-json\/wp\/v2\/types\/page"}],"author":[{"embeddable":true,"href":"https:\/\/www.polarmatic.com\/fi\/wp-json\/wp\/v2\/users\/1"}],"replies":[{"embeddable":true,"href":"https:\/\/www.polarmatic.com\/fi\/wp-json\/wp\/v2\/comments?post=6766"}],"version-history":[{"count":10,"href":"https:\/\/www.polarmatic.com\/fi\/wp-json\/wp\/v2\/pages\/6766\/revisions"}],"predecessor-version":[{"id":12511,"href":"https:\/\/www.polarmatic.com\/fi\/wp-json\/wp\/v2\/pages\/6766\/revisions\/12511"}],"up":[{"embeddable":true,"href":"https:\/\/www.polarmatic.com\/fi\/wp-json\/wp\/v2\/pages\/6758"}],"wp:attachment":[{"href":"https:\/\/www.polarmatic.com\/fi\/wp-json\/wp\/v2\/media?parent=6766"}],"curies":[{"name":"wp","href":"https:\/\/api.w.org\/{rel}","templated":true}]}}