{"id":7620,"date":"2023-03-07T16:24:18","date_gmt":"2023-03-07T14:24:18","guid":{"rendered":"https:\/\/www.polarmatic.com\/?page_id=7620"},"modified":"2024-01-05T10:23:02","modified_gmt":"2024-01-05T08:23:02","slug":"shop","status":"publish","type":"page","link":"https:\/\/www.polarmatic.com\/fi\/shop\/","title":{"rendered":"SHOP"},"content":{"rendered":"\n<div class=\"row\"  id=\"row-181203146\">\n\n\n\t<div id=\"col-1931091696\" class=\"col small-12 large-12\"  >\n\t\t\t\t<div class=\"col-inner\"  >\n\t\t\t\n\t\t\t\n\n\t\t<div class=\"pm-breadcrumbs\">\n\t\t\t\t\n\n<span><span><a href=\"https:\/\/www.polarmatic.com\/fi\/\">Home<\/a><\/span><\/span>\n\t\t<\/div>\n\t\n\n\t\t<\/div>\n\t\t\t\t\t<\/div>\n\n\t\n\n<\/div>\n<div class=\"row\"  id=\"row-940233181\">\n\n\n\t<div id=\"col-708321065\" class=\"col small-12 large-12\"  >\n\t\t\t\t<div class=\"col-inner text-center dark\" style=\"background-color:#82ab4e;\" >\n\t\t\t\n\t\t\t\n\n<h1>Verkkokauppa<\/h1>\n<p><span style=\"font-size: 150%;\">Verkkokaupastamme ostat helposti POLARMOIST kosteusanturit sek\u00e4 alkuper\u00e4iset Polarmatic varaosat.<\/span><\/p>\n\n\t\t<\/div>\n\t\t\t\t\n<style>\n#col-708321065 > .col-inner {\n  padding: 80px 30px 60px 30px;\n}\n<\/style>\n\t<\/div>\n\n\t\n\n<\/div>\n\t<div class=\"img has-hover x md-x lg-x y md-y lg-y\" id=\"image_1111585283\">\n\t\t\t\t\t\t\t\t<div class=\"img-inner image-cover dark\" style=\"padding-top:600px;\">\n\t\t\t<img loading=\"lazy\" decoding=\"async\" width=\"2048\" height=\"1366\" src=\"https:\/\/www.polarmatic.com\/wp-content\/uploads\/2023\/03\/iStock-1204099658-Service-Solutions-Image-for-Webshop-2048x1366.jpg\" class=\"attachment-2048x2048 size-2048x2048\" alt=\"Polarmatic webshop for spare parts and aggregate moisture measurement sensor\" srcset=\"https:\/\/www.polarmatic.com\/wp-content\/uploads\/2023\/03\/iStock-1204099658-Service-Solutions-Image-for-Webshop-2048x1366.jpg 2048w, https:\/\/www.polarmatic.com\/wp-content\/uploads\/2023\/03\/iStock-1204099658-Service-Solutions-Image-for-Webshop-300x200.jpg 300w, https:\/\/www.polarmatic.com\/wp-content\/uploads\/2023\/03\/iStock-1204099658-Service-Solutions-Image-for-Webshop-1024x683.jpg 1024w, https:\/\/www.polarmatic.com\/wp-content\/uploads\/2023\/03\/iStock-1204099658-Service-Solutions-Image-for-Webshop-768x512.jpg 768w, https:\/\/www.polarmatic.com\/wp-content\/uploads\/2023\/03\/iStock-1204099658-Service-Solutions-Image-for-Webshop-1536x1024.jpg 1536w\" sizes=\"auto, (max-width: 2048px) 100vw, 2048px\" \/>\t\t\t\t\t\t\n\t\t\t\t\t<\/div>\n\t\t\t\t\t\t\t\t\n<style>\n#image_1111585283 {\n  width: 100%;\n}\n<\/style>\n\t<\/div>\n\t\n\n<div class=\"row\"  id=\"row-1094882591\">\n\n\n\t<div id=\"col-421608471\" class=\"col small-12 large-12\"  >\n\t\t\t\t<div class=\"col-inner\"  >\n\t\t\t\n\t\t\t\n\n\t<div id=\"text-2283049919\" class=\"text\">\n\t\t\n\n<h2>Tee tilaus nopeasti ja helposti verkossa<\/h2>\n<p>Kun tilaat POLARMOIST kosteusanturit ja Polarmatic-j\u00e4rjestelmien varaosat verkkokaupastamme, tilauksesi tulee k\u00e4sittelyyn ja toimitusvalmiiksi nopeasti ja usein paketti l\u00e4hetet\u00e4\u00e4n varastoltamme jo samana p\u00e4iv\u00e4n\u00e4.&nbsp;<\/p>\n\t\t\n<style>\n#text-2283049919 {\n  line-height: 1.5;\n  text-align: center;\n}\n<\/style>\n\t<\/div>\n\t\n\n\t\t<\/div>\n\t\t\t\t\n<style>\n#col-421608471 > .col-inner {\n  padding: 30px 0px 0px 0px;\n}\n<\/style>\n\t<\/div>\n\n\t\n\n\n<style>\n#row-1094882591 > .col > .col-inner {\n  padding: 40px 0px 0px 0px;\n}\n<\/style>\n<\/div>\n<div class=\"is-divider divider clearfix\" style=\"max-width:100%;height:1px;\"><\/div>\n\n<div class=\"row align-middle\"  id=\"row-1586194247\">\n\n\n\t<div id=\"col-257544339\" class=\"col medium-5 small-12 large-5\"  >\n\t\t\t\t<div class=\"col-inner text-left\"  >\n\t\t\t\n\t\t\t\n\n\n  <div class=\"banner has-hover\" id=\"banner-1161949959\">\n          <div class=\"banner-inner fill\">\n        <div class=\"banner-bg fill\" >\n            <img loading=\"lazy\" decoding=\"async\" width=\"2048\" height=\"1536\" src=\"https:\/\/www.polarmatic.com\/wp-content\/uploads\/2023\/04\/Polarmoist-infrapuna-06-2048x1536.jpg\" class=\"bg attachment-2048x2048 size-2048x2048\" alt=\"Polarmoist ia non-contact and optical concrete aggregate moisture measurement sensor.\" \/>                                    \n\t<div class=\"is-border\"\n\t\tstyle=\"border-width:0px 0px 0px 0px;margin:0px 50px 0px 0px;\">\n\t<\/div>\n                    <\/div>\n\t\t\n        <div class=\"banner-layers container\">\n            <div class=\"fill banner-link\"><\/div>            \n\n\n        <\/div>\n      <\/div>\n\n            \n<style>\n#banner-1161949959 {\n  padding-top: 56.25%;\n}\n#banner-1161949959 .banner-bg img {\n  object-position: 12% 21%;\n}\n<\/style>\n  <\/div>\n\n\n\n\t\t<\/div>\n\t\t\t\t\n<style>\n#col-257544339 > .col-inner {\n  margin: 0px 50px 0px 0px;\n}\n<\/style>\n\t<\/div>\n\n\t\n\n\t<div id=\"col-1937789451\" class=\"col medium-1 small-12 large-1\"  >\n\t\t\t\t<div class=\"col-inner\"  >\n\t\t\t\n\t\t\t\n\n\n\t\t<\/div>\n\t\t\t\t\t<\/div>\n\n\t\n\n\t<div id=\"col-796284290\" class=\"col medium-5 small-12 large-5\"  >\n\t\t\t\t<div class=\"col-inner\"  >\n\t\t\t\n\t\t\t\n\n\t<div id=\"text-560762345\" class=\"text\">\n\t\t\n\n<h2>POLARMOIST verkkokauppa<\/h2>\n<p>\u00a0<\/p>\n\t\t\n<style>\n#text-560762345 {\n  line-height: 1.5;\n}\n<\/style>\n\t<\/div>\n\t\n<a href=\"https:\/\/shop.polarmatic.com\/\" target=\"_blank\" class=\"button primary lowercase\" rel=\"noopener\" >\n\t\t<span>POLARMOIST verkkokauppaan<\/span>\n\t<\/a>\n\n\n\n\t\t<\/div>\n\t\t\t\t\t<\/div>\n\n\t\n\n\n<style>\n#row-1586194247 > .col > .col-inner {\n  padding: 30px 0px 0px 0px;\n}\n<\/style>\n<\/div>\n<div class=\"is-divider divider clearfix\" style=\"max-width:100%;height:1px;\"><\/div>\n\n<div class=\"row align-middle\"  id=\"row-798539162\">\n\n\n\t<div id=\"col-1702437479\" class=\"col medium-5 small-12 large-5\"  >\n\t\t\t\t<div class=\"col-inner\"  >\n\t\t\t\n\t\t\t\n\n\t<div id=\"text-2957447035\" class=\"text\">\n\t\t\n\n<h2>Varaosien verkkokauppa<\/h2>\n<p>&nbsp;<\/p>\n\t\t\n<style>\n#text-2957447035 {\n  line-height: 1.5;\n}\n<\/style>\n\t<\/div>\n\t\n<a href=\"https:\/\/parts.polarmatic.com\" target=\"_blank\" class=\"button primary lowercase\" rel=\"noopener\" >\n\t\t<span>Varaosien verkkokauppaan<\/span>\n\t<\/a>\n\n\n\n\t\t<\/div>\n\t\t\t\t\t<\/div>\n\n\t\n\n\t<div id=\"col-136602132\" class=\"col medium-1 small-12 large-1\"  >\n\t\t\t\t<div class=\"col-inner\"  >\n\t\t\t\n\t\t\t\n\n\n\t\t<\/div>\n\t\t\t\t\t<\/div>\n\n\t\n\n\t<div id=\"col-1530954906\" class=\"col medium-5 small-12 large-5 small-col-first\"  >\n\t\t\t\t<div class=\"col-inner text-right\"  >\n\t\t\t\n\t\t\t\n\n\n  <div class=\"banner has-hover\" id=\"banner-1193952842\">\n          <div class=\"banner-inner fill\">\n        <div class=\"banner-bg fill\" >\n            <img loading=\"lazy\" decoding=\"async\" width=\"2048\" height=\"1244\" src=\"https:\/\/www.polarmatic.com\/wp-content\/uploads\/2023\/03\/Service-Solutions-Level-1-2048x1244.jpg\" class=\"bg attachment-2048x2048 size-2048x2048\" alt=\"Polarmatic Annual Maintenance\" \/>                                    \n                    <\/div>\n\t\t\n        <div class=\"banner-layers container\">\n            <div class=\"fill banner-link\"><\/div>            \n\n\n        <\/div>\n      <\/div>\n\n            \n<style>\n#banner-1193952842 {\n  padding-top: 56.25%;\n}\n<\/style>\n  <\/div>\n\n\n\n\t\t<\/div>\n\t\t\t\t\t<\/div>\n\n\t\n\n\n<style>\n#row-798539162 > .col > .col-inner {\n  padding: 30px 0px 0px 0px;\n}\n<\/style>\n<\/div>\n\n","protected":false},"excerpt":{"rendered":"","protected":false},"author":1,"featured_media":0,"parent":0,"menu_order":0,"comment_status":"closed","ping_status":"closed","template":"","meta":{"_acf_changed":false,"footnotes":""},"class_list":["post-7620","page","type-page","status-publish","hentry"],"acf":[],"_links":{"self":[{"href":"https:\/\/www.polarmatic.com\/fi\/wp-json\/wp\/v2\/pages\/7620","targetHints":{"allow":["GET"]}}],"collection":[{"href":"https:\/\/www.polarmatic.com\/fi\/wp-json\/wp\/v2\/pages"}],"about":[{"href":"https:\/\/www.polarmatic.com\/fi\/wp-json\/wp\/v2\/types\/page"}],"author":[{"embeddable":true,"href":"https:\/\/www.polarmatic.com\/fi\/wp-json\/wp\/v2\/users\/1"}],"replies":[{"embeddable":true,"href":"https:\/\/www.polarmatic.com\/fi\/wp-json\/wp\/v2\/comments?post=7620"}],"version-history":[{"count":7,"href":"https:\/\/www.polarmatic.com\/fi\/wp-json\/wp\/v2\/pages\/7620\/revisions"}],"predecessor-version":[{"id":8371,"href":"https:\/\/www.polarmatic.com\/fi\/wp-json\/wp\/v2\/pages\/7620\/revisions\/8371"}],"wp:attachment":[{"href":"https:\/\/www.polarmatic.com\/fi\/wp-json\/wp\/v2\/media?parent=7620"}],"curies":[{"name":"wp","href":"https:\/\/api.w.org\/{rel}","templated":true}]}}