{"id":7876,"date":"2023-02-28T11:35:17","date_gmt":"2023-02-28T09:35:17","guid":{"rendered":"https:\/\/www.polarmatic.com\/?page_id=7876"},"modified":"2024-01-04T15:23:33","modified_gmt":"2024-01-04T13:23:33","slug":"huollon-yhteistyokumppanit","status":"publish","type":"page","link":"https:\/\/www.polarmatic.com\/fi\/huoltopalvelut\/huollon-yhteistyokumppanit\/","title":{"rendered":"Huollon yhteisty\u00f6kumppanit"},"content":{"rendered":"\n<div class=\"row\"  id=\"row-1667916852\">\n\n\n\t<div id=\"col-3540173\" class=\"col small-12 large-12\"  >\n\t\t\t\t<div class=\"col-inner\"  >\n\t\t\t\n\t\t\t\n\n\t\t<div class=\"pm-breadcrumbs\">\n\t\t\t\t\n\n<span><span><a href=\"https:\/\/www.polarmatic.com\/fi\/\">Home<\/a><\/span><\/span>\n\t\t<\/div>\n\t\n\n\t\t<\/div>\n\t\t\t\t\t<\/div>\n\n\t\n\n<\/div>\n\n\t<section class=\"section dark\" id=\"section_1233552542\">\n\t\t<div class=\"section-bg fill\" >\n\t\t\t\t\t\t\t\t\t\n\t\t\t\n\n\t\t<\/div>\n\n\t\t\n\n\t\t<div class=\"section-content relative\">\n\t\t\t\n\n<div class=\"row\"  id=\"row-7826544\">\n\n\n\t<div id=\"col-626626349\" class=\"col small-12 large-12\"  >\n\t\t\t\t<div class=\"col-inner text-center\"  >\n\t\t\t\n\t\t\t\n\n<h1>Huollon yhteisty\u00f6kumppanit<\/h1>\n<p>Koulutetut ja Polarmatic-sertifioidut yhteisty\u00f6kumppanimme suorittavat j\u00e4rjestelmiemme asennuksia, k\u00e4ytt\u00f6\u00f6nottoja sek\u00e4 huoltoja globaalisti.&nbsp;<\/p>\n\n\t\t<\/div>\n\t\t\t\t\t<\/div>\n\n\t\n\n<\/div>\n\n\t\t<\/div>\n\n\t\t\n<style>\n#section_1233552542 {\n  padding-top: 30px;\n  padding-bottom: 30px;\n  background-color: #82ab4e;\n}\n<\/style>\n\t<\/section>\n\t\n<div class=\"row align-center\"  id=\"row-826494447\">\n\n\n\t<div id=\"col-489483541\" class=\"col medium-8 small-12 large-8\"  >\n\t\t\t\t<div class=\"col-inner\"  >\n\t\t\t\n\t\t\t\n\n\t<div id=\"text-211914513\" class=\"text\">\n\t\t\n\n<h2>Masor Works Oy<\/h2>\n<p>Masor Works Oy on valtuutettu yhteisty\u00f6kumppanimme, jonka kokeneet ja koulutetut asentajat huolehtivat toimittamiemme laitteistojen vuosihuolloista yhteisty\u00f6ss\u00e4 Polarmaticin omien huoltotiimien kanssa.&nbsp;<\/p>\n<p>Yhteydenotot s\u00e4hk\u00f6postitse <a href=\"mailto:service@polarmatic.com\">service@polarmatic.com<\/a>.<\/p>\n<p>&nbsp;<\/p>\n<p><img loading=\"lazy\" decoding=\"async\" class=\"alignnone  wp-image-4466\" src=\"https:\/\/www.polarmatic.com\/wp-content\/uploads\/2023\/03\/masor-works_ACSP-leima-300x300.jpg\" alt=\"Masor Works - authorized and certified Polarmatic service partner.\" width=\"138\" height=\"138\" srcset=\"https:\/\/www.polarmatic.com\/wp-content\/uploads\/2023\/03\/masor-works_ACSP-leima-300x300.jpg 300w, https:\/\/www.polarmatic.com\/wp-content\/uploads\/2023\/03\/masor-works_ACSP-leima-150x150.jpg 150w, https:\/\/www.polarmatic.com\/wp-content\/uploads\/2023\/03\/masor-works_ACSP-leima.jpg 655w\" sizes=\"auto, (max-width: 138px) 100vw, 138px\" \/><\/p>\n<p>&nbsp;<\/p>\n<h2>&nbsp;<\/h2>\n<h3>&nbsp;<\/h3>\n\t\t\n<style>\n#text-211914513 {\n  line-height: 1.5;\n}\n<\/style>\n\t<\/div>\n\t\n\n\t\t<\/div>\n\t\t\t\t\t<\/div>\n\n\t\n\n<\/div>\n","protected":false},"excerpt":{"rendered":"","protected":false},"author":1,"featured_media":0,"parent":7004,"menu_order":1,"comment_status":"closed","ping_status":"closed","template":"","meta":{"_acf_changed":false,"footnotes":""},"class_list":["post-7876","page","type-page","status-publish","hentry"],"acf":[],"_links":{"self":[{"href":"https:\/\/www.polarmatic.com\/fi\/wp-json\/wp\/v2\/pages\/7876","targetHints":{"allow":["GET"]}}],"collection":[{"href":"https:\/\/www.polarmatic.com\/fi\/wp-json\/wp\/v2\/pages"}],"about":[{"href":"https:\/\/www.polarmatic.com\/fi\/wp-json\/wp\/v2\/types\/page"}],"author":[{"embeddable":true,"href":"https:\/\/www.polarmatic.com\/fi\/wp-json\/wp\/v2\/users\/1"}],"replies":[{"embeddable":true,"href":"https:\/\/www.polarmatic.com\/fi\/wp-json\/wp\/v2\/comments?post=7876"}],"version-history":[{"count":3,"href":"https:\/\/www.polarmatic.com\/fi\/wp-json\/wp\/v2\/pages\/7876\/revisions"}],"predecessor-version":[{"id":7882,"href":"https:\/\/www.polarmatic.com\/fi\/wp-json\/wp\/v2\/pages\/7876\/revisions\/7882"}],"up":[{"embeddable":true,"href":"https:\/\/www.polarmatic.com\/fi\/wp-json\/wp\/v2\/pages\/7004"}],"wp:attachment":[{"href":"https:\/\/www.polarmatic.com\/fi\/wp-json\/wp\/v2\/media?parent=7876"}],"curies":[{"name":"wp","href":"https:\/\/api.w.org\/{rel}","templated":true}]}}