{"id":8128,"date":"2023-03-16T14:38:42","date_gmt":"2023-03-16T12:38:42","guid":{"rendered":"https:\/\/www.polarmatic.com\/?page_id=8128"},"modified":"2024-01-05T10:39:08","modified_gmt":"2024-01-05T08:39:08","slug":"turbomatic-tuote-esite","status":"publish","type":"page","link":"https:\/\/www.polarmatic.com\/fi\/ratkaisut\/turbomatic-lammitysratkaisut\/turbomatic-tuote-esite\/","title":{"rendered":"TURBOMATIC Tuote-esite"},"content":{"rendered":"\n<div class=\"row\"  id=\"row-3620060\">\n\n\n\t<div id=\"col-410241029\" class=\"col small-12 large-12\"  >\n\t\t\t\t<div class=\"col-inner\"  >\n\t\t\t\n\t\t\t\n\n\t\t<div class=\"pm-breadcrumbs\">\n\t\t\t\t\n\n<span><span><a href=\"https:\/\/www.polarmatic.com\/fi\/\">Home<\/a><\/span><\/span>\n\t\t<\/div>\n\t\n\n\t\t<\/div>\n\t\t\t\t\t<\/div>\n\n\t\n\n<\/div>\n<div class=\"is-divider divider clearfix\" style=\"max-width:100%;height:1px;\"><\/div>\n\n<div class=\"row\"  id=\"row-124956061\">\n\n\n\t<div id=\"col-1544915030\" class=\"col medium-1 small-12 large-1\"  >\n\t\t\t\t<div class=\"col-inner\"  >\n\t\t\t\n\t\t\t\n\n\t<div class=\"img has-hover x md-x lg-x y md-y lg-y\" id=\"image_1732662041\">\n\t\t\t\t\t\t\t\t<div class=\"img-inner dark\" >\n\t\t\t<img loading=\"lazy\" decoding=\"async\" width=\"483\" height=\"420\" src=\"https:\/\/www.polarmatic.com\/wp-content\/uploads\/2023\/03\/ICON-heating.png\" class=\"attachment-original size-original\" alt=\"Polarmatic Heating Solutions\" srcset=\"https:\/\/www.polarmatic.com\/wp-content\/uploads\/2023\/03\/ICON-heating.png 483w, https:\/\/www.polarmatic.com\/wp-content\/uploads\/2023\/03\/ICON-heating-300x261.png 300w\" sizes=\"auto, (max-width: 483px) 100vw, 483px\" \/>\t\t\t\t\t\t\n\t\t\t\t\t<\/div>\n\t\t\t\t\t\t\t\t\n<style>\n#image_1732662041 {\n  width: 100%;\n}\n<\/style>\n\t<\/div>\n\t\n\n\n\t\t<\/div>\n\t\t\t\t\t<\/div>\n\n\t\n\n\t<div id=\"col-2102322855\" class=\"col medium-6 small-12 large-6\"  >\n\t\t\t\t<div class=\"col-inner\"  >\n\t\t\t\n\t\t\t\n\n\t<div id=\"text-2054067193\" class=\"text\">\n\t\t\n\n<div class='fluentform ff-default fluentform_wrapper_30 ffs_default_wrap'><form data-form_id=\"30\" id=\"fluentform_30\" class=\"frm-fluent-form fluent_form_30 ff-el-form-top ff_form_instance_30_1 ff-form-loading ffs_default\" data-form_instance=\"ff_form_instance_30_1\" method=\"POST\" ><fieldset  style=\"border: none!important;margin: 0!important;padding: 0!important;background-color: transparent!important;box-shadow: none!important;outline: none!important; min-inline-size: 100%;\">\n                    <legend class=\"ff_screen_reader_title\" style=\"display: block; margin: 0!important;padding: 0!important;height: 0!important;text-indent: -999999px;width: 0!important;overflow:hidden;\">FI TURBOMATIC Product Leaflet Order<\/legend><input type='hidden' name='__fluent_form_embded_post_id' value='8128' \/><input type=\"hidden\" id=\"_fluentform_30_fluentformnonce\" name=\"_fluentform_30_fluentformnonce\" value=\"e312d0a53e\" \/><input type=\"hidden\" name=\"_wp_http_referer\" value=\"\/fi\/wp-json\/wp\/v2\/pages\/8128\" \/><div class=\"ff-el-group ff-el-section-break  ff_left\" data-name=\"section_break-30_1\" ><h3 class='ff-el-section-title'>TURBOMATIC Tuote-esite<\/h3><div class='ff-section_break_desk'><p>T\u00e4ytt\u00e4m\u00e4ll\u00e4 yhteystietosi alla olevaan lomakkeeseen, saat tuote-esitteemme s\u00e4hk\u00f6postitse.<\/p><\/div><hr \/><\/div><div data-type=\"name-element\" data-name=\"names\" class=\" ff-field_container ff-name-field-wrapper\" ><div class='ff-t-container'><div class='ff-t-cell '><div class='ff-el-group  ff-el-form-top'><div class=\"ff-el-input--label ff-el-is-required asterisk-right\"><label for='ff_30_names_first_name_' id='label_ff_30_names_first_name_' >Nimi<\/label><\/div><div class='ff-el-input--content'><input type=\"text\" name=\"names[first_name]\" id=\"ff_30_names_first_name_\" class=\"ff-el-form-control\" aria-invalid=\"false\" aria-required=true><\/div><\/div><\/div><div class='ff-t-cell '><div class='ff-el-group  ff-el-form-top'><div class=\"ff-el-input--label ff-el-is-required asterisk-right\"><label for='ff_30_names_last_name_' id='label_ff_30_names_last_name_' >Yritys<\/label><\/div><div class='ff-el-input--content'><input type=\"text\" name=\"names[last_name]\" id=\"ff_30_names_last_name_\" class=\"ff-el-form-control\" aria-invalid=\"false\" aria-required=true><\/div><\/div><\/div><\/div><\/div><div data-name=\"ff_cn_id_1\"  class='ff-t-container ff-column-container ff_columns_total_2 '><div class='ff-t-cell ff-t-column-1' style='flex-basis: 50%;'><div class='ff-el-group'><div class=\"ff-el-input--label ff-el-is-required asterisk-right\"><label for='ff_30_email' id='label_ff_30_email' aria-label=\"S\u00e4hk\u00f6postiosoite\">S\u00e4hk\u00f6postiosoite<\/label><\/div><div class='ff-el-input--content'><input type=\"email\" name=\"email\" id=\"ff_30_email\" class=\"ff-el-form-control\" data-name=\"email\"  aria-invalid=\"false\" aria-required=true><\/div><\/div><\/div><div class='ff-t-cell ff-t-column-2' style='flex-basis: 50%;'><div class='ff-el-group'><div class=\"ff-el-input--label asterisk-right\"><label for='ff_30_phone' id='label_ff_30_phone' aria-label=\"Puhelinnumero\">Puhelinnumero<\/label><\/div><div class='ff-el-input--content'><input name=\"phone\" class=\"ff-el-form-control ff-el-phone\" type=\"tel\" data-name=\"phone\" id=\"ff_30_phone\" inputmode=\"tel\"  aria-invalid='false' aria-required=false><\/div><\/div><\/div><\/div><div class='ff-el-group    ff-el-input--content'><div class='ff-el-form-check ff-el-tc'><label aria-label='Hyv\u00e4ksyn Polarmaticin tietosuojak\u00e4yt\u00e4nn\u00f6n ja annan suostumukseni henkil\u00f6tietojeni tallentamiseen ja k\u00e4sittelyyn Polarmaticin ja sen yhteisty\u00f6kumppaneiden yhteisess\u00e4 rekisteriss\u00e4.' class='ff-el-form-check-label ff_tc_label' for=gdpr-agreement_f7031189dea106b68e6ccc32d3714f90><span class='ff_tc_checkbox'><input type=\"checkbox\" name=\"gdpr-agreement\" class=\"ff-el-form-check-input ff_gdpr_field\" data-name=\"gdpr-agreement\" id=\"gdpr-agreement_f7031189dea106b68e6ccc32d3714f90\"  value='on' aria-invalid='false' aria-required=true><\/span> <div class='ff_t_c'>Hyv\u00e4ksyn Polarmaticin tietosuojak\u00e4yt\u00e4nn\u00f6n ja annan suostumukseni henkil\u00f6tietojeni tallentamiseen ja k\u00e4sittelyyn Polarmaticin ja sen yhteisty\u00f6kumppaneiden yhteisess\u00e4 rekisteriss\u00e4.<\/div><\/label><\/div><\/div><div class='ff-el-group ' ><div class='ff-el-input--content'><div data-fluent_id='30' name='g-recaptcha-response'><div\n\t\tdata-sitekey='6LfM7UclAAAAALY44H8Ec6itvj10ohpPbdznZg1E'\n\t\tid='fluentform-recaptcha-30-1'\n\t\tclass='ff-el-recaptcha g-recaptcha'\n\t\tdata-callback='fluentFormrecaptchaSuccessCallback'><\/div><\/div><\/div><\/div><div class='ff-el-group ff-text-left ff_submit_btn_wrapper'><button type=\"submit\" class=\"ff-btn ff-btn-submit ff-btn-md ff_btn_style\"  aria-label=\"L\u00e4het\u00e4\">L\u00e4het\u00e4<\/button><\/div><\/fieldset><\/form><div id='fluentform_30_errors' class='ff-errors-in-stack ff_form_instance_30_1 ff-form-loading_errors ff_form_instance_30_1_errors'><\/div><\/div>            <script type=\"text\/javascript\">\n                window.fluent_form_ff_form_instance_30_1 = {\"id\":\"30\",\"settings\":{\"layout\":{\"labelPlacement\":\"top\",\"helpMessagePlacement\":\"with_label\",\"errorMessagePlacement\":\"inline\",\"cssClassName\":\"\",\"asteriskPlacement\":\"asterisk-right\"},\"restrictions\":{\"denyEmptySubmission\":{\"enabled\":false}}},\"form_instance\":\"ff_form_instance_30_1\",\"form_id_selector\":\"fluentform_30\",\"rules\":{\"names[first_name]\":{\"required\":{\"value\":true,\"message\":\"Pakollinen tieto.\"}},\"names[middle_name]\":{\"required\":{\"value\":false,\"message\":\"This field is required\"}},\"names[last_name]\":{\"required\":{\"value\":true,\"message\":\"Pakollinen tieto.\"}},\"email\":{\"required\":{\"value\":true,\"message\":\"Pakollinen tieto.\"},\"email\":{\"value\":true,\"message\":\"Virheellinen s\\u00e4hk\\u00f6postiosoite. \"}},\"phone\":{\"required\":{\"value\":false,\"message\":\"This field is required\"},\"valid_phone_number\":{\"value\":false,\"message\":\"Phone number is not valid.\"}},\"gdpr-agreement\":{\"required\":{\"value\":true,\"message\":\"Sinun pit\\u00e4\\u00e4 hyv\\u00e4ksy\\u00e4 tietosuojak\\u00e4yt\\u00e4nt\\u00f6mme ennen lomakkeen l\\u00e4hett\\u00e4mist\\u00e4. \"}}},\"debounce_time\":300};\n                            <\/script>\n            \n\t\t\n<style>\n#text-2054067193 {\n  line-height: 1.5;\n}\n<\/style>\n\t<\/div>\n\t\n\n\t\t<\/div>\n\t\t\t\t\n<style>\n#col-2102322855 > .col-inner {\n  padding: 0px 0px 0px 0px;\n}\n<\/style>\n\t<\/div>\n\n\t\n\n\n<style>\n#row-124956061 > .col > .col-inner {\n  padding: 30px 0px 0px 0px;\n}\n<\/style>\n<\/div>\n<div class=\"is-divider divider clearfix\" style=\"max-width:100%;height:1px;\"><\/div>\n\n\n","protected":false},"excerpt":{"rendered":"","protected":false},"author":1,"featured_media":0,"parent":6402,"menu_order":6,"comment_status":"closed","ping_status":"closed","template":"","meta":{"_acf_changed":false,"footnotes":""},"class_list":["post-8128","page","type-page","status-publish","hentry"],"acf":[],"_links":{"self":[{"href":"https:\/\/www.polarmatic.com\/fi\/wp-json\/wp\/v2\/pages\/8128","targetHints":{"allow":["GET"]}}],"collection":[{"href":"https:\/\/www.polarmatic.com\/fi\/wp-json\/wp\/v2\/pages"}],"about":[{"href":"https:\/\/www.polarmatic.com\/fi\/wp-json\/wp\/v2\/types\/page"}],"author":[{"embeddable":true,"href":"https:\/\/www.polarmatic.com\/fi\/wp-json\/wp\/v2\/users\/1"}],"replies":[{"embeddable":true,"href":"https:\/\/www.polarmatic.com\/fi\/wp-json\/wp\/v2\/comments?post=8128"}],"version-history":[{"count":3,"href":"https:\/\/www.polarmatic.com\/fi\/wp-json\/wp\/v2\/pages\/8128\/revisions"}],"predecessor-version":[{"id":8154,"href":"https:\/\/www.polarmatic.com\/fi\/wp-json\/wp\/v2\/pages\/8128\/revisions\/8154"}],"up":[{"embeddable":true,"href":"https:\/\/www.polarmatic.com\/fi\/wp-json\/wp\/v2\/pages\/6402"}],"wp:attachment":[{"href":"https:\/\/www.polarmatic.com\/fi\/wp-json\/wp\/v2\/media?parent=8128"}],"curies":[{"name":"wp","href":"https:\/\/api.w.org\/{rel}","templated":true}]}}