{"id":10017,"date":"2023-03-16T15:25:00","date_gmt":"2023-03-16T13:25:00","guid":{"rendered":"https:\/\/www.polarmatic.com\/?page_id=10017"},"modified":"2024-04-22T10:08:18","modified_gmt":"2024-04-22T07:08:18","slug":"brochure-coolmatic","status":"publish","type":"page","link":"https:\/\/www.polarmatic.com\/fr\/solutions\/solutions-de-refroidissement-coolmatic\/brochure-coolmatic\/","title":{"rendered":"Brochure COOLMATIC"},"content":{"rendered":"\n<div class=\"is-divider divider clearfix\" style=\"max-width:100%;height:1px;\"><\/div>\n\n<div class=\"row\"  id=\"row-1847227070\">\n\n\n\t<div id=\"col-474769059\" class=\"col medium-1 small-12 large-1\"  >\n\t\t\t\t<div class=\"col-inner\"  >\n\t\t\t\n\t\t\t\n\n\t<div class=\"img has-hover x md-x lg-x y md-y lg-y\" id=\"image_686081066\">\n\t\t\t\t\t\t\t\t<div class=\"img-inner dark\" >\n\t\t\t<img loading=\"lazy\" decoding=\"async\" width=\"483\" height=\"420\" src=\"https:\/\/www.polarmatic.com\/wp-content\/uploads\/2023\/03\/ICON-cooling-color.png\" class=\"attachment-large size-large\" alt=\"COOLING Solutions by Polarmatic\" srcset=\"https:\/\/www.polarmatic.com\/wp-content\/uploads\/2023\/03\/ICON-cooling-color.png 483w, https:\/\/www.polarmatic.com\/wp-content\/uploads\/2023\/03\/ICON-cooling-color-300x261.png 300w\" sizes=\"auto, (max-width: 483px) 100vw, 483px\" \/>\t\t\t\t\t\t\n\t\t\t\t\t<\/div>\n\t\t\t\t\t\t\t\t\n<style>\n#image_686081066 {\n  width: 100%;\n}\n<\/style>\n\t<\/div>\n\t\n\n\n\t\t<\/div>\n\t\t\t\t\t<\/div>\n\n\t\n\n\t<div id=\"col-1187701970\" class=\"col medium-8 small-12 large-8\"  >\n\t\t\t\t<div class=\"col-inner\"  >\n\t\t\t\n\t\t\t\n\n\t<div id=\"text-2225258480\" class=\"text\">\n\t\t\n\n<div class='fluentform ff-default fluentform_wrapper_47 ffs_default_wrap'><form data-form_id=\"47\" id=\"fluentform_47\" class=\"frm-fluent-form fluent_form_47 ff-el-form-top ff_form_instance_47_1 ff-form-loading ffs_default\" data-form_instance=\"ff_form_instance_47_1\" method=\"POST\" ><fieldset  style=\"border: none!important;margin: 0!important;padding: 0!important;background-color: transparent!important;box-shadow: none!important;outline: none!important; min-inline-size: 100%;\">\n                    <legend class=\"ff_screen_reader_title\" style=\"display: block; margin: 0!important;padding: 0!important;height: 0!important;text-indent: -999999px;width: 0!important;overflow:hidden;\">FR COOLMATIC Product Leaflet Order (#47)<\/legend><input type='hidden' name='__fluent_form_embded_post_id' value='10017' \/><input type=\"hidden\" id=\"_fluentform_47_fluentformnonce\" name=\"_fluentform_47_fluentformnonce\" value=\"e312d0a53e\" \/><input type=\"hidden\" name=\"_wp_http_referer\" value=\"\/fr\/wp-json\/wp\/v2\/pages\/10017\" \/><div class=\"ff-el-group ff-el-section-break  ff_left\" data-name=\"section_break-47_1\" ><h3 class='ff-el-section-title'>COOLMATIC Brochure<\/h3><div class='ff-section_break_desk'><p>Veuillez entrer vos coordonn\u00e9es ci-dessous et vous recevrez la brochure sur votre e-mail.<\/p><\/div><hr \/><\/div><div data-type=\"name-element\" data-name=\"names\" class=\" ff-field_container ff-name-field-wrapper\" ><div class='ff-t-container'><div class='ff-t-cell '><div class='ff-el-group  ff-el-form-top'><div class=\"ff-el-input--label ff-el-is-required asterisk-right\"><label for='ff_47_names_first_name_' id='label_ff_47_names_first_name_' >Nom<\/label><\/div><div class='ff-el-input--content'><input type=\"text\" name=\"names[first_name]\" id=\"ff_47_names_first_name_\" class=\"ff-el-form-control\" aria-invalid=\"false\" aria-required=true><\/div><\/div><\/div><div class='ff-t-cell '><div class='ff-el-group  ff-el-form-top'><div class=\"ff-el-input--label ff-el-is-required asterisk-right\"><label for='ff_47_names_last_name_' id='label_ff_47_names_last_name_' >Soci\u00e9t\u00e9<\/label><\/div><div class='ff-el-input--content'><input type=\"text\" name=\"names[last_name]\" id=\"ff_47_names_last_name_\" class=\"ff-el-form-control\" aria-invalid=\"false\" aria-required=true><\/div><\/div><\/div><\/div><\/div><div data-name=\"ff_cn_id_1\"  class='ff-t-container ff-column-container ff_columns_total_2 '><div class='ff-t-cell ff-t-column-1' style='flex-basis: 50%;'><div class='ff-el-group'><div class=\"ff-el-input--label ff-el-is-required asterisk-right\"><label for='ff_47_email' id='label_ff_47_email' aria-label=\"E-mail\">E-mail<\/label><\/div><div class='ff-el-input--content'><input type=\"email\" name=\"email\" id=\"ff_47_email\" class=\"ff-el-form-control\" data-name=\"email\"  aria-invalid=\"false\" aria-required=true><\/div><\/div><\/div><div class='ff-t-cell ff-t-column-2' style='flex-basis: 50%;'><div class='ff-el-group'><div class=\"ff-el-input--label asterisk-right\"><label for='ff_47_phone' id='label_ff_47_phone' aria-label=\"Num\u00e9ro de t\u00e9l\u00e9phone\">Num\u00e9ro de t\u00e9l\u00e9phone<\/label><\/div><div class='ff-el-input--content'><input name=\"phone\" class=\"ff-el-form-control ff-el-phone\" type=\"tel\" data-name=\"phone\" id=\"ff_47_phone\" inputmode=\"tel\"  aria-invalid='false' aria-required=false><\/div><\/div><\/div><\/div><div class='ff-el-group    ff-el-input--content'><div class='ff-el-form-check ff-el-tc'><label aria-label='J&#039;accepte la politique de confidentialit\u00e9 de Polarmatic et je consens \u00e0 ce que mes donn\u00e9es personnelles soient stock\u00e9es et trait\u00e9es dans le registre partag\u00e9 de Polarmatic et de ses partenaires de service.' class='ff-el-form-check-label ff_tc_label' for=gdpr-agreement_9dcf2eaf1901511d43b347a80878a847><span class='ff_tc_checkbox'><input type=\"checkbox\" name=\"gdpr-agreement\" class=\"ff-el-form-check-input ff_gdpr_field\" data-name=\"gdpr-agreement\" id=\"gdpr-agreement_9dcf2eaf1901511d43b347a80878a847\"  value='on' aria-invalid='false' aria-required=true><\/span> <div class='ff_t_c'>J'accepte la politique de confidentialit\u00e9 de Polarmatic et je consens \u00e0 ce que mes donn\u00e9es personnelles soient stock\u00e9es et trait\u00e9es dans le registre partag\u00e9 de Polarmatic et de ses partenaires de service.<\/div><\/label><\/div><\/div><div class='ff-el-group ' ><div class='ff-el-input--content'><div data-fluent_id='47' name='g-recaptcha-response'><div\n\t\tdata-sitekey='6LfM7UclAAAAALY44H8Ec6itvj10ohpPbdznZg1E'\n\t\tid='fluentform-recaptcha-47-1'\n\t\tclass='ff-el-recaptcha g-recaptcha'\n\t\tdata-callback='fluentFormrecaptchaSuccessCallback'><\/div><\/div><\/div><\/div><div class='ff-el-group ff-text-left ff_submit_btn_wrapper'><button type=\"submit\" class=\"ff-btn ff-btn-submit ff-btn-md ff_btn_style\"  aria-label=\"Envoyer\">Envoyer<\/button><\/div><\/fieldset><\/form><div id='fluentform_47_errors' class='ff-errors-in-stack ff_form_instance_47_1 ff-form-loading_errors ff_form_instance_47_1_errors'><\/div><\/div>            <script type=\"text\/javascript\">\n                window.fluent_form_ff_form_instance_47_1 = {\"id\":\"47\",\"settings\":{\"layout\":{\"labelPlacement\":\"top\",\"helpMessagePlacement\":\"with_label\",\"errorMessagePlacement\":\"inline\",\"cssClassName\":\"\",\"asteriskPlacement\":\"asterisk-right\"},\"restrictions\":{\"denyEmptySubmission\":{\"enabled\":false}}},\"form_instance\":\"ff_form_instance_47_1\",\"form_id_selector\":\"fluentform_47\",\"rules\":{\"names[first_name]\":{\"required\":{\"value\":true,\"message\":\"L'information obligatoire.\",\"global\":false,\"global_message\":\"This field is required\"}},\"names[middle_name]\":{\"required\":{\"value\":false,\"message\":\"This field is required\",\"global\":false,\"global_message\":\"This field is required\"}},\"names[last_name]\":{\"required\":{\"value\":true,\"message\":\"L'information obligatoire.\",\"global\":false,\"global_message\":\"This field is required\"}},\"email\":{\"required\":{\"value\":true,\"message\":\"L'information obligatoire.\",\"global\":false,\"global_message\":\"This field is required\"},\"email\":{\"value\":true,\"message\":\"Saisissez un e-mail valide.\",\"global\":false,\"global_message\":\"This field must contain a valid email\"}},\"phone\":{\"required\":{\"value\":false,\"message\":\"This field is required\",\"global\":false,\"global_message\":\"This field is required\"},\"valid_phone_number\":{\"value\":false,\"message\":\"Phone number is not valid.\",\"global\":false,\"global_message\":\"Phone number is not valid\"}},\"gdpr-agreement\":{\"required\":{\"value\":true,\"message\":\"Vous devez approuver notre politique de confidentialit\\u00e9 afin de recevoir le mat\\u00e9riel.\",\"global\":false,\"global_message\":\"This field is required\"}}},\"debounce_time\":300};\n                            <\/script>\n            \n\t\t\n<style>\n#text-2225258480 {\n  line-height: 1.5;\n}\n<\/style>\n\t<\/div>\n\t\n\n\t\t<\/div>\n\t\t\t\t\t<\/div>\n\n\t\n\n\n<style>\n#row-1847227070 > .col > .col-inner {\n  padding: 30px 0px 0px 0px;\n}\n<\/style>\n<\/div>\n\n","protected":false},"excerpt":{"rendered":"","protected":false},"author":5,"featured_media":0,"parent":9771,"menu_order":5,"comment_status":"closed","ping_status":"closed","template":"","meta":{"_acf_changed":false,"footnotes":""},"class_list":["post-10017","page","type-page","status-publish","hentry"],"acf":[],"_links":{"self":[{"href":"https:\/\/www.polarmatic.com\/fr\/wp-json\/wp\/v2\/pages\/10017","targetHints":{"allow":["GET"]}}],"collection":[{"href":"https:\/\/www.polarmatic.com\/fr\/wp-json\/wp\/v2\/pages"}],"about":[{"href":"https:\/\/www.polarmatic.com\/fr\/wp-json\/wp\/v2\/types\/page"}],"author":[{"embeddable":true,"href":"https:\/\/www.polarmatic.com\/fr\/wp-json\/wp\/v2\/users\/5"}],"replies":[{"embeddable":true,"href":"https:\/\/www.polarmatic.com\/fr\/wp-json\/wp\/v2\/comments?post=10017"}],"version-history":[{"count":2,"href":"https:\/\/www.polarmatic.com\/fr\/wp-json\/wp\/v2\/pages\/10017\/revisions"}],"predecessor-version":[{"id":10021,"href":"https:\/\/www.polarmatic.com\/fr\/wp-json\/wp\/v2\/pages\/10017\/revisions\/10021"}],"up":[{"embeddable":true,"href":"https:\/\/www.polarmatic.com\/fr\/wp-json\/wp\/v2\/pages\/9771"}],"wp:attachment":[{"href":"https:\/\/www.polarmatic.com\/fr\/wp-json\/wp\/v2\/media?parent=10017"}],"curies":[{"name":"wp","href":"https:\/\/api.w.org\/{rel}","templated":true}]}}