{"id":8801,"date":"2023-04-17T12:21:33","date_gmt":"2023-04-17T09:21:33","guid":{"rendered":"https:\/\/www.polarmatic.com\/?page_id=8801"},"modified":"2024-04-22T10:24:43","modified_gmt":"2024-04-22T07:24:43","slug":"details-de-facturation","status":"publish","type":"page","link":"https:\/\/www.polarmatic.com\/fr\/details-de-facturation\/","title":{"rendered":"D\u00e9tails de facturation"},"content":{"rendered":"\n<div class=\"row\"  id=\"row-1873586793\">\n\n\n\t<div id=\"col-1240925732\" class=\"col small-12 large-12\"  >\n\t\t\t\t<div class=\"col-inner\"  >\n\t\t\t\n\t\t\t\n\n\t\t<div class=\"pm-breadcrumbs\">\n\t\t\t\t\n\n<span><span><a href=\"https:\/\/www.polarmatic.com\/fr\/\">Home<\/a><\/span><\/span>\n\t\t<\/div>\n\t\n\n\t\t<\/div>\n\t\t\t\t\t<\/div>\n\n\t\n\n<\/div>\n\n\t<section class=\"section dark\" id=\"section_1158870172\">\n\t\t<div class=\"section-bg fill\" >\n\t\t\t\t\t\t\t\t\t\n\t\t\t\n\n\t\t<\/div>\n\n\t\t\n\n\t\t<div class=\"section-content relative\">\n\t\t\t\n\n<div class=\"row\"  id=\"row-412884224\">\n\n\n\t<div id=\"col-1297386123\" class=\"col small-12 large-12\"  >\n\t\t\t\t<div class=\"col-inner text-center\"  >\n\t\t\t\n\t\t\t\n\n<h1>D\u00e9tails de facturation<\/h1>\n<p class=\"lead\">\u00a0<\/p>\n\n\t\t<\/div>\n\t\t\t\t\t<\/div>\n\n\t\n\n<\/div>\n\n\t\t<\/div>\n\n\t\t\n<style>\n#section_1158870172 {\n  padding-top: 30px;\n  padding-bottom: 30px;\n  background-color: #82ab4e;\n}\n<\/style>\n\t<\/section>\n\t\n<div class=\"row\"  id=\"row-1928561389\">\n\n\n\t<div id=\"col-763665393\" class=\"col medium-7 small-12 large-7\"  >\n\t\t\t\t<div class=\"col-inner text-left\"  >\n\t\t\t\n\t\t\t\n\n\t<div id=\"text-274217101\" class=\"text\">\n\t\t\n\n<h2>Groupe Polarmatic<\/h2>\n<p>\u00a0<\/p>\n<h2><span style=\"color: #3a5dae;\"><strong><span lang=\"FR\" style=\"font-size: 75%;\">Unit\u00e9s commerciales : <\/span><\/strong><\/span><span style=\"color: #3a5dae; font-size: 75%;\"><strong>Polarmatic Oy<\/strong> (FI01536595) et <strong>Mid-Matic Oy<\/strong> (FI21390415)<\/span><\/h2>\n<p>\u00a0<\/p>\n<p>Nous vous prions de bien vouloir envoyer vos factures en priorit\u00e9 via nos services de facturation \u00e9lectronique\u00a0:\u00a0\u00a0\u00a0\u00a0<\/p>\n<p>Op\u00e9rateur factures \u00e9lectroniques : Apix Messaging Oy<\/p>\n<p>Code op\u00e9rateur factures \u00e9lectroniques\u00a0: 003723327487<\/p>\n<p>Code EDI : 003701536595<br \/><br \/><\/p>\n<p>Si vous n&rsquo;avez pas la possibilit\u00e9 d&rsquo;envoyer des factures \u00e9lectroniques, nous vous demandons de bien vouloir envoyer votre facture au format PDF par e-mail directement \u00e0 nos services de num\u00e9risation de factures. Veuillez noter qu&rsquo;un e-mail ne peut contenir qu&rsquo;une seule facture PDF.\u00a0<\/p>\n<p><strong>Polarmatic Oy<\/strong>: 003701536595@procountor.apix.fi<br \/><strong>Mid-Matic Oy<\/strong>: 003721390415@procountor.apix.fi<\/p>\n<p>\u00a0<\/p>\n<p>Si vous pr\u00e9f\u00e9rez envoyer votre facture en copie papier, veuillez l&rsquo;envoyer \u00e0 l&rsquo;adresse ci-dessous. Veuillez noter que notre adresse de facturation doit \u00e9galement \u00eatre imprim\u00e9e sur la facture (pas seulement sur l&rsquo;enveloppe).\u00a0<\/p>\n<p><strong>Polarmatic Oy<\/strong>\u00a0(Apix skannauspalvelu)<\/p>\n<p>PL 16112\u00a0<br \/>00021 LASKUTUS<\/p>\n<p>FINLAND<\/p>\n<p>\u00a0<\/p>\n<p><strong>Mid-Matic Oy<\/strong>\u00a0(Apix skannauspalvelu)<\/p>\n<p>PL 16112<\/p>\n<p>00021 LASKUTUS<\/p>\n<p>FINLAND<\/p>\n<p>\u00a0<\/p>\n<p>Nous n\u2019acceptons et ne traitons que les factures qui sont envoy\u00e9es \u00e0 nos adresses exactes. Veuillez vous assurer que notre personne de contact et la r\u00e9f\u00e9rence de la commande sont mentionn\u00e9es sur votre document de facturation. Les adresses ci-dessus sont uniquement destin\u00e9es \u00e0 la facturation, tout autre courrier doit \u00eatre adress\u00e9 \u00e0 l&rsquo;adresse de nos bureaux\u00a0: Ahertajankatu\u00a09, FI-33720 Tampere, Finlande. Ou par e-mail \u00e0 polarmatic@polarmatic.com<\/p>\n<p>\u00a0<\/p>\n\t\t\n<style>\n#text-274217101 {\n  line-height: 1.5;\n  text-align: left;\n}\n<\/style>\n\t<\/div>\n\t\n\n\t\t<\/div>\n\t\t\t\t\t<\/div>\n\n\t\n\n<\/div>\n<div class=\"row align-center\"  id=\"row-608705524\">\n\n\n\t<div id=\"col-16117797\" class=\"col medium-8 small-12 large-8\"  >\n\t\t\t\t<div class=\"col-inner text-left\"  >\n\t\t\t\n\t\t\t\n\n\n\t\t<\/div>\n\t\t\t\t\t<\/div>\n\n\t\n\n<\/div>\n<div class=\"row\"  id=\"row-852176835\">\n\n\n\t<div id=\"col-792358412\" class=\"col medium-5 small-12 large-5\"  >\n\t\t\t\t<div class=\"col-inner text-center\"  >\n\t\t\t\n\t\t\t\n\n\t<div id=\"text-3055004452\" class=\"text\">\n\t\t\n\n<h2><span style=\"font-size: 75%; color: #3a5dae;\"><strong>Unit\u00e9 commercial : Polarmatic North America Ltd. <\/strong>(81-1623693)<\/span><\/h2>\n<p>\u00a0<\/p>\n<p><span lang=\"FR\">Veuillez envoyer vos factures papier adress\u00e9es \u00e0 Polarmatic North America Ltd. \u00e0 l&rsquo;adresse suivante\u00a0:<\/span><\/p>\n<p>\u00a0<\/p>\n<p>Polarmatic North America Ltd.\u00a0<\/p>\n<p>PNC Center \/ 201 E. Fifth Street, 19th Floor,<\/p>\n<p>Cincinnati, Ohio, 45202<\/p>\n<p>USA<\/p>\n<p>\u00a0<\/p>\n<p>Vous pouvez \u00e9galement envoyer vos factures au format PDF \u00e0\u00a0: accounts@polarmatic.com<\/p>\n<p>Veuillez noter\u00a0: Nous n&rsquo;acceptons plus les ch\u00e8ques, seulement les paiements par CCA ou virement \u00e9lectronique.<\/p>\n\t\t\n<style>\n#text-3055004452 {\n  line-height: 1.5;\n  text-align: left;\n}\n<\/style>\n\t<\/div>\n\t\n\n\t\t<\/div>\n\t\t\t\t\t<\/div>\n\n\t\n\n\t<div id=\"col-150228509\" class=\"col medium-2 small-12 large-2\"  >\n\t\t\t\t<div class=\"col-inner\"  >\n\t\t\t\n\t\t\t\n\n\n\t\t<\/div>\n\t\t\t\t\t<\/div>\n\n\t\n\n\t<div id=\"col-1085363418\" class=\"col medium-5 small-12 large-5\"  >\n\t\t\t\t<div class=\"col-inner text-center\"  >\n\t\t\t\n\t\t\t\n\n\t<div id=\"text-2939370486\" class=\"text\">\n\t\t\n\n<h2><span style=\"font-size: 75%; color: #3a5dae;\"><strong>Unit\u00e9 commercial : <\/strong><\/span><span style=\"color: #3a5dae; font-size: 75%;\"><strong>Polarmatic AB <\/strong>(SE556573008101)<\/span><\/h2>\n<p>\u00a0<\/p>\n<p>Veuillez envoyer vos factures papier adress\u00e9es Polarmatic AB, Sweden <span lang=\"FR\">\u00e0 l&rsquo;adresse suivante\u00a0:<\/span><\/p>\n<p>\u00a0<\/p>\n<p>Polarmatic AB<\/p>\n<p>Askims Industriv\u00e4g 1 A<\/p>\n<p>436 34 ASKIM<\/p>\n<p>SWEDEN<\/p>\n<p>\u00a0<\/p>\n<p>Vous pouvez \u00e9galement envoyer vos factures au format PDF \u00e0 : invoice.se@polarmatic.com<\/p>\n<p>\u00a0<\/p>\n\t\t\n<style>\n#text-2939370486 {\n  line-height: 1.5;\n  text-align: left;\n}\n<\/style>\n\t<\/div>\n\t\n\n\t\t<\/div>\n\t\t\t\t\t<\/div>\n\n\t\n\n<\/div>\n\n","protected":false},"excerpt":{"rendered":"","protected":false},"author":5,"featured_media":0,"parent":0,"menu_order":0,"comment_status":"closed","ping_status":"closed","template":"","meta":{"_acf_changed":false,"footnotes":""},"class_list":["post-8801","page","type-page","status-publish","hentry"],"acf":[],"_links":{"self":[{"href":"https:\/\/www.polarmatic.com\/fr\/wp-json\/wp\/v2\/pages\/8801","targetHints":{"allow":["GET"]}}],"collection":[{"href":"https:\/\/www.polarmatic.com\/fr\/wp-json\/wp\/v2\/pages"}],"about":[{"href":"https:\/\/www.polarmatic.com\/fr\/wp-json\/wp\/v2\/types\/page"}],"author":[{"embeddable":true,"href":"https:\/\/www.polarmatic.com\/fr\/wp-json\/wp\/v2\/users\/5"}],"replies":[{"embeddable":true,"href":"https:\/\/www.polarmatic.com\/fr\/wp-json\/wp\/v2\/comments?post=8801"}],"version-history":[{"count":3,"href":"https:\/\/www.polarmatic.com\/fr\/wp-json\/wp\/v2\/pages\/8801\/revisions"}],"predecessor-version":[{"id":9929,"href":"https:\/\/www.polarmatic.com\/fr\/wp-json\/wp\/v2\/pages\/8801\/revisions\/9929"}],"wp:attachment":[{"href":"https:\/\/www.polarmatic.com\/fr\/wp-json\/wp\/v2\/media?parent=8801"}],"curies":[{"name":"wp","href":"https:\/\/api.w.org\/{rel}","templated":true}]}}