{"id":8861,"date":"2023-01-16T12:46:08","date_gmt":"2023-01-16T10:46:08","guid":{"rendered":"https:\/\/www.polarmatic.com\/?page_id=8861"},"modified":"2024-04-22T09:48:43","modified_gmt":"2024-04-22T06:48:43","slug":"solutions","status":"publish","type":"page","link":"https:\/\/www.polarmatic.com\/fr\/solutions\/","title":{"rendered":"Solutions"},"content":{"rendered":"\n<div class=\"row align-center\"  id=\"row-253255330\">\n\n\n\t<div id=\"col-1514891944\" class=\"col small-12 large-12\"  >\n\t\t\t\t<div class=\"col-inner\"  >\n\t\t\t\n\t\t\t\n\n\t\t<div class=\"pm-breadcrumbs\">\n\t\t\t\t\n\n<span><span><a href=\"https:\/\/www.polarmatic.com\/fr\/\">Home<\/a><\/span><\/span>\n\t\t<\/div>\n\t\n\n\t\t<\/div>\n\t\t\t\t\t<\/div>\n\n\t\n\n<\/div>\n<div class=\"row\"  id=\"row-1321412828\">\n\n\n\t<div id=\"col-283967919\" class=\"col small-12 large-12\"  >\n\t\t\t\t<div class=\"col-inner text-center dark\" style=\"background-color:#82ab4e;\" >\n\t\t\t\n\t\t\t\n\n\t<div id=\"text-3673938173\" class=\"text\">\n\t\t\n\n<h1><span lang=\"FR\">Solutions durables pour l&rsquo;industrie du b\u00e9ton<\/span><\/h1>\n<p><span lang=\"FR\" style=\"font-size: 140%;\">Solutions innovantes de chauffage, cure, refroidissement, contr\u00f4le et mesure de l&rsquo;humidit\u00e9 pour l&rsquo;industrie du b\u00e9ton.<\/span><\/p>\n\t\t\n<style>\n#text-3673938173 {\n  line-height: 1.5;\n  text-align: center;\n}\n<\/style>\n\t<\/div>\n\t\n\n\t\t<\/div>\n\t\t\t\t\n<style>\n#col-283967919 > .col-inner {\n  padding: 70px 0px 70px 3px;\n}\n<\/style>\n\t<\/div>\n\n\t\n\n<\/div>\n<div class=\"row\"  id=\"row-1379455293\">\n\n\n\t<div id=\"col-1988703602\" class=\"col small-12 large-12\"  >\n\t\t\t\t<div class=\"col-inner\"  >\n\t\t\t\n\t\t\t\n\n\t<div class=\"img has-hover x md-x lg-x y md-y lg-y\" id=\"image_732138881\">\n\t\t\t\t\t\t\t\t<div class=\"img-inner image-cover dark\" style=\"padding-top:680px;\">\n\t\t\t<img loading=\"lazy\" decoding=\"async\" width=\"2048\" height=\"1365\" src=\"https:\/\/www.polarmatic.com\/wp-content\/uploads\/2023\/03\/iStock-1366394118-Solutions-Header-Image--2048x1365.jpg\" class=\"attachment-2048x2048 size-2048x2048\" alt=\"Polarmatic Sustainable Solutions for Concrete Industry\" srcset=\"https:\/\/www.polarmatic.com\/wp-content\/uploads\/2023\/03\/iStock-1366394118-Solutions-Header-Image--2048x1365.jpg 2048w, https:\/\/www.polarmatic.com\/wp-content\/uploads\/2023\/03\/iStock-1366394118-Solutions-Header-Image--300x200.jpg 300w, https:\/\/www.polarmatic.com\/wp-content\/uploads\/2023\/03\/iStock-1366394118-Solutions-Header-Image--1024x683.jpg 1024w, https:\/\/www.polarmatic.com\/wp-content\/uploads\/2023\/03\/iStock-1366394118-Solutions-Header-Image--768x512.jpg 768w, https:\/\/www.polarmatic.com\/wp-content\/uploads\/2023\/03\/iStock-1366394118-Solutions-Header-Image--1536x1024.jpg 1536w\" sizes=\"auto, (max-width: 2048px) 100vw, 2048px\" \/>\t\t\t\t\t\t\n\t\t\t\t\t<\/div>\n\t\t\t\t\t\t\t\t\n<style>\n#image_732138881 {\n  width: 100%;\n}\n<\/style>\n\t<\/div>\n\t\n\n\n\t\t<\/div>\n\t\t\t\t\t<\/div>\n\n\t\n\n<\/div>\n<div class=\"row align-center\"  id=\"row-829973488\">\n\n\n\t<div id=\"col-1767316996\" class=\"col medium-9 small-12 large-9\"  >\n\t\t\t\t<div class=\"col-inner text-center\"  >\n\t\t\t\n\t\t\t\n\n\t<div id=\"text-4095268325\" class=\"text\">\n\t\t\n\n<h2><span lang=\"FR\">Solutions durables pour l&rsquo;industrie du b\u00e9ton<\/span><\/h2>\n<p>Les solutions Polarmatic sont sp\u00e9cifiquement d\u00e9velopp\u00e9es pour les besoins de l&rsquo;industrie du b\u00e9ton en mettant l&rsquo;accent sur l&rsquo;efficacit\u00e9 \u00e9nerg\u00e9tique et la durabilit\u00e9.<\/p>\n<p>Nous offrons des solutions optimales pour les producteurs de b\u00e9ton pr\u00eat \u00e0 l&#8217;emploi dans les centrales de malaxage et les centrales \u00e0 b\u00e9ton sec ainsi que pour les producteurs de b\u00e9ton pr\u00e9fabriqu\u00e9, de tuyaux, de blocs et de pav\u00e9s partout dans le monde \u2013 y compris dans les conditions et les zones climatiques les plus exigeantes.<\/p>\n<p>Les solutions Polarmatic de chauffage, refroidissement et cure utilisent 100\u00a0% de l&rsquo;\u00e9nergie g\u00e9n\u00e9r\u00e9e et les syst\u00e8mes prennent en charge toute l&rsquo;\u00e9nergie n\u00e9cessaire pour chauffer ou refroidir les granulats de b\u00e9ton, ainsi que pour chauffer et refroidir l&rsquo;eau n\u00e9cessaire \u00e0 la production du b\u00e9ton, \u00e0 la cure des produits de b\u00e9ton ou au chauffage des locaux de l&rsquo;usine \u2013 le tout avec une seule unit\u00e9 conteneuris\u00e9e.<\/p>\n\t\t\n<style>\n#text-4095268325 {\n  line-height: 1.5;\n  text-align: center;\n}\n<\/style>\n\t<\/div>\n\t\n\n\t\t<\/div>\n\t\t\t\t\t<\/div>\n\n\t\n\n\n<style>\n#row-829973488 > .col > .col-inner {\n  padding: 30px 0px 0px 0px;\n}\n<\/style>\n<\/div>\n<div class=\"is-divider divider clearfix\" style=\"max-width:100%;height:1px;\"><\/div>\n\n<div class=\"row align-middle\"  id=\"row-781652917\">\n\n\n\t<div id=\"col-409414569\" class=\"col medium-5 small-12 large-5\"  >\n\t\t\t\t<div class=\"col-inner text-left\"  >\n\t\t\t\n\t\t\t\n\n\n  <div class=\"banner has-hover\" id=\"banner-607631430\">\n          <div class=\"banner-inner fill\">\n        <div class=\"banner-bg fill\" >\n            <img loading=\"lazy\" decoding=\"async\" width=\"1600\" height=\"1200\" src=\"https:\/\/www.polarmatic.com\/wp-content\/uploads\/2023\/04\/Batching-plant_3.jpg\" class=\"bg attachment-2048x2048 size-2048x2048\" alt=\"TURBOMATIC aggregate and water heating unit at a concrete batching plant.\" \/>                                    \n                    <\/div>\n\t\t\n        <div class=\"banner-layers container\">\n            <div class=\"fill banner-link\"><\/div>            \n\n\n        <\/div>\n      <\/div>\n\n            \n<style>\n#banner-607631430 {\n  padding-top: 54%;\n}\n#banner-607631430 .banner-bg img {\n  object-position: 5% 100%;\n}\n<\/style>\n  <\/div>\n\n\n\n\t\t<\/div>\n\t\t\t\t\n<style>\n#col-409414569 > .col-inner {\n  padding: 0px 0px 0px 0px;\n  margin: 0px 0px 0px 0px;\n  max-width: 590px;\n}\n<\/style>\n\t<\/div>\n\n\t\n\n\t<div id=\"col-240244110\" class=\"col medium-1 small-12 large-1\"  >\n\t\t\t\t<div class=\"col-inner\"  >\n\t\t\t\n\t\t\t\n\n\n\t\t<\/div>\n\t\t\t\t\t<\/div>\n\n\t\n\n\t<div id=\"col-2101783588\" class=\"col medium-6 small-12 large-6\"  >\n\t\t\t\t<div class=\"col-inner\"  >\n\t\t\t\n\t\t\t\n\n<h2>Solutions de chauffage TURBOMATIC\u00a0<\/h2>\n<p>Les syst\u00e8mes de chauffage TURBOMATIC permettent aux producteurs de b\u00e9ton de produire du b\u00e9ton de qualit\u00e9 sup\u00e9rieure de mani\u00e8re durable et \u00e0 leur plein potentiel de production toute l&rsquo;ann\u00e9e, y compris pendant les jours les plus froids de l&rsquo;hiver.<\/p>\n<a href=\"https:\/\/www.polarmatic.com\/fr\/?page_id=8867\" class=\"button primary lowercase\" >\n\t\t<span>En savoir plus<\/span>\n\t<\/a>\n\n\n\n\t\t<\/div>\n\t\t\t\t\t<\/div>\n\n\t\n\n\n<style>\n#row-781652917 > .col > .col-inner {\n  padding: 30px 0px 0px 0px;\n}\n<\/style>\n<\/div>\n<div class=\"is-divider divider clearfix\" style=\"max-width:100%;height:1px;\"><\/div>\n\n<div class=\"row align-middle\"  id=\"row-1799990715\">\n\n\n\t<div id=\"col-2036431880\" class=\"col medium-6 small-12 large-6\"  >\n\t\t\t\t<div class=\"col-inner\"  >\n\t\t\t\n\t\t\t\n\n<h2>Solutions de refroidissement COOLMATIC<\/h2>\n<p>Les syst\u00e8mes de refroidissement COOLMATIC r\u00e9pondent non seulement \u00e0 tous les besoins des centrales \u00e0 b\u00e9ton de la mani\u00e8re la plus efficace possible mais elles les aident \u00e9galement \u00e0 maintenir une qualit\u00e9 de b\u00e9ton optimale dans toutes les conditions.<\/p>\n<a href=\"https:\/\/www.polarmatic.com\/fr\/?page_id=9771&#038;preview=true\" class=\"button primary lowercase\" >\n\t\t<span>En savoir plus<\/span>\n\t<\/a>\n\n\n\n\t\t<\/div>\n\t\t\t\t\t<\/div>\n\n\t\n\n\t<div id=\"col-1752259525\" class=\"col medium-6 small-12 large-6 small-col-first\"  >\n\t\t\t\t<div class=\"col-inner text-left\"  >\n\t\t\t\n\t\t\t\n\n\t<div class=\"img has-hover x md-x lg-x y md-y lg-y\" id=\"image_1565838244\">\n\t\t\t\t\t\t\t\t<div class=\"img-inner image-cover dark\" style=\"padding-top:56.25%;\">\n\t\t\t<img loading=\"lazy\" decoding=\"async\" width=\"2048\" height=\"2048\" src=\"https:\/\/www.polarmatic.com\/wp-content\/uploads\/2023\/04\/Coolmatic-tehdas-01-2048x2048.jpg\" class=\"attachment-2048x2048 size-2048x2048\" alt=\"Coolmatic Cooling Solutions\" srcset=\"https:\/\/www.polarmatic.com\/wp-content\/uploads\/2023\/04\/Coolmatic-tehdas-01-2048x2048.jpg 2048w, https:\/\/www.polarmatic.com\/wp-content\/uploads\/2023\/04\/Coolmatic-tehdas-01-300x300.jpg 300w, https:\/\/www.polarmatic.com\/wp-content\/uploads\/2023\/04\/Coolmatic-tehdas-01-1024x1024.jpg 1024w, https:\/\/www.polarmatic.com\/wp-content\/uploads\/2023\/04\/Coolmatic-tehdas-01-150x150.jpg 150w, https:\/\/www.polarmatic.com\/wp-content\/uploads\/2023\/04\/Coolmatic-tehdas-01-768x768.jpg 768w, https:\/\/www.polarmatic.com\/wp-content\/uploads\/2023\/04\/Coolmatic-tehdas-01-1536x1536.jpg 1536w\" sizes=\"auto, (max-width: 2048px) 100vw, 2048px\" \/>\t\t\t\t\t\t\n\t\t\t\t\t<\/div>\n\t\t\t\t\t\t\t\t\n<style>\n#image_1565838244 {\n  width: 80%;\n}\n<\/style>\n\t<\/div>\n\t\n\n\n\t\t<\/div>\n\t\t\t\t\n<style>\n#col-1752259525 > .col-inner {\n  margin: 0px 0px 0px 0px;\n}\n<\/style>\n\t<\/div>\n\n\t\n\n\n<style>\n#row-1799990715 > .col > .col-inner {\n  padding: 30px 0px 0px 0px;\n}\n<\/style>\n<\/div>\n<div class=\"is-divider divider clearfix\" style=\"max-width:100%;height:1px;\"><\/div>\n\n<div class=\"row align-middle\"  id=\"row-158142336\">\n\n\n\t<div id=\"col-693483041\" class=\"col medium-6 small-12 large-6\"  >\n\t\t\t\t<div class=\"col-inner\"  >\n\t\t\t\n\t\t\t\n\n\t<div class=\"img has-hover x md-x lg-x y md-y lg-y\" id=\"image_742470255\">\n\t\t\t\t\t\t\t\t<div class=\"img-inner image-cover dark\" style=\"padding-top:56.25%;\">\n\t\t\t<img loading=\"lazy\" decoding=\"async\" width=\"1600\" height=\"1200\" src=\"https:\/\/www.polarmatic.com\/wp-content\/uploads\/2023\/04\/Curing-solutions_2.jpg\" class=\"attachment-2048x2048 size-2048x2048\" alt=\"Curing Solutions by Polarmatic\" srcset=\"https:\/\/www.polarmatic.com\/wp-content\/uploads\/2023\/04\/Curing-solutions_2.jpg 1600w, https:\/\/www.polarmatic.com\/wp-content\/uploads\/2023\/04\/Curing-solutions_2-300x225.jpg 300w, https:\/\/www.polarmatic.com\/wp-content\/uploads\/2023\/04\/Curing-solutions_2-1024x768.jpg 1024w, https:\/\/www.polarmatic.com\/wp-content\/uploads\/2023\/04\/Curing-solutions_2-768x576.jpg 768w, https:\/\/www.polarmatic.com\/wp-content\/uploads\/2023\/04\/Curing-solutions_2-1536x1152.jpg 1536w\" sizes=\"auto, (max-width: 1600px) 100vw, 1600px\" \/>\t\t\t\t\t\t\n\t\t\t\t\t<\/div>\n\t\t\t\t\t\t\t\t\n<style>\n#image_742470255 {\n  width: 80%;\n}\n<\/style>\n\t<\/div>\n\t\n\n\n\t\t<\/div>\n\t\t\t\t\t<\/div>\n\n\t\n\n\t<div id=\"col-1302772996\" class=\"col medium-6 small-12 large-6\"  >\n\t\t\t\t<div class=\"col-inner\"  >\n\t\t\t\n\t\t\t\n\n<h2>Solutions de cure CUREMATIC<\/h2>\n<p>CUREMATIC est un syst\u00e8me de cure \u00e9conome en \u00e9nergie qui aide les producteurs de b\u00e9ton \u00e0 augmenter leur rythme de production et leur rendement tout en am\u00e9liorant \u00e9galement la qualit\u00e9 de leurs produits en b\u00e9ton finaux.<\/p>\n<a href=\"https:\/\/www.polarmatic.com\/fr\/?page_id=9835&#038;preview=true\" class=\"button primary lowercase\" >\n\t\t<span>En savoir plus<\/span>\n\t<\/a>\n\n\n\n\t\t<\/div>\n\t\t\t\t\t<\/div>\n\n\t\n\n\n<style>\n#row-158142336 > .col > .col-inner {\n  padding: 30px 0px 0px 0px;\n}\n<\/style>\n<\/div>\n<div class=\"is-divider divider clearfix\" style=\"max-width:100%;height:1px;\"><\/div>\n\n<div class=\"row align-middle\"  id=\"row-32725782\">\n\n\n\t<div id=\"col-1490844482\" class=\"col medium-6 small-12 large-6\"  >\n\t\t\t\t<div class=\"col-inner\"  >\n\t\t\t\n\t\t\t\n\n<h2>Solutions d&rsquo;information<\/h2>\n<p>Les solutions d&rsquo;information de Polarmatic fournissent un large \u00e9ventail d&rsquo;informations provenant du processus de production du b\u00e9ton dans le but d\u2019optimiser les performances de l&rsquo;usine.<\/p>\n<a href=\"https:\/\/www.polarmatic.com\/fr\/?page_id=9873&#038;preview=true\" class=\"button primary lowercase\" >\n\t\t<span>En savoir plus<\/span>\n\t<\/a>\n\n\n\n\t\t<\/div>\n\t\t\t\t\t<\/div>\n\n\t\n\n\t<div id=\"col-1813282396\" class=\"col medium-6 small-12 large-6 small-col-first\"  >\n\t\t\t\t<div class=\"col-inner\"  >\n\t\t\t\n\t\t\t\n\n\t<div class=\"img has-hover x md-x lg-x y md-y lg-y\" id=\"image_870632779\">\n\t\t\t\t\t\t\t\t<div class=\"img-inner image-cover dark\" style=\"padding-top:56.25%;\">\n\t\t\t<img loading=\"lazy\" decoding=\"async\" width=\"2048\" height=\"1536\" src=\"https:\/\/www.polarmatic.com\/wp-content\/uploads\/2023\/04\/Polarmoist-infrapuna-06-2048x1536.jpg\" class=\"attachment-2048x2048 size-2048x2048\" alt=\"Polarmoist ia non-contact and optical concrete aggregate moisture measurement sensor.\" srcset=\"https:\/\/www.polarmatic.com\/wp-content\/uploads\/2023\/04\/Polarmoist-infrapuna-06-2048x1536.jpg 2048w, https:\/\/www.polarmatic.com\/wp-content\/uploads\/2023\/04\/Polarmoist-infrapuna-06-300x225.jpg 300w, https:\/\/www.polarmatic.com\/wp-content\/uploads\/2023\/04\/Polarmoist-infrapuna-06-1024x768.jpg 1024w, https:\/\/www.polarmatic.com\/wp-content\/uploads\/2023\/04\/Polarmoist-infrapuna-06-768x576.jpg 768w, https:\/\/www.polarmatic.com\/wp-content\/uploads\/2023\/04\/Polarmoist-infrapuna-06-1536x1152.jpg 1536w\" sizes=\"auto, (max-width: 2048px) 100vw, 2048px\" \/>\t\t\t\t\t\t\n\t\t\t\t\t<\/div>\n\t\t\t\t\t\t\t\t\n<style>\n#image_870632779 {\n  width: 80%;\n}\n<\/style>\n\t<\/div>\n\t\n\n\n\t\t<\/div>\n\t\t\t\t\t<\/div>\n\n\t\n\n\n<style>\n#row-32725782 > .col > .col-inner {\n  padding: 30px 0px 0px 0px;\n}\n<\/style>\n<\/div>\n<div class=\"is-divider divider clearfix\" style=\"max-width:100%;height:1px;\"><\/div>\n\n<div class=\"row align-middle\"  id=\"row-1301302191\">\n\n\n\t<div id=\"col-1757733903\" class=\"col medium-6 small-12 large-6 small-col-first\"  >\n\t\t\t\t<div class=\"col-inner\"  >\n\t\t\t\n\t\t\t\n\n\t<div class=\"img has-hover x md-x lg-x y md-y lg-y\" id=\"image_1789410185\">\n\t\t\t\t\t\t\t\t<div class=\"img-inner image-cover dark\" style=\"padding-top:56.25%;\">\n\t\t\t<img loading=\"lazy\" decoding=\"async\" width=\"2048\" height=\"1244\" src=\"https:\/\/www.polarmatic.com\/wp-content\/uploads\/2023\/03\/Service-Solutions-Level-1-2048x1244.jpg\" class=\"attachment-2048x2048 size-2048x2048\" alt=\"Polarmatic Annual Maintenance\" srcset=\"https:\/\/www.polarmatic.com\/wp-content\/uploads\/2023\/03\/Service-Solutions-Level-1-2048x1244.jpg 2048w, https:\/\/www.polarmatic.com\/wp-content\/uploads\/2023\/03\/Service-Solutions-Level-1-300x182.jpg 300w, https:\/\/www.polarmatic.com\/wp-content\/uploads\/2023\/03\/Service-Solutions-Level-1-1024x622.jpg 1024w, https:\/\/www.polarmatic.com\/wp-content\/uploads\/2023\/03\/Service-Solutions-Level-1-768x466.jpg 768w, https:\/\/www.polarmatic.com\/wp-content\/uploads\/2023\/03\/Service-Solutions-Level-1-1536x933.jpg 1536w\" sizes=\"auto, (max-width: 2048px) 100vw, 2048px\" \/>\t\t\t\t\t\t\n\t\t\t\t\t<\/div>\n\t\t\t\t\t\t\t\t\n<style>\n#image_1789410185 {\n  width: 80%;\n}\n<\/style>\n\t<\/div>\n\t\n\n\n\t\t<\/div>\n\t\t\t\t\t<\/div>\n\n\t\n\n\t<div id=\"col-1668639949\" class=\"col medium-6 small-12 large-6\"  >\n\t\t\t\t<div class=\"col-inner\"  >\n\t\t\t\n\t\t\t\n\n<h2>Solutions de service<\/h2>\n<p>Nos \u00e9quipes et partenaires de services proposent un service de maintenance annuel pour vos syst\u00e8mes Polarmatic.<\/p>\n<a href=\"https:\/\/www.polarmatic.com\/fr\/?page_id=9891&#038;preview=true\" class=\"button primary lowercase\" >\n\t\t<span>En savoir plus<\/span>\n\t<\/a>\n\n\n\n\t\t<\/div>\n\t\t\t\t\t<\/div>\n\n\t\n\n\n<style>\n#row-1301302191 > .col > .col-inner {\n  padding: 30px 0px 0px 0px;\n}\n<\/style>\n<\/div>\n\n","protected":false},"excerpt":{"rendered":"","protected":false},"author":5,"featured_media":0,"parent":0,"menu_order":0,"comment_status":"closed","ping_status":"closed","template":"","meta":{"_acf_changed":false,"footnotes":""},"class_list":["post-8861","page","type-page","status-publish","hentry"],"acf":[],"_links":{"self":[{"href":"https:\/\/www.polarmatic.com\/fr\/wp-json\/wp\/v2\/pages\/8861","targetHints":{"allow":["GET"]}}],"collection":[{"href":"https:\/\/www.polarmatic.com\/fr\/wp-json\/wp\/v2\/pages"}],"about":[{"href":"https:\/\/www.polarmatic.com\/fr\/wp-json\/wp\/v2\/types\/page"}],"author":[{"embeddable":true,"href":"https:\/\/www.polarmatic.com\/fr\/wp-json\/wp\/v2\/users\/5"}],"replies":[{"embeddable":true,"href":"https:\/\/www.polarmatic.com\/fr\/wp-json\/wp\/v2\/comments?post=8861"}],"version-history":[{"count":4,"href":"https:\/\/www.polarmatic.com\/fr\/wp-json\/wp\/v2\/pages\/8861\/revisions"}],"predecessor-version":[{"id":10107,"href":"https:\/\/www.polarmatic.com\/fr\/wp-json\/wp\/v2\/pages\/8861\/revisions\/10107"}],"wp:attachment":[{"href":"https:\/\/www.polarmatic.com\/fr\/wp-json\/wp\/v2\/media?parent=8861"}],"curies":[{"name":"wp","href":"https:\/\/api.w.org\/{rel}","templated":true}]}}