{"id":8867,"date":"2023-02-20T11:24:38","date_gmt":"2023-02-20T09:24:38","guid":{"rendered":"https:\/\/www.polarmatic.com\/?page_id=8867"},"modified":"2024-04-22T14:02:40","modified_gmt":"2024-04-22T11:02:40","slug":"solutions-de-chauffage-turbomatic","status":"publish","type":"page","link":"https:\/\/www.polarmatic.com\/fr\/solutions\/solutions-de-chauffage-turbomatic\/","title":{"rendered":"Solutions de chauffage TURBOMATIC"},"content":{"rendered":"\n<div class=\"row\"  id=\"row-763571657\">\n\n\n\t<div id=\"col-1586716305\" class=\"col small-12 large-12\"  >\n\t\t\t\t<div class=\"col-inner\"  >\n\t\t\t\n\t\t\t\n\n\t\t<div class=\"pm-breadcrumbs\">\n\t\t\t\t\n\n<span><span><a href=\"https:\/\/www.polarmatic.com\/fr\/\">Home<\/a><\/span><\/span>\n\t\t<\/div>\n\t\n\n\t\t<\/div>\n\t\t\t\t\t<\/div>\n\n\t\n\n<\/div>\n<div class=\"row\"  id=\"row-969367025\">\n\n\n\t<div id=\"col-1311040311\" class=\"col small-12 large-12\"  >\n\t\t\t\t<div class=\"col-inner text-center dark\" style=\"background-color:#82ab4e;\" >\n\t\t\t\n\t\t\t\n\n\t<div id=\"text-1667581765\" class=\"text\">\n\t\t\n\n<h1>\u00a0<\/h1>\n<h1><span lang=\"FR\">Solutions de chauffage TURBOMATIC<\/span><\/h1>\n<p><span lang=\"FR\" style=\"font-size: 140%;\">Chauffage durable pour toutes les centrales \u00e0 b\u00e9ton<\/span><\/p>\n<p>\u00a0<\/p>\n\t\t\n<style>\n#text-1667581765 {\n  line-height: 1.5;\n}\n<\/style>\n\t<\/div>\n\t\n\n\t\t<\/div>\n\t\t\t\t\n<style>\n#col-1311040311 > .col-inner {\n  padding: 30px 30px 30px 30px;\n}\n<\/style>\n\t<\/div>\n\n\t\n\n<\/div>\n\t<div class=\"img has-hover x md-x lg-x y md-y lg-y\" id=\"image_197551992\">\n\t\t\t\t\t\t\t\t<div class=\"img-inner image-cover dark\" style=\"padding-top:600px;margin:0px 0px 30px 0px;\">\n\t\t\t<img loading=\"lazy\" decoding=\"async\" width=\"2048\" height=\"1152\" src=\"https:\/\/www.polarmatic.com\/wp-content\/uploads\/2023\/02\/PSBetonMunichGermanySTD1000DT-edited-2048x1152.jpeg\" class=\"attachment-2048x2048 size-2048x2048\" alt=\"TURBOMATIC heating solutions at customers site in Germany.\" srcset=\"https:\/\/www.polarmatic.com\/wp-content\/uploads\/2023\/02\/PSBetonMunichGermanySTD1000DT-edited-2048x1152.jpeg 2048w, https:\/\/www.polarmatic.com\/wp-content\/uploads\/2023\/02\/PSBetonMunichGermanySTD1000DT-edited-300x169.jpeg 300w, https:\/\/www.polarmatic.com\/wp-content\/uploads\/2023\/02\/PSBetonMunichGermanySTD1000DT-edited-1024x576.jpeg 1024w, https:\/\/www.polarmatic.com\/wp-content\/uploads\/2023\/02\/PSBetonMunichGermanySTD1000DT-edited-768x432.jpeg 768w, https:\/\/www.polarmatic.com\/wp-content\/uploads\/2023\/02\/PSBetonMunichGermanySTD1000DT-edited-1536x864.jpeg 1536w\" sizes=\"auto, (max-width: 2048px) 100vw, 2048px\" \/>\t\t\t\t\t\t\n\t\t\t\t\t<\/div>\n\t\t\t\t\t\t\t\t\n<style>\n#image_197551992 {\n  width: 100%;\n}\n<\/style>\n\t<\/div>\n\t\n\n<div class=\"row align-center\"  id=\"row-825323093\">\n\n\n\t<div id=\"col-2035926116\" class=\"col medium-8 small-12 large-8\"  >\n\t\t\t\t<div class=\"col-inner text-center\"  >\n\t\t\t\n\t\t\t\n\n\t<div id=\"text-3686993833\" class=\"text\">\n\t\t\n\n<h2><span lang=\"FR\">Solutions de chauffage pour toutes les centrales de production de b\u00e9ton<\/span><\/h2>\n\t\t\n<style>\n#text-3686993833 {\n  line-height: 1.5;\n  text-align: center;\n}\n<\/style>\n\t<\/div>\n\t\n\t<div id=\"text-2858045690\" class=\"text\">\n\t\t\n\n<p><span lang=\"FR\">Les syst\u00e8mes de chauffage TURBOMATIC sont disponibles en diff\u00e9rents mod\u00e8les et configurations pour r\u00e9pondre aux exigences et aux conditions climatiques sp\u00e9cifiques de nos clients de mani\u00e8re optimale et le plus efficacement possible. Notre large gamme de capacit\u00e9s, d\u2019options de carburant et de configurations diff\u00e9rentes permet toujours de trouver la meilleure solution possible pour chaque client.<\/span><\/p>\n\t\t\n<style>\n#text-2858045690 {\n  line-height: 1.5;\n  text-align: center;\n}\n<\/style>\n\t<\/div>\n\t\n\n\t\t<\/div>\n\t\t\t\t\n<style>\n#col-2035926116 > .col-inner {\n  padding: 30px 0px 0px 0px;\n}\n<\/style>\n\t<\/div>\n\n\t\n\n<\/div>\n<div class=\"is-divider divider clearfix\" style=\"max-width:100%;height:1px;\"><\/div>\n\n<div class=\"row align-equal align-center\"  id=\"row-372096302\">\n\n\n\t<div id=\"col-1680289573\" class=\"col medium-5 small-12 large-5\"  >\n\t\t\t\t<div class=\"col-inner text-left\"  >\n\t\t\t\n\t\t\t\n\n\t<div id=\"text-3621087925\" class=\"text\">\n\t\t\n\n<h2><span style=\"font-size: 80%;\">Solution de chauffage totale<\/span><\/h2>\n<p>\u00a0<\/p>\n\t\t\n<style>\n#text-3621087925 {\n  line-height: 0.75;\n}\n<\/style>\n\t<\/div>\n\t\n<p>TURBOMATIC est un syst\u00e8me de chauffage id\u00e9al qui fonctionne parfaitement sur chaque site de production de b\u00e9ton dans toutes les conditions climatiques, quelles que soient les exigences de chauffage\u00a0: des zones avec des conditions hivernales mod\u00e9r\u00e9es \u00e0 chaudes aux zones les plus froides avec les conditions hivernales les plus s\u00e9v\u00e8res.<\/p>\n<p>Avec l\u2019aide du syst\u00e8me TURBOMATIC, les producteurs de b\u00e9ton seront en mesure de continuer de produire du b\u00e9ton pendant la saison froide et, en m\u00eame temps, de r\u00e9aliser de remarquables \u00e9conomies de co\u00fbts gr\u00e2ce \u00e0 l\u2019efficacit\u00e9 \u00e9nerg\u00e9tique du syst\u00e8me.<\/p>\n<p>TURBOMATIC est une unit\u00e9 de chauffage conteneuris\u00e9e qui fournit rapidement et efficacement tout le chauffage n\u00e9cessaire \u00e0 la production du b\u00e9ton\u00a0:<\/p>\n<ul>\n<li>Fonte de la glace et la neige des granulats sans intervention manuelle<\/li>\n<li>Chauffage des granulats froids \u00e0 la temp\u00e9rature requise<\/li>\n<li>G\u00e9n\u00e9ration de l&rsquo;eau chaude pour le dosage mais aussi pour le lavage et le remplissage du camion-malaxeur ainsi que l&rsquo;eau utilis\u00e9e dans l&rsquo;usine<\/li>\n<li>Chauffage du bureau et des installations de production \u00e0 une temp\u00e9rature confortable<\/li>\n<\/ul>\n\n\t\t<\/div>\n\t\t\t\t\t<\/div>\n\n\t\n\n\t<div id=\"col-626667728\" class=\"col medium-1 small-12 large-1\"  >\n\t\t\t\t<div class=\"col-inner text-left\"  >\n\t\t\t\n\t\t\t\n\n\n\t\t<\/div>\n\t\t\t\t\t<\/div>\n\n\t\n\n\t<div id=\"col-300137134\" class=\"col medium-5 small-12 large-5\"  >\n\t\t\t\t<div class=\"col-inner text-left\"  >\n\t\t\t\n\t\t\t\n\n\t<div id=\"text-3887402994\" class=\"text\">\n\t\t\n\n<h2><span style=\"font-size: 80%;\">Les syst\u00e8mes de chauffage TURBOMATIC offrent de nombreux avantages<\/span><\/h2>\n\t\t\n<style>\n#text-3887402994 {\n  line-height: 1.5;\n}\n<\/style>\n\t<\/div>\n\t\n<ul>\n<li>Production de b\u00e9ton annuelle accrue sans arr\u00eat de la production en hiver<\/li>\n<li>Production de b\u00e9ton de haute qualit\u00e9 avec un rapport eau-ciment optimal et une temp\u00e9rature optimale \u00e0 la capacit\u00e9 requise et dans toutes les conditions de temp\u00e9rature ambiante<\/li>\n<li>Solution \u00e9cologique offrant une faible consommation de carburant et aucune \u00e9mission directe dans l&rsquo;air\n<ul>\n<li>80\u00a0% de r\u00e9duction des co\u00fbts de carburant avec 100\u00a0% de rendement \u00e9nerg\u00e9tique<\/li>\n<li>R\u00e9duction des \u00e9missions de 90 % ou plus lorsque le syst\u00e8me fonctionne avec des carburants renouvelables<\/li>\n<\/ul>\n<\/li>\n<li>Faibles co\u00fbts d&rsquo;exploitation ; pas besoin d&rsquo;inspection annuelle ni de personnel d&rsquo;exploitation certifi\u00e9 distinct.<\/li>\n<li>Faibles co\u00fbts d&rsquo;entretien ; les syst\u00e8mes sont con\u00e7us et construits pour des conditions exigeantes et il n&rsquo;y a pas d&rsquo;exigences particuli\u00e8res en ce qui concerne l&rsquo;eau<\/li>\n<li>Enti\u00e8rement automatique et command\u00e9 par ordinateur pour offrir fonctionnement rapide, flexible et stable.<\/li>\n<\/ul>\n\n\t\t<\/div>\n\t\t\t\t\t<\/div>\n\n\t\n\n\n<style>\n#row-372096302 > .col > .col-inner {\n  padding: 20px 0px 0px 0px;\n}\n<\/style>\n<\/div>\n<div class=\"is-divider divider clearfix\" style=\"max-width:100%;height:1px;\"><\/div>\n\n<div class=\"row align-middle\"  id=\"row-507681639\">\n\n\n\t<div id=\"col-1096290993\" class=\"col medium-6 small-12 large-6\"  >\n\t\t\t\t<div class=\"col-inner\"  >\n\t\t\t\n\t\t\t\n\n\t<div class=\"img has-hover x md-x lg-x y md-y lg-y\" id=\"image_12096154\">\n\t\t\t\t\t\t\t\t<div class=\"img-inner image-cover dark\" style=\"padding-top:56.25%;\">\n\t\t\t<img loading=\"lazy\" decoding=\"async\" width=\"1920\" height=\"1080\" src=\"https:\/\/www.polarmatic.com\/wp-content\/uploads\/2023\/03\/TURBOMATIC-ECO-container-2.png\" class=\"attachment-2048x2048 size-2048x2048\" alt=\"ecoTURBOMATIC heating solution\" srcset=\"https:\/\/www.polarmatic.com\/wp-content\/uploads\/2023\/03\/TURBOMATIC-ECO-container-2.png 1920w, https:\/\/www.polarmatic.com\/wp-content\/uploads\/2023\/03\/TURBOMATIC-ECO-container-2-300x169.png 300w, https:\/\/www.polarmatic.com\/wp-content\/uploads\/2023\/03\/TURBOMATIC-ECO-container-2-1024x576.png 1024w, https:\/\/www.polarmatic.com\/wp-content\/uploads\/2023\/03\/TURBOMATIC-ECO-container-2-768x432.png 768w, https:\/\/www.polarmatic.com\/wp-content\/uploads\/2023\/03\/TURBOMATIC-ECO-container-2-1536x864.png 1536w\" sizes=\"auto, (max-width: 1920px) 100vw, 1920px\" \/>\t\t\t\t\t\t\n\t\t\t\t\t<\/div>\n\t\t\t\t\t\t\t\t\n<style>\n#image_12096154 {\n  width: 80%;\n}\n<\/style>\n\t<\/div>\n\t\n\n\n\t\t<\/div>\n\t\t\t\t\t<\/div>\n\n\t\n\n\t<div id=\"col-1132835078\" class=\"col medium-6 small-12 large-6\"  >\n\t\t\t\t<div class=\"col-inner\"  >\n\t\t\t\n\t\t\t\n\n<h2>TURBOMATIC Unit\u00e9 d\u2019\u00e9nergie thermique<\/h2>\n<p>Solution de chauffage total pour centrales \u00e0 b\u00e9ton pour le chauffage des granulats, de l&rsquo;eau et des locaux. Plusieurs configurations diff\u00e9rentes disponibles, ce qui permet de choisir la solution id\u00e9ale pour tout site de production de b\u00e9ton.<\/p>\n<a href=\"https:\/\/www.polarmatic.com\/fr\/solutions\/solutions-de-chauffage-turbomatic\/turbomatic-unite-denergie-thermique\/\" class=\"button primary lowercase\" >\n\t\t<span>En savoir plus<\/span>\n\t<\/a>\n\n\n\n\t\t<\/div>\n\t\t\t\t\t<\/div>\n\n\t\n\n\n<style>\n#row-507681639 > .col > .col-inner {\n  padding: 30px 0px 0px 0px;\n}\n<\/style>\n<\/div>\n<div class=\"is-divider divider clearfix\" style=\"max-width:100%;height:1px;\"><\/div>\n\n<div class=\"row align-middle\"  id=\"row-868200707\">\n\n\n\t<div id=\"col-2142175486\" class=\"col medium-6 small-12 large-6\"  >\n\t\t\t\t<div class=\"col-inner\"  >\n\t\t\t\n\t\t\t\n\n\t<div id=\"text-3942565196\" class=\"text\">\n\t\t\n\n<h2><span lang=\"FR\">TURBOMATIC G\u00e9n\u00e9rateur TURBOsteam<\/span><\/h2>\n<p><span lang=\"FR\">Id\u00e9al pour les conditions climatiques extr\u00eames et lorsqu\u2019un chauffage intense des granulats est requis.<\/span><\/p>\n\t\t\n<style>\n#text-3942565196 {\n  line-height: 1.5;\n}\n<\/style>\n\t<\/div>\n\t\n<a href=\"https:\/\/www.polarmatic.com\/fr\/solutions\/solutions-de-chauffage-turbomatic\/turbomatic-generateur-turbosteam\/\" class=\"button primary lowercase\" >\n\t\t<span>En savoir plus<\/span>\n\t<\/a>\n\n\n\n\t\t<\/div>\n\t\t\t\t\t<\/div>\n\n\t\n\n\t<div id=\"col-227197576\" class=\"col medium-6 small-12 large-6 small-col-first\"  >\n\t\t\t\t<div class=\"col-inner\"  >\n\t\t\t\n\t\t\t\n\n\t<div class=\"img has-hover x md-x lg-x y md-y lg-y\" id=\"image_1889563755\">\n\t\t\t\t\t\t\t\t<div class=\"img-inner image-cover dark\" style=\"padding-top:50%;margin:0px 0px 0px 0px;\">\n\t\t\t<img loading=\"lazy\" decoding=\"async\" width=\"1020\" height=\"535\" src=\"https:\/\/www.polarmatic.com\/wp-content\/uploads\/2023\/03\/TURBOsteam_generator-01-studio-1024x537.jpg\" class=\"attachment-large size-large\" alt=\"TURBOMATIC TURBOsteam Generator\" srcset=\"https:\/\/www.polarmatic.com\/wp-content\/uploads\/2023\/03\/TURBOsteam_generator-01-studio-1024x537.jpg 1024w, https:\/\/www.polarmatic.com\/wp-content\/uploads\/2023\/03\/TURBOsteam_generator-01-studio-300x157.jpg 300w, https:\/\/www.polarmatic.com\/wp-content\/uploads\/2023\/03\/TURBOsteam_generator-01-studio-768x402.jpg 768w, https:\/\/www.polarmatic.com\/wp-content\/uploads\/2023\/03\/TURBOsteam_generator-01-studio.jpg 1500w\" sizes=\"auto, (max-width: 1020px) 100vw, 1020px\" \/>\t\t\t\t\t\t\n\t\t\t\t\t<\/div>\n\t\t\t\t\t\t\t\t\n<style>\n#image_1889563755 {\n  width: 80%;\n}\n<\/style>\n\t<\/div>\n\t\n\n\n\t\t<\/div>\n\t\t\t\t\t<\/div>\n\n\t\n\n\n<style>\n#row-868200707 > .col > .col-inner {\n  padding: 30px 0px 0px 0px;\n}\n<\/style>\n<\/div>\n<div class=\"is-divider divider clearfix\" style=\"max-width:100%;height:1px;\"><\/div>\n\n<div class=\"row align-middle\"  id=\"row-1531288228\">\n\n\n\t<div id=\"col-1700704242\" class=\"col medium-6 small-12 large-6\"  >\n\t\t\t\t<div class=\"col-inner\"  >\n\t\t\t\n\t\t\t\n\n\t<div class=\"img has-hover x md-x lg-x y md-y lg-y\" id=\"image_242265793\">\n\t\t\t\t\t\t\t\t<div class=\"img-inner image-cover dark\" style=\"padding-top:50%;\">\n\t\t\t<img loading=\"lazy\" decoding=\"async\" width=\"1500\" height=\"734\" src=\"https:\/\/www.polarmatic.com\/wp-content\/uploads\/2023\/03\/TURBOwarm_water_Unit-01-studio.jpg\" class=\"attachment-2048x2048 size-2048x2048\" alt=\"TURBOMATIC Warm Water Unit\" srcset=\"https:\/\/www.polarmatic.com\/wp-content\/uploads\/2023\/03\/TURBOwarm_water_Unit-01-studio.jpg 1500w, https:\/\/www.polarmatic.com\/wp-content\/uploads\/2023\/03\/TURBOwarm_water_Unit-01-studio-300x147.jpg 300w, https:\/\/www.polarmatic.com\/wp-content\/uploads\/2023\/03\/TURBOwarm_water_Unit-01-studio-1024x501.jpg 1024w, https:\/\/www.polarmatic.com\/wp-content\/uploads\/2023\/03\/TURBOwarm_water_Unit-01-studio-768x376.jpg 768w\" sizes=\"auto, (max-width: 1500px) 100vw, 1500px\" \/>\t\t\t\t\t\t\n\t\t\t\t\t<\/div>\n\t\t\t\t\t\t\t\t\n<style>\n#image_242265793 {\n  width: 80%;\n}\n<\/style>\n\t<\/div>\n\t\n\n\n\t\t<\/div>\n\t\t\t\t\t<\/div>\n\n\t\n\n\t<div id=\"col-1586946389\" class=\"col medium-6 small-12 large-6\"  >\n\t\t\t\t<div class=\"col-inner\"  >\n\t\t\t\n\t\t\t\n\n<h2><span lang=\"FR\">TURBOMATIC Unit\u00e9 d\u2019eau chaude<\/span><\/h2>\n<p><span lang=\"FR\">Solution de chauffage pour les applications o\u00f9 seuls la production et le stockage de l\u2019eau chaude sont pris en compte.<\/span><\/p>\n<a href=\"https:\/\/www.polarmatic.com\/fr\/solutions\/solutions-de-chauffage-turbomatic\/turbomatic-unite-deau-chaude\/\" class=\"button primary lowercase\" >\n\t\t<span>En savoir plus<\/span>\n\t<\/a>\n\n\n\n\t\t<\/div>\n\t\t\t\t\t<\/div>\n\n\t\n\n\n<style>\n#row-1531288228 > .col > .col-inner {\n  padding: 30px 0px 0px 0px;\n}\n<\/style>\n<\/div>\n<div class=\"is-divider divider clearfix\" style=\"max-width:100%;height:1px;\"><\/div>\n\n<div class=\"row align-middle\"  id=\"row-560243765\">\n\n\n\t<div id=\"col-1961702717\" class=\"col medium-6 small-12 large-6\"  >\n\t\t\t\t<div class=\"col-inner\"  >\n\t\t\t\n\t\t\t\n\n\t<div id=\"text-1564332100\" class=\"text\">\n\t\t\n\n<h2><span lang=\"FR\">Solution combin\u00e9e de chauffage et de refroidissement<\/span><\/h2>\n<p><span lang=\"FR\">Avec les unit\u00e9s Polarmatic Combi, la production de b\u00e9ton peut toujours \u00eatre ex\u00e9cut\u00e9e aux temp\u00e9ratures les plus id\u00e9ales, en particulier dans les zones o\u00f9 les hivers sont frais et les journ\u00e9es d&rsquo;\u00e9t\u00e9 chaudes.<\/span><\/p>\n\t\t\n<style>\n#text-1564332100 {\n  line-height: 1.5;\n}\n<\/style>\n\t<\/div>\n\t\n<a href=\"https:\/\/www.polarmatic.com\/fr\/solutions\/solutions-de-chauffage-turbomatic\/solution-combinee-de-chauffage-et-de-refroidissement\/\" class=\"button primary lowercase\" >\n\t\t<span>En savoir plus<\/span>\n\t<\/a>\n\n\n\n\t\t<\/div>\n\t\t\t\t\t<\/div>\n\n\t\n\n\t<div id=\"col-709978648\" class=\"col medium-6 small-12 large-6 small-col-first\"  >\n\t\t\t\t<div class=\"col-inner\"  >\n\t\t\t\n\t\t\t\n\n\t<div class=\"img has-hover x md-x lg-x y md-y lg-y\" id=\"image_1138659692\">\n\t\t\t\t\t\t\t\t<div class=\"img-inner image-cover dark\" style=\"padding-top:56.25%;\">\n\t\t\t<img loading=\"lazy\" decoding=\"async\" width=\"2048\" height=\"1381\" src=\"https:\/\/www.polarmatic.com\/wp-content\/uploads\/2023\/04\/CHILLER-Kontti-02-2048x1381.png\" class=\"attachment-2048x2048 size-2048x2048\" alt=\"Combined Heating and Cooling unit by Polarmatic\" srcset=\"https:\/\/www.polarmatic.com\/wp-content\/uploads\/2023\/04\/CHILLER-Kontti-02-2048x1381.png 2048w, https:\/\/www.polarmatic.com\/wp-content\/uploads\/2023\/04\/CHILLER-Kontti-02-300x202.png 300w, https:\/\/www.polarmatic.com\/wp-content\/uploads\/2023\/04\/CHILLER-Kontti-02-1024x691.png 1024w, https:\/\/www.polarmatic.com\/wp-content\/uploads\/2023\/04\/CHILLER-Kontti-02-768x518.png 768w, https:\/\/www.polarmatic.com\/wp-content\/uploads\/2023\/04\/CHILLER-Kontti-02-1536x1036.png 1536w\" sizes=\"auto, (max-width: 2048px) 100vw, 2048px\" \/>\t\t\t\t\t\t\n\t\t\t\t\t<\/div>\n\t\t\t\t\t\t\t\t\n<style>\n#image_1138659692 {\n  width: 80%;\n}\n<\/style>\n\t<\/div>\n\t\n\n\n\t\t<\/div>\n\t\t\t\t\t<\/div>\n\n\t\n\n\n<style>\n#row-560243765 > .col > .col-inner {\n  padding: 30px 0px 0px 0px;\n}\n<\/style>\n<\/div>\n<div class=\"is-divider divider clearfix\" style=\"max-width:100%;height:1px;\"><\/div>\n\n<div class=\"row align-middle\"  id=\"row-640954081\">\n\n\n\t<div id=\"col-266805036\" class=\"col medium-2 small-12 large-2\"  >\n\t\t\t\t<div class=\"col-inner\"  >\n\t\t\t\n\t\t\t\n\n\t<div class=\"img has-hover x md-x lg-x y md-y lg-y\" id=\"image_1116426037\">\n\t\t\t\t\t\t\t\t<div class=\"img-inner image-cover dark\" style=\"padding-top:100%;\">\n\t\t\t<img loading=\"lazy\" decoding=\"async\" width=\"200\" height=\"200\" src=\"https:\/\/www.polarmatic.com\/wp-content\/uploads\/2023\/04\/Download-icon.png\" class=\"attachment-2048x2048 size-2048x2048\" alt=\"\" srcset=\"https:\/\/www.polarmatic.com\/wp-content\/uploads\/2023\/04\/Download-icon.png 200w, https:\/\/www.polarmatic.com\/wp-content\/uploads\/2023\/04\/Download-icon-150x150.png 150w\" sizes=\"auto, (max-width: 200px) 100vw, 200px\" \/>\t\t\t\t\t\t\n\t\t\t\t\t<\/div>\n\t\t\t\t\t\t\t\t\n<style>\n#image_1116426037 {\n  width: 80%;\n}\n<\/style>\n\t<\/div>\n\t\n\n\n\t\t<\/div>\n\t\t\t\t\t<\/div>\n\n\t\n\n\t<div id=\"col-126341580\" class=\"col medium-6 small-12 large-6\"  >\n\t\t\t\t<div class=\"col-inner\"  >\n\t\t\t\n\t\t\t\n\n<h2>Brochure de produits TURBOMATIC<\/h2>\n<p>Cliquez sur le bouton ci-dessous pour recevoir la brochure du produit par e-mail.<\/p>\n<a href=\"https:\/\/www.polarmatic.com\/fr\/solutions\/solutions-de-chauffage-turbomatic\/brochure-turbomatic\/\" class=\"button primary lowercase\" >\n\t\t<span>Obtenir la brochure<\/span>\n\t<\/a>\n\n\n\n\t\t<\/div>\n\t\t\t\t\t<\/div>\n\n\t\n\n\n<style>\n#row-640954081 > .col > .col-inner {\n  padding: 60px 0px 0px 0px;\n}\n<\/style>\n<\/div>\n\n","protected":false},"excerpt":{"rendered":"","protected":false},"author":5,"featured_media":0,"parent":8861,"menu_order":1,"comment_status":"closed","ping_status":"closed","template":"","meta":{"_acf_changed":false,"footnotes":""},"class_list":["post-8867","page","type-page","status-publish","hentry"],"acf":[],"_links":{"self":[{"href":"https:\/\/www.polarmatic.com\/fr\/wp-json\/wp\/v2\/pages\/8867","targetHints":{"allow":["GET"]}}],"collection":[{"href":"https:\/\/www.polarmatic.com\/fr\/wp-json\/wp\/v2\/pages"}],"about":[{"href":"https:\/\/www.polarmatic.com\/fr\/wp-json\/wp\/v2\/types\/page"}],"author":[{"embeddable":true,"href":"https:\/\/www.polarmatic.com\/fr\/wp-json\/wp\/v2\/users\/5"}],"replies":[{"embeddable":true,"href":"https:\/\/www.polarmatic.com\/fr\/wp-json\/wp\/v2\/comments?post=8867"}],"version-history":[{"count":7,"href":"https:\/\/www.polarmatic.com\/fr\/wp-json\/wp\/v2\/pages\/8867\/revisions"}],"predecessor-version":[{"id":10445,"href":"https:\/\/www.polarmatic.com\/fr\/wp-json\/wp\/v2\/pages\/8867\/revisions\/10445"}],"up":[{"embeddable":true,"href":"https:\/\/www.polarmatic.com\/fr\/wp-json\/wp\/v2\/pages\/8861"}],"wp:attachment":[{"href":"https:\/\/www.polarmatic.com\/fr\/wp-json\/wp\/v2\/media?parent=8867"}],"curies":[{"name":"wp","href":"https:\/\/api.w.org\/{rel}","templated":true}]}}